{"id":24105,"date":"2020-04-27T21:49:59","date_gmt":"2021-08-02T20:25:06","guid":{"rendered":"https:\/\/www.versiegelung24.com\/produkt\/monument-stone-ko-es-beton-nagyteljesitmenyu-tomites"},"modified":"2025-03-20T09:53:54","modified_gmt":"2025-03-20T08:53:54","slug":"muemlek-ko-ko-es-beton-nagy-teljesitmenyu-tomites","status":"publish","type":"product","link":"https:\/\/www.versiegelung24.com\/hu\/muemlek-ko-ko-es-beton-nagyteljesitmenyu-toemites.html","title":{"rendered":"M\u0171eml\u00e9kk\u0151 &#8211; K\u0151 \u00e9s beton foly\u00e9kony \u00fcveg t\u00f6m\u00edt\u0151"},"content":{"rendered":"\n<p>A Monument Stone nagy teljes\u00edtm\u00e9ny\u0171 t\u00f6m\u00edt\u00e9s\u00fcnk hat\u00e9konyan \u00e9s tart\u00f3san v\u00e9di a kiv\u00e1l\u00f3 min\u0151s\u00e9g\u0171 beton k\u0151term\u00e9keket az \u00e1ltal\u00e1nos v\u00edz-, \u00e9lelmiszer- \u00e9s olajszennyez\u0151d\u00e9st\u0151l.<\/p>\n\n<hr \/>\n\n<h4 class=\"wp-block-heading\" id=\"properties\">A term\u00e9k jellemz\u0151i<\/h4>\n\n<div class=\"wp-block-columns is-layout-flex wp-container-core-columns-is-layout-9d6595d7 wp-block-columns-is-layout-flex\">\n<div class=\"wp-block-column is-layout-flow wp-block-column-is-layout-flow\">\n<p><strong>Nagy teljes\u00edtm\u00e9ny\u0171 t\u00f6m\u00edt\u00e9s k\u0151- \u00e9s betont\u00f6mb term\u00e9kekhez a v\u00edz, az \u00e9lelmiszer \u00e9s az olajok szennyez\u0151d\u00e9s\u00e9nek \u00e1ltal\u00e1nos hajlam\u00e1nak cs\u00f6kkent\u00e9se \u00e9rdek\u00e9ben<\/strong><\/p>\n\n\n\n<p>Cikksz\u00e1m: 3009-8637<\/p>\n\n\n\n<p>Kiv\u00e1l\u00f3 min\u0151s\u00e9g N\u00e9metorsz\u00e1gban k\u00e9sz\u00fclt<\/p>\n\n\n\n<p><strong>term\u00e9kbiztons\u00e1g<\/strong><\/p>\n\n\n\n<p>A term\u00e9k vesz\u00e9lyes anyagokr\u00f3l sz\u00f3l\u00f3 rendelet keret\u00e9ben t\u00f6rt\u00e9n\u0151 besorol\u00e1s\u00e1ra vonatkoz\u00f3 inform\u00e1ci\u00f3k, biztons\u00e1gi adatok, valamint toxikol\u00f3giai \u00e9s t\u00e1rol\u00e1si adatok a biztons\u00e1gi adatlapunkon tal\u00e1lhat\u00f3k.<\/p>\n\n\n\n<p><strong>t\u00e1rol\u00e1s<\/strong><\/p>\n\n\n\n<p>A kapcsol\u00f3d\u00f3 biztons\u00e1gi adatlapon (MSDS) szerepl\u0151 inform\u00e1ci\u00f3kat be kell tartani.<\/p>\n\n\n\n<p>A V24 m\u0171eml\u00e9kk\u00f6vet sz\u00e1raz, j\u00f3l szell\u0151z\u0151 \u00e9s h\u0171v\u00f6s (20\u00b0C) helyen kell t\u00e1rolni. Csak az eredeti, szorosan lez\u00e1rt tart\u00e1lyban t\u00e1roland\u00f3\/t\u00e1rolhat\u00f3. V\u00e9dje a k\u00f6zvetlen napf\u00e9nyt\u0151l. Megfelel\u0151 t\u00e1rol\u00e1s eset\u00e9n a minim\u00e1lis eltarthat\u00f3s\u00e1gi id\u0151 a gy\u00e1rt\u00e1st\u00f3l sz\u00e1m\u00edtott 12 h\u00f3nap.<\/p>\n\n\n\n<p>A hosszabb t\u00e1rol\u00e1si id\u0151 nem felt\u00e9tlen\u00fcl jelenti a term\u00e9k haszn\u00e1lhatatlans\u00e1g\u00e1t, azonban min\u0151s\u00e9gbiztos\u00edt\u00e1si szempontb\u00f3l ellen\u0151rizni kell a rendeltet\u00e9sszer\u0171 haszn\u00e1lathoz k\u00edv\u00e1nt tulajdons\u00e1gokat.<\/p>\n<\/div>\n\n\n\n<div class=\"wp-block-column is-layout-flow wp-block-column-is-layout-flow\">\n<p>\u2713 V\u00edzb\u00e1zis\u00fa, nagy teljes\u00edtm\u00e9ny\u0171 impregn\u00e1l\u00e1s<\/p>\n\n\n\n<p>\u2713 Ak\u00e1r 10 \u00e9vig is hat\u00e1sos (helyes alkalmaz\u00e1st felt\u00e9telezve)<\/p>\n\n\n\n<p>\u2713 K\u00fcl\u00f6n\u00f6sen alkalmas m\u0171eml\u00e9kek hossz\u00fa t\u00e1v\u00fa v\u00e9delm\u00e9re<\/p>\n\n\n\n<p>\u2713 er\u0151sen koncentr\u00e1lt<\/p>\n\n\n\n<p>\u2713 Hossz\u00fa t\u00e1v\u00fa v\u00e9delem az aljzat k\u00e9miai megk\u00f6t\u00e9s\u00e9vel<\/p>\n\n\n\n<p>\u2713 L\u00fag\u00e1ll\u00f3 10-11 pH-ig*<\/p>\n\n\n\n<p>\u2713 Tapad\u00e1smentes hat\u00e1s<\/p>\n\n\n\n<p>\u2713 Er\u0151sen olaj-, v\u00edz- \u00e9s szennyez\u0151d\u00e9stasz\u00edt\u00f3<\/p>\n\n\n\n<p>\u2713 L\u00fag\u00e1ll\u00f3<\/p>\n\n\n\n<p>\u2713 Cs\u00f6kkentett kivir\u00e1gz\u00e1s<\/p>\n\n\n\n<p>\u2713 A szennyez\u0151d\u00e9sek tapad\u00e1s\u00e1nak minimaliz\u00e1l\u00e1sa<\/p>\n\n\n\n<p>\u2713 Az alg\u00e1k \u00e9s a moha n\u00f6veked\u00e9s\u00e9nek cs\u00f6kkent\u00e9se<\/p>\n\n\n\n<p>\u2713 cs\u00f6kkenti az \u00fajraszennyez\u0151d\u00e9st<\/p>\n\n\n\n<p>\u2713 Nyitott a p\u00e1radiff\u00fazi\u00f3ra<\/p>\n\n\n\n<p>\u2713 gyorsan \u00e9s tapad\u00e1smentesen sz\u00e1rad<\/p>\n\n\n\n<p>\u2713 Magas UV-stabilit\u00e1s<\/p>\n\n\n\n<p>\u2713 Haszn\u00e1latra k\u00e9sz megold\u00e1s<\/p>\n\n\n\n<p>\u2713 l\u00e1thatatlan<\/p>\n<\/div>\n<\/div>\n\n<hr \/>\n\n<h4 class=\"wp-block-heading\" id=\"application\">Alkalmaz\u00e1s<\/h4>\n\n<div class=\"wp-block-columns is-layout-flex wp-container-core-columns-is-layout-9d6595d7 wp-block-columns-is-layout-flex\">\n<div class=\"wp-block-column is-layout-flow wp-block-column-is-layout-flow\">\n<ul class=\"wp-block-list\">\n<li><strong>A V24 Monument Stone &#8211; foly\u00e9kony<\/strong> \u00fcveg t\u00f6m\u00edt\u00e9st h\u00edg\u00edtatlanul hordjuk fel az el\u0151tiszt\u00edtott \u00e9s sz\u00e1r\u00edtott fel\u00fcletre, mivel csak \u00edgy biztos\u00edthat\u00f3 a t\u00f6m\u00edt\u00e9s m\u00e9ly behatol\u00e1sa, ami optim\u00e1lis hossz\u00fa t\u00e1v\u00fa \u00e9s m\u00e9ly hat\u00e1st eredm\u00e9nyez.<\/li>\n<\/ul>\n\n\n\n<ul class=\"wp-block-list\">\n<li>A t\u00f6m\u00edt\u00e9st egyenletesen \u00e9s v\u00e9konyan vigye fel az aljzatra, am\u00edg a fel\u00fclet matt nedvesnek nem t\u0171nik.<\/li>\n<\/ul>\n\n\n\n<ul class=\"wp-block-list\">\n<li>Felhord\u00e1sa ecsettel, habhengerrel, mikrosz\u00e1las kend\u0151vel vagy sz\u00f3r\u00e1ssal t\u00f6rt\u00e9nik.<\/li>\n<\/ul>\n\n\n\n<ul class=\"wp-block-list\">\n<li>A t\u00f3csak\u00e9pz\u0151d\u00e9st el kell ker\u00fclni. A felesleges v\u00edzszigetel\u0151 anyagot el kell t\u00e1vol\u00edtani az aljzatr\u00f3l.<\/li>\n<\/ul>\n<\/div>\n\n\n\n<div class=\"wp-block-column is-layout-flow wp-block-column-is-layout-flow\">\n<ul class=\"wp-block-list\">\n<li>A felhord\u00e1s ut\u00e1n a <strong>V24 eml\u00e9kk\u0151nek<\/strong> n\u00e9h\u00e1ny m\u00e1sodpercig foly\u00e9kony filmk\u00e9nt kell \u00e9rintkeznie a fel\u00fclettel.<\/li>\n<\/ul>\n\n\n\n<ul class=\"wp-block-list\">\n<li>A teljes funkcionalit\u00e1s 48 \u00f3ra szobah\u0151m\u00e9rs\u00e9kleten t\u00f6rt\u00e9n\u0151 sz\u00e1r\u00edt\u00e1s ut\u00e1n k\u00f6vetkezik be. A m\u00e9lysz\u00e1r\u00edt\u00e1s az aljzatt\u00f3l f\u00fcgg\u0151en is v\u00e1ltozhat.<\/li>\n<\/ul>\n\n\n\n<p>A p\u00e1ly\u00e1zat r\u00e9szletes le\u00edr\u00e1sa adatlapunkon tal\u00e1lhat\u00f3<\/p>\n\n\n\n<p>Nagyon hat\u00e9kony foly\u00e9kony \u00fcveg t\u00f6m\u00edt\u00e9s m\u0171eml\u00e9k &#8211; k\u0151 \u00e9s betont\u00f6mb term\u00e9kekhez.<\/p>\n\n\n\n<p>\u2713 Beton (cikkek)<\/p>\n\n\n\n<p>\u2713 K\u0151 (cikkek)<\/p>\n\n\n\n<p>\u2713 F\u00f6d\u00e9m- \u00e9s t\u00e9rk\u0151rendszerek<\/p>\n\n\n\n<p>\u2713 Eml\u00e9kk\u00f6vek<\/p>\n<\/div>\n<\/div>\n","protected":false},"excerpt":{"rendered":"<p><strong>Olaj-, v\u00edz- \u00e9s szennyez\u0151d\u00e9stasz\u00edt\u00f3 foly\u00e9kony \u00fcvegt\u00f6m\u00edt\u0151 k\u0151- \u00e9s betonfel\u00fcletekre<\/strong><\/p>\n<p>\u2713 Hossz\u00fa t\u00e1v\u00fa v\u00e9delem az aljzat k\u00e9miai megk\u00f6t\u00e9s\u00e9vel<\/p>\n<p>\u2713 Er\u0151sen olaj-, v\u00edz- \u00e9s szennyez\u0151d\u00e9stasz\u00edt\u00f3<\/p>\n<p>\u2713 Hossz\u00fa t\u00e1v\u00fa v\u00e9delem m\u0171eml\u00e9kk\u00f6v\u00f6n<\/p>\n<p>\u2713 Az alg\u00e1k \u00e9s a moha n\u00f6veked\u00e9s\u00e9nek cs\u00f6kkent\u00e9se<\/p>\n<p>\u2713 Tapad\u00e1smentes hat\u00e1s<\/p>\n","protected":false},"featured_media":18144,"template":"","meta":{"_acf_changed":false,"neve_meta_sidebar":"","neve_meta_container":"","neve_meta_enable_content_width":"","neve_meta_content_width":0,"neve_meta_title_alignment":"","neve_meta_author_avatar":"","neve_post_elements_order":"","neve_meta_disable_header":"","neve_meta_disable_footer":"","neve_meta_disable_title":"","neve_meta_reading_time":"","_surfaces":[],"_ver_product_tabs":[],"footnotes":""},"product_brand":[],"product_cat":[2326],"product_tag":[],"class_list":{"0":"post-24105","1":"product","2":"type-product","3":"status-publish","4":"has-post-thumbnail","6":"product_cat-ko-es-beton-toemites","8":"first","9":"onbackorder","10":"taxable","11":"shipping-taxable","12":"purchasable","13":"product-type-simple"},"acf":[],"yoast_head":"<!-- This site is optimized with the Yoast SEO Premium plugin v22.8 (Yoast SEO v27.5) - https:\/\/yoast.com\/product\/yoast-seo-premium-wordpress\/ -->\n<title>M\u0171eml\u00e9kk\u0151 - K\u0151 \u00e9s beton foly\u00e9kony \u00fcveg t\u00f6m\u00edt\u0151 - versiegelung24.com<\/title>\n<meta name=\"robots\" content=\"index, follow, max-snippet:-1, max-image-preview:large, max-video-preview:-1\" \/>\n<link rel=\"canonical\" href=\"https:\/\/www.versiegelung24.com\/hu\/muemlek-ko-ko-es-beton-nagyteljesitmenyu-toemites.html\" \/>\n<meta property=\"og:locale\" content=\"hu_HU\" \/>\n<meta property=\"og:type\" content=\"article\" \/>\n<meta property=\"og:title\" content=\"M\u0171eml\u00e9kk\u0151 - K\u0151 \u00e9s beton foly\u00e9kony \u00fcveg t\u00f6m\u00edt\u0151\" \/>\n<meta property=\"og:description\" content=\"Olaj-, v\u00edz- \u00e9s szennyez\u0151d\u00e9stasz\u00edt\u00f3 foly\u00e9kony \u00fcvegt\u00f6m\u00edt\u0151 k\u0151- \u00e9s betonfel\u00fcletekre \u2713 Hossz\u00fa t\u00e1v\u00fa v\u00e9delem az aljzat k\u00e9miai megk\u00f6t\u00e9s\u00e9vel \u2713 Er\u0151sen olaj-, v\u00edz- \u00e9s szennyez\u0151d\u00e9stasz\u00edt\u00f3 \u2713 Hossz\u00fa t\u00e1v\u00fa v\u00e9delem m\u0171eml\u00e9kk\u00f6v\u00f6n \u2713 Az alg\u00e1k \u00e9s a moha n\u00f6veked\u00e9s\u00e9nek cs\u00f6kkent\u00e9se \u2713 Tapad\u00e1smentes hat\u00e1s\" \/>\n<meta property=\"og:url\" content=\"https:\/\/www.versiegelung24.com\/hu\/muemlek-ko-ko-es-beton-nagyteljesitmenyu-toemites.html\" \/>\n<meta property=\"og:site_name\" content=\"versiegelung24.com\" \/>\n<meta property=\"article:modified_time\" content=\"2025-03-20T08:53:54+00:00\" \/>\n<meta property=\"og:image\" content=\"https:\/\/www.versiegelung24.com\/wp-content\/uploads\/2020\/06\/produkt-3009-7637-1000-Monument-Stone-scaled.jpg\" \/>\n\t<meta property=\"og:image:width\" content=\"2560\" \/>\n\t<meta property=\"og:image:height\" content=\"2560\" \/>\n\t<meta property=\"og:image:type\" content=\"image\/jpeg\" \/>\n<meta name=\"twitter:card\" content=\"summary_large_image\" \/>\n<meta name=\"twitter:label1\" content=\"\u00c1r\" \/>\n\t<meta name=\"twitter:data1\" content=\"89,99&euro;\" \/>\n\t<meta name=\"twitter:label2\" content=\"El\u00e9rhet\u0151s\u00e9g\" \/>\n\t<meta name=\"twitter:data2\" content=\"Beszerz\u00e9s alatt\" \/>\n<script type=\"application\/ld+json\" class=\"yoast-schema-graph\">{\"@context\":\"https:\\\/\\\/schema.org\",\"@graph\":[{\"@type\":\"WebPage\",\"@id\":\"https:\\\/\\\/www.versiegelung24.com\\\/hu\\\/muemlek-ko-ko-es-beton-nagyteljesitmenyu-toemites.html\",\"url\":\"https:\\\/\\\/www.versiegelung24.com\\\/hu\\\/muemlek-ko-ko-es-beton-nagyteljesitmenyu-toemites.html\",\"name\":\"M\u0171eml\u00e9kk\u0151 - K\u0151 \u00e9s beton foly\u00e9kony \u00fcveg t\u00f6m\u00edt\u0151 - versiegelung24.com\",\"isPartOf\":{\"@id\":\"https:\\\/\\\/www.versiegelung24.com\\\/hu\\\/#website\"},\"primaryImageOfPage\":{\"@id\":\"https:\\\/\\\/www.versiegelung24.com\\\/hu\\\/muemlek-ko-ko-es-beton-nagyteljesitmenyu-toemites.html#primaryimage\"},\"image\":{\"@id\":\"https:\\\/\\\/www.versiegelung24.com\\\/hu\\\/muemlek-ko-ko-es-beton-nagyteljesitmenyu-toemites.html#primaryimage\"},\"thumbnailUrl\":\"https:\\\/\\\/www.versiegelung24.com\\\/wp-content\\\/uploads\\\/2020\\\/06\\\/produkt-3009-7637-1000-Monument-Stone-scaled.jpg\",\"datePublished\":\"2021-08-02T20:25:06+00:00\",\"dateModified\":\"2025-03-20T08:53:54+00:00\",\"breadcrumb\":{\"@id\":\"https:\\\/\\\/www.versiegelung24.com\\\/hu\\\/muemlek-ko-ko-es-beton-nagyteljesitmenyu-toemites.html#breadcrumb\"},\"inLanguage\":\"hu\",\"potentialAction\":[{\"@type\":\"ReadAction\",\"target\":[\"https:\\\/\\\/www.versiegelung24.com\\\/hu\\\/muemlek-ko-ko-es-beton-nagyteljesitmenyu-toemites.html\"]}]},{\"@type\":\"ImageObject\",\"inLanguage\":\"hu\",\"@id\":\"https:\\\/\\\/www.versiegelung24.com\\\/hu\\\/muemlek-ko-ko-es-beton-nagyteljesitmenyu-toemites.html#primaryimage\",\"url\":\"https:\\\/\\\/www.versiegelung24.com\\\/wp-content\\\/uploads\\\/2020\\\/06\\\/produkt-3009-7637-1000-Monument-Stone-scaled.jpg\",\"contentUrl\":\"https:\\\/\\\/www.versiegelung24.com\\\/wp-content\\\/uploads\\\/2020\\\/06\\\/produkt-3009-7637-1000-Monument-Stone-scaled.jpg\",\"width\":2560,\"height\":2560},{\"@type\":\"BreadcrumbList\",\"@id\":\"https:\\\/\\\/www.versiegelung24.com\\\/hu\\\/muemlek-ko-ko-es-beton-nagyteljesitmenyu-toemites.html#breadcrumb\",\"itemListElement\":[{\"@type\":\"ListItem\",\"position\":1,\"name\":\"Honlap\",\"item\":\"https:\\\/\\\/www.versiegelung24.com\\\/hu\\\/elol\\\/\"},{\"@type\":\"ListItem\",\"position\":2,\"name\":\"\u00dczlet\",\"item\":\"https:\\\/\\\/www.versiegelung24.com\\\/hu\\\/uzlet\\\/\"},{\"@type\":\"ListItem\",\"position\":3,\"name\":\"M\u0171eml\u00e9kk\u0151 &#8211; K\u0151 \u00e9s beton foly\u00e9kony \u00fcveg t\u00f6m\u00edt\u0151\"}]},{\"@type\":\"WebSite\",\"@id\":\"https:\\\/\\\/www.versiegelung24.com\\\/hu\\\/#website\",\"url\":\"https:\\\/\\\/www.versiegelung24.com\\\/hu\\\/\",\"name\":\"versiegelung24.com\",\"description\":\"Fl\u00fcssigglas-Versiegelung - Made in Germany\",\"publisher\":{\"@id\":\"https:\\\/\\\/www.versiegelung24.com\\\/hu\\\/#organization\"},\"potentialAction\":[{\"@type\":\"SearchAction\",\"target\":{\"@type\":\"EntryPoint\",\"urlTemplate\":\"https:\\\/\\\/www.versiegelung24.com\\\/hu\\\/?s={search_term_string}\"},\"query-input\":{\"@type\":\"PropertyValueSpecification\",\"valueRequired\":true,\"valueName\":\"search_term_string\"}}],\"inLanguage\":\"hu\"},{\"@type\":\"Organization\",\"@id\":\"https:\\\/\\\/www.versiegelung24.com\\\/hu\\\/#organization\",\"name\":\"versiegelung24\",\"url\":\"https:\\\/\\\/www.versiegelung24.com\\\/hu\\\/\",\"logo\":{\"@type\":\"ImageObject\",\"inLanguage\":\"hu\",\"@id\":\"https:\\\/\\\/www.versiegelung24.com\\\/hu\\\/#\\\/schema\\\/logo\\\/image\\\/\",\"url\":\"https:\\\/\\\/www.versiegelung24.com\\\/wp-content\\\/uploads\\\/2020\\\/04\\\/versiegelung24.png\",\"contentUrl\":\"https:\\\/\\\/www.versiegelung24.com\\\/wp-content\\\/uploads\\\/2020\\\/04\\\/versiegelung24.png\",\"width\":470,\"height\":102,\"caption\":\"versiegelung24\"},\"image\":{\"@id\":\"https:\\\/\\\/www.versiegelung24.com\\\/hu\\\/#\\\/schema\\\/logo\\\/image\\\/\"}}]}<\/script>\n<meta property=\"product:price:amount\" content=\"89.99\" \/>\n<meta property=\"product:price:currency\" content=\"EUR\" \/>\n<meta property=\"og:availability\" content=\"backorder\" \/>\n<meta property=\"product:availability\" content=\"available for order\" \/>\n<meta property=\"product:retailer_item_id\" content=\"3009-8637-1\" \/>\n<meta property=\"product:condition\" content=\"new\" \/>\n<!-- \/ Yoast SEO Premium plugin. -->","yoast_head_json":{"title":"M\u0171eml\u00e9kk\u0151 - K\u0151 \u00e9s beton foly\u00e9kony \u00fcveg t\u00f6m\u00edt\u0151 - versiegelung24.com","robots":{"index":"index","follow":"follow","max-snippet":"max-snippet:-1","max-image-preview":"max-image-preview:large","max-video-preview":"max-video-preview:-1"},"canonical":"https:\/\/www.versiegelung24.com\/hu\/muemlek-ko-ko-es-beton-nagyteljesitmenyu-toemites.html","og_locale":"hu_HU","og_type":"article","og_title":"M\u0171eml\u00e9kk\u0151 - K\u0151 \u00e9s beton foly\u00e9kony \u00fcveg t\u00f6m\u00edt\u0151","og_description":"Olaj-, v\u00edz- \u00e9s szennyez\u0151d\u00e9stasz\u00edt\u00f3 foly\u00e9kony \u00fcvegt\u00f6m\u00edt\u0151 k\u0151- \u00e9s betonfel\u00fcletekre \u2713 Hossz\u00fa t\u00e1v\u00fa v\u00e9delem az aljzat k\u00e9miai megk\u00f6t\u00e9s\u00e9vel \u2713 Er\u0151sen olaj-, v\u00edz- \u00e9s szennyez\u0151d\u00e9stasz\u00edt\u00f3 \u2713 Hossz\u00fa t\u00e1v\u00fa v\u00e9delem m\u0171eml\u00e9kk\u00f6v\u00f6n \u2713 Az alg\u00e1k \u00e9s a moha n\u00f6veked\u00e9s\u00e9nek cs\u00f6kkent\u00e9se \u2713 Tapad\u00e1smentes hat\u00e1s","og_url":"https:\/\/www.versiegelung24.com\/hu\/muemlek-ko-ko-es-beton-nagyteljesitmenyu-toemites.html","og_site_name":"versiegelung24.com","article_modified_time":"2025-03-20T08:53:54+00:00","og_image":[{"width":2560,"height":2560,"url":"https:\/\/www.versiegelung24.com\/wp-content\/uploads\/2020\/06\/produkt-3009-7637-1000-Monument-Stone-scaled.jpg","type":"image\/jpeg"}],"twitter_card":"summary_large_image","twitter_misc":{"\u00c1r":"89,99&euro;","El\u00e9rhet\u0151s\u00e9g":"Beszerz\u00e9s alatt"},"schema":{"@context":"https:\/\/schema.org","@graph":[{"@type":"WebPage","@id":"https:\/\/www.versiegelung24.com\/hu\/muemlek-ko-ko-es-beton-nagyteljesitmenyu-toemites.html","url":"https:\/\/www.versiegelung24.com\/hu\/muemlek-ko-ko-es-beton-nagyteljesitmenyu-toemites.html","name":"M\u0171eml\u00e9kk\u0151 - K\u0151 \u00e9s beton foly\u00e9kony \u00fcveg t\u00f6m\u00edt\u0151 - versiegelung24.com","isPartOf":{"@id":"https:\/\/www.versiegelung24.com\/hu\/#website"},"primaryImageOfPage":{"@id":"https:\/\/www.versiegelung24.com\/hu\/muemlek-ko-ko-es-beton-nagyteljesitmenyu-toemites.html#primaryimage"},"image":{"@id":"https:\/\/www.versiegelung24.com\/hu\/muemlek-ko-ko-es-beton-nagyteljesitmenyu-toemites.html#primaryimage"},"thumbnailUrl":"https:\/\/www.versiegelung24.com\/wp-content\/uploads\/2020\/06\/produkt-3009-7637-1000-Monument-Stone-scaled.jpg","datePublished":"2021-08-02T20:25:06+00:00","dateModified":"2025-03-20T08:53:54+00:00","breadcrumb":{"@id":"https:\/\/www.versiegelung24.com\/hu\/muemlek-ko-ko-es-beton-nagyteljesitmenyu-toemites.html#breadcrumb"},"inLanguage":"hu","potentialAction":[{"@type":"ReadAction","target":["https:\/\/www.versiegelung24.com\/hu\/muemlek-ko-ko-es-beton-nagyteljesitmenyu-toemites.html"]}]},{"@type":"ImageObject","inLanguage":"hu","@id":"https:\/\/www.versiegelung24.com\/hu\/muemlek-ko-ko-es-beton-nagyteljesitmenyu-toemites.html#primaryimage","url":"https:\/\/www.versiegelung24.com\/wp-content\/uploads\/2020\/06\/produkt-3009-7637-1000-Monument-Stone-scaled.jpg","contentUrl":"https:\/\/www.versiegelung24.com\/wp-content\/uploads\/2020\/06\/produkt-3009-7637-1000-Monument-Stone-scaled.jpg","width":2560,"height":2560},{"@type":"BreadcrumbList","@id":"https:\/\/www.versiegelung24.com\/hu\/muemlek-ko-ko-es-beton-nagyteljesitmenyu-toemites.html#breadcrumb","itemListElement":[{"@type":"ListItem","position":1,"name":"Honlap","item":"https:\/\/www.versiegelung24.com\/hu\/elol\/"},{"@type":"ListItem","position":2,"name":"\u00dczlet","item":"https:\/\/www.versiegelung24.com\/hu\/uzlet\/"},{"@type":"ListItem","position":3,"name":"M\u0171eml\u00e9kk\u0151 &#8211; K\u0151 \u00e9s beton foly\u00e9kony \u00fcveg t\u00f6m\u00edt\u0151"}]},{"@type":"WebSite","@id":"https:\/\/www.versiegelung24.com\/hu\/#website","url":"https:\/\/www.versiegelung24.com\/hu\/","name":"versiegelung24.com","description":"Fl\u00fcssigglas-Versiegelung - Made in Germany","publisher":{"@id":"https:\/\/www.versiegelung24.com\/hu\/#organization"},"potentialAction":[{"@type":"SearchAction","target":{"@type":"EntryPoint","urlTemplate":"https:\/\/www.versiegelung24.com\/hu\/?s={search_term_string}"},"query-input":{"@type":"PropertyValueSpecification","valueRequired":true,"valueName":"search_term_string"}}],"inLanguage":"hu"},{"@type":"Organization","@id":"https:\/\/www.versiegelung24.com\/hu\/#organization","name":"versiegelung24","url":"https:\/\/www.versiegelung24.com\/hu\/","logo":{"@type":"ImageObject","inLanguage":"hu","@id":"https:\/\/www.versiegelung24.com\/hu\/#\/schema\/logo\/image\/","url":"https:\/\/www.versiegelung24.com\/wp-content\/uploads\/2020\/04\/versiegelung24.png","contentUrl":"https:\/\/www.versiegelung24.com\/wp-content\/uploads\/2020\/04\/versiegelung24.png","width":470,"height":102,"caption":"versiegelung24"},"image":{"@id":"https:\/\/www.versiegelung24.com\/hu\/#\/schema\/logo\/image\/"}}]},"product_price_amount":"89.99","product_price_currency":"EUR","og_availability":"backorder","product_availability":"available for order","product_retailer_item_id":"3009-8637-1","product_condition":"new"},"_links":{"self":[{"href":"https:\/\/www.versiegelung24.com\/hu\/wp-json\/wp\/v2\/product\/24105","targetHints":{"allow":["GET"]}}],"collection":[{"href":"https:\/\/www.versiegelung24.com\/hu\/wp-json\/wp\/v2\/product"}],"about":[{"href":"https:\/\/www.versiegelung24.com\/hu\/wp-json\/wp\/v2\/types\/product"}],"version-history":[{"count":26,"href":"https:\/\/www.versiegelung24.com\/hu\/wp-json\/wp\/v2\/product\/24105\/revisions"}],"predecessor-version":[{"id":181042,"href":"https:\/\/www.versiegelung24.com\/hu\/wp-json\/wp\/v2\/product\/24105\/revisions\/181042"}],"wp:featuredmedia":[{"embeddable":true,"href":"https:\/\/www.versiegelung24.com\/hu\/wp-json\/wp\/v2\/media\/18144"}],"wp:attachment":[{"href":"https:\/\/www.versiegelung24.com\/hu\/wp-json\/wp\/v2\/media?parent=24105"}],"wp:term":[{"taxonomy":"product_brand","embeddable":true,"href":"https:\/\/www.versiegelung24.com\/hu\/wp-json\/wp\/v2\/product_brand?post=24105"},{"taxonomy":"product_cat","embeddable":true,"href":"https:\/\/www.versiegelung24.com\/hu\/wp-json\/wp\/v2\/product_cat?post=24105"},{"taxonomy":"product_tag","embeddable":true,"href":"https:\/\/www.versiegelung24.com\/hu\/wp-json\/wp\/v2\/product_tag?post=24105"}],"curies":[{"name":"wp","href":"https:\/\/api.w.org\/{rel}","templated":true}]}}