{"id":24175,"date":"2020-04-04T18:53:46","date_gmt":"2021-08-02T20:30:52","guid":{"rendered":"https:\/\/www.versiegelung24.com\/produkt\/liquid-glass-cell-phone-sealing-folyekony-kepernyovedo"},"modified":"2025-01-06T15:11:00","modified_gmt":"2025-01-06T14:11:00","slug":"folyadek-uveg-mobiltelefon-lezaro-folyadek-kepernyo-vedelem","status":"publish","type":"product","link":"https:\/\/www.versiegelung24.com\/hu\/folyadek-ueveg-mobiltelefon-lezaro-folyadek-kepernyo-vedelem.html","title":{"rendered":"Liquid Glass Cell Phone Sealing &#8211; foly\u00e9kony k\u00e9perny\u0151v\u00e9d\u0151"},"content":{"rendered":"\n<p><strong>Nagyon hat\u00e9kony foly\u00e9kony \u00fcvegbevonat mobiltelefonok kijelz\u0151ihez &#8211; nano -v\u00e9delem a karcol\u00e1sok, bakt\u00e9riumok, sug\u00e1rz\u00e1s, szennyez\u0151d\u00e9s \u00e9s nedvess\u00e9g ellen<\/strong><\/p>\n\n<p>Kiv\u00e1l\u00f3 min\u0151s\u00e9g &#8211; N\u00e9metorsz\u00e1gban gy\u00e1rtva<\/p>\n\n<hr\/>\n\n<h4 class=\"wp-block-heading\" id=\"properties\">A term\u00e9k jellemz\u0151i<\/h4>\n\n<div class=\"wp-block-columns is-layout-flex wp-container-core-columns-is-layout-9d6595d7 wp-block-columns-is-layout-flex\">\n<div class=\"wp-block-column is-layout-flow wp-block-column-is-layout-flow\">\n<ul class=\"wp-block-list\"><li>Nagyon k\u00f6nnyen alkalmazhat\u00f3<\/li><li>Alkalmas minden mobiltelefon -modellhez, t\u00e1blag\u00e9phez, okostelefonhoz. Bele\u00e9rtve az &#8220;Edge&#8221; -t<\/li><li>Teljesen bubor\u00e9kmentes \u00e9s l\u00e1thatatlan<\/li><li>Karcol\u00e1sv\u00e9delem a mikrokarcok ellen<\/li><li>Teljesen bubor\u00e9kmentes \u00e9s l\u00e1thatatlan<\/li><li>G\u00e1tolja a bakt\u00e9riumok szaporod\u00e1s\u00e1t<\/li><\/ul>\n<\/div>\n\n\n\n<div class=\"wp-block-column is-layout-flow wp-block-column-is-layout-flow\">\n<ul class=\"wp-block-list\" id=\"block-f0da57e8-d3f5-402c-8f3a-1888e700b7ff\"><li>Cs\u00f6kkenti az ujjlenyomatokat<\/li><li>Cs\u00f6kkenti a gammasug\u00e1rz\u00e1st<\/li><li>A fel\u00fclet nagyon k\u00f6nnyen tiszt\u00edthat\u00f3<\/li><li>A Touch &amp; Button funkci\u00f3k nem s\u00e9r\u00fclnek, a g\u00f6rget\u00e9s kellemesebb\u00e9 v\u00e1lik<\/li><li>Sok h\u00f3napig t\u00e1rolhat\u00f3<\/li><\/ul>\n<\/div>\n<\/div>\n\n<p>Sz\u00e1ll\u00edt\u00e1si terjedelem:<\/p>\n\n<p>2 alkoholos el\u0151tiszt\u00edt\u00f3 kend\u0151 \u00e9s 2 foly\u00e9kony \u00fcvegz\u00e1r\u00f3 kend\u0151 \u00e9rint\u0151k\u00e9perny\u0151kh\u00f6z (\u00fcveg \u00e9s m\u0171anyag, egyenk\u00e9nt kb. 0,5 m\u00b2) 1 mikrosz\u00e1las kend\u0151, 2 v\u00e9d\u0151keszty\u0171<\/p>\n","protected":false},"excerpt":{"rendered":"<p><strong>2 k\u00e9sz\u00fcl\u00e9khez elegend\u0151:<\/strong><\/p>\n<p>\u2713 Foly\u00e9kony \u00fcveg mobiltelefon lez\u00e1r\u00f3 k\u00e9perny\u0151v\u00e9d\u0151 f\u00f3lia<\/p>\n<p>\u2713 Nano bevonat<\/p>\n<p>\u2713 100%-ban bubor\u00e9kmentes.<\/p>\n","protected":false},"featured_media":13236,"template":"","meta":{"_acf_changed":false,"neve_meta_sidebar":"","neve_meta_container":"","neve_meta_enable_content_width":"","neve_meta_content_width":0,"neve_meta_title_alignment":"","neve_meta_author_avatar":"","neve_post_elements_order":"","neve_meta_disable_header":"","neve_meta_disable_footer":"","neve_meta_disable_title":"","neve_meta_reading_time":"","_surfaces":[],"_ver_product_tabs":[],"footnotes":""},"product_brand":[],"product_cat":[2322,2324],"product_tag":[],"class_list":{"0":"post-24175","1":"product","2":"type-product","3":"status-publish","4":"has-post-thumbnail","6":"product_cat-toemites-ueveghez-es-keramiahoz","7":"product_cat-fem-es-muanyag-toemites","9":"first","10":"instock","11":"taxable","12":"shipping-taxable","13":"purchasable","14":"product-type-simple"},"acf":[],"yoast_head":"<!-- This site is optimized with the Yoast SEO Premium plugin v22.8 (Yoast SEO v27.5) - https:\/\/yoast.com\/product\/yoast-seo-premium-wordpress\/ -->\n<title>Liquid Glass Cell Phone Sealing - foly\u00e9kony k\u00e9perny\u0151v\u00e9d\u0151 - versiegelung24.com<\/title>\n<meta name=\"robots\" content=\"index, follow, max-snippet:-1, max-image-preview:large, max-video-preview:-1\" \/>\n<link rel=\"canonical\" href=\"https:\/\/www.versiegelung24.com\/hu\/folyadek-ueveg-mobiltelefon-lezaro-folyadek-kepernyo-vedelem.html\" \/>\n<meta property=\"og:locale\" content=\"hu_HU\" \/>\n<meta property=\"og:type\" content=\"article\" \/>\n<meta property=\"og:title\" content=\"Liquid Glass Cell Phone Sealing - foly\u00e9kony k\u00e9perny\u0151v\u00e9d\u0151\" \/>\n<meta property=\"og:description\" content=\"2 k\u00e9sz\u00fcl\u00e9khez elegend\u0151: \u2713 Foly\u00e9kony \u00fcveg mobiltelefon lez\u00e1r\u00f3 k\u00e9perny\u0151v\u00e9d\u0151 f\u00f3lia \u2713 Nano bevonat \u2713 100%-ban bubor\u00e9kmentes.\" \/>\n<meta property=\"og:url\" content=\"https:\/\/www.versiegelung24.com\/hu\/folyadek-ueveg-mobiltelefon-lezaro-folyadek-kepernyo-vedelem.html\" \/>\n<meta property=\"og:site_name\" content=\"versiegelung24.com\" \/>\n<meta property=\"article:modified_time\" content=\"2025-01-06T14:11:00+00:00\" \/>\n<meta property=\"og:image\" content=\"https:\/\/www.versiegelung24.com\/wp-content\/uploads\/2020\/04\/handy-versiegelung-web.jpg\" \/>\n\t<meta property=\"og:image:width\" content=\"1500\" \/>\n\t<meta property=\"og:image:height\" content=\"1500\" \/>\n\t<meta property=\"og:image:type\" content=\"image\/jpeg\" \/>\n<meta name=\"twitter:card\" content=\"summary_large_image\" \/>\n<meta name=\"twitter:label1\" content=\"\u00c1r\" \/>\n\t<meta name=\"twitter:data1\" content=\"9,99&euro;\" \/>\n\t<meta name=\"twitter:label2\" content=\"El\u00e9rhet\u0151s\u00e9g\" \/>\n\t<meta name=\"twitter:data2\" content=\"K\u00e9szleten\" \/>\n<script type=\"application\/ld+json\" class=\"yoast-schema-graph\">{\"@context\":\"https:\\\/\\\/schema.org\",\"@graph\":[{\"@type\":\"WebPage\",\"@id\":\"https:\\\/\\\/www.versiegelung24.com\\\/hu\\\/folyadek-ueveg-mobiltelefon-lezaro-folyadek-kepernyo-vedelem.html\",\"url\":\"https:\\\/\\\/www.versiegelung24.com\\\/hu\\\/folyadek-ueveg-mobiltelefon-lezaro-folyadek-kepernyo-vedelem.html\",\"name\":\"Liquid Glass Cell Phone Sealing - foly\u00e9kony k\u00e9perny\u0151v\u00e9d\u0151 - versiegelung24.com\",\"isPartOf\":{\"@id\":\"https:\\\/\\\/www.versiegelung24.com\\\/hu\\\/#website\"},\"primaryImageOfPage\":{\"@id\":\"https:\\\/\\\/www.versiegelung24.com\\\/hu\\\/folyadek-ueveg-mobiltelefon-lezaro-folyadek-kepernyo-vedelem.html#primaryimage\"},\"image\":{\"@id\":\"https:\\\/\\\/www.versiegelung24.com\\\/hu\\\/folyadek-ueveg-mobiltelefon-lezaro-folyadek-kepernyo-vedelem.html#primaryimage\"},\"thumbnailUrl\":\"https:\\\/\\\/www.versiegelung24.com\\\/wp-content\\\/uploads\\\/2020\\\/04\\\/handy-versiegelung-web.jpg\",\"datePublished\":\"2021-08-02T20:30:52+00:00\",\"dateModified\":\"2025-01-06T14:11:00+00:00\",\"breadcrumb\":{\"@id\":\"https:\\\/\\\/www.versiegelung24.com\\\/hu\\\/folyadek-ueveg-mobiltelefon-lezaro-folyadek-kepernyo-vedelem.html#breadcrumb\"},\"inLanguage\":\"hu\",\"potentialAction\":[{\"@type\":\"ReadAction\",\"target\":[\"https:\\\/\\\/www.versiegelung24.com\\\/hu\\\/folyadek-ueveg-mobiltelefon-lezaro-folyadek-kepernyo-vedelem.html\"]}]},{\"@type\":\"ImageObject\",\"inLanguage\":\"hu\",\"@id\":\"https:\\\/\\\/www.versiegelung24.com\\\/hu\\\/folyadek-ueveg-mobiltelefon-lezaro-folyadek-kepernyo-vedelem.html#primaryimage\",\"url\":\"https:\\\/\\\/www.versiegelung24.com\\\/wp-content\\\/uploads\\\/2020\\\/04\\\/handy-versiegelung-web.jpg\",\"contentUrl\":\"https:\\\/\\\/www.versiegelung24.com\\\/wp-content\\\/uploads\\\/2020\\\/04\\\/handy-versiegelung-web.jpg\",\"width\":1500,\"height\":1500},{\"@type\":\"BreadcrumbList\",\"@id\":\"https:\\\/\\\/www.versiegelung24.com\\\/hu\\\/folyadek-ueveg-mobiltelefon-lezaro-folyadek-kepernyo-vedelem.html#breadcrumb\",\"itemListElement\":[{\"@type\":\"ListItem\",\"position\":1,\"name\":\"Honlap\",\"item\":\"https:\\\/\\\/www.versiegelung24.com\\\/hu\\\/elol\\\/\"},{\"@type\":\"ListItem\",\"position\":2,\"name\":\"\u00dczlet\",\"item\":\"https:\\\/\\\/www.versiegelung24.com\\\/hu\\\/uzlet\\\/\"},{\"@type\":\"ListItem\",\"position\":3,\"name\":\"Liquid Glass Cell Phone Sealing &#8211; foly\u00e9kony k\u00e9perny\u0151v\u00e9d\u0151\"}]},{\"@type\":\"WebSite\",\"@id\":\"https:\\\/\\\/www.versiegelung24.com\\\/hu\\\/#website\",\"url\":\"https:\\\/\\\/www.versiegelung24.com\\\/hu\\\/\",\"name\":\"versiegelung24.com\",\"description\":\"Fl\u00fcssigglas-Versiegelung - Made in Germany\",\"publisher\":{\"@id\":\"https:\\\/\\\/www.versiegelung24.com\\\/hu\\\/#organization\"},\"potentialAction\":[{\"@type\":\"SearchAction\",\"target\":{\"@type\":\"EntryPoint\",\"urlTemplate\":\"https:\\\/\\\/www.versiegelung24.com\\\/hu\\\/?s={search_term_string}\"},\"query-input\":{\"@type\":\"PropertyValueSpecification\",\"valueRequired\":true,\"valueName\":\"search_term_string\"}}],\"inLanguage\":\"hu\"},{\"@type\":\"Organization\",\"@id\":\"https:\\\/\\\/www.versiegelung24.com\\\/hu\\\/#organization\",\"name\":\"versiegelung24\",\"url\":\"https:\\\/\\\/www.versiegelung24.com\\\/hu\\\/\",\"logo\":{\"@type\":\"ImageObject\",\"inLanguage\":\"hu\",\"@id\":\"https:\\\/\\\/www.versiegelung24.com\\\/hu\\\/#\\\/schema\\\/logo\\\/image\\\/\",\"url\":\"https:\\\/\\\/www.versiegelung24.com\\\/wp-content\\\/uploads\\\/2020\\\/04\\\/versiegelung24.png\",\"contentUrl\":\"https:\\\/\\\/www.versiegelung24.com\\\/wp-content\\\/uploads\\\/2020\\\/04\\\/versiegelung24.png\",\"width\":470,\"height\":102,\"caption\":\"versiegelung24\"},\"image\":{\"@id\":\"https:\\\/\\\/www.versiegelung24.com\\\/hu\\\/#\\\/schema\\\/logo\\\/image\\\/\"}}]}<\/script>\n<meta property=\"product:price:amount\" content=\"9.99\" \/>\n<meta property=\"product:price:currency\" content=\"EUR\" \/>\n<meta property=\"og:availability\" content=\"instock\" \/>\n<meta property=\"product:availability\" content=\"instock\" \/>\n<meta property=\"product:retailer_item_id\" content=\"4008-901\" \/>\n<meta property=\"product:condition\" content=\"new\" \/>\n<!-- \/ Yoast SEO Premium plugin. -->","yoast_head_json":{"title":"Liquid Glass Cell Phone Sealing - foly\u00e9kony k\u00e9perny\u0151v\u00e9d\u0151 - versiegelung24.com","robots":{"index":"index","follow":"follow","max-snippet":"max-snippet:-1","max-image-preview":"max-image-preview:large","max-video-preview":"max-video-preview:-1"},"canonical":"https:\/\/www.versiegelung24.com\/hu\/folyadek-ueveg-mobiltelefon-lezaro-folyadek-kepernyo-vedelem.html","og_locale":"hu_HU","og_type":"article","og_title":"Liquid Glass Cell Phone Sealing - foly\u00e9kony k\u00e9perny\u0151v\u00e9d\u0151","og_description":"2 k\u00e9sz\u00fcl\u00e9khez elegend\u0151: \u2713 Foly\u00e9kony \u00fcveg mobiltelefon lez\u00e1r\u00f3 k\u00e9perny\u0151v\u00e9d\u0151 f\u00f3lia \u2713 Nano bevonat \u2713 100%-ban bubor\u00e9kmentes.","og_url":"https:\/\/www.versiegelung24.com\/hu\/folyadek-ueveg-mobiltelefon-lezaro-folyadek-kepernyo-vedelem.html","og_site_name":"versiegelung24.com","article_modified_time":"2025-01-06T14:11:00+00:00","og_image":[{"width":1500,"height":1500,"url":"https:\/\/www.versiegelung24.com\/wp-content\/uploads\/2020\/04\/handy-versiegelung-web.jpg","type":"image\/jpeg"}],"twitter_card":"summary_large_image","twitter_misc":{"\u00c1r":"9,99&euro;","El\u00e9rhet\u0151s\u00e9g":"K\u00e9szleten"},"schema":{"@context":"https:\/\/schema.org","@graph":[{"@type":"WebPage","@id":"https:\/\/www.versiegelung24.com\/hu\/folyadek-ueveg-mobiltelefon-lezaro-folyadek-kepernyo-vedelem.html","url":"https:\/\/www.versiegelung24.com\/hu\/folyadek-ueveg-mobiltelefon-lezaro-folyadek-kepernyo-vedelem.html","name":"Liquid Glass Cell Phone Sealing - foly\u00e9kony k\u00e9perny\u0151v\u00e9d\u0151 - versiegelung24.com","isPartOf":{"@id":"https:\/\/www.versiegelung24.com\/hu\/#website"},"primaryImageOfPage":{"@id":"https:\/\/www.versiegelung24.com\/hu\/folyadek-ueveg-mobiltelefon-lezaro-folyadek-kepernyo-vedelem.html#primaryimage"},"image":{"@id":"https:\/\/www.versiegelung24.com\/hu\/folyadek-ueveg-mobiltelefon-lezaro-folyadek-kepernyo-vedelem.html#primaryimage"},"thumbnailUrl":"https:\/\/www.versiegelung24.com\/wp-content\/uploads\/2020\/04\/handy-versiegelung-web.jpg","datePublished":"2021-08-02T20:30:52+00:00","dateModified":"2025-01-06T14:11:00+00:00","breadcrumb":{"@id":"https:\/\/www.versiegelung24.com\/hu\/folyadek-ueveg-mobiltelefon-lezaro-folyadek-kepernyo-vedelem.html#breadcrumb"},"inLanguage":"hu","potentialAction":[{"@type":"ReadAction","target":["https:\/\/www.versiegelung24.com\/hu\/folyadek-ueveg-mobiltelefon-lezaro-folyadek-kepernyo-vedelem.html"]}]},{"@type":"ImageObject","inLanguage":"hu","@id":"https:\/\/www.versiegelung24.com\/hu\/folyadek-ueveg-mobiltelefon-lezaro-folyadek-kepernyo-vedelem.html#primaryimage","url":"https:\/\/www.versiegelung24.com\/wp-content\/uploads\/2020\/04\/handy-versiegelung-web.jpg","contentUrl":"https:\/\/www.versiegelung24.com\/wp-content\/uploads\/2020\/04\/handy-versiegelung-web.jpg","width":1500,"height":1500},{"@type":"BreadcrumbList","@id":"https:\/\/www.versiegelung24.com\/hu\/folyadek-ueveg-mobiltelefon-lezaro-folyadek-kepernyo-vedelem.html#breadcrumb","itemListElement":[{"@type":"ListItem","position":1,"name":"Honlap","item":"https:\/\/www.versiegelung24.com\/hu\/elol\/"},{"@type":"ListItem","position":2,"name":"\u00dczlet","item":"https:\/\/www.versiegelung24.com\/hu\/uzlet\/"},{"@type":"ListItem","position":3,"name":"Liquid Glass Cell Phone Sealing &#8211; foly\u00e9kony k\u00e9perny\u0151v\u00e9d\u0151"}]},{"@type":"WebSite","@id":"https:\/\/www.versiegelung24.com\/hu\/#website","url":"https:\/\/www.versiegelung24.com\/hu\/","name":"versiegelung24.com","description":"Fl\u00fcssigglas-Versiegelung - Made in Germany","publisher":{"@id":"https:\/\/www.versiegelung24.com\/hu\/#organization"},"potentialAction":[{"@type":"SearchAction","target":{"@type":"EntryPoint","urlTemplate":"https:\/\/www.versiegelung24.com\/hu\/?s={search_term_string}"},"query-input":{"@type":"PropertyValueSpecification","valueRequired":true,"valueName":"search_term_string"}}],"inLanguage":"hu"},{"@type":"Organization","@id":"https:\/\/www.versiegelung24.com\/hu\/#organization","name":"versiegelung24","url":"https:\/\/www.versiegelung24.com\/hu\/","logo":{"@type":"ImageObject","inLanguage":"hu","@id":"https:\/\/www.versiegelung24.com\/hu\/#\/schema\/logo\/image\/","url":"https:\/\/www.versiegelung24.com\/wp-content\/uploads\/2020\/04\/versiegelung24.png","contentUrl":"https:\/\/www.versiegelung24.com\/wp-content\/uploads\/2020\/04\/versiegelung24.png","width":470,"height":102,"caption":"versiegelung24"},"image":{"@id":"https:\/\/www.versiegelung24.com\/hu\/#\/schema\/logo\/image\/"}}]},"product_price_amount":"9.99","product_price_currency":"EUR","og_availability":"instock","product_availability":"instock","product_retailer_item_id":"4008-901","product_condition":"new"},"_links":{"self":[{"href":"https:\/\/www.versiegelung24.com\/hu\/wp-json\/wp\/v2\/product\/24175","targetHints":{"allow":["GET"]}}],"collection":[{"href":"https:\/\/www.versiegelung24.com\/hu\/wp-json\/wp\/v2\/product"}],"about":[{"href":"https:\/\/www.versiegelung24.com\/hu\/wp-json\/wp\/v2\/types\/product"}],"version-history":[{"count":9,"href":"https:\/\/www.versiegelung24.com\/hu\/wp-json\/wp\/v2\/product\/24175\/revisions"}],"predecessor-version":[{"id":180177,"href":"https:\/\/www.versiegelung24.com\/hu\/wp-json\/wp\/v2\/product\/24175\/revisions\/180177"}],"wp:featuredmedia":[{"embeddable":true,"href":"https:\/\/www.versiegelung24.com\/hu\/wp-json\/wp\/v2\/media\/13236"}],"wp:attachment":[{"href":"https:\/\/www.versiegelung24.com\/hu\/wp-json\/wp\/v2\/media?parent=24175"}],"wp:term":[{"taxonomy":"product_brand","embeddable":true,"href":"https:\/\/www.versiegelung24.com\/hu\/wp-json\/wp\/v2\/product_brand?post=24175"},{"taxonomy":"product_cat","embeddable":true,"href":"https:\/\/www.versiegelung24.com\/hu\/wp-json\/wp\/v2\/product_cat?post=24175"},{"taxonomy":"product_tag","embeddable":true,"href":"https:\/\/www.versiegelung24.com\/hu\/wp-json\/wp\/v2\/product_tag?post=24175"}],"curies":[{"name":"wp","href":"https:\/\/api.w.org\/{rel}","templated":true}]}}