{"id":24207,"date":"2020-06-24T11:29:36","date_gmt":"2020-06-24T09:29:36","guid":{"rendered":"https:\/\/www.versiegelung24.com\/produkt\/minta-homokko-tomites"},"modified":"2025-01-04T00:29:38","modified_gmt":"2025-01-03T23:29:38","slug":"mintas-homokko-tomites","status":"publish","type":"product","link":"https:\/\/www.versiegelung24.com\/hu\/mintas-homokko-toemites.html","title":{"rendered":"Minta: Homokk\u0151 t\u00f6m\u00edt\u00e9s -3007-7620"},"content":{"rendered":"<p>Minta a mi\u00e9nk<a href=\"https:\/\/www.versiegelung24.com\/hu\/homokko-toemites-professzionalis-minosegben.html\"> Homokk\u0151 t\u00f6m\u00edt\u00e9s<\/a> kisebb ter\u00fcletek tesztel\u00e9s\u00e9re vagy t\u00f6m\u00edt\u00e9s\u00e9re.<\/p>\n","protected":false},"excerpt":{"rendered":"<p><strong>Nagyon hat\u00e9kony homokk\u0151 t\u00f6m\u00edt\u00e9s belt\u00e9ri \u00e9s k\u00fclt\u00e9ri haszn\u00e1latra:<\/strong><\/p>\n<p>\u2713 Alkalmas minden \u00e1sv\u00e1nyi nedvsz\u00edv\u00f3 homokk\u0151 fel\u00fcletre<\/p>\n<p>\u2713 K\u00f6nnyen tiszt\u00edthat\u00f3 hat\u00e1s: a szennyez\u0151d\u00e9s nem tapad, \u00e9s k\u00f6nnyen elt\u00e1vol\u00edthat\u00f3<\/p>\n<p>\u2713 Teljesen l\u00e1thatatlan: a fel\u00fclet v\u00e1ltozatlan megjelen\u00e9se \u00e9s tapint\u00e1sa<\/p>\n<p>\u2713 Hosszan tart\u00f3 m\u00e9lys\u00e9gi hat\u00e1s sok \u00e9ven \u00e1t<\/p>\n<p>\u2713 V\u00edzleperget\u0151 l\u00f3tuszgy\u00f6ngy hat\u00e1s<\/p>\n","protected":false},"featured_media":14611,"template":"","meta":{"_acf_changed":false,"neve_meta_sidebar":"","neve_meta_container":"","neve_meta_enable_content_width":"","neve_meta_content_width":0,"neve_meta_title_alignment":"","neve_meta_author_avatar":"","neve_post_elements_order":"","neve_meta_disable_header":"","neve_meta_disable_footer":"","neve_meta_disable_title":"","neve_meta_reading_time":"","_surfaces":[],"_ver_product_tabs":[],"footnotes":""},"product_brand":[],"product_cat":[2653],"product_tag":[],"class_list":{"0":"post-24207","1":"product","2":"type-product","3":"status-publish","4":"has-post-thumbnail","6":"product_cat-sablon","7":"pa_gebinde-50-ml-es-palack","8":"pa_gebinde-100-ml-es-palack","10":"first","11":"instock","12":"sold-individually","13":"taxable","14":"shipping-taxable","15":"purchasable","16":"product-type-simple"},"acf":[],"yoast_head":"<!-- This site is optimized with the Yoast SEO Premium plugin v22.8 (Yoast SEO v27.3) - https:\/\/yoast.com\/product\/yoast-seo-premium-wordpress\/ -->\n<title>Minta: Homokk\u0151 t\u00f6m\u00edt\u00e9s -3007-7620 - versiegelung24.com<\/title>\n<meta name=\"robots\" content=\"index, follow, max-snippet:-1, max-image-preview:large, max-video-preview:-1\" \/>\n<link rel=\"canonical\" href=\"https:\/\/www.versiegelung24.com\/hu\/mintas-homokko-toemites.html\" \/>\n<meta property=\"og:locale\" content=\"hu_HU\" \/>\n<meta property=\"og:type\" content=\"article\" \/>\n<meta property=\"og:title\" content=\"Minta: Homokk\u0151 t\u00f6m\u00edt\u00e9s -3007-7620\" \/>\n<meta property=\"og:description\" content=\"Nagyon hat\u00e9kony homokk\u0151 t\u00f6m\u00edt\u00e9s belt\u00e9ri \u00e9s k\u00fclt\u00e9ri haszn\u00e1latra: \u2713 Alkalmas minden \u00e1sv\u00e1nyi nedvsz\u00edv\u00f3 homokk\u0151 fel\u00fcletre \u2713 K\u00f6nnyen tiszt\u00edthat\u00f3 hat\u00e1s: a szennyez\u0151d\u00e9s nem tapad, \u00e9s k\u00f6nnyen elt\u00e1vol\u00edthat\u00f3 \u2713 Teljesen l\u00e1thatatlan: a fel\u00fclet v\u00e1ltozatlan megjelen\u00e9se \u00e9s tapint\u00e1sa \u2713 Hosszan tart\u00f3 m\u00e9lys\u00e9gi hat\u00e1s sok \u00e9ven \u00e1t \u2713 V\u00edzleperget\u0151 l\u00f3tuszgy\u00f6ngy hat\u00e1s\" \/>\n<meta property=\"og:url\" content=\"https:\/\/www.versiegelung24.com\/hu\/mintas-homokko-toemites.html\" \/>\n<meta property=\"og:site_name\" content=\"versiegelung24.com\" \/>\n<meta property=\"article:modified_time\" content=\"2025-01-03T23:29:38+00:00\" \/>\n<meta property=\"og:image\" content=\"https:\/\/www.versiegelung24.com\/wp-content\/uploads\/2020\/04\/versiegelung-muster.png\" \/>\n\t<meta property=\"og:image:width\" content=\"1000\" \/>\n\t<meta property=\"og:image:height\" content=\"1000\" \/>\n\t<meta property=\"og:image:type\" content=\"image\/png\" \/>\n<meta name=\"twitter:card\" content=\"summary_large_image\" \/>\n<meta name=\"twitter:label1\" content=\"\u00c1r\" \/>\n\t<meta name=\"twitter:data1\" content=\"14,99&euro;\" \/>\n\t<meta name=\"twitter:label2\" content=\"El\u00e9rhet\u0151s\u00e9g\" \/>\n\t<meta name=\"twitter:data2\" content=\"K\u00e9szleten\" \/>\n<script type=\"application\/ld+json\" class=\"yoast-schema-graph\">{\"@context\":\"https:\\\/\\\/schema.org\",\"@graph\":[{\"@type\":\"WebPage\",\"@id\":\"https:\\\/\\\/www.versiegelung24.com\\\/hu\\\/mintas-homokko-toemites.html\",\"url\":\"https:\\\/\\\/www.versiegelung24.com\\\/hu\\\/mintas-homokko-toemites.html\",\"name\":\"Minta: Homokk\u0151 t\u00f6m\u00edt\u00e9s -3007-7620 - versiegelung24.com\",\"isPartOf\":{\"@id\":\"https:\\\/\\\/www.versiegelung24.com\\\/hu\\\/#website\"},\"primaryImageOfPage\":{\"@id\":\"https:\\\/\\\/www.versiegelung24.com\\\/hu\\\/mintas-homokko-toemites.html#primaryimage\"},\"image\":{\"@id\":\"https:\\\/\\\/www.versiegelung24.com\\\/hu\\\/mintas-homokko-toemites.html#primaryimage\"},\"thumbnailUrl\":\"https:\\\/\\\/www.versiegelung24.com\\\/wp-content\\\/uploads\\\/2020\\\/04\\\/versiegelung-muster.png\",\"datePublished\":\"2020-06-24T09:29:36+00:00\",\"dateModified\":\"2025-01-03T23:29:38+00:00\",\"breadcrumb\":{\"@id\":\"https:\\\/\\\/www.versiegelung24.com\\\/hu\\\/mintas-homokko-toemites.html#breadcrumb\"},\"inLanguage\":\"hu\",\"potentialAction\":[{\"@type\":\"ReadAction\",\"target\":[\"https:\\\/\\\/www.versiegelung24.com\\\/hu\\\/mintas-homokko-toemites.html\"]}]},{\"@type\":\"ImageObject\",\"inLanguage\":\"hu\",\"@id\":\"https:\\\/\\\/www.versiegelung24.com\\\/hu\\\/mintas-homokko-toemites.html#primaryimage\",\"url\":\"https:\\\/\\\/www.versiegelung24.com\\\/wp-content\\\/uploads\\\/2020\\\/04\\\/versiegelung-muster.png\",\"contentUrl\":\"https:\\\/\\\/www.versiegelung24.com\\\/wp-content\\\/uploads\\\/2020\\\/04\\\/versiegelung-muster.png\",\"width\":1000,\"height\":1000},{\"@type\":\"BreadcrumbList\",\"@id\":\"https:\\\/\\\/www.versiegelung24.com\\\/hu\\\/mintas-homokko-toemites.html#breadcrumb\",\"itemListElement\":[{\"@type\":\"ListItem\",\"position\":1,\"name\":\"Honlap\",\"item\":\"https:\\\/\\\/www.versiegelung24.com\\\/hu\\\/elol\\\/\"},{\"@type\":\"ListItem\",\"position\":2,\"name\":\"\u00dczlet\",\"item\":\"https:\\\/\\\/www.versiegelung24.com\\\/hu\\\/uzlet\\\/\"},{\"@type\":\"ListItem\",\"position\":3,\"name\":\"Minta: Homokk\u0151 t\u00f6m\u00edt\u00e9s -3007-7620\"}]},{\"@type\":\"WebSite\",\"@id\":\"https:\\\/\\\/www.versiegelung24.com\\\/hu\\\/#website\",\"url\":\"https:\\\/\\\/www.versiegelung24.com\\\/hu\\\/\",\"name\":\"versiegelung24.com\",\"description\":\"Fl\u00fcssigglas-Versiegelung - Made in Germany\",\"publisher\":{\"@id\":\"https:\\\/\\\/www.versiegelung24.com\\\/hu\\\/#organization\"},\"potentialAction\":[{\"@type\":\"SearchAction\",\"target\":{\"@type\":\"EntryPoint\",\"urlTemplate\":\"https:\\\/\\\/www.versiegelung24.com\\\/hu\\\/?s={search_term_string}\"},\"query-input\":{\"@type\":\"PropertyValueSpecification\",\"valueRequired\":true,\"valueName\":\"search_term_string\"}}],\"inLanguage\":\"hu\"},{\"@type\":\"Organization\",\"@id\":\"https:\\\/\\\/www.versiegelung24.com\\\/hu\\\/#organization\",\"name\":\"versiegelung24\",\"url\":\"https:\\\/\\\/www.versiegelung24.com\\\/hu\\\/\",\"logo\":{\"@type\":\"ImageObject\",\"inLanguage\":\"hu\",\"@id\":\"https:\\\/\\\/www.versiegelung24.com\\\/hu\\\/#\\\/schema\\\/logo\\\/image\\\/\",\"url\":\"https:\\\/\\\/www.versiegelung24.com\\\/wp-content\\\/uploads\\\/2020\\\/04\\\/versiegelung24.png\",\"contentUrl\":\"https:\\\/\\\/www.versiegelung24.com\\\/wp-content\\\/uploads\\\/2020\\\/04\\\/versiegelung24.png\",\"width\":470,\"height\":102,\"caption\":\"versiegelung24\"},\"image\":{\"@id\":\"https:\\\/\\\/www.versiegelung24.com\\\/hu\\\/#\\\/schema\\\/logo\\\/image\\\/\"}}]}<\/script>\n<meta property=\"product:price:amount\" content=\"14.99\" \/>\n<meta property=\"product:price:currency\" content=\"EUR\" \/>\n<meta property=\"og:availability\" content=\"instock\" \/>\n<meta property=\"product:availability\" content=\"instock\" \/>\n<meta property=\"product:retailer_item_id\" content=\"3007-7620-muster\" \/>\n<meta property=\"product:condition\" content=\"new\" \/>\n<!-- \/ Yoast SEO Premium plugin. -->","yoast_head_json":{"title":"Minta: Homokk\u0151 t\u00f6m\u00edt\u00e9s -3007-7620 - versiegelung24.com","robots":{"index":"index","follow":"follow","max-snippet":"max-snippet:-1","max-image-preview":"max-image-preview:large","max-video-preview":"max-video-preview:-1"},"canonical":"https:\/\/www.versiegelung24.com\/hu\/mintas-homokko-toemites.html","og_locale":"hu_HU","og_type":"article","og_title":"Minta: Homokk\u0151 t\u00f6m\u00edt\u00e9s -3007-7620","og_description":"Nagyon hat\u00e9kony homokk\u0151 t\u00f6m\u00edt\u00e9s belt\u00e9ri \u00e9s k\u00fclt\u00e9ri haszn\u00e1latra: \u2713 Alkalmas minden \u00e1sv\u00e1nyi nedvsz\u00edv\u00f3 homokk\u0151 fel\u00fcletre \u2713 K\u00f6nnyen tiszt\u00edthat\u00f3 hat\u00e1s: a szennyez\u0151d\u00e9s nem tapad, \u00e9s k\u00f6nnyen elt\u00e1vol\u00edthat\u00f3 \u2713 Teljesen l\u00e1thatatlan: a fel\u00fclet v\u00e1ltozatlan megjelen\u00e9se \u00e9s tapint\u00e1sa \u2713 Hosszan tart\u00f3 m\u00e9lys\u00e9gi hat\u00e1s sok \u00e9ven \u00e1t \u2713 V\u00edzleperget\u0151 l\u00f3tuszgy\u00f6ngy hat\u00e1s","og_url":"https:\/\/www.versiegelung24.com\/hu\/mintas-homokko-toemites.html","og_site_name":"versiegelung24.com","article_modified_time":"2025-01-03T23:29:38+00:00","og_image":[{"width":1000,"height":1000,"url":"https:\/\/www.versiegelung24.com\/wp-content\/uploads\/2020\/04\/versiegelung-muster.png","type":"image\/png"}],"twitter_card":"summary_large_image","twitter_misc":{"\u00c1r":"14,99&euro;","El\u00e9rhet\u0151s\u00e9g":"K\u00e9szleten"},"schema":{"@context":"https:\/\/schema.org","@graph":[{"@type":"WebPage","@id":"https:\/\/www.versiegelung24.com\/hu\/mintas-homokko-toemites.html","url":"https:\/\/www.versiegelung24.com\/hu\/mintas-homokko-toemites.html","name":"Minta: Homokk\u0151 t\u00f6m\u00edt\u00e9s -3007-7620 - versiegelung24.com","isPartOf":{"@id":"https:\/\/www.versiegelung24.com\/hu\/#website"},"primaryImageOfPage":{"@id":"https:\/\/www.versiegelung24.com\/hu\/mintas-homokko-toemites.html#primaryimage"},"image":{"@id":"https:\/\/www.versiegelung24.com\/hu\/mintas-homokko-toemites.html#primaryimage"},"thumbnailUrl":"https:\/\/www.versiegelung24.com\/wp-content\/uploads\/2020\/04\/versiegelung-muster.png","datePublished":"2020-06-24T09:29:36+00:00","dateModified":"2025-01-03T23:29:38+00:00","breadcrumb":{"@id":"https:\/\/www.versiegelung24.com\/hu\/mintas-homokko-toemites.html#breadcrumb"},"inLanguage":"hu","potentialAction":[{"@type":"ReadAction","target":["https:\/\/www.versiegelung24.com\/hu\/mintas-homokko-toemites.html"]}]},{"@type":"ImageObject","inLanguage":"hu","@id":"https:\/\/www.versiegelung24.com\/hu\/mintas-homokko-toemites.html#primaryimage","url":"https:\/\/www.versiegelung24.com\/wp-content\/uploads\/2020\/04\/versiegelung-muster.png","contentUrl":"https:\/\/www.versiegelung24.com\/wp-content\/uploads\/2020\/04\/versiegelung-muster.png","width":1000,"height":1000},{"@type":"BreadcrumbList","@id":"https:\/\/www.versiegelung24.com\/hu\/mintas-homokko-toemites.html#breadcrumb","itemListElement":[{"@type":"ListItem","position":1,"name":"Honlap","item":"https:\/\/www.versiegelung24.com\/hu\/elol\/"},{"@type":"ListItem","position":2,"name":"\u00dczlet","item":"https:\/\/www.versiegelung24.com\/hu\/uzlet\/"},{"@type":"ListItem","position":3,"name":"Minta: Homokk\u0151 t\u00f6m\u00edt\u00e9s -3007-7620"}]},{"@type":"WebSite","@id":"https:\/\/www.versiegelung24.com\/hu\/#website","url":"https:\/\/www.versiegelung24.com\/hu\/","name":"versiegelung24.com","description":"Fl\u00fcssigglas-Versiegelung - Made in Germany","publisher":{"@id":"https:\/\/www.versiegelung24.com\/hu\/#organization"},"potentialAction":[{"@type":"SearchAction","target":{"@type":"EntryPoint","urlTemplate":"https:\/\/www.versiegelung24.com\/hu\/?s={search_term_string}"},"query-input":{"@type":"PropertyValueSpecification","valueRequired":true,"valueName":"search_term_string"}}],"inLanguage":"hu"},{"@type":"Organization","@id":"https:\/\/www.versiegelung24.com\/hu\/#organization","name":"versiegelung24","url":"https:\/\/www.versiegelung24.com\/hu\/","logo":{"@type":"ImageObject","inLanguage":"hu","@id":"https:\/\/www.versiegelung24.com\/hu\/#\/schema\/logo\/image\/","url":"https:\/\/www.versiegelung24.com\/wp-content\/uploads\/2020\/04\/versiegelung24.png","contentUrl":"https:\/\/www.versiegelung24.com\/wp-content\/uploads\/2020\/04\/versiegelung24.png","width":470,"height":102,"caption":"versiegelung24"},"image":{"@id":"https:\/\/www.versiegelung24.com\/hu\/#\/schema\/logo\/image\/"}}]},"product_price_amount":"14.99","product_price_currency":"EUR","og_availability":"instock","product_availability":"instock","product_retailer_item_id":"3007-7620-muster","product_condition":"new"},"_links":{"self":[{"href":"https:\/\/www.versiegelung24.com\/hu\/wp-json\/wp\/v2\/product\/24207","targetHints":{"allow":["GET"]}}],"collection":[{"href":"https:\/\/www.versiegelung24.com\/hu\/wp-json\/wp\/v2\/product"}],"about":[{"href":"https:\/\/www.versiegelung24.com\/hu\/wp-json\/wp\/v2\/types\/product"}],"version-history":[{"count":2,"href":"https:\/\/www.versiegelung24.com\/hu\/wp-json\/wp\/v2\/product\/24207\/revisions"}],"predecessor-version":[{"id":140787,"href":"https:\/\/www.versiegelung24.com\/hu\/wp-json\/wp\/v2\/product\/24207\/revisions\/140787"}],"wp:featuredmedia":[{"embeddable":true,"href":"https:\/\/www.versiegelung24.com\/hu\/wp-json\/wp\/v2\/media\/14611"}],"wp:attachment":[{"href":"https:\/\/www.versiegelung24.com\/hu\/wp-json\/wp\/v2\/media?parent=24207"}],"wp:term":[{"taxonomy":"product_brand","embeddable":true,"href":"https:\/\/www.versiegelung24.com\/hu\/wp-json\/wp\/v2\/product_brand?post=24207"},{"taxonomy":"product_cat","embeddable":true,"href":"https:\/\/www.versiegelung24.com\/hu\/wp-json\/wp\/v2\/product_cat?post=24207"},{"taxonomy":"product_tag","embeddable":true,"href":"https:\/\/www.versiegelung24.com\/hu\/wp-json\/wp\/v2\/product_tag?post=24207"}],"curies":[{"name":"wp","href":"https:\/\/api.w.org\/{rel}","templated":true}]}}