{"id":24610,"date":"2020-04-27T22:20:08","date_gmt":"2021-08-02T20:50:15","guid":{"rendered":"https:\/\/www.versiegelung24.com\/produkt\/wb-rapid-on-melyfenyu-autofestek-tomito-es-finiser"},"modified":"2025-01-04T00:05:16","modified_gmt":"2025-01-03T23:05:16","slug":"wb-rapid-on-deep-gloss-autolack-tomito-finisher","status":"publish","type":"product","link":"https:\/\/www.versiegelung24.com\/hu\/wb-rapid-on-deep-gloss-autolack-toemito-finisher.html","title":{"rendered":"WB Rapid On &#8211; m\u00e9lyf\u00e9ny\u0171 aut\u00f3fest\u00e9k -t\u00f6m\u00edt\u0151 \u00e9s finiser"},"content":{"rendered":"\n<p><strong>WB Rapid On: Pr\u00e9mium m\u00e9lyf\u00e9ny\u0171 t\u00f6m\u00edt\u0151 \u00e9s finiser, ide\u00e1lis aut\u00f3fest\u00e9khez &#8211; <\/strong><strong><em>v\u00edzb\u00e1zis\u00fa &#8211; Rapid On<\/em><\/strong><\/p>\n\n<p>Alkalmazhat\u00f3 \u201ebefejez\u00e9sk\u00e9nt\u201d<a href=\"https:\/\/www.versiegelung24.com\/muster-permanent-protector\/\"> Permanent Protector cs\u00facskateg\u00f3ri\u00e1s ker\u00e1mia bevonat<\/a> vagy<a href=\"https:\/\/www.versiegelung24.com\/autolack-spezial-politur-versiegelung-2in1\/\"> Aut\u00f3fest\u00e9k speci\u00e1lis lakk \u00e9s t\u00f6m\u00edt\u00e9s 2in1<\/a> .<\/p>\n\n<p>T\u00e9telsz\u00e1m: 5002-7654<\/p>\n\n<p>Kiv\u00e1l\u00f3 min\u0151s\u00e9g N\u00e9metorsz\u00e1gban k\u00e9sz\u00fclt<\/p>\n\n<p><strong>V24 WB Rapid On &#8211; m\u00e9lyf\u00e9ny\u0171 aut\u00f3fest\u00e9k t\u00f6m\u00edt\u0151anyag \u00e9s finiser<\/strong> rendk\u00edv\u00fcl v\u00e9kony r\u00e9teget hoz l\u00e9tre a fel\u00fcleten apr\u00f3 szil\u00edciummolekul\u00e1k milli\u00e1rdjainak elektrosztatikus k\u00f6t\u00e9se r\u00e9v\u00e9n, \u00f6sszehasonl\u00edtva az egym\u00e1ssal \u00e9s a felsz\u00ednhez k\u00f6t\u0151d\u0151 apr\u00f3 m\u00e1gnesek hat\u00e1s\u00e1val. Ennek eredm\u00e9nyek\u00e9nt a mikroszkopikus p\u00f3rusok \u00e9s hajsz\u00e1lerek lez\u00e1r\u00f3dnak, \u00e9s a szennyez\u0151d\u00e9sek \u00e9s egy\u00e9b szennyez\u0151d\u00e9sek m\u00e1r nem tudnak tapadni a most sokkal sim\u00e1bb r\u00e9teghez. Ez jelent\u0151sen megk\u00f6nny\u00edti a fel\u00fcletek tiszt\u00edt\u00e1s\u00e1t (\u201ek\u00f6nnyen tiszt\u00edthat\u00f3\u201d), v\u00edztasz\u00edt\u00f3 (hidrof\u00f3b) \u00e9s nagy f\u00e9ny\u0171 hat\u00e1s\u00fa.<\/p>\n\n<hr\/>\n\n<h4 class=\"wp-block-heading\" id=\"properties\">A term\u00e9k jellemz\u0151i<\/h4>\n\n<div class=\"wp-block-columns is-layout-flex wp-container-core-columns-is-layout-9d6595d7 wp-block-columns-is-layout-flex\">\n<div class=\"wp-block-column is-layout-flow wp-block-column-is-layout-flow\">\n<ul class=\"wp-block-list\">\n<li>Magas f\u00e9ny\u0171 hat\u00e1s<\/li>\n\n\n\n<li>Hossz\u00fa t\u00e1v\u00fa t\u00f6m\u00edt\u0151ink sz\u00e1m\u00e1ra m\u00e9lyf\u00e9ny\u0171 befejez\u0151k\u00e9nt kombin\u00e1lhat\u00f3<\/li>\n\n\n\n<li>Kiv\u00e1l\u00f3, k\u00f6nnyen tiszt\u00edthat\u00f3 hat\u00e1s a szennyez\u0151d\u00e9sek, p\u00e9ld\u00e1ul mad\u00e1r\u00fcr\u00fcl\u00e9k, rovarok \u00e9s egy\u00e9b agressz\u00edv foltok miatt, a fel\u00fcletek sokkal lassabban szennyez\u0151dnek<\/li>\n\n\n\n<li>Er\u0151s hidrof\u00f3b hat\u00e1s (v\u00edztasz\u00edt\u00f3)<\/li>\n\n\n\n<li>SiO\u00b2 nano technol\u00f3gia<\/li>\n\n\n\n<li>V\u00edzb\u00e1zis\u00fa, old\u00f3szermentes \u00e9s szagtalan<\/li>\n\n\n\n<li>Vegyszer\u00e1ll\u00f3 tiszt\u00edt\u00f3szerekkel szemben (pH 10-ig)<\/li>\n\n\n\n<li>Egyszer\u0171 alkalmaz\u00e1s<\/li>\n\n\n\n<li>Stabilabb kapcsolat, mint a viasz vagy szilikonolaj alap\u00fa k\u00e9sz\u00edtm\u00e9nyek<\/li>\n\n\n\n<li>UV-stabil \/ fagy\u00e1ll\u00f3 \/ s\u00f3s v\u00edz\u00e1ll\u00f3 \/ l\u00e1thatatlan (r\u00e9tegvastags\u00e1g: 40-50 nm)<\/li>\n\n\n\n<li>K\u00f6lts\u00e9g-, id\u0151- \u00e9s energiamegtakar\u00edt\u00e1s a meghosszabb\u00edtott tiszt\u00edt\u00e1si ciklusoknak k\u00f6sz\u00f6nhet\u0151en<\/li>\n<\/ul>\n<\/div>\n\n\n\n<div class=\"wp-block-column is-layout-flow wp-block-column-is-layout-flow\">\n<ul id=\"block-cb512caf-6c3b-4dfc-8f82-809b2295b24e\" class=\"wp-block-list\">\n<li>Nem m\u00e9rgez\u0151 \u00e9s nem gy\u00fal\u00e9kony<\/li>\n\n\n\n<li>Felhaszn\u00e1lhat\u00f3s\u00e1gi id\u0151tartam: 3-6 h\u00f3nap (felhaszn\u00e1l\u00e1st\u00f3l f\u00fcgg\u0151en)<\/li>\n\n\n\n<li>Selymesen sima fel\u00fclet, nagyon j\u00f3 \u00e9rz\u00e9s<\/li>\n\n\n\n<li>Ellen\u00e1ll szinte minden savnak, old\u00f3szernek \u00e9s l\u00fagos h\u00e1ztart\u00e1si tiszt\u00edt\u00f3szernek<\/li>\n\n\n\n<li>Sokkal stabilabb, mint a viaszok vagy szilikonolaj alap\u00fa term\u00e9kek<\/li>\n\n\n\n<li>K\u00f6nnyen biol\u00f3giailag lebonthat\u00f3 (az OECD krit\u00e9riumai szerint)<\/li>\n\n\n\n<li>Nagy kop\u00e1s\u00e1ll\u00f3s\u00e1g a sz\u00e9l \u00e1ltal sz\u00e1ll\u00edtott r\u00e9szecsk\u00e9kkel szemben<\/li>\n\n\n\n<li>H\u0151\u00e1ll\u00f3 -40 \u00e9s +200 \u00b0 C k\u00f6z\u00f6tt<\/li>\n\n\n\n<li>ph ellen\u00e1ll\u00f3 1-10<\/li>\n\n\n\n<li>Nem citotoxikus az ISO 10993-5 + 12 szerint<\/li>\n\n\n\n<li>S\u0171r\u0171s\u00e9ge kb. 1,00 g \/ cm\u00b3<\/li>\n\n\n\n<li>A r\u00e9teg vastags\u00e1ga: kb. 40-50 nm<\/li>\n\n\n\n<li>VOC mentes (nincs vesz\u00e9lyes \u00e1ru)<\/li>\n\n\n\n<li>Er\u0151s tapad\u00e1smentes tulajdons\u00e1gok (a fel\u00fcletek sokkal lassabban szennyez\u0151dnek)<\/li>\n<\/ul>\n<\/div>\n<\/div>\n\n<div class=\"wp-block-columns is-layout-flex wp-container-core-columns-is-layout-9d6595d7 wp-block-columns-is-layout-flex\">\n<div class=\"wp-block-column is-layout-flow wp-block-column-is-layout-flow\">\n<p><br\/><br\/><br\/><br\/><br\/><br\/>R<strong>\u00f6vid jellemz\u0151k<\/strong> Alkalmaz\u00e1si h\u0151m\u00e9rs\u00e9klet: 0 &#8211; 45\u00b0C m\u00b2\/liter: 100m\u00b2 A t\u00f6m\u00edt\u0151anyag eltarthat\u00f3s\u00e1gi ideje: 3-6 h\u00f3nap A folyad\u00e9k eltarthat\u00f3s\u00e1gi ideje: legfeljebb 1 \u00e9v T\u00e1rol\u00e1si h\u0151m\u00e9rs\u00e9klet: 0 &#8211; 30\u00b0C (napf\u00e9nyt\u0151l v\u00e9dve) Kem\u00e9nyed\u00e9si id\u0151: 5 perc, a fel\u00fclet azonnal felhaszn\u00e1lhat\u00f3<\/p>\n\n\n\n<p><br\/><br\/>S<strong>z\u00e1ll\u00edt\u00e1si terjedelem<\/strong>: 1 x literes flakon 1 x term\u00e9kle\u00edr\u00e1s<\/p>\n<\/div>\n\n\n\n<div class=\"wp-block-column is-layout-flow wp-block-column-is-layout-flow\">\n<p><br\/><br\/><br\/><br\/>V<strong>izsg\u00e1latok<\/strong> SMI-vizsg\u00e1lat Szendvicskorr\u00f3zi\u00f3-vizsg\u00e1lat, az ASTM F 1110 szabv\u00e1ny szerint Akril repedezetts\u00e9gi vizsg\u00e1lat, az ASTM F 484 szabv\u00e1ny szerint C t\u00edpus\u00fa fest\u00e9kl\u00e1gyul\u00e1si vizsg\u00e1lat, az ASTM F 502 szabv\u00e1ny szerint Hidrog\u00e9n-szil\u00e1rds\u00e1gi vizsg\u00e1lat, az ASTM F 519-93 szabv\u00e1ny szerint.<\/p>\n\n\n\n<p><br\/>A Boeing \u00e1ltal tan\u00fas\u00edtott DuPont\u2122 Marine Finishes:<strong>WB Rapid On &#8211; Deep Gloss Sealer &amp; Finisher<\/strong> a DuPont\u2122 Marine Finishes Topgloss SF \u00e9s a DP6940 Imron\u00ae Super Flow HS Clear Coat f\u00e9nyes bevonaton yacht-tesztelt. Nem figyeltek meg negat\u00edv hat\u00e1st a bevonatokra.<\/p>\n\n\n\n<p>V\u00e1mtarifasz\u00e1m: 3402 9090, nincs vesz\u00e9lyes \u00e1ru (NDG)<\/p>\n<\/div>\n<\/div>\n\n<hr\/>\n\n<h4 class=\"wp-block-heading\" id=\"application\">Alkalmaz\u00e1s<\/h4>\n\n<p><strong>V24 WB Rapid On &#8211; m\u00e9lyf\u00e9ny\u0171 aut\u00f3fest\u00e9k t\u00f6m\u00edt\u0151anyag \u00e9s finiser<\/strong> optim\u00e1lisan alkalmazhat\u00f3<strong> :<\/strong><\/p>\n\n<p><br\/><br\/>&#8211; Aut\u00f3fest\u00e9k (\u00f6n\u00e1ll\u00f3 t\u00f6m\u00edt\u0151anyagk\u00e9nt vagy 640 \u00e9s 660 t\u00f6m\u00edt\u0151anyagunk &#8220;befejez\u00e9sek\u00e9nt&#8221;, egy literrel kb. 8-10 aut\u00f3 t\u00f6m\u00edt\u00e9se lehets\u00e9ges) &#8211; Haj\u00f3k &#8211; H\u00e1ztart\u00e1sban, p\u00e9ld\u00e1ul.<br\/><br\/><br\/><br\/><br\/><br\/><br\/>zuhanykabinok, ablakok \u00e9s ajt\u00f3keretek &#8211; rozsdamentes ac\u00e9lfel\u00fcletek &#8211; festett \u00e9s f\u00e9mes fel\u00fcletek &#8211; \u00fcveg &#8211; szintetikus anyagok &#8211; gumi &#8211; kr\u00f3m &#8211; napellenz\u0151k (s\u00ed- \u00e9s motoros napellenz\u0151k, k\u00fcl\u00f6n\u00f6sen, ha az old\u00f3szeres t\u00f6m\u00edt\u0151anyagok ker\u00fclend\u0151ek).<\/p>\n","protected":false},"excerpt":{"rendered":"<p><strong>Pr\u00e9mium m\u00e9lyf\u00e9ny\u0171 t\u00f6m\u00edt\u0151 \u00e9s finiser<\/strong><\/p>\n<p>\u2713 Ide\u00e1lis aut\u00f3fest\u00e9shez<\/p>\n<p><em>\u2713 v\u00edz<\/em> <em>alap\u00fa &#8211; gyors bekapcsol\u00e1s<\/em><\/p>\n","protected":false},"featured_media":18392,"template":"","meta":{"_acf_changed":false,"neve_meta_sidebar":"","neve_meta_container":"","neve_meta_enable_content_width":"","neve_meta_content_width":0,"neve_meta_title_alignment":"","neve_meta_author_avatar":"","neve_post_elements_order":"","neve_meta_disable_header":"","neve_meta_disable_footer":"","neve_meta_disable_title":"","neve_meta_reading_time":"","_surfaces":[],"_ver_product_tabs":[],"footnotes":""},"product_brand":[],"product_cat":[2229],"product_tag":[],"class_list":{"0":"post-24610","1":"product","2":"type-product","3":"status-publish","4":"has-post-thumbnail","6":"product_cat-auto-toemitese","8":"first","9":"instock","10":"taxable","11":"shipping-taxable","12":"purchasable","13":"product-type-simple"},"acf":[],"yoast_head":"<!-- This site is optimized with the Yoast SEO Premium plugin v22.8 (Yoast SEO v27.5) - https:\/\/yoast.com\/product\/yoast-seo-premium-wordpress\/ -->\n<title>WB Rapid On - m\u00e9lyf\u00e9ny\u0171 aut\u00f3fest\u00e9k -t\u00f6m\u00edt\u0151 \u00e9s finiser - versiegelung24.com<\/title>\n<meta name=\"robots\" content=\"index, follow, max-snippet:-1, max-image-preview:large, max-video-preview:-1\" \/>\n<link rel=\"canonical\" href=\"https:\/\/www.versiegelung24.com\/hu\/wb-rapid-on-deep-gloss-autolack-toemito-finisher.html\" \/>\n<meta property=\"og:locale\" content=\"hu_HU\" \/>\n<meta property=\"og:type\" content=\"article\" \/>\n<meta property=\"og:title\" content=\"WB Rapid On - m\u00e9lyf\u00e9ny\u0171 aut\u00f3fest\u00e9k -t\u00f6m\u00edt\u0151 \u00e9s finiser\" \/>\n<meta property=\"og:description\" content=\"Pr\u00e9mium m\u00e9lyf\u00e9ny\u0171 t\u00f6m\u00edt\u0151 \u00e9s finiser \u2713 Ide\u00e1lis aut\u00f3fest\u00e9shez \u2713 v\u00edz alap\u00fa - gyors bekapcsol\u00e1s\" \/>\n<meta property=\"og:url\" content=\"https:\/\/www.versiegelung24.com\/hu\/wb-rapid-on-deep-gloss-autolack-toemito-finisher.html\" \/>\n<meta property=\"og:site_name\" content=\"versiegelung24.com\" \/>\n<meta property=\"article:modified_time\" content=\"2025-01-03T23:05:16+00:00\" \/>\n<meta property=\"og:image\" content=\"https:\/\/www.versiegelung24.com\/wp-content\/uploads\/2020\/06\/produkt-5002-7654-1000-WB-Rapid-On-scaled.jpg\" \/>\n\t<meta property=\"og:image:width\" content=\"2560\" \/>\n\t<meta property=\"og:image:height\" content=\"2560\" \/>\n\t<meta property=\"og:image:type\" content=\"image\/jpeg\" \/>\n<meta name=\"twitter:card\" content=\"summary_large_image\" \/>\n<meta name=\"twitter:label1\" content=\"\u00c1r\" \/>\n\t<meta name=\"twitter:data1\" content=\"69,00&euro;\" \/>\n\t<meta name=\"twitter:label2\" content=\"El\u00e9rhet\u0151s\u00e9g\" \/>\n\t<meta name=\"twitter:data2\" content=\"K\u00e9szleten\" \/>\n<script type=\"application\/ld+json\" class=\"yoast-schema-graph\">{\"@context\":\"https:\\\/\\\/schema.org\",\"@graph\":[{\"@type\":\"WebPage\",\"@id\":\"https:\\\/\\\/www.versiegelung24.com\\\/hu\\\/wb-rapid-on-deep-gloss-autolack-toemito-finisher.html\",\"url\":\"https:\\\/\\\/www.versiegelung24.com\\\/hu\\\/wb-rapid-on-deep-gloss-autolack-toemito-finisher.html\",\"name\":\"WB Rapid On - m\u00e9lyf\u00e9ny\u0171 aut\u00f3fest\u00e9k -t\u00f6m\u00edt\u0151 \u00e9s finiser - versiegelung24.com\",\"isPartOf\":{\"@id\":\"https:\\\/\\\/www.versiegelung24.com\\\/hu\\\/#website\"},\"primaryImageOfPage\":{\"@id\":\"https:\\\/\\\/www.versiegelung24.com\\\/hu\\\/wb-rapid-on-deep-gloss-autolack-toemito-finisher.html#primaryimage\"},\"image\":{\"@id\":\"https:\\\/\\\/www.versiegelung24.com\\\/hu\\\/wb-rapid-on-deep-gloss-autolack-toemito-finisher.html#primaryimage\"},\"thumbnailUrl\":\"https:\\\/\\\/www.versiegelung24.com\\\/wp-content\\\/uploads\\\/2020\\\/06\\\/produkt-5002-7654-1000-WB-Rapid-On-scaled.jpg\",\"datePublished\":\"2021-08-02T20:50:15+00:00\",\"dateModified\":\"2025-01-03T23:05:16+00:00\",\"breadcrumb\":{\"@id\":\"https:\\\/\\\/www.versiegelung24.com\\\/hu\\\/wb-rapid-on-deep-gloss-autolack-toemito-finisher.html#breadcrumb\"},\"inLanguage\":\"hu\",\"potentialAction\":[{\"@type\":\"ReadAction\",\"target\":[\"https:\\\/\\\/www.versiegelung24.com\\\/hu\\\/wb-rapid-on-deep-gloss-autolack-toemito-finisher.html\"]}]},{\"@type\":\"ImageObject\",\"inLanguage\":\"hu\",\"@id\":\"https:\\\/\\\/www.versiegelung24.com\\\/hu\\\/wb-rapid-on-deep-gloss-autolack-toemito-finisher.html#primaryimage\",\"url\":\"https:\\\/\\\/www.versiegelung24.com\\\/wp-content\\\/uploads\\\/2020\\\/06\\\/produkt-5002-7654-1000-WB-Rapid-On-scaled.jpg\",\"contentUrl\":\"https:\\\/\\\/www.versiegelung24.com\\\/wp-content\\\/uploads\\\/2020\\\/06\\\/produkt-5002-7654-1000-WB-Rapid-On-scaled.jpg\",\"width\":2560,\"height\":2560},{\"@type\":\"BreadcrumbList\",\"@id\":\"https:\\\/\\\/www.versiegelung24.com\\\/hu\\\/wb-rapid-on-deep-gloss-autolack-toemito-finisher.html#breadcrumb\",\"itemListElement\":[{\"@type\":\"ListItem\",\"position\":1,\"name\":\"Honlap\",\"item\":\"https:\\\/\\\/www.versiegelung24.com\\\/hu\\\/elol\\\/\"},{\"@type\":\"ListItem\",\"position\":2,\"name\":\"\u00dczlet\",\"item\":\"https:\\\/\\\/www.versiegelung24.com\\\/hu\\\/uzlet\\\/\"},{\"@type\":\"ListItem\",\"position\":3,\"name\":\"WB Rapid On &#8211; m\u00e9lyf\u00e9ny\u0171 aut\u00f3fest\u00e9k -t\u00f6m\u00edt\u0151 \u00e9s finiser\"}]},{\"@type\":\"WebSite\",\"@id\":\"https:\\\/\\\/www.versiegelung24.com\\\/hu\\\/#website\",\"url\":\"https:\\\/\\\/www.versiegelung24.com\\\/hu\\\/\",\"name\":\"versiegelung24.com\",\"description\":\"Fl\u00fcssigglas-Versiegelung - Made in Germany\",\"publisher\":{\"@id\":\"https:\\\/\\\/www.versiegelung24.com\\\/hu\\\/#organization\"},\"potentialAction\":[{\"@type\":\"SearchAction\",\"target\":{\"@type\":\"EntryPoint\",\"urlTemplate\":\"https:\\\/\\\/www.versiegelung24.com\\\/hu\\\/?s={search_term_string}\"},\"query-input\":{\"@type\":\"PropertyValueSpecification\",\"valueRequired\":true,\"valueName\":\"search_term_string\"}}],\"inLanguage\":\"hu\"},{\"@type\":\"Organization\",\"@id\":\"https:\\\/\\\/www.versiegelung24.com\\\/hu\\\/#organization\",\"name\":\"versiegelung24\",\"url\":\"https:\\\/\\\/www.versiegelung24.com\\\/hu\\\/\",\"logo\":{\"@type\":\"ImageObject\",\"inLanguage\":\"hu\",\"@id\":\"https:\\\/\\\/www.versiegelung24.com\\\/hu\\\/#\\\/schema\\\/logo\\\/image\\\/\",\"url\":\"https:\\\/\\\/www.versiegelung24.com\\\/wp-content\\\/uploads\\\/2020\\\/04\\\/versiegelung24.png\",\"contentUrl\":\"https:\\\/\\\/www.versiegelung24.com\\\/wp-content\\\/uploads\\\/2020\\\/04\\\/versiegelung24.png\",\"width\":470,\"height\":102,\"caption\":\"versiegelung24\"},\"image\":{\"@id\":\"https:\\\/\\\/www.versiegelung24.com\\\/hu\\\/#\\\/schema\\\/logo\\\/image\\\/\"}}]}<\/script>\n<meta property=\"product:price:amount\" content=\"69.00\" \/>\n<meta property=\"product:price:currency\" content=\"EUR\" \/>\n<meta property=\"og:availability\" content=\"instock\" \/>\n<meta property=\"product:availability\" content=\"instock\" \/>\n<meta property=\"product:retailer_item_id\" content=\"5002-7654-1000\" \/>\n<meta property=\"product:condition\" content=\"new\" \/>\n<!-- \/ Yoast SEO Premium plugin. -->","yoast_head_json":{"title":"WB Rapid On - m\u00e9lyf\u00e9ny\u0171 aut\u00f3fest\u00e9k -t\u00f6m\u00edt\u0151 \u00e9s finiser - versiegelung24.com","robots":{"index":"index","follow":"follow","max-snippet":"max-snippet:-1","max-image-preview":"max-image-preview:large","max-video-preview":"max-video-preview:-1"},"canonical":"https:\/\/www.versiegelung24.com\/hu\/wb-rapid-on-deep-gloss-autolack-toemito-finisher.html","og_locale":"hu_HU","og_type":"article","og_title":"WB Rapid On - m\u00e9lyf\u00e9ny\u0171 aut\u00f3fest\u00e9k -t\u00f6m\u00edt\u0151 \u00e9s finiser","og_description":"Pr\u00e9mium m\u00e9lyf\u00e9ny\u0171 t\u00f6m\u00edt\u0151 \u00e9s finiser \u2713 Ide\u00e1lis aut\u00f3fest\u00e9shez \u2713 v\u00edz alap\u00fa - gyors bekapcsol\u00e1s","og_url":"https:\/\/www.versiegelung24.com\/hu\/wb-rapid-on-deep-gloss-autolack-toemito-finisher.html","og_site_name":"versiegelung24.com","article_modified_time":"2025-01-03T23:05:16+00:00","og_image":[{"width":2560,"height":2560,"url":"https:\/\/www.versiegelung24.com\/wp-content\/uploads\/2020\/06\/produkt-5002-7654-1000-WB-Rapid-On-scaled.jpg","type":"image\/jpeg"}],"twitter_card":"summary_large_image","twitter_misc":{"\u00c1r":"69,00&euro;","El\u00e9rhet\u0151s\u00e9g":"K\u00e9szleten"},"schema":{"@context":"https:\/\/schema.org","@graph":[{"@type":"WebPage","@id":"https:\/\/www.versiegelung24.com\/hu\/wb-rapid-on-deep-gloss-autolack-toemito-finisher.html","url":"https:\/\/www.versiegelung24.com\/hu\/wb-rapid-on-deep-gloss-autolack-toemito-finisher.html","name":"WB Rapid On - m\u00e9lyf\u00e9ny\u0171 aut\u00f3fest\u00e9k -t\u00f6m\u00edt\u0151 \u00e9s finiser - versiegelung24.com","isPartOf":{"@id":"https:\/\/www.versiegelung24.com\/hu\/#website"},"primaryImageOfPage":{"@id":"https:\/\/www.versiegelung24.com\/hu\/wb-rapid-on-deep-gloss-autolack-toemito-finisher.html#primaryimage"},"image":{"@id":"https:\/\/www.versiegelung24.com\/hu\/wb-rapid-on-deep-gloss-autolack-toemito-finisher.html#primaryimage"},"thumbnailUrl":"https:\/\/www.versiegelung24.com\/wp-content\/uploads\/2020\/06\/produkt-5002-7654-1000-WB-Rapid-On-scaled.jpg","datePublished":"2021-08-02T20:50:15+00:00","dateModified":"2025-01-03T23:05:16+00:00","breadcrumb":{"@id":"https:\/\/www.versiegelung24.com\/hu\/wb-rapid-on-deep-gloss-autolack-toemito-finisher.html#breadcrumb"},"inLanguage":"hu","potentialAction":[{"@type":"ReadAction","target":["https:\/\/www.versiegelung24.com\/hu\/wb-rapid-on-deep-gloss-autolack-toemito-finisher.html"]}]},{"@type":"ImageObject","inLanguage":"hu","@id":"https:\/\/www.versiegelung24.com\/hu\/wb-rapid-on-deep-gloss-autolack-toemito-finisher.html#primaryimage","url":"https:\/\/www.versiegelung24.com\/wp-content\/uploads\/2020\/06\/produkt-5002-7654-1000-WB-Rapid-On-scaled.jpg","contentUrl":"https:\/\/www.versiegelung24.com\/wp-content\/uploads\/2020\/06\/produkt-5002-7654-1000-WB-Rapid-On-scaled.jpg","width":2560,"height":2560},{"@type":"BreadcrumbList","@id":"https:\/\/www.versiegelung24.com\/hu\/wb-rapid-on-deep-gloss-autolack-toemito-finisher.html#breadcrumb","itemListElement":[{"@type":"ListItem","position":1,"name":"Honlap","item":"https:\/\/www.versiegelung24.com\/hu\/elol\/"},{"@type":"ListItem","position":2,"name":"\u00dczlet","item":"https:\/\/www.versiegelung24.com\/hu\/uzlet\/"},{"@type":"ListItem","position":3,"name":"WB Rapid On &#8211; m\u00e9lyf\u00e9ny\u0171 aut\u00f3fest\u00e9k -t\u00f6m\u00edt\u0151 \u00e9s finiser"}]},{"@type":"WebSite","@id":"https:\/\/www.versiegelung24.com\/hu\/#website","url":"https:\/\/www.versiegelung24.com\/hu\/","name":"versiegelung24.com","description":"Fl\u00fcssigglas-Versiegelung - Made in Germany","publisher":{"@id":"https:\/\/www.versiegelung24.com\/hu\/#organization"},"potentialAction":[{"@type":"SearchAction","target":{"@type":"EntryPoint","urlTemplate":"https:\/\/www.versiegelung24.com\/hu\/?s={search_term_string}"},"query-input":{"@type":"PropertyValueSpecification","valueRequired":true,"valueName":"search_term_string"}}],"inLanguage":"hu"},{"@type":"Organization","@id":"https:\/\/www.versiegelung24.com\/hu\/#organization","name":"versiegelung24","url":"https:\/\/www.versiegelung24.com\/hu\/","logo":{"@type":"ImageObject","inLanguage":"hu","@id":"https:\/\/www.versiegelung24.com\/hu\/#\/schema\/logo\/image\/","url":"https:\/\/www.versiegelung24.com\/wp-content\/uploads\/2020\/04\/versiegelung24.png","contentUrl":"https:\/\/www.versiegelung24.com\/wp-content\/uploads\/2020\/04\/versiegelung24.png","width":470,"height":102,"caption":"versiegelung24"},"image":{"@id":"https:\/\/www.versiegelung24.com\/hu\/#\/schema\/logo\/image\/"}}]},"product_price_amount":"69.00","product_price_currency":"EUR","og_availability":"instock","product_availability":"instock","product_retailer_item_id":"5002-7654-1000","product_condition":"new"},"_links":{"self":[{"href":"https:\/\/www.versiegelung24.com\/hu\/wp-json\/wp\/v2\/product\/24610","targetHints":{"allow":["GET"]}}],"collection":[{"href":"https:\/\/www.versiegelung24.com\/hu\/wp-json\/wp\/v2\/product"}],"about":[{"href":"https:\/\/www.versiegelung24.com\/hu\/wp-json\/wp\/v2\/types\/product"}],"version-history":[{"count":10,"href":"https:\/\/www.versiegelung24.com\/hu\/wp-json\/wp\/v2\/product\/24610\/revisions"}],"predecessor-version":[{"id":174285,"href":"https:\/\/www.versiegelung24.com\/hu\/wp-json\/wp\/v2\/product\/24610\/revisions\/174285"}],"wp:featuredmedia":[{"embeddable":true,"href":"https:\/\/www.versiegelung24.com\/hu\/wp-json\/wp\/v2\/media\/18392"}],"wp:attachment":[{"href":"https:\/\/www.versiegelung24.com\/hu\/wp-json\/wp\/v2\/media?parent=24610"}],"wp:term":[{"taxonomy":"product_brand","embeddable":true,"href":"https:\/\/www.versiegelung24.com\/hu\/wp-json\/wp\/v2\/product_brand?post=24610"},{"taxonomy":"product_cat","embeddable":true,"href":"https:\/\/www.versiegelung24.com\/hu\/wp-json\/wp\/v2\/product_cat?post=24610"},{"taxonomy":"product_tag","embeddable":true,"href":"https:\/\/www.versiegelung24.com\/hu\/wp-json\/wp\/v2\/product_tag?post=24610"}],"curies":[{"name":"wp","href":"https:\/\/api.w.org\/{rel}","templated":true}]}}