{"id":24700,"date":"2020-04-04T18:53:45","date_gmt":"2021-08-02T20:58:38","guid":{"rendered":"https:\/\/www.versiegelung24.com\/produkt\/premium-beton-es-ko-tomites-extrem-viztaszito-nem-lelegzo"},"modified":"2025-01-04T00:12:47","modified_gmt":"2025-01-03T23:12:47","slug":"premium-beton-ko-tomito-extrem-vizlepergeto-nem-lelegzo","status":"publish","type":"product","link":"https:\/\/www.versiegelung24.com\/hu\/premium-beton-ko-toemito-extrem-vizlepergeto-nem-lelegzo.html","title":{"rendered":"Pr\u00e9mium beton- \u00e9s k\u0151t\u00f6m\u00edt\u00e9s sz\u00ednm\u00e9ly\u00edt\u00e9ssel &#8211; nem l\u00e9g\u00e1tereszt\u0151"},"content":{"rendered":"\n<p>Pr\u00e9mium beton- \u00e9s k\u0151t\u00f6m\u00edt\u00e9s\u00fcnk hat\u00e9konyan \u00e9s tart\u00f3san v\u00e9di a fel\u00fcleteket a k\u00fcls\u0151 hat\u00e1sokt\u00f3l, \u00e9s egy\u00e9rtelm\u0171en ellens\u00falyozza az olaj, zs\u00edrok, k\u00e1v\u00e9 \u00e9s v\u00f6r\u00f6sbor behatol\u00e1s\u00e1t. Ezenk\u00edv\u00fcl a v\u00e9d\u0151 \u00e1tl\u00e1tsz\u00f3 lakkbevonat sz\u00ednez\u0151, f\u00e9nyes filmr\u00e9teget hagy maga ut\u00e1n, amely l\u00e1that\u00f3an fokozza a kezelt fel\u00fcletet.<\/p>\n\n<hr\/>\n\n<h4 class=\"wp-block-heading\" id=\"video\"><strong>Gyakorlatos vide\u00f3 &#8211; hat\u00e9konyan v\u00e9di a kertben tal\u00e1lhat\u00f3 k\u0151figur\u00e1kat \u00e9s k\u0151szobrokat a k\u00f6rnyezeti hat\u00e1sokt\u00f3l<\/strong><\/h4>\n\n<figure class=\"wp-block-embed aligncenter is-type-video is-provider-youtube wp-block-embed-youtube wp-embed-aspect-16-9 wp-has-aspect-ratio\"><div class=\"wp-block-embed__wrapper\"> \n<div class=\"nv-iframe-embed\"><iframe title=\"Steinfiguren &amp; Steinskulpturen wetterfest machen - Versiegelung \/ Impr\u00e4gnierung mit Farbvertiefung\" width=\"1200\" height=\"675\" src=\"https:\/\/www.youtube.com\/embed\/sSjv-OlqOgI?feature=oembed\" frameborder=\"0\" allow=\"accelerometer; autoplay; clipboard-write; encrypted-media; gyroscope; picture-in-picture\" allowfullscreen><\/iframe><\/div>\n <\/div><\/figure>\n\n<hr\/>\n\n<h4 class=\"wp-block-heading\" id=\"properties\">A term\u00e9k jellemz\u0151i<\/h4>\n\n<div class=\"wp-block-columns is-layout-flex wp-container-core-columns-is-layout-9d6595d7 wp-block-columns-is-layout-flex\">\n<div class=\"wp-block-column is-layout-flow wp-block-column-is-layout-flow\">\n<p>\u2713 Hat\u00e9kony tart\u00f3s fel\u00fcletv\u00e9delem v\u00edz, szennyez\u0151d\u00e9s \u00e9s id\u0151j\u00e1r\u00e1s ellen<\/p>\n\n\n\n<p>\u2713 megakad\u00e1lyozza a moh\u00e1k, zuzm\u00f3k, gomb\u00e1k \u00e9s egy\u00e9b term\u00e9szetes hat\u00e1sok n\u00f6veked\u00e9s\u00e9t<\/p>\n\n\n\n<p>\u2713 100% szil\u00e1rd anyagot tartalmaz\u00f3 \u00e1tl\u00e1tsz\u00f3 lakkbevonat<\/p>\n\n\n\n<p>\u2713 nagy kop\u00e1s\u00e1ll\u00f3s\u00e1g SiO\u00b2 nano technol\u00f3gi\u00e1nak k\u00f6sz\u00f6nhet\u0151en<\/p>\n\n\n\n<p>\u2713 a kezelt fel\u00fcletek nem l\u00e9legeznek<\/p>\n\n\n\n<p>\u2713 Sz\u00ednm\u00e9ly\u00edt\u0151 hat\u00e1s f\u00e9nyes f\u00f3li\u00e1val \/ a fel\u00fclet kiemel\u00e9s\u00e9vel<\/p>\n\n\n\n<p>\u2713 nagyon er\u0151s hidrof\u00f3bit\u00e1s<\/p>\n\n\n\n<p>\u2713 Az olaj \u00e9s zs\u00edrok, k\u00e1v\u00e9, v\u00f6r\u00f6sbor behatol\u00e1s\u00e1nak jelent\u0151s cs\u00f6kken\u00e9se<\/p>\n\n\n\n<p>\u2713 Fagy\u00e1ll\u00f3 (a j\u00e9g \u00e9s a h\u00f3 nem k\u00e1ros\u00edtja)<\/p>\n\n\n\n<p>\u2713 UV -stabil<\/p>\n\n\n\n<p>\u2713 K\u00f6nnyen tiszt\u00edthat\u00f3 hat\u00e1s: szennyez\u0151d\u00e9s<\/p>\n\n\n\n<p>\u2713 1000\u00b0C-ig h\u0151\u00e1ll\u00f3 (r\u00f6vid t\u00e1v\u00fa kitetts\u00e9ggel)<\/p>\n\n\n\n<p><\/p>\n\n\n\n<p><br\/>Sz\u00e1ll\u00edt\u00e1si terjedelem: 1 x literes flakon<\/p>\n<\/div>\n\n\n\n<div class=\"wp-block-column is-layout-flow wp-block-column-is-layout-flow\">\n<p><strong>Rendk\u00edv\u00fcl hat\u00e9kony, v\u00edzleperget\u0151, kop\u00e1s\u00e1ll\u00f3 nanor\u00e9teg minden nedvsz\u00edv\u00f3, \u00e1sv\u00e1nyi fel\u00fclethez.<\/strong><\/p>\n\n\n\n<p>Nem l\u00e9legz\u0151<\/p>\n\n\n\n<p>T\u00e9telsz\u00e1m: 3008-704<\/p>\n\n\n\n<p>Kiv\u00e1l\u00f3 min\u0151s\u00e9g N\u00e9metorsz\u00e1gban k\u00e9sz\u00fclt<\/p>\n\n\n\n<p><strong>term\u00e9kbiztons\u00e1g<\/strong><\/p>\n\n\n\n<p>A term\u00e9k vesz\u00e9lyes anyagokr\u00f3l sz\u00f3l\u00f3 rendelet keret\u00e9ben t\u00f6rt\u00e9n\u0151 besorol\u00e1s\u00e1ra vonatkoz\u00f3 inform\u00e1ci\u00f3k, biztons\u00e1gi adatok, valamint toxikol\u00f3giai \u00e9s t\u00e1rol\u00e1si adatok a biztons\u00e1gi adatlapunkon tal\u00e1lhat\u00f3k.<\/p>\n\n\n\n<p>Haszn\u00e1lat k\u00f6zben \u00fcgyeljen a megfelel\u0151 v\u00e9d\u0151felszerel\u00e9sre. Rendel\u00e9skor aj\u00e1nlott megfelel\u0151 l\u00e9gz\u0151maszk \u00e9s gumikeszty\u0171 visel\u00e9se.<\/p>\n\n\n\n<p>B\u0151rrel val\u00f3 \u00e9rintkez\u00e9s eset\u00e9n alaposan mossa le a ter\u00fcletet szappannal \u00e9s v\u00edzzel.<\/p>\n\n\n\n<p><strong>t\u00e1rol\u00e1s<\/strong><\/p>\n\n\n\n<p>A V24 Concrete and Stone Sealing Extreme legal\u00e1bb 12 h\u00f3napig t\u00e1rolhat\u00f3 az eredeti z\u00e1rt tart\u00e1lyban +5 \u00e9s + 25 \u00b0 C k\u00f6z\u00f6tti t\u00e1rol\u00e1si h\u0151m\u00e9rs\u00e9kleten.<\/p>\n\n\n\n<p>A nyitott tart\u00e1lyokat r\u00f6vid id\u0151n bel\u00fcl fel kell haszn\u00e1lni.<\/p>\n\n\n\n<p>A hosszabb t\u00e1rol\u00e1si id\u0151 nem felt\u00e9tlen\u00fcl jelenti a term\u00e9k haszn\u00e1lhatatlans\u00e1g\u00e1t, azonban min\u0151s\u00e9gbiztos\u00edt\u00e1si szempontb\u00f3l ellen\u0151rizni kell a rendeltet\u00e9sszer\u0171 haszn\u00e1lathoz k\u00edv\u00e1nt tulajdons\u00e1gokat.<\/p>\n<\/div>\n<\/div>\n\n<hr\/>\n\n<h4 class=\"wp-block-heading\" id=\"application\">Alkalmaz\u00e1s<\/h4>\n\n<div class=\"wp-block-columns is-layout-flex wp-container-core-columns-is-layout-9d6595d7 wp-block-columns-is-layout-flex\">\n<div class=\"wp-block-column is-layout-flow wp-block-column-is-layout-flow\">\n<ul class=\"wp-block-list\">\n<li><strong>V24 extr\u00e9m beton- \u00e9s k\u0151t\u00f6m\u00edt\u00e9s<\/strong> haszn\u00e1latra k\u00e9szen sz\u00e1ll\u00edtjuk, \u00e9s h\u00edg\u00edtatlanul vissz\u00fck fel az el\u0151re megtiszt\u00edtott \u00e9s sz\u00e1r\u00edtott fel\u00fcletre. Az alkalmaz\u00e1st\u00f3l f\u00fcgg\u0151en alkohollal h\u00edg\u00edthat\u00f3.<\/li>\n<\/ul>\n\n\n\n<ul class=\"wp-block-list\">\n<li>Minden kezelend\u0151 fel\u00fcletnek sz\u00e1raznak \u00e9s j\u00f3l tiszt\u00edthat\u00f3nak kell lennie, mivel csak \u00edgy biztos\u00edthat\u00f3 a t\u00f6m\u00edt\u0151anyag m\u00e9ly behatol\u00e1sa, amely optim\u00e1lis hossz\u00fa t\u00e1v\u00fa \u00e9s m\u00e9ly hat\u00e1st fejt ki.<\/li>\n<\/ul>\n\n\n\n<ul class=\"wp-block-list\">\n<li>Az alkalmaz\u00e1s ut\u00e1n a <strong><strong>V24 beton- \u00e9s k\u0151t\u00f6m\u00edt\u0151 extr\u00e9m<\/strong><\/strong> n\u00e9h\u00e1ny m\u00e1sodpercig foly\u00e9kony filmk\u00e9nt \u00e9rintkeznie kell a fel\u00fclettel.<\/li>\n<\/ul>\n\n\n\n<ul class=\"wp-block-list\">\n<li>A bevonat teljesen t\u00e9rh\u00e1l\u00f3sodik \u00e9s 24 \u00f3ra m\u00falva kikem\u00e9nyedik.<\/li>\n<\/ul>\n\n\n\n<p>A p\u00e1ly\u00e1zat r\u00e9szletes le\u00edr\u00e1sa adatlapunkon tal\u00e1lhat\u00f3<\/p>\n<\/div>\n\n\n\n<div class=\"wp-block-column is-layout-flow wp-block-column-is-layout-flow\">\n<p>V\u00e9d\u0151 \u00e1tl\u00e1tsz\u00f3 lakkbevonat minden \u00e1sv\u00e1nyi, nedvsz\u00edv\u00f3 beton- \u00e9s k\u0151fel\u00fclethez, belt\u00e9ren \u00e9s k\u00fclt\u00e9ren.<\/p>\n\n\n\n<p>\u2713 Beton (betont\u00f6mb, betonburkolat, l\u00e9pcs\u0151, gar\u00e1zs \u00e9s m\u0171hely padl\u00f3, betonozott ter\u00fcletek &#8230;)<\/p>\n\n\n\n<p>\u2713 K\u0151 (term\u00e9szetes k\u0151, t\u00e9rk\u0151, gr\u00e1nit, m\u00e9szhomok t\u00e9gla, pala, falazat, felj\u00e1r\u00f3 &#8230;)<\/p>\n\n\n\n<p><strong>Fontos:<\/strong> A haszn\u00e1lat korl\u00e1tozott er\u0151sen pol\u00edrozott, alacsony nedvsz\u00edv\u00f3 k\u00e9pess\u00e9g\u0171 fel\u00fcleteken, mivel itt nem j\u00f6het l\u00e9tre optim\u00e1lis k\u00f6t\u00e9s. Sz\u00fcks\u00e9g eset\u00e9n a fel\u00fcletet el\u0151zetesen \u00e9rdes\u00edteni kell (fel\u00fclett\u0151l f\u00fcgg\u0151en 60-100-as csiszol\u00f3pap\u00edrral) \u00e9s alapoz\u00f3 r\u00e9teget (1\/3 alkohol 2\/3 t\u00f6m\u00edt\u0151anyag) kell felvinni. Majd kb. 30 perc m\u00falva a h\u00edg\u00edtatlan lez\u00e1r\u00e1s.<\/p>\n\n\n\n<p>A fogyaszt\u00e1s a fel\u00fclet nedvsz\u00edv\u00f3 k\u00e9pess\u00e9g\u00e9t\u0151l f\u00fcgg, kb. 10-40m\u00b2 \/ liter.<\/p>\n<\/div>\n<\/div>\n","protected":false},"excerpt":{"rendered":"<p><strong>Rendk\u00edv\u00fcl v\u00edzleperget\u0151 \u00e1tl\u00e1tsz\u00f3 lakk belt\u00e9ri \u00e9s k\u00fclt\u00e9ri haszn\u00e1latra<\/strong>  <\/p>\n<p>\u2713 minden nedvsz\u00edv\u00f3 \u00e1sv\u00e1nyi k\u0151 \u00e9s beton fel\u00fcletre<\/p>\n<p>\u2713 K\u00f6nnyen tiszt\u00edthat\u00f3 hat\u00e1s: a szennyez\u0151d\u00e9s nem tapad, \u00e9s k\u00f6nnyen elt\u00e1vol\u00edthat\u00f3<\/p>\n<p>\u2713 a kezelt fel\u00fcletek nem l\u00e9legeznek<\/p>\n<p>\u2713 Megakad\u00e1lyozza a moha, zuzm\u00f3, gomb\u00e1k \u00e9s m\u00e1s term\u00e9szetes hat\u00e1sok n\u00f6veked\u00e9s\u00e9t<\/p>\n<p>\u2713 Sz\u00ednm\u00e9ly\u00edt\u0151 hat\u00e1s f\u00e9nyes f\u00f3li\u00e1val \/ a fel\u00fclet kiemel\u00e9s\u00e9vel<\/p>\n<p>\u2713 Szavatoss\u00e1gi id\u0151: ak\u00e1r 5 \u00e9v+<\/p>\n","protected":false},"featured_media":18107,"template":"","meta":{"_acf_changed":false,"neve_meta_sidebar":"","neve_meta_container":"","neve_meta_enable_content_width":"","neve_meta_content_width":0,"neve_meta_title_alignment":"","neve_meta_author_avatar":"","neve_post_elements_order":"","neve_meta_disable_header":"","neve_meta_disable_footer":"","neve_meta_disable_title":"","neve_meta_reading_time":"","_surfaces":[],"_ver_product_tabs":[],"footnotes":""},"product_brand":[],"product_cat":[2326],"product_tag":[],"class_list":{"0":"post-24700","1":"product","2":"type-product","3":"status-publish","4":"has-post-thumbnail","6":"product_cat-ko-es-beton-toemites","7":"pa_gebinde-1000-ml-es-palack","8":"pa_gebinde-20-literes-tartaly","10":"first","11":"instock","12":"taxable","13":"shipping-taxable","14":"purchasable","15":"product-type-variable","16":"has-default-attributes"},"acf":[],"yoast_head":"<!-- This site is optimized with the Yoast SEO Premium plugin v22.8 (Yoast SEO v27.5) - https:\/\/yoast.com\/product\/yoast-seo-premium-wordpress\/ -->\n<title>Pr\u00e9mium beton- \u00e9s k\u0151t\u00f6m\u00edt\u00e9s sz\u00ednm\u00e9ly\u00edt\u00e9ssel - versiegelung24<\/title>\n<meta name=\"description\" content=\"Pr\u00e9mium beton- \u00e9s k\u0151t\u00f6m\u00edt\u00e9s - tudjon meg t\u00f6bbet pr\u00e9mium beton- \u00e9s k\u0151t\u00f6m\u00edt\u00e9s\u00fcnkr\u0151l nanotechnol\u00f3gi\u00e1val \u00e9s sz\u00ednm\u00e9ly\u00edt\u00e9ssel\" \/>\n<meta name=\"robots\" content=\"index, follow, max-snippet:-1, max-image-preview:large, max-video-preview:-1\" \/>\n<link rel=\"canonical\" href=\"https:\/\/www.versiegelung24.com\/hu\/premium-beton-ko-toemito-extrem-vizlepergeto-nem-lelegzo.html\" \/>\n<meta property=\"og:locale\" content=\"hu_HU\" \/>\n<meta property=\"og:type\" content=\"article\" \/>\n<meta property=\"og:title\" content=\"Pr\u00e9mium beton- \u00e9s k\u0151t\u00f6m\u00edt\u00e9s sz\u00ednm\u00e9ly\u00edt\u00e9ssel - nem l\u00e9g\u00e1tereszt\u0151\" \/>\n<meta property=\"og:description\" content=\"Pr\u00e9mium beton- \u00e9s k\u0151t\u00f6m\u00edt\u00e9s - tudjon meg t\u00f6bbet pr\u00e9mium beton- \u00e9s k\u0151t\u00f6m\u00edt\u00e9s\u00fcnkr\u0151l nanotechnol\u00f3gi\u00e1val \u00e9s sz\u00ednm\u00e9ly\u00edt\u00e9ssel\" \/>\n<meta property=\"og:url\" content=\"https:\/\/www.versiegelung24.com\/hu\/premium-beton-ko-toemito-extrem-vizlepergeto-nem-lelegzo.html\" \/>\n<meta property=\"og:site_name\" content=\"versiegelung24.com\" \/>\n<meta property=\"article:modified_time\" content=\"2025-01-03T23:12:47+00:00\" \/>\n<meta property=\"og:image\" content=\"https:\/\/www.versiegelung24.com\/wp-content\/uploads\/2020\/06\/produkt-3008-704-1000-Beton-Stein-Versiegelung-extreme-Wasserabweisung-nicht-atmungsaktiv-scaled.jpg\" \/>\n\t<meta property=\"og:image:width\" content=\"2560\" \/>\n\t<meta property=\"og:image:height\" content=\"2560\" \/>\n\t<meta property=\"og:image:type\" content=\"image\/jpeg\" \/>\n<meta name=\"twitter:card\" content=\"summary_large_image\" \/>\n<meta name=\"twitter:label1\" content=\"El\u00e9rhet\u0151s\u00e9g\" \/>\n\t<meta name=\"twitter:data1\" content=\"K\u00e9szleten\" \/>\n<script type=\"application\/ld+json\" class=\"yoast-schema-graph\">{\"@context\":\"https:\\\/\\\/schema.org\",\"@graph\":[{\"@type\":\"WebPage\",\"@id\":\"https:\\\/\\\/www.versiegelung24.com\\\/hu\\\/premium-beton-ko-toemito-extrem-vizlepergeto-nem-lelegzo.html\",\"url\":\"https:\\\/\\\/www.versiegelung24.com\\\/hu\\\/premium-beton-ko-toemito-extrem-vizlepergeto-nem-lelegzo.html\",\"name\":\"Pr\u00e9mium beton- \u00e9s k\u0151t\u00f6m\u00edt\u00e9s sz\u00ednm\u00e9ly\u00edt\u00e9ssel - versiegelung24\",\"isPartOf\":{\"@id\":\"https:\\\/\\\/www.versiegelung24.com\\\/hu\\\/#website\"},\"primaryImageOfPage\":{\"@id\":\"https:\\\/\\\/www.versiegelung24.com\\\/hu\\\/premium-beton-ko-toemito-extrem-vizlepergeto-nem-lelegzo.html#primaryimage\"},\"image\":{\"@id\":\"https:\\\/\\\/www.versiegelung24.com\\\/hu\\\/premium-beton-ko-toemito-extrem-vizlepergeto-nem-lelegzo.html#primaryimage\"},\"thumbnailUrl\":\"https:\\\/\\\/www.versiegelung24.com\\\/wp-content\\\/uploads\\\/2020\\\/06\\\/produkt-3008-704-1000-Beton-Stein-Versiegelung-extreme-Wasserabweisung-nicht-atmungsaktiv-scaled.jpg\",\"datePublished\":\"2021-08-02T20:58:38+00:00\",\"dateModified\":\"2025-01-03T23:12:47+00:00\",\"description\":\"Pr\u00e9mium beton- \u00e9s k\u0151t\u00f6m\u00edt\u00e9s - tudjon meg t\u00f6bbet pr\u00e9mium beton- \u00e9s k\u0151t\u00f6m\u00edt\u00e9s\u00fcnkr\u0151l nanotechnol\u00f3gi\u00e1val \u00e9s sz\u00ednm\u00e9ly\u00edt\u00e9ssel\",\"breadcrumb\":{\"@id\":\"https:\\\/\\\/www.versiegelung24.com\\\/hu\\\/premium-beton-ko-toemito-extrem-vizlepergeto-nem-lelegzo.html#breadcrumb\"},\"inLanguage\":\"hu\",\"potentialAction\":[{\"@type\":\"ReadAction\",\"target\":[\"https:\\\/\\\/www.versiegelung24.com\\\/hu\\\/premium-beton-ko-toemito-extrem-vizlepergeto-nem-lelegzo.html\"]}]},{\"@type\":\"ImageObject\",\"inLanguage\":\"hu\",\"@id\":\"https:\\\/\\\/www.versiegelung24.com\\\/hu\\\/premium-beton-ko-toemito-extrem-vizlepergeto-nem-lelegzo.html#primaryimage\",\"url\":\"https:\\\/\\\/www.versiegelung24.com\\\/wp-content\\\/uploads\\\/2020\\\/06\\\/produkt-3008-704-1000-Beton-Stein-Versiegelung-extreme-Wasserabweisung-nicht-atmungsaktiv-scaled.jpg\",\"contentUrl\":\"https:\\\/\\\/www.versiegelung24.com\\\/wp-content\\\/uploads\\\/2020\\\/06\\\/produkt-3008-704-1000-Beton-Stein-Versiegelung-extreme-Wasserabweisung-nicht-atmungsaktiv-scaled.jpg\",\"width\":2560,\"height\":2560},{\"@type\":\"BreadcrumbList\",\"@id\":\"https:\\\/\\\/www.versiegelung24.com\\\/hu\\\/premium-beton-ko-toemito-extrem-vizlepergeto-nem-lelegzo.html#breadcrumb\",\"itemListElement\":[{\"@type\":\"ListItem\",\"position\":1,\"name\":\"Honlap\",\"item\":\"https:\\\/\\\/www.versiegelung24.com\\\/hu\\\/elol\\\/\"},{\"@type\":\"ListItem\",\"position\":2,\"name\":\"\u00dczlet\",\"item\":\"https:\\\/\\\/www.versiegelung24.com\\\/hu\\\/uzlet\\\/\"},{\"@type\":\"ListItem\",\"position\":3,\"name\":\"Pr\u00e9mium beton- \u00e9s k\u0151t\u00f6m\u00edt\u00e9s sz\u00ednm\u00e9ly\u00edt\u00e9ssel &#8211; nem l\u00e9g\u00e1tereszt\u0151\"}]},{\"@type\":\"WebSite\",\"@id\":\"https:\\\/\\\/www.versiegelung24.com\\\/hu\\\/#website\",\"url\":\"https:\\\/\\\/www.versiegelung24.com\\\/hu\\\/\",\"name\":\"versiegelung24.com\",\"description\":\"Fl\u00fcssigglas-Versiegelung - Made in Germany\",\"publisher\":{\"@id\":\"https:\\\/\\\/www.versiegelung24.com\\\/hu\\\/#organization\"},\"potentialAction\":[{\"@type\":\"SearchAction\",\"target\":{\"@type\":\"EntryPoint\",\"urlTemplate\":\"https:\\\/\\\/www.versiegelung24.com\\\/hu\\\/?s={search_term_string}\"},\"query-input\":{\"@type\":\"PropertyValueSpecification\",\"valueRequired\":true,\"valueName\":\"search_term_string\"}}],\"inLanguage\":\"hu\"},{\"@type\":\"Organization\",\"@id\":\"https:\\\/\\\/www.versiegelung24.com\\\/hu\\\/#organization\",\"name\":\"versiegelung24\",\"url\":\"https:\\\/\\\/www.versiegelung24.com\\\/hu\\\/\",\"logo\":{\"@type\":\"ImageObject\",\"inLanguage\":\"hu\",\"@id\":\"https:\\\/\\\/www.versiegelung24.com\\\/hu\\\/#\\\/schema\\\/logo\\\/image\\\/\",\"url\":\"https:\\\/\\\/www.versiegelung24.com\\\/wp-content\\\/uploads\\\/2020\\\/04\\\/versiegelung24.png\",\"contentUrl\":\"https:\\\/\\\/www.versiegelung24.com\\\/wp-content\\\/uploads\\\/2020\\\/04\\\/versiegelung24.png\",\"width\":470,\"height\":102,\"caption\":\"versiegelung24\"},\"image\":{\"@id\":\"https:\\\/\\\/www.versiegelung24.com\\\/hu\\\/#\\\/schema\\\/logo\\\/image\\\/\"}}]}<\/script>\n<meta property=\"og:availability\" content=\"instock\" \/>\n<meta property=\"product:availability\" content=\"instock\" \/>\n<meta property=\"product:retailer_item_id\" content=\"3008-704\" \/>\n<meta property=\"product:condition\" content=\"new\" \/>\n<!-- \/ Yoast SEO Premium plugin. -->","yoast_head_json":{"title":"Pr\u00e9mium beton- \u00e9s k\u0151t\u00f6m\u00edt\u00e9s sz\u00ednm\u00e9ly\u00edt\u00e9ssel - versiegelung24","description":"Pr\u00e9mium beton- \u00e9s k\u0151t\u00f6m\u00edt\u00e9s - tudjon meg t\u00f6bbet pr\u00e9mium beton- \u00e9s k\u0151t\u00f6m\u00edt\u00e9s\u00fcnkr\u0151l nanotechnol\u00f3gi\u00e1val \u00e9s sz\u00ednm\u00e9ly\u00edt\u00e9ssel","robots":{"index":"index","follow":"follow","max-snippet":"max-snippet:-1","max-image-preview":"max-image-preview:large","max-video-preview":"max-video-preview:-1"},"canonical":"https:\/\/www.versiegelung24.com\/hu\/premium-beton-ko-toemito-extrem-vizlepergeto-nem-lelegzo.html","og_locale":"hu_HU","og_type":"article","og_title":"Pr\u00e9mium beton- \u00e9s k\u0151t\u00f6m\u00edt\u00e9s sz\u00ednm\u00e9ly\u00edt\u00e9ssel - nem l\u00e9g\u00e1tereszt\u0151","og_description":"Pr\u00e9mium beton- \u00e9s k\u0151t\u00f6m\u00edt\u00e9s - tudjon meg t\u00f6bbet pr\u00e9mium beton- \u00e9s k\u0151t\u00f6m\u00edt\u00e9s\u00fcnkr\u0151l nanotechnol\u00f3gi\u00e1val \u00e9s sz\u00ednm\u00e9ly\u00edt\u00e9ssel","og_url":"https:\/\/www.versiegelung24.com\/hu\/premium-beton-ko-toemito-extrem-vizlepergeto-nem-lelegzo.html","og_site_name":"versiegelung24.com","article_modified_time":"2025-01-03T23:12:47+00:00","og_image":[{"width":2560,"height":2560,"url":"https:\/\/www.versiegelung24.com\/wp-content\/uploads\/2020\/06\/produkt-3008-704-1000-Beton-Stein-Versiegelung-extreme-Wasserabweisung-nicht-atmungsaktiv-scaled.jpg","type":"image\/jpeg"}],"twitter_card":"summary_large_image","twitter_misc":{"El\u00e9rhet\u0151s\u00e9g":"K\u00e9szleten"},"schema":{"@context":"https:\/\/schema.org","@graph":[{"@type":"WebPage","@id":"https:\/\/www.versiegelung24.com\/hu\/premium-beton-ko-toemito-extrem-vizlepergeto-nem-lelegzo.html","url":"https:\/\/www.versiegelung24.com\/hu\/premium-beton-ko-toemito-extrem-vizlepergeto-nem-lelegzo.html","name":"Pr\u00e9mium beton- \u00e9s k\u0151t\u00f6m\u00edt\u00e9s sz\u00ednm\u00e9ly\u00edt\u00e9ssel - versiegelung24","isPartOf":{"@id":"https:\/\/www.versiegelung24.com\/hu\/#website"},"primaryImageOfPage":{"@id":"https:\/\/www.versiegelung24.com\/hu\/premium-beton-ko-toemito-extrem-vizlepergeto-nem-lelegzo.html#primaryimage"},"image":{"@id":"https:\/\/www.versiegelung24.com\/hu\/premium-beton-ko-toemito-extrem-vizlepergeto-nem-lelegzo.html#primaryimage"},"thumbnailUrl":"https:\/\/www.versiegelung24.com\/wp-content\/uploads\/2020\/06\/produkt-3008-704-1000-Beton-Stein-Versiegelung-extreme-Wasserabweisung-nicht-atmungsaktiv-scaled.jpg","datePublished":"2021-08-02T20:58:38+00:00","dateModified":"2025-01-03T23:12:47+00:00","description":"Pr\u00e9mium beton- \u00e9s k\u0151t\u00f6m\u00edt\u00e9s - tudjon meg t\u00f6bbet pr\u00e9mium beton- \u00e9s k\u0151t\u00f6m\u00edt\u00e9s\u00fcnkr\u0151l nanotechnol\u00f3gi\u00e1val \u00e9s sz\u00ednm\u00e9ly\u00edt\u00e9ssel","breadcrumb":{"@id":"https:\/\/www.versiegelung24.com\/hu\/premium-beton-ko-toemito-extrem-vizlepergeto-nem-lelegzo.html#breadcrumb"},"inLanguage":"hu","potentialAction":[{"@type":"ReadAction","target":["https:\/\/www.versiegelung24.com\/hu\/premium-beton-ko-toemito-extrem-vizlepergeto-nem-lelegzo.html"]}]},{"@type":"ImageObject","inLanguage":"hu","@id":"https:\/\/www.versiegelung24.com\/hu\/premium-beton-ko-toemito-extrem-vizlepergeto-nem-lelegzo.html#primaryimage","url":"https:\/\/www.versiegelung24.com\/wp-content\/uploads\/2020\/06\/produkt-3008-704-1000-Beton-Stein-Versiegelung-extreme-Wasserabweisung-nicht-atmungsaktiv-scaled.jpg","contentUrl":"https:\/\/www.versiegelung24.com\/wp-content\/uploads\/2020\/06\/produkt-3008-704-1000-Beton-Stein-Versiegelung-extreme-Wasserabweisung-nicht-atmungsaktiv-scaled.jpg","width":2560,"height":2560},{"@type":"BreadcrumbList","@id":"https:\/\/www.versiegelung24.com\/hu\/premium-beton-ko-toemito-extrem-vizlepergeto-nem-lelegzo.html#breadcrumb","itemListElement":[{"@type":"ListItem","position":1,"name":"Honlap","item":"https:\/\/www.versiegelung24.com\/hu\/elol\/"},{"@type":"ListItem","position":2,"name":"\u00dczlet","item":"https:\/\/www.versiegelung24.com\/hu\/uzlet\/"},{"@type":"ListItem","position":3,"name":"Pr\u00e9mium beton- \u00e9s k\u0151t\u00f6m\u00edt\u00e9s sz\u00ednm\u00e9ly\u00edt\u00e9ssel &#8211; nem l\u00e9g\u00e1tereszt\u0151"}]},{"@type":"WebSite","@id":"https:\/\/www.versiegelung24.com\/hu\/#website","url":"https:\/\/www.versiegelung24.com\/hu\/","name":"versiegelung24.com","description":"Fl\u00fcssigglas-Versiegelung - Made in Germany","publisher":{"@id":"https:\/\/www.versiegelung24.com\/hu\/#organization"},"potentialAction":[{"@type":"SearchAction","target":{"@type":"EntryPoint","urlTemplate":"https:\/\/www.versiegelung24.com\/hu\/?s={search_term_string}"},"query-input":{"@type":"PropertyValueSpecification","valueRequired":true,"valueName":"search_term_string"}}],"inLanguage":"hu"},{"@type":"Organization","@id":"https:\/\/www.versiegelung24.com\/hu\/#organization","name":"versiegelung24","url":"https:\/\/www.versiegelung24.com\/hu\/","logo":{"@type":"ImageObject","inLanguage":"hu","@id":"https:\/\/www.versiegelung24.com\/hu\/#\/schema\/logo\/image\/","url":"https:\/\/www.versiegelung24.com\/wp-content\/uploads\/2020\/04\/versiegelung24.png","contentUrl":"https:\/\/www.versiegelung24.com\/wp-content\/uploads\/2020\/04\/versiegelung24.png","width":470,"height":102,"caption":"versiegelung24"},"image":{"@id":"https:\/\/www.versiegelung24.com\/hu\/#\/schema\/logo\/image\/"}}]},"og_availability":"instock","product_availability":"instock","product_retailer_item_id":"3008-704","product_condition":"new"},"_links":{"self":[{"href":"https:\/\/www.versiegelung24.com\/hu\/wp-json\/wp\/v2\/product\/24700","targetHints":{"allow":["GET"]}}],"collection":[{"href":"https:\/\/www.versiegelung24.com\/hu\/wp-json\/wp\/v2\/product"}],"about":[{"href":"https:\/\/www.versiegelung24.com\/hu\/wp-json\/wp\/v2\/types\/product"}],"version-history":[{"count":24,"href":"https:\/\/www.versiegelung24.com\/hu\/wp-json\/wp\/v2\/product\/24700\/revisions"}],"predecessor-version":[{"id":177055,"href":"https:\/\/www.versiegelung24.com\/hu\/wp-json\/wp\/v2\/product\/24700\/revisions\/177055"}],"wp:featuredmedia":[{"embeddable":true,"href":"https:\/\/www.versiegelung24.com\/hu\/wp-json\/wp\/v2\/media\/18107"}],"wp:attachment":[{"href":"https:\/\/www.versiegelung24.com\/hu\/wp-json\/wp\/v2\/media?parent=24700"}],"wp:term":[{"taxonomy":"product_brand","embeddable":true,"href":"https:\/\/www.versiegelung24.com\/hu\/wp-json\/wp\/v2\/product_brand?post=24700"},{"taxonomy":"product_cat","embeddable":true,"href":"https:\/\/www.versiegelung24.com\/hu\/wp-json\/wp\/v2\/product_cat?post=24700"},{"taxonomy":"product_tag","embeddable":true,"href":"https:\/\/www.versiegelung24.com\/hu\/wp-json\/wp\/v2\/product_tag?post=24700"}],"curies":[{"name":"wp","href":"https:\/\/api.w.org\/{rel}","templated":true}]}}