{"id":24777,"date":"2020-04-29T21:00:08","date_gmt":"2020-04-29T19:00:08","guid":{"rendered":"https:\/\/www.versiegelung24.com\/produkt\/minta-7675-univerzalis-tomitoanyag-kemeny-nem-nedvszivo-feluletekhez"},"modified":"2025-01-05T15:40:08","modified_gmt":"2025-01-05T14:40:08","slug":"minta-univerzalis-tomito-7675-kemeny-nem-nedvszivo-feluletekhez","status":"publish","type":"product","link":"https:\/\/www.versiegelung24.com\/hu\/minta-univerzalis-toemito-7675-kemeny-nem-nedvszivo-felueletekhez.html","title":{"rendered":"Minta: 7675 univerz\u00e1lis t\u00f6m\u00edt\u0151anyag &#8220;kem\u00e9ny&#8221;\/nem nedvsz\u00edv\u00f3 fel\u00fcletekhez &#8211; 4005-7675"},"content":{"rendered":"<p>10 ml-es minta univerz\u00e1lis t\u00f6m\u00edt\u0151anyagunkb\u00f3l &#8220;kem\u00e9ny&#8221; \/ nem nedvsz\u00edv\u00f3 fel\u00fcletekhez, tesztel\u00e9shez vagy kisebb ter\u00fcletek t\u00f6m\u00edt\u00e9s\u00e9hez.<\/p>\n","protected":false},"excerpt":{"rendered":"<p><strong>**\u00daJ** Rendk\u00edv\u00fcl hat\u00e9kony professzion\u00e1lis univerz\u00e1lis t\u00f6m\u00edt\u00e9s &#8220;kem\u00e9ny&#8221;\/nem nedvsz\u00edv\u00f3 fel\u00fcletekhez, mint pl.<\/strong><\/p>\n<p>\u2713 \u00dcveg<\/p>\n<p>\u2713 Ker\u00e1mia fel\u00fcletek<\/p>\n<p>\u2713 M\u0171anyag fel\u00fcletek<\/p>\n<p>\u2713 F\u00e9m fel\u00fcletek<\/p>\n<p>\u2713 K\u00f6nnyen tiszt\u00edthat\u00f3 hat\u00e1ssal<\/p>\n","protected":false},"featured_media":14611,"template":"","meta":{"_acf_changed":false,"neve_meta_sidebar":"","neve_meta_container":"","neve_meta_enable_content_width":"","neve_meta_content_width":0,"neve_meta_title_alignment":"","neve_meta_author_avatar":"","neve_post_elements_order":"","neve_meta_disable_header":"","neve_meta_disable_footer":"","neve_meta_disable_title":"","neve_meta_reading_time":"","_surfaces":[],"_ver_product_tabs":[],"footnotes":""},"product_brand":[],"product_cat":[2653],"product_tag":[],"class_list":{"0":"post-24777","1":"product","2":"type-product","3":"status-publish","4":"has-post-thumbnail","6":"product_cat-sablon","7":"pa_gebinde-10-ml-es-ueveg","9":"first","10":"instock","11":"sold-individually","12":"taxable","13":"shipping-taxable","14":"purchasable","15":"product-type-variable","16":"has-default-attributes"},"acf":[],"yoast_head":"<!-- This site is optimized with the Yoast SEO Premium plugin v22.8 (Yoast SEO v27.3) - https:\/\/yoast.com\/product\/yoast-seo-premium-wordpress\/ -->\n<title>Minta: 7675 univerz\u00e1lis t\u00f6m\u00edt\u0151anyag &quot;kem\u00e9ny&quot;\/nem nedvsz\u00edv\u00f3 fel\u00fcletekhez - 4005-7675 - versiegelung24.com<\/title>\n<meta name=\"robots\" content=\"index, follow, max-snippet:-1, max-image-preview:large, max-video-preview:-1\" \/>\n<link rel=\"canonical\" href=\"https:\/\/www.versiegelung24.com\/hu\/minta-univerzalis-toemito-7675-kemeny-nem-nedvszivo-felueletekhez.html\" \/>\n<meta property=\"og:locale\" content=\"hu_HU\" \/>\n<meta property=\"og:type\" content=\"article\" \/>\n<meta property=\"og:title\" content=\"Minta: 7675 univerz\u00e1lis t\u00f6m\u00edt\u0151anyag &quot;kem\u00e9ny&quot;\/nem nedvsz\u00edv\u00f3 fel\u00fcletekhez - 4005-7675\" \/>\n<meta property=\"og:description\" content=\"**\u00daJ** Rendk\u00edv\u00fcl hat\u00e9kony professzion\u00e1lis univerz\u00e1lis t\u00f6m\u00edt\u00e9s &quot;kem\u00e9ny&quot;\/nem nedvsz\u00edv\u00f3 fel\u00fcletekhez, mint pl. \u2713 \u00dcveg \u2713 Ker\u00e1mia fel\u00fcletek \u2713 M\u0171anyag fel\u00fcletek \u2713 F\u00e9m fel\u00fcletek \u2713 K\u00f6nnyen tiszt\u00edthat\u00f3 hat\u00e1ssal\" \/>\n<meta property=\"og:url\" content=\"https:\/\/www.versiegelung24.com\/hu\/minta-univerzalis-toemito-7675-kemeny-nem-nedvszivo-felueletekhez.html\" \/>\n<meta property=\"og:site_name\" content=\"versiegelung24.com\" \/>\n<meta property=\"article:modified_time\" content=\"2025-01-05T14:40:08+00:00\" \/>\n<meta property=\"og:image\" content=\"https:\/\/www.versiegelung24.com\/wp-content\/uploads\/2020\/04\/versiegelung-muster.png\" \/>\n\t<meta property=\"og:image:width\" content=\"1000\" \/>\n\t<meta property=\"og:image:height\" content=\"1000\" \/>\n\t<meta property=\"og:image:type\" content=\"image\/png\" \/>\n<meta name=\"twitter:card\" content=\"summary_large_image\" \/>\n<meta name=\"twitter:label1\" content=\"El\u00e9rhet\u0151s\u00e9g\" \/>\n\t<meta name=\"twitter:data1\" content=\"K\u00e9szleten\" \/>\n<script type=\"application\/ld+json\" class=\"yoast-schema-graph\">{\"@context\":\"https:\\\/\\\/schema.org\",\"@graph\":[{\"@type\":\"WebPage\",\"@id\":\"https:\\\/\\\/www.versiegelung24.com\\\/hu\\\/minta-univerzalis-toemito-7675-kemeny-nem-nedvszivo-felueletekhez.html\",\"url\":\"https:\\\/\\\/www.versiegelung24.com\\\/hu\\\/minta-univerzalis-toemito-7675-kemeny-nem-nedvszivo-felueletekhez.html\",\"name\":\"Minta: 7675 univerz\u00e1lis t\u00f6m\u00edt\u0151anyag \\\"kem\u00e9ny\\\"\\\/nem nedvsz\u00edv\u00f3 fel\u00fcletekhez - 4005-7675 - versiegelung24.com\",\"isPartOf\":{\"@id\":\"https:\\\/\\\/www.versiegelung24.com\\\/hu\\\/#website\"},\"primaryImageOfPage\":{\"@id\":\"https:\\\/\\\/www.versiegelung24.com\\\/hu\\\/minta-univerzalis-toemito-7675-kemeny-nem-nedvszivo-felueletekhez.html#primaryimage\"},\"image\":{\"@id\":\"https:\\\/\\\/www.versiegelung24.com\\\/hu\\\/minta-univerzalis-toemito-7675-kemeny-nem-nedvszivo-felueletekhez.html#primaryimage\"},\"thumbnailUrl\":\"https:\\\/\\\/www.versiegelung24.com\\\/wp-content\\\/uploads\\\/2020\\\/04\\\/versiegelung-muster.png\",\"datePublished\":\"2020-04-29T19:00:08+00:00\",\"dateModified\":\"2025-01-05T14:40:08+00:00\",\"breadcrumb\":{\"@id\":\"https:\\\/\\\/www.versiegelung24.com\\\/hu\\\/minta-univerzalis-toemito-7675-kemeny-nem-nedvszivo-felueletekhez.html#breadcrumb\"},\"inLanguage\":\"hu\",\"potentialAction\":[{\"@type\":\"ReadAction\",\"target\":[\"https:\\\/\\\/www.versiegelung24.com\\\/hu\\\/minta-univerzalis-toemito-7675-kemeny-nem-nedvszivo-felueletekhez.html\"]}]},{\"@type\":\"ImageObject\",\"inLanguage\":\"hu\",\"@id\":\"https:\\\/\\\/www.versiegelung24.com\\\/hu\\\/minta-univerzalis-toemito-7675-kemeny-nem-nedvszivo-felueletekhez.html#primaryimage\",\"url\":\"https:\\\/\\\/www.versiegelung24.com\\\/wp-content\\\/uploads\\\/2020\\\/04\\\/versiegelung-muster.png\",\"contentUrl\":\"https:\\\/\\\/www.versiegelung24.com\\\/wp-content\\\/uploads\\\/2020\\\/04\\\/versiegelung-muster.png\",\"width\":1000,\"height\":1000},{\"@type\":\"BreadcrumbList\",\"@id\":\"https:\\\/\\\/www.versiegelung24.com\\\/hu\\\/minta-univerzalis-toemito-7675-kemeny-nem-nedvszivo-felueletekhez.html#breadcrumb\",\"itemListElement\":[{\"@type\":\"ListItem\",\"position\":1,\"name\":\"Honlap\",\"item\":\"https:\\\/\\\/www.versiegelung24.com\\\/hu\\\/elol\\\/\"},{\"@type\":\"ListItem\",\"position\":2,\"name\":\"\u00dczlet\",\"item\":\"https:\\\/\\\/www.versiegelung24.com\\\/hu\\\/uzlet\\\/\"},{\"@type\":\"ListItem\",\"position\":3,\"name\":\"Minta: 7675 univerz\u00e1lis t\u00f6m\u00edt\u0151anyag &#8220;kem\u00e9ny&#8221;\\\/nem nedvsz\u00edv\u00f3 fel\u00fcletekhez &#8211; 4005-7675\"}]},{\"@type\":\"WebSite\",\"@id\":\"https:\\\/\\\/www.versiegelung24.com\\\/hu\\\/#website\",\"url\":\"https:\\\/\\\/www.versiegelung24.com\\\/hu\\\/\",\"name\":\"versiegelung24.com\",\"description\":\"Fl\u00fcssigglas-Versiegelung - Made in Germany\",\"publisher\":{\"@id\":\"https:\\\/\\\/www.versiegelung24.com\\\/hu\\\/#organization\"},\"potentialAction\":[{\"@type\":\"SearchAction\",\"target\":{\"@type\":\"EntryPoint\",\"urlTemplate\":\"https:\\\/\\\/www.versiegelung24.com\\\/hu\\\/?s={search_term_string}\"},\"query-input\":{\"@type\":\"PropertyValueSpecification\",\"valueRequired\":true,\"valueName\":\"search_term_string\"}}],\"inLanguage\":\"hu\"},{\"@type\":\"Organization\",\"@id\":\"https:\\\/\\\/www.versiegelung24.com\\\/hu\\\/#organization\",\"name\":\"versiegelung24\",\"url\":\"https:\\\/\\\/www.versiegelung24.com\\\/hu\\\/\",\"logo\":{\"@type\":\"ImageObject\",\"inLanguage\":\"hu\",\"@id\":\"https:\\\/\\\/www.versiegelung24.com\\\/hu\\\/#\\\/schema\\\/logo\\\/image\\\/\",\"url\":\"https:\\\/\\\/www.versiegelung24.com\\\/wp-content\\\/uploads\\\/2020\\\/04\\\/versiegelung24.png\",\"contentUrl\":\"https:\\\/\\\/www.versiegelung24.com\\\/wp-content\\\/uploads\\\/2020\\\/04\\\/versiegelung24.png\",\"width\":470,\"height\":102,\"caption\":\"versiegelung24\"},\"image\":{\"@id\":\"https:\\\/\\\/www.versiegelung24.com\\\/hu\\\/#\\\/schema\\\/logo\\\/image\\\/\"}}]}<\/script>\n<meta property=\"og:availability\" content=\"instock\" \/>\n<meta property=\"product:availability\" content=\"instock\" \/>\n<meta property=\"product:retailer_item_id\" content=\"4005-7675-muster\" \/>\n<meta property=\"product:condition\" content=\"new\" \/>\n<!-- \/ Yoast SEO Premium plugin. -->","yoast_head_json":{"title":"Minta: 7675 univerz\u00e1lis t\u00f6m\u00edt\u0151anyag \"kem\u00e9ny\"\/nem nedvsz\u00edv\u00f3 fel\u00fcletekhez - 4005-7675 - versiegelung24.com","robots":{"index":"index","follow":"follow","max-snippet":"max-snippet:-1","max-image-preview":"max-image-preview:large","max-video-preview":"max-video-preview:-1"},"canonical":"https:\/\/www.versiegelung24.com\/hu\/minta-univerzalis-toemito-7675-kemeny-nem-nedvszivo-felueletekhez.html","og_locale":"hu_HU","og_type":"article","og_title":"Minta: 7675 univerz\u00e1lis t\u00f6m\u00edt\u0151anyag \"kem\u00e9ny\"\/nem nedvsz\u00edv\u00f3 fel\u00fcletekhez - 4005-7675","og_description":"**\u00daJ** Rendk\u00edv\u00fcl hat\u00e9kony professzion\u00e1lis univerz\u00e1lis t\u00f6m\u00edt\u00e9s \"kem\u00e9ny\"\/nem nedvsz\u00edv\u00f3 fel\u00fcletekhez, mint pl. \u2713 \u00dcveg \u2713 Ker\u00e1mia fel\u00fcletek \u2713 M\u0171anyag fel\u00fcletek \u2713 F\u00e9m fel\u00fcletek \u2713 K\u00f6nnyen tiszt\u00edthat\u00f3 hat\u00e1ssal","og_url":"https:\/\/www.versiegelung24.com\/hu\/minta-univerzalis-toemito-7675-kemeny-nem-nedvszivo-felueletekhez.html","og_site_name":"versiegelung24.com","article_modified_time":"2025-01-05T14:40:08+00:00","og_image":[{"width":1000,"height":1000,"url":"https:\/\/www.versiegelung24.com\/wp-content\/uploads\/2020\/04\/versiegelung-muster.png","type":"image\/png"}],"twitter_card":"summary_large_image","twitter_misc":{"El\u00e9rhet\u0151s\u00e9g":"K\u00e9szleten"},"schema":{"@context":"https:\/\/schema.org","@graph":[{"@type":"WebPage","@id":"https:\/\/www.versiegelung24.com\/hu\/minta-univerzalis-toemito-7675-kemeny-nem-nedvszivo-felueletekhez.html","url":"https:\/\/www.versiegelung24.com\/hu\/minta-univerzalis-toemito-7675-kemeny-nem-nedvszivo-felueletekhez.html","name":"Minta: 7675 univerz\u00e1lis t\u00f6m\u00edt\u0151anyag \"kem\u00e9ny\"\/nem nedvsz\u00edv\u00f3 fel\u00fcletekhez - 4005-7675 - versiegelung24.com","isPartOf":{"@id":"https:\/\/www.versiegelung24.com\/hu\/#website"},"primaryImageOfPage":{"@id":"https:\/\/www.versiegelung24.com\/hu\/minta-univerzalis-toemito-7675-kemeny-nem-nedvszivo-felueletekhez.html#primaryimage"},"image":{"@id":"https:\/\/www.versiegelung24.com\/hu\/minta-univerzalis-toemito-7675-kemeny-nem-nedvszivo-felueletekhez.html#primaryimage"},"thumbnailUrl":"https:\/\/www.versiegelung24.com\/wp-content\/uploads\/2020\/04\/versiegelung-muster.png","datePublished":"2020-04-29T19:00:08+00:00","dateModified":"2025-01-05T14:40:08+00:00","breadcrumb":{"@id":"https:\/\/www.versiegelung24.com\/hu\/minta-univerzalis-toemito-7675-kemeny-nem-nedvszivo-felueletekhez.html#breadcrumb"},"inLanguage":"hu","potentialAction":[{"@type":"ReadAction","target":["https:\/\/www.versiegelung24.com\/hu\/minta-univerzalis-toemito-7675-kemeny-nem-nedvszivo-felueletekhez.html"]}]},{"@type":"ImageObject","inLanguage":"hu","@id":"https:\/\/www.versiegelung24.com\/hu\/minta-univerzalis-toemito-7675-kemeny-nem-nedvszivo-felueletekhez.html#primaryimage","url":"https:\/\/www.versiegelung24.com\/wp-content\/uploads\/2020\/04\/versiegelung-muster.png","contentUrl":"https:\/\/www.versiegelung24.com\/wp-content\/uploads\/2020\/04\/versiegelung-muster.png","width":1000,"height":1000},{"@type":"BreadcrumbList","@id":"https:\/\/www.versiegelung24.com\/hu\/minta-univerzalis-toemito-7675-kemeny-nem-nedvszivo-felueletekhez.html#breadcrumb","itemListElement":[{"@type":"ListItem","position":1,"name":"Honlap","item":"https:\/\/www.versiegelung24.com\/hu\/elol\/"},{"@type":"ListItem","position":2,"name":"\u00dczlet","item":"https:\/\/www.versiegelung24.com\/hu\/uzlet\/"},{"@type":"ListItem","position":3,"name":"Minta: 7675 univerz\u00e1lis t\u00f6m\u00edt\u0151anyag &#8220;kem\u00e9ny&#8221;\/nem nedvsz\u00edv\u00f3 fel\u00fcletekhez &#8211; 4005-7675"}]},{"@type":"WebSite","@id":"https:\/\/www.versiegelung24.com\/hu\/#website","url":"https:\/\/www.versiegelung24.com\/hu\/","name":"versiegelung24.com","description":"Fl\u00fcssigglas-Versiegelung - Made in Germany","publisher":{"@id":"https:\/\/www.versiegelung24.com\/hu\/#organization"},"potentialAction":[{"@type":"SearchAction","target":{"@type":"EntryPoint","urlTemplate":"https:\/\/www.versiegelung24.com\/hu\/?s={search_term_string}"},"query-input":{"@type":"PropertyValueSpecification","valueRequired":true,"valueName":"search_term_string"}}],"inLanguage":"hu"},{"@type":"Organization","@id":"https:\/\/www.versiegelung24.com\/hu\/#organization","name":"versiegelung24","url":"https:\/\/www.versiegelung24.com\/hu\/","logo":{"@type":"ImageObject","inLanguage":"hu","@id":"https:\/\/www.versiegelung24.com\/hu\/#\/schema\/logo\/image\/","url":"https:\/\/www.versiegelung24.com\/wp-content\/uploads\/2020\/04\/versiegelung24.png","contentUrl":"https:\/\/www.versiegelung24.com\/wp-content\/uploads\/2020\/04\/versiegelung24.png","width":470,"height":102,"caption":"versiegelung24"},"image":{"@id":"https:\/\/www.versiegelung24.com\/hu\/#\/schema\/logo\/image\/"}}]},"og_availability":"instock","product_availability":"instock","product_retailer_item_id":"4005-7675-muster","product_condition":"new"},"_links":{"self":[{"href":"https:\/\/www.versiegelung24.com\/hu\/wp-json\/wp\/v2\/product\/24777","targetHints":{"allow":["GET"]}}],"collection":[{"href":"https:\/\/www.versiegelung24.com\/hu\/wp-json\/wp\/v2\/product"}],"about":[{"href":"https:\/\/www.versiegelung24.com\/hu\/wp-json\/wp\/v2\/types\/product"}],"version-history":[{"count":3,"href":"https:\/\/www.versiegelung24.com\/hu\/wp-json\/wp\/v2\/product\/24777\/revisions"}],"predecessor-version":[{"id":141008,"href":"https:\/\/www.versiegelung24.com\/hu\/wp-json\/wp\/v2\/product\/24777\/revisions\/141008"}],"wp:featuredmedia":[{"embeddable":true,"href":"https:\/\/www.versiegelung24.com\/hu\/wp-json\/wp\/v2\/media\/14611"}],"wp:attachment":[{"href":"https:\/\/www.versiegelung24.com\/hu\/wp-json\/wp\/v2\/media?parent=24777"}],"wp:term":[{"taxonomy":"product_brand","embeddable":true,"href":"https:\/\/www.versiegelung24.com\/hu\/wp-json\/wp\/v2\/product_brand?post=24777"},{"taxonomy":"product_cat","embeddable":true,"href":"https:\/\/www.versiegelung24.com\/hu\/wp-json\/wp\/v2\/product_cat?post=24777"},{"taxonomy":"product_tag","embeddable":true,"href":"https:\/\/www.versiegelung24.com\/hu\/wp-json\/wp\/v2\/product_tag?post=24777"}],"curies":[{"name":"wp","href":"https:\/\/api.w.org\/{rel}","templated":true}]}}