{"id":25030,"date":"2020-05-20T20:21:58","date_gmt":"2021-08-02T21:20:21","guid":{"rendered":"https:\/\/www.versiegelung24.com\/produkt\/kezfertotlenito-dexan-500-ml-es-palack"},"modified":"2025-01-13T16:40:19","modified_gmt":"2025-01-13T15:40:19","slug":"dexan-kezfertotlenito-500-ml-es-flakon","status":"publish","type":"product","link":"https:\/\/www.versiegelung24.com\/hu\/kezfertotlenito-dexan-500ml-es-ueveg.html","title":{"rendered":"Dexan k\u00e9zfert\u0151tlen\u00edt\u0151 500 ml-es flakon"},"content":{"rendered":"\n<h2 class=\"wp-block-heading\" id=\"gebrauchsfertige-alkoholbasierte-handedesinfektion-mit-pflegekomponente-aloe-vera\">Haszn\u00e1latra k\u00e9sz, alkohol alap\u00fa k\u00e9zfert\u0151tlen\u00edt\u0151 \u00e1pol\u00f3 \u00f6sszetev\u0151kkel (aloe vera)<\/h2>\n\n<p>Korl\u00e1tozottan virucid (burokba burkolt v\u00edrusok) <strong>Tartoz\u00e9kok Koronav\u00edrus<\/strong>, HIV, HBV, HCV, influenza, herpesz, Ebola -v\u00edrus stb.)<\/p>\n\n<hr \/>\n\n<h4 class=\"wp-block-heading\" id=\"properties\">A term\u00e9k jellemz\u0151i<\/h4>\n\n<div class=\"wp-block-columns is-layout-flex wp-container-core-columns-is-layout-9d6595d7 wp-block-columns-is-layout-flex\">\n<div class=\"wp-block-column is-layout-flow wp-block-column-is-layout-flow\">\n<p><br \/>H<strong>at\u00e9konys\u00e1g:<\/strong> Az eur\u00f3pai k\u00f3rh\u00e1zi szabv\u00e1nyok szerint tesztelve: EN 1040, EN 1275, EN 1276, EN 1500: 1 perc; prEN 12054: 30s. Korl\u00e1tozott v\u00edrus\u00f6l\u0151 (burokolt v\u00edrusok, bele\u00e9rtve a koronav\u00edrust, a HIV -t, a HBV -t, a HCV -t, az influenz\u00e1t, a herpeszet, az Ebola -v\u00edrust stb.) A DVV \/ RKI ir\u00e1nymutat\u00e1sa szerint: 15s.<\/p>\n<\/div>\n\n\n\n<div class=\"wp-block-column is-layout-flow wp-block-column-is-layout-flow\">\n<p><br \/>R<strong>endeltet\u00e9sszer\u0171 haszn\u00e1lat:<\/strong> Higi\u00e9nikus k\u00e9zfert\u0151tlen\u00edt\u00e9shez.<\/p>\n\n\n\n<p><br \/><br \/>\u00d6sszet\u00e9tel: <strong> 100g tartalmaz: 50.0g etanol, 10.0g izopropanol, 0.10g benzalk\u00f3nium-klorid, tiszt\u00edtott v\u00edz, aloe vera kivonat.<\/strong><\/p>\n<\/div>\n<\/div>\n\n<hr \/>\n\n<h4 class=\"wp-block-heading\" id=\"application\">Alkalmaz\u00e1s<\/h4>\n\n<p>Tegyen annyi Dexant a sz\u00e1raz, csupasz kez\u00e9be, hogy a kezek minden ter\u00fclet\u00e9t teljesen bebor\u00edtsa a k\u00e9sz\u00edtm\u00e9ny. Alaposan d\u00f6rzs\u00f6lje a kez\u00e9be, tartsa nedvesen a kez\u00e9t a bed\u00f6rzs\u00f6l\u00e9s ideje alatt.<\/p>\n\n<hr \/>\n\n<h4 class=\"wp-block-heading\" id=\"advisor\">Tan\u00e1csad\u00f3<\/h4>\n\n<p><br \/>B<strong>iztons\u00e1gi tan\u00e1csok:<\/strong> K\u00f6nnyen gy\u00fal\u00e9kony folyad\u00e9k \u00e9s g\u0151z. S\u00falyos szemirrit\u00e1ci\u00f3t okoz. Tartsa t\u00e1vol h\u0151t\u0151l, forr\u00f3 fel\u00fcletekt\u0151l, szikr\u00e1t\u00f3l, ny\u00edlt l\u00e1ngt\u00f3l \u00e9s m\u00e1s gy\u00fajt\u00f3forr\u00e1sokt\u00f3l. Ne doh\u00e1nyozzon. Tartsa a tart\u00e1lyt szorosan z\u00e1rva. HA SZEMBEN: \u00d3vatosan \u00f6bl\u00edtse ki v\u00edzzel n\u00e9h\u00e1ny percig. Ha lehets\u00e9ges, vegye ki a kontaktlencs\u00e9ket. Folytassa az \u00f6bl\u00edt\u00e9st. Gyermekek el\u0151l elz\u00e1rva tartand\u00f3. Biocid Reg. sz.: 75940 A fert\u0151tlen\u00edt\u0151szert \u00f3vatosan haszn\u00e1lja. Haszn\u00e1lat el\u0151tt mindig olvassa el a c\u00edmk\u00e9t \u00e9s a term\u00e9kinform\u00e1ci\u00f3kat.<\/p>\n","protected":false},"excerpt":{"rendered":"<p><strong>Haszn\u00e1latra k\u00e9sz alkohol alap\u00fa k\u00e9zfert\u0151tlen\u00edt\u00e9s:<\/strong><\/p>\n<p>\u2713 \u00c1pol\u00f3 komponenssel (aloe vera)<\/p>\n<p>\u2713 Korl\u00e1tozottan v\u00edrus\u00f6l\u0151 (burkos v\u00edrusok, bele\u00e9rtve a koronav\u00edrust, HIV-t, HBV-t, HCV-t, influenza, herpesz, Ebola v\u00edrus stb.)<\/p>\n","protected":false},"featured_media":15536,"template":"","meta":{"_acf_changed":false,"neve_meta_sidebar":"","neve_meta_container":"","neve_meta_enable_content_width":"","neve_meta_content_width":0,"neve_meta_title_alignment":"","neve_meta_author_avatar":"","neve_post_elements_order":"","neve_meta_disable_header":"","neve_meta_disable_footer":"","neve_meta_disable_title":"","neve_meta_reading_time":"","_surfaces":[],"_ver_product_tabs":[],"footnotes":""},"product_brand":[],"product_cat":[2287,2692],"product_tag":[],"class_list":{"0":"post-25030","1":"product","2":"type-product","3":"status-publish","4":"has-post-thumbnail","6":"product_cat-fertotlenitoszerek","7":"product_cat-kezfertotlenito","9":"first","10":"instock","11":"taxable","12":"shipping-taxable","13":"purchasable","14":"product-type-simple"},"acf":[],"yoast_head":"<!-- This site is optimized with the Yoast SEO Premium plugin v22.8 (Yoast SEO v27.5) - https:\/\/yoast.com\/product\/yoast-seo-premium-wordpress\/ -->\n<title>Dexan k\u00e9zfert\u0151tlen\u00edt\u0151 500 ml-es flakon - versiegelung24.com<\/title>\n<meta name=\"robots\" content=\"index, follow, max-snippet:-1, max-image-preview:large, max-video-preview:-1\" \/>\n<link rel=\"canonical\" href=\"https:\/\/www.versiegelung24.com\/hu\/kezfertotlenito-dexan-500ml-es-ueveg.html\" \/>\n<meta property=\"og:locale\" content=\"hu_HU\" \/>\n<meta property=\"og:type\" content=\"article\" \/>\n<meta property=\"og:title\" content=\"Dexan k\u00e9zfert\u0151tlen\u00edt\u0151 500 ml-es flakon\" \/>\n<meta property=\"og:description\" content=\"Haszn\u00e1latra k\u00e9sz alkohol alap\u00fa k\u00e9zfert\u0151tlen\u00edt\u00e9s: \u2713 \u00c1pol\u00f3 komponenssel (aloe vera) \u2713 Korl\u00e1tozottan v\u00edrus\u00f6l\u0151 (burkos v\u00edrusok, bele\u00e9rtve a koronav\u00edrust, HIV-t, HBV-t, HCV-t, influenza, herpesz, Ebola v\u00edrus stb.)\" \/>\n<meta property=\"og:url\" content=\"https:\/\/www.versiegelung24.com\/hu\/kezfertotlenito-dexan-500ml-es-ueveg.html\" \/>\n<meta property=\"og:site_name\" content=\"versiegelung24.com\" \/>\n<meta property=\"article:modified_time\" content=\"2025-01-13T15:40:19+00:00\" \/>\n<meta property=\"og:image\" content=\"https:\/\/www.versiegelung24.com\/wp-content\/uploads\/2020\/05\/dexan-haendedesinfektionsmittel-500ml-1.png\" \/>\n\t<meta property=\"og:image:width\" content=\"2000\" \/>\n\t<meta property=\"og:image:height\" content=\"2000\" \/>\n\t<meta property=\"og:image:type\" content=\"image\/png\" \/>\n<meta name=\"twitter:card\" content=\"summary_large_image\" \/>\n<meta name=\"twitter:label1\" content=\"\u00c1r\" \/>\n\t<meta name=\"twitter:data1\" content=\"9,99&euro;\" \/>\n\t<meta name=\"twitter:label2\" content=\"El\u00e9rhet\u0151s\u00e9g\" \/>\n\t<meta name=\"twitter:data2\" content=\"K\u00e9szleten\" \/>\n<script type=\"application\/ld+json\" class=\"yoast-schema-graph\">{\"@context\":\"https:\\\/\\\/schema.org\",\"@graph\":[{\"@type\":\"WebPage\",\"@id\":\"https:\\\/\\\/www.versiegelung24.com\\\/hu\\\/kezfertotlenito-dexan-500ml-es-ueveg.html\",\"url\":\"https:\\\/\\\/www.versiegelung24.com\\\/hu\\\/kezfertotlenito-dexan-500ml-es-ueveg.html\",\"name\":\"Dexan k\u00e9zfert\u0151tlen\u00edt\u0151 500 ml-es flakon - versiegelung24.com\",\"isPartOf\":{\"@id\":\"https:\\\/\\\/www.versiegelung24.com\\\/hu\\\/#website\"},\"primaryImageOfPage\":{\"@id\":\"https:\\\/\\\/www.versiegelung24.com\\\/hu\\\/kezfertotlenito-dexan-500ml-es-ueveg.html#primaryimage\"},\"image\":{\"@id\":\"https:\\\/\\\/www.versiegelung24.com\\\/hu\\\/kezfertotlenito-dexan-500ml-es-ueveg.html#primaryimage\"},\"thumbnailUrl\":\"https:\\\/\\\/www.versiegelung24.com\\\/wp-content\\\/uploads\\\/2020\\\/05\\\/dexan-haendedesinfektionsmittel-500ml-1.png\",\"datePublished\":\"2021-08-02T21:20:21+00:00\",\"dateModified\":\"2025-01-13T15:40:19+00:00\",\"breadcrumb\":{\"@id\":\"https:\\\/\\\/www.versiegelung24.com\\\/hu\\\/kezfertotlenito-dexan-500ml-es-ueveg.html#breadcrumb\"},\"inLanguage\":\"hu\",\"potentialAction\":[{\"@type\":\"ReadAction\",\"target\":[\"https:\\\/\\\/www.versiegelung24.com\\\/hu\\\/kezfertotlenito-dexan-500ml-es-ueveg.html\"]}]},{\"@type\":\"ImageObject\",\"inLanguage\":\"hu\",\"@id\":\"https:\\\/\\\/www.versiegelung24.com\\\/hu\\\/kezfertotlenito-dexan-500ml-es-ueveg.html#primaryimage\",\"url\":\"https:\\\/\\\/www.versiegelung24.com\\\/wp-content\\\/uploads\\\/2020\\\/05\\\/dexan-haendedesinfektionsmittel-500ml-1.png\",\"contentUrl\":\"https:\\\/\\\/www.versiegelung24.com\\\/wp-content\\\/uploads\\\/2020\\\/05\\\/dexan-haendedesinfektionsmittel-500ml-1.png\",\"width\":2000,\"height\":2000},{\"@type\":\"BreadcrumbList\",\"@id\":\"https:\\\/\\\/www.versiegelung24.com\\\/hu\\\/kezfertotlenito-dexan-500ml-es-ueveg.html#breadcrumb\",\"itemListElement\":[{\"@type\":\"ListItem\",\"position\":1,\"name\":\"Honlap\",\"item\":\"https:\\\/\\\/www.versiegelung24.com\\\/hu\\\/elol\\\/\"},{\"@type\":\"ListItem\",\"position\":2,\"name\":\"\u00dczlet\",\"item\":\"https:\\\/\\\/www.versiegelung24.com\\\/hu\\\/uzlet\\\/\"},{\"@type\":\"ListItem\",\"position\":3,\"name\":\"Dexan k\u00e9zfert\u0151tlen\u00edt\u0151 500 ml-es flakon\"}]},{\"@type\":\"WebSite\",\"@id\":\"https:\\\/\\\/www.versiegelung24.com\\\/hu\\\/#website\",\"url\":\"https:\\\/\\\/www.versiegelung24.com\\\/hu\\\/\",\"name\":\"versiegelung24.com\",\"description\":\"Fl\u00fcssigglas-Versiegelung - Made in Germany\",\"publisher\":{\"@id\":\"https:\\\/\\\/www.versiegelung24.com\\\/hu\\\/#organization\"},\"potentialAction\":[{\"@type\":\"SearchAction\",\"target\":{\"@type\":\"EntryPoint\",\"urlTemplate\":\"https:\\\/\\\/www.versiegelung24.com\\\/hu\\\/?s={search_term_string}\"},\"query-input\":{\"@type\":\"PropertyValueSpecification\",\"valueRequired\":true,\"valueName\":\"search_term_string\"}}],\"inLanguage\":\"hu\"},{\"@type\":\"Organization\",\"@id\":\"https:\\\/\\\/www.versiegelung24.com\\\/hu\\\/#organization\",\"name\":\"versiegelung24\",\"url\":\"https:\\\/\\\/www.versiegelung24.com\\\/hu\\\/\",\"logo\":{\"@type\":\"ImageObject\",\"inLanguage\":\"hu\",\"@id\":\"https:\\\/\\\/www.versiegelung24.com\\\/hu\\\/#\\\/schema\\\/logo\\\/image\\\/\",\"url\":\"https:\\\/\\\/www.versiegelung24.com\\\/wp-content\\\/uploads\\\/2020\\\/04\\\/versiegelung24.png\",\"contentUrl\":\"https:\\\/\\\/www.versiegelung24.com\\\/wp-content\\\/uploads\\\/2020\\\/04\\\/versiegelung24.png\",\"width\":470,\"height\":102,\"caption\":\"versiegelung24\"},\"image\":{\"@id\":\"https:\\\/\\\/www.versiegelung24.com\\\/hu\\\/#\\\/schema\\\/logo\\\/image\\\/\"}}]}<\/script>\n<meta property=\"product:price:amount\" content=\"9.99\" \/>\n<meta property=\"product:price:currency\" content=\"EUR\" \/>\n<meta property=\"og:availability\" content=\"instock\" \/>\n<meta property=\"product:availability\" content=\"instock\" \/>\n<meta property=\"product:retailer_item_id\" content=\"dexan-500\" \/>\n<meta property=\"product:condition\" content=\"new\" \/>\n<!-- \/ Yoast SEO Premium plugin. -->","yoast_head_json":{"title":"Dexan k\u00e9zfert\u0151tlen\u00edt\u0151 500 ml-es flakon - versiegelung24.com","robots":{"index":"index","follow":"follow","max-snippet":"max-snippet:-1","max-image-preview":"max-image-preview:large","max-video-preview":"max-video-preview:-1"},"canonical":"https:\/\/www.versiegelung24.com\/hu\/kezfertotlenito-dexan-500ml-es-ueveg.html","og_locale":"hu_HU","og_type":"article","og_title":"Dexan k\u00e9zfert\u0151tlen\u00edt\u0151 500 ml-es flakon","og_description":"Haszn\u00e1latra k\u00e9sz alkohol alap\u00fa k\u00e9zfert\u0151tlen\u00edt\u00e9s: \u2713 \u00c1pol\u00f3 komponenssel (aloe vera) \u2713 Korl\u00e1tozottan v\u00edrus\u00f6l\u0151 (burkos v\u00edrusok, bele\u00e9rtve a koronav\u00edrust, HIV-t, HBV-t, HCV-t, influenza, herpesz, Ebola v\u00edrus stb.)","og_url":"https:\/\/www.versiegelung24.com\/hu\/kezfertotlenito-dexan-500ml-es-ueveg.html","og_site_name":"versiegelung24.com","article_modified_time":"2025-01-13T15:40:19+00:00","og_image":[{"width":2000,"height":2000,"url":"https:\/\/www.versiegelung24.com\/wp-content\/uploads\/2020\/05\/dexan-haendedesinfektionsmittel-500ml-1.png","type":"image\/png"}],"twitter_card":"summary_large_image","twitter_misc":{"\u00c1r":"9,99&euro;","El\u00e9rhet\u0151s\u00e9g":"K\u00e9szleten"},"schema":{"@context":"https:\/\/schema.org","@graph":[{"@type":"WebPage","@id":"https:\/\/www.versiegelung24.com\/hu\/kezfertotlenito-dexan-500ml-es-ueveg.html","url":"https:\/\/www.versiegelung24.com\/hu\/kezfertotlenito-dexan-500ml-es-ueveg.html","name":"Dexan k\u00e9zfert\u0151tlen\u00edt\u0151 500 ml-es flakon - versiegelung24.com","isPartOf":{"@id":"https:\/\/www.versiegelung24.com\/hu\/#website"},"primaryImageOfPage":{"@id":"https:\/\/www.versiegelung24.com\/hu\/kezfertotlenito-dexan-500ml-es-ueveg.html#primaryimage"},"image":{"@id":"https:\/\/www.versiegelung24.com\/hu\/kezfertotlenito-dexan-500ml-es-ueveg.html#primaryimage"},"thumbnailUrl":"https:\/\/www.versiegelung24.com\/wp-content\/uploads\/2020\/05\/dexan-haendedesinfektionsmittel-500ml-1.png","datePublished":"2021-08-02T21:20:21+00:00","dateModified":"2025-01-13T15:40:19+00:00","breadcrumb":{"@id":"https:\/\/www.versiegelung24.com\/hu\/kezfertotlenito-dexan-500ml-es-ueveg.html#breadcrumb"},"inLanguage":"hu","potentialAction":[{"@type":"ReadAction","target":["https:\/\/www.versiegelung24.com\/hu\/kezfertotlenito-dexan-500ml-es-ueveg.html"]}]},{"@type":"ImageObject","inLanguage":"hu","@id":"https:\/\/www.versiegelung24.com\/hu\/kezfertotlenito-dexan-500ml-es-ueveg.html#primaryimage","url":"https:\/\/www.versiegelung24.com\/wp-content\/uploads\/2020\/05\/dexan-haendedesinfektionsmittel-500ml-1.png","contentUrl":"https:\/\/www.versiegelung24.com\/wp-content\/uploads\/2020\/05\/dexan-haendedesinfektionsmittel-500ml-1.png","width":2000,"height":2000},{"@type":"BreadcrumbList","@id":"https:\/\/www.versiegelung24.com\/hu\/kezfertotlenito-dexan-500ml-es-ueveg.html#breadcrumb","itemListElement":[{"@type":"ListItem","position":1,"name":"Honlap","item":"https:\/\/www.versiegelung24.com\/hu\/elol\/"},{"@type":"ListItem","position":2,"name":"\u00dczlet","item":"https:\/\/www.versiegelung24.com\/hu\/uzlet\/"},{"@type":"ListItem","position":3,"name":"Dexan k\u00e9zfert\u0151tlen\u00edt\u0151 500 ml-es flakon"}]},{"@type":"WebSite","@id":"https:\/\/www.versiegelung24.com\/hu\/#website","url":"https:\/\/www.versiegelung24.com\/hu\/","name":"versiegelung24.com","description":"Fl\u00fcssigglas-Versiegelung - Made in Germany","publisher":{"@id":"https:\/\/www.versiegelung24.com\/hu\/#organization"},"potentialAction":[{"@type":"SearchAction","target":{"@type":"EntryPoint","urlTemplate":"https:\/\/www.versiegelung24.com\/hu\/?s={search_term_string}"},"query-input":{"@type":"PropertyValueSpecification","valueRequired":true,"valueName":"search_term_string"}}],"inLanguage":"hu"},{"@type":"Organization","@id":"https:\/\/www.versiegelung24.com\/hu\/#organization","name":"versiegelung24","url":"https:\/\/www.versiegelung24.com\/hu\/","logo":{"@type":"ImageObject","inLanguage":"hu","@id":"https:\/\/www.versiegelung24.com\/hu\/#\/schema\/logo\/image\/","url":"https:\/\/www.versiegelung24.com\/wp-content\/uploads\/2020\/04\/versiegelung24.png","contentUrl":"https:\/\/www.versiegelung24.com\/wp-content\/uploads\/2020\/04\/versiegelung24.png","width":470,"height":102,"caption":"versiegelung24"},"image":{"@id":"https:\/\/www.versiegelung24.com\/hu\/#\/schema\/logo\/image\/"}}]},"product_price_amount":"9.99","product_price_currency":"EUR","og_availability":"instock","product_availability":"instock","product_retailer_item_id":"dexan-500","product_condition":"new"},"_links":{"self":[{"href":"https:\/\/www.versiegelung24.com\/hu\/wp-json\/wp\/v2\/product\/25030","targetHints":{"allow":["GET"]}}],"collection":[{"href":"https:\/\/www.versiegelung24.com\/hu\/wp-json\/wp\/v2\/product"}],"about":[{"href":"https:\/\/www.versiegelung24.com\/hu\/wp-json\/wp\/v2\/types\/product"}],"version-history":[{"count":11,"href":"https:\/\/www.versiegelung24.com\/hu\/wp-json\/wp\/v2\/product\/25030\/revisions"}],"predecessor-version":[{"id":180589,"href":"https:\/\/www.versiegelung24.com\/hu\/wp-json\/wp\/v2\/product\/25030\/revisions\/180589"}],"wp:featuredmedia":[{"embeddable":true,"href":"https:\/\/www.versiegelung24.com\/hu\/wp-json\/wp\/v2\/media\/15536"}],"wp:attachment":[{"href":"https:\/\/www.versiegelung24.com\/hu\/wp-json\/wp\/v2\/media?parent=25030"}],"wp:term":[{"taxonomy":"product_brand","embeddable":true,"href":"https:\/\/www.versiegelung24.com\/hu\/wp-json\/wp\/v2\/product_brand?post=25030"},{"taxonomy":"product_cat","embeddable":true,"href":"https:\/\/www.versiegelung24.com\/hu\/wp-json\/wp\/v2\/product_cat?post=25030"},{"taxonomy":"product_tag","embeddable":true,"href":"https:\/\/www.versiegelung24.com\/hu\/wp-json\/wp\/v2\/product_tag?post=25030"}],"curies":[{"name":"wp","href":"https:\/\/api.w.org\/{rel}","templated":true}]}}