{"id":25503,"date":"2020-04-04T18:53:18","date_gmt":"2021-08-03T08:08:17","guid":{"rendered":"https:\/\/www.versiegelung24.com\/produkt\/bacoban-hosszu-tavu-feluleti-fertotlenito-torlokendo-50-db-lapos-csomagolasban"},"modified":"2025-01-13T16:37:55","modified_gmt":"2025-01-13T15:37:55","slug":"bacoban-hosszu-tavu-felulet-fertotlenito-kendok-50-darab-lapos-csomag-kendo-formatumban-180-x-200mm","status":"publish","type":"product","link":"https:\/\/www.versiegelung24.com\/hu\/bacoban-hosszu-tavu-feluelet-fertotlenito-kendok-50-darab-lapos-csomag-kendo-formatumban-180-x-200mm.html","title":{"rendered":"BACOBAN\u00ae hossz\u00fa t\u00e1v\u00fa fel\u00fcleti fert\u0151tlen\u00edt\u0151 t\u00f6rl\u0151kend\u0151, 50 db lapos csomagol\u00e1sban"},"content":{"rendered":"\n<p>Haszn\u00e1latra k\u00e9sz nedves t\u00f6rl\u0151kend\u0151k alkoholnak ellen\u00e1ll\u00f3 fel\u00fcletek fert\u0151tlen\u00edt\u00e9s\u00e9re<\/p>\n\n<hr \/>\n\n<h4 class=\"wp-block-heading\" id=\"properties\">A term\u00e9k jellemz\u0151i<\/h4>\n\n<div class=\"wp-block-columns is-layout-flex wp-container-core-columns-is-layout-9d6595d7 wp-block-columns-is-layout-flex\">\n<div class=\"wp-block-column is-layout-flow wp-block-column-is-layout-flow\">\n<ul class=\"wp-block-list\">\n<li><br \/>Tart\u00f3s antimikrobi\u00e1lis hat\u00e1s (remanenciahat\u00e1s) ak\u00e1r 10 napig is<\/li>\n\n\n\n<li>hat\u00e9kony a koronav\u00edrus ellen<\/li>\n\n\n\n<li>nagyon j\u00f3 b\u0151r tolerancia<\/li>\n\n\n\n<li>magas tiszt\u00edt\u00f3 hat\u00e1s<\/li>\n\n\n\n<li>Gyakorlati alkalmaz\u00e1s tesztelve a 4 mez\u0151s tesztben<\/li>\n<\/ul>\n<\/div>\n\n\n\n<div class=\"wp-block-column is-layout-flow wp-block-column-is-layout-flow\">\n<h3 class=\"wp-block-heading\" id=\"zusammensetzung\">fogalmaz\u00e1s<\/h3>\n\n\n\n<p>100 g oldat tartalmaz:<br \/><br \/>\u00d6sszetev\u0151k a 648\/2004\/EK rendelet szerint: kevesebb mint 5% kationos fel\u00fcletakt\u00edv anyag, fert\u0151tlen\u00edt\u0151szer, illatanyag. Formaldehidmentes, fenolmentes.<\/p>\n<\/div>\n<\/div>\n\n<hr \/>\n\n<h4 class=\"wp-block-heading\" id=\"application\">Alkalmaz\u00e1s<\/h4>\n\n<p><strong>Bacoban<\/strong><sup> \u00ae<\/sup><strong> DL<\/strong> haszn\u00e1latra k\u00e9sz, v\u00edzb\u00e1zis\u00fa oldat fel\u00fcletfert\u0151tlen\u00edt\u00e9shez \u00e9s tiszt\u00edt\u00e1shoz, tart\u00f3s, antimikrobi\u00e1lis hat\u00e1ssal (remanencia hat\u00e1s).<\/p>\n\n<h3 class=\"wp-block-heading\" id=\"gebrauch\">haszn\u00e1lat<\/h3>\n\n<p><strong>Bacoban<\/strong><sup> \u00ae<\/sup><strong> DL<\/strong> T\u00e1vol\u00edtsa el a haszn\u00e1latra k\u00e9sz kend\u0151t, \u00e9s egyenletesen ossza el a folyad\u00e9kot a fel\u00fcleten. Ezut\u00e1n hagyja megsz\u00e1radni. Ne \u00f6bl\u00edtse le vagy d\u00f6rzs\u00f6lje sz\u00e1razra.<\/p>\n\n<figure class=\"wp-block-table\"><table><tbody><tr><td>hat\u00e9konys\u00e1g<\/td><\/tr><tr><td>Tesztel\u00e9s DVV \/ RKI ir\u00e1nyelvek szerint<\/td><td>Kitetts\u00e9gi id\u0151<\/td><\/tr><tr><td><br \/>Korl\u00e1tozott v\u00edrus\u00f6l\u0151 hat\u00e1s\u00fa (burkolt v\u00edrusok, bele\u00e9rtve a <strong>koronav\u00edrust<\/strong>, HIV, HBV, HCV, influenza, herpesz, Ebola v\u00edrus&#8230;.).<\/td><td>5 perc<\/td><\/tr><tr><td>Rotav\u00edrus<\/td><td>5 perc<\/td><\/tr><tr><td>Norov\u00edrus<\/td><td>30 perc<\/td><\/tr><tr><td>Papillomav\u00edrus (HPV)<\/td><td>60 perc<\/td><\/tr><tr><td>Vizsg\u00e1lat a DGHM ir\u00e1nyelve szerint (mechanik\u00e1val, nagy terhel\u00e9ssel)<\/td><\/tr><tr><td>baktericid \u00e9s \u00e9leszt\u0151g\u00e1tl\u00f3<\/td><td>5 perc<\/td><\/tr><tr><td>EN szabv\u00e1nyok<\/td><\/tr><tr><td>EN 1040 (baktericid)<\/td><td>5 perc<\/td><\/tr><tr><td>EN 1275 (\u00e9leszt\u0151irt\u00f3)<\/td><td>5 perc<\/td><\/tr><tr><td>EN 1276 (baktericid)<\/td><td>5 perc<\/td><\/tr><tr><td>EN 13727 (baktericid)<\/td><td>5 perc<\/td><\/tr><tr><td>EN 13624 (\u00e9leszt\u0151, fungicid)<\/td><td>5 perc<\/td><\/tr><tr><td>EN 1650 (\u00e9leszt\u0151irt\u00f3)<\/td><td>5 perc<\/td><\/tr><tr><td>EN 13697 (baktericid)<\/td><td>5 perc<\/td><\/tr><tr><td>EN 14561 (baktericid)<\/td><td>60 perc<\/td><\/tr><tr><td>EN 14562 (\u00e9leszt\u0151irt\u00f3)<\/td><td>60 perc<\/td><\/tr><tr><td>EN 16615 (baktericid, \u00e9leszt\u0151irt\u00f3) (4 mez\u0151s teszt)<\/td><td>5 perc<\/td><\/tr><\/tbody><\/table><\/figure>\n\n<hr \/>\n\n<h4 class=\"wp-block-heading\" id=\"advisor\">Tan\u00e1csad\u00f3<\/h4>\n\n<h3 class=\"wp-block-heading\" id=\"lagerung\">t\u00e1rol\u00e1s<\/h3>\n\n<p><strong>Bacoban<\/strong><sup> \u00ae<\/sup><strong> DL<\/strong> +5 \u00e9s + 25 \u00b0 C k\u00f6z\u00f6tt t\u00e1roland\u00f3. \u00d3vja a fagyt\u00f3l \u00e9s a k\u00f6zvetlen napf\u00e9nyt\u0151l.<\/p>\n\n<h3 class=\"wp-block-heading\" id=\"gutachten\">\u00c9rt\u00e9kel\u00e9s<\/h3>\n\n<p>Term\u00e9keinket alaposan tesztelt\u00e9k. K\u00e9r\u00e9sre \u00f6r\u00f6mmel bocs\u00e1tjuk rendelkez\u00e9s\u00e9re mikrobiol\u00f3giai \u00e9s b\u0151rgy\u00f3gy\u00e1szati jelent\u00e9seinket.<\/p>\n\n<h3 class=\"wp-block-heading\" id=\"sicherheitshinweis\">Biztons\u00e1gi megjegyz\u00e9s<\/h3>\n\n<p>K\u00e9r\u00e9sre biztons\u00e1gi adatlap is rendelkez\u00e9sre \u00e1ll.<\/p>\n\n<p><br \/>Tart\u00f3s antimikrobi\u00e1lis hat\u00e1s <strong>(remanens hat\u00e1s<\/strong> ) ak\u00e1r <strong>10 napig<\/strong> (ASTM E 2180 szabv\u00e1ny szerint tesztelve). B\u0151rgy\u00f3gy\u00e1szati vizsg\u00e1lat (epikut\u00e1n teszt 30 tesztalanyon): nagyon j\u00f3 b\u0151rkompatibilit\u00e1s.<\/p>\n\n<p><strong>Fontos<\/strong> ! Az antimikrobi\u00e1lis remanens hat\u00e1sa<strong> Bacoban<\/strong><sup> \u00ae<\/sup><strong> DL<\/strong> nem vezethet a sz\u00fcks\u00e9ges fert\u0151tlen\u00edt\u00e9si int\u00e9zked\u00e9sek mell\u0151z\u00e9s\u00e9hez l\u00e1that\u00f3 \u00e9s \/ vagy megk\u00e9rd\u0151jelezhet\u0151 szennyez\u0151d\u00e9s eset\u00e9n!<\/p>\n\n<p><strong>\u00d3vatosan haszn\u00e1ljon fert\u0151tlen\u00edt\u0151szereket. Haszn\u00e1lat el\u0151tt mindig olvassa el a c\u00edmk\u00e9t \u00e9s a term\u00e9kinform\u00e1ci\u00f3kat.<\/strong><\/p>\n\n<p>Biocide Reg.sz .: N-34071 (D), 262\/17 \/ L (Lu), PT2<\/p>\n","protected":false},"excerpt":{"rendered":"<p><strong>Haszn\u00e1latra k\u00e9sz nedves t\u00f6rl\u0151kend\u0151k a fel\u00fcletek fert\u0151tlen\u00edt\u00e9s\u00e9re<\/strong><\/p>\n","protected":false},"featured_media":176465,"template":"","meta":{"_acf_changed":false,"neve_meta_sidebar":"","neve_meta_container":"","neve_meta_enable_content_width":"","neve_meta_content_width":0,"neve_meta_title_alignment":"","neve_meta_author_avatar":"","neve_post_elements_order":"","neve_meta_disable_header":"","neve_meta_disable_footer":"","neve_meta_disable_title":"","neve_meta_reading_time":"","_surfaces":[],"_ver_product_tabs":[],"footnotes":""},"product_brand":[],"product_cat":[2287,2288],"product_tag":[],"class_list":{"0":"post-25503","1":"product","2":"type-product","3":"status-publish","4":"has-post-thumbnail","6":"product_cat-fertotlenitoszerek","7":"product_cat-felueleti-fertotlenitoszerek","9":"first","10":"onbackorder","11":"taxable","12":"shipping-taxable","13":"purchasable","14":"product-type-simple"},"acf":[],"yoast_head":"<!-- This site is optimized with the Yoast SEO Premium plugin v22.8 (Yoast SEO v27.5) - https:\/\/yoast.com\/product\/yoast-seo-premium-wordpress\/ -->\n<title>BACOBAN\u00ae hossz\u00fa t\u00e1v\u00fa fel\u00fcleti fert\u0151tlen\u00edt\u0151 t\u00f6rl\u0151kend\u0151, 50 db lapos csomagol\u00e1sban - versiegelung24.com<\/title>\n<meta name=\"robots\" content=\"index, follow, max-snippet:-1, max-image-preview:large, max-video-preview:-1\" \/>\n<link rel=\"canonical\" href=\"https:\/\/www.versiegelung24.com\/hu\/bacoban-hosszu-tavu-feluelet-fertotlenito-kendok-50-darab-lapos-csomag-kendo-formatumban-180-x-200mm.html\" \/>\n<meta property=\"og:locale\" content=\"hu_HU\" \/>\n<meta property=\"og:type\" content=\"article\" \/>\n<meta property=\"og:title\" content=\"BACOBAN\u00ae hossz\u00fa t\u00e1v\u00fa fel\u00fcleti fert\u0151tlen\u00edt\u0151 t\u00f6rl\u0151kend\u0151, 50 db lapos csomagol\u00e1sban\" \/>\n<meta property=\"og:description\" content=\"Haszn\u00e1latra k\u00e9sz nedves t\u00f6rl\u0151kend\u0151k a fel\u00fcletek fert\u0151tlen\u00edt\u00e9s\u00e9re\" \/>\n<meta property=\"og:url\" content=\"https:\/\/www.versiegelung24.com\/hu\/bacoban-hosszu-tavu-feluelet-fertotlenito-kendok-50-darab-lapos-csomag-kendo-formatumban-180-x-200mm.html\" \/>\n<meta property=\"og:site_name\" content=\"versiegelung24.com\" \/>\n<meta property=\"article:modified_time\" content=\"2025-01-13T15:37:55+00:00\" \/>\n<meta property=\"og:image\" content=\"https:\/\/www.versiegelung24.com\/wp-content\/uploads\/2020\/04\/bacotue-produktbild-schraeg.webp\" \/>\n\t<meta property=\"og:image:width\" content=\"2000\" \/>\n\t<meta property=\"og:image:height\" content=\"2000\" \/>\n\t<meta property=\"og:image:type\" content=\"image\/webp\" \/>\n<meta name=\"twitter:card\" content=\"summary_large_image\" \/>\n<meta name=\"twitter:label1\" content=\"\u00c1r\" \/>\n\t<meta name=\"twitter:data1\" content=\"7,79&euro;\" \/>\n\t<meta name=\"twitter:label2\" content=\"El\u00e9rhet\u0151s\u00e9g\" \/>\n\t<meta name=\"twitter:data2\" content=\"Beszerz\u00e9s alatt\" \/>\n<script type=\"application\/ld+json\" class=\"yoast-schema-graph\">{\"@context\":\"https:\\\/\\\/schema.org\",\"@graph\":[{\"@type\":\"WebPage\",\"@id\":\"https:\\\/\\\/www.versiegelung24.com\\\/hu\\\/bacoban-hosszu-tavu-feluelet-fertotlenito-kendok-50-darab-lapos-csomag-kendo-formatumban-180-x-200mm.html\",\"url\":\"https:\\\/\\\/www.versiegelung24.com\\\/hu\\\/bacoban-hosszu-tavu-feluelet-fertotlenito-kendok-50-darab-lapos-csomag-kendo-formatumban-180-x-200mm.html\",\"name\":\"BACOBAN\u00ae hossz\u00fa t\u00e1v\u00fa fel\u00fcleti fert\u0151tlen\u00edt\u0151 t\u00f6rl\u0151kend\u0151, 50 db lapos csomagol\u00e1sban - versiegelung24.com\",\"isPartOf\":{\"@id\":\"https:\\\/\\\/www.versiegelung24.com\\\/hu\\\/#website\"},\"primaryImageOfPage\":{\"@id\":\"https:\\\/\\\/www.versiegelung24.com\\\/hu\\\/bacoban-hosszu-tavu-feluelet-fertotlenito-kendok-50-darab-lapos-csomag-kendo-formatumban-180-x-200mm.html#primaryimage\"},\"image\":{\"@id\":\"https:\\\/\\\/www.versiegelung24.com\\\/hu\\\/bacoban-hosszu-tavu-feluelet-fertotlenito-kendok-50-darab-lapos-csomag-kendo-formatumban-180-x-200mm.html#primaryimage\"},\"thumbnailUrl\":\"https:\\\/\\\/www.versiegelung24.com\\\/wp-content\\\/uploads\\\/2020\\\/04\\\/bacotue-produktbild-schraeg.webp\",\"datePublished\":\"2021-08-03T08:08:17+00:00\",\"dateModified\":\"2025-01-13T15:37:55+00:00\",\"breadcrumb\":{\"@id\":\"https:\\\/\\\/www.versiegelung24.com\\\/hu\\\/bacoban-hosszu-tavu-feluelet-fertotlenito-kendok-50-darab-lapos-csomag-kendo-formatumban-180-x-200mm.html#breadcrumb\"},\"inLanguage\":\"hu\",\"potentialAction\":[{\"@type\":\"ReadAction\",\"target\":[\"https:\\\/\\\/www.versiegelung24.com\\\/hu\\\/bacoban-hosszu-tavu-feluelet-fertotlenito-kendok-50-darab-lapos-csomag-kendo-formatumban-180-x-200mm.html\"]}]},{\"@type\":\"ImageObject\",\"inLanguage\":\"hu\",\"@id\":\"https:\\\/\\\/www.versiegelung24.com\\\/hu\\\/bacoban-hosszu-tavu-feluelet-fertotlenito-kendok-50-darab-lapos-csomag-kendo-formatumban-180-x-200mm.html#primaryimage\",\"url\":\"https:\\\/\\\/www.versiegelung24.com\\\/wp-content\\\/uploads\\\/2020\\\/04\\\/bacotue-produktbild-schraeg.webp\",\"contentUrl\":\"https:\\\/\\\/www.versiegelung24.com\\\/wp-content\\\/uploads\\\/2020\\\/04\\\/bacotue-produktbild-schraeg.webp\",\"width\":2000,\"height\":2000},{\"@type\":\"BreadcrumbList\",\"@id\":\"https:\\\/\\\/www.versiegelung24.com\\\/hu\\\/bacoban-hosszu-tavu-feluelet-fertotlenito-kendok-50-darab-lapos-csomag-kendo-formatumban-180-x-200mm.html#breadcrumb\",\"itemListElement\":[{\"@type\":\"ListItem\",\"position\":1,\"name\":\"Honlap\",\"item\":\"https:\\\/\\\/www.versiegelung24.com\\\/hu\\\/elol\\\/\"},{\"@type\":\"ListItem\",\"position\":2,\"name\":\"\u00dczlet\",\"item\":\"https:\\\/\\\/www.versiegelung24.com\\\/hu\\\/uzlet\\\/\"},{\"@type\":\"ListItem\",\"position\":3,\"name\":\"BACOBAN\u00ae hossz\u00fa t\u00e1v\u00fa fel\u00fcleti fert\u0151tlen\u00edt\u0151 t\u00f6rl\u0151kend\u0151, 50 db lapos csomagol\u00e1sban\"}]},{\"@type\":\"WebSite\",\"@id\":\"https:\\\/\\\/www.versiegelung24.com\\\/hu\\\/#website\",\"url\":\"https:\\\/\\\/www.versiegelung24.com\\\/hu\\\/\",\"name\":\"versiegelung24.com\",\"description\":\"Fl\u00fcssigglas-Versiegelung - Made in Germany\",\"publisher\":{\"@id\":\"https:\\\/\\\/www.versiegelung24.com\\\/hu\\\/#organization\"},\"potentialAction\":[{\"@type\":\"SearchAction\",\"target\":{\"@type\":\"EntryPoint\",\"urlTemplate\":\"https:\\\/\\\/www.versiegelung24.com\\\/hu\\\/?s={search_term_string}\"},\"query-input\":{\"@type\":\"PropertyValueSpecification\",\"valueRequired\":true,\"valueName\":\"search_term_string\"}}],\"inLanguage\":\"hu\"},{\"@type\":\"Organization\",\"@id\":\"https:\\\/\\\/www.versiegelung24.com\\\/hu\\\/#organization\",\"name\":\"versiegelung24\",\"url\":\"https:\\\/\\\/www.versiegelung24.com\\\/hu\\\/\",\"logo\":{\"@type\":\"ImageObject\",\"inLanguage\":\"hu\",\"@id\":\"https:\\\/\\\/www.versiegelung24.com\\\/hu\\\/#\\\/schema\\\/logo\\\/image\\\/\",\"url\":\"https:\\\/\\\/www.versiegelung24.com\\\/wp-content\\\/uploads\\\/2020\\\/04\\\/versiegelung24.png\",\"contentUrl\":\"https:\\\/\\\/www.versiegelung24.com\\\/wp-content\\\/uploads\\\/2020\\\/04\\\/versiegelung24.png\",\"width\":470,\"height\":102,\"caption\":\"versiegelung24\"},\"image\":{\"@id\":\"https:\\\/\\\/www.versiegelung24.com\\\/hu\\\/#\\\/schema\\\/logo\\\/image\\\/\"}}]}<\/script>\n<meta property=\"product:price:amount\" content=\"7.79\" \/>\n<meta property=\"product:price:currency\" content=\"EUR\" \/>\n<meta property=\"og:availability\" content=\"backorder\" \/>\n<meta property=\"product:availability\" content=\"available for order\" \/>\n<meta property=\"product:retailer_item_id\" content=\"BACTUE\" \/>\n<meta property=\"product:condition\" content=\"new\" \/>\n<!-- \/ Yoast SEO Premium plugin. -->","yoast_head_json":{"title":"BACOBAN\u00ae hossz\u00fa t\u00e1v\u00fa fel\u00fcleti fert\u0151tlen\u00edt\u0151 t\u00f6rl\u0151kend\u0151, 50 db lapos csomagol\u00e1sban - versiegelung24.com","robots":{"index":"index","follow":"follow","max-snippet":"max-snippet:-1","max-image-preview":"max-image-preview:large","max-video-preview":"max-video-preview:-1"},"canonical":"https:\/\/www.versiegelung24.com\/hu\/bacoban-hosszu-tavu-feluelet-fertotlenito-kendok-50-darab-lapos-csomag-kendo-formatumban-180-x-200mm.html","og_locale":"hu_HU","og_type":"article","og_title":"BACOBAN\u00ae hossz\u00fa t\u00e1v\u00fa fel\u00fcleti fert\u0151tlen\u00edt\u0151 t\u00f6rl\u0151kend\u0151, 50 db lapos csomagol\u00e1sban","og_description":"Haszn\u00e1latra k\u00e9sz nedves t\u00f6rl\u0151kend\u0151k a fel\u00fcletek fert\u0151tlen\u00edt\u00e9s\u00e9re","og_url":"https:\/\/www.versiegelung24.com\/hu\/bacoban-hosszu-tavu-feluelet-fertotlenito-kendok-50-darab-lapos-csomag-kendo-formatumban-180-x-200mm.html","og_site_name":"versiegelung24.com","article_modified_time":"2025-01-13T15:37:55+00:00","og_image":[{"width":2000,"height":2000,"url":"https:\/\/www.versiegelung24.com\/wp-content\/uploads\/2020\/04\/bacotue-produktbild-schraeg.webp","type":"image\/webp"}],"twitter_card":"summary_large_image","twitter_misc":{"\u00c1r":"7,79&euro;","El\u00e9rhet\u0151s\u00e9g":"Beszerz\u00e9s alatt"},"schema":{"@context":"https:\/\/schema.org","@graph":[{"@type":"WebPage","@id":"https:\/\/www.versiegelung24.com\/hu\/bacoban-hosszu-tavu-feluelet-fertotlenito-kendok-50-darab-lapos-csomag-kendo-formatumban-180-x-200mm.html","url":"https:\/\/www.versiegelung24.com\/hu\/bacoban-hosszu-tavu-feluelet-fertotlenito-kendok-50-darab-lapos-csomag-kendo-formatumban-180-x-200mm.html","name":"BACOBAN\u00ae hossz\u00fa t\u00e1v\u00fa fel\u00fcleti fert\u0151tlen\u00edt\u0151 t\u00f6rl\u0151kend\u0151, 50 db lapos csomagol\u00e1sban - versiegelung24.com","isPartOf":{"@id":"https:\/\/www.versiegelung24.com\/hu\/#website"},"primaryImageOfPage":{"@id":"https:\/\/www.versiegelung24.com\/hu\/bacoban-hosszu-tavu-feluelet-fertotlenito-kendok-50-darab-lapos-csomag-kendo-formatumban-180-x-200mm.html#primaryimage"},"image":{"@id":"https:\/\/www.versiegelung24.com\/hu\/bacoban-hosszu-tavu-feluelet-fertotlenito-kendok-50-darab-lapos-csomag-kendo-formatumban-180-x-200mm.html#primaryimage"},"thumbnailUrl":"https:\/\/www.versiegelung24.com\/wp-content\/uploads\/2020\/04\/bacotue-produktbild-schraeg.webp","datePublished":"2021-08-03T08:08:17+00:00","dateModified":"2025-01-13T15:37:55+00:00","breadcrumb":{"@id":"https:\/\/www.versiegelung24.com\/hu\/bacoban-hosszu-tavu-feluelet-fertotlenito-kendok-50-darab-lapos-csomag-kendo-formatumban-180-x-200mm.html#breadcrumb"},"inLanguage":"hu","potentialAction":[{"@type":"ReadAction","target":["https:\/\/www.versiegelung24.com\/hu\/bacoban-hosszu-tavu-feluelet-fertotlenito-kendok-50-darab-lapos-csomag-kendo-formatumban-180-x-200mm.html"]}]},{"@type":"ImageObject","inLanguage":"hu","@id":"https:\/\/www.versiegelung24.com\/hu\/bacoban-hosszu-tavu-feluelet-fertotlenito-kendok-50-darab-lapos-csomag-kendo-formatumban-180-x-200mm.html#primaryimage","url":"https:\/\/www.versiegelung24.com\/wp-content\/uploads\/2020\/04\/bacotue-produktbild-schraeg.webp","contentUrl":"https:\/\/www.versiegelung24.com\/wp-content\/uploads\/2020\/04\/bacotue-produktbild-schraeg.webp","width":2000,"height":2000},{"@type":"BreadcrumbList","@id":"https:\/\/www.versiegelung24.com\/hu\/bacoban-hosszu-tavu-feluelet-fertotlenito-kendok-50-darab-lapos-csomag-kendo-formatumban-180-x-200mm.html#breadcrumb","itemListElement":[{"@type":"ListItem","position":1,"name":"Honlap","item":"https:\/\/www.versiegelung24.com\/hu\/elol\/"},{"@type":"ListItem","position":2,"name":"\u00dczlet","item":"https:\/\/www.versiegelung24.com\/hu\/uzlet\/"},{"@type":"ListItem","position":3,"name":"BACOBAN\u00ae hossz\u00fa t\u00e1v\u00fa fel\u00fcleti fert\u0151tlen\u00edt\u0151 t\u00f6rl\u0151kend\u0151, 50 db lapos csomagol\u00e1sban"}]},{"@type":"WebSite","@id":"https:\/\/www.versiegelung24.com\/hu\/#website","url":"https:\/\/www.versiegelung24.com\/hu\/","name":"versiegelung24.com","description":"Fl\u00fcssigglas-Versiegelung - Made in Germany","publisher":{"@id":"https:\/\/www.versiegelung24.com\/hu\/#organization"},"potentialAction":[{"@type":"SearchAction","target":{"@type":"EntryPoint","urlTemplate":"https:\/\/www.versiegelung24.com\/hu\/?s={search_term_string}"},"query-input":{"@type":"PropertyValueSpecification","valueRequired":true,"valueName":"search_term_string"}}],"inLanguage":"hu"},{"@type":"Organization","@id":"https:\/\/www.versiegelung24.com\/hu\/#organization","name":"versiegelung24","url":"https:\/\/www.versiegelung24.com\/hu\/","logo":{"@type":"ImageObject","inLanguage":"hu","@id":"https:\/\/www.versiegelung24.com\/hu\/#\/schema\/logo\/image\/","url":"https:\/\/www.versiegelung24.com\/wp-content\/uploads\/2020\/04\/versiegelung24.png","contentUrl":"https:\/\/www.versiegelung24.com\/wp-content\/uploads\/2020\/04\/versiegelung24.png","width":470,"height":102,"caption":"versiegelung24"},"image":{"@id":"https:\/\/www.versiegelung24.com\/hu\/#\/schema\/logo\/image\/"}}]},"product_price_amount":"7.79","product_price_currency":"EUR","og_availability":"backorder","product_availability":"available for order","product_retailer_item_id":"BACTUE","product_condition":"new"},"_links":{"self":[{"href":"https:\/\/www.versiegelung24.com\/hu\/wp-json\/wp\/v2\/product\/25503","targetHints":{"allow":["GET"]}}],"collection":[{"href":"https:\/\/www.versiegelung24.com\/hu\/wp-json\/wp\/v2\/product"}],"about":[{"href":"https:\/\/www.versiegelung24.com\/hu\/wp-json\/wp\/v2\/types\/product"}],"version-history":[{"count":15,"href":"https:\/\/www.versiegelung24.com\/hu\/wp-json\/wp\/v2\/product\/25503\/revisions"}],"predecessor-version":[{"id":180561,"href":"https:\/\/www.versiegelung24.com\/hu\/wp-json\/wp\/v2\/product\/25503\/revisions\/180561"}],"wp:featuredmedia":[{"embeddable":true,"href":"https:\/\/www.versiegelung24.com\/hu\/wp-json\/wp\/v2\/media\/176465"}],"wp:attachment":[{"href":"https:\/\/www.versiegelung24.com\/hu\/wp-json\/wp\/v2\/media?parent=25503"}],"wp:term":[{"taxonomy":"product_brand","embeddable":true,"href":"https:\/\/www.versiegelung24.com\/hu\/wp-json\/wp\/v2\/product_brand?post=25503"},{"taxonomy":"product_cat","embeddable":true,"href":"https:\/\/www.versiegelung24.com\/hu\/wp-json\/wp\/v2\/product_cat?post=25503"},{"taxonomy":"product_tag","embeddable":true,"href":"https:\/\/www.versiegelung24.com\/hu\/wp-json\/wp\/v2\/product_tag?post=25503"}],"curies":[{"name":"wp","href":"https:\/\/api.w.org\/{rel}","templated":true}]}}