{"id":37430,"date":"2021-09-27T11:17:44","date_gmt":"2021-09-27T09:31:20","guid":{"rendered":"https:\/\/www.versiegelung24.com\/produkt\/mobiltelefon-vedoreteg-folyekony-uvegbol-bakteriumok-es-virusok-ellen"},"modified":"2025-01-05T15:40:00","modified_gmt":"2025-01-05T14:40:00","slug":"handy-folyadek-uveg-vedoreteg-bakteriumok-virusok-ellen","status":"publish","type":"product","link":"https:\/\/www.versiegelung24.com\/hu\/handy-folyadek-ueveg-vedoreteg-bakteriumok-virusok-ellen.html","title":{"rendered":"Okostelefon \u00e9s mobiltelefon hossz\u00fa t\u00e1v\u00fa fert\u0151tlen\u00edt\u0151szer bakt\u00e9riumok \u00e9s v\u00edrusok ellen"},"content":{"rendered":"\n<h2 class=\"wp-block-heading\" id=\"h-neuheit-am-markt-smartphones-amp-handys-fur-3-monate-mit-einer-unsichtbaren-flussigglas-schicht-gegen-bakterien-viren-und-pilze-schutzen\">\u00dajdons\u00e1g a piacon: V\u00e9dje okostelefonjait \u00e9s mobiltelefonjait bakt\u00e9riumok, v\u00edrusok \u00e9s gomb\u00e1k ellen 3 h\u00f3napig<\/h2>\n<div class=\"wp-block-image\">\n<figure class=\"aligncenter size-large\"><img fetchpriority=\"high\" decoding=\"async\" width=\"2560\" height=\"1440\" src=\"https:\/\/www.versiegelung24.com\/wp-content\/uploads\/2021\/09\/handy_bakterien-viren-edited-scaled.jpeg\" alt=\"\" class=\"wp-image-38698\" srcset=\"https:\/\/www.versiegelung24.com\/wp-content\/uploads\/2021\/09\/handy_bakterien-viren-edited-scaled.jpeg 2560w, https:\/\/www.versiegelung24.com\/wp-content\/uploads\/2021\/09\/handy_bakterien-viren-edited-scaled-600x338.jpeg 600w, https:\/\/www.versiegelung24.com\/wp-content\/uploads\/2021\/09\/handy_bakterien-viren-edited-300x169.jpeg 300w, https:\/\/www.versiegelung24.com\/wp-content\/uploads\/2021\/09\/handy_bakterien-viren-edited-1300x731.jpeg 1300w, https:\/\/www.versiegelung24.com\/wp-content\/uploads\/2021\/09\/handy_bakterien-viren-edited-768x432.jpeg 768w, https:\/\/www.versiegelung24.com\/wp-content\/uploads\/2021\/09\/handy_bakterien-viren-edited-1536x864.jpeg 1536w, https:\/\/www.versiegelung24.com\/wp-content\/uploads\/2021\/09\/handy_bakterien-viren-edited-2048x1152.jpeg 2048w\" sizes=\"(max-width: 2560px) 100vw, 2560px\" \/><figcaption class=\"wp-element-caption\">Az okostelefon bakt\u00e9riumok, v\u00edrusok \u00e9s gomb\u00e1k hordoz\u00f3ja<\/figcaption><\/figure>\n<\/div>\n<p>Ma az okostelefon \u00e1lland\u00f3 t\u00e1rs. Sokan t\u00f6bb sz\u00e1zszor veszik fel a nap folyam\u00e1n. A mobiltelefon mindenhol jelen van<strong> &#8211;<\/strong> ak\u00e1r alv\u00e1skor, ak\u00e1r pihen\u00e9skor, ak\u00e1r a v\u00e9c\u00e9n, ak\u00e1r sportol\u00e1s k\u00f6zben. Igazi \u00fcnnep a v\u00edrusok \u00e9s bakt\u00e9riumok \u00e1tvitel\u00e9re. <\/p>\n\n<p>A felhaszn\u00e1l\u00f3nak nagyon komolyan kell vennie a bakt\u00e9riumok, gomb\u00e1k \u00e9s v\u00edrusok kock\u00e1zat\u00e1t az okostelefonokon. Nemcsak eg\u00e9szs\u00e9gtelenek, de hat\u00e1ssal lehetnek a j\u00f3l\u00e9tre \u00e9s az eg\u00e9szs\u00e9gre is. Mellesleg sokkal kellemesebb egy \u00e1ltal\u00e1nosan tiszta \u00e9s higi\u00e9nikusan karbantartott mobiltelefon vagy okostelefon haszn\u00e1lata.<\/p>\n\n<hr\/>\n\n<h4 class=\"wp-block-heading\" id=\"video\">Vide\u00f3<\/h4>\n\n<figure class=\"wp-block-embed aligncenter is-type-rich is-provider-handler-einbetten wp-block-embed-handler-einbetten wp-embed-aspect-16-9 wp-has-aspect-ratio\"><div class=\"wp-block-embed__wrapper\"> \n<div class=\"nv-iframe-embed\"><iframe title=\"Award-winning Mobile Phone Sanitizer by LiquiGlas (904)\" width=\"1200\" height=\"675\" src=\"https:\/\/www.youtube.com\/embed\/OPwnhKcFTvA?feature=oembed\" frameborder=\"0\" allow=\"accelerometer; autoplay; clipboard-write; encrypted-media; gyroscope; picture-in-picture\" allowfullscreen><\/iframe><\/div>\n <\/div><\/figure>\n\n<hr\/>\n\n<h4 class=\"wp-block-heading\" id=\"properties\">A term\u00e9k jellemz\u0151i<\/h4>\n\n<div class=\"wp-block-columns is-layout-flex wp-container-core-columns-is-layout-9d6595d7 wp-block-columns-is-layout-flex\">\n<div class=\"wp-block-column is-layout-flow wp-block-column-is-layout-flow\">\n<h2 class=\"wp-block-heading\" id=\"die-highlights-auf-einen-blick\">A kiemel\u00e9sek egy pillanat alatt<\/h2>\n\n\n\n<p><br\/><br\/><br\/><br\/><br\/>&#8211; kiv\u00e9teles, egyed\u00fcl\u00e1ll\u00f3an hossz\u00fa t\u00e1v\u00fa bakt\u00e9riumv\u00e9delem &#8211; garant\u00e1lt bakt\u00e9rium-, gomba- \u00e9s v\u00edrusmentes\u00edt\u00e9s &#8211; egyszer\u0171 \u00e9s k\u00f6nny\u0171 haszn\u00e1lat &#8211; orvosi szint\u0171 fert\u0151tlen\u00edt\u00e9s &#8211; kieg\u00e9sz\u00edt\u0151 v\u00e9delem a coronav\u00edrus ellen &#8211; a 2020 MedTech Award gy\u0151ztese &#8211; a legjobb hossz\u00fa t\u00e1v\u00fa hat\u00e1s a fel\u00fcleteken a k\u00f3rokoz\u00f3k ellen.<\/p>\n<\/div>\n\n\n\n<div class=\"wp-block-column is-layout-flow wp-block-column-is-layout-flow\">\n<h2 class=\"wp-block-heading\" id=\"lieferumfang\">sz\u00e1ll\u00edt\u00e1si terjedelem<\/h2>\n\n\n\n<p>12 bakt\u00e9riumv\u00e9d\u0151 t\u00f6rl\u0151kend\u0151, heti 1 haszn\u00e1lathoz = 3 h\u00f3nap<\/p>\n<\/div>\n<\/div>\n\n<hr\/>\n\n<h4 class=\"wp-block-heading\" id=\"application\">Alkalmaz\u00e1s<\/h4>\n\n<h2 class=\"wp-block-heading\" id=\"die-anwendung-hygienisch-sauberes-handy\">Az alkalmaz\u00e1s &#8211; higi\u00e9nikusan tiszta mobiltelefon<\/h2>\n\n<div class=\"wp-block-getwid-toggle has-icon-left\">\n<div class=\"wp-block-getwid-toggle__row\"><div class=\"wp-block-getwid-toggle__header-wrapper\"><span class=\"wp-block-getwid-toggle__header\"><a href=\"#\"><span class=\"wp-block-getwid-toggle__header-title\">1. Smartphone s\u00e4ubern<\/span><span class=\"wp-block-getwid-toggle__icon is-active\"><i class=\"fas fa-plus\"><\/i><\/span><span class=\"wp-block-getwid-toggle__icon is-passive\"><i class=\"fas fa-minus\"><\/i><\/span><\/a><\/span><\/div><div class=\"wp-block-getwid-toggle__content-wrapper\"><div class=\"wp-block-getwid-toggle__content\">\n<p>A v\u00e9gberendez\u00e9st el\u00f6lr\u0151l \u00e9s h\u00e1tulr\u00f3l mikrosz\u00e1las kend\u0151vel vagy sz\u00e1raz, sz\u00f6szmentes ruh\u00e1val t\u00f6r\u00f6lje le, ujjlenyomatok, szennyez\u0151d\u00e9sek \u00e9s horzsol\u00e1sok elt\u00e1vol\u00edt\u00e1sa c\u00e9lj\u00e1b\u00f3l.<\/p>\n<\/div><\/div><\/div>\n\n\n\n<div class=\"wp-block-getwid-toggle__row\"><div class=\"wp-block-getwid-toggle__header-wrapper\"><span class=\"wp-block-getwid-toggle__header\"><a href=\"#\"><span class=\"wp-block-getwid-toggle__header-title\">2. Smartphone desinfizieren<\/span><span class=\"wp-block-getwid-toggle__icon is-active\"><i class=\"fas fa-plus\"><\/i><\/span><span class=\"wp-block-getwid-toggle__icon is-passive\"><i class=\"fas fa-minus\"><\/i><\/span><\/a><\/span><\/div><div class=\"wp-block-getwid-toggle__content-wrapper\"><div class=\"wp-block-getwid-toggle__content\">\n<p>A 12-es kiszerel\u00e9st kinyitjuk, \u00e9s elt\u00e1vol\u00edtjuk az els\u0151 zsugorcsomagolt fert\u0151tlen\u00edt\u0151 t\u00f6rl\u0151kend\u0151t. A fert\u0151tlen\u00edt\u0151 t\u00f6rl\u0151kend\u0151 egyik oldal\u00e1val alaposan megtiszt\u00edtja a mobiltelefont el\u00f6lr\u0151l \u00e9s h\u00e1tulr\u00f3l, vagyis let\u00f6rli. Ezt k\u00f6veti a v\u00e9gberendez\u00e9s fert\u0151tlen\u00edt\u00e9se k\u00f6r\u00fclbel\u00fcl 30 m\u00e1sodpercig a kend\u0151 m\u00e1sik, m\u00e9g tiszta oldal\u00e1val. Ez enyhe f\u00e1tylat hoz l\u00e9tre a fel\u00fclet\u00e9n.<\/p>\n<\/div><\/div><\/div>\n\n\n\n<div class=\"wp-block-getwid-toggle__row\"><div class=\"wp-block-getwid-toggle__header-wrapper\"><span class=\"wp-block-getwid-toggle__header\"><a href=\"#\"><span class=\"wp-block-getwid-toggle__header-title\">3. Trocknungsvorgang<\/span><span class=\"wp-block-getwid-toggle__icon is-active\"><i class=\"fas fa-plus\"><\/i><\/span><span class=\"wp-block-getwid-toggle__icon is-passive\"><i class=\"fas fa-minus\"><\/i><\/span><\/a><\/span><\/div><div class=\"wp-block-getwid-toggle__content-wrapper\"><div class=\"wp-block-getwid-toggle__content\">\n<p>Ezt k\u00e9t -h\u00e1rom perces sz\u00e1r\u00edt\u00e1si folyamat k\u00f6veti. Az alkalmazott folyad\u00e9k fert\u0151tlen\u00edt\u0151 v\u00e9d\u0151r\u00e9teget k\u00e9pez.<\/p>\n<\/div><\/div><\/div>\n\n\n\n<div class=\"wp-block-getwid-toggle__row\"><div class=\"wp-block-getwid-toggle__header-wrapper\"><span class=\"wp-block-getwid-toggle__header\"><a href=\"#\"><span class=\"wp-block-getwid-toggle__header-title\">4. Nachpolieren<\/span><span class=\"wp-block-getwid-toggle__icon is-active\"><i class=\"fas fa-plus\"><\/i><\/span><span class=\"wp-block-getwid-toggle__icon is-passive\"><i class=\"fas fa-minus\"><\/i><\/span><\/a><\/span><\/div><div class=\"wp-block-getwid-toggle__content-wrapper\"><div class=\"wp-block-getwid-toggle__content\">\n<p>A sz\u00e1r\u00edt\u00e1si folyamat v\u00e9g\u00e9n a mobiltelefont ism\u00e9t tiszta sz\u00e1r\u00edt\u00f3ruh\u00e1val bor\u00edtj\u00e1k<strong> &#8211;<\/strong> p\u00e9ld\u00e1ul mikrosz\u00e1las<strong> &#8211;<\/strong> Addig kell \u00faj\u00edtani, am\u00edg a fel\u00fclet cs\u00edkmentes. A most kifejlesztett hossz\u00fa t\u00e1v\u00fa fert\u0151tlen\u00edt\u0151 v\u00e9delem intenz\u00edven m\u0171k\u00f6dik a k\u00f6vetkez\u0151 h\u00e9t-t\u00edz napban.<\/p>\n<\/div><\/div><\/div>\n<\/div>\n\n<br\/>\n\n<hr\/>\n\n<h4 class=\"wp-block-heading\" id=\"advisor\">Tan\u00e1csad\u00f3<\/h4>\n\n<h2 class=\"wp-block-heading\" id=\"award-gewinner-handy-desinfektion-raumt-ab\">D\u00edjnyertes &#8211; a mobiltelefon fert\u0151tlen\u00edt\u00e9se nyer<\/h2>\n\n<p>A mobil v\u00e9gberendez\u00e9sek, p\u00e9ld\u00e1ul mobiltelefonok, okostelefonok vagy t\u00e1blag\u00e9pek fert\u0151tlen\u00edt\u0151 v\u00e9delm\u00e9nek piac\u00e1n az \u00fajdons\u00e1g a CCM\u00ae 12 csomag bakteri\u00e1lis t\u00f6rl\u0151kend\u0151. A CCM a Creative Chemical Manufacturer GmbH r\u00f6vid\u00edt\u00e9se, sz\u00e9khelye Overath, \u00c9szak-Rajna-Vesztf\u00e1lia.<\/p>\n\n<figure class=\"wp-block-image size-full\"><img decoding=\"async\" width=\"700\" height=\"207\" src=\"https:\/\/www.versiegelung24.com\/wp-content\/uploads\/2021\/09\/2020-MedTech-Awards-2.png\" alt=\"\" class=\"wp-image-37295\" srcset=\"https:\/\/www.versiegelung24.com\/wp-content\/uploads\/2021\/09\/2020-MedTech-Awards-2.png 700w, https:\/\/www.versiegelung24.com\/wp-content\/uploads\/2021\/09\/2020-MedTech-Awards-2-600x177.png 600w, https:\/\/www.versiegelung24.com\/wp-content\/uploads\/2021\/09\/2020-MedTech-Awards-2-300x89.png 300w\" sizes=\"(max-width: 700px) 100vw, 700px\" \/><figcaption class=\"wp-element-caption\"><strong>Elnyerte a MedTech d\u00edjat &#8211; a legjobb hossz\u00fa t\u00e1v\u00fa k\u00f3rokoz\u00f3 elleni megold\u00e1s<\/strong><\/figcaption><\/figure>\n\n<h2 class=\"wp-block-heading\" id=\"ohne-handy-und-smartphone-desinfizieren-geht-es-einfach-nicht\">Fert\u0151tlen\u00edt\u00e9s mobiltelefon \u00e9s okostelefon n\u00e9lk\u00fcl egyszer\u0171en nem lehets\u00e9ges!<\/h2>\n\n<p>Az emberek m\u00e1r megszokt\u00e1k, hogy rendszeresen moss\u00e1k \u00e9s fert\u0151tlen\u00edts\u00e9k a kez\u00fcket. Ann\u00e1l is fontosabb, hogy ne felejts\u00fck el a saj\u00e1t okostelefon fert\u0151tlen\u00edt\u00e9s\u00e9t. Ha helyesen haszn\u00e1lj\u00e1k, a v\u00e9d\u0151 bakt\u00e9riumkend\u0151 ak\u00e1r t\u00edz napig is folyamatos fert\u0151tlen\u00edt\u0151 hat\u00e1st fejt ki. A 12 db -os csomaggal a v\u00e9gberendez\u00e9s negyed\u00e9vente mindig higi\u00e9niailag t\u00f6k\u00e9letes \u00e1llapotban van.<\/p>\n\n<p><\/p>\n\n<p><strong>A tizenk\u00e9t v\u00e9d\u0151ruha rendszeres haszn\u00e1lata rendk\u00edv\u00fcl v\u00e9kony foly\u00e9kony \u00fcvegbevonatot hoz l\u00e9tre az okostelefon fel\u00fclet\u00e9n.<\/strong> Megakad\u00e1lyozza a k\u00f3rokoz\u00f3k kialakul\u00e1s\u00e1t, \u00e9s ennek k\u00f6vetkezt\u00e9ben a kialakul\u00e1s\u00e1t. Pozit\u00edv mell\u00e9khat\u00e1sk\u00e9nt a fel\u00fclet egyre sim\u00e1bb\u00e1 v\u00e1lik, \u00e9s nagyon k\u00f6nnyen tiszt\u00edthat\u00f3. Ez a hat\u00e1s a fert\u0151tlen\u00edt\u0151 t\u00f6rl\u0151kend\u0151 hosszabb ideig t\u00f6rt\u00e9n\u0151 haszn\u00e1lat\u00e1nak hat\u00e1s\u00e1ra n\u0151.<\/p>\n","protected":false},"excerpt":{"rendered":"<p>A mobil v\u00e9gberendez\u00e9sek, p\u00e9ld\u00e1ul mobiltelefonok, okostelefonok vagy t\u00e1blag\u00e9pek fert\u0151tlen\u00edt\u0151 v\u00e9delm\u00e9nek piac\u00e1n az \u00fajdons\u00e1g a CCM\u00ae 12 csomag bakteri\u00e1lis t\u00f6rl\u0151kend\u0151.<\/p>\n<p>A MedTech Award<strong>&#8220;Legjobb hossz\u00fa t\u00e1v\u00fa patog\u00e9n elleni v\u00e9delmet ny\u00fajt\u00f3 megold\u00e1s&#8221;<\/strong> d\u00edjjal tan\u00fas\u00edtott tan\u00fas\u00edtv\u00e1nya<strong><\/p>\n<p><\/strong><\/p>\n<p><img decoding=\"async\" class=\"alignnone size-medium wp-image-37295\" src=\"https:\/\/www.versiegelung24.com\/wp-content\/uploads\/2021\/09\/2020-MedTech-Awards-2-300x89.png\" alt=\"\" width=\"300\" height=\"89\" srcset=\"https:\/\/www.versiegelung24.com\/wp-content\/uploads\/2021\/09\/2020-MedTech-Awards-2-300x89.png 300w, https:\/\/www.versiegelung24.com\/wp-content\/uploads\/2021\/09\/2020-MedTech-Awards-2-600x177.png 600w, https:\/\/www.versiegelung24.com\/wp-content\/uploads\/2021\/09\/2020-MedTech-Awards-2.png 700w\" sizes=\"(max-width: 300px) 100vw, 300px\" \/><\/p>\n","protected":false},"featured_media":63243,"template":"","meta":{"_acf_changed":false,"neve_meta_sidebar":"","neve_meta_container":"","neve_meta_enable_content_width":"","neve_meta_content_width":0,"neve_meta_title_alignment":"","neve_meta_author_avatar":"","neve_post_elements_order":"","neve_meta_disable_header":"","neve_meta_disable_footer":"","neve_meta_disable_title":"","neve_meta_reading_time":"","_surfaces":[],"_ver_product_tabs":[],"footnotes":""},"product_brand":[],"product_cat":[2287,3015],"product_tag":[],"class_list":{"0":"post-37430","1":"product","2":"type-product","3":"status-publish","4":"has-post-thumbnail","6":"product_cat-fertotlenitoszerek","7":"product_cat-mobiltelefon-fertotlenitoszer","9":"first","10":"instock","11":"taxable","12":"shipping-taxable","13":"purchasable","14":"product-type-simple"},"acf":[],"yoast_head":"<!-- This site is optimized with the Yoast SEO Premium plugin v22.8 (Yoast SEO v27.5) - https:\/\/yoast.com\/product\/yoast-seo-premium-wordpress\/ -->\n<title>Okostelefon \u00e9s mobiltelefon hossz\u00fa t\u00e1v\u00fa fert\u0151tlen\u00edt\u0151szer bakt\u00e9riumok \u00e9s v\u00edrusok ellen - versiegelung24.com<\/title>\n<meta name=\"robots\" content=\"index, follow, max-snippet:-1, max-image-preview:large, max-video-preview:-1\" \/>\n<link rel=\"canonical\" href=\"https:\/\/www.versiegelung24.com\/hu\/handy-folyadek-ueveg-vedoreteg-bakteriumok-virusok-ellen.html\" \/>\n<meta property=\"og:locale\" content=\"hu_HU\" \/>\n<meta property=\"og:type\" content=\"article\" \/>\n<meta property=\"og:title\" content=\"Okostelefon \u00e9s mobiltelefon hossz\u00fa t\u00e1v\u00fa fert\u0151tlen\u00edt\u0151szer bakt\u00e9riumok \u00e9s v\u00edrusok ellen\" \/>\n<meta property=\"og:description\" content=\"A mobil v\u00e9gberendez\u00e9sek, p\u00e9ld\u00e1ul mobiltelefonok, okostelefonok vagy t\u00e1blag\u00e9pek fert\u0151tlen\u00edt\u0151 v\u00e9delm\u00e9nek piac\u00e1n az \u00fajdons\u00e1g a CCM\u00ae 12 csomag bakteri\u00e1lis t\u00f6rl\u0151kend\u0151. A MedTech Award&quot;Legjobb hossz\u00fa t\u00e1v\u00fa patog\u00e9n elleni v\u00e9delmet ny\u00fajt\u00f3 megold\u00e1s&quot; d\u00edjjal tan\u00fas\u00edtott tan\u00fas\u00edtv\u00e1nya\" \/>\n<meta property=\"og:url\" content=\"https:\/\/www.versiegelung24.com\/hu\/handy-folyadek-ueveg-vedoreteg-bakteriumok-virusok-ellen.html\" \/>\n<meta property=\"og:site_name\" content=\"versiegelung24.com\" \/>\n<meta property=\"article:modified_time\" content=\"2025-01-05T14:40:00+00:00\" \/>\n<meta property=\"og:image\" content=\"https:\/\/www.versiegelung24.com\/wp-content\/uploads\/2021\/09\/produkt-4009-904-Handy-Bakterienschutz-Verpackung1.jpg\" \/>\n\t<meta property=\"og:image:width\" content=\"2000\" \/>\n\t<meta property=\"og:image:height\" content=\"2000\" \/>\n\t<meta property=\"og:image:type\" content=\"image\/jpeg\" \/>\n<meta name=\"twitter:card\" content=\"summary_large_image\" \/>\n<meta name=\"twitter:label1\" content=\"\u00c1r\" \/>\n\t<meta name=\"twitter:data1\" content=\"10,99&euro;\" \/>\n\t<meta name=\"twitter:label2\" content=\"El\u00e9rhet\u0151s\u00e9g\" \/>\n\t<meta name=\"twitter:data2\" content=\"K\u00e9szleten\" \/>\n<script type=\"application\/ld+json\" class=\"yoast-schema-graph\">{\"@context\":\"https:\\\/\\\/schema.org\",\"@graph\":[{\"@type\":\"WebPage\",\"@id\":\"https:\\\/\\\/www.versiegelung24.com\\\/hu\\\/handy-folyadek-ueveg-vedoreteg-bakteriumok-virusok-ellen.html\",\"url\":\"https:\\\/\\\/www.versiegelung24.com\\\/hu\\\/handy-folyadek-ueveg-vedoreteg-bakteriumok-virusok-ellen.html\",\"name\":\"Okostelefon \u00e9s mobiltelefon hossz\u00fa t\u00e1v\u00fa fert\u0151tlen\u00edt\u0151szer bakt\u00e9riumok \u00e9s v\u00edrusok ellen - versiegelung24.com\",\"isPartOf\":{\"@id\":\"https:\\\/\\\/www.versiegelung24.com\\\/hu\\\/#website\"},\"primaryImageOfPage\":{\"@id\":\"https:\\\/\\\/www.versiegelung24.com\\\/hu\\\/handy-folyadek-ueveg-vedoreteg-bakteriumok-virusok-ellen.html#primaryimage\"},\"image\":{\"@id\":\"https:\\\/\\\/www.versiegelung24.com\\\/hu\\\/handy-folyadek-ueveg-vedoreteg-bakteriumok-virusok-ellen.html#primaryimage\"},\"thumbnailUrl\":\"https:\\\/\\\/www.versiegelung24.com\\\/wp-content\\\/uploads\\\/2021\\\/09\\\/produkt-4009-904-Handy-Bakterienschutz-Verpackung1.jpg\",\"datePublished\":\"2021-09-27T09:31:20+00:00\",\"dateModified\":\"2025-01-05T14:40:00+00:00\",\"breadcrumb\":{\"@id\":\"https:\\\/\\\/www.versiegelung24.com\\\/hu\\\/handy-folyadek-ueveg-vedoreteg-bakteriumok-virusok-ellen.html#breadcrumb\"},\"inLanguage\":\"hu\",\"potentialAction\":[{\"@type\":\"ReadAction\",\"target\":[\"https:\\\/\\\/www.versiegelung24.com\\\/hu\\\/handy-folyadek-ueveg-vedoreteg-bakteriumok-virusok-ellen.html\"]}]},{\"@type\":\"ImageObject\",\"inLanguage\":\"hu\",\"@id\":\"https:\\\/\\\/www.versiegelung24.com\\\/hu\\\/handy-folyadek-ueveg-vedoreteg-bakteriumok-virusok-ellen.html#primaryimage\",\"url\":\"https:\\\/\\\/www.versiegelung24.com\\\/wp-content\\\/uploads\\\/2021\\\/09\\\/produkt-4009-904-Handy-Bakterienschutz-Verpackung1.jpg\",\"contentUrl\":\"https:\\\/\\\/www.versiegelung24.com\\\/wp-content\\\/uploads\\\/2021\\\/09\\\/produkt-4009-904-Handy-Bakterienschutz-Verpackung1.jpg\",\"width\":2000,\"height\":2000},{\"@type\":\"BreadcrumbList\",\"@id\":\"https:\\\/\\\/www.versiegelung24.com\\\/hu\\\/handy-folyadek-ueveg-vedoreteg-bakteriumok-virusok-ellen.html#breadcrumb\",\"itemListElement\":[{\"@type\":\"ListItem\",\"position\":1,\"name\":\"Honlap\",\"item\":\"https:\\\/\\\/www.versiegelung24.com\\\/hu\\\/elol\\\/\"},{\"@type\":\"ListItem\",\"position\":2,\"name\":\"\u00dczlet\",\"item\":\"https:\\\/\\\/www.versiegelung24.com\\\/hu\\\/uzlet\\\/\"},{\"@type\":\"ListItem\",\"position\":3,\"name\":\"Okostelefon \u00e9s mobiltelefon hossz\u00fa t\u00e1v\u00fa fert\u0151tlen\u00edt\u0151szer bakt\u00e9riumok \u00e9s v\u00edrusok ellen\"}]},{\"@type\":\"WebSite\",\"@id\":\"https:\\\/\\\/www.versiegelung24.com\\\/hu\\\/#website\",\"url\":\"https:\\\/\\\/www.versiegelung24.com\\\/hu\\\/\",\"name\":\"versiegelung24.com\",\"description\":\"Fl\u00fcssigglas-Versiegelung - Made in Germany\",\"publisher\":{\"@id\":\"https:\\\/\\\/www.versiegelung24.com\\\/hu\\\/#organization\"},\"potentialAction\":[{\"@type\":\"SearchAction\",\"target\":{\"@type\":\"EntryPoint\",\"urlTemplate\":\"https:\\\/\\\/www.versiegelung24.com\\\/hu\\\/?s={search_term_string}\"},\"query-input\":{\"@type\":\"PropertyValueSpecification\",\"valueRequired\":true,\"valueName\":\"search_term_string\"}}],\"inLanguage\":\"hu\"},{\"@type\":\"Organization\",\"@id\":\"https:\\\/\\\/www.versiegelung24.com\\\/hu\\\/#organization\",\"name\":\"versiegelung24\",\"url\":\"https:\\\/\\\/www.versiegelung24.com\\\/hu\\\/\",\"logo\":{\"@type\":\"ImageObject\",\"inLanguage\":\"hu\",\"@id\":\"https:\\\/\\\/www.versiegelung24.com\\\/hu\\\/#\\\/schema\\\/logo\\\/image\\\/\",\"url\":\"https:\\\/\\\/www.versiegelung24.com\\\/wp-content\\\/uploads\\\/2020\\\/04\\\/versiegelung24.png\",\"contentUrl\":\"https:\\\/\\\/www.versiegelung24.com\\\/wp-content\\\/uploads\\\/2020\\\/04\\\/versiegelung24.png\",\"width\":470,\"height\":102,\"caption\":\"versiegelung24\"},\"image\":{\"@id\":\"https:\\\/\\\/www.versiegelung24.com\\\/hu\\\/#\\\/schema\\\/logo\\\/image\\\/\"}}]}<\/script>\n<meta property=\"product:price:amount\" content=\"10.99\" \/>\n<meta property=\"product:price:currency\" content=\"EUR\" \/>\n<meta property=\"og:availability\" content=\"instock\" \/>\n<meta property=\"product:availability\" content=\"instock\" \/>\n<meta property=\"product:retailer_item_id\" content=\"4009-904\" \/>\n<meta property=\"product:condition\" content=\"new\" \/>\n<!-- \/ Yoast SEO Premium plugin. -->","yoast_head_json":{"title":"Okostelefon \u00e9s mobiltelefon hossz\u00fa t\u00e1v\u00fa fert\u0151tlen\u00edt\u0151szer bakt\u00e9riumok \u00e9s v\u00edrusok ellen - versiegelung24.com","robots":{"index":"index","follow":"follow","max-snippet":"max-snippet:-1","max-image-preview":"max-image-preview:large","max-video-preview":"max-video-preview:-1"},"canonical":"https:\/\/www.versiegelung24.com\/hu\/handy-folyadek-ueveg-vedoreteg-bakteriumok-virusok-ellen.html","og_locale":"hu_HU","og_type":"article","og_title":"Okostelefon \u00e9s mobiltelefon hossz\u00fa t\u00e1v\u00fa fert\u0151tlen\u00edt\u0151szer bakt\u00e9riumok \u00e9s v\u00edrusok ellen","og_description":"A mobil v\u00e9gberendez\u00e9sek, p\u00e9ld\u00e1ul mobiltelefonok, okostelefonok vagy t\u00e1blag\u00e9pek fert\u0151tlen\u00edt\u0151 v\u00e9delm\u00e9nek piac\u00e1n az \u00fajdons\u00e1g a CCM\u00ae 12 csomag bakteri\u00e1lis t\u00f6rl\u0151kend\u0151. A MedTech Award\"Legjobb hossz\u00fa t\u00e1v\u00fa patog\u00e9n elleni v\u00e9delmet ny\u00fajt\u00f3 megold\u00e1s\" d\u00edjjal tan\u00fas\u00edtott tan\u00fas\u00edtv\u00e1nya","og_url":"https:\/\/www.versiegelung24.com\/hu\/handy-folyadek-ueveg-vedoreteg-bakteriumok-virusok-ellen.html","og_site_name":"versiegelung24.com","article_modified_time":"2025-01-05T14:40:00+00:00","og_image":[{"width":2000,"height":2000,"url":"https:\/\/www.versiegelung24.com\/wp-content\/uploads\/2021\/09\/produkt-4009-904-Handy-Bakterienschutz-Verpackung1.jpg","type":"image\/jpeg"}],"twitter_card":"summary_large_image","twitter_misc":{"\u00c1r":"10,99&euro;","El\u00e9rhet\u0151s\u00e9g":"K\u00e9szleten"},"schema":{"@context":"https:\/\/schema.org","@graph":[{"@type":"WebPage","@id":"https:\/\/www.versiegelung24.com\/hu\/handy-folyadek-ueveg-vedoreteg-bakteriumok-virusok-ellen.html","url":"https:\/\/www.versiegelung24.com\/hu\/handy-folyadek-ueveg-vedoreteg-bakteriumok-virusok-ellen.html","name":"Okostelefon \u00e9s mobiltelefon hossz\u00fa t\u00e1v\u00fa fert\u0151tlen\u00edt\u0151szer bakt\u00e9riumok \u00e9s v\u00edrusok ellen - versiegelung24.com","isPartOf":{"@id":"https:\/\/www.versiegelung24.com\/hu\/#website"},"primaryImageOfPage":{"@id":"https:\/\/www.versiegelung24.com\/hu\/handy-folyadek-ueveg-vedoreteg-bakteriumok-virusok-ellen.html#primaryimage"},"image":{"@id":"https:\/\/www.versiegelung24.com\/hu\/handy-folyadek-ueveg-vedoreteg-bakteriumok-virusok-ellen.html#primaryimage"},"thumbnailUrl":"https:\/\/www.versiegelung24.com\/wp-content\/uploads\/2021\/09\/produkt-4009-904-Handy-Bakterienschutz-Verpackung1.jpg","datePublished":"2021-09-27T09:31:20+00:00","dateModified":"2025-01-05T14:40:00+00:00","breadcrumb":{"@id":"https:\/\/www.versiegelung24.com\/hu\/handy-folyadek-ueveg-vedoreteg-bakteriumok-virusok-ellen.html#breadcrumb"},"inLanguage":"hu","potentialAction":[{"@type":"ReadAction","target":["https:\/\/www.versiegelung24.com\/hu\/handy-folyadek-ueveg-vedoreteg-bakteriumok-virusok-ellen.html"]}]},{"@type":"ImageObject","inLanguage":"hu","@id":"https:\/\/www.versiegelung24.com\/hu\/handy-folyadek-ueveg-vedoreteg-bakteriumok-virusok-ellen.html#primaryimage","url":"https:\/\/www.versiegelung24.com\/wp-content\/uploads\/2021\/09\/produkt-4009-904-Handy-Bakterienschutz-Verpackung1.jpg","contentUrl":"https:\/\/www.versiegelung24.com\/wp-content\/uploads\/2021\/09\/produkt-4009-904-Handy-Bakterienschutz-Verpackung1.jpg","width":2000,"height":2000},{"@type":"BreadcrumbList","@id":"https:\/\/www.versiegelung24.com\/hu\/handy-folyadek-ueveg-vedoreteg-bakteriumok-virusok-ellen.html#breadcrumb","itemListElement":[{"@type":"ListItem","position":1,"name":"Honlap","item":"https:\/\/www.versiegelung24.com\/hu\/elol\/"},{"@type":"ListItem","position":2,"name":"\u00dczlet","item":"https:\/\/www.versiegelung24.com\/hu\/uzlet\/"},{"@type":"ListItem","position":3,"name":"Okostelefon \u00e9s mobiltelefon hossz\u00fa t\u00e1v\u00fa fert\u0151tlen\u00edt\u0151szer bakt\u00e9riumok \u00e9s v\u00edrusok ellen"}]},{"@type":"WebSite","@id":"https:\/\/www.versiegelung24.com\/hu\/#website","url":"https:\/\/www.versiegelung24.com\/hu\/","name":"versiegelung24.com","description":"Fl\u00fcssigglas-Versiegelung - Made in Germany","publisher":{"@id":"https:\/\/www.versiegelung24.com\/hu\/#organization"},"potentialAction":[{"@type":"SearchAction","target":{"@type":"EntryPoint","urlTemplate":"https:\/\/www.versiegelung24.com\/hu\/?s={search_term_string}"},"query-input":{"@type":"PropertyValueSpecification","valueRequired":true,"valueName":"search_term_string"}}],"inLanguage":"hu"},{"@type":"Organization","@id":"https:\/\/www.versiegelung24.com\/hu\/#organization","name":"versiegelung24","url":"https:\/\/www.versiegelung24.com\/hu\/","logo":{"@type":"ImageObject","inLanguage":"hu","@id":"https:\/\/www.versiegelung24.com\/hu\/#\/schema\/logo\/image\/","url":"https:\/\/www.versiegelung24.com\/wp-content\/uploads\/2020\/04\/versiegelung24.png","contentUrl":"https:\/\/www.versiegelung24.com\/wp-content\/uploads\/2020\/04\/versiegelung24.png","width":470,"height":102,"caption":"versiegelung24"},"image":{"@id":"https:\/\/www.versiegelung24.com\/hu\/#\/schema\/logo\/image\/"}}]},"product_price_amount":"10.99","product_price_currency":"EUR","og_availability":"instock","product_availability":"instock","product_retailer_item_id":"4009-904","product_condition":"new"},"_links":{"self":[{"href":"https:\/\/www.versiegelung24.com\/hu\/wp-json\/wp\/v2\/product\/37430","targetHints":{"allow":["GET"]}}],"collection":[{"href":"https:\/\/www.versiegelung24.com\/hu\/wp-json\/wp\/v2\/product"}],"about":[{"href":"https:\/\/www.versiegelung24.com\/hu\/wp-json\/wp\/v2\/types\/product"}],"version-history":[{"count":85,"href":"https:\/\/www.versiegelung24.com\/hu\/wp-json\/wp\/v2\/product\/37430\/revisions"}],"predecessor-version":[{"id":178274,"href":"https:\/\/www.versiegelung24.com\/hu\/wp-json\/wp\/v2\/product\/37430\/revisions\/178274"}],"wp:featuredmedia":[{"embeddable":true,"href":"https:\/\/www.versiegelung24.com\/hu\/wp-json\/wp\/v2\/media\/63243"}],"wp:attachment":[{"href":"https:\/\/www.versiegelung24.com\/hu\/wp-json\/wp\/v2\/media?parent=37430"}],"wp:term":[{"taxonomy":"product_brand","embeddable":true,"href":"https:\/\/www.versiegelung24.com\/hu\/wp-json\/wp\/v2\/product_brand?post=37430"},{"taxonomy":"product_cat","embeddable":true,"href":"https:\/\/www.versiegelung24.com\/hu\/wp-json\/wp\/v2\/product_cat?post=37430"},{"taxonomy":"product_tag","embeddable":true,"href":"https:\/\/www.versiegelung24.com\/hu\/wp-json\/wp\/v2\/product_tag?post=37430"}],"curies":[{"name":"wp","href":"https:\/\/api.w.org\/{rel}","templated":true}]}}