{"id":46444,"date":"2022-01-04T18:16:33","date_gmt":"2022-01-04T17:16:33","guid":{"rendered":"https:\/\/www.versiegelung24.com\/?post_type=product&#038;p=46444"},"modified":"2026-04-30T14:15:48","modified_gmt":"2026-04-30T12:15:48","slug":"pedexan-cipofertotlenito-utantolto-flakon","status":"publish","type":"product","link":"https:\/\/www.versiegelung24.com\/hu\/product\/pedexan-cipofertotlenito-utantolto-flakon\/","title":{"rendered":"Pedexan cip\u0151fert\u0151tlen\u00edt\u00e9s hosszan tart\u00f3 hat\u00e1ssal 1l-es ut\u00e1nt\u00f6lt\u0151 flakon"},"content":{"rendered":"\n<h2 class=\"wp-block-heading\" id=\"pedexan-schuhdesinfektion-alaska-frische-fur-die-schuhe\">Pedexan cip\u0151 fert\u0151tlen\u00edt\u00e9s &#8211; Alaszkai frissess\u00e9g a cip\u0151k sz\u00e1m\u00e1ra<\/h2>\n\n<p><strong>Praktikus 1 literes ut\u00e1nt\u00f6lt\u0151 palack a <a href=\"https:\/\/www.versiegelung24.com\/hu\/pedexan-cipofertotlenito-adagolo-pedspend.html\">Pedexan PedSpend cip\u0151fert\u0151tlen\u00edt\u0151 adagol\u00f3hoz sz\u00f3r\u00f3fejjel<\/a> vagy a <a href=\"https:\/\/www.versiegelung24.com\/hu\/pedexan-cipo-fertotlenites.html\">125 ml-es Pedexan pump\u00e1s sz\u00f3r\u00f3fejes flakonhoz<\/a> .<\/strong><\/p>\n\n<p>Ha a munkacip\u0151t vagy az alkalmi cip\u0151t hossz\u00fa ideig intenz\u00edven haszn\u00e1lj\u00e1k, gyakran ide\u00e1lis k\u00f6rnyezet j\u00f6n l\u00e9tre a bakt\u00e9riumok \u00e9s gomb\u00e1k elszaporod\u00e1s\u00e1hoz, \u00e9s kellemetlen szagok keletkeznek.<\/p>\n\n<p>M\u00e9g a friss zokni \u00e9s a cip\u0151 szell\u0151z\u00e9se eset\u00e9n is megmarad a kellemetlen b\u0171z, \u00e9s ak\u00e1r cs\u00fanya fert\u0151z\u00e9seket is okozhat a l\u00e1bakon.<\/p>\n\n<p>Itt seg\u00edthet a <strong>Pedexan cip\u0151fert\u0151tlen\u00edt\u00e9s<\/strong> . A bakt\u00e9riumok \u00e9s gomb\u00e1k hat\u00e9konyan elt\u00e1vol\u00edthat\u00f3k, \u00e9s a hossz\u00fa t\u00e1v\u00fa hat\u00e1s megakad\u00e1lyozza az \u00fajak k\u00e9pz\u0151d\u00e9s\u00e9t.<\/p>\n\n<p>Alaszkai illat\u00e1val a Pedexan kellemes frissess\u00e9get biztos\u00edt, s\u0151t biokompatibilis.<\/p>\n\n<hr \/>\n\n<h4 class=\"wp-block-heading\" id=\"application\">Alkalmaz\u00e1s<\/h4>\n\n<p>Az alkalmaz\u00e1s nagyon egyszer\u0171:<\/p>\n\n<p><br \/><br \/>&#8211; Permetezze be a cip\u0151 belsej\u00e9t a szabadban. &#8211; Az els\u0151 alkalmaz\u00e1shoz 5-10 permetez\u00e9st aj\u00e1nlunk. &#8211; A Pedexan cip\u0151fert\u0151tlen\u00edt\u0151szert hetente 1-2 alkalommal vagy sz\u00fcks\u00e9g szerint kell haszn\u00e1lni.<\/p>\n\n<hr \/>\n\n<h4 class=\"wp-block-heading\" id=\"advisor\">Tan\u00e1csad\u00f3<\/h4>\n\n<p><strong>Biztons\u00e1gi tan\u00e1csok:<\/strong><\/p>\n\n<p>Felt\u00e9tlen\u00fcl vegye figyelembe! Biztos\u00edtson megfelel\u0151 szell\u0151z\u00e9st a kezel\u00e9s alatt. Fokozottan t\u0171zvesz\u00e9lyes folyad\u00e9k \u00e9s g\u0151z. S\u00falyos szemirrit\u00e1ci\u00f3t okoz. Tartsa t\u00e1vol h\u0151t\u0151l, forr\u00f3 fel\u00fcletekt\u0151l, szikr\u00e1t\u00f3l, ny\u00edlt l\u00e1ngt\u00f3l \u00e9s egy\u00e9b gy\u00fajt\u00f3forr\u00e1sokt\u00f3l. Ne doh\u00e1nyozz. H\u0171v\u00f6s, j\u00f3l szell\u0151z\u0151 helyen t\u00e1roland\u00f3. Ha orvosi tan\u00e1csad\u00e1sra van sz\u00fcks\u00e9g, k\u00e9sz\u00edtse el\u0151 a csomagol\u00e1st vagy a c\u00edmk\u00e9t. Gyermekek el\u0151l elz\u00e1rva tartand\u00f3.<\/p>\n\n<p>A cip\u0151 minden bels\u0151 fel\u00fclet\u00e9hez haszn\u00e1lhat\u00f3. Ha k\u00e9ts\u00e9gei vannak, tesztelje a Pedexant egy l\u00e1thatatlan helyen.<\/p>\n\n<p>T\u00e1rol\u00e1s csak z\u00e1rt tart\u00e1lyban. A tart\u00e1lyt csak akkor lehet \u00fajrahasznos\u00edtani, ha teljesen \u00fcres. Ne haszn\u00e1lja a lej\u00e1rati id\u0151 ut\u00e1n.<\/p>\n\n<p>Biocide Reg.sz .: N-25889<\/p>\n\n<p>Fontos: \u00d3vatosan haszn\u00e1lja a biocid term\u00e9keket. Haszn\u00e1lat el\u0151tt mindig olvassa el a c\u00edmk\u00e9t \u00e9s a term\u00e9kinform\u00e1ci\u00f3kat.<\/p>\n\n<hr \/>\n","protected":false},"excerpt":{"rendered":"<p>Pedexan cip\u0151 fert\u0151tlen\u00edt\u00e9s &#8211; Alaszkai frissess\u00e9g a cip\u0151k sz\u00e1m\u00e1ra Praktikus 1 literes ut\u00e1nt\u00f6lt\u0151 palack a Pedexan PedSpend cip\u0151fert\u0151tlen\u00edt\u0151 adagol\u00f3hoz sz\u00f3r\u00f3fejjel vagy a 125 ml-es Pedexan pump\u00e1s sz\u00f3r\u00f3fejes flakonhoz . Ha a munkacip\u0151t vagy az alkalmi cip\u0151t hossz\u00fa ideig intenz\u00edven haszn\u00e1lj\u00e1k, gyakran ide\u00e1lis k\u00f6rnyezet j\u00f6n l\u00e9tre a bakt\u00e9riumok \u00e9s gomb\u00e1k elszaporod\u00e1s\u00e1hoz, \u00e9s kellemetlen szagok keletkeznek. M\u00e9g&hellip;&nbsp;<a href=\"https:\/\/www.versiegelung24.com\/hu\/product\/pedexan-cipofertotlenito-utantolto-flakon\/\" rel=\"bookmark\">Read More &raquo;<span class=\"screen-reader-text\">Pedexan cip\u0151fert\u0151tlen\u00edt\u00e9s hosszan tart\u00f3 hat\u00e1ssal 1l-es ut\u00e1nt\u00f6lt\u0151 flakon<\/span><\/a><\/p>\n","protected":false},"featured_media":21930,"template":"","meta":{"_acf_changed":false,"neve_meta_sidebar":"","neve_meta_container":"","neve_meta_enable_content_width":"","neve_meta_content_width":0,"neve_meta_title_alignment":"","neve_meta_author_avatar":"","neve_post_elements_order":"","neve_meta_disable_header":"","neve_meta_disable_footer":"","neve_meta_disable_title":"","neve_meta_reading_time":"","_surfaces":[],"_ver_product_tabs":[],"footnotes":""},"product_brand":[],"product_cat":[2861,2287],"product_tag":[],"class_list":{"0":"post-46444","1":"product","2":"type-product","3":"status-publish","4":"has-post-thumbnail","6":"product_cat-cipo-fertotlenitoszerek","7":"product_cat-fertotlenitoszerek","9":"first","10":"instock","11":"taxable","12":"shipping-taxable","13":"purchasable","14":"product-type-simple"},"acf":[],"yoast_head":"<!-- This site is optimized with the Yoast SEO Premium plugin v22.8 (Yoast SEO v27.5) - https:\/\/yoast.com\/product\/yoast-seo-premium-wordpress\/ -->\n<title>Pedexan cip\u0151fert\u0151tlen\u00edt\u00e9s hosszan tart\u00f3 hat\u00e1ssal 1l-es ut\u00e1nt\u00f6lt\u0151 flakon - versiegelung24.com<\/title>\n<meta name=\"description\" content=\"Pedexan cip\u0151fert\u0151tlen\u00edt\u0151 - megold\u00e1s a kellemetlen szagok, bakt\u00e9riumok \u00e9s gomb\u00e1k ellen.\" \/>\n<meta name=\"robots\" content=\"index, follow, max-snippet:-1, max-image-preview:large, max-video-preview:-1\" \/>\n<link rel=\"canonical\" href=\"https:\/\/www.versiegelung24.com\/hu\/product\/pedexan-cipofertotlenito-utantolto-flakon\/\" \/>\n<meta property=\"og:locale\" content=\"hu_HU\" \/>\n<meta property=\"og:type\" content=\"article\" \/>\n<meta property=\"og:title\" content=\"Pedexan cip\u0151fert\u0151tlen\u00edt\u00e9s hosszan tart\u00f3 hat\u00e1ssal 1l-es ut\u00e1nt\u00f6lt\u0151 flakon\" \/>\n<meta property=\"og:description\" content=\"Pedexan cip\u0151fert\u0151tlen\u00edt\u0151 - megold\u00e1s a kellemetlen szagok, bakt\u00e9riumok \u00e9s gomb\u00e1k ellen.\" \/>\n<meta property=\"og:url\" content=\"https:\/\/www.versiegelung24.com\/hu\/product\/pedexan-cipofertotlenito-utantolto-flakon\/\" \/>\n<meta property=\"og:site_name\" content=\"versiegelung24.com\" \/>\n<meta property=\"article:modified_time\" content=\"2026-04-30T12:15:48+00:00\" \/>\n<meta property=\"og:image\" content=\"https:\/\/www.versiegelung24.com\/wp-content\/uploads\/2021\/03\/pedexan-schuhdesinfektion-1-liter.png\" \/>\n\t<meta property=\"og:image:width\" content=\"2000\" \/>\n\t<meta property=\"og:image:height\" content=\"2000\" \/>\n\t<meta property=\"og:image:type\" content=\"image\/png\" \/>\n<meta name=\"twitter:card\" content=\"summary_large_image\" \/>\n<meta name=\"twitter:label1\" content=\"\u00c1r\" \/>\n\t<meta name=\"twitter:data1\" content=\"42,49&euro;\" \/>\n\t<meta name=\"twitter:label2\" content=\"El\u00e9rhet\u0151s\u00e9g\" \/>\n\t<meta name=\"twitter:data2\" content=\"K\u00e9szleten\" \/>\n<script type=\"application\/ld+json\" class=\"yoast-schema-graph\">{\"@context\":\"https:\\\/\\\/schema.org\",\"@graph\":[{\"@type\":\"WebPage\",\"@id\":\"https:\\\/\\\/www.versiegelung24.com\\\/hu\\\/product\\\/pedexan-cipofertotlenito-utantolto-flakon\\\/\",\"url\":\"https:\\\/\\\/www.versiegelung24.com\\\/hu\\\/product\\\/pedexan-cipofertotlenito-utantolto-flakon\\\/\",\"name\":\"Pedexan cip\u0151fert\u0151tlen\u00edt\u00e9s hosszan tart\u00f3 hat\u00e1ssal 1l-es ut\u00e1nt\u00f6lt\u0151 flakon - versiegelung24.com\",\"isPartOf\":{\"@id\":\"https:\\\/\\\/www.versiegelung24.com\\\/hu\\\/#website\"},\"primaryImageOfPage\":{\"@id\":\"https:\\\/\\\/www.versiegelung24.com\\\/hu\\\/product\\\/pedexan-cipofertotlenito-utantolto-flakon\\\/#primaryimage\"},\"image\":{\"@id\":\"https:\\\/\\\/www.versiegelung24.com\\\/hu\\\/product\\\/pedexan-cipofertotlenito-utantolto-flakon\\\/#primaryimage\"},\"thumbnailUrl\":\"https:\\\/\\\/www.versiegelung24.com\\\/wp-content\\\/uploads\\\/2021\\\/03\\\/pedexan-schuhdesinfektion-1-liter.png\",\"datePublished\":\"2022-01-04T17:16:33+00:00\",\"dateModified\":\"2026-04-30T12:15:48+00:00\",\"description\":\"Pedexan cip\u0151fert\u0151tlen\u00edt\u0151 - megold\u00e1s a kellemetlen szagok, bakt\u00e9riumok \u00e9s gomb\u00e1k ellen.\",\"breadcrumb\":{\"@id\":\"https:\\\/\\\/www.versiegelung24.com\\\/hu\\\/product\\\/pedexan-cipofertotlenito-utantolto-flakon\\\/#breadcrumb\"},\"inLanguage\":\"hu\",\"potentialAction\":[{\"@type\":\"ReadAction\",\"target\":[\"https:\\\/\\\/www.versiegelung24.com\\\/hu\\\/product\\\/pedexan-cipofertotlenito-utantolto-flakon\\\/\"]}]},{\"@type\":\"ImageObject\",\"inLanguage\":\"hu\",\"@id\":\"https:\\\/\\\/www.versiegelung24.com\\\/hu\\\/product\\\/pedexan-cipofertotlenito-utantolto-flakon\\\/#primaryimage\",\"url\":\"https:\\\/\\\/www.versiegelung24.com\\\/wp-content\\\/uploads\\\/2021\\\/03\\\/pedexan-schuhdesinfektion-1-liter.png\",\"contentUrl\":\"https:\\\/\\\/www.versiegelung24.com\\\/wp-content\\\/uploads\\\/2021\\\/03\\\/pedexan-schuhdesinfektion-1-liter.png\",\"width\":2000,\"height\":2000},{\"@type\":\"BreadcrumbList\",\"@id\":\"https:\\\/\\\/www.versiegelung24.com\\\/hu\\\/product\\\/pedexan-cipofertotlenito-utantolto-flakon\\\/#breadcrumb\",\"itemListElement\":[{\"@type\":\"ListItem\",\"position\":1,\"name\":\"Honlap\",\"item\":\"https:\\\/\\\/www.versiegelung24.com\\\/hu\\\/elol\\\/\"},{\"@type\":\"ListItem\",\"position\":2,\"name\":\"\u00dczlet\",\"item\":\"https:\\\/\\\/www.versiegelung24.com\\\/hu\\\/uzlet\\\/\"},{\"@type\":\"ListItem\",\"position\":3,\"name\":\"Pedexan cip\u0151fert\u0151tlen\u00edt\u00e9s hosszan tart\u00f3 hat\u00e1ssal 1l-es ut\u00e1nt\u00f6lt\u0151 flakon\"}]},{\"@type\":\"WebSite\",\"@id\":\"https:\\\/\\\/www.versiegelung24.com\\\/hu\\\/#website\",\"url\":\"https:\\\/\\\/www.versiegelung24.com\\\/hu\\\/\",\"name\":\"versiegelung24.com\",\"description\":\"Fl\u00fcssigglas-Versiegelung - Made in Germany\",\"publisher\":{\"@id\":\"https:\\\/\\\/www.versiegelung24.com\\\/hu\\\/#organization\"},\"potentialAction\":[{\"@type\":\"SearchAction\",\"target\":{\"@type\":\"EntryPoint\",\"urlTemplate\":\"https:\\\/\\\/www.versiegelung24.com\\\/hu\\\/?s={search_term_string}\"},\"query-input\":{\"@type\":\"PropertyValueSpecification\",\"valueRequired\":true,\"valueName\":\"search_term_string\"}}],\"inLanguage\":\"hu\"},{\"@type\":\"Organization\",\"@id\":\"https:\\\/\\\/www.versiegelung24.com\\\/hu\\\/#organization\",\"name\":\"versiegelung24\",\"url\":\"https:\\\/\\\/www.versiegelung24.com\\\/hu\\\/\",\"logo\":{\"@type\":\"ImageObject\",\"inLanguage\":\"hu\",\"@id\":\"https:\\\/\\\/www.versiegelung24.com\\\/hu\\\/#\\\/schema\\\/logo\\\/image\\\/\",\"url\":\"https:\\\/\\\/www.versiegelung24.com\\\/wp-content\\\/uploads\\\/2020\\\/04\\\/versiegelung24.png\",\"contentUrl\":\"https:\\\/\\\/www.versiegelung24.com\\\/wp-content\\\/uploads\\\/2020\\\/04\\\/versiegelung24.png\",\"width\":470,\"height\":102,\"caption\":\"versiegelung24\"},\"image\":{\"@id\":\"https:\\\/\\\/www.versiegelung24.com\\\/hu\\\/#\\\/schema\\\/logo\\\/image\\\/\"}}]}<\/script>\n<meta property=\"product:price:amount\" content=\"42.49\" \/>\n<meta property=\"product:price:currency\" content=\"EUR\" \/>\n<meta property=\"og:availability\" content=\"instock\" \/>\n<meta property=\"product:availability\" content=\"instock\" \/>\n<meta property=\"product:retailer_item_id\" content=\"PED-1A\" \/>\n<meta property=\"product:condition\" content=\"new\" \/>\n<!-- \/ Yoast SEO Premium plugin. -->","yoast_head_json":{"title":"Pedexan cip\u0151fert\u0151tlen\u00edt\u00e9s hosszan tart\u00f3 hat\u00e1ssal 1l-es ut\u00e1nt\u00f6lt\u0151 flakon - versiegelung24.com","description":"Pedexan cip\u0151fert\u0151tlen\u00edt\u0151 - megold\u00e1s a kellemetlen szagok, bakt\u00e9riumok \u00e9s gomb\u00e1k ellen.","robots":{"index":"index","follow":"follow","max-snippet":"max-snippet:-1","max-image-preview":"max-image-preview:large","max-video-preview":"max-video-preview:-1"},"canonical":"https:\/\/www.versiegelung24.com\/hu\/product\/pedexan-cipofertotlenito-utantolto-flakon\/","og_locale":"hu_HU","og_type":"article","og_title":"Pedexan cip\u0151fert\u0151tlen\u00edt\u00e9s hosszan tart\u00f3 hat\u00e1ssal 1l-es ut\u00e1nt\u00f6lt\u0151 flakon","og_description":"Pedexan cip\u0151fert\u0151tlen\u00edt\u0151 - megold\u00e1s a kellemetlen szagok, bakt\u00e9riumok \u00e9s gomb\u00e1k ellen.","og_url":"https:\/\/www.versiegelung24.com\/hu\/product\/pedexan-cipofertotlenito-utantolto-flakon\/","og_site_name":"versiegelung24.com","article_modified_time":"2026-04-30T12:15:48+00:00","og_image":[{"width":2000,"height":2000,"url":"https:\/\/www.versiegelung24.com\/wp-content\/uploads\/2021\/03\/pedexan-schuhdesinfektion-1-liter.png","type":"image\/png"}],"twitter_card":"summary_large_image","twitter_misc":{"\u00c1r":"42,49&euro;","El\u00e9rhet\u0151s\u00e9g":"K\u00e9szleten"},"schema":{"@context":"https:\/\/schema.org","@graph":[{"@type":"WebPage","@id":"https:\/\/www.versiegelung24.com\/hu\/product\/pedexan-cipofertotlenito-utantolto-flakon\/","url":"https:\/\/www.versiegelung24.com\/hu\/product\/pedexan-cipofertotlenito-utantolto-flakon\/","name":"Pedexan cip\u0151fert\u0151tlen\u00edt\u00e9s hosszan tart\u00f3 hat\u00e1ssal 1l-es ut\u00e1nt\u00f6lt\u0151 flakon - versiegelung24.com","isPartOf":{"@id":"https:\/\/www.versiegelung24.com\/hu\/#website"},"primaryImageOfPage":{"@id":"https:\/\/www.versiegelung24.com\/hu\/product\/pedexan-cipofertotlenito-utantolto-flakon\/#primaryimage"},"image":{"@id":"https:\/\/www.versiegelung24.com\/hu\/product\/pedexan-cipofertotlenito-utantolto-flakon\/#primaryimage"},"thumbnailUrl":"https:\/\/www.versiegelung24.com\/wp-content\/uploads\/2021\/03\/pedexan-schuhdesinfektion-1-liter.png","datePublished":"2022-01-04T17:16:33+00:00","dateModified":"2026-04-30T12:15:48+00:00","description":"Pedexan cip\u0151fert\u0151tlen\u00edt\u0151 - megold\u00e1s a kellemetlen szagok, bakt\u00e9riumok \u00e9s gomb\u00e1k ellen.","breadcrumb":{"@id":"https:\/\/www.versiegelung24.com\/hu\/product\/pedexan-cipofertotlenito-utantolto-flakon\/#breadcrumb"},"inLanguage":"hu","potentialAction":[{"@type":"ReadAction","target":["https:\/\/www.versiegelung24.com\/hu\/product\/pedexan-cipofertotlenito-utantolto-flakon\/"]}]},{"@type":"ImageObject","inLanguage":"hu","@id":"https:\/\/www.versiegelung24.com\/hu\/product\/pedexan-cipofertotlenito-utantolto-flakon\/#primaryimage","url":"https:\/\/www.versiegelung24.com\/wp-content\/uploads\/2021\/03\/pedexan-schuhdesinfektion-1-liter.png","contentUrl":"https:\/\/www.versiegelung24.com\/wp-content\/uploads\/2021\/03\/pedexan-schuhdesinfektion-1-liter.png","width":2000,"height":2000},{"@type":"BreadcrumbList","@id":"https:\/\/www.versiegelung24.com\/hu\/product\/pedexan-cipofertotlenito-utantolto-flakon\/#breadcrumb","itemListElement":[{"@type":"ListItem","position":1,"name":"Honlap","item":"https:\/\/www.versiegelung24.com\/hu\/elol\/"},{"@type":"ListItem","position":2,"name":"\u00dczlet","item":"https:\/\/www.versiegelung24.com\/hu\/uzlet\/"},{"@type":"ListItem","position":3,"name":"Pedexan cip\u0151fert\u0151tlen\u00edt\u00e9s hosszan tart\u00f3 hat\u00e1ssal 1l-es ut\u00e1nt\u00f6lt\u0151 flakon"}]},{"@type":"WebSite","@id":"https:\/\/www.versiegelung24.com\/hu\/#website","url":"https:\/\/www.versiegelung24.com\/hu\/","name":"versiegelung24.com","description":"Fl\u00fcssigglas-Versiegelung - Made in Germany","publisher":{"@id":"https:\/\/www.versiegelung24.com\/hu\/#organization"},"potentialAction":[{"@type":"SearchAction","target":{"@type":"EntryPoint","urlTemplate":"https:\/\/www.versiegelung24.com\/hu\/?s={search_term_string}"},"query-input":{"@type":"PropertyValueSpecification","valueRequired":true,"valueName":"search_term_string"}}],"inLanguage":"hu"},{"@type":"Organization","@id":"https:\/\/www.versiegelung24.com\/hu\/#organization","name":"versiegelung24","url":"https:\/\/www.versiegelung24.com\/hu\/","logo":{"@type":"ImageObject","inLanguage":"hu","@id":"https:\/\/www.versiegelung24.com\/hu\/#\/schema\/logo\/image\/","url":"https:\/\/www.versiegelung24.com\/wp-content\/uploads\/2020\/04\/versiegelung24.png","contentUrl":"https:\/\/www.versiegelung24.com\/wp-content\/uploads\/2020\/04\/versiegelung24.png","width":470,"height":102,"caption":"versiegelung24"},"image":{"@id":"https:\/\/www.versiegelung24.com\/hu\/#\/schema\/logo\/image\/"}}]},"product_price_amount":"42.49","product_price_currency":"EUR","og_availability":"instock","product_availability":"instock","product_retailer_item_id":"PED-1A","product_condition":"new"},"_links":{"self":[{"href":"https:\/\/www.versiegelung24.com\/hu\/wp-json\/wp\/v2\/product\/46444","targetHints":{"allow":["GET"]}}],"collection":[{"href":"https:\/\/www.versiegelung24.com\/hu\/wp-json\/wp\/v2\/product"}],"about":[{"href":"https:\/\/www.versiegelung24.com\/hu\/wp-json\/wp\/v2\/types\/product"}],"version-history":[{"count":21,"href":"https:\/\/www.versiegelung24.com\/hu\/wp-json\/wp\/v2\/product\/46444\/revisions"}],"predecessor-version":[{"id":180426,"href":"https:\/\/www.versiegelung24.com\/hu\/wp-json\/wp\/v2\/product\/46444\/revisions\/180426"}],"wp:featuredmedia":[{"embeddable":true,"href":"https:\/\/www.versiegelung24.com\/hu\/wp-json\/wp\/v2\/media\/21930"}],"wp:attachment":[{"href":"https:\/\/www.versiegelung24.com\/hu\/wp-json\/wp\/v2\/media?parent=46444"}],"wp:term":[{"taxonomy":"product_brand","embeddable":true,"href":"https:\/\/www.versiegelung24.com\/hu\/wp-json\/wp\/v2\/product_brand?post=46444"},{"taxonomy":"product_cat","embeddable":true,"href":"https:\/\/www.versiegelung24.com\/hu\/wp-json\/wp\/v2\/product_cat?post=46444"},{"taxonomy":"product_tag","embeddable":true,"href":"https:\/\/www.versiegelung24.com\/hu\/wp-json\/wp\/v2\/product_tag?post=46444"}],"curies":[{"name":"wp","href":"https:\/\/api.w.org\/{rel}","templated":true}]}}