{"id":46800,"date":"2022-01-04T20:13:16","date_gmt":"2022-01-04T19:13:31","guid":{"rendered":"https:\/\/www.versiegelung24.com\/?post_type=product&#038;p=46800"},"modified":"2025-01-13T16:34:46","modified_gmt":"2025-01-13T15:34:46","slug":"pedexan-cipofertotlenito-adagolo-pedspend","status":"publish","type":"product","link":"https:\/\/www.versiegelung24.com\/hu\/pedexan-cipofertotlenito-adagolo-pedspend.html","title":{"rendered":"PedSpend &#8211; sz\u00f3r\u00f3fejes adagol\u00f3 a Pedexan cip\u0151fert\u0151tlen\u00edt\u00e9shez"},"content":{"rendered":"\n<h1 class=\"wp-block-heading\" id=\"pedspend-spender-mit-spruhlanze-fur-pedexan-schuhdesinfektion\">PedSpend \u2013 sz\u00f3r\u00f3fejes adagol\u00f3 a Pedexan cip\u0151fert\u0151tlen\u00edt\u00e9shez<\/h1>\n\n<p><strong>Cip\u0151fert\u0151tlen\u00edt\u0151 adagol\u00f3 helyhez k\u00f6t\u00f6tt vagy mobil haszn\u00e1latra. Ide\u00e1lis cip\u0151k higi\u00e9nikus \u00fajrafeldolgoz\u00e1s\u00e1hoz, p\u00e9ld\u00e1ul munkacip\u0151kh\u00f6z az iparban \u00e9s a k\u00e9zm\u0171vesiparban, tekep\u00e1ly\u00e1khoz vagy s\u00edk\u00f6lcs\u00f6nz\u0151kh\u00f6z.<\/strong><\/p>\n\n<h4 class=\"wp-block-heading\" id=\"properties\">A term\u00e9k jellemz\u0151i<\/h4>\n\n<div class=\"wp-block-columns is-layout-flex wp-container-core-columns-is-layout-9d6595d7 wp-block-columns-is-layout-flex\">\n<div class=\"wp-block-column is-layout-flow wp-block-column-is-layout-flow\">\n<p><strong>Sz\u00e1ll\u00edt\u00e1si terjedelem:<\/strong> PedSpend cip\u0151fert\u0151tlen\u00edt\u0151 adagol\u00f3 (z\u00e1rhat\u00f3) 1,4 m-es sz\u00f3r\u00f3sz\u00e1rral<\/p>\n<\/div>\n\n\n\n<div class=\"wp-block-column is-layout-flow wp-block-column-is-layout-flow\">\n<p><strong>Alkalmas: <a href=\"https:\/\/www.versiegelung24.com\/hu\/product\/pedexan-cipofertotlenito-utantolto-flakon\/\">Pedexan cip\u0151fert\u0151tlen\u00edt\u0151<\/a><\/strong> 1 literes ut\u00e1nt\u00f6lt\u0151 flakon \u00e9s minden 1 literes Euro adagol\u00f3 ut\u00e1nt\u00f6lt\u0151 palack<\/p>\n<\/div>\n<\/div>\n\n<hr \/>\n\n<h4 class=\"wp-block-heading\" id=\"application\">Alkalmaz\u00e1s<\/h4>\n\n<p>Felhaszn\u00e1l\u00e1si ter\u00fcletek <strong>:<\/strong> ipar \u00e9s kereskedelem, bowlingcip\u0151, s\u00edcip\u0151, j\u00e9gkorcsolya k\u00f6lcs\u00f6nz\u00e9se<\/p>\n","protected":false},"excerpt":{"rendered":"<p>PedSpend \u2013 sz\u00f3r\u00f3fejes adagol\u00f3 a Pedexan cip\u0151fert\u0151tlen\u00edt\u00e9shez Cip\u0151fert\u0151tlen\u00edt\u0151 adagol\u00f3 helyhez k\u00f6t\u00f6tt vagy mobil haszn\u00e1latra. Ide\u00e1lis cip\u0151k higi\u00e9nikus \u00fajrafeldolgoz\u00e1s\u00e1hoz, p\u00e9ld\u00e1ul munkacip\u0151kh\u00f6z az iparban \u00e9s a k\u00e9zm\u0171vesiparban, tekep\u00e1ly\u00e1khoz vagy s\u00edk\u00f6lcs\u00f6nz\u0151kh\u00f6z. A term\u00e9k jellemz\u0151i Sz\u00e1ll\u00edt\u00e1si terjedelem: PedSpend cip\u0151fert\u0151tlen\u00edt\u0151 adagol\u00f3 (z\u00e1rhat\u00f3) 1,4 m-es sz\u00f3r\u00f3sz\u00e1rral Alkalmas: Pedexan cip\u0151fert\u0151tlen\u00edt\u0151 1 literes ut\u00e1nt\u00f6lt\u0151 flakon \u00e9s minden 1 literes Euro adagol\u00f3 ut\u00e1nt\u00f6lt\u0151 palack&hellip;&nbsp;<a href=\"https:\/\/www.versiegelung24.com\/hu\/pedexan-cipofertotlenito-adagolo-pedspend.html\" rel=\"bookmark\">Read More &raquo;<span class=\"screen-reader-text\">PedSpend &#8211; sz\u00f3r\u00f3fejes adagol\u00f3 a Pedexan cip\u0151fert\u0151tlen\u00edt\u00e9shez<\/span><\/a><\/p>\n","protected":false},"featured_media":46871,"template":"","meta":{"_acf_changed":false,"neve_meta_sidebar":"","neve_meta_container":"","neve_meta_enable_content_width":"","neve_meta_content_width":0,"neve_meta_title_alignment":"","neve_meta_author_avatar":"","neve_post_elements_order":"","neve_meta_disable_header":"","neve_meta_disable_footer":"","neve_meta_disable_title":"","neve_meta_reading_time":"","_surfaces":[],"_ver_product_tabs":[],"footnotes":""},"product_brand":[],"product_cat":[2287,2861],"product_tag":[],"class_list":{"0":"post-46800","1":"product","2":"type-product","3":"status-publish","4":"has-post-thumbnail","6":"product_cat-fertotlenitoszerek","7":"product_cat-cipo-fertotlenitoszerek","9":"first","10":"instock","11":"taxable","12":"shipping-taxable","13":"purchasable","14":"product-type-simple"},"acf":[],"yoast_head":"<!-- This site is optimized with the Yoast SEO Premium plugin v22.8 (Yoast SEO v27.5) - https:\/\/yoast.com\/product\/yoast-seo-premium-wordpress\/ -->\n<title>PedSpend - sz\u00f3r\u00f3fejes adagol\u00f3 a Pedexan cip\u0151fert\u0151tlen\u00edt\u00e9shez - versiegelung24.com<\/title>\n<meta name=\"description\" content=\"Pedexan cip\u0151fert\u0151tlen\u00edt\u0151 - megold\u00e1s a kellemetlen szagok, bakt\u00e9riumok \u00e9s gomb\u00e1k ellen.\" \/>\n<meta name=\"robots\" content=\"index, follow, max-snippet:-1, max-image-preview:large, max-video-preview:-1\" \/>\n<link rel=\"canonical\" href=\"https:\/\/www.versiegelung24.com\/hu\/pedexan-cipofertotlenito-adagolo-pedspend.html\" \/>\n<meta property=\"og:locale\" content=\"hu_HU\" \/>\n<meta property=\"og:type\" content=\"article\" \/>\n<meta property=\"og:title\" content=\"PedSpend - sz\u00f3r\u00f3fejes adagol\u00f3 a Pedexan cip\u0151fert\u0151tlen\u00edt\u00e9shez\" \/>\n<meta property=\"og:description\" content=\"Pedexan cip\u0151fert\u0151tlen\u00edt\u0151 - megold\u00e1s a kellemetlen szagok, bakt\u00e9riumok \u00e9s gomb\u00e1k ellen.\" \/>\n<meta property=\"og:url\" content=\"https:\/\/www.versiegelung24.com\/hu\/pedexan-cipofertotlenito-adagolo-pedspend.html\" \/>\n<meta property=\"og:site_name\" content=\"versiegelung24.com\" \/>\n<meta property=\"article:modified_time\" content=\"2025-01-13T15:34:46+00:00\" \/>\n<meta property=\"og:image\" content=\"https:\/\/www.versiegelung24.com\/wp-content\/uploads\/2022\/01\/produkt-pedexan-pedspend.png\" \/>\n\t<meta property=\"og:image:width\" content=\"2000\" \/>\n\t<meta property=\"og:image:height\" content=\"2000\" \/>\n\t<meta property=\"og:image:type\" content=\"image\/png\" \/>\n<meta name=\"twitter:card\" content=\"summary_large_image\" \/>\n<meta name=\"twitter:label1\" content=\"\u00c1r\" \/>\n\t<meta name=\"twitter:data1\" content=\"119,00&euro;\" \/>\n\t<meta name=\"twitter:label2\" content=\"El\u00e9rhet\u0151s\u00e9g\" \/>\n\t<meta name=\"twitter:data2\" content=\"K\u00e9szleten\" \/>\n<script type=\"application\/ld+json\" class=\"yoast-schema-graph\">{\"@context\":\"https:\\\/\\\/schema.org\",\"@graph\":[{\"@type\":\"WebPage\",\"@id\":\"https:\\\/\\\/www.versiegelung24.com\\\/hu\\\/pedexan-cipofertotlenito-adagolo-pedspend.html\",\"url\":\"https:\\\/\\\/www.versiegelung24.com\\\/hu\\\/pedexan-cipofertotlenito-adagolo-pedspend.html\",\"name\":\"PedSpend - sz\u00f3r\u00f3fejes adagol\u00f3 a Pedexan cip\u0151fert\u0151tlen\u00edt\u00e9shez - versiegelung24.com\",\"isPartOf\":{\"@id\":\"https:\\\/\\\/www.versiegelung24.com\\\/hu\\\/#website\"},\"primaryImageOfPage\":{\"@id\":\"https:\\\/\\\/www.versiegelung24.com\\\/hu\\\/pedexan-cipofertotlenito-adagolo-pedspend.html#primaryimage\"},\"image\":{\"@id\":\"https:\\\/\\\/www.versiegelung24.com\\\/hu\\\/pedexan-cipofertotlenito-adagolo-pedspend.html#primaryimage\"},\"thumbnailUrl\":\"https:\\\/\\\/www.versiegelung24.com\\\/wp-content\\\/uploads\\\/2022\\\/01\\\/produkt-pedexan-pedspend.png\",\"datePublished\":\"2022-01-04T19:13:31+00:00\",\"dateModified\":\"2025-01-13T15:34:46+00:00\",\"description\":\"Pedexan cip\u0151fert\u0151tlen\u00edt\u0151 - megold\u00e1s a kellemetlen szagok, bakt\u00e9riumok \u00e9s gomb\u00e1k ellen.\",\"breadcrumb\":{\"@id\":\"https:\\\/\\\/www.versiegelung24.com\\\/hu\\\/pedexan-cipofertotlenito-adagolo-pedspend.html#breadcrumb\"},\"inLanguage\":\"hu\",\"potentialAction\":[{\"@type\":\"ReadAction\",\"target\":[\"https:\\\/\\\/www.versiegelung24.com\\\/hu\\\/pedexan-cipofertotlenito-adagolo-pedspend.html\"]}]},{\"@type\":\"ImageObject\",\"inLanguage\":\"hu\",\"@id\":\"https:\\\/\\\/www.versiegelung24.com\\\/hu\\\/pedexan-cipofertotlenito-adagolo-pedspend.html#primaryimage\",\"url\":\"https:\\\/\\\/www.versiegelung24.com\\\/wp-content\\\/uploads\\\/2022\\\/01\\\/produkt-pedexan-pedspend.png\",\"contentUrl\":\"https:\\\/\\\/www.versiegelung24.com\\\/wp-content\\\/uploads\\\/2022\\\/01\\\/produkt-pedexan-pedspend.png\",\"width\":2000,\"height\":2000},{\"@type\":\"BreadcrumbList\",\"@id\":\"https:\\\/\\\/www.versiegelung24.com\\\/hu\\\/pedexan-cipofertotlenito-adagolo-pedspend.html#breadcrumb\",\"itemListElement\":[{\"@type\":\"ListItem\",\"position\":1,\"name\":\"Honlap\",\"item\":\"https:\\\/\\\/www.versiegelung24.com\\\/hu\\\/elol\\\/\"},{\"@type\":\"ListItem\",\"position\":2,\"name\":\"\u00dczlet\",\"item\":\"https:\\\/\\\/www.versiegelung24.com\\\/hu\\\/uzlet\\\/\"},{\"@type\":\"ListItem\",\"position\":3,\"name\":\"PedSpend &#8211; sz\u00f3r\u00f3fejes adagol\u00f3 a Pedexan cip\u0151fert\u0151tlen\u00edt\u00e9shez\"}]},{\"@type\":\"WebSite\",\"@id\":\"https:\\\/\\\/www.versiegelung24.com\\\/hu\\\/#website\",\"url\":\"https:\\\/\\\/www.versiegelung24.com\\\/hu\\\/\",\"name\":\"versiegelung24.com\",\"description\":\"Fl\u00fcssigglas-Versiegelung - Made in Germany\",\"publisher\":{\"@id\":\"https:\\\/\\\/www.versiegelung24.com\\\/hu\\\/#organization\"},\"potentialAction\":[{\"@type\":\"SearchAction\",\"target\":{\"@type\":\"EntryPoint\",\"urlTemplate\":\"https:\\\/\\\/www.versiegelung24.com\\\/hu\\\/?s={search_term_string}\"},\"query-input\":{\"@type\":\"PropertyValueSpecification\",\"valueRequired\":true,\"valueName\":\"search_term_string\"}}],\"inLanguage\":\"hu\"},{\"@type\":\"Organization\",\"@id\":\"https:\\\/\\\/www.versiegelung24.com\\\/hu\\\/#organization\",\"name\":\"versiegelung24\",\"url\":\"https:\\\/\\\/www.versiegelung24.com\\\/hu\\\/\",\"logo\":{\"@type\":\"ImageObject\",\"inLanguage\":\"hu\",\"@id\":\"https:\\\/\\\/www.versiegelung24.com\\\/hu\\\/#\\\/schema\\\/logo\\\/image\\\/\",\"url\":\"https:\\\/\\\/www.versiegelung24.com\\\/wp-content\\\/uploads\\\/2020\\\/04\\\/versiegelung24.png\",\"contentUrl\":\"https:\\\/\\\/www.versiegelung24.com\\\/wp-content\\\/uploads\\\/2020\\\/04\\\/versiegelung24.png\",\"width\":470,\"height\":102,\"caption\":\"versiegelung24\"},\"image\":{\"@id\":\"https:\\\/\\\/www.versiegelung24.com\\\/hu\\\/#\\\/schema\\\/logo\\\/image\\\/\"}}]}<\/script>\n<meta property=\"product:price:amount\" content=\"119.00\" \/>\n<meta property=\"product:price:currency\" content=\"EUR\" \/>\n<meta property=\"og:availability\" content=\"instock\" \/>\n<meta property=\"product:availability\" content=\"instock\" \/>\n<meta property=\"product:retailer_item_id\" content=\"PED-spend\" \/>\n<meta property=\"product:condition\" content=\"new\" \/>\n<!-- \/ Yoast SEO Premium plugin. -->","yoast_head_json":{"title":"PedSpend - sz\u00f3r\u00f3fejes adagol\u00f3 a Pedexan cip\u0151fert\u0151tlen\u00edt\u00e9shez - versiegelung24.com","description":"Pedexan cip\u0151fert\u0151tlen\u00edt\u0151 - megold\u00e1s a kellemetlen szagok, bakt\u00e9riumok \u00e9s gomb\u00e1k ellen.","robots":{"index":"index","follow":"follow","max-snippet":"max-snippet:-1","max-image-preview":"max-image-preview:large","max-video-preview":"max-video-preview:-1"},"canonical":"https:\/\/www.versiegelung24.com\/hu\/pedexan-cipofertotlenito-adagolo-pedspend.html","og_locale":"hu_HU","og_type":"article","og_title":"PedSpend - sz\u00f3r\u00f3fejes adagol\u00f3 a Pedexan cip\u0151fert\u0151tlen\u00edt\u00e9shez","og_description":"Pedexan cip\u0151fert\u0151tlen\u00edt\u0151 - megold\u00e1s a kellemetlen szagok, bakt\u00e9riumok \u00e9s gomb\u00e1k ellen.","og_url":"https:\/\/www.versiegelung24.com\/hu\/pedexan-cipofertotlenito-adagolo-pedspend.html","og_site_name":"versiegelung24.com","article_modified_time":"2025-01-13T15:34:46+00:00","og_image":[{"width":2000,"height":2000,"url":"https:\/\/www.versiegelung24.com\/wp-content\/uploads\/2022\/01\/produkt-pedexan-pedspend.png","type":"image\/png"}],"twitter_card":"summary_large_image","twitter_misc":{"\u00c1r":"119,00&euro;","El\u00e9rhet\u0151s\u00e9g":"K\u00e9szleten"},"schema":{"@context":"https:\/\/schema.org","@graph":[{"@type":"WebPage","@id":"https:\/\/www.versiegelung24.com\/hu\/pedexan-cipofertotlenito-adagolo-pedspend.html","url":"https:\/\/www.versiegelung24.com\/hu\/pedexan-cipofertotlenito-adagolo-pedspend.html","name":"PedSpend - sz\u00f3r\u00f3fejes adagol\u00f3 a Pedexan cip\u0151fert\u0151tlen\u00edt\u00e9shez - versiegelung24.com","isPartOf":{"@id":"https:\/\/www.versiegelung24.com\/hu\/#website"},"primaryImageOfPage":{"@id":"https:\/\/www.versiegelung24.com\/hu\/pedexan-cipofertotlenito-adagolo-pedspend.html#primaryimage"},"image":{"@id":"https:\/\/www.versiegelung24.com\/hu\/pedexan-cipofertotlenito-adagolo-pedspend.html#primaryimage"},"thumbnailUrl":"https:\/\/www.versiegelung24.com\/wp-content\/uploads\/2022\/01\/produkt-pedexan-pedspend.png","datePublished":"2022-01-04T19:13:31+00:00","dateModified":"2025-01-13T15:34:46+00:00","description":"Pedexan cip\u0151fert\u0151tlen\u00edt\u0151 - megold\u00e1s a kellemetlen szagok, bakt\u00e9riumok \u00e9s gomb\u00e1k ellen.","breadcrumb":{"@id":"https:\/\/www.versiegelung24.com\/hu\/pedexan-cipofertotlenito-adagolo-pedspend.html#breadcrumb"},"inLanguage":"hu","potentialAction":[{"@type":"ReadAction","target":["https:\/\/www.versiegelung24.com\/hu\/pedexan-cipofertotlenito-adagolo-pedspend.html"]}]},{"@type":"ImageObject","inLanguage":"hu","@id":"https:\/\/www.versiegelung24.com\/hu\/pedexan-cipofertotlenito-adagolo-pedspend.html#primaryimage","url":"https:\/\/www.versiegelung24.com\/wp-content\/uploads\/2022\/01\/produkt-pedexan-pedspend.png","contentUrl":"https:\/\/www.versiegelung24.com\/wp-content\/uploads\/2022\/01\/produkt-pedexan-pedspend.png","width":2000,"height":2000},{"@type":"BreadcrumbList","@id":"https:\/\/www.versiegelung24.com\/hu\/pedexan-cipofertotlenito-adagolo-pedspend.html#breadcrumb","itemListElement":[{"@type":"ListItem","position":1,"name":"Honlap","item":"https:\/\/www.versiegelung24.com\/hu\/elol\/"},{"@type":"ListItem","position":2,"name":"\u00dczlet","item":"https:\/\/www.versiegelung24.com\/hu\/uzlet\/"},{"@type":"ListItem","position":3,"name":"PedSpend &#8211; sz\u00f3r\u00f3fejes adagol\u00f3 a Pedexan cip\u0151fert\u0151tlen\u00edt\u00e9shez"}]},{"@type":"WebSite","@id":"https:\/\/www.versiegelung24.com\/hu\/#website","url":"https:\/\/www.versiegelung24.com\/hu\/","name":"versiegelung24.com","description":"Fl\u00fcssigglas-Versiegelung - Made in Germany","publisher":{"@id":"https:\/\/www.versiegelung24.com\/hu\/#organization"},"potentialAction":[{"@type":"SearchAction","target":{"@type":"EntryPoint","urlTemplate":"https:\/\/www.versiegelung24.com\/hu\/?s={search_term_string}"},"query-input":{"@type":"PropertyValueSpecification","valueRequired":true,"valueName":"search_term_string"}}],"inLanguage":"hu"},{"@type":"Organization","@id":"https:\/\/www.versiegelung24.com\/hu\/#organization","name":"versiegelung24","url":"https:\/\/www.versiegelung24.com\/hu\/","logo":{"@type":"ImageObject","inLanguage":"hu","@id":"https:\/\/www.versiegelung24.com\/hu\/#\/schema\/logo\/image\/","url":"https:\/\/www.versiegelung24.com\/wp-content\/uploads\/2020\/04\/versiegelung24.png","contentUrl":"https:\/\/www.versiegelung24.com\/wp-content\/uploads\/2020\/04\/versiegelung24.png","width":470,"height":102,"caption":"versiegelung24"},"image":{"@id":"https:\/\/www.versiegelung24.com\/hu\/#\/schema\/logo\/image\/"}}]},"product_price_amount":"119.00","product_price_currency":"EUR","og_availability":"instock","product_availability":"instock","product_retailer_item_id":"PED-spend","product_condition":"new"},"_links":{"self":[{"href":"https:\/\/www.versiegelung24.com\/hu\/wp-json\/wp\/v2\/product\/46800","targetHints":{"allow":["GET"]}}],"collection":[{"href":"https:\/\/www.versiegelung24.com\/hu\/wp-json\/wp\/v2\/product"}],"about":[{"href":"https:\/\/www.versiegelung24.com\/hu\/wp-json\/wp\/v2\/types\/product"}],"version-history":[{"count":16,"href":"https:\/\/www.versiegelung24.com\/hu\/wp-json\/wp\/v2\/product\/46800\/revisions"}],"predecessor-version":[{"id":180453,"href":"https:\/\/www.versiegelung24.com\/hu\/wp-json\/wp\/v2\/product\/46800\/revisions\/180453"}],"wp:featuredmedia":[{"embeddable":true,"href":"https:\/\/www.versiegelung24.com\/hu\/wp-json\/wp\/v2\/media\/46871"}],"wp:attachment":[{"href":"https:\/\/www.versiegelung24.com\/hu\/wp-json\/wp\/v2\/media?parent=46800"}],"wp:term":[{"taxonomy":"product_brand","embeddable":true,"href":"https:\/\/www.versiegelung24.com\/hu\/wp-json\/wp\/v2\/product_brand?post=46800"},{"taxonomy":"product_cat","embeddable":true,"href":"https:\/\/www.versiegelung24.com\/hu\/wp-json\/wp\/v2\/product_cat?post=46800"},{"taxonomy":"product_tag","embeddable":true,"href":"https:\/\/www.versiegelung24.com\/hu\/wp-json\/wp\/v2\/product_tag?post=46800"}],"curies":[{"name":"wp","href":"https:\/\/api.w.org\/{rel}","templated":true}]}}