{"id":62244,"date":"2022-02-06T23:03:40","date_gmt":"2022-02-06T22:03:55","guid":{"rendered":"https:\/\/www.versiegelung24.com\/?post_type=product&#038;p=62244"},"modified":"2025-01-05T17:32:47","modified_gmt":"2025-01-05T16:32:47","slug":"teljes-keszlet-premium-napelem-rendszer-fotovoltaikus-tomites-extrem-tartos-es-novelt-hatekonysag","status":"publish","type":"product","link":"https:\/\/www.versiegelung24.com\/hu\/teljes-keszlet-premium-napelem-rendszer-fotovoltaikus-tomites-extrem-tartos-es-novelt-hatekonysag.html","title":{"rendered":"Komplett k\u00e9szlet napelemes rendszerek \/ fotovoltaikus rendszerek t\u00f6m\u00edt\u00e9s\u00e9hez"},"content":{"rendered":"\n<p><strong>Komplett k\u00e9szlet biol\u00f3giai el\u0151tiszt\u00edt\u00f3b\u00f3l, zs\u00edrelt\u00e1vol\u00edt\u00f3 bioetanolb\u00f3l \u00e9s nagy teljes\u00edtm\u00e9ny\u0171 foly\u00e9kony \u00fcveg alap\u00fa nano-t\u00f6m\u00edt\u00e9sb\u0151l<\/strong><\/p>\n\n<p><strong>Nagyon hat\u00e9kony nanobevonat napelemes rendszerekhez, l\u00f3tuszhat\u00e1ssal (v\u00edzleperget\u0151)<\/strong><\/p>\n\n<p>Kiv\u00e1l\u00f3 min\u0151s\u00e9g N\u00e9metorsz\u00e1gban k\u00e9sz\u00fclt<\/p>\n\n<h4 class=\"wp-block-heading\" id=\"properties\">tulajdons\u00e1gait<\/h4>\n\n<div class=\"wp-block-columns is-layout-flex wp-container-core-columns-is-layout-9d6595d7 wp-block-columns-is-layout-flex\">\n<div class=\"wp-block-column is-layout-flow wp-block-column-is-layout-flow\">\n<ul class=\"wp-block-list\">\n<li>J\u00f6v\u0151 technol\u00f3gi\u00e1ja l\u00e1thatatlan v\u00e9d\u0151r\u00e9teggel, kb. 100 nm (nanom\u00e9ter) &#8220;vastags\u00e1g&#8221;<\/li>\n\n\n\n<li>V\u00e9di a fel\u00fcletet<\/li>\n\n\n\n<li>H\u0151- \u00e9s fagy\u00e1ll\u00f3<\/li>\n\n\n\n<li>Ellen\u00e1ll a tengerv\u00edznek \u00e9s a s\u00f3nak (savas\/l\u00fagos 1,5-12,5 ph)<\/li>\n\n\n\n<li>V\u00edz- \u00e9s szennyez\u0151d\u00e9stasz\u00edt\u00f3<\/li>\n\n\n\n<li>Egyszer\u0171 \u00e9s gyors alkalmaz\u00e1s<\/li>\n\n\n\n<li>+10\u00b0-t\u00f3l +30\u00b0C-ig alkalmazhat\u00f3<\/li>\n\n\n\n<li>UV stabil<\/li>\n\n\n\n<li>&#8220;K\u00f6nnyen tiszt\u00edthat\u00f3&#8221; hat\u00e1s (a fel\u00fcletek k\u00f6nnyen tiszt\u00edthat\u00f3k = id\u0151t \u00e9s p\u00e9nzt takar\u00edt meg, \u00e9s a szennyez\u0151d\u00e9sek egy r\u00e9sz\u00e9t az es\u0151 m\u00e1r lemossa)<\/li>\n\n\n\n<li>Anyagsz\u00fcks\u00e9glet: kb.150 m\u00b2 egy literrel<\/li>\n\n\n\n<li>Cs\u00f6kkenti az \u00f6kol\u00f3giai (CO2) l\u00e1bnyomot a tiszt\u00edt\u00e1s sor\u00e1n:\n<ul class=\"wp-block-list\">\n<li>Kevesebb v\u00edz sz\u00fcks\u00e9ges<\/li>\n\n\n\n<li>Kevesebb vegyi tiszt\u00edt\u00f3szerre van sz\u00fcks\u00e9g<\/li>\n<\/ul>\n<\/li>\n<\/ul>\n<\/div>\n\n\n\n<div class=\"wp-block-column is-layout-flow wp-block-column-is-layout-flow\">\n<p><strong>Sz\u00e1ll\u00edt\u00e1si terjedelem:<\/strong><\/p>\n\n\n\n<ul class=\"wp-block-list\">\n<li>500 ml Biosativa\u00ae szerves tiszt\u00edt\u00f3 koncentr\u00e1tum 1:10 az el\u0151tiszt\u00edt\u00e1shoz<\/li>\n\n\n\n<li>1000 ml izopropanol alkohol 99,9% zs\u00edrtalan\u00edt\u00e1shoz<\/li>\n\n\n\n<li>500 ml Foly\u00e9kony \u00fcveg t\u00f6m\u00edt\u00e9s 7601 (kb. 75-100 m\u00b2-hez)<\/li>\n\n\n\n<li>100 db 25 x 16 cm-es sz\u00e1r\u00edt\u00f3 t\u00f6r\u00f6lk\u00f6z\u0151 az el\u0151tiszt\u00edt\u00e1shoz<\/li>\n\n\n\n<li>10 db 10 x 10 cm-es mikrosz\u00e1las kend\u0151 az alkalmaz\u00e1shoz<\/li>\n\n\n\n<li>5 db 30 x 30 cm-es mikrosz\u00e1las kend\u0151 pol\u00edroz\u00e1shoz<\/li>\n\n\n\n<li>10 db eldobhat\u00f3 v\u00e9d\u0151keszty\u0171<\/li>\n<\/ul>\n<\/div>\n<\/div>\n\n<hr\/>\n\n<h4 class=\"wp-block-heading\" id=\"application\">Alkalmaz\u00e1s<\/h4>\n\n<p>Egyszer\u0171 alkalmaz\u00e1s<\/p>\n\n<ol class=\"wp-block-list\">\n<li>Nagyon j\u00f3l tiszt\u00edtsa meg a modult Biosativa-val (min\u00e9l jobb az el\u0151tiszt\u00edt\u00e1s, ann\u00e1l tov\u00e1bb tart a t\u00f6m\u00edt\u00e9s)<\/li>\n\n\n\n<li>Tiszt\u00edtsa meg \u00fajra alkohollal, miel\u0151tt lez\u00e1rn\u00e1<\/li>\n\n\n\n<li>A t\u00f6m\u00edt\u00e9st ruh\u00e1val felvinni, pol\u00edrozni &#8211; k\u00e9sz.<\/li>\n<\/ol>\n\n<p><\/p>\n","protected":false},"excerpt":{"rendered":"<div class=\"column mcb-column mcb-item-mrk8thufa one column_column column-margin-0px\">\n<div class=\"column_attr clearfix\"><b>A fotovoltaikus modulok a legjobb hozamot hozz\u00e1k optim\u00e1lis k\u00f6r\u00fclm\u00e9nyek k\u00f6z\u00f6tt<\/b> <b>.<\/b> <\/div>\n<div class=\"column_attr clearfix\"><b>Speci\u00e1lis t\u00f6m\u00edt\u00e9s\u00fcnkkel meghosszabb\u00edtjuk a tiszt\u00edt\u00e1si ciklust \u00e9s jelent\u0151sen leegyszer\u0171s\u00edtj\u00fck a tiszt\u00edt\u00e1st. <\/b><\/div>\n<div class=\"column_attr clearfix\"><b>Ez a befektet\u00e9s megt\u00e9r\u00fcl\u00e9s\u00e9t eredm\u00e9nyezi.<\/b><\/div>\n<\/div>\n","protected":false},"featured_media":18505,"template":"","meta":{"_acf_changed":false,"neve_meta_sidebar":"","neve_meta_container":"","neve_meta_enable_content_width":"","neve_meta_content_width":0,"neve_meta_title_alignment":"","neve_meta_author_avatar":"","neve_post_elements_order":"","neve_meta_disable_header":"","neve_meta_disable_footer":"","neve_meta_disable_title":"","neve_meta_reading_time":"","_surfaces":[],"_ver_product_tabs":[],"footnotes":""},"product_brand":[],"product_cat":[2322],"product_tag":[],"class_list":{"0":"post-62244","1":"product","2":"type-product","3":"status-publish","4":"has-post-thumbnail","6":"product_cat-toemites-ueveghez-es-keramiahoz","8":"first","9":"instock","10":"taxable","11":"shipping-taxable","12":"purchasable","13":"product-type-simple"},"acf":[],"yoast_head":"<!-- This site is optimized with the Yoast SEO Premium plugin v22.8 (Yoast SEO v27.5) - https:\/\/yoast.com\/product\/yoast-seo-premium-wordpress\/ -->\n<title>Komplett k\u00e9szlet napelemes rendszerek \/ fotovoltaikus rendszerek t\u00f6m\u00edt\u00e9s\u00e9hez - versiegelung24.com<\/title>\n<meta name=\"robots\" content=\"index, follow, max-snippet:-1, max-image-preview:large, max-video-preview:-1\" \/>\n<link rel=\"canonical\" href=\"https:\/\/www.versiegelung24.com\/hu\/teljes-keszlet-premium-napelem-rendszer-fotovoltaikus-tomites-extrem-tartos-es-novelt-hatekonysag.html\" \/>\n<meta property=\"og:locale\" content=\"hu_HU\" \/>\n<meta property=\"og:type\" content=\"article\" \/>\n<meta property=\"og:title\" content=\"Komplett k\u00e9szlet napelemes rendszerek \/ fotovoltaikus rendszerek t\u00f6m\u00edt\u00e9s\u00e9hez\" \/>\n<meta property=\"og:description\" content=\"A fotovoltaikus modulok a legjobb hozamot hozz\u00e1k optim\u00e1lis k\u00f6r\u00fclm\u00e9nyek k\u00f6z\u00f6tt . Speci\u00e1lis t\u00f6m\u00edt\u00e9s\u00fcnkkel meghosszabb\u00edtjuk a tiszt\u00edt\u00e1si ciklust \u00e9s jelent\u0151sen leegyszer\u0171s\u00edtj\u00fck a tiszt\u00edt\u00e1st. Ez a befektet\u00e9s megt\u00e9r\u00fcl\u00e9s\u00e9t eredm\u00e9nyezi.\" \/>\n<meta property=\"og:url\" content=\"https:\/\/www.versiegelung24.com\/hu\/teljes-keszlet-premium-napelem-rendszer-fotovoltaikus-tomites-extrem-tartos-es-novelt-hatekonysag.html\" \/>\n<meta property=\"og:site_name\" content=\"versiegelung24.com\" \/>\n<meta property=\"article:modified_time\" content=\"2025-01-05T16:32:47+00:00\" \/>\n<meta property=\"og:image\" content=\"https:\/\/www.versiegelung24.com\/wp-content\/uploads\/2020\/06\/produkt-7000-7601-1000-Solarversiegelung-scaled.jpg\" \/>\n\t<meta property=\"og:image:width\" content=\"2560\" \/>\n\t<meta property=\"og:image:height\" content=\"2560\" \/>\n\t<meta property=\"og:image:type\" content=\"image\/jpeg\" \/>\n<meta name=\"twitter:card\" content=\"summary_large_image\" \/>\n<meta name=\"twitter:label1\" content=\"\u00c1r\" \/>\n\t<meta name=\"twitter:data1\" content=\"199,00&euro;\" \/>\n\t<meta name=\"twitter:label2\" content=\"El\u00e9rhet\u0151s\u00e9g\" \/>\n\t<meta name=\"twitter:data2\" content=\"K\u00e9szleten\" \/>\n<script type=\"application\/ld+json\" class=\"yoast-schema-graph\">{\"@context\":\"https:\\\/\\\/schema.org\",\"@graph\":[{\"@type\":\"WebPage\",\"@id\":\"https:\\\/\\\/www.versiegelung24.com\\\/hu\\\/teljes-keszlet-premium-napelem-rendszer-fotovoltaikus-tomites-extrem-tartos-es-novelt-hatekonysag.html\",\"url\":\"https:\\\/\\\/www.versiegelung24.com\\\/hu\\\/teljes-keszlet-premium-napelem-rendszer-fotovoltaikus-tomites-extrem-tartos-es-novelt-hatekonysag.html\",\"name\":\"Komplett k\u00e9szlet napelemes rendszerek \\\/ fotovoltaikus rendszerek t\u00f6m\u00edt\u00e9s\u00e9hez - versiegelung24.com\",\"isPartOf\":{\"@id\":\"https:\\\/\\\/www.versiegelung24.com\\\/hu\\\/#website\"},\"primaryImageOfPage\":{\"@id\":\"https:\\\/\\\/www.versiegelung24.com\\\/hu\\\/teljes-keszlet-premium-napelem-rendszer-fotovoltaikus-tomites-extrem-tartos-es-novelt-hatekonysag.html#primaryimage\"},\"image\":{\"@id\":\"https:\\\/\\\/www.versiegelung24.com\\\/hu\\\/teljes-keszlet-premium-napelem-rendszer-fotovoltaikus-tomites-extrem-tartos-es-novelt-hatekonysag.html#primaryimage\"},\"thumbnailUrl\":\"https:\\\/\\\/www.versiegelung24.com\\\/wp-content\\\/uploads\\\/2020\\\/06\\\/produkt-7000-7601-1000-Solarversiegelung-scaled.jpg\",\"datePublished\":\"2022-02-06T22:03:55+00:00\",\"dateModified\":\"2025-01-05T16:32:47+00:00\",\"breadcrumb\":{\"@id\":\"https:\\\/\\\/www.versiegelung24.com\\\/hu\\\/teljes-keszlet-premium-napelem-rendszer-fotovoltaikus-tomites-extrem-tartos-es-novelt-hatekonysag.html#breadcrumb\"},\"inLanguage\":\"hu\",\"potentialAction\":[{\"@type\":\"ReadAction\",\"target\":[\"https:\\\/\\\/www.versiegelung24.com\\\/hu\\\/teljes-keszlet-premium-napelem-rendszer-fotovoltaikus-tomites-extrem-tartos-es-novelt-hatekonysag.html\"]}]},{\"@type\":\"ImageObject\",\"inLanguage\":\"hu\",\"@id\":\"https:\\\/\\\/www.versiegelung24.com\\\/hu\\\/teljes-keszlet-premium-napelem-rendszer-fotovoltaikus-tomites-extrem-tartos-es-novelt-hatekonysag.html#primaryimage\",\"url\":\"https:\\\/\\\/www.versiegelung24.com\\\/wp-content\\\/uploads\\\/2020\\\/06\\\/produkt-7000-7601-1000-Solarversiegelung-scaled.jpg\",\"contentUrl\":\"https:\\\/\\\/www.versiegelung24.com\\\/wp-content\\\/uploads\\\/2020\\\/06\\\/produkt-7000-7601-1000-Solarversiegelung-scaled.jpg\",\"width\":2560,\"height\":2560},{\"@type\":\"BreadcrumbList\",\"@id\":\"https:\\\/\\\/www.versiegelung24.com\\\/hu\\\/teljes-keszlet-premium-napelem-rendszer-fotovoltaikus-tomites-extrem-tartos-es-novelt-hatekonysag.html#breadcrumb\",\"itemListElement\":[{\"@type\":\"ListItem\",\"position\":1,\"name\":\"Honlap\",\"item\":\"https:\\\/\\\/www.versiegelung24.com\\\/hu\\\/elol\\\/\"},{\"@type\":\"ListItem\",\"position\":2,\"name\":\"\u00dczlet\",\"item\":\"https:\\\/\\\/www.versiegelung24.com\\\/hu\\\/uzlet\\\/\"},{\"@type\":\"ListItem\",\"position\":3,\"name\":\"Komplett k\u00e9szlet napelemes rendszerek \\\/ fotovoltaikus rendszerek t\u00f6m\u00edt\u00e9s\u00e9hez\"}]},{\"@type\":\"WebSite\",\"@id\":\"https:\\\/\\\/www.versiegelung24.com\\\/hu\\\/#website\",\"url\":\"https:\\\/\\\/www.versiegelung24.com\\\/hu\\\/\",\"name\":\"versiegelung24.com\",\"description\":\"Fl\u00fcssigglas-Versiegelung - Made in Germany\",\"publisher\":{\"@id\":\"https:\\\/\\\/www.versiegelung24.com\\\/hu\\\/#organization\"},\"potentialAction\":[{\"@type\":\"SearchAction\",\"target\":{\"@type\":\"EntryPoint\",\"urlTemplate\":\"https:\\\/\\\/www.versiegelung24.com\\\/hu\\\/?s={search_term_string}\"},\"query-input\":{\"@type\":\"PropertyValueSpecification\",\"valueRequired\":true,\"valueName\":\"search_term_string\"}}],\"inLanguage\":\"hu\"},{\"@type\":\"Organization\",\"@id\":\"https:\\\/\\\/www.versiegelung24.com\\\/hu\\\/#organization\",\"name\":\"versiegelung24\",\"url\":\"https:\\\/\\\/www.versiegelung24.com\\\/hu\\\/\",\"logo\":{\"@type\":\"ImageObject\",\"inLanguage\":\"hu\",\"@id\":\"https:\\\/\\\/www.versiegelung24.com\\\/hu\\\/#\\\/schema\\\/logo\\\/image\\\/\",\"url\":\"https:\\\/\\\/www.versiegelung24.com\\\/wp-content\\\/uploads\\\/2020\\\/04\\\/versiegelung24.png\",\"contentUrl\":\"https:\\\/\\\/www.versiegelung24.com\\\/wp-content\\\/uploads\\\/2020\\\/04\\\/versiegelung24.png\",\"width\":470,\"height\":102,\"caption\":\"versiegelung24\"},\"image\":{\"@id\":\"https:\\\/\\\/www.versiegelung24.com\\\/hu\\\/#\\\/schema\\\/logo\\\/image\\\/\"}}]}<\/script>\n<meta property=\"product:price:amount\" content=\"199.00\" \/>\n<meta property=\"product:price:currency\" content=\"EUR\" \/>\n<meta property=\"og:availability\" content=\"instock\" \/>\n<meta property=\"product:availability\" content=\"instock\" \/>\n<meta property=\"product:retailer_item_id\" content=\"7005-5575-komplettset\" \/>\n<meta property=\"product:condition\" content=\"new\" \/>\n<!-- \/ Yoast SEO Premium plugin. -->","yoast_head_json":{"title":"Komplett k\u00e9szlet napelemes rendszerek \/ fotovoltaikus rendszerek t\u00f6m\u00edt\u00e9s\u00e9hez - versiegelung24.com","robots":{"index":"index","follow":"follow","max-snippet":"max-snippet:-1","max-image-preview":"max-image-preview:large","max-video-preview":"max-video-preview:-1"},"canonical":"https:\/\/www.versiegelung24.com\/hu\/teljes-keszlet-premium-napelem-rendszer-fotovoltaikus-tomites-extrem-tartos-es-novelt-hatekonysag.html","og_locale":"hu_HU","og_type":"article","og_title":"Komplett k\u00e9szlet napelemes rendszerek \/ fotovoltaikus rendszerek t\u00f6m\u00edt\u00e9s\u00e9hez","og_description":"A fotovoltaikus modulok a legjobb hozamot hozz\u00e1k optim\u00e1lis k\u00f6r\u00fclm\u00e9nyek k\u00f6z\u00f6tt . Speci\u00e1lis t\u00f6m\u00edt\u00e9s\u00fcnkkel meghosszabb\u00edtjuk a tiszt\u00edt\u00e1si ciklust \u00e9s jelent\u0151sen leegyszer\u0171s\u00edtj\u00fck a tiszt\u00edt\u00e1st. Ez a befektet\u00e9s megt\u00e9r\u00fcl\u00e9s\u00e9t eredm\u00e9nyezi.","og_url":"https:\/\/www.versiegelung24.com\/hu\/teljes-keszlet-premium-napelem-rendszer-fotovoltaikus-tomites-extrem-tartos-es-novelt-hatekonysag.html","og_site_name":"versiegelung24.com","article_modified_time":"2025-01-05T16:32:47+00:00","og_image":[{"width":2560,"height":2560,"url":"https:\/\/www.versiegelung24.com\/wp-content\/uploads\/2020\/06\/produkt-7000-7601-1000-Solarversiegelung-scaled.jpg","type":"image\/jpeg"}],"twitter_card":"summary_large_image","twitter_misc":{"\u00c1r":"199,00&euro;","El\u00e9rhet\u0151s\u00e9g":"K\u00e9szleten"},"schema":{"@context":"https:\/\/schema.org","@graph":[{"@type":"WebPage","@id":"https:\/\/www.versiegelung24.com\/hu\/teljes-keszlet-premium-napelem-rendszer-fotovoltaikus-tomites-extrem-tartos-es-novelt-hatekonysag.html","url":"https:\/\/www.versiegelung24.com\/hu\/teljes-keszlet-premium-napelem-rendszer-fotovoltaikus-tomites-extrem-tartos-es-novelt-hatekonysag.html","name":"Komplett k\u00e9szlet napelemes rendszerek \/ fotovoltaikus rendszerek t\u00f6m\u00edt\u00e9s\u00e9hez - versiegelung24.com","isPartOf":{"@id":"https:\/\/www.versiegelung24.com\/hu\/#website"},"primaryImageOfPage":{"@id":"https:\/\/www.versiegelung24.com\/hu\/teljes-keszlet-premium-napelem-rendszer-fotovoltaikus-tomites-extrem-tartos-es-novelt-hatekonysag.html#primaryimage"},"image":{"@id":"https:\/\/www.versiegelung24.com\/hu\/teljes-keszlet-premium-napelem-rendszer-fotovoltaikus-tomites-extrem-tartos-es-novelt-hatekonysag.html#primaryimage"},"thumbnailUrl":"https:\/\/www.versiegelung24.com\/wp-content\/uploads\/2020\/06\/produkt-7000-7601-1000-Solarversiegelung-scaled.jpg","datePublished":"2022-02-06T22:03:55+00:00","dateModified":"2025-01-05T16:32:47+00:00","breadcrumb":{"@id":"https:\/\/www.versiegelung24.com\/hu\/teljes-keszlet-premium-napelem-rendszer-fotovoltaikus-tomites-extrem-tartos-es-novelt-hatekonysag.html#breadcrumb"},"inLanguage":"hu","potentialAction":[{"@type":"ReadAction","target":["https:\/\/www.versiegelung24.com\/hu\/teljes-keszlet-premium-napelem-rendszer-fotovoltaikus-tomites-extrem-tartos-es-novelt-hatekonysag.html"]}]},{"@type":"ImageObject","inLanguage":"hu","@id":"https:\/\/www.versiegelung24.com\/hu\/teljes-keszlet-premium-napelem-rendszer-fotovoltaikus-tomites-extrem-tartos-es-novelt-hatekonysag.html#primaryimage","url":"https:\/\/www.versiegelung24.com\/wp-content\/uploads\/2020\/06\/produkt-7000-7601-1000-Solarversiegelung-scaled.jpg","contentUrl":"https:\/\/www.versiegelung24.com\/wp-content\/uploads\/2020\/06\/produkt-7000-7601-1000-Solarversiegelung-scaled.jpg","width":2560,"height":2560},{"@type":"BreadcrumbList","@id":"https:\/\/www.versiegelung24.com\/hu\/teljes-keszlet-premium-napelem-rendszer-fotovoltaikus-tomites-extrem-tartos-es-novelt-hatekonysag.html#breadcrumb","itemListElement":[{"@type":"ListItem","position":1,"name":"Honlap","item":"https:\/\/www.versiegelung24.com\/hu\/elol\/"},{"@type":"ListItem","position":2,"name":"\u00dczlet","item":"https:\/\/www.versiegelung24.com\/hu\/uzlet\/"},{"@type":"ListItem","position":3,"name":"Komplett k\u00e9szlet napelemes rendszerek \/ fotovoltaikus rendszerek t\u00f6m\u00edt\u00e9s\u00e9hez"}]},{"@type":"WebSite","@id":"https:\/\/www.versiegelung24.com\/hu\/#website","url":"https:\/\/www.versiegelung24.com\/hu\/","name":"versiegelung24.com","description":"Fl\u00fcssigglas-Versiegelung - Made in Germany","publisher":{"@id":"https:\/\/www.versiegelung24.com\/hu\/#organization"},"potentialAction":[{"@type":"SearchAction","target":{"@type":"EntryPoint","urlTemplate":"https:\/\/www.versiegelung24.com\/hu\/?s={search_term_string}"},"query-input":{"@type":"PropertyValueSpecification","valueRequired":true,"valueName":"search_term_string"}}],"inLanguage":"hu"},{"@type":"Organization","@id":"https:\/\/www.versiegelung24.com\/hu\/#organization","name":"versiegelung24","url":"https:\/\/www.versiegelung24.com\/hu\/","logo":{"@type":"ImageObject","inLanguage":"hu","@id":"https:\/\/www.versiegelung24.com\/hu\/#\/schema\/logo\/image\/","url":"https:\/\/www.versiegelung24.com\/wp-content\/uploads\/2020\/04\/versiegelung24.png","contentUrl":"https:\/\/www.versiegelung24.com\/wp-content\/uploads\/2020\/04\/versiegelung24.png","width":470,"height":102,"caption":"versiegelung24"},"image":{"@id":"https:\/\/www.versiegelung24.com\/hu\/#\/schema\/logo\/image\/"}}]},"product_price_amount":"199.00","product_price_currency":"EUR","og_availability":"instock","product_availability":"instock","product_retailer_item_id":"7005-5575-komplettset","product_condition":"new"},"_links":{"self":[{"href":"https:\/\/www.versiegelung24.com\/hu\/wp-json\/wp\/v2\/product\/62244","targetHints":{"allow":["GET"]}}],"collection":[{"href":"https:\/\/www.versiegelung24.com\/hu\/wp-json\/wp\/v2\/product"}],"about":[{"href":"https:\/\/www.versiegelung24.com\/hu\/wp-json\/wp\/v2\/types\/product"}],"version-history":[{"count":13,"href":"https:\/\/www.versiegelung24.com\/hu\/wp-json\/wp\/v2\/product\/62244\/revisions"}],"predecessor-version":[{"id":141167,"href":"https:\/\/www.versiegelung24.com\/hu\/wp-json\/wp\/v2\/product\/62244\/revisions\/141167"}],"wp:featuredmedia":[{"embeddable":true,"href":"https:\/\/www.versiegelung24.com\/hu\/wp-json\/wp\/v2\/media\/18505"}],"wp:attachment":[{"href":"https:\/\/www.versiegelung24.com\/hu\/wp-json\/wp\/v2\/media?parent=62244"}],"wp:term":[{"taxonomy":"product_brand","embeddable":true,"href":"https:\/\/www.versiegelung24.com\/hu\/wp-json\/wp\/v2\/product_brand?post=62244"},{"taxonomy":"product_cat","embeddable":true,"href":"https:\/\/www.versiegelung24.com\/hu\/wp-json\/wp\/v2\/product_cat?post=62244"},{"taxonomy":"product_tag","embeddable":true,"href":"https:\/\/www.versiegelung24.com\/hu\/wp-json\/wp\/v2\/product_tag?post=62244"}],"curies":[{"name":"wp","href":"https:\/\/api.w.org\/{rel}","templated":true}]}}