{"id":63912,"date":"2022-02-10T07:59:11","date_gmt":"2022-02-10T06:59:13","guid":{"rendered":"https:\/\/www.versiegelung24.com\/?post_type=product&#038;p=63912"},"modified":"2023-06-19T15:48:57","modified_gmt":"2023-06-19T13:48:57","slug":"nitril-vizfogasu-munkakesztyu-finom-gombokkal-kopie","status":"publish","type":"product","link":"https:\/\/www.versiegelung24.com\/hu\/product\/nitril-vizfogasu-munkakesztyu-finom-gombokkal-kopie\/","title":{"rendered":"Colorus fest\u0151henger konzol CLASSIC 2K Comfort foganty\u00fa 6mm 10-16cm fest\u0151hengerekhez 29cm hossz"},"content":{"rendered":"\n<h3 class=\"wp-block-heading\" id=\"h-profi-komfort-bugel-fur-heizkorperwalzen-und-kleinflachenwalzen-mit-6mm-walzenlager-spitzenqualitat\">Professzion\u00e1lis k\u00e9nyelmi konzol radi\u00e1tor g\u00f6rg\u0151ihez \u00e9s kis fel\u00fclet\u0171 g\u00f6rg\u0151ihez 6 mm-es g\u00f6rg\u0151scsap\u00e1ggyal. Legjobb min\u0151s\u00e9g.<\/h3>\n\n<h4 class=\"wp-block-heading\" id=\"properties\">A term\u00e9k jellemz\u0151i<\/h4>\n\n<ul class=\"wp-block-list\"><li>2 komponens\u0171 fest\u0151henger markolat ergonomikus \u00e9s cs\u00fasz\u00e1smentes puha markolattal.<\/li><li>A fest\u0151henger-tart\u00f3k horganyzott ac\u00e9lb\u00f3l k\u00e9sz\u00fclnek, ez\u00e9rt nagyon hossz\u00fa \u00e9lettartamot biztos\u00edtanak.<\/li><li>Alkalmas minden kereskedelmi forgalomban kaphat\u00f3 teleszk\u00f3pos \u00e9s kattan\u00f3 rendszer\u0171 teleszk\u00f3pos r\u00fadhoz.<\/li><li>Fest\u0151g\u00f6rg\u0151 tart\u00f3 6 mm-es g\u00f6rg\u0151scsap\u00e1gy \u00e1tm\u00e9r\u0151j\u0171 fest\u0151hengerekhez.<\/li><li>Hossza 29 cm<\/li><\/ul>","protected":false},"excerpt":{"rendered":"<p><strong>Professzion\u00e1lis k\u00e9nyelmi konzol radi\u00e1tor g\u00f6rg\u0151ihez \u00e9s kis fel\u00fclet\u0171 g\u00f6rg\u0151ihez 6 mm-es g\u00f6rg\u0151scsap\u00e1ggyal:<\/strong><\/p>\n<p>\u2713 Kiv\u00e1l\u00f3 min\u0151s\u00e9g.<\/p>\n","protected":false},"featured_media":63944,"template":"","meta":{"_acf_changed":false,"neve_meta_sidebar":"","neve_meta_container":"","neve_meta_enable_content_width":"","neve_meta_content_width":0,"neve_meta_title_alignment":"","neve_meta_author_avatar":"","neve_post_elements_order":"","neve_meta_disable_header":"","neve_meta_disable_footer":"","neve_meta_disable_title":"","neve_meta_reading_time":"","_surfaces":[],"_ver_product_tabs":[],"footnotes":""},"product_brand":[],"product_cat":[3075],"product_tag":[],"class_list":{"0":"post-63912","1":"product","2":"type-product","3":"status-publish","4":"has-post-thumbnail","6":"product_cat-felszereles","8":"first","9":"instock","10":"taxable","11":"shipping-taxable","12":"purchasable","13":"product-type-simple"},"acf":[],"yoast_head":"<!-- This site is optimized with the Yoast SEO Premium plugin v22.8 (Yoast SEO v27.4) - https:\/\/yoast.com\/product\/yoast-seo-premium-wordpress\/ -->\n<title>Colorus fest\u0151henger konzol CLASSIC 2K Comfort foganty\u00fa 6mm 10-16cm fest\u0151hengerekhez 29cm hossz - versiegelung24.com<\/title>\n<meta name=\"robots\" content=\"index, follow, max-snippet:-1, max-image-preview:large, max-video-preview:-1\" \/>\n<link rel=\"canonical\" href=\"https:\/\/www.versiegelung24.com\/hu\/product\/nitril-vizfogasu-munkakesztyu-finom-gombokkal-kopie\/\" \/>\n<meta property=\"og:locale\" content=\"hu_HU\" \/>\n<meta property=\"og:type\" content=\"article\" \/>\n<meta property=\"og:title\" content=\"Colorus fest\u0151henger konzol CLASSIC 2K Comfort foganty\u00fa 6mm 10-16cm fest\u0151hengerekhez 29cm hossz\" \/>\n<meta property=\"og:description\" content=\"Professzion\u00e1lis k\u00e9nyelmi konzol radi\u00e1tor g\u00f6rg\u0151ihez \u00e9s kis fel\u00fclet\u0171 g\u00f6rg\u0151ihez 6 mm-es g\u00f6rg\u0151scsap\u00e1ggyal: \u2713 Kiv\u00e1l\u00f3 min\u0151s\u00e9g.\" \/>\n<meta property=\"og:url\" content=\"https:\/\/www.versiegelung24.com\/hu\/product\/nitril-vizfogasu-munkakesztyu-finom-gombokkal-kopie\/\" \/>\n<meta property=\"og:site_name\" content=\"versiegelung24.com\" \/>\n<meta property=\"article:modified_time\" content=\"2023-06-19T13:48:57+00:00\" \/>\n<meta property=\"og:image\" content=\"https:\/\/www.versiegelung24.com\/wp-content\/uploads\/2022\/02\/produkt-v24-1029-1039-2k-Colorus-Farbwalzen-Buegel-CLASSIC-2K-Comfort-Griff-6mm-fuer-10-16cm-Farbwalzen.jpg\" \/>\n\t<meta property=\"og:image:width\" content=\"2000\" \/>\n\t<meta property=\"og:image:height\" content=\"2000\" \/>\n\t<meta property=\"og:image:type\" content=\"image\/jpeg\" \/>\n<meta name=\"twitter:card\" content=\"summary_large_image\" \/>\n<meta name=\"twitter:label1\" content=\"\u00c1r\" \/>\n\t<meta name=\"twitter:data1\" content=\"2,99&euro;\" \/>\n\t<meta name=\"twitter:label2\" content=\"El\u00e9rhet\u0151s\u00e9g\" \/>\n\t<meta name=\"twitter:data2\" content=\"K\u00e9szleten\" \/>\n<script type=\"application\/ld+json\" class=\"yoast-schema-graph\">{\"@context\":\"https:\\\/\\\/schema.org\",\"@graph\":[{\"@type\":\"WebPage\",\"@id\":\"https:\\\/\\\/www.versiegelung24.com\\\/hu\\\/product\\\/nitril-vizfogasu-munkakesztyu-finom-gombokkal-kopie\\\/\",\"url\":\"https:\\\/\\\/www.versiegelung24.com\\\/hu\\\/product\\\/nitril-vizfogasu-munkakesztyu-finom-gombokkal-kopie\\\/\",\"name\":\"Colorus fest\u0151henger konzol CLASSIC 2K Comfort foganty\u00fa 6mm 10-16cm fest\u0151hengerekhez 29cm hossz - versiegelung24.com\",\"isPartOf\":{\"@id\":\"https:\\\/\\\/www.versiegelung24.com\\\/hu\\\/#website\"},\"primaryImageOfPage\":{\"@id\":\"https:\\\/\\\/www.versiegelung24.com\\\/hu\\\/product\\\/nitril-vizfogasu-munkakesztyu-finom-gombokkal-kopie\\\/#primaryimage\"},\"image\":{\"@id\":\"https:\\\/\\\/www.versiegelung24.com\\\/hu\\\/product\\\/nitril-vizfogasu-munkakesztyu-finom-gombokkal-kopie\\\/#primaryimage\"},\"thumbnailUrl\":\"https:\\\/\\\/www.versiegelung24.com\\\/wp-content\\\/uploads\\\/2022\\\/02\\\/produkt-v24-1029-1039-2k-Colorus-Farbwalzen-Buegel-CLASSIC-2K-Comfort-Griff-6mm-fuer-10-16cm-Farbwalzen.jpg\",\"datePublished\":\"2022-02-10T06:59:13+00:00\",\"dateModified\":\"2023-06-19T13:48:57+00:00\",\"breadcrumb\":{\"@id\":\"https:\\\/\\\/www.versiegelung24.com\\\/hu\\\/product\\\/nitril-vizfogasu-munkakesztyu-finom-gombokkal-kopie\\\/#breadcrumb\"},\"inLanguage\":\"hu\",\"potentialAction\":[{\"@type\":\"ReadAction\",\"target\":[\"https:\\\/\\\/www.versiegelung24.com\\\/hu\\\/product\\\/nitril-vizfogasu-munkakesztyu-finom-gombokkal-kopie\\\/\"]}]},{\"@type\":\"ImageObject\",\"inLanguage\":\"hu\",\"@id\":\"https:\\\/\\\/www.versiegelung24.com\\\/hu\\\/product\\\/nitril-vizfogasu-munkakesztyu-finom-gombokkal-kopie\\\/#primaryimage\",\"url\":\"https:\\\/\\\/www.versiegelung24.com\\\/wp-content\\\/uploads\\\/2022\\\/02\\\/produkt-v24-1029-1039-2k-Colorus-Farbwalzen-Buegel-CLASSIC-2K-Comfort-Griff-6mm-fuer-10-16cm-Farbwalzen.jpg\",\"contentUrl\":\"https:\\\/\\\/www.versiegelung24.com\\\/wp-content\\\/uploads\\\/2022\\\/02\\\/produkt-v24-1029-1039-2k-Colorus-Farbwalzen-Buegel-CLASSIC-2K-Comfort-Griff-6mm-fuer-10-16cm-Farbwalzen.jpg\",\"width\":2000,\"height\":2000},{\"@type\":\"BreadcrumbList\",\"@id\":\"https:\\\/\\\/www.versiegelung24.com\\\/hu\\\/product\\\/nitril-vizfogasu-munkakesztyu-finom-gombokkal-kopie\\\/#breadcrumb\",\"itemListElement\":[{\"@type\":\"ListItem\",\"position\":1,\"name\":\"Honlap\",\"item\":\"https:\\\/\\\/www.versiegelung24.com\\\/hu\\\/elol\\\/\"},{\"@type\":\"ListItem\",\"position\":2,\"name\":\"\u00dczlet\",\"item\":\"https:\\\/\\\/www.versiegelung24.com\\\/hu\\\/uzlet\\\/\"},{\"@type\":\"ListItem\",\"position\":3,\"name\":\"Colorus fest\u0151henger konzol CLASSIC 2K Comfort foganty\u00fa 6mm 10-16cm fest\u0151hengerekhez 29cm hossz\"}]},{\"@type\":\"WebSite\",\"@id\":\"https:\\\/\\\/www.versiegelung24.com\\\/hu\\\/#website\",\"url\":\"https:\\\/\\\/www.versiegelung24.com\\\/hu\\\/\",\"name\":\"versiegelung24.com\",\"description\":\"Fl\u00fcssigglas-Versiegelung - Made in Germany\",\"publisher\":{\"@id\":\"https:\\\/\\\/www.versiegelung24.com\\\/hu\\\/#organization\"},\"potentialAction\":[{\"@type\":\"SearchAction\",\"target\":{\"@type\":\"EntryPoint\",\"urlTemplate\":\"https:\\\/\\\/www.versiegelung24.com\\\/hu\\\/?s={search_term_string}\"},\"query-input\":{\"@type\":\"PropertyValueSpecification\",\"valueRequired\":true,\"valueName\":\"search_term_string\"}}],\"inLanguage\":\"hu\"},{\"@type\":\"Organization\",\"@id\":\"https:\\\/\\\/www.versiegelung24.com\\\/hu\\\/#organization\",\"name\":\"versiegelung24\",\"url\":\"https:\\\/\\\/www.versiegelung24.com\\\/hu\\\/\",\"logo\":{\"@type\":\"ImageObject\",\"inLanguage\":\"hu\",\"@id\":\"https:\\\/\\\/www.versiegelung24.com\\\/hu\\\/#\\\/schema\\\/logo\\\/image\\\/\",\"url\":\"https:\\\/\\\/www.versiegelung24.com\\\/wp-content\\\/uploads\\\/2020\\\/04\\\/versiegelung24.png\",\"contentUrl\":\"https:\\\/\\\/www.versiegelung24.com\\\/wp-content\\\/uploads\\\/2020\\\/04\\\/versiegelung24.png\",\"width\":470,\"height\":102,\"caption\":\"versiegelung24\"},\"image\":{\"@id\":\"https:\\\/\\\/www.versiegelung24.com\\\/hu\\\/#\\\/schema\\\/logo\\\/image\\\/\"}}]}<\/script>\n<meta property=\"product:price:amount\" content=\"2.99\" \/>\n<meta property=\"product:price:currency\" content=\"EUR\" \/>\n<meta property=\"og:availability\" content=\"instock\" \/>\n<meta property=\"product:availability\" content=\"instock\" \/>\n<meta property=\"product:retailer_item_id\" content=\"V24-1029-2K\" \/>\n<meta property=\"product:condition\" content=\"new\" \/>\n<!-- \/ Yoast SEO Premium plugin. -->","yoast_head_json":{"title":"Colorus fest\u0151henger konzol CLASSIC 2K Comfort foganty\u00fa 6mm 10-16cm fest\u0151hengerekhez 29cm hossz - versiegelung24.com","robots":{"index":"index","follow":"follow","max-snippet":"max-snippet:-1","max-image-preview":"max-image-preview:large","max-video-preview":"max-video-preview:-1"},"canonical":"https:\/\/www.versiegelung24.com\/hu\/product\/nitril-vizfogasu-munkakesztyu-finom-gombokkal-kopie\/","og_locale":"hu_HU","og_type":"article","og_title":"Colorus fest\u0151henger konzol CLASSIC 2K Comfort foganty\u00fa 6mm 10-16cm fest\u0151hengerekhez 29cm hossz","og_description":"Professzion\u00e1lis k\u00e9nyelmi konzol radi\u00e1tor g\u00f6rg\u0151ihez \u00e9s kis fel\u00fclet\u0171 g\u00f6rg\u0151ihez 6 mm-es g\u00f6rg\u0151scsap\u00e1ggyal: \u2713 Kiv\u00e1l\u00f3 min\u0151s\u00e9g.","og_url":"https:\/\/www.versiegelung24.com\/hu\/product\/nitril-vizfogasu-munkakesztyu-finom-gombokkal-kopie\/","og_site_name":"versiegelung24.com","article_modified_time":"2023-06-19T13:48:57+00:00","og_image":[{"width":2000,"height":2000,"url":"https:\/\/www.versiegelung24.com\/wp-content\/uploads\/2022\/02\/produkt-v24-1029-1039-2k-Colorus-Farbwalzen-Buegel-CLASSIC-2K-Comfort-Griff-6mm-fuer-10-16cm-Farbwalzen.jpg","type":"image\/jpeg"}],"twitter_card":"summary_large_image","twitter_misc":{"\u00c1r":"2,99&euro;","El\u00e9rhet\u0151s\u00e9g":"K\u00e9szleten"},"schema":{"@context":"https:\/\/schema.org","@graph":[{"@type":"WebPage","@id":"https:\/\/www.versiegelung24.com\/hu\/product\/nitril-vizfogasu-munkakesztyu-finom-gombokkal-kopie\/","url":"https:\/\/www.versiegelung24.com\/hu\/product\/nitril-vizfogasu-munkakesztyu-finom-gombokkal-kopie\/","name":"Colorus fest\u0151henger konzol CLASSIC 2K Comfort foganty\u00fa 6mm 10-16cm fest\u0151hengerekhez 29cm hossz - versiegelung24.com","isPartOf":{"@id":"https:\/\/www.versiegelung24.com\/hu\/#website"},"primaryImageOfPage":{"@id":"https:\/\/www.versiegelung24.com\/hu\/product\/nitril-vizfogasu-munkakesztyu-finom-gombokkal-kopie\/#primaryimage"},"image":{"@id":"https:\/\/www.versiegelung24.com\/hu\/product\/nitril-vizfogasu-munkakesztyu-finom-gombokkal-kopie\/#primaryimage"},"thumbnailUrl":"https:\/\/www.versiegelung24.com\/wp-content\/uploads\/2022\/02\/produkt-v24-1029-1039-2k-Colorus-Farbwalzen-Buegel-CLASSIC-2K-Comfort-Griff-6mm-fuer-10-16cm-Farbwalzen.jpg","datePublished":"2022-02-10T06:59:13+00:00","dateModified":"2023-06-19T13:48:57+00:00","breadcrumb":{"@id":"https:\/\/www.versiegelung24.com\/hu\/product\/nitril-vizfogasu-munkakesztyu-finom-gombokkal-kopie\/#breadcrumb"},"inLanguage":"hu","potentialAction":[{"@type":"ReadAction","target":["https:\/\/www.versiegelung24.com\/hu\/product\/nitril-vizfogasu-munkakesztyu-finom-gombokkal-kopie\/"]}]},{"@type":"ImageObject","inLanguage":"hu","@id":"https:\/\/www.versiegelung24.com\/hu\/product\/nitril-vizfogasu-munkakesztyu-finom-gombokkal-kopie\/#primaryimage","url":"https:\/\/www.versiegelung24.com\/wp-content\/uploads\/2022\/02\/produkt-v24-1029-1039-2k-Colorus-Farbwalzen-Buegel-CLASSIC-2K-Comfort-Griff-6mm-fuer-10-16cm-Farbwalzen.jpg","contentUrl":"https:\/\/www.versiegelung24.com\/wp-content\/uploads\/2022\/02\/produkt-v24-1029-1039-2k-Colorus-Farbwalzen-Buegel-CLASSIC-2K-Comfort-Griff-6mm-fuer-10-16cm-Farbwalzen.jpg","width":2000,"height":2000},{"@type":"BreadcrumbList","@id":"https:\/\/www.versiegelung24.com\/hu\/product\/nitril-vizfogasu-munkakesztyu-finom-gombokkal-kopie\/#breadcrumb","itemListElement":[{"@type":"ListItem","position":1,"name":"Honlap","item":"https:\/\/www.versiegelung24.com\/hu\/elol\/"},{"@type":"ListItem","position":2,"name":"\u00dczlet","item":"https:\/\/www.versiegelung24.com\/hu\/uzlet\/"},{"@type":"ListItem","position":3,"name":"Colorus fest\u0151henger konzol CLASSIC 2K Comfort foganty\u00fa 6mm 10-16cm fest\u0151hengerekhez 29cm hossz"}]},{"@type":"WebSite","@id":"https:\/\/www.versiegelung24.com\/hu\/#website","url":"https:\/\/www.versiegelung24.com\/hu\/","name":"versiegelung24.com","description":"Fl\u00fcssigglas-Versiegelung - Made in Germany","publisher":{"@id":"https:\/\/www.versiegelung24.com\/hu\/#organization"},"potentialAction":[{"@type":"SearchAction","target":{"@type":"EntryPoint","urlTemplate":"https:\/\/www.versiegelung24.com\/hu\/?s={search_term_string}"},"query-input":{"@type":"PropertyValueSpecification","valueRequired":true,"valueName":"search_term_string"}}],"inLanguage":"hu"},{"@type":"Organization","@id":"https:\/\/www.versiegelung24.com\/hu\/#organization","name":"versiegelung24","url":"https:\/\/www.versiegelung24.com\/hu\/","logo":{"@type":"ImageObject","inLanguage":"hu","@id":"https:\/\/www.versiegelung24.com\/hu\/#\/schema\/logo\/image\/","url":"https:\/\/www.versiegelung24.com\/wp-content\/uploads\/2020\/04\/versiegelung24.png","contentUrl":"https:\/\/www.versiegelung24.com\/wp-content\/uploads\/2020\/04\/versiegelung24.png","width":470,"height":102,"caption":"versiegelung24"},"image":{"@id":"https:\/\/www.versiegelung24.com\/hu\/#\/schema\/logo\/image\/"}}]},"product_price_amount":"2.99","product_price_currency":"EUR","og_availability":"instock","product_availability":"instock","product_retailer_item_id":"V24-1029-2K","product_condition":"new"},"_links":{"self":[{"href":"https:\/\/www.versiegelung24.com\/hu\/wp-json\/wp\/v2\/product\/63912","targetHints":{"allow":["GET"]}}],"collection":[{"href":"https:\/\/www.versiegelung24.com\/hu\/wp-json\/wp\/v2\/product"}],"about":[{"href":"https:\/\/www.versiegelung24.com\/hu\/wp-json\/wp\/v2\/types\/product"}],"version-history":[{"count":8,"href":"https:\/\/www.versiegelung24.com\/hu\/wp-json\/wp\/v2\/product\/63912\/revisions"}],"predecessor-version":[{"id":79710,"href":"https:\/\/www.versiegelung24.com\/hu\/wp-json\/wp\/v2\/product\/63912\/revisions\/79710"}],"wp:featuredmedia":[{"embeddable":true,"href":"https:\/\/www.versiegelung24.com\/hu\/wp-json\/wp\/v2\/media\/63944"}],"wp:attachment":[{"href":"https:\/\/www.versiegelung24.com\/hu\/wp-json\/wp\/v2\/media?parent=63912"}],"wp:term":[{"taxonomy":"product_brand","embeddable":true,"href":"https:\/\/www.versiegelung24.com\/hu\/wp-json\/wp\/v2\/product_brand?post=63912"},{"taxonomy":"product_cat","embeddable":true,"href":"https:\/\/www.versiegelung24.com\/hu\/wp-json\/wp\/v2\/product_cat?post=63912"},{"taxonomy":"product_tag","embeddable":true,"href":"https:\/\/www.versiegelung24.com\/hu\/wp-json\/wp\/v2\/product_tag?post=63912"}],"curies":[{"name":"wp","href":"https:\/\/api.w.org\/{rel}","templated":true}]}}