{"id":64531,"date":"2022-02-10T12:39:20","date_gmt":"2022-02-10T11:39:21","guid":{"rendered":"https:\/\/www.versiegelung24.com\/?post_type=product&#038;p=64531"},"modified":"2025-01-05T15:35:32","modified_gmt":"2025-01-05T14:35:32","slug":"colorus-muanyag-festektalca-plusz-15x32cm","status":"publish","type":"product","link":"https:\/\/www.versiegelung24.com\/hu\/colorus-lakk-habhenger-finom-classic-ko15-mindket-oldalon-egyenes-feher-11cm-kopie-2.html","title":{"rendered":"Colorus m\u0171anyag fest\u00e9kt\u00e1lca PLUS 15x32cm"},"content":{"rendered":"\n<h3 class=\"wp-block-heading\" id=\"h-colorus-plus-lackierwannen-bzw-farbwannen-aus-losemittelbestandigem-kunststoff-in-absoluter-spitzenqualitat\">Old\u00f3szer\u00e1ll\u00f3 m\u0171anyagb\u00f3l k\u00e9sz\u00fclt Colorus PLUS fest\u0151k\u00e1dak vagy fest\u0151k\u00e1dak abszol\u00fat cs\u00facsmin\u0151s\u00e9gben<\/h3>\n\n<h4 class=\"wp-block-heading\" id=\"properties\">A term\u00e9k jellemz\u0151i<\/h4>\n\n<ul class=\"wp-block-list\">\n<li>Fest\u00e9kt\u00e1lca vagy fest\u00e9kt\u00e1lca t\u00f6bbf\u00e9le kivitelben (m\u00e9retben)<\/li>\n\n\n\n<li>A fest\u00e9kt\u00e1lc\u00e1k t\u00f6rhetetlen, kiv\u00e1l\u00f3 min\u0151s\u00e9g\u0171, old\u00f3szermentes m\u0171anyagb\u00f3l k\u00e9sz\u00fclnek<\/li>\n\n\n\n<li>Praktikus kifoly\u00f3val a fest\u00e9kt\u00e1lc\u00e1k fels\u0151 sarkaiban a fest\u00e9kek, lakkok \u00e9s glaz\u00farok fest\u00e9ktart\u00e1lyba val\u00f3 visszajuttat\u00e1s\u00e1hoz<\/li>\n\n\n\n<li>Integr\u00e1lt m\u00e9r\u0151vonalak a fest\u00e9kt\u00e1lc\u00e1k h\u00e1ts\u00f3 fal\u00e1n a fogyaszt\u00e1s \u00e9s a tartalom praktikus ellen\u0151rz\u00e9s\u00e9hez <\/li>\n\n\n\n<li>15 cm x 32 cm legfeljebb 11 cm hossz\u00fa fest\u00e9ktekercsekhez, 300 ml-es \u0171rtartalommal<\/li>\n<\/ul>\n","protected":false},"excerpt":{"rendered":"<p><strong>Colorus PLUS fest\u0151k\u00e1dak vagy fest\u0151k\u00e1dak:<\/strong><\/p>\n<p>\u2713 Kiv\u00e1l\u00f3 min\u0151s\u00e9g\u0171, old\u00f3szer\u00e1ll\u00f3 m\u0171anyagb\u00f3l k\u00e9sz\u00fclt<\/p>\n","protected":false},"featured_media":64563,"template":"","meta":{"_acf_changed":false,"neve_meta_sidebar":"","neve_meta_container":"","neve_meta_enable_content_width":"","neve_meta_content_width":0,"neve_meta_title_alignment":"","neve_meta_author_avatar":"","neve_post_elements_order":"","neve_meta_disable_header":"","neve_meta_disable_footer":"","neve_meta_disable_title":"","neve_meta_reading_time":"","_surfaces":[],"_ver_product_tabs":[],"footnotes":""},"product_brand":[],"product_cat":[3075],"product_tag":[],"class_list":{"0":"post-64531","1":"product","2":"type-product","3":"status-publish","4":"has-post-thumbnail","6":"product_cat-felszereles","8":"first","9":"outofstock","10":"taxable","11":"shipping-taxable","12":"purchasable","13":"product-type-simple"},"acf":[],"yoast_head":"<!-- This site is optimized with the Yoast SEO Premium plugin v22.8 (Yoast SEO v27.6) - https:\/\/yoast.com\/product\/yoast-seo-premium-wordpress\/ -->\n<title>Colorus m\u0171anyag fest\u00e9kt\u00e1lca PLUS 15x32cm - versiegelung24.com<\/title>\n<meta name=\"robots\" content=\"index, follow, max-snippet:-1, max-image-preview:large, max-video-preview:-1\" \/>\n<link rel=\"canonical\" href=\"https:\/\/www.versiegelung24.com\/hu\/colorus-lakk-habhenger-finom-classic-ko15-mindket-oldalon-egyenes-feher-11cm-kopie-2.html\" \/>\n<meta property=\"og:locale\" content=\"hu_HU\" \/>\n<meta property=\"og:type\" content=\"article\" \/>\n<meta property=\"og:title\" content=\"Colorus m\u0171anyag fest\u00e9kt\u00e1lca PLUS 15x32cm\" \/>\n<meta property=\"og:description\" content=\"Colorus PLUS fest\u0151k\u00e1dak vagy fest\u0151k\u00e1dak: \u2713 Kiv\u00e1l\u00f3 min\u0151s\u00e9g\u0171, old\u00f3szer\u00e1ll\u00f3 m\u0171anyagb\u00f3l k\u00e9sz\u00fclt\" \/>\n<meta property=\"og:url\" content=\"https:\/\/www.versiegelung24.com\/hu\/colorus-lakk-habhenger-finom-classic-ko15-mindket-oldalon-egyenes-feher-11cm-kopie-2.html\" \/>\n<meta property=\"og:site_name\" content=\"versiegelung24.com\" \/>\n<meta property=\"article:modified_time\" content=\"2025-01-05T14:35:32+00:00\" \/>\n<meta property=\"og:image\" content=\"https:\/\/www.versiegelung24.com\/wp-content\/uploads\/2022\/02\/produkt-v24-1532-FW-Farbwannen.jpg\" \/>\n\t<meta property=\"og:image:width\" content=\"2000\" \/>\n\t<meta property=\"og:image:height\" content=\"2000\" \/>\n\t<meta property=\"og:image:type\" content=\"image\/jpeg\" \/>\n<meta name=\"twitter:card\" content=\"summary_large_image\" \/>\n<meta name=\"twitter:label1\" content=\"\u00c1r\" \/>\n\t<meta name=\"twitter:data1\" content=\"1,79&euro;\" \/>\n\t<meta name=\"twitter:label2\" content=\"El\u00e9rhet\u0151s\u00e9g\" \/>\n\t<meta name=\"twitter:data2\" content=\"Nincs k\u00e9szleten\" \/>\n<script type=\"application\/ld+json\" class=\"yoast-schema-graph\">{\"@context\":\"https:\\\/\\\/schema.org\",\"@graph\":[{\"@type\":\"WebPage\",\"@id\":\"https:\\\/\\\/www.versiegelung24.com\\\/hu\\\/colorus-lakk-habhenger-finom-classic-ko15-mindket-oldalon-egyenes-feher-11cm-kopie-2.html\",\"url\":\"https:\\\/\\\/www.versiegelung24.com\\\/hu\\\/colorus-lakk-habhenger-finom-classic-ko15-mindket-oldalon-egyenes-feher-11cm-kopie-2.html\",\"name\":\"Colorus m\u0171anyag fest\u00e9kt\u00e1lca PLUS 15x32cm - versiegelung24.com\",\"isPartOf\":{\"@id\":\"https:\\\/\\\/www.versiegelung24.com\\\/hu\\\/#website\"},\"primaryImageOfPage\":{\"@id\":\"https:\\\/\\\/www.versiegelung24.com\\\/hu\\\/colorus-lakk-habhenger-finom-classic-ko15-mindket-oldalon-egyenes-feher-11cm-kopie-2.html#primaryimage\"},\"image\":{\"@id\":\"https:\\\/\\\/www.versiegelung24.com\\\/hu\\\/colorus-lakk-habhenger-finom-classic-ko15-mindket-oldalon-egyenes-feher-11cm-kopie-2.html#primaryimage\"},\"thumbnailUrl\":\"https:\\\/\\\/www.versiegelung24.com\\\/wp-content\\\/uploads\\\/2022\\\/02\\\/produkt-v24-1532-FW-Farbwannen.jpg\",\"datePublished\":\"2022-02-10T11:39:21+00:00\",\"dateModified\":\"2025-01-05T14:35:32+00:00\",\"breadcrumb\":{\"@id\":\"https:\\\/\\\/www.versiegelung24.com\\\/hu\\\/colorus-lakk-habhenger-finom-classic-ko15-mindket-oldalon-egyenes-feher-11cm-kopie-2.html#breadcrumb\"},\"inLanguage\":\"hu\",\"potentialAction\":[{\"@type\":\"ReadAction\",\"target\":[\"https:\\\/\\\/www.versiegelung24.com\\\/hu\\\/colorus-lakk-habhenger-finom-classic-ko15-mindket-oldalon-egyenes-feher-11cm-kopie-2.html\"]}]},{\"@type\":\"ImageObject\",\"inLanguage\":\"hu\",\"@id\":\"https:\\\/\\\/www.versiegelung24.com\\\/hu\\\/colorus-lakk-habhenger-finom-classic-ko15-mindket-oldalon-egyenes-feher-11cm-kopie-2.html#primaryimage\",\"url\":\"https:\\\/\\\/www.versiegelung24.com\\\/wp-content\\\/uploads\\\/2022\\\/02\\\/produkt-v24-1532-FW-Farbwannen.jpg\",\"contentUrl\":\"https:\\\/\\\/www.versiegelung24.com\\\/wp-content\\\/uploads\\\/2022\\\/02\\\/produkt-v24-1532-FW-Farbwannen.jpg\",\"width\":2000,\"height\":2000},{\"@type\":\"BreadcrumbList\",\"@id\":\"https:\\\/\\\/www.versiegelung24.com\\\/hu\\\/colorus-lakk-habhenger-finom-classic-ko15-mindket-oldalon-egyenes-feher-11cm-kopie-2.html#breadcrumb\",\"itemListElement\":[{\"@type\":\"ListItem\",\"position\":1,\"name\":\"Honlap\",\"item\":\"https:\\\/\\\/www.versiegelung24.com\\\/hu\\\/elol\\\/\"},{\"@type\":\"ListItem\",\"position\":2,\"name\":\"\u00dczlet\",\"item\":\"https:\\\/\\\/www.versiegelung24.com\\\/hu\\\/uzlet\\\/\"},{\"@type\":\"ListItem\",\"position\":3,\"name\":\"Colorus m\u0171anyag fest\u00e9kt\u00e1lca PLUS 15x32cm\"}]},{\"@type\":\"WebSite\",\"@id\":\"https:\\\/\\\/www.versiegelung24.com\\\/hu\\\/#website\",\"url\":\"https:\\\/\\\/www.versiegelung24.com\\\/hu\\\/\",\"name\":\"versiegelung24.com\",\"description\":\"Fl\u00fcssigglas-Versiegelung - Made in Germany\",\"publisher\":{\"@id\":\"https:\\\/\\\/www.versiegelung24.com\\\/hu\\\/#organization\"},\"potentialAction\":[{\"@type\":\"SearchAction\",\"target\":{\"@type\":\"EntryPoint\",\"urlTemplate\":\"https:\\\/\\\/www.versiegelung24.com\\\/hu\\\/?s={search_term_string}\"},\"query-input\":{\"@type\":\"PropertyValueSpecification\",\"valueRequired\":true,\"valueName\":\"search_term_string\"}}],\"inLanguage\":\"hu\"},{\"@type\":\"Organization\",\"@id\":\"https:\\\/\\\/www.versiegelung24.com\\\/hu\\\/#organization\",\"name\":\"versiegelung24\",\"url\":\"https:\\\/\\\/www.versiegelung24.com\\\/hu\\\/\",\"logo\":{\"@type\":\"ImageObject\",\"inLanguage\":\"hu\",\"@id\":\"https:\\\/\\\/www.versiegelung24.com\\\/hu\\\/#\\\/schema\\\/logo\\\/image\\\/\",\"url\":\"https:\\\/\\\/www.versiegelung24.com\\\/wp-content\\\/uploads\\\/2020\\\/04\\\/versiegelung24.png\",\"contentUrl\":\"https:\\\/\\\/www.versiegelung24.com\\\/wp-content\\\/uploads\\\/2020\\\/04\\\/versiegelung24.png\",\"width\":470,\"height\":102,\"caption\":\"versiegelung24\"},\"image\":{\"@id\":\"https:\\\/\\\/www.versiegelung24.com\\\/hu\\\/#\\\/schema\\\/logo\\\/image\\\/\"}}]}<\/script>\n<meta property=\"product:price:amount\" content=\"1.79\" \/>\n<meta property=\"product:price:currency\" content=\"EUR\" \/>\n<meta property=\"og:availability\" content=\"out of stock\" \/>\n<meta property=\"product:availability\" content=\"out of stock\" \/>\n<meta property=\"product:retailer_item_id\" content=\"V24-1532-FW\" \/>\n<meta property=\"product:condition\" content=\"new\" \/>\n<!-- \/ Yoast SEO Premium plugin. -->","yoast_head_json":{"title":"Colorus m\u0171anyag fest\u00e9kt\u00e1lca PLUS 15x32cm - versiegelung24.com","robots":{"index":"index","follow":"follow","max-snippet":"max-snippet:-1","max-image-preview":"max-image-preview:large","max-video-preview":"max-video-preview:-1"},"canonical":"https:\/\/www.versiegelung24.com\/hu\/colorus-lakk-habhenger-finom-classic-ko15-mindket-oldalon-egyenes-feher-11cm-kopie-2.html","og_locale":"hu_HU","og_type":"article","og_title":"Colorus m\u0171anyag fest\u00e9kt\u00e1lca PLUS 15x32cm","og_description":"Colorus PLUS fest\u0151k\u00e1dak vagy fest\u0151k\u00e1dak: \u2713 Kiv\u00e1l\u00f3 min\u0151s\u00e9g\u0171, old\u00f3szer\u00e1ll\u00f3 m\u0171anyagb\u00f3l k\u00e9sz\u00fclt","og_url":"https:\/\/www.versiegelung24.com\/hu\/colorus-lakk-habhenger-finom-classic-ko15-mindket-oldalon-egyenes-feher-11cm-kopie-2.html","og_site_name":"versiegelung24.com","article_modified_time":"2025-01-05T14:35:32+00:00","og_image":[{"width":2000,"height":2000,"url":"https:\/\/www.versiegelung24.com\/wp-content\/uploads\/2022\/02\/produkt-v24-1532-FW-Farbwannen.jpg","type":"image\/jpeg"}],"twitter_card":"summary_large_image","twitter_misc":{"\u00c1r":"1,79&euro;","El\u00e9rhet\u0151s\u00e9g":"Nincs k\u00e9szleten"},"schema":{"@context":"https:\/\/schema.org","@graph":[{"@type":"WebPage","@id":"https:\/\/www.versiegelung24.com\/hu\/colorus-lakk-habhenger-finom-classic-ko15-mindket-oldalon-egyenes-feher-11cm-kopie-2.html","url":"https:\/\/www.versiegelung24.com\/hu\/colorus-lakk-habhenger-finom-classic-ko15-mindket-oldalon-egyenes-feher-11cm-kopie-2.html","name":"Colorus m\u0171anyag fest\u00e9kt\u00e1lca PLUS 15x32cm - versiegelung24.com","isPartOf":{"@id":"https:\/\/www.versiegelung24.com\/hu\/#website"},"primaryImageOfPage":{"@id":"https:\/\/www.versiegelung24.com\/hu\/colorus-lakk-habhenger-finom-classic-ko15-mindket-oldalon-egyenes-feher-11cm-kopie-2.html#primaryimage"},"image":{"@id":"https:\/\/www.versiegelung24.com\/hu\/colorus-lakk-habhenger-finom-classic-ko15-mindket-oldalon-egyenes-feher-11cm-kopie-2.html#primaryimage"},"thumbnailUrl":"https:\/\/www.versiegelung24.com\/wp-content\/uploads\/2022\/02\/produkt-v24-1532-FW-Farbwannen.jpg","datePublished":"2022-02-10T11:39:21+00:00","dateModified":"2025-01-05T14:35:32+00:00","breadcrumb":{"@id":"https:\/\/www.versiegelung24.com\/hu\/colorus-lakk-habhenger-finom-classic-ko15-mindket-oldalon-egyenes-feher-11cm-kopie-2.html#breadcrumb"},"inLanguage":"hu","potentialAction":[{"@type":"ReadAction","target":["https:\/\/www.versiegelung24.com\/hu\/colorus-lakk-habhenger-finom-classic-ko15-mindket-oldalon-egyenes-feher-11cm-kopie-2.html"]}]},{"@type":"ImageObject","inLanguage":"hu","@id":"https:\/\/www.versiegelung24.com\/hu\/colorus-lakk-habhenger-finom-classic-ko15-mindket-oldalon-egyenes-feher-11cm-kopie-2.html#primaryimage","url":"https:\/\/www.versiegelung24.com\/wp-content\/uploads\/2022\/02\/produkt-v24-1532-FW-Farbwannen.jpg","contentUrl":"https:\/\/www.versiegelung24.com\/wp-content\/uploads\/2022\/02\/produkt-v24-1532-FW-Farbwannen.jpg","width":2000,"height":2000},{"@type":"BreadcrumbList","@id":"https:\/\/www.versiegelung24.com\/hu\/colorus-lakk-habhenger-finom-classic-ko15-mindket-oldalon-egyenes-feher-11cm-kopie-2.html#breadcrumb","itemListElement":[{"@type":"ListItem","position":1,"name":"Honlap","item":"https:\/\/www.versiegelung24.com\/hu\/elol\/"},{"@type":"ListItem","position":2,"name":"\u00dczlet","item":"https:\/\/www.versiegelung24.com\/hu\/uzlet\/"},{"@type":"ListItem","position":3,"name":"Colorus m\u0171anyag fest\u00e9kt\u00e1lca PLUS 15x32cm"}]},{"@type":"WebSite","@id":"https:\/\/www.versiegelung24.com\/hu\/#website","url":"https:\/\/www.versiegelung24.com\/hu\/","name":"versiegelung24.com","description":"Fl\u00fcssigglas-Versiegelung - Made in Germany","publisher":{"@id":"https:\/\/www.versiegelung24.com\/hu\/#organization"},"potentialAction":[{"@type":"SearchAction","target":{"@type":"EntryPoint","urlTemplate":"https:\/\/www.versiegelung24.com\/hu\/?s={search_term_string}"},"query-input":{"@type":"PropertyValueSpecification","valueRequired":true,"valueName":"search_term_string"}}],"inLanguage":"hu"},{"@type":"Organization","@id":"https:\/\/www.versiegelung24.com\/hu\/#organization","name":"versiegelung24","url":"https:\/\/www.versiegelung24.com\/hu\/","logo":{"@type":"ImageObject","inLanguage":"hu","@id":"https:\/\/www.versiegelung24.com\/hu\/#\/schema\/logo\/image\/","url":"https:\/\/www.versiegelung24.com\/wp-content\/uploads\/2020\/04\/versiegelung24.png","contentUrl":"https:\/\/www.versiegelung24.com\/wp-content\/uploads\/2020\/04\/versiegelung24.png","width":470,"height":102,"caption":"versiegelung24"},"image":{"@id":"https:\/\/www.versiegelung24.com\/hu\/#\/schema\/logo\/image\/"}}]},"product_price_amount":"1.79","product_price_currency":"EUR","og_availability":"out of stock","product_availability":"out of stock","product_retailer_item_id":"V24-1532-FW","product_condition":"new"},"_links":{"self":[{"href":"https:\/\/www.versiegelung24.com\/hu\/wp-json\/wp\/v2\/product\/64531","targetHints":{"allow":["GET"]}}],"collection":[{"href":"https:\/\/www.versiegelung24.com\/hu\/wp-json\/wp\/v2\/product"}],"about":[{"href":"https:\/\/www.versiegelung24.com\/hu\/wp-json\/wp\/v2\/types\/product"}],"version-history":[{"count":10,"href":"https:\/\/www.versiegelung24.com\/hu\/wp-json\/wp\/v2\/product\/64531\/revisions"}],"predecessor-version":[{"id":141460,"href":"https:\/\/www.versiegelung24.com\/hu\/wp-json\/wp\/v2\/product\/64531\/revisions\/141460"}],"wp:featuredmedia":[{"embeddable":true,"href":"https:\/\/www.versiegelung24.com\/hu\/wp-json\/wp\/v2\/media\/64563"}],"wp:attachment":[{"href":"https:\/\/www.versiegelung24.com\/hu\/wp-json\/wp\/v2\/media?parent=64531"}],"wp:term":[{"taxonomy":"product_brand","embeddable":true,"href":"https:\/\/www.versiegelung24.com\/hu\/wp-json\/wp\/v2\/product_brand?post=64531"},{"taxonomy":"product_cat","embeddable":true,"href":"https:\/\/www.versiegelung24.com\/hu\/wp-json\/wp\/v2\/product_cat?post=64531"},{"taxonomy":"product_tag","embeddable":true,"href":"https:\/\/www.versiegelung24.com\/hu\/wp-json\/wp\/v2\/product_tag?post=64531"}],"curies":[{"name":"wp","href":"https:\/\/api.w.org\/{rel}","templated":true}]}}