{"id":82328,"date":"2022-02-23T12:42:58","date_gmt":"2022-02-23T11:42:58","guid":{"rendered":"https:\/\/www.versiegelung24.com\/produkt\/sarga-nitril-munkakesztyu-kotott-mandzsettaval\/"},"modified":"2025-12-19T14:35:45","modified_gmt":"2025-12-19T13:35:45","slug":"munkakesztyu-nitril-kotott-mandzsetta-sarga","status":"publish","type":"product","link":"https:\/\/www.versiegelung24.com\/hu\/sarga-nitril-munkakesztyu-kotott-mandzsettaval.html","title":{"rendered":"S\u00e1rga nitril munkakeszty\u0171 k\u00f6t\u00f6tt mandzsett\u00e1val"},"content":{"rendered":"\n<h4 class=\"wp-block-heading\" id=\"h-beschreibung\">A le\u00edr\u00e1s a<\/h4>\n\n<p>Univerz\u00e1lis nitril keszty\u0171 sz\u00e1raz vagy nedves k\u00f6rnyezethez. Alkalmas k\u00f6zepes kock\u00e1zat\u00fa \u00e9s nagy kop\u00e1sig\u00e9ny\u0171 munk\u00e1kra (k\u00e9zm\u0171ves, \u00e9p\u00edt\u0151ipar, ki\u00e1ll\u00edt\u00e1si stand \u00e9p\u00edt\u00e9s, aut\u00f3ipar, g\u00e9pipar, ac\u00e9lipar, \u00fcvegipar, \u00e9lelmiszeripar, mez\u0151gazdas\u00e1g stb.) EN 420 II. kateg\u00f3ria, EN 388<\/p>\n\n<hr \/>\n\n<h4 class=\"wp-block-heading\" id=\"properties\">A term\u00e9k jellemz\u0151i<\/h4>\n\n<div class=\"wp-block-columns is-layout-flex wp-container-core-columns-is-layout-9d6595d7 wp-block-columns-is-layout-flex\">\n<div class=\"wp-block-column is-layout-flow wp-block-column-is-layout-flow\">\n<p>\u2713 S\u00e1rga nitrillel bevonva<\/p>\n\n\n\n<p>\u2713 L\u00e9g\u00e1tereszt\u0151 a k\u00e9zh\u00e1t<\/p>\n\n\n\n<p>\u2713 Rendk\u00edv\u00fcl k\u00e9nyelmes a t\u00f6k\u00e9letes illeszked\u00e9snek k\u00f6sz\u00f6nhet\u0151en<\/p>\n\n\n\n<p>\u2713 EN 420 II. kateg\u00f3ria, EN 388<\/p>\n\n\n\n<p>\u2713 Kop\u00e1s\u00e1ll\u00f3s\u00e1g: 4-es teljes\u00edtm\u00e9nyszint<\/p>\n\n\n\n<p>\u2713 V\u00e1g\u00e1s\u00e1ll\u00f3s\u00e1g: 1. teljes\u00edtm\u00e9nyszint<\/p>\n\n\n\n<p>\u2713 Szak\u00edt\u00f3szil\u00e1rds\u00e1g: 1. teljes\u00edtm\u00e9nyszint<\/p>\n\n\n\n<p>\u2713 Sz\u00far\u00e1si teljes\u00edtm\u00e9ny: 1. teljes\u00edtm\u00e9nyszint<\/p>\n\n\n\n<p>\u2713 M\u00e9ret: 9<\/p>\n<\/div>\n<\/div>\n","protected":false},"excerpt":{"rendered":"<div class=\"product_text_extra\">\n<p>\u2713 S\u00e1rga nitrillel bevonva<\/p>\n<p>\u2713 L\u00e9g\u00e1tereszt\u0151 a k\u00e9zh\u00e1t<\/p>\n<p>\u2713 Rendk\u00edv\u00fcl k\u00e9nyelmes a t\u00f6k\u00e9letes illeszked\u00e9snek k\u00f6sz\u00f6nhet\u0151en<\/p>\n<p>\u2713 EN 420 II. kateg\u00f3ria, EN 388<\/p>\n<p>\u2713 Kop\u00e1s\u00e1ll\u00f3s\u00e1g: 4-es teljes\u00edtm\u00e9nyszint<\/p>\n<\/div>\n","protected":false},"featured_media":82274,"template":"","meta":{"_acf_changed":false,"neve_meta_sidebar":"","neve_meta_container":"","neve_meta_enable_content_width":"","neve_meta_content_width":0,"neve_meta_title_alignment":"","neve_meta_author_avatar":"","neve_post_elements_order":"","neve_meta_disable_header":"","neve_meta_disable_footer":"","neve_meta_disable_title":"","neve_meta_reading_time":"","_surfaces":[],"_ver_product_tabs":[],"footnotes":""},"product_brand":[],"product_cat":[3075],"product_tag":[],"class_list":{"0":"post-82328","1":"product","2":"type-product","3":"status-publish","4":"has-post-thumbnail","6":"product_cat-felszereles","8":"first","9":"instock","10":"taxable","11":"shipping-taxable","12":"purchasable","13":"product-type-simple"},"acf":[],"yoast_head":"<!-- This site is optimized with the Yoast SEO Premium plugin v22.8 (Yoast SEO v27.5) - https:\/\/yoast.com\/product\/yoast-seo-premium-wordpress\/ -->\n<title>S\u00e1rga nitril munkakeszty\u0171 k\u00f6t\u00f6tt mandzsett\u00e1val - versiegelung24.com<\/title>\n<meta name=\"robots\" content=\"index, follow, max-snippet:-1, max-image-preview:large, max-video-preview:-1\" \/>\n<link rel=\"canonical\" href=\"https:\/\/www.versiegelung24.com\/hu\/sarga-nitril-munkakesztyu-kotott-mandzsettaval.html\" \/>\n<meta property=\"og:locale\" content=\"hu_HU\" \/>\n<meta property=\"og:type\" content=\"article\" \/>\n<meta property=\"og:title\" content=\"S\u00e1rga nitril munkakeszty\u0171 k\u00f6t\u00f6tt mandzsett\u00e1val\" \/>\n<meta property=\"og:description\" content=\"\u2713 S\u00e1rga nitrillel bevonva \u2713 L\u00e9g\u00e1tereszt\u0151 a k\u00e9zh\u00e1t \u2713 Rendk\u00edv\u00fcl k\u00e9nyelmes a t\u00f6k\u00e9letes illeszked\u00e9snek k\u00f6sz\u00f6nhet\u0151en \u2713 EN 420 II. kateg\u00f3ria, EN 388 \u2713 Kop\u00e1s\u00e1ll\u00f3s\u00e1g: 4-es teljes\u00edtm\u00e9nyszint\" \/>\n<meta property=\"og:url\" content=\"https:\/\/www.versiegelung24.com\/hu\/sarga-nitril-munkakesztyu-kotott-mandzsettaval.html\" \/>\n<meta property=\"og:site_name\" content=\"versiegelung24.com\" \/>\n<meta property=\"article:modified_time\" content=\"2025-12-19T13:35:45+00:00\" \/>\n<meta name=\"twitter:card\" content=\"summary_large_image\" \/>\n<meta name=\"twitter:label1\" content=\"\u00c1r\" \/>\n\t<meta name=\"twitter:data1\" content=\"2,69&euro;\" \/>\n\t<meta name=\"twitter:label2\" content=\"El\u00e9rhet\u0151s\u00e9g\" \/>\n\t<meta name=\"twitter:data2\" content=\"K\u00e9szleten\" \/>\n<script type=\"application\/ld+json\" class=\"yoast-schema-graph\">{\"@context\":\"https:\\\/\\\/schema.org\",\"@graph\":[{\"@type\":\"WebPage\",\"@id\":\"https:\\\/\\\/www.versiegelung24.com\\\/hu\\\/sarga-nitril-munkakesztyu-kotott-mandzsettaval.html\",\"url\":\"https:\\\/\\\/www.versiegelung24.com\\\/hu\\\/sarga-nitril-munkakesztyu-kotott-mandzsettaval.html\",\"name\":\"S\u00e1rga nitril munkakeszty\u0171 k\u00f6t\u00f6tt mandzsett\u00e1val - versiegelung24.com\",\"isPartOf\":{\"@id\":\"https:\\\/\\\/www.versiegelung24.com\\\/hu\\\/#website\"},\"primaryImageOfPage\":{\"@id\":\"https:\\\/\\\/www.versiegelung24.com\\\/hu\\\/sarga-nitril-munkakesztyu-kotott-mandzsettaval.html#primaryimage\"},\"image\":{\"@id\":\"https:\\\/\\\/www.versiegelung24.com\\\/hu\\\/sarga-nitril-munkakesztyu-kotott-mandzsettaval.html#primaryimage\"},\"thumbnailUrl\":\"https:\\\/\\\/www.versiegelung24.com\\\/wp-content\\\/uploads\\\/2022\\\/02\\\/produkt-v24-sb403-10-arbeitshandschuh.jpg\",\"datePublished\":\"2022-02-23T11:42:58+00:00\",\"dateModified\":\"2025-12-19T13:35:45+00:00\",\"breadcrumb\":{\"@id\":\"https:\\\/\\\/www.versiegelung24.com\\\/hu\\\/sarga-nitril-munkakesztyu-kotott-mandzsettaval.html#breadcrumb\"},\"inLanguage\":\"hu\",\"potentialAction\":[{\"@type\":\"ReadAction\",\"target\":[\"https:\\\/\\\/www.versiegelung24.com\\\/hu\\\/sarga-nitril-munkakesztyu-kotott-mandzsettaval.html\"]}]},{\"@type\":\"ImageObject\",\"inLanguage\":\"hu\",\"@id\":\"https:\\\/\\\/www.versiegelung24.com\\\/hu\\\/sarga-nitril-munkakesztyu-kotott-mandzsettaval.html#primaryimage\",\"url\":\"https:\\\/\\\/www.versiegelung24.com\\\/wp-content\\\/uploads\\\/2022\\\/02\\\/produkt-v24-sb403-10-arbeitshandschuh.jpg\",\"contentUrl\":\"https:\\\/\\\/www.versiegelung24.com\\\/wp-content\\\/uploads\\\/2022\\\/02\\\/produkt-v24-sb403-10-arbeitshandschuh.jpg\",\"width\":2000,\"height\":2000},{\"@type\":\"BreadcrumbList\",\"@id\":\"https:\\\/\\\/www.versiegelung24.com\\\/hu\\\/sarga-nitril-munkakesztyu-kotott-mandzsettaval.html#breadcrumb\",\"itemListElement\":[{\"@type\":\"ListItem\",\"position\":1,\"name\":\"Honlap\",\"item\":\"https:\\\/\\\/www.versiegelung24.com\\\/hu\\\/elol\\\/\"},{\"@type\":\"ListItem\",\"position\":2,\"name\":\"\u00dczlet\",\"item\":\"https:\\\/\\\/www.versiegelung24.com\\\/hu\\\/uzlet\\\/\"},{\"@type\":\"ListItem\",\"position\":3,\"name\":\"S\u00e1rga nitril munkakeszty\u0171 k\u00f6t\u00f6tt mandzsett\u00e1val\"}]},{\"@type\":\"WebSite\",\"@id\":\"https:\\\/\\\/www.versiegelung24.com\\\/hu\\\/#website\",\"url\":\"https:\\\/\\\/www.versiegelung24.com\\\/hu\\\/\",\"name\":\"versiegelung24.com\",\"description\":\"Fl\u00fcssigglas-Versiegelung - Made in Germany\",\"publisher\":{\"@id\":\"https:\\\/\\\/www.versiegelung24.com\\\/hu\\\/#organization\"},\"potentialAction\":[{\"@type\":\"SearchAction\",\"target\":{\"@type\":\"EntryPoint\",\"urlTemplate\":\"https:\\\/\\\/www.versiegelung24.com\\\/hu\\\/?s={search_term_string}\"},\"query-input\":{\"@type\":\"PropertyValueSpecification\",\"valueRequired\":true,\"valueName\":\"search_term_string\"}}],\"inLanguage\":\"hu\"},{\"@type\":\"Organization\",\"@id\":\"https:\\\/\\\/www.versiegelung24.com\\\/hu\\\/#organization\",\"name\":\"versiegelung24\",\"url\":\"https:\\\/\\\/www.versiegelung24.com\\\/hu\\\/\",\"logo\":{\"@type\":\"ImageObject\",\"inLanguage\":\"hu\",\"@id\":\"https:\\\/\\\/www.versiegelung24.com\\\/hu\\\/#\\\/schema\\\/logo\\\/image\\\/\",\"url\":\"https:\\\/\\\/www.versiegelung24.com\\\/wp-content\\\/uploads\\\/2020\\\/04\\\/versiegelung24.png\",\"contentUrl\":\"https:\\\/\\\/www.versiegelung24.com\\\/wp-content\\\/uploads\\\/2020\\\/04\\\/versiegelung24.png\",\"width\":470,\"height\":102,\"caption\":\"versiegelung24\"},\"image\":{\"@id\":\"https:\\\/\\\/www.versiegelung24.com\\\/hu\\\/#\\\/schema\\\/logo\\\/image\\\/\"}}]}<\/script>\n<meta property=\"product:price:amount\" content=\"2.69\" \/>\n<meta property=\"product:price:currency\" content=\"EUR\" \/>\n<meta property=\"og:availability\" content=\"instock\" \/>\n<meta property=\"product:availability\" content=\"instock\" \/>\n<meta property=\"product:retailer_item_id\" content=\"V24-SB403-10\" \/>\n<meta property=\"product:condition\" content=\"new\" \/>\n<!-- \/ Yoast SEO Premium plugin. -->","yoast_head_json":{"title":"S\u00e1rga nitril munkakeszty\u0171 k\u00f6t\u00f6tt mandzsett\u00e1val - versiegelung24.com","robots":{"index":"index","follow":"follow","max-snippet":"max-snippet:-1","max-image-preview":"max-image-preview:large","max-video-preview":"max-video-preview:-1"},"canonical":"https:\/\/www.versiegelung24.com\/hu\/sarga-nitril-munkakesztyu-kotott-mandzsettaval.html","og_locale":"hu_HU","og_type":"article","og_title":"S\u00e1rga nitril munkakeszty\u0171 k\u00f6t\u00f6tt mandzsett\u00e1val","og_description":"\u2713 S\u00e1rga nitrillel bevonva \u2713 L\u00e9g\u00e1tereszt\u0151 a k\u00e9zh\u00e1t \u2713 Rendk\u00edv\u00fcl k\u00e9nyelmes a t\u00f6k\u00e9letes illeszked\u00e9snek k\u00f6sz\u00f6nhet\u0151en \u2713 EN 420 II. kateg\u00f3ria, EN 388 \u2713 Kop\u00e1s\u00e1ll\u00f3s\u00e1g: 4-es teljes\u00edtm\u00e9nyszint","og_url":"https:\/\/www.versiegelung24.com\/hu\/sarga-nitril-munkakesztyu-kotott-mandzsettaval.html","og_site_name":"versiegelung24.com","article_modified_time":"2025-12-19T13:35:45+00:00","twitter_card":"summary_large_image","twitter_misc":{"\u00c1r":"2,69&euro;","El\u00e9rhet\u0151s\u00e9g":"K\u00e9szleten"},"schema":{"@context":"https:\/\/schema.org","@graph":[{"@type":"WebPage","@id":"https:\/\/www.versiegelung24.com\/hu\/sarga-nitril-munkakesztyu-kotott-mandzsettaval.html","url":"https:\/\/www.versiegelung24.com\/hu\/sarga-nitril-munkakesztyu-kotott-mandzsettaval.html","name":"S\u00e1rga nitril munkakeszty\u0171 k\u00f6t\u00f6tt mandzsett\u00e1val - versiegelung24.com","isPartOf":{"@id":"https:\/\/www.versiegelung24.com\/hu\/#website"},"primaryImageOfPage":{"@id":"https:\/\/www.versiegelung24.com\/hu\/sarga-nitril-munkakesztyu-kotott-mandzsettaval.html#primaryimage"},"image":{"@id":"https:\/\/www.versiegelung24.com\/hu\/sarga-nitril-munkakesztyu-kotott-mandzsettaval.html#primaryimage"},"thumbnailUrl":"https:\/\/www.versiegelung24.com\/wp-content\/uploads\/2022\/02\/produkt-v24-sb403-10-arbeitshandschuh.jpg","datePublished":"2022-02-23T11:42:58+00:00","dateModified":"2025-12-19T13:35:45+00:00","breadcrumb":{"@id":"https:\/\/www.versiegelung24.com\/hu\/sarga-nitril-munkakesztyu-kotott-mandzsettaval.html#breadcrumb"},"inLanguage":"hu","potentialAction":[{"@type":"ReadAction","target":["https:\/\/www.versiegelung24.com\/hu\/sarga-nitril-munkakesztyu-kotott-mandzsettaval.html"]}]},{"@type":"ImageObject","inLanguage":"hu","@id":"https:\/\/www.versiegelung24.com\/hu\/sarga-nitril-munkakesztyu-kotott-mandzsettaval.html#primaryimage","url":"https:\/\/www.versiegelung24.com\/wp-content\/uploads\/2022\/02\/produkt-v24-sb403-10-arbeitshandschuh.jpg","contentUrl":"https:\/\/www.versiegelung24.com\/wp-content\/uploads\/2022\/02\/produkt-v24-sb403-10-arbeitshandschuh.jpg","width":2000,"height":2000},{"@type":"BreadcrumbList","@id":"https:\/\/www.versiegelung24.com\/hu\/sarga-nitril-munkakesztyu-kotott-mandzsettaval.html#breadcrumb","itemListElement":[{"@type":"ListItem","position":1,"name":"Honlap","item":"https:\/\/www.versiegelung24.com\/hu\/elol\/"},{"@type":"ListItem","position":2,"name":"\u00dczlet","item":"https:\/\/www.versiegelung24.com\/hu\/uzlet\/"},{"@type":"ListItem","position":3,"name":"S\u00e1rga nitril munkakeszty\u0171 k\u00f6t\u00f6tt mandzsett\u00e1val"}]},{"@type":"WebSite","@id":"https:\/\/www.versiegelung24.com\/hu\/#website","url":"https:\/\/www.versiegelung24.com\/hu\/","name":"versiegelung24.com","description":"Fl\u00fcssigglas-Versiegelung - Made in Germany","publisher":{"@id":"https:\/\/www.versiegelung24.com\/hu\/#organization"},"potentialAction":[{"@type":"SearchAction","target":{"@type":"EntryPoint","urlTemplate":"https:\/\/www.versiegelung24.com\/hu\/?s={search_term_string}"},"query-input":{"@type":"PropertyValueSpecification","valueRequired":true,"valueName":"search_term_string"}}],"inLanguage":"hu"},{"@type":"Organization","@id":"https:\/\/www.versiegelung24.com\/hu\/#organization","name":"versiegelung24","url":"https:\/\/www.versiegelung24.com\/hu\/","logo":{"@type":"ImageObject","inLanguage":"hu","@id":"https:\/\/www.versiegelung24.com\/hu\/#\/schema\/logo\/image\/","url":"https:\/\/www.versiegelung24.com\/wp-content\/uploads\/2020\/04\/versiegelung24.png","contentUrl":"https:\/\/www.versiegelung24.com\/wp-content\/uploads\/2020\/04\/versiegelung24.png","width":470,"height":102,"caption":"versiegelung24"},"image":{"@id":"https:\/\/www.versiegelung24.com\/hu\/#\/schema\/logo\/image\/"}}]},"product_price_amount":"2.69","product_price_currency":"EUR","og_availability":"instock","product_availability":"instock","product_retailer_item_id":"V24-SB403-10","product_condition":"new"},"_links":{"self":[{"href":"https:\/\/www.versiegelung24.com\/hu\/wp-json\/wp\/v2\/product\/82328","targetHints":{"allow":["GET"]}}],"collection":[{"href":"https:\/\/www.versiegelung24.com\/hu\/wp-json\/wp\/v2\/product"}],"about":[{"href":"https:\/\/www.versiegelung24.com\/hu\/wp-json\/wp\/v2\/types\/product"}],"version-history":[{"count":10,"href":"https:\/\/www.versiegelung24.com\/hu\/wp-json\/wp\/v2\/product\/82328\/revisions"}],"predecessor-version":[{"id":180752,"href":"https:\/\/www.versiegelung24.com\/hu\/wp-json\/wp\/v2\/product\/82328\/revisions\/180752"}],"wp:featuredmedia":[{"embeddable":true,"href":"https:\/\/www.versiegelung24.com\/hu\/wp-json\/wp\/v2\/media\/82274"}],"wp:attachment":[{"href":"https:\/\/www.versiegelung24.com\/hu\/wp-json\/wp\/v2\/media?parent=82328"}],"wp:term":[{"taxonomy":"product_brand","embeddable":true,"href":"https:\/\/www.versiegelung24.com\/hu\/wp-json\/wp\/v2\/product_brand?post=82328"},{"taxonomy":"product_cat","embeddable":true,"href":"https:\/\/www.versiegelung24.com\/hu\/wp-json\/wp\/v2\/product_cat?post=82328"},{"taxonomy":"product_tag","embeddable":true,"href":"https:\/\/www.versiegelung24.com\/hu\/wp-json\/wp\/v2\/product_tag?post=82328"}],"curies":[{"name":"wp","href":"https:\/\/api.w.org\/{rel}","templated":true}]}}