{"id":93747,"date":"2022-10-21T16:49:10","date_gmt":"2022-10-21T14:49:10","guid":{"rendered":"https:\/\/www.versiegelung24.com\/?post_type=product&#038;p=93747"},"modified":"2025-03-31T14:58:25","modified_gmt":"2025-03-31T12:58:25","slug":"alkalmazasi-szivacs-95x40x23mm","status":"publish","type":"product","link":"https:\/\/www.versiegelung24.com\/hu\/alkalmazasi-szivacs-95x40x23mm.html","title":{"rendered":"Alkalmaz\u00e1si szivacs 95x40x23mm"},"content":{"rendered":"\n<p>Szivacs az alkalmaz\u00e1shoz  <\/p>\n\n<p>Ide\u00e1lis <a href=\"https:\/\/www.versiegelung24.com\/applikationstuch-20x20cm.html\">mikrosz\u00e1las kend\u0151nkkel<\/a> egy\u00fctt haszn\u00e1lva <a href=\"https:\/\/www.versiegelung24.com\/applikationstuch-20x20cm.html\">foly\u00e9kony \u00fcvegt\u00f6m\u00edt\u0151 anyagaink felvitel\u00e9hez.<\/a><\/p>\n\n<p>Javasoljuk, hogy a fel\u00fcleti t\u00f6m\u00edt\u0151anyagaink \u00e9s impregn\u00e1l\u00f3ink felvitel\u00e9nek minden egyes l\u00e9p\u00e9s\u00e9hez k\u00fcl\u00f6n mikrosz\u00e1las kend\u0151t haszn\u00e1ljon.<\/p>\n\n<p>A felhord\u00f3 szivacs \u00e9s a mikrosz\u00e1las kend\u0151ink egy\u00fcttes haszn\u00e1lat\u00e1val a szivacs oldal\u00e1t\u00f3l, a fel\u00fclet \u00e1llapot\u00e1t\u00f3l \u00e9s az alkalmazott nyom\u00e1st\u00f3l f\u00fcgg\u0151en lehet adagolni \u00e9s optimaliz\u00e1lni a felhord\u00e1st vagy a pol\u00edroz\u00e1st.<\/p>\n\n<hr \/>\n\n<h4 class=\"wp-block-heading\" id=\"properties\">A term\u00e9k jellemz\u0151i<\/h4>\n\n<div class=\"wp-block-columns is-layout-flex wp-container-core-columns-is-layout-9d6595d7 wp-block-columns-is-layout-flex\">\n<div class=\"wp-block-column is-layout-flow wp-block-column-is-layout-flow\">\n<p>Szivacs a felvitelhez \u00e9s pol\u00edroz\u00e1shoz M\u00e9ret: 95 x 40 x 23mm  <\/p>\n<\/div>\n\n\n\n<div class=\"wp-block-column is-layout-flow wp-block-column-is-layout-flow\">\n<p>Fels\u0151 r\u00e9teg kem\u00e9ny 5mm feh\u00e9r XPE 3000-33 K\u00f6z\u00e9ps\u0151 r\u00e9teg puha 18mm S2145 k\u00e9k<\/p>\n<\/div>\n<\/div>\n\n<hr \/>\n\n<h4 class=\"wp-block-heading\" id=\"application\">Alkalmaz\u00e1s<\/h4>\n\n<p>Sima, nem nedvsz\u00edv\u00f3 fel\u00fcletekre t\u00f6rt\u00e9n\u0151 felhord\u00e1shoz javasoljuk a <a href=\"https:\/\/www.versiegelung24.com\/applikationstuch-20x20cm.html\">foly\u00e9kony \u00fcvegt\u00f6m\u00edt\u0151 anyagaink felhord\u00e1s\u00e1ra szolg\u00e1l\u00f3 mikrosz\u00e1las kend\u0151nkkel<\/a> val\u00f3 kombin\u00e1ci\u00f3t. Helyezze a mikrosz\u00e1las kend\u0151t a t\u00f6m\u00edt\u0151anyag felvitel\u00e9re szolg\u00e1l\u00f3 feh\u00e9r, kem\u00e9ny oldalra, \u00e9s vigye fel a t\u00f6m\u00edt\u0151anyagot a vonatkoz\u00f3 alkalmaz\u00e1si utas\u00edt\u00e1soknak megfelel\u0151en.<\/p>\n\n<p>Az <a href=\"https:\/\/www.versiegelung24.com\/hu\/30x30-cm-es-mikroszalas-kendo-elozetes-tisztitashoz-vagy-polirozashoz.html\">el\u0151tiszt\u00edt\u00e1shoz vagy pol\u00edroz\u00e1shoz haszn\u00e1lt 30&#215;30 cm-es mikrosz\u00e1las kend\u0151nkkel<\/a> t\u00f6rt\u00e9n\u0151 pol\u00edroz\u00e1shoz szint\u00e9n helyezze a kend\u0151t a szivacsra, \u00e9s a fel\u00fclet \u00e1llapot\u00e1t\u00f3l \u00e9s k\u00f6vetelm\u00e9nyeit\u0151l f\u00fcgg\u0151en haszn\u00e1lja a szivacs kem\u00e9ny vagy puha oldal\u00e1t, hogy egyenletes nyom\u00e1st gyakoroljon a megn\u00f6velt fel\u00fcletre.<\/p>\n","protected":false},"excerpt":{"rendered":"<p><strong>Szivacs a t\u00f6m\u00edt\u0151anyagok felvitel\u00e9hez<\/strong><\/p>\n<p>\u2713 \u00dajrafelhaszn\u00e1lhat\u00f3<\/p>\n<p>\u2713 K\u00f6rnyezetbar\u00e1t<\/p>\n<p>\u2713 Handy<\/p>\n<p>\u2713 Kem\u00e9ny \u00e9s puha oldal<\/p>\n<p>\u2713 95x40x23mm<\/p>\n<p>&nbsp;<\/p>\n","protected":false},"featured_media":13261,"template":"","meta":{"_acf_changed":false,"neve_meta_sidebar":"","neve_meta_container":"","neve_meta_enable_content_width":"","neve_meta_content_width":0,"neve_meta_title_alignment":"","neve_meta_author_avatar":"","neve_post_elements_order":"","neve_meta_disable_header":"","neve_meta_disable_footer":"","neve_meta_disable_title":"","neve_meta_reading_time":"","_surfaces":[],"_ver_product_tabs":[],"footnotes":""},"product_brand":[],"product_cat":[2322,2324,2327,2472,3075,2229,2288],"product_tag":[],"class_list":{"0":"post-93747","1":"product","2":"type-product","3":"status-publish","4":"has-post-thumbnail","6":"product_cat-toemites-ueveghez-es-keramiahoz","7":"product_cat-fem-es-muanyag-toemites","8":"product_cat-tisztito-szerek","9":"product_cat-univerzalis-toemites","10":"product_cat-felszereles","11":"product_cat-auto-toemitese","12":"product_cat-felueleti-fertotlenitoszerek","14":"first","15":"instock","16":"taxable","17":"shipping-taxable","18":"purchasable","19":"product-type-simple"},"acf":[],"yoast_head":"<!-- This site is optimized with the Yoast SEO Premium plugin v22.8 (Yoast SEO v27.5) - https:\/\/yoast.com\/product\/yoast-seo-premium-wordpress\/ -->\n<title>Alkalmaz\u00e1si szivacs 95x40x23mm - versiegelung24.com<\/title>\n<meta name=\"description\" content=\"Felhord\u00f3 szivacs - Ide\u00e1lis a t\u00f6m\u00edt\u0151anyagaink felhord\u00e1s\u00e1hoz. Mikrosz\u00e1las kend\u0151inkkel kombin\u00e1lva mindenes.\" \/>\n<meta name=\"robots\" content=\"index, follow, max-snippet:-1, max-image-preview:large, max-video-preview:-1\" \/>\n<link rel=\"canonical\" href=\"https:\/\/www.versiegelung24.com\/hu\/alkalmazasi-szivacs-95x40x23mm.html\" \/>\n<meta property=\"og:locale\" content=\"hu_HU\" \/>\n<meta property=\"og:type\" content=\"article\" \/>\n<meta property=\"og:title\" content=\"Alkalmaz\u00e1si szivacs 95x40x23mm\" \/>\n<meta property=\"og:description\" content=\"Felhord\u00f3 szivacs - Ide\u00e1lis a t\u00f6m\u00edt\u0151anyagaink felhord\u00e1s\u00e1hoz. Mikrosz\u00e1las kend\u0151inkkel kombin\u00e1lva mindenes.\" \/>\n<meta property=\"og:url\" content=\"https:\/\/www.versiegelung24.com\/hu\/alkalmazasi-szivacs-95x40x23mm.html\" \/>\n<meta property=\"og:site_name\" content=\"versiegelung24.com\" \/>\n<meta property=\"article:modified_time\" content=\"2025-03-31T12:58:25+00:00\" \/>\n<meta property=\"og:image\" content=\"https:\/\/www.versiegelung24.com\/wp-content\/uploads\/2020\/04\/mikrofasertuch.png\" \/>\n\t<meta property=\"og:image:width\" content=\"1000\" \/>\n\t<meta property=\"og:image:height\" content=\"1000\" \/>\n\t<meta property=\"og:image:type\" content=\"image\/png\" \/>\n<meta name=\"twitter:card\" content=\"summary_large_image\" \/>\n<meta name=\"twitter:label1\" content=\"\u00c1r\" \/>\n\t<meta name=\"twitter:data1\" content=\"1,99&euro;\" \/>\n\t<meta name=\"twitter:label2\" content=\"El\u00e9rhet\u0151s\u00e9g\" \/>\n\t<meta name=\"twitter:data2\" content=\"K\u00e9szleten\" \/>\n<script type=\"application\/ld+json\" class=\"yoast-schema-graph\">{\"@context\":\"https:\\\/\\\/schema.org\",\"@graph\":[{\"@type\":\"WebPage\",\"@id\":\"https:\\\/\\\/www.versiegelung24.com\\\/hu\\\/alkalmazasi-szivacs-95x40x23mm.html\",\"url\":\"https:\\\/\\\/www.versiegelung24.com\\\/hu\\\/alkalmazasi-szivacs-95x40x23mm.html\",\"name\":\"Alkalmaz\u00e1si szivacs 95x40x23mm - versiegelung24.com\",\"isPartOf\":{\"@id\":\"https:\\\/\\\/www.versiegelung24.com\\\/hu\\\/#website\"},\"primaryImageOfPage\":{\"@id\":\"https:\\\/\\\/www.versiegelung24.com\\\/hu\\\/alkalmazasi-szivacs-95x40x23mm.html#primaryimage\"},\"image\":{\"@id\":\"https:\\\/\\\/www.versiegelung24.com\\\/hu\\\/alkalmazasi-szivacs-95x40x23mm.html#primaryimage\"},\"thumbnailUrl\":\"https:\\\/\\\/www.versiegelung24.com\\\/wp-content\\\/uploads\\\/2020\\\/04\\\/mikrofasertuch.png\",\"datePublished\":\"2022-10-21T14:49:10+00:00\",\"dateModified\":\"2025-03-31T12:58:25+00:00\",\"description\":\"Felhord\u00f3 szivacs - Ide\u00e1lis a t\u00f6m\u00edt\u0151anyagaink felhord\u00e1s\u00e1hoz. Mikrosz\u00e1las kend\u0151inkkel kombin\u00e1lva mindenes.\",\"breadcrumb\":{\"@id\":\"https:\\\/\\\/www.versiegelung24.com\\\/hu\\\/alkalmazasi-szivacs-95x40x23mm.html#breadcrumb\"},\"inLanguage\":\"hu\",\"potentialAction\":[{\"@type\":\"ReadAction\",\"target\":[\"https:\\\/\\\/www.versiegelung24.com\\\/hu\\\/alkalmazasi-szivacs-95x40x23mm.html\"]}]},{\"@type\":\"ImageObject\",\"inLanguage\":\"hu\",\"@id\":\"https:\\\/\\\/www.versiegelung24.com\\\/hu\\\/alkalmazasi-szivacs-95x40x23mm.html#primaryimage\",\"url\":\"https:\\\/\\\/www.versiegelung24.com\\\/wp-content\\\/uploads\\\/2020\\\/04\\\/mikrofasertuch.png\",\"contentUrl\":\"https:\\\/\\\/www.versiegelung24.com\\\/wp-content\\\/uploads\\\/2020\\\/04\\\/mikrofasertuch.png\",\"width\":1000,\"height\":1000},{\"@type\":\"BreadcrumbList\",\"@id\":\"https:\\\/\\\/www.versiegelung24.com\\\/hu\\\/alkalmazasi-szivacs-95x40x23mm.html#breadcrumb\",\"itemListElement\":[{\"@type\":\"ListItem\",\"position\":1,\"name\":\"Honlap\",\"item\":\"https:\\\/\\\/www.versiegelung24.com\\\/hu\\\/elol\\\/\"},{\"@type\":\"ListItem\",\"position\":2,\"name\":\"\u00dczlet\",\"item\":\"https:\\\/\\\/www.versiegelung24.com\\\/hu\\\/uzlet\\\/\"},{\"@type\":\"ListItem\",\"position\":3,\"name\":\"Alkalmaz\u00e1si szivacs 95x40x23mm\"}]},{\"@type\":\"WebSite\",\"@id\":\"https:\\\/\\\/www.versiegelung24.com\\\/hu\\\/#website\",\"url\":\"https:\\\/\\\/www.versiegelung24.com\\\/hu\\\/\",\"name\":\"versiegelung24.com\",\"description\":\"Fl\u00fcssigglas-Versiegelung - Made in Germany\",\"publisher\":{\"@id\":\"https:\\\/\\\/www.versiegelung24.com\\\/hu\\\/#organization\"},\"potentialAction\":[{\"@type\":\"SearchAction\",\"target\":{\"@type\":\"EntryPoint\",\"urlTemplate\":\"https:\\\/\\\/www.versiegelung24.com\\\/hu\\\/?s={search_term_string}\"},\"query-input\":{\"@type\":\"PropertyValueSpecification\",\"valueRequired\":true,\"valueName\":\"search_term_string\"}}],\"inLanguage\":\"hu\"},{\"@type\":\"Organization\",\"@id\":\"https:\\\/\\\/www.versiegelung24.com\\\/hu\\\/#organization\",\"name\":\"versiegelung24\",\"url\":\"https:\\\/\\\/www.versiegelung24.com\\\/hu\\\/\",\"logo\":{\"@type\":\"ImageObject\",\"inLanguage\":\"hu\",\"@id\":\"https:\\\/\\\/www.versiegelung24.com\\\/hu\\\/#\\\/schema\\\/logo\\\/image\\\/\",\"url\":\"https:\\\/\\\/www.versiegelung24.com\\\/wp-content\\\/uploads\\\/2020\\\/04\\\/versiegelung24.png\",\"contentUrl\":\"https:\\\/\\\/www.versiegelung24.com\\\/wp-content\\\/uploads\\\/2020\\\/04\\\/versiegelung24.png\",\"width\":470,\"height\":102,\"caption\":\"versiegelung24\"},\"image\":{\"@id\":\"https:\\\/\\\/www.versiegelung24.com\\\/hu\\\/#\\\/schema\\\/logo\\\/image\\\/\"}}]}<\/script>\n<meta property=\"product:price:amount\" content=\"1.99\" \/>\n<meta property=\"product:price:currency\" content=\"EUR\" \/>\n<meta property=\"og:availability\" content=\"instock\" \/>\n<meta property=\"product:availability\" content=\"instock\" \/>\n<meta property=\"product:retailer_item_id\" content=\"V24-9010-1\" \/>\n<meta property=\"product:condition\" content=\"new\" \/>\n<!-- \/ Yoast SEO Premium plugin. -->","yoast_head_json":{"title":"Alkalmaz\u00e1si szivacs 95x40x23mm - versiegelung24.com","description":"Felhord\u00f3 szivacs - Ide\u00e1lis a t\u00f6m\u00edt\u0151anyagaink felhord\u00e1s\u00e1hoz. Mikrosz\u00e1las kend\u0151inkkel kombin\u00e1lva mindenes.","robots":{"index":"index","follow":"follow","max-snippet":"max-snippet:-1","max-image-preview":"max-image-preview:large","max-video-preview":"max-video-preview:-1"},"canonical":"https:\/\/www.versiegelung24.com\/hu\/alkalmazasi-szivacs-95x40x23mm.html","og_locale":"hu_HU","og_type":"article","og_title":"Alkalmaz\u00e1si szivacs 95x40x23mm","og_description":"Felhord\u00f3 szivacs - Ide\u00e1lis a t\u00f6m\u00edt\u0151anyagaink felhord\u00e1s\u00e1hoz. Mikrosz\u00e1las kend\u0151inkkel kombin\u00e1lva mindenes.","og_url":"https:\/\/www.versiegelung24.com\/hu\/alkalmazasi-szivacs-95x40x23mm.html","og_site_name":"versiegelung24.com","article_modified_time":"2025-03-31T12:58:25+00:00","og_image":[{"width":1000,"height":1000,"url":"https:\/\/www.versiegelung24.com\/wp-content\/uploads\/2020\/04\/mikrofasertuch.png","type":"image\/png"}],"twitter_card":"summary_large_image","twitter_misc":{"\u00c1r":"1,99&euro;","El\u00e9rhet\u0151s\u00e9g":"K\u00e9szleten"},"schema":{"@context":"https:\/\/schema.org","@graph":[{"@type":"WebPage","@id":"https:\/\/www.versiegelung24.com\/hu\/alkalmazasi-szivacs-95x40x23mm.html","url":"https:\/\/www.versiegelung24.com\/hu\/alkalmazasi-szivacs-95x40x23mm.html","name":"Alkalmaz\u00e1si szivacs 95x40x23mm - versiegelung24.com","isPartOf":{"@id":"https:\/\/www.versiegelung24.com\/hu\/#website"},"primaryImageOfPage":{"@id":"https:\/\/www.versiegelung24.com\/hu\/alkalmazasi-szivacs-95x40x23mm.html#primaryimage"},"image":{"@id":"https:\/\/www.versiegelung24.com\/hu\/alkalmazasi-szivacs-95x40x23mm.html#primaryimage"},"thumbnailUrl":"https:\/\/www.versiegelung24.com\/wp-content\/uploads\/2020\/04\/mikrofasertuch.png","datePublished":"2022-10-21T14:49:10+00:00","dateModified":"2025-03-31T12:58:25+00:00","description":"Felhord\u00f3 szivacs - Ide\u00e1lis a t\u00f6m\u00edt\u0151anyagaink felhord\u00e1s\u00e1hoz. Mikrosz\u00e1las kend\u0151inkkel kombin\u00e1lva mindenes.","breadcrumb":{"@id":"https:\/\/www.versiegelung24.com\/hu\/alkalmazasi-szivacs-95x40x23mm.html#breadcrumb"},"inLanguage":"hu","potentialAction":[{"@type":"ReadAction","target":["https:\/\/www.versiegelung24.com\/hu\/alkalmazasi-szivacs-95x40x23mm.html"]}]},{"@type":"ImageObject","inLanguage":"hu","@id":"https:\/\/www.versiegelung24.com\/hu\/alkalmazasi-szivacs-95x40x23mm.html#primaryimage","url":"https:\/\/www.versiegelung24.com\/wp-content\/uploads\/2020\/04\/mikrofasertuch.png","contentUrl":"https:\/\/www.versiegelung24.com\/wp-content\/uploads\/2020\/04\/mikrofasertuch.png","width":1000,"height":1000},{"@type":"BreadcrumbList","@id":"https:\/\/www.versiegelung24.com\/hu\/alkalmazasi-szivacs-95x40x23mm.html#breadcrumb","itemListElement":[{"@type":"ListItem","position":1,"name":"Honlap","item":"https:\/\/www.versiegelung24.com\/hu\/elol\/"},{"@type":"ListItem","position":2,"name":"\u00dczlet","item":"https:\/\/www.versiegelung24.com\/hu\/uzlet\/"},{"@type":"ListItem","position":3,"name":"Alkalmaz\u00e1si szivacs 95x40x23mm"}]},{"@type":"WebSite","@id":"https:\/\/www.versiegelung24.com\/hu\/#website","url":"https:\/\/www.versiegelung24.com\/hu\/","name":"versiegelung24.com","description":"Fl\u00fcssigglas-Versiegelung - Made in Germany","publisher":{"@id":"https:\/\/www.versiegelung24.com\/hu\/#organization"},"potentialAction":[{"@type":"SearchAction","target":{"@type":"EntryPoint","urlTemplate":"https:\/\/www.versiegelung24.com\/hu\/?s={search_term_string}"},"query-input":{"@type":"PropertyValueSpecification","valueRequired":true,"valueName":"search_term_string"}}],"inLanguage":"hu"},{"@type":"Organization","@id":"https:\/\/www.versiegelung24.com\/hu\/#organization","name":"versiegelung24","url":"https:\/\/www.versiegelung24.com\/hu\/","logo":{"@type":"ImageObject","inLanguage":"hu","@id":"https:\/\/www.versiegelung24.com\/hu\/#\/schema\/logo\/image\/","url":"https:\/\/www.versiegelung24.com\/wp-content\/uploads\/2020\/04\/versiegelung24.png","contentUrl":"https:\/\/www.versiegelung24.com\/wp-content\/uploads\/2020\/04\/versiegelung24.png","width":470,"height":102,"caption":"versiegelung24"},"image":{"@id":"https:\/\/www.versiegelung24.com\/hu\/#\/schema\/logo\/image\/"}}]},"product_price_amount":"1.99","product_price_currency":"EUR","og_availability":"instock","product_availability":"instock","product_retailer_item_id":"V24-9010-1","product_condition":"new"},"_links":{"self":[{"href":"https:\/\/www.versiegelung24.com\/hu\/wp-json\/wp\/v2\/product\/93747","targetHints":{"allow":["GET"]}}],"collection":[{"href":"https:\/\/www.versiegelung24.com\/hu\/wp-json\/wp\/v2\/product"}],"about":[{"href":"https:\/\/www.versiegelung24.com\/hu\/wp-json\/wp\/v2\/types\/product"}],"version-history":[{"count":11,"href":"https:\/\/www.versiegelung24.com\/hu\/wp-json\/wp\/v2\/product\/93747\/revisions"}],"predecessor-version":[{"id":180670,"href":"https:\/\/www.versiegelung24.com\/hu\/wp-json\/wp\/v2\/product\/93747\/revisions\/180670"}],"wp:featuredmedia":[{"embeddable":true,"href":"https:\/\/www.versiegelung24.com\/hu\/wp-json\/wp\/v2\/media\/13261"}],"wp:attachment":[{"href":"https:\/\/www.versiegelung24.com\/hu\/wp-json\/wp\/v2\/media?parent=93747"}],"wp:term":[{"taxonomy":"product_brand","embeddable":true,"href":"https:\/\/www.versiegelung24.com\/hu\/wp-json\/wp\/v2\/product_brand?post=93747"},{"taxonomy":"product_cat","embeddable":true,"href":"https:\/\/www.versiegelung24.com\/hu\/wp-json\/wp\/v2\/product_cat?post=93747"},{"taxonomy":"product_tag","embeddable":true,"href":"https:\/\/www.versiegelung24.com\/hu\/wp-json\/wp\/v2\/product_tag?post=93747"}],"curies":[{"name":"wp","href":"https:\/\/api.w.org\/{rel}","templated":true}]}}