{"id":22507,"date":"2021-08-02T20:45:20","date_gmt":"2021-08-02T18:45:20","guid":{"rendered":"https:\/\/www.versiegelung24.com\/modalita-di-pagamento"},"modified":"2024-07-09T09:38:17","modified_gmt":"2024-07-09T07:38:17","slug":"metodi-di-pagamento","status":"publish","type":"page","link":"https:\/\/www.versiegelung24.com\/it\/metodi-di-pagamento\/","title":{"rendered":"Modalit\u00e0 di pagamento"},"content":{"rendered":"\n<h1 class=\"wp-block-heading\" id=\"h-zahlungsarten\">Modalit\u00e0 di pagamento<\/h1>\n<p>Offriamo i seguenti metodi di pagamento per il tuo ordine su versiegelung24.com:<\/p>\n<p><img fetchpriority=\"high\" decoding=\"async\" class=\"alignnone wp-image-133349 \" src=\"https:\/\/www.versiegelung24.com\/wp-content\/uploads\/2023\/11\/v24-footer-zahlungsarten-1300x93.webp\" alt=\"\" width=\"780\" height=\"76\"><\/p>\n<h3>Paypal<\/h3>\n<p>Se l&#8217;importo del pagamento viene pagato tramite PayPal, il tuo ordine verr\u00e0 elaborato immediatamente.<\/p>\n<h3>Pagamento anticipato tramite bonifico bancario<\/h3>\n<p>Dopo aver ricevuto il pagamento tramite bonifico anticipato sul nostro conto bancario, la spedizione verr\u00e0 inviata.<\/p>\n<p>Destinatario: Holger K\u00e4ding<br \/>IBAN: DE30370502990011006269<br \/>BIC \/ SWIFT: COKSDE33<br \/>Kreissparkasse Colonia<\/p>\n<h3>Acquista su fattura<\/h3>\n<p>Per enti e istituzioni pubbliche offriamo anche l&#8217;acquisto in conto conto su richiesta. <a href=\"https:\/\/www.versiegelung24.com\/it\/contatto\/\">Si prega di contattarci per questo<\/a> .<\/p>\n","protected":false},"excerpt":{"rendered":"<p>Modalit\u00e0 di pagamento Offriamo i seguenti metodi di pagamento per il tuo ordine su versiegelung24.com: Paypal Se l&#8217;importo del pagamento viene pagato tramite PayPal, il tuo ordine verr\u00e0 elaborato immediatamente. Pagamento anticipato tramite bonifico bancario Dopo aver ricevuto il pagamento tramite bonifico anticipato sul nostro conto bancario, la spedizione verr\u00e0 inviata. Destinatario: Holger K\u00e4dingIBAN: DE30370502990011006269BIC&hellip;&nbsp;<a href=\"https:\/\/www.versiegelung24.com\/it\/metodi-di-pagamento\/\" rel=\"bookmark\">Read More &raquo;<span class=\"screen-reader-text\">Modalit\u00e0 di pagamento<\/span><\/a><\/p>\n","protected":false},"author":932,"featured_media":70656,"parent":0,"menu_order":0,"comment_status":"closed","ping_status":"closed","template":"","meta":{"_acf_changed":false,"neve_meta_sidebar":"","neve_meta_container":"","neve_meta_enable_content_width":"","neve_meta_content_width":0,"neve_meta_title_alignment":"","neve_meta_author_avatar":"","neve_post_elements_order":"","neve_meta_disable_header":"","neve_meta_disable_footer":"","neve_meta_disable_title":"","neve_meta_reading_time":"","footnotes":""},"categories":[],"seiten_kategorie":[],"class_list":["post-22507","page","type-page","status-publish","has-post-thumbnail","hentry"],"acf":[],"yoast_head":"<!-- This site is optimized with the Yoast SEO Premium plugin v22.8 (Yoast SEO v27.5) - https:\/\/yoast.com\/product\/yoast-seo-premium-wordpress\/ -->\n<title>Modalit\u00e0 di pagamento - versiegelung24.com<\/title>\n<meta name=\"robots\" content=\"index, follow, max-snippet:-1, max-image-preview:large, max-video-preview:-1\" \/>\n<link rel=\"canonical\" href=\"https:\/\/www.versiegelung24.com\/it\/metodi-di-pagamento\/\" \/>\n<meta property=\"og:locale\" content=\"it_IT\" \/>\n<meta property=\"og:type\" content=\"article\" \/>\n<meta property=\"og:title\" content=\"Modalit\u00e0 di pagamento\" \/>\n<meta property=\"og:description\" content=\"Modalit\u00e0 di pagamento Offriamo i seguenti metodi di pagamento per il tuo ordine su versiegelung24.com: Paypal Se l&#8217;importo del pagamento viene pagato tramite PayPal, il tuo ordine verr\u00e0 elaborato immediatamente. Pagamento anticipato tramite bonifico bancario Dopo aver ricevuto il pagamento tramite bonifico anticipato sul nostro conto bancario, la spedizione verr\u00e0 inviata. Destinatario: Holger K\u00e4dingIBAN: DE30370502990011006269BIC&hellip;&nbsp;Read More &raquo;Modalit\u00e0 di pagamento\" \/>\n<meta property=\"og:url\" content=\"https:\/\/www.versiegelung24.com\/it\/metodi-di-pagamento\/\" \/>\n<meta property=\"og:site_name\" content=\"versiegelung24.com\" \/>\n<meta property=\"article:modified_time\" content=\"2024-07-09T07:38:17+00:00\" \/>\n<meta property=\"og:image\" content=\"https:\/\/www.versiegelung24.com\/wp-content\/uploads\/2022\/02\/Payment.png\" \/>\n\t<meta property=\"og:image:width\" content=\"2000\" \/>\n\t<meta property=\"og:image:height\" content=\"2000\" \/>\n\t<meta property=\"og:image:type\" content=\"image\/png\" \/>\n<meta name=\"twitter:card\" content=\"summary_large_image\" \/>\n<script type=\"application\/ld+json\" class=\"yoast-schema-graph\">{\"@context\":\"https:\\\/\\\/schema.org\",\"@graph\":[{\"@type\":\"WebPage\",\"@id\":\"https:\\\/\\\/www.versiegelung24.com\\\/it\\\/metodi-di-pagamento\\\/\",\"url\":\"https:\\\/\\\/www.versiegelung24.com\\\/it\\\/metodi-di-pagamento\\\/\",\"name\":\"Modalit\u00e0 di pagamento - versiegelung24.com\",\"isPartOf\":{\"@id\":\"https:\\\/\\\/www.versiegelung24.com\\\/it\\\/#website\"},\"primaryImageOfPage\":{\"@id\":\"https:\\\/\\\/www.versiegelung24.com\\\/it\\\/metodi-di-pagamento\\\/#primaryimage\"},\"image\":{\"@id\":\"https:\\\/\\\/www.versiegelung24.com\\\/it\\\/metodi-di-pagamento\\\/#primaryimage\"},\"thumbnailUrl\":\"https:\\\/\\\/www.versiegelung24.com\\\/wp-content\\\/uploads\\\/2022\\\/02\\\/Payment.png\",\"datePublished\":\"2021-08-02T18:45:20+00:00\",\"dateModified\":\"2024-07-09T07:38:17+00:00\",\"breadcrumb\":{\"@id\":\"https:\\\/\\\/www.versiegelung24.com\\\/it\\\/metodi-di-pagamento\\\/#breadcrumb\"},\"inLanguage\":\"it-IT\",\"potentialAction\":[{\"@type\":\"ReadAction\",\"target\":[\"https:\\\/\\\/www.versiegelung24.com\\\/it\\\/metodi-di-pagamento\\\/\"]}]},{\"@type\":\"ImageObject\",\"inLanguage\":\"it-IT\",\"@id\":\"https:\\\/\\\/www.versiegelung24.com\\\/it\\\/metodi-di-pagamento\\\/#primaryimage\",\"url\":\"https:\\\/\\\/www.versiegelung24.com\\\/wp-content\\\/uploads\\\/2022\\\/02\\\/Payment.png\",\"contentUrl\":\"https:\\\/\\\/www.versiegelung24.com\\\/wp-content\\\/uploads\\\/2022\\\/02\\\/Payment.png\",\"width\":2000,\"height\":2000},{\"@type\":\"BreadcrumbList\",\"@id\":\"https:\\\/\\\/www.versiegelung24.com\\\/it\\\/metodi-di-pagamento\\\/#breadcrumb\",\"itemListElement\":[{\"@type\":\"ListItem\",\"position\":1,\"name\":\"Homepage\",\"item\":\"https:\\\/\\\/www.versiegelung24.com\\\/it\\\/fronte\\\/\"},{\"@type\":\"ListItem\",\"position\":2,\"name\":\"Modalit\u00e0 di pagamento\"}]},{\"@type\":\"WebSite\",\"@id\":\"https:\\\/\\\/www.versiegelung24.com\\\/it\\\/#website\",\"url\":\"https:\\\/\\\/www.versiegelung24.com\\\/it\\\/\",\"name\":\"versiegelung24.com\",\"description\":\"Fl\u00fcssigglas-Versiegelung - Made in Germany\",\"publisher\":{\"@id\":\"https:\\\/\\\/www.versiegelung24.com\\\/it\\\/#organization\"},\"potentialAction\":[{\"@type\":\"SearchAction\",\"target\":{\"@type\":\"EntryPoint\",\"urlTemplate\":\"https:\\\/\\\/www.versiegelung24.com\\\/it\\\/?s={search_term_string}\"},\"query-input\":{\"@type\":\"PropertyValueSpecification\",\"valueRequired\":true,\"valueName\":\"search_term_string\"}}],\"inLanguage\":\"it-IT\"},{\"@type\":\"Organization\",\"@id\":\"https:\\\/\\\/www.versiegelung24.com\\\/it\\\/#organization\",\"name\":\"versiegelung24\",\"url\":\"https:\\\/\\\/www.versiegelung24.com\\\/it\\\/\",\"logo\":{\"@type\":\"ImageObject\",\"inLanguage\":\"it-IT\",\"@id\":\"https:\\\/\\\/www.versiegelung24.com\\\/it\\\/#\\\/schema\\\/logo\\\/image\\\/\",\"url\":\"https:\\\/\\\/www.versiegelung24.com\\\/wp-content\\\/uploads\\\/2020\\\/04\\\/versiegelung24.png\",\"contentUrl\":\"https:\\\/\\\/www.versiegelung24.com\\\/wp-content\\\/uploads\\\/2020\\\/04\\\/versiegelung24.png\",\"width\":470,\"height\":102,\"caption\":\"versiegelung24\"},\"image\":{\"@id\":\"https:\\\/\\\/www.versiegelung24.com\\\/it\\\/#\\\/schema\\\/logo\\\/image\\\/\"}}]}<\/script>\n<!-- \/ Yoast SEO Premium plugin. -->","yoast_head_json":{"title":"Modalit\u00e0 di pagamento - versiegelung24.com","robots":{"index":"index","follow":"follow","max-snippet":"max-snippet:-1","max-image-preview":"max-image-preview:large","max-video-preview":"max-video-preview:-1"},"canonical":"https:\/\/www.versiegelung24.com\/it\/metodi-di-pagamento\/","og_locale":"it_IT","og_type":"article","og_title":"Modalit\u00e0 di pagamento","og_description":"Modalit\u00e0 di pagamento Offriamo i seguenti metodi di pagamento per il tuo ordine su versiegelung24.com: Paypal Se l&#8217;importo del pagamento viene pagato tramite PayPal, il tuo ordine verr\u00e0 elaborato immediatamente. Pagamento anticipato tramite bonifico bancario Dopo aver ricevuto il pagamento tramite bonifico anticipato sul nostro conto bancario, la spedizione verr\u00e0 inviata. Destinatario: Holger K\u00e4dingIBAN: DE30370502990011006269BIC&hellip;&nbsp;Read More &raquo;Modalit\u00e0 di pagamento","og_url":"https:\/\/www.versiegelung24.com\/it\/metodi-di-pagamento\/","og_site_name":"versiegelung24.com","article_modified_time":"2024-07-09T07:38:17+00:00","og_image":[{"width":2000,"height":2000,"url":"https:\/\/www.versiegelung24.com\/wp-content\/uploads\/2022\/02\/Payment.png","type":"image\/png"}],"twitter_card":"summary_large_image","schema":{"@context":"https:\/\/schema.org","@graph":[{"@type":"WebPage","@id":"https:\/\/www.versiegelung24.com\/it\/metodi-di-pagamento\/","url":"https:\/\/www.versiegelung24.com\/it\/metodi-di-pagamento\/","name":"Modalit\u00e0 di pagamento - versiegelung24.com","isPartOf":{"@id":"https:\/\/www.versiegelung24.com\/it\/#website"},"primaryImageOfPage":{"@id":"https:\/\/www.versiegelung24.com\/it\/metodi-di-pagamento\/#primaryimage"},"image":{"@id":"https:\/\/www.versiegelung24.com\/it\/metodi-di-pagamento\/#primaryimage"},"thumbnailUrl":"https:\/\/www.versiegelung24.com\/wp-content\/uploads\/2022\/02\/Payment.png","datePublished":"2021-08-02T18:45:20+00:00","dateModified":"2024-07-09T07:38:17+00:00","breadcrumb":{"@id":"https:\/\/www.versiegelung24.com\/it\/metodi-di-pagamento\/#breadcrumb"},"inLanguage":"it-IT","potentialAction":[{"@type":"ReadAction","target":["https:\/\/www.versiegelung24.com\/it\/metodi-di-pagamento\/"]}]},{"@type":"ImageObject","inLanguage":"it-IT","@id":"https:\/\/www.versiegelung24.com\/it\/metodi-di-pagamento\/#primaryimage","url":"https:\/\/www.versiegelung24.com\/wp-content\/uploads\/2022\/02\/Payment.png","contentUrl":"https:\/\/www.versiegelung24.com\/wp-content\/uploads\/2022\/02\/Payment.png","width":2000,"height":2000},{"@type":"BreadcrumbList","@id":"https:\/\/www.versiegelung24.com\/it\/metodi-di-pagamento\/#breadcrumb","itemListElement":[{"@type":"ListItem","position":1,"name":"Homepage","item":"https:\/\/www.versiegelung24.com\/it\/fronte\/"},{"@type":"ListItem","position":2,"name":"Modalit\u00e0 di pagamento"}]},{"@type":"WebSite","@id":"https:\/\/www.versiegelung24.com\/it\/#website","url":"https:\/\/www.versiegelung24.com\/it\/","name":"versiegelung24.com","description":"Fl\u00fcssigglas-Versiegelung - Made in Germany","publisher":{"@id":"https:\/\/www.versiegelung24.com\/it\/#organization"},"potentialAction":[{"@type":"SearchAction","target":{"@type":"EntryPoint","urlTemplate":"https:\/\/www.versiegelung24.com\/it\/?s={search_term_string}"},"query-input":{"@type":"PropertyValueSpecification","valueRequired":true,"valueName":"search_term_string"}}],"inLanguage":"it-IT"},{"@type":"Organization","@id":"https:\/\/www.versiegelung24.com\/it\/#organization","name":"versiegelung24","url":"https:\/\/www.versiegelung24.com\/it\/","logo":{"@type":"ImageObject","inLanguage":"it-IT","@id":"https:\/\/www.versiegelung24.com\/it\/#\/schema\/logo\/image\/","url":"https:\/\/www.versiegelung24.com\/wp-content\/uploads\/2020\/04\/versiegelung24.png","contentUrl":"https:\/\/www.versiegelung24.com\/wp-content\/uploads\/2020\/04\/versiegelung24.png","width":470,"height":102,"caption":"versiegelung24"},"image":{"@id":"https:\/\/www.versiegelung24.com\/it\/#\/schema\/logo\/image\/"}}]}},"_links":{"self":[{"href":"https:\/\/www.versiegelung24.com\/it\/wp-json\/wp\/v2\/pages\/22507","targetHints":{"allow":["GET"]}}],"collection":[{"href":"https:\/\/www.versiegelung24.com\/it\/wp-json\/wp\/v2\/pages"}],"about":[{"href":"https:\/\/www.versiegelung24.com\/it\/wp-json\/wp\/v2\/types\/page"}],"author":[{"embeddable":true,"href":"https:\/\/www.versiegelung24.com\/it\/wp-json\/wp\/v2\/users\/932"}],"replies":[{"embeddable":true,"href":"https:\/\/www.versiegelung24.com\/it\/wp-json\/wp\/v2\/comments?post=22507"}],"version-history":[{"count":8,"href":"https:\/\/www.versiegelung24.com\/it\/wp-json\/wp\/v2\/pages\/22507\/revisions"}],"predecessor-version":[{"id":169411,"href":"https:\/\/www.versiegelung24.com\/it\/wp-json\/wp\/v2\/pages\/22507\/revisions\/169411"}],"wp:featuredmedia":[{"embeddable":true,"href":"https:\/\/www.versiegelung24.com\/it\/wp-json\/wp\/v2\/media\/70656"}],"wp:attachment":[{"href":"https:\/\/www.versiegelung24.com\/it\/wp-json\/wp\/v2\/media?parent=22507"}],"wp:term":[{"taxonomy":"category","embeddable":true,"href":"https:\/\/www.versiegelung24.com\/it\/wp-json\/wp\/v2\/categories?post=22507"},{"taxonomy":"seiten_kategorie","embeddable":true,"href":"https:\/\/www.versiegelung24.com\/it\/wp-json\/wp\/v2\/seiten_kategorie?post=22507"}],"curies":[{"name":"wp","href":"https:\/\/api.w.org\/{rel}","templated":true}]}}