{"id":25543,"date":"2021-08-03T10:28:29","date_gmt":"2021-08-03T08:28:29","guid":{"rendered":"https:\/\/www.versiegelung24.com\/acquista-i-prodotti-ccm-gmbh-nel-negozio-online"},"modified":"2024-06-25T20:51:36","modified_gmt":"2024-06-25T18:51:36","slug":"su-ccm-gmbh","status":"publish","type":"page","link":"https:\/\/www.versiegelung24.com\/it\/acquista-i-prodotti-ccm-gmbh-nel-negozio-online\/","title":{"rendered":"Acquista i prodotti CCM GmbH nel negozio online"},"content":{"rendered":"<h2><span style=\"color: var(--nv-text-color);font-family: Graphik,-apple-system,BlinkMacSystemFont,Segoe UI,var(--nv-fallback-ff);font-size: 2em;font-weight: 600;background-color: var(--nv-site-bg)\">Acquista prodotti di CCM GmbH da Overath \/ Germania nel negozio online<\/span><\/h2>\n<div class=\"std\">\n<div>\n<figure id=\"attachment_15237\" aria-describedby=\"caption-attachment-15237\" style=\"width: 300px\" class=\"wp-caption alignleft\"><a href=\"https:\/\/www.versiegelung24.com\/wp-content\/uploads\/2020\/05\/CCM_Gebaeude-300x203.jpg\"><img fetchpriority=\"high\" decoding=\"async\" class=\"wp-image-7780 size-medium\" src=\"https:\/\/www.versiegelung24.com\/wp-content\/uploads\/2020\/05\/CCM_Gebaeude-300x203.jpg\" alt=\"CCM Zentrale in Overath\" width=\"300\" height=\"203\" srcset=\"https:\/\/www.versiegelung24.com\/wp-content\/uploads\/2020\/05\/CCM_Gebaeude-300x203.jpg 300w, https:\/\/www.versiegelung24.com\/wp-content\/uploads\/2020\/05\/CCM_Gebaeude-16x12.jpg 16w, https:\/\/www.versiegelung24.com\/wp-content\/uploads\/2020\/05\/CCM_Gebaeude.jpg 400w\" sizes=\"(max-width: 300px) 100vw, 300px\" \/><\/a><figcaption id=\"caption-attachment-15237\" class=\"wp-caption-text\">Sede CCM a Overath<\/figcaption><\/figure>\n<p>&#8220;Made in Germany&#8221; \u00e8 un termine globale per innovazione e massima qualit\u00e0 ed \u00e8 famoso, ad esempio, nei settori delle automobili, dell&#8217;ingegneria meccanica e della chimica. Oltre alle grandi multinazionali, la Germania ha soprattutto una cultura di centinaia di migliaia di piccole e medie imprese innovative altamente creative e spesso leader del mercato mondiale nelle loro piccole nicchie (queste aziende sono comunemente chiamate &#8220;campioni nascosti&#8221; ).<\/p>\n<\/div>\n<div>\n<p>CCM GmbH produce e commercializza le idee di inventori tedeschi, risolutori di problemi unici di altissima qualit\u00e0. \u00c8 stata fondata nel 2007 dai due amministratori delegati Heiner Perk e Bernd Zimmermann ed \u00e8 una rete unica di innovazione, produzione e vendita globale. Fatto in Germania.<\/p>\n<p>CCM vive la profonda convinzione che prodotti unici possono essere commercializzati con successo in tutto il mondo solo se dietro di loro ci sono persone uniche come partner. CCM GmbH lavora gi\u00e0 con queste persone in oltre 40 paesi in tutti i continenti.<\/p>\n<p>Tutte le attivit\u00e0 sono controllate dalla sede dell&#8217;azienda a Overath vicino a Colonia in Germania.<\/p>\n<p>La tecnologia moderna e il networking consentono di apparire come un&#8217;unit\u00e0 senza che tutti i dipendenti debbano lavorare in un unico posto.<\/p>\n<p>I sigilli &#8220;liquid glass&#8221; di CCM GmbH sono gi\u00e0 stati nominati per diversi premi.<\/p>\n<p>Lasciati ispirare dai concetti, dalle idee e dalle esperienze di CCM GmbH.<\/p>\n<\/div>\n<h2>Acquista i prodotti CCM GmbH nel negozio online:<\/h2>\n<div class=\"woocommerce columns-4\"><ul class=\"products columns-4\">\n<li class=\"product-category product first\">\n\t<a aria-label=\"Visita categoria del prodotto Sigillatura di pietra e cemento\" href=\"https:\/\/www.versiegelung24.com\/it\/sigillatura-del-vetro-liquido\/sigillatura-in-pietra-e-cemento\/\"><img decoding=\"async\" src=\"https:\/\/www.versiegelung24.com\/wp-content\/uploads\/2023\/06\/V24-steinkategorie-2306-400x400.webp\" alt=\"Sigillatura di pietra e cemento\" width=\"400\" height=\"400\" srcset=\"https:\/\/www.versiegelung24.com\/wp-content\/uploads\/2023\/06\/V24-steinkategorie-2306-400x400.webp 400w, https:\/\/www.versiegelung24.com\/wp-content\/uploads\/2023\/06\/V24-steinkategorie-2306-80x80.webp 80w, https:\/\/www.versiegelung24.com\/wp-content\/uploads\/2023\/06\/V24-steinkategorie-2306-70x70.webp 70w, https:\/\/www.versiegelung24.com\/wp-content\/uploads\/2023\/06\/V24-steinkategorie-2306-100x100.webp 100w\" sizes=\"(max-width: 400px) 100vw, 400px\" \/>\t\t<h2 class=\"woocommerce-loop-category__title\">\n\t\t\tSigillatura di pietra e cemento <mark class=\"count\">(12)<\/mark>\t\t<\/h2>\n\t\t<\/a><\/li>\n<li class=\"product-category product\">\n\t<a aria-label=\"Visita categoria del prodotto Sigillatura dell&#039;auto\" href=\"https:\/\/www.versiegelung24.com\/it\/sigillatura-del-vetro-liquido\/sigillatura-dellauto\/\"><img decoding=\"async\" src=\"https:\/\/www.versiegelung24.com\/wp-content\/uploads\/2022\/08\/Kategorie_Auto-400x400.jpg\" alt=\"Sigillatura dell&#039;auto\" width=\"400\" height=\"400\" srcset=\"https:\/\/www.versiegelung24.com\/wp-content\/uploads\/2022\/08\/Kategorie_Auto-400x400.jpg 400w, https:\/\/www.versiegelung24.com\/wp-content\/uploads\/2022\/08\/Kategorie_Auto-80x80.jpg 80w, https:\/\/www.versiegelung24.com\/wp-content\/uploads\/2022\/08\/Kategorie_Auto-70x70.jpg 70w, https:\/\/www.versiegelung24.com\/wp-content\/uploads\/2022\/08\/Kategorie_Auto-100x100.jpg 100w\" sizes=\"(max-width: 400px) 100vw, 400px\" \/>\t\t<h2 class=\"woocommerce-loop-category__title\">\n\t\t\tSigillatura dell&#039;auto <mark class=\"count\">(19)<\/mark>\t\t<\/h2>\n\t\t<\/a><\/li>\n<li class=\"product-category product\">\n\t<a aria-label=\"Visita categoria del prodotto Sigillatura per vetro e ceramica\" href=\"https:\/\/www.versiegelung24.com\/it\/sigillatura-del-vetro-liquido\/sigillatura-per-vetro-e-ceramica\/\"><img loading=\"lazy\" decoding=\"async\" src=\"https:\/\/www.versiegelung24.com\/wp-content\/uploads\/2022\/07\/Startseite_Banner-400x400.jpg\" alt=\"Sigillatura per vetro e ceramica\" width=\"400\" height=\"400\" srcset=\"https:\/\/www.versiegelung24.com\/wp-content\/uploads\/2022\/07\/Startseite_Banner-400x400.jpg 400w, https:\/\/www.versiegelung24.com\/wp-content\/uploads\/2022\/07\/Startseite_Banner-80x80.jpg 80w, https:\/\/www.versiegelung24.com\/wp-content\/uploads\/2022\/07\/Startseite_Banner-70x70.jpg 70w, https:\/\/www.versiegelung24.com\/wp-content\/uploads\/2022\/07\/Startseite_Banner-100x100.jpg 100w\" sizes=\"(max-width: 400px) 100vw, 400px\" \/>\t\t<h2 class=\"woocommerce-loop-category__title\">\n\t\t\tSigillatura per vetro e ceramica <mark class=\"count\">(18)<\/mark>\t\t<\/h2>\n\t\t<\/a><\/li>\n<li class=\"product-category product last\">\n\t<a aria-label=\"Visita categoria del prodotto Sigillatura di metallo e plastica\" href=\"https:\/\/www.versiegelung24.com\/it\/sigillatura-del-vetro-liquido\/sigillatura-in-metallo-e-plastica\/\"><img loading=\"lazy\" decoding=\"async\" src=\"https:\/\/www.versiegelung24.com\/wp-content\/uploads\/2022\/08\/Kategorie_Metall-400x400.jpg\" alt=\"Sigillatura di metallo e plastica\" width=\"400\" height=\"400\" srcset=\"https:\/\/www.versiegelung24.com\/wp-content\/uploads\/2022\/08\/Kategorie_Metall-400x400.jpg 400w, https:\/\/www.versiegelung24.com\/wp-content\/uploads\/2022\/08\/Kategorie_Metall-80x80.jpg 80w, https:\/\/www.versiegelung24.com\/wp-content\/uploads\/2022\/08\/Kategorie_Metall-70x70.jpg 70w, https:\/\/www.versiegelung24.com\/wp-content\/uploads\/2022\/08\/Kategorie_Metall-100x100.jpg 100w\" sizes=\"(max-width: 400px) 100vw, 400px\" \/>\t\t<h2 class=\"woocommerce-loop-category__title\">\n\t\t\tSigillatura di metallo e plastica <mark class=\"count\">(16)<\/mark>\t\t<\/h2>\n\t\t<\/a><\/li>\n<li class=\"product-category product first\">\n\t<a aria-label=\"Visita categoria del prodotto Agenti di pulizia\" href=\"https:\/\/www.versiegelung24.com\/it\/prodotti-per-la-pulizia\/\"><img loading=\"lazy\" decoding=\"async\" src=\"https:\/\/www.versiegelung24.com\/wp-content\/uploads\/2022\/08\/Kategorie_Bioreiniger-400x400.jpg\" alt=\"Agenti di pulizia\" width=\"400\" height=\"400\" srcset=\"https:\/\/www.versiegelung24.com\/wp-content\/uploads\/2022\/08\/Kategorie_Bioreiniger-400x400.jpg 400w, https:\/\/www.versiegelung24.com\/wp-content\/uploads\/2022\/08\/Kategorie_Bioreiniger-80x80.jpg 80w, https:\/\/www.versiegelung24.com\/wp-content\/uploads\/2022\/08\/Kategorie_Bioreiniger-70x70.jpg 70w, https:\/\/www.versiegelung24.com\/wp-content\/uploads\/2022\/08\/Kategorie_Bioreiniger-100x100.jpg 100w\" sizes=\"(max-width: 400px) 100vw, 400px\" \/>\t\t<h2 class=\"woocommerce-loop-category__title\">\n\t\t\tAgenti di pulizia <mark class=\"count\">(10)<\/mark>\t\t<\/h2>\n\t\t<\/a><\/li>\n<li class=\"product-category product\">\n\t<a aria-label=\"Visita categoria del prodotto Sigillatura di pelle e tessuto\" href=\"https:\/\/www.versiegelung24.com\/it\/sigillatura-del-vetro-liquido\/sigillatura-in-pelle-e-tessuto\/\"><img loading=\"lazy\" decoding=\"async\" src=\"https:\/\/www.versiegelung24.com\/wp-content\/uploads\/2023\/06\/waterpoof-jacket-in-detail-400x400.jpg\" alt=\"Sigillatura di pelle e tessuto\" width=\"400\" height=\"400\" srcset=\"https:\/\/www.versiegelung24.com\/wp-content\/uploads\/2023\/06\/waterpoof-jacket-in-detail-400x400.jpg 400w, https:\/\/www.versiegelung24.com\/wp-content\/uploads\/2023\/06\/waterpoof-jacket-in-detail-80x80.jpg 80w, https:\/\/www.versiegelung24.com\/wp-content\/uploads\/2023\/06\/waterpoof-jacket-in-detail-70x70.jpg 70w, https:\/\/www.versiegelung24.com\/wp-content\/uploads\/2023\/06\/waterpoof-jacket-in-detail-100x100.jpg 100w\" sizes=\"(max-width: 400px) 100vw, 400px\" \/>\t\t<h2 class=\"woocommerce-loop-category__title\">\n\t\t\tSigillatura di pelle e tessuto <mark class=\"count\">(3)<\/mark>\t\t<\/h2>\n\t\t<\/a><\/li>\n<li class=\"product-category product\">\n\t<a aria-label=\"Visita categoria del prodotto Sigillante universale\" href=\"https:\/\/www.versiegelung24.com\/it\/sigillatura-del-vetro-liquido\/guarnizione-universale\/\"><img loading=\"lazy\" decoding=\"async\" src=\"https:\/\/www.versiegelung24.com\/wp-content\/uploads\/2022\/08\/Kategorie_Universal-400x400.jpg\" alt=\"Sigillante universale\" width=\"400\" height=\"400\" srcset=\"https:\/\/www.versiegelung24.com\/wp-content\/uploads\/2022\/08\/Kategorie_Universal-400x400.jpg 400w, https:\/\/www.versiegelung24.com\/wp-content\/uploads\/2022\/08\/Kategorie_Universal-80x80.jpg 80w, https:\/\/www.versiegelung24.com\/wp-content\/uploads\/2022\/08\/Kategorie_Universal-70x70.jpg 70w, https:\/\/www.versiegelung24.com\/wp-content\/uploads\/2022\/08\/Kategorie_Universal-100x100.jpg 100w\" sizes=\"(max-width: 400px) 100vw, 400px\" \/>\t\t<h2 class=\"woocommerce-loop-category__title\">\n\t\t\tSigillante universale <mark class=\"count\">(13)<\/mark>\t\t<\/h2>\n\t\t<\/a><\/li>\n<li class=\"product-category product last\">\n\t<a aria-label=\"Visita categoria del prodotto Sigillatura del legno\" href=\"https:\/\/www.versiegelung24.com\/it\/sigillatura-del-vetro-liquido\/sigillatura-del-legno\/\"><img loading=\"lazy\" decoding=\"async\" src=\"https:\/\/www.versiegelung24.com\/wp-content\/uploads\/2022\/08\/Kategorie_Holz-400x400.jpg\" alt=\"Sigillatura del legno\" width=\"400\" height=\"400\" srcset=\"https:\/\/www.versiegelung24.com\/wp-content\/uploads\/2022\/08\/Kategorie_Holz-400x400.jpg 400w, https:\/\/www.versiegelung24.com\/wp-content\/uploads\/2022\/08\/Kategorie_Holz-80x80.jpg 80w, https:\/\/www.versiegelung24.com\/wp-content\/uploads\/2022\/08\/Kategorie_Holz-70x70.jpg 70w, https:\/\/www.versiegelung24.com\/wp-content\/uploads\/2022\/08\/Kategorie_Holz-100x100.jpg 100w\" sizes=\"(max-width: 400px) 100vw, 400px\" \/>\t\t<h2 class=\"woocommerce-loop-category__title\">\n\t\t\tSigillatura del legno <mark class=\"count\">(3)<\/mark>\t\t<\/h2>\n\t\t<\/a><\/li>\n<\/ul>\n<\/div>\n<\/div>\n","protected":false},"excerpt":{"rendered":"<p>Acquista prodotti di CCM GmbH da Overath \/ Germania nel negozio online &#8220;Made in Germany&#8221; \u00e8 un termine globale per innovazione e massima qualit\u00e0 ed \u00e8 famoso, ad esempio, nei settori delle automobili, dell&#8217;ingegneria meccanica e della chimica. Oltre alle grandi multinazionali, la Germania ha soprattutto una cultura di centinaia di migliaia di piccole e&hellip;&nbsp;<a href=\"https:\/\/www.versiegelung24.com\/it\/acquista-i-prodotti-ccm-gmbh-nel-negozio-online\/\" rel=\"bookmark\">Read More &raquo;<span class=\"screen-reader-text\">Acquista i prodotti CCM GmbH nel negozio online<\/span><\/a><\/p>\n","protected":false},"author":932,"featured_media":70225,"parent":0,"menu_order":0,"comment_status":"closed","ping_status":"closed","template":"","meta":{"_acf_changed":false,"neve_meta_sidebar":"","neve_meta_container":"","neve_meta_enable_content_width":"","neve_meta_content_width":0,"neve_meta_title_alignment":"","neve_meta_author_avatar":"","neve_post_elements_order":"","neve_meta_disable_header":"","neve_meta_disable_footer":"","neve_meta_disable_title":"","neve_meta_reading_time":"","footnotes":""},"categories":[],"seiten_kategorie":[],"class_list":["post-25543","page","type-page","status-publish","has-post-thumbnail","hentry"],"acf":[],"yoast_head":"<!-- This site is optimized with the Yoast SEO Premium plugin v22.8 (Yoast SEO v27.4) - https:\/\/yoast.com\/product\/yoast-seo-premium-wordpress\/ -->\n<title>Acquista i prodotti CCM GmbH nel negozio online<\/title>\n<meta name=\"description\" content=\"Acquista online nano sigillanti, detergenti, disinfettanti e altri prodotti in vetro liquido da CCM GmbH di Overath Germany.\" \/>\n<meta name=\"robots\" content=\"index, follow, max-snippet:-1, max-image-preview:large, max-video-preview:-1\" \/>\n<link rel=\"canonical\" href=\"https:\/\/www.versiegelung24.com\/it\/acquista-i-prodotti-ccm-gmbh-nel-negozio-online\/\" \/>\n<meta property=\"og:locale\" content=\"it_IT\" \/>\n<meta property=\"og:type\" content=\"article\" \/>\n<meta property=\"og:title\" content=\"Acquista i prodotti CCM GmbH nel negozio online\" \/>\n<meta property=\"og:description\" content=\"Acquista online nano sigillanti, detergenti, disinfettanti e altri prodotti in vetro liquido da CCM GmbH di Overath Germany.\" \/>\n<meta property=\"og:url\" content=\"https:\/\/www.versiegelung24.com\/it\/acquista-i-prodotti-ccm-gmbh-nel-negozio-online\/\" \/>\n<meta property=\"og:site_name\" content=\"versiegelung24.com\" \/>\n<meta property=\"article:modified_time\" content=\"2024-06-25T18:51:36+00:00\" \/>\n<meta property=\"og:image\" content=\"https:\/\/www.versiegelung24.com\/wp-content\/uploads\/2022\/02\/Flasche.png\" \/>\n\t<meta property=\"og:image:width\" content=\"2560\" \/>\n\t<meta property=\"og:image:height\" content=\"2560\" \/>\n\t<meta property=\"og:image:type\" content=\"image\/png\" \/>\n<meta name=\"twitter:card\" content=\"summary_large_image\" \/>\n<meta name=\"twitter:label1\" content=\"Tempo di lettura stimato\" \/>\n\t<meta name=\"twitter:data1\" content=\"1 minuto\" \/>\n<script type=\"application\/ld+json\" class=\"yoast-schema-graph\">{\"@context\":\"https:\\\/\\\/schema.org\",\"@graph\":[{\"@type\":\"WebPage\",\"@id\":\"https:\\\/\\\/www.versiegelung24.com\\\/it\\\/acquista-i-prodotti-ccm-gmbh-nel-negozio-online\\\/\",\"url\":\"https:\\\/\\\/www.versiegelung24.com\\\/it\\\/acquista-i-prodotti-ccm-gmbh-nel-negozio-online\\\/\",\"name\":\"Acquista i prodotti CCM GmbH nel negozio online\",\"isPartOf\":{\"@id\":\"https:\\\/\\\/www.versiegelung24.com\\\/it\\\/#website\"},\"primaryImageOfPage\":{\"@id\":\"https:\\\/\\\/www.versiegelung24.com\\\/it\\\/acquista-i-prodotti-ccm-gmbh-nel-negozio-online\\\/#primaryimage\"},\"image\":{\"@id\":\"https:\\\/\\\/www.versiegelung24.com\\\/it\\\/acquista-i-prodotti-ccm-gmbh-nel-negozio-online\\\/#primaryimage\"},\"thumbnailUrl\":\"https:\\\/\\\/www.versiegelung24.com\\\/wp-content\\\/uploads\\\/2022\\\/02\\\/Flasche.png\",\"datePublished\":\"2021-08-03T08:28:29+00:00\",\"dateModified\":\"2024-06-25T18:51:36+00:00\",\"description\":\"Acquista online nano sigillanti, detergenti, disinfettanti e altri prodotti in vetro liquido da CCM GmbH di Overath Germany.\",\"breadcrumb\":{\"@id\":\"https:\\\/\\\/www.versiegelung24.com\\\/it\\\/acquista-i-prodotti-ccm-gmbh-nel-negozio-online\\\/#breadcrumb\"},\"inLanguage\":\"it-IT\",\"potentialAction\":[{\"@type\":\"ReadAction\",\"target\":[\"https:\\\/\\\/www.versiegelung24.com\\\/it\\\/acquista-i-prodotti-ccm-gmbh-nel-negozio-online\\\/\"]}]},{\"@type\":\"ImageObject\",\"inLanguage\":\"it-IT\",\"@id\":\"https:\\\/\\\/www.versiegelung24.com\\\/it\\\/acquista-i-prodotti-ccm-gmbh-nel-negozio-online\\\/#primaryimage\",\"url\":\"https:\\\/\\\/www.versiegelung24.com\\\/wp-content\\\/uploads\\\/2022\\\/02\\\/Flasche.png\",\"contentUrl\":\"https:\\\/\\\/www.versiegelung24.com\\\/wp-content\\\/uploads\\\/2022\\\/02\\\/Flasche.png\",\"width\":2560,\"height\":2560},{\"@type\":\"BreadcrumbList\",\"@id\":\"https:\\\/\\\/www.versiegelung24.com\\\/it\\\/acquista-i-prodotti-ccm-gmbh-nel-negozio-online\\\/#breadcrumb\",\"itemListElement\":[{\"@type\":\"ListItem\",\"position\":1,\"name\":\"Homepage\",\"item\":\"https:\\\/\\\/www.versiegelung24.com\\\/it\\\/fronte\\\/\"},{\"@type\":\"ListItem\",\"position\":2,\"name\":\"Acquista i prodotti CCM GmbH nel negozio online\"}]},{\"@type\":\"WebSite\",\"@id\":\"https:\\\/\\\/www.versiegelung24.com\\\/it\\\/#website\",\"url\":\"https:\\\/\\\/www.versiegelung24.com\\\/it\\\/\",\"name\":\"versiegelung24.com\",\"description\":\"Fl\u00fcssigglas-Versiegelung - Made in Germany\",\"publisher\":{\"@id\":\"https:\\\/\\\/www.versiegelung24.com\\\/it\\\/#organization\"},\"potentialAction\":[{\"@type\":\"SearchAction\",\"target\":{\"@type\":\"EntryPoint\",\"urlTemplate\":\"https:\\\/\\\/www.versiegelung24.com\\\/it\\\/?s={search_term_string}\"},\"query-input\":{\"@type\":\"PropertyValueSpecification\",\"valueRequired\":true,\"valueName\":\"search_term_string\"}}],\"inLanguage\":\"it-IT\"},{\"@type\":\"Organization\",\"@id\":\"https:\\\/\\\/www.versiegelung24.com\\\/it\\\/#organization\",\"name\":\"versiegelung24\",\"url\":\"https:\\\/\\\/www.versiegelung24.com\\\/it\\\/\",\"logo\":{\"@type\":\"ImageObject\",\"inLanguage\":\"it-IT\",\"@id\":\"https:\\\/\\\/www.versiegelung24.com\\\/it\\\/#\\\/schema\\\/logo\\\/image\\\/\",\"url\":\"https:\\\/\\\/www.versiegelung24.com\\\/wp-content\\\/uploads\\\/2020\\\/04\\\/versiegelung24.png\",\"contentUrl\":\"https:\\\/\\\/www.versiegelung24.com\\\/wp-content\\\/uploads\\\/2020\\\/04\\\/versiegelung24.png\",\"width\":470,\"height\":102,\"caption\":\"versiegelung24\"},\"image\":{\"@id\":\"https:\\\/\\\/www.versiegelung24.com\\\/it\\\/#\\\/schema\\\/logo\\\/image\\\/\"}}]}<\/script>\n<!-- \/ Yoast SEO Premium plugin. -->","yoast_head_json":{"title":"Acquista i prodotti CCM GmbH nel negozio online","description":"Acquista online nano sigillanti, detergenti, disinfettanti e altri prodotti in vetro liquido da CCM GmbH di Overath Germany.","robots":{"index":"index","follow":"follow","max-snippet":"max-snippet:-1","max-image-preview":"max-image-preview:large","max-video-preview":"max-video-preview:-1"},"canonical":"https:\/\/www.versiegelung24.com\/it\/acquista-i-prodotti-ccm-gmbh-nel-negozio-online\/","og_locale":"it_IT","og_type":"article","og_title":"Acquista i prodotti CCM GmbH nel negozio online","og_description":"Acquista online nano sigillanti, detergenti, disinfettanti e altri prodotti in vetro liquido da CCM GmbH di Overath Germany.","og_url":"https:\/\/www.versiegelung24.com\/it\/acquista-i-prodotti-ccm-gmbh-nel-negozio-online\/","og_site_name":"versiegelung24.com","article_modified_time":"2024-06-25T18:51:36+00:00","og_image":[{"width":2560,"height":2560,"url":"https:\/\/www.versiegelung24.com\/wp-content\/uploads\/2022\/02\/Flasche.png","type":"image\/png"}],"twitter_card":"summary_large_image","twitter_misc":{"Tempo di lettura stimato":"1 minuto"},"schema":{"@context":"https:\/\/schema.org","@graph":[{"@type":"WebPage","@id":"https:\/\/www.versiegelung24.com\/it\/acquista-i-prodotti-ccm-gmbh-nel-negozio-online\/","url":"https:\/\/www.versiegelung24.com\/it\/acquista-i-prodotti-ccm-gmbh-nel-negozio-online\/","name":"Acquista i prodotti CCM GmbH nel negozio online","isPartOf":{"@id":"https:\/\/www.versiegelung24.com\/it\/#website"},"primaryImageOfPage":{"@id":"https:\/\/www.versiegelung24.com\/it\/acquista-i-prodotti-ccm-gmbh-nel-negozio-online\/#primaryimage"},"image":{"@id":"https:\/\/www.versiegelung24.com\/it\/acquista-i-prodotti-ccm-gmbh-nel-negozio-online\/#primaryimage"},"thumbnailUrl":"https:\/\/www.versiegelung24.com\/wp-content\/uploads\/2022\/02\/Flasche.png","datePublished":"2021-08-03T08:28:29+00:00","dateModified":"2024-06-25T18:51:36+00:00","description":"Acquista online nano sigillanti, detergenti, disinfettanti e altri prodotti in vetro liquido da CCM GmbH di Overath Germany.","breadcrumb":{"@id":"https:\/\/www.versiegelung24.com\/it\/acquista-i-prodotti-ccm-gmbh-nel-negozio-online\/#breadcrumb"},"inLanguage":"it-IT","potentialAction":[{"@type":"ReadAction","target":["https:\/\/www.versiegelung24.com\/it\/acquista-i-prodotti-ccm-gmbh-nel-negozio-online\/"]}]},{"@type":"ImageObject","inLanguage":"it-IT","@id":"https:\/\/www.versiegelung24.com\/it\/acquista-i-prodotti-ccm-gmbh-nel-negozio-online\/#primaryimage","url":"https:\/\/www.versiegelung24.com\/wp-content\/uploads\/2022\/02\/Flasche.png","contentUrl":"https:\/\/www.versiegelung24.com\/wp-content\/uploads\/2022\/02\/Flasche.png","width":2560,"height":2560},{"@type":"BreadcrumbList","@id":"https:\/\/www.versiegelung24.com\/it\/acquista-i-prodotti-ccm-gmbh-nel-negozio-online\/#breadcrumb","itemListElement":[{"@type":"ListItem","position":1,"name":"Homepage","item":"https:\/\/www.versiegelung24.com\/it\/fronte\/"},{"@type":"ListItem","position":2,"name":"Acquista i prodotti CCM GmbH nel negozio online"}]},{"@type":"WebSite","@id":"https:\/\/www.versiegelung24.com\/it\/#website","url":"https:\/\/www.versiegelung24.com\/it\/","name":"versiegelung24.com","description":"Fl\u00fcssigglas-Versiegelung - Made in Germany","publisher":{"@id":"https:\/\/www.versiegelung24.com\/it\/#organization"},"potentialAction":[{"@type":"SearchAction","target":{"@type":"EntryPoint","urlTemplate":"https:\/\/www.versiegelung24.com\/it\/?s={search_term_string}"},"query-input":{"@type":"PropertyValueSpecification","valueRequired":true,"valueName":"search_term_string"}}],"inLanguage":"it-IT"},{"@type":"Organization","@id":"https:\/\/www.versiegelung24.com\/it\/#organization","name":"versiegelung24","url":"https:\/\/www.versiegelung24.com\/it\/","logo":{"@type":"ImageObject","inLanguage":"it-IT","@id":"https:\/\/www.versiegelung24.com\/it\/#\/schema\/logo\/image\/","url":"https:\/\/www.versiegelung24.com\/wp-content\/uploads\/2020\/04\/versiegelung24.png","contentUrl":"https:\/\/www.versiegelung24.com\/wp-content\/uploads\/2020\/04\/versiegelung24.png","width":470,"height":102,"caption":"versiegelung24"},"image":{"@id":"https:\/\/www.versiegelung24.com\/it\/#\/schema\/logo\/image\/"}}]}},"_links":{"self":[{"href":"https:\/\/www.versiegelung24.com\/it\/wp-json\/wp\/v2\/pages\/25543","targetHints":{"allow":["GET"]}}],"collection":[{"href":"https:\/\/www.versiegelung24.com\/it\/wp-json\/wp\/v2\/pages"}],"about":[{"href":"https:\/\/www.versiegelung24.com\/it\/wp-json\/wp\/v2\/types\/page"}],"author":[{"embeddable":true,"href":"https:\/\/www.versiegelung24.com\/it\/wp-json\/wp\/v2\/users\/932"}],"replies":[{"embeddable":true,"href":"https:\/\/www.versiegelung24.com\/it\/wp-json\/wp\/v2\/comments?post=25543"}],"version-history":[{"count":2,"href":"https:\/\/www.versiegelung24.com\/it\/wp-json\/wp\/v2\/pages\/25543\/revisions"}],"predecessor-version":[{"id":167675,"href":"https:\/\/www.versiegelung24.com\/it\/wp-json\/wp\/v2\/pages\/25543\/revisions\/167675"}],"wp:featuredmedia":[{"embeddable":true,"href":"https:\/\/www.versiegelung24.com\/it\/wp-json\/wp\/v2\/media\/70225"}],"wp:attachment":[{"href":"https:\/\/www.versiegelung24.com\/it\/wp-json\/wp\/v2\/media?parent=25543"}],"wp:term":[{"taxonomy":"category","embeddable":true,"href":"https:\/\/www.versiegelung24.com\/it\/wp-json\/wp\/v2\/categories?post=25543"},{"taxonomy":"seiten_kategorie","embeddable":true,"href":"https:\/\/www.versiegelung24.com\/it\/wp-json\/wp\/v2\/seiten_kategorie?post=25543"}],"curies":[{"name":"wp","href":"https:\/\/api.w.org\/{rel}","templated":true}]}}