{"id":25667,"date":"2021-08-03T11:15:27","date_gmt":"2021-08-03T09:15:27","guid":{"rendered":"https:\/\/www.versiegelung24.com\/termini-e-condizioni-generali-con-informazioni-sui-clienti"},"modified":"2024-06-25T20:50:52","modified_gmt":"2024-06-25T18:50:52","slug":"termini-e-condizioni-generali","status":"publish","type":"page","link":"https:\/\/www.versiegelung24.com\/it\/termini-e-condizioni-generali\/","title":{"rendered":"Termini e condizioni generali con informazioni sui clienti"},"content":{"rendered":"<h2>Indice dei contenuti<\/h2>\n<ol>\n<li>scopo<\/li>\n<li>Conclusione del contratto<\/li>\n<li>Diritto di recesso<\/li>\n<li>Prezzi e condizioni di pagamento<\/li>\n<li>Condizioni di consegna e spedizione<\/li>\n<li>Riserva di propriet\u00e0<\/li>\n<li>Responsabilit\u00e0 per vizi (garanzia)<\/li>\n<li>Riscatto dei buoni della campagna<\/li>\n<li>Legge applicabile<\/li>\n<li>Risoluzione alternativa delle controversie<\/li>\n<\/ol>\n<h2>1) Portata<\/h2>\n<p><strong>1.1<\/strong> Le presenti Condizioni Generali (di seguito &#8220;CG&#8221;) di Holger K\u00e4ding, che opera sotto &#8220;versiegelung24.com&#8221; (di seguito &#8220;Venditore&#8221;), si applicano a tutti i contratti per la consegna di beni che un consumatore o imprenditore (di seguito &#8220;Cliente&#8221;) con il venditore per quanto riguarda la merce presentata dal venditore nel suo negozio online. L&#8217;inclusione delle condizioni del cliente \u00e8 con la presente contraddetta, se non diversamente concordato.<\/p>\n<p><strong>1.2<\/strong>&nbsp; Un consumatore ai sensi delle presenti Condizioni Generali \u00e8 qualsiasi persona fisica che conclude un negozio giuridico per scopi che non sono prevalentemente n\u00e9 commerciali n\u00e9 autonomi. Un imprenditore ai sensi di questi termini e condizioni \u00e8 una persona fisica o giuridica o una societ\u00e0 di persone giuridiche che, al momento della conclusione di un negozio giuridico, agisce nell&#8217;esercizio della propria attivit\u00e0 commerciale o professionale indipendente.<\/p>\n<h2>2) Conclusione del contratto<\/h2>\n<p><strong>2.1<\/strong>&nbsp; Le descrizioni dei prodotti contenute nel negozio online del venditore non rappresentano offerte vincolanti da parte del venditore, ma servono a consentire al cliente di presentare un&#8217;offerta vincolante.<\/p>\n<p><strong>2.2<\/strong>&nbsp; Il cliente pu\u00f2 presentare l&#8217;offerta tramite il modulo d&#8217;ordine online integrato nel negozio online del venditore. Dopo aver inserito la merce selezionata nel carrello virtuale e aver completato il processo di ordinazione elettronico, il cliente presenta un&#8217;offerta contrattuale legalmente vincolante per la merce nel carrello facendo clic sul pulsante che conclude il processo di ordinazione. Inoltre, il cliente pu\u00f2 anche presentare l&#8217;offerta al venditore per telefono o e-mail.<\/p>\n<p><strong>2.3<\/strong>&nbsp; Il venditore pu\u00f2 accettare l&#8217;offerta del cliente entro cinque giorni,<\/p>\n<ul>\n<li>inviando al cliente una conferma d&#8217;ordine scritta o una conferma d&#8217;ordine in forma di testo (fax o e-mail), per cui \u00e8 determinante la ricezione della conferma d&#8217;ordine da parte del cliente, oppure<\/li>\n<li>consegnando la merce ordinata al cliente, per cui \u00e8 determinante il ricevimento della merce da parte del cliente, oppure<\/li>\n<li>chiedendo al cliente di pagare dopo aver effettuato l&#8217;ordine.<\/li>\n<\/ul>\n<p>Se esistono pi\u00f9 delle suddette alternative, il contratto \u00e8 concluso nel momento in cui si verifica per prima una delle suddette alternative. Il periodo di accettazione dell&#8217;offerta inizia il giorno successivo all&#8217;invio dell&#8217;offerta da parte del cliente e termina alla fine del quinto giorno successivo all&#8217;invio dell&#8217;offerta. Se il venditore non accetta l&#8217;offerta del cliente entro il suddetto termine, questo \u00e8 considerato un rifiuto dell&#8217;offerta, con la conseguenza che il cliente non \u00e8 pi\u00f9 vincolato dalla sua dichiarazione di intenti.<\/p>\n<p><strong>2.4<\/strong>&nbsp; Quando si invia un&#8217;offerta tramite il modulo d&#8217;ordine online del venditore, il testo del contratto viene salvato dal venditore e inviato al cliente in forma di testo (ad es. e-mail, fax o lettera) insieme alle presenti Condizioni Generali dopo l&#8217;invio dell&#8217;ordine . Inoltre, il testo del contratto \u00e8 archiviato sul sito web del venditore e pu\u00f2 essere richiamato gratuitamente dal cliente tramite il suo account cliente protetto da password inserendo i dati di accesso corrispondenti, a condizione che il cliente abbia creato un account cliente nel negozio online del venditore prima di inviare l&#8217;ordine.<\/p>\n<p><strong>2.5<\/strong>&nbsp; Prima di inoltrare l&#8217;ordine vincolante tramite il modulo d&#8217;ordine online del venditore, il cliente pu\u00f2 identificare eventuali errori di inserimento leggendo attentamente le informazioni visualizzate sullo schermo. Un mezzo tecnico efficace per un migliore riconoscimento degli errori di input pu\u00f2 essere la funzione di ingrandimento del browser, con l&#8217;aiuto del quale viene ingrandita la rappresentazione sullo schermo. Il cliente pu\u00f2 correggere le sue immissioni nell&#8217;ambito del processo di ordinazione elettronico utilizzando le consuete funzioni di tastiera e mouse fino a quando non fa clic sul pulsante che conclude il processo di ordinazione.<\/p>\n<p><strong>2.6<\/strong>&nbsp; Per la conclusione del contratto \u00e8 disponibile solo la lingua tedesca.<\/p>\n<p><strong>2.7<\/strong>&nbsp; L&#8217;elaborazione dell&#8217;ordine e il contatto avvengono solitamente tramite e-mail e l&#8217;elaborazione automatizzata dell&#8217;ordine. Il cliente deve assicurarsi che l&#8217;indirizzo e-mail da lui fornito per evadere l&#8217;ordine sia corretto, in modo che le e-mail inviate dal venditore possano essere ricevute a questo indirizzo. In particolare, quando si utilizzano i filtri SPAM, il cliente deve assicurarsi che tutte le e-mail inviate dal venditore o da terzi incaricati dal venditore di evadere l&#8217;ordine possano essere consegnati.<\/p>\n<h2>3) diritto di recesso<\/h2>\n<p><strong>3.1<\/strong>&nbsp; I consumatori hanno generalmente diritto al diritto di recesso.<\/p>\n<p><strong>3.2<\/strong>&nbsp; Ulteriori informazioni sul diritto di recesso possono essere trovate nella politica di cancellazione del venditore.<\/p>\n<h2>4) Prezzi e modalit\u00e0 di pagamento<\/h2>\n<p><strong>4.1<\/strong>&nbsp; Salvo diversa indicazione nella descrizione del prodotto del venditore, i prezzi indicati sono prezzi totali che includono l&#8217;imposta sulle vendite prevista dalla legge. Eventuali costi aggiuntivi di consegna e spedizione che possono sorgere sono specificati separatamente nella rispettiva descrizione del prodotto.<\/p>\n<p><strong>4.2<\/strong>&nbsp; Le opzioni di pagamento saranno comunicate al cliente nel negozio online del venditore.<\/p>\n<p><strong>4.3<\/strong>&nbsp; Se \u00e8 stato concordato il pagamento anticipato tramite bonifico bancario, il pagamento \u00e8 dovuto immediatamente dopo la conclusione del contratto, a meno che le parti non abbiano concordato una data di scadenza successiva.<\/p>\n<p><strong>4.4<\/strong>&nbsp; Quando si paga utilizzando un metodo di pagamento offerto da PayPal, il pagamento viene elaborato tramite il fornitore di servizi di pagamento PayPal (Europe) S.\u00e0 rl et Cie, SCA, 22-24 Boulevard Royal, L-2449 Lussemburgo (di seguito: &#8220;PayPal&#8221;), sotto la validit\u00e0 di PayPal -Termini di utilizzo, disponibili all&#8217;indirizzo&nbsp;<a href=\"https:\/\/www.paypal.com\/de\/webapps\/mpp\/ua\/useragreement-full\" target=\"_blank\" rel=\"noopener noreferrer\">https:\/\/www.paypal.com\/de\/webapps\/mpp\/ua\/useragreement-full<\/a>&nbsp; oppure &#8211; se il cliente non possiede un conto PayPal &#8211; fatte salve le condizioni per i pagamenti senza conto PayPal, visionabili all&#8217;indirizzo&nbsp;<a href=\"https:\/\/www.paypal.com\/de\/webapps\/mpp\/ua\/privacywax-full\">https:\/\/www.paypal.com\/de\/webapps\/mpp\/ua\/privacywax-full<\/a> .<\/p>\n<h2>5) Condizioni di consegna e spedizione<\/h2>\n<p><strong>5.1<\/strong>&nbsp; La merce viene consegnata all&#8217;indirizzo di consegna indicato dal cliente, salvo diverso accordo. Nell&#8217;elaborazione della transazione, l&#8217;indirizzo di consegna indicato nell&#8217;elaborazione dell&#8217;ordine del venditore \u00e8 decisivo. Diversamente da ci\u00f2, nella scelta della modalit\u00e0 di pagamento PayPal, \u00e8 determinante l&#8217;indirizzo di consegna memorizzato dal cliente presso PayPal al momento del pagamento.<\/p>\n<p><strong>5.2<\/strong>&nbsp; Se l&#8217;impresa di trasporto rispedisce la merce spedita al venditore perch\u00e9 la consegna al cliente non \u00e8 stata possibile, il cliente si fa carico delle spese per la spedizione non andata a buon fine. Ci\u00f2 non si applica se il cliente esercita effettivamente il diritto di recesso, se non \u00e8 responsabile della circostanza che ha determinato l&#8217;impossibilit\u00e0 della consegna o se gli \u00e8 stato temporaneamente impedito di accettare il servizio offerto, a meno che il venditore gliene abbia dato l&#8217;opportunit\u00e0 annunciata la prestazione con un ragionevole anticipo.<\/p>\n<p><strong>5.3<\/strong>&nbsp; Il ritiro non \u00e8 possibile per motivi logistici.<\/p>\n<h2>6) Riserva di propriet\u00e0<\/h2>\n<p>Se il venditore effettua un pagamento anticipato, conserva la propriet\u00e0 della merce consegnata fino al completo pagamento del prezzo di acquisto dovuto.<\/p>\n<h2>7) Responsabilit\u00e0 per vizi (garanzia)<\/h2>\n<p><strong>7.1<\/strong>&nbsp; Se l&#8217;oggetto acquistato \u00e8 difettoso, si applica la responsabilit\u00e0 legale per i difetti.<\/p>\n<p><strong>7.2<\/strong>&nbsp; Il cliente \u00e8 pregato di lamentare al corriere la merce consegnata con evidenti danni di trasporto e di informarne il venditore. Il mancato rispetto da parte del cliente non ha alcun effetto sulle sue pretese legali o contrattuali per vizi.<\/p>\n<h2>8) Riscatto dei buoni della campagna<\/h2>\n<p><strong>8.1<\/strong>&nbsp; I buoni che vengono emessi gratuitamente dal venditore nell&#8217;ambito di promozioni con un determinato periodo di validit\u00e0 e che non possono essere acquistati dal cliente (di seguito &#8220;buoni promozionali&#8221;) possono essere riscattati solo nello shop online del venditore e solo nel periodo indicato .<\/p>\n<p><strong>8.2<\/strong>&nbsp; I singoli prodotti possono essere esclusi dalla campagna di voucher se dal contenuto del voucher della campagna risulta una restrizione corrispondente.<\/p>\n<p><strong>8.3<\/strong>&nbsp; I buoni promozionali possono essere riscattati solo prima del completamento del processo di ordinazione. La fatturazione successiva non \u00e8 possibile.<\/p>\n<p><strong>8.4<\/strong>&nbsp; \u00c8 possibile riscattare un solo buono promozionale per ordine.<\/p>\n<p><strong>8.5<\/strong>&nbsp; Il valore della merce deve corrispondere almeno all&#8217;importo del buono promozionale. L&#8217;eventuale credito residuo non verr\u00e0 rimborsato dal venditore.<\/p>\n<p><strong>8.6<\/strong>&nbsp; Se il valore del buono promozionale non \u00e8 sufficiente a coprire l&#8217;ordine, \u00e8 possibile selezionare uno degli altri metodi di pagamento offerti dal venditore per saldare la differenza.<\/p>\n<p><strong>8.7<\/strong>&nbsp; Il saldo di un buono promozionale non viene pagato in contanti n\u00e9 frutta interessi.<\/p>\n<p><strong>8.8<\/strong>&nbsp; Il buono promozionale non viene rimborsato se il cliente restituisce la merce che \u00e8 stata pagata in tutto o in parte con il buono promozionale nell&#8217;ambito del suo diritto di recesso legale.<\/p>\n<p><strong>8.9<\/strong>&nbsp; Il buono promozionale \u00e8 trasferibile. Il venditore pu\u00f2, con effetto liberatorio, effettuare pagamenti al rispettivo proprietario che riscatta il buono promozionale nel negozio online del venditore. Ci\u00f2 non si applica se il venditore ha conoscenza o ignoranza per negligenza grave della mancata autorizzazione, dell&#8217;incapacit\u00e0 legale o della mancanza di autorizzazione del rispettivo proprietario.<\/p>\n<h2>9) Legge applicabile<\/h2>\n<p>Il diritto della Repubblica Federale Tedesca si applica a tutti i rapporti giuridici tra le parti, escluse le leggi sull&#8217;acquisto internazionale di beni mobili. Per i consumatori, questa scelta di legge si applica solo nella misura in cui non viene revocata la tutela garantita da disposizioni imperative della legge dello Stato in cui il consumatore ha la residenza abituale.<\/p>\n<h2>10) Risoluzione alternativa delle controversie<\/h2>\n<p><strong>10.1<\/strong>&nbsp; La Commissione UE fornisce una piattaforma per la risoluzione delle controversie online su Internet al seguente link:&nbsp;<a href=\"http:\/\/ec.europa.eu\/consumers\/odr\">http:\/\/ec.europa.eu\/consumers\/odr<\/a><\/p>\n<p>Questa piattaforma funge da punto di contatto per la risoluzione extragiudiziale delle controversie derivanti da acquisti online o contratti di servizi in cui \u00e8 coinvolto un consumatore.<\/p>\n<p><strong>10.2<\/strong>&nbsp; Il venditore non \u00e8 n\u00e9 obbligato n\u00e9 disposto a partecipare a una procedura di risoluzione delle controversie dinanzi a un collegio arbitrale dei consumatori.<\/p>\n","protected":false},"excerpt":{"rendered":"<p>Indice dei contenuti scopo Conclusione del contratto Diritto di recesso Prezzi e condizioni di pagamento Condizioni di consegna e spedizione Riserva di propriet\u00e0 Responsabilit\u00e0 per vizi (garanzia) Riscatto dei buoni della campagna Legge applicabile Risoluzione alternativa delle controversie 1) Portata 1.1 Le presenti Condizioni Generali (di seguito &#8220;CG&#8221;) di Holger K\u00e4ding, che opera sotto &#8220;versiegelung24.com&#8221;&hellip;&nbsp;<a href=\"https:\/\/www.versiegelung24.com\/it\/termini-e-condizioni-generali\/\" rel=\"bookmark\">Read More &raquo;<span class=\"screen-reader-text\">Termini e condizioni generali con informazioni sui clienti<\/span><\/a><\/p>\n","protected":false},"author":932,"featured_media":70716,"parent":0,"menu_order":0,"comment_status":"closed","ping_status":"closed","template":"","meta":{"_acf_changed":false,"neve_meta_sidebar":"","neve_meta_container":"","neve_meta_enable_content_width":"","neve_meta_content_width":0,"neve_meta_title_alignment":"","neve_meta_author_avatar":"","neve_post_elements_order":"","neve_meta_disable_header":"","neve_meta_disable_footer":"","neve_meta_disable_title":"","neve_meta_reading_time":"","footnotes":""},"categories":[],"seiten_kategorie":[],"class_list":["post-25667","page","type-page","status-publish","has-post-thumbnail","hentry"],"acf":[],"yoast_head":"<!-- This site is optimized with the Yoast SEO Premium plugin v22.8 (Yoast SEO v27.5) - https:\/\/yoast.com\/product\/yoast-seo-premium-wordpress\/ -->\n<title>Termini e condizioni generali con informazioni sui clienti - versiegelung24.com<\/title>\n<meta name=\"robots\" content=\"index, follow, max-snippet:-1, max-image-preview:large, max-video-preview:-1\" \/>\n<link rel=\"canonical\" href=\"https:\/\/www.versiegelung24.com\/it\/termini-e-condizioni-generali\/\" \/>\n<meta property=\"og:locale\" content=\"it_IT\" \/>\n<meta property=\"og:type\" content=\"article\" \/>\n<meta property=\"og:title\" content=\"Termini e condizioni generali con informazioni sui clienti\" \/>\n<meta property=\"og:description\" content=\"Indice dei contenuti scopo Conclusione del contratto Diritto di recesso Prezzi e condizioni di pagamento Condizioni di consegna e spedizione Riserva di propriet\u00e0 Responsabilit\u00e0 per vizi (garanzia) Riscatto dei buoni della campagna Legge applicabile Risoluzione alternativa delle controversie 1) Portata 1.1 Le presenti Condizioni Generali (di seguito &#8220;CG&#8221;) di Holger K\u00e4ding, che opera sotto &#8220;versiegelung24.com&#8221;&hellip;&nbsp;Read More &raquo;Termini e condizioni generali con informazioni sui clienti\" \/>\n<meta property=\"og:url\" content=\"https:\/\/www.versiegelung24.com\/it\/termini-e-condizioni-generali\/\" \/>\n<meta property=\"og:site_name\" content=\"versiegelung24.com\" \/>\n<meta property=\"article:modified_time\" content=\"2024-06-25T18:50:52+00:00\" \/>\n<meta property=\"og:image\" content=\"https:\/\/www.versiegelung24.com\/wp-content\/uploads\/2022\/02\/Impressum.png\" \/>\n\t<meta property=\"og:image:width\" content=\"2000\" \/>\n\t<meta property=\"og:image:height\" content=\"2000\" \/>\n\t<meta property=\"og:image:type\" content=\"image\/png\" \/>\n<meta name=\"twitter:card\" content=\"summary_large_image\" \/>\n<meta name=\"twitter:label1\" content=\"Tempo di lettura stimato\" \/>\n\t<meta name=\"twitter:data1\" content=\"8 minuti\" \/>\n<script type=\"application\/ld+json\" class=\"yoast-schema-graph\">{\"@context\":\"https:\\\/\\\/schema.org\",\"@graph\":[{\"@type\":\"WebPage\",\"@id\":\"https:\\\/\\\/www.versiegelung24.com\\\/it\\\/termini-e-condizioni-generali\\\/\",\"url\":\"https:\\\/\\\/www.versiegelung24.com\\\/it\\\/termini-e-condizioni-generali\\\/\",\"name\":\"Termini e condizioni generali con informazioni sui clienti - versiegelung24.com\",\"isPartOf\":{\"@id\":\"https:\\\/\\\/www.versiegelung24.com\\\/it\\\/#website\"},\"primaryImageOfPage\":{\"@id\":\"https:\\\/\\\/www.versiegelung24.com\\\/it\\\/termini-e-condizioni-generali\\\/#primaryimage\"},\"image\":{\"@id\":\"https:\\\/\\\/www.versiegelung24.com\\\/it\\\/termini-e-condizioni-generali\\\/#primaryimage\"},\"thumbnailUrl\":\"https:\\\/\\\/www.versiegelung24.com\\\/wp-content\\\/uploads\\\/2022\\\/02\\\/Impressum.png\",\"datePublished\":\"2021-08-03T09:15:27+00:00\",\"dateModified\":\"2024-06-25T18:50:52+00:00\",\"breadcrumb\":{\"@id\":\"https:\\\/\\\/www.versiegelung24.com\\\/it\\\/termini-e-condizioni-generali\\\/#breadcrumb\"},\"inLanguage\":\"it-IT\",\"potentialAction\":[{\"@type\":\"ReadAction\",\"target\":[\"https:\\\/\\\/www.versiegelung24.com\\\/it\\\/termini-e-condizioni-generali\\\/\"]}]},{\"@type\":\"ImageObject\",\"inLanguage\":\"it-IT\",\"@id\":\"https:\\\/\\\/www.versiegelung24.com\\\/it\\\/termini-e-condizioni-generali\\\/#primaryimage\",\"url\":\"https:\\\/\\\/www.versiegelung24.com\\\/wp-content\\\/uploads\\\/2022\\\/02\\\/Impressum.png\",\"contentUrl\":\"https:\\\/\\\/www.versiegelung24.com\\\/wp-content\\\/uploads\\\/2022\\\/02\\\/Impressum.png\",\"width\":2000,\"height\":2000},{\"@type\":\"BreadcrumbList\",\"@id\":\"https:\\\/\\\/www.versiegelung24.com\\\/it\\\/termini-e-condizioni-generali\\\/#breadcrumb\",\"itemListElement\":[{\"@type\":\"ListItem\",\"position\":1,\"name\":\"Homepage\",\"item\":\"https:\\\/\\\/www.versiegelung24.com\\\/it\\\/fronte\\\/\"},{\"@type\":\"ListItem\",\"position\":2,\"name\":\"Termini e condizioni generali con informazioni sui clienti\"}]},{\"@type\":\"WebSite\",\"@id\":\"https:\\\/\\\/www.versiegelung24.com\\\/it\\\/#website\",\"url\":\"https:\\\/\\\/www.versiegelung24.com\\\/it\\\/\",\"name\":\"versiegelung24.com\",\"description\":\"Fl\u00fcssigglas-Versiegelung - Made in Germany\",\"publisher\":{\"@id\":\"https:\\\/\\\/www.versiegelung24.com\\\/it\\\/#organization\"},\"potentialAction\":[{\"@type\":\"SearchAction\",\"target\":{\"@type\":\"EntryPoint\",\"urlTemplate\":\"https:\\\/\\\/www.versiegelung24.com\\\/it\\\/?s={search_term_string}\"},\"query-input\":{\"@type\":\"PropertyValueSpecification\",\"valueRequired\":true,\"valueName\":\"search_term_string\"}}],\"inLanguage\":\"it-IT\"},{\"@type\":\"Organization\",\"@id\":\"https:\\\/\\\/www.versiegelung24.com\\\/it\\\/#organization\",\"name\":\"versiegelung24\",\"url\":\"https:\\\/\\\/www.versiegelung24.com\\\/it\\\/\",\"logo\":{\"@type\":\"ImageObject\",\"inLanguage\":\"it-IT\",\"@id\":\"https:\\\/\\\/www.versiegelung24.com\\\/it\\\/#\\\/schema\\\/logo\\\/image\\\/\",\"url\":\"https:\\\/\\\/www.versiegelung24.com\\\/wp-content\\\/uploads\\\/2020\\\/04\\\/versiegelung24.png\",\"contentUrl\":\"https:\\\/\\\/www.versiegelung24.com\\\/wp-content\\\/uploads\\\/2020\\\/04\\\/versiegelung24.png\",\"width\":470,\"height\":102,\"caption\":\"versiegelung24\"},\"image\":{\"@id\":\"https:\\\/\\\/www.versiegelung24.com\\\/it\\\/#\\\/schema\\\/logo\\\/image\\\/\"}}]}<\/script>\n<!-- \/ Yoast SEO Premium plugin. -->","yoast_head_json":{"title":"Termini e condizioni generali con informazioni sui clienti - versiegelung24.com","robots":{"index":"index","follow":"follow","max-snippet":"max-snippet:-1","max-image-preview":"max-image-preview:large","max-video-preview":"max-video-preview:-1"},"canonical":"https:\/\/www.versiegelung24.com\/it\/termini-e-condizioni-generali\/","og_locale":"it_IT","og_type":"article","og_title":"Termini e condizioni generali con informazioni sui clienti","og_description":"Indice dei contenuti scopo Conclusione del contratto Diritto di recesso Prezzi e condizioni di pagamento Condizioni di consegna e spedizione Riserva di propriet\u00e0 Responsabilit\u00e0 per vizi (garanzia) Riscatto dei buoni della campagna Legge applicabile Risoluzione alternativa delle controversie 1) Portata 1.1 Le presenti Condizioni Generali (di seguito &#8220;CG&#8221;) di Holger K\u00e4ding, che opera sotto &#8220;versiegelung24.com&#8221;&hellip;&nbsp;Read More &raquo;Termini e condizioni generali con informazioni sui clienti","og_url":"https:\/\/www.versiegelung24.com\/it\/termini-e-condizioni-generali\/","og_site_name":"versiegelung24.com","article_modified_time":"2024-06-25T18:50:52+00:00","og_image":[{"width":2000,"height":2000,"url":"https:\/\/www.versiegelung24.com\/wp-content\/uploads\/2022\/02\/Impressum.png","type":"image\/png"}],"twitter_card":"summary_large_image","twitter_misc":{"Tempo di lettura stimato":"8 minuti"},"schema":{"@context":"https:\/\/schema.org","@graph":[{"@type":"WebPage","@id":"https:\/\/www.versiegelung24.com\/it\/termini-e-condizioni-generali\/","url":"https:\/\/www.versiegelung24.com\/it\/termini-e-condizioni-generali\/","name":"Termini e condizioni generali con informazioni sui clienti - versiegelung24.com","isPartOf":{"@id":"https:\/\/www.versiegelung24.com\/it\/#website"},"primaryImageOfPage":{"@id":"https:\/\/www.versiegelung24.com\/it\/termini-e-condizioni-generali\/#primaryimage"},"image":{"@id":"https:\/\/www.versiegelung24.com\/it\/termini-e-condizioni-generali\/#primaryimage"},"thumbnailUrl":"https:\/\/www.versiegelung24.com\/wp-content\/uploads\/2022\/02\/Impressum.png","datePublished":"2021-08-03T09:15:27+00:00","dateModified":"2024-06-25T18:50:52+00:00","breadcrumb":{"@id":"https:\/\/www.versiegelung24.com\/it\/termini-e-condizioni-generali\/#breadcrumb"},"inLanguage":"it-IT","potentialAction":[{"@type":"ReadAction","target":["https:\/\/www.versiegelung24.com\/it\/termini-e-condizioni-generali\/"]}]},{"@type":"ImageObject","inLanguage":"it-IT","@id":"https:\/\/www.versiegelung24.com\/it\/termini-e-condizioni-generali\/#primaryimage","url":"https:\/\/www.versiegelung24.com\/wp-content\/uploads\/2022\/02\/Impressum.png","contentUrl":"https:\/\/www.versiegelung24.com\/wp-content\/uploads\/2022\/02\/Impressum.png","width":2000,"height":2000},{"@type":"BreadcrumbList","@id":"https:\/\/www.versiegelung24.com\/it\/termini-e-condizioni-generali\/#breadcrumb","itemListElement":[{"@type":"ListItem","position":1,"name":"Homepage","item":"https:\/\/www.versiegelung24.com\/it\/fronte\/"},{"@type":"ListItem","position":2,"name":"Termini e condizioni generali con informazioni sui clienti"}]},{"@type":"WebSite","@id":"https:\/\/www.versiegelung24.com\/it\/#website","url":"https:\/\/www.versiegelung24.com\/it\/","name":"versiegelung24.com","description":"Fl\u00fcssigglas-Versiegelung - Made in Germany","publisher":{"@id":"https:\/\/www.versiegelung24.com\/it\/#organization"},"potentialAction":[{"@type":"SearchAction","target":{"@type":"EntryPoint","urlTemplate":"https:\/\/www.versiegelung24.com\/it\/?s={search_term_string}"},"query-input":{"@type":"PropertyValueSpecification","valueRequired":true,"valueName":"search_term_string"}}],"inLanguage":"it-IT"},{"@type":"Organization","@id":"https:\/\/www.versiegelung24.com\/it\/#organization","name":"versiegelung24","url":"https:\/\/www.versiegelung24.com\/it\/","logo":{"@type":"ImageObject","inLanguage":"it-IT","@id":"https:\/\/www.versiegelung24.com\/it\/#\/schema\/logo\/image\/","url":"https:\/\/www.versiegelung24.com\/wp-content\/uploads\/2020\/04\/versiegelung24.png","contentUrl":"https:\/\/www.versiegelung24.com\/wp-content\/uploads\/2020\/04\/versiegelung24.png","width":470,"height":102,"caption":"versiegelung24"},"image":{"@id":"https:\/\/www.versiegelung24.com\/it\/#\/schema\/logo\/image\/"}}]}},"_links":{"self":[{"href":"https:\/\/www.versiegelung24.com\/it\/wp-json\/wp\/v2\/pages\/25667","targetHints":{"allow":["GET"]}}],"collection":[{"href":"https:\/\/www.versiegelung24.com\/it\/wp-json\/wp\/v2\/pages"}],"about":[{"href":"https:\/\/www.versiegelung24.com\/it\/wp-json\/wp\/v2\/types\/page"}],"author":[{"embeddable":true,"href":"https:\/\/www.versiegelung24.com\/it\/wp-json\/wp\/v2\/users\/932"}],"replies":[{"embeddable":true,"href":"https:\/\/www.versiegelung24.com\/it\/wp-json\/wp\/v2\/comments?post=25667"}],"version-history":[{"count":3,"href":"https:\/\/www.versiegelung24.com\/it\/wp-json\/wp\/v2\/pages\/25667\/revisions"}],"predecessor-version":[{"id":167631,"href":"https:\/\/www.versiegelung24.com\/it\/wp-json\/wp\/v2\/pages\/25667\/revisions\/167631"}],"wp:featuredmedia":[{"embeddable":true,"href":"https:\/\/www.versiegelung24.com\/it\/wp-json\/wp\/v2\/media\/70716"}],"wp:attachment":[{"href":"https:\/\/www.versiegelung24.com\/it\/wp-json\/wp\/v2\/media?parent=25667"}],"wp:term":[{"taxonomy":"category","embeddable":true,"href":"https:\/\/www.versiegelung24.com\/it\/wp-json\/wp\/v2\/categories?post=25667"},{"taxonomy":"seiten_kategorie","embeddable":true,"href":"https:\/\/www.versiegelung24.com\/it\/wp-json\/wp\/v2\/seiten_kategorie?post=25667"}],"curies":[{"name":"wp","href":"https:\/\/api.w.org\/{rel}","templated":true}]}}