{"id":25905,"date":"2021-08-03T12:03:25","date_gmt":"2021-08-03T10:03:25","guid":{"rendered":"https:\/\/www.versiegelung24.com\/politica-di-cancellazione-e-modulo-di-cancellazione"},"modified":"2024-06-25T20:51:09","modified_gmt":"2024-06-25T18:51:09","slug":"politica-di-cancellazione","status":"publish","type":"page","link":"https:\/\/www.versiegelung24.com\/it\/politica-di-cancellazione\/","title":{"rendered":"Politica di cancellazione e modulo di cancellazione"},"content":{"rendered":"<div class=\"main-container col1-layout\">\n<div class=\"main container\">\n<div class=\"inner-container\">\n<div class=\"col-main\">\n<div class=\"std\">\n<p>I consumatori hanno diritto a un diritto di recesso in conformit\u00e0 con le seguenti disposizioni, in base al quale un consumatore \u00e8 qualsiasi persona fisica che conclude un negozio giuridico per scopi che non sono prevalentemente commerciali o autonomi:<\/p>\n<p><strong>A. Politica di cancellazione<\/strong><\/p>\n<p><strong>Diritto di recesso<br \/>\n<\/strong> Hai il diritto di recedere dal presente contratto entro 14 giorni senza fornire una motivazione.<\/p>\n<p>Il periodo di cancellazione \u00e8 di 14 giorni dal giorno in cui tu o un terzo da te nominato, che non \u00e8 il vettore, ha preso possesso dell&#8217;ultima merce.<\/p>\n<p>Per esercitare il diritto di recesso, l&#8217;utente \u00e8 tenuto a informarci (Holger K\u00e4ding, An den Ellmen 14, 53773 Hennef, Tel.: 02242-9695650, e-mail: info@versiegelung24.com) mediante una dichiarazione chiara (ad esempio una lettera o un&#8217;e-mail inviata per posta) della sua decisione di recedere dal presente contratto. \u00c8 possibile utilizzare il modulo tipo di recesso allegato a questo scopo, ma non \u00e8 obbligatorio.<\/p>\n<p>Per rispettare il termine di recesso, \u00e8 sufficiente inviare la notifica di esercizio del diritto di recesso prima della scadenza del periodo di recesso.<\/p>\n<p><strong><br \/>\nConseguenze della cancellazione<\/strong>Se cancelli il presente contratto, ti rimborseremo tutti i pagamenti ricevuti da te, compresi i costi di consegna (ad eccezione dei costi supplementari derivanti dalla tua scelta di un tipo di consegna diverso dal tipo meno costoso di consegna standard da noi offerto), senza indebito ritardo e in ogni caso non oltre 14 giorni dal giorno in cui siamo informati della tua decisione di cancellare il contratto.<strong><\/strong> Per questo rimborso utilizzeremo lo stesso mezzo di pagamento che hai utilizzato per la transazione originale, a meno che non sia stato espressamente concordato qualcos&#8217;altro con te; In nessun caso ti verr\u00e0 addebitato alcun costo per questo rimborso. Possiamo rifiutare il rimborso fino a quando non avremo ricevuto la merce o fino a quando non avrai fornito la prova di aver rispedito la merce, se precedente.<\/p>\n<p>Dovrai rispedirci o consegnarci la merce immediatamente e comunque non oltre quattordici giorni dalla data in cui ci hai informato della risoluzione del presente contratto. Il termine \u00e8 rispettato se spedisci la merce prima della scadenza del periodo di quattordici giorni.<\/p>\n<p>I costi diretti della restituzione della merce sono a tuo carico.<\/p>\n<p>Devi pagare solo per qualsiasi perdita di valore della merce se questa perdita di valore \u00e8 dovuta a una manipolazione della merce che non \u00e8 necessaria per verificare la natura, le propriet\u00e0 e la funzionalit\u00e0 della merce.<\/p>\n<p>Esclusione o decadenza anticipata del diritto di recesso<\/p>\n<p>Il diritto di recesso decade anticipatamente nel caso di contratti per la consegna di registrazioni audio o video o software per computer in confezione sigillata se il sigillo \u00e8 stato rimosso dopo la consegna.<\/p>\n<p><strong>B. Modulo di recesso<\/strong><\/p>\n<p>Se desideri recedere dal contratto, compila questo modulo e rispediscilo.<\/p>\n<p>Su<\/p>\n<p>samstore.de<\/p>\n<p>Holger Kading<br \/>\nAll&#8217;Ellmen 14<br \/>\n53773 Hennef<br \/>\nGermania<br \/>\nE-mail: info@versiegelung24.com<\/p>\n<p>Io\/noi (*) con la presente revoco il contratto da me\/noi concluso (*) per l&#8217;acquisto dei seguenti beni (*) \/ la fornitura del seguente servizio (*)<\/p>\n<p>_______________________________________________________<\/p>\n<p>_______________________________________________________<\/p>\n<p>Ordinato il (*) ____________ \/ ricevuto il (*) __________________<\/p>\n<p>________________________________________________________<\/p>\n<p>Nome del\/i consumatore\/i<\/p>\n<p>________________________________________________________<\/p>\n<p>Indirizzo del\/i consumatore\/i<\/p>\n<p>________________________________________________________<\/p>\n<p>Firma del\/i consumatore\/i (solo se comunicata su supporto cartaceo)<\/p>\n<p>_________________________<\/p>\n<p>Data<\/p>\n<p>(*) Cancella dove non applicabile<\/p>\n<\/div>\n<\/div>\n<div class=\"postscript\"><\/div>\n<\/div>\n<\/div>\n<div class=\"main-bottom-container\"><\/div>\n<\/div>\n<div class=\"footer-container\">\n<div class=\"footer-container2\">\n<div class=\"footer-container3\">\n<div class=\"footer-primary-container section-container\">\n<div class=\"footer-primary footer container\">\n<div class=\"inner-container\">\n<div class=\"clearer\">\n<div class=\"grid12-3\">\n<div class=\"std\">\n<div class=\"collapsible mobile-collapsible\"><\/div>\n<\/div>\n<\/div>\n<\/div>\n<\/div>\n<\/div>\n<\/div>\n<\/div>\n<\/div>\n<\/div>\n","protected":false},"excerpt":{"rendered":"<p>I consumatori hanno diritto a un diritto di recesso in conformit\u00e0 con le seguenti disposizioni, in base al quale un consumatore \u00e8 qualsiasi persona fisica che conclude un negozio giuridico per scopi che non sono prevalentemente commerciali o autonomi: A. Politica di cancellazione Diritto di recesso Hai il diritto di recedere dal presente contratto entro&hellip;&nbsp;<a href=\"https:\/\/www.versiegelung24.com\/it\/politica-di-cancellazione\/\" rel=\"bookmark\">Read More &raquo;<span class=\"screen-reader-text\">Politica di cancellazione e modulo di cancellazione<\/span><\/a><\/p>\n","protected":false},"author":932,"featured_media":71026,"parent":0,"menu_order":0,"comment_status":"closed","ping_status":"closed","template":"","meta":{"_acf_changed":false,"neve_meta_sidebar":"","neve_meta_container":"","neve_meta_enable_content_width":"","neve_meta_content_width":0,"neve_meta_title_alignment":"","neve_meta_author_avatar":"","neve_post_elements_order":"","neve_meta_disable_header":"","neve_meta_disable_footer":"","neve_meta_disable_title":"","neve_meta_reading_time":"","footnotes":""},"categories":[],"seiten_kategorie":[],"class_list":["post-25905","page","type-page","status-publish","has-post-thumbnail","hentry"],"acf":[],"yoast_head":"<!-- This site is optimized with the Yoast SEO Premium plugin v22.8 (Yoast SEO v27.5) - https:\/\/yoast.com\/product\/yoast-seo-premium-wordpress\/ -->\n<title>Politica di cancellazione e modulo di cancellazione - versiegelung24.com<\/title>\n<meta name=\"robots\" content=\"index, follow, max-snippet:-1, max-image-preview:large, max-video-preview:-1\" \/>\n<link rel=\"canonical\" href=\"https:\/\/www.versiegelung24.com\/it\/politica-di-cancellazione\/\" \/>\n<meta property=\"og:locale\" content=\"it_IT\" \/>\n<meta property=\"og:type\" content=\"article\" \/>\n<meta property=\"og:title\" content=\"Politica di cancellazione e modulo di cancellazione\" \/>\n<meta property=\"og:description\" content=\"I consumatori hanno diritto a un diritto di recesso in conformit\u00e0 con le seguenti disposizioni, in base al quale un consumatore \u00e8 qualsiasi persona fisica che conclude un negozio giuridico per scopi che non sono prevalentemente commerciali o autonomi: A. Politica di cancellazione Diritto di recesso Hai il diritto di recedere dal presente contratto entro&hellip;&nbsp;Read More &raquo;Politica di cancellazione e modulo di cancellazione\" \/>\n<meta property=\"og:url\" content=\"https:\/\/www.versiegelung24.com\/it\/politica-di-cancellazione\/\" \/>\n<meta property=\"og:site_name\" content=\"versiegelung24.com\" \/>\n<meta property=\"article:modified_time\" content=\"2024-06-25T18:51:09+00:00\" \/>\n<meta property=\"og:image\" content=\"https:\/\/www.versiegelung24.com\/wp-content\/uploads\/2022\/02\/Widerruf.png\" \/>\n\t<meta property=\"og:image:width\" content=\"2000\" \/>\n\t<meta property=\"og:image:height\" content=\"2000\" \/>\n\t<meta property=\"og:image:type\" content=\"image\/png\" \/>\n<meta name=\"twitter:card\" content=\"summary_large_image\" \/>\n<meta name=\"twitter:label1\" content=\"Tempo di lettura stimato\" \/>\n\t<meta name=\"twitter:data1\" content=\"3 minuti\" \/>\n<script type=\"application\/ld+json\" class=\"yoast-schema-graph\">{\"@context\":\"https:\\\/\\\/schema.org\",\"@graph\":[{\"@type\":\"WebPage\",\"@id\":\"https:\\\/\\\/www.versiegelung24.com\\\/it\\\/politica-di-cancellazione\\\/\",\"url\":\"https:\\\/\\\/www.versiegelung24.com\\\/it\\\/politica-di-cancellazione\\\/\",\"name\":\"Politica di cancellazione e modulo di cancellazione - versiegelung24.com\",\"isPartOf\":{\"@id\":\"https:\\\/\\\/www.versiegelung24.com\\\/it\\\/#website\"},\"primaryImageOfPage\":{\"@id\":\"https:\\\/\\\/www.versiegelung24.com\\\/it\\\/politica-di-cancellazione\\\/#primaryimage\"},\"image\":{\"@id\":\"https:\\\/\\\/www.versiegelung24.com\\\/it\\\/politica-di-cancellazione\\\/#primaryimage\"},\"thumbnailUrl\":\"https:\\\/\\\/www.versiegelung24.com\\\/wp-content\\\/uploads\\\/2022\\\/02\\\/Widerruf.png\",\"datePublished\":\"2021-08-03T10:03:25+00:00\",\"dateModified\":\"2024-06-25T18:51:09+00:00\",\"breadcrumb\":{\"@id\":\"https:\\\/\\\/www.versiegelung24.com\\\/it\\\/politica-di-cancellazione\\\/#breadcrumb\"},\"inLanguage\":\"it-IT\",\"potentialAction\":[{\"@type\":\"ReadAction\",\"target\":[\"https:\\\/\\\/www.versiegelung24.com\\\/it\\\/politica-di-cancellazione\\\/\"]}]},{\"@type\":\"ImageObject\",\"inLanguage\":\"it-IT\",\"@id\":\"https:\\\/\\\/www.versiegelung24.com\\\/it\\\/politica-di-cancellazione\\\/#primaryimage\",\"url\":\"https:\\\/\\\/www.versiegelung24.com\\\/wp-content\\\/uploads\\\/2022\\\/02\\\/Widerruf.png\",\"contentUrl\":\"https:\\\/\\\/www.versiegelung24.com\\\/wp-content\\\/uploads\\\/2022\\\/02\\\/Widerruf.png\",\"width\":2000,\"height\":2000},{\"@type\":\"BreadcrumbList\",\"@id\":\"https:\\\/\\\/www.versiegelung24.com\\\/it\\\/politica-di-cancellazione\\\/#breadcrumb\",\"itemListElement\":[{\"@type\":\"ListItem\",\"position\":1,\"name\":\"Homepage\",\"item\":\"https:\\\/\\\/www.versiegelung24.com\\\/it\\\/fronte\\\/\"},{\"@type\":\"ListItem\",\"position\":2,\"name\":\"Politica di cancellazione e modulo di cancellazione\"}]},{\"@type\":\"WebSite\",\"@id\":\"https:\\\/\\\/www.versiegelung24.com\\\/it\\\/#website\",\"url\":\"https:\\\/\\\/www.versiegelung24.com\\\/it\\\/\",\"name\":\"versiegelung24.com\",\"description\":\"Fl\u00fcssigglas-Versiegelung - Made in Germany\",\"publisher\":{\"@id\":\"https:\\\/\\\/www.versiegelung24.com\\\/it\\\/#organization\"},\"potentialAction\":[{\"@type\":\"SearchAction\",\"target\":{\"@type\":\"EntryPoint\",\"urlTemplate\":\"https:\\\/\\\/www.versiegelung24.com\\\/it\\\/?s={search_term_string}\"},\"query-input\":{\"@type\":\"PropertyValueSpecification\",\"valueRequired\":true,\"valueName\":\"search_term_string\"}}],\"inLanguage\":\"it-IT\"},{\"@type\":\"Organization\",\"@id\":\"https:\\\/\\\/www.versiegelung24.com\\\/it\\\/#organization\",\"name\":\"versiegelung24\",\"url\":\"https:\\\/\\\/www.versiegelung24.com\\\/it\\\/\",\"logo\":{\"@type\":\"ImageObject\",\"inLanguage\":\"it-IT\",\"@id\":\"https:\\\/\\\/www.versiegelung24.com\\\/it\\\/#\\\/schema\\\/logo\\\/image\\\/\",\"url\":\"https:\\\/\\\/www.versiegelung24.com\\\/wp-content\\\/uploads\\\/2020\\\/04\\\/versiegelung24.png\",\"contentUrl\":\"https:\\\/\\\/www.versiegelung24.com\\\/wp-content\\\/uploads\\\/2020\\\/04\\\/versiegelung24.png\",\"width\":470,\"height\":102,\"caption\":\"versiegelung24\"},\"image\":{\"@id\":\"https:\\\/\\\/www.versiegelung24.com\\\/it\\\/#\\\/schema\\\/logo\\\/image\\\/\"}}]}<\/script>\n<!-- \/ Yoast SEO Premium plugin. -->","yoast_head_json":{"title":"Politica di cancellazione e modulo di cancellazione - versiegelung24.com","robots":{"index":"index","follow":"follow","max-snippet":"max-snippet:-1","max-image-preview":"max-image-preview:large","max-video-preview":"max-video-preview:-1"},"canonical":"https:\/\/www.versiegelung24.com\/it\/politica-di-cancellazione\/","og_locale":"it_IT","og_type":"article","og_title":"Politica di cancellazione e modulo di cancellazione","og_description":"I consumatori hanno diritto a un diritto di recesso in conformit\u00e0 con le seguenti disposizioni, in base al quale un consumatore \u00e8 qualsiasi persona fisica che conclude un negozio giuridico per scopi che non sono prevalentemente commerciali o autonomi: A. Politica di cancellazione Diritto di recesso Hai il diritto di recedere dal presente contratto entro&hellip;&nbsp;Read More &raquo;Politica di cancellazione e modulo di cancellazione","og_url":"https:\/\/www.versiegelung24.com\/it\/politica-di-cancellazione\/","og_site_name":"versiegelung24.com","article_modified_time":"2024-06-25T18:51:09+00:00","og_image":[{"width":2000,"height":2000,"url":"https:\/\/www.versiegelung24.com\/wp-content\/uploads\/2022\/02\/Widerruf.png","type":"image\/png"}],"twitter_card":"summary_large_image","twitter_misc":{"Tempo di lettura stimato":"3 minuti"},"schema":{"@context":"https:\/\/schema.org","@graph":[{"@type":"WebPage","@id":"https:\/\/www.versiegelung24.com\/it\/politica-di-cancellazione\/","url":"https:\/\/www.versiegelung24.com\/it\/politica-di-cancellazione\/","name":"Politica di cancellazione e modulo di cancellazione - versiegelung24.com","isPartOf":{"@id":"https:\/\/www.versiegelung24.com\/it\/#website"},"primaryImageOfPage":{"@id":"https:\/\/www.versiegelung24.com\/it\/politica-di-cancellazione\/#primaryimage"},"image":{"@id":"https:\/\/www.versiegelung24.com\/it\/politica-di-cancellazione\/#primaryimage"},"thumbnailUrl":"https:\/\/www.versiegelung24.com\/wp-content\/uploads\/2022\/02\/Widerruf.png","datePublished":"2021-08-03T10:03:25+00:00","dateModified":"2024-06-25T18:51:09+00:00","breadcrumb":{"@id":"https:\/\/www.versiegelung24.com\/it\/politica-di-cancellazione\/#breadcrumb"},"inLanguage":"it-IT","potentialAction":[{"@type":"ReadAction","target":["https:\/\/www.versiegelung24.com\/it\/politica-di-cancellazione\/"]}]},{"@type":"ImageObject","inLanguage":"it-IT","@id":"https:\/\/www.versiegelung24.com\/it\/politica-di-cancellazione\/#primaryimage","url":"https:\/\/www.versiegelung24.com\/wp-content\/uploads\/2022\/02\/Widerruf.png","contentUrl":"https:\/\/www.versiegelung24.com\/wp-content\/uploads\/2022\/02\/Widerruf.png","width":2000,"height":2000},{"@type":"BreadcrumbList","@id":"https:\/\/www.versiegelung24.com\/it\/politica-di-cancellazione\/#breadcrumb","itemListElement":[{"@type":"ListItem","position":1,"name":"Homepage","item":"https:\/\/www.versiegelung24.com\/it\/fronte\/"},{"@type":"ListItem","position":2,"name":"Politica di cancellazione e modulo di cancellazione"}]},{"@type":"WebSite","@id":"https:\/\/www.versiegelung24.com\/it\/#website","url":"https:\/\/www.versiegelung24.com\/it\/","name":"versiegelung24.com","description":"Fl\u00fcssigglas-Versiegelung - Made in Germany","publisher":{"@id":"https:\/\/www.versiegelung24.com\/it\/#organization"},"potentialAction":[{"@type":"SearchAction","target":{"@type":"EntryPoint","urlTemplate":"https:\/\/www.versiegelung24.com\/it\/?s={search_term_string}"},"query-input":{"@type":"PropertyValueSpecification","valueRequired":true,"valueName":"search_term_string"}}],"inLanguage":"it-IT"},{"@type":"Organization","@id":"https:\/\/www.versiegelung24.com\/it\/#organization","name":"versiegelung24","url":"https:\/\/www.versiegelung24.com\/it\/","logo":{"@type":"ImageObject","inLanguage":"it-IT","@id":"https:\/\/www.versiegelung24.com\/it\/#\/schema\/logo\/image\/","url":"https:\/\/www.versiegelung24.com\/wp-content\/uploads\/2020\/04\/versiegelung24.png","contentUrl":"https:\/\/www.versiegelung24.com\/wp-content\/uploads\/2020\/04\/versiegelung24.png","width":470,"height":102,"caption":"versiegelung24"},"image":{"@id":"https:\/\/www.versiegelung24.com\/it\/#\/schema\/logo\/image\/"}}]}},"_links":{"self":[{"href":"https:\/\/www.versiegelung24.com\/it\/wp-json\/wp\/v2\/pages\/25905","targetHints":{"allow":["GET"]}}],"collection":[{"href":"https:\/\/www.versiegelung24.com\/it\/wp-json\/wp\/v2\/pages"}],"about":[{"href":"https:\/\/www.versiegelung24.com\/it\/wp-json\/wp\/v2\/types\/page"}],"author":[{"embeddable":true,"href":"https:\/\/www.versiegelung24.com\/it\/wp-json\/wp\/v2\/users\/932"}],"replies":[{"embeddable":true,"href":"https:\/\/www.versiegelung24.com\/it\/wp-json\/wp\/v2\/comments?post=25905"}],"version-history":[{"count":3,"href":"https:\/\/www.versiegelung24.com\/it\/wp-json\/wp\/v2\/pages\/25905\/revisions"}],"predecessor-version":[{"id":167643,"href":"https:\/\/www.versiegelung24.com\/it\/wp-json\/wp\/v2\/pages\/25905\/revisions\/167643"}],"wp:featuredmedia":[{"embeddable":true,"href":"https:\/\/www.versiegelung24.com\/it\/wp-json\/wp\/v2\/media\/71026"}],"wp:attachment":[{"href":"https:\/\/www.versiegelung24.com\/it\/wp-json\/wp\/v2\/media?parent=25905"}],"wp:term":[{"taxonomy":"category","embeddable":true,"href":"https:\/\/www.versiegelung24.com\/it\/wp-json\/wp\/v2\/categories?post=25905"},{"taxonomy":"seiten_kategorie","embeddable":true,"href":"https:\/\/www.versiegelung24.com\/it\/wp-json\/wp\/v2\/seiten_kategorie?post=25905"}],"curies":[{"name":"wp","href":"https:\/\/api.w.org\/{rel}","templated":true}]}}