{"id":41065,"date":"2021-12-14T14:15:38","date_gmt":"2021-12-14T13:15:38","guid":{"rendered":"https:\/\/www.versiegelung24.com\/consigli-sui-prodotti-di-versiegelung24\/competenza\/smartphone"},"modified":"2024-09-01T22:43:01","modified_gmt":"2024-09-01T20:43:01","slug":"sigillatura-del-vetro-liquido-degli-smartphone","status":"publish","type":"page","link":"https:\/\/www.versiegelung24.com\/it\/consigli-sui-prodotti-di-versiegelung24\/competenza\/sigillatura-del-vetro-liquido-degli-smartphone\/","title":{"rendered":"Sigillante liquido per vetri di smartphone e tablet: protegge i display e ne aumenta la longevit\u00e0"},"content":{"rendered":"\n<h1 class=\"wp-block-heading\" id=\"h-smartphone-flussigglas-versiegelung\">Sigillatura del vetro liquido per smartphone<\/h1>\n\n<p>Praticamente tutti possiedono uno smartphone in questi giorni. Sfortunatamente, queste piccole meraviglie sono molto delicate. Con l&#8217;uso quotidiano compaiono tracce di utilizzo come graffi o impronte digitali che rimangono ostinatamente sul display. Il seguente video risolve questo problema e mostra come prevenire questi segni di utilizzo. <\/p>\n\n<figure class=\"wp-block-embed aligncenter is-type-video is-provider-youtube wp-block-embed-youtube wp-embed-aspect-16-9 wp-has-aspect-ratio\"><div class=\"wp-block-embed__wrapper\"> \n<div class=\"nv-iframe-embed\"><iframe title=\"901 LiquiGlas Mobile Phone Coating   Preparation + application process\" width=\"1200\" height=\"675\" src=\"https:\/\/www.youtube.com\/embed\/8JLSZ1KA-yU?feature=oembed\" frameborder=\"0\" allow=\"accelerometer; autoplay; clipboard-write; encrypted-media; gyroscope; picture-in-picture\" allowfullscreen><\/iframe><\/div>\n <\/div><\/figure>\n\n<br\/>\n<br\/>\n\n<div class=\"wp-block-columns is-layout-flex wp-container-core-columns-is-layout-9d6595d7 wp-block-columns-is-layout-flex\">\n<div class=\"wp-block-column is-layout-flow wp-block-column-is-layout-flow\" style=\"flex-basis:33.33%\">\n<h2 class=\"wp-block-heading\" id=\"h-anleitung-smartphone-display-einfach-versiegeln\">Istruzioni &#8211; Basta sigillare il display dello smartphone<\/h2>\n\n\n\n<ul class=\"wp-block-list\">\n<li>Gi\u00e0 all&#8217;inizio del video, puoi vedere che tutto il necessario per sigillare il tuo <a href=\"https:\/\/www.versiegelung24.com\/it\/liquido-vetro-sigillante-cellulare-liquido-protezione-schermo.html\" target=\"_blank\" rel=\"noreferrer noopener\">cellulare<\/a> \u00e8 stato raccolto in un pratico set. Ci\u00f2 comprende:<\/li>\n\n\n\n<li><strong>Guanto<\/strong> per evitare impronte<\/li>\n\n\n\n<li>Un <strong>panno per la pulizia<a href=\"https:\/\/www.versiegelung24.com\/reinigung\/bioethanol\/\">imbevuto di etanolo<\/a><\/strong><\/li>\n\n\n\n<li><strong>Panno per lucidare<\/strong><\/li>\n\n\n\n<li>A <strong><a href=\"https:\/\/www.versiegelung24.com\/it\/panno-microfibra-10x10cm-per-applicazione-vetro-liquido-professionale.html\" target=\"_blank\" rel=\"noreferrer noopener\">panno di vetro liquido<\/a><\/strong> per sigillare<\/li>\n<\/ul>\n\n\n\n<p><\/p>\n\n\n\n<p>Durante l&#8217;uso, lo smartphone viene tenuto solo dalla mano su cui si trova il guanto per evitare nuove impronte digitali &#8211; queste sono pi\u00f9 spesse del rivestimento in vetro liquido e impedirebbero la corretta sigillatura.<\/p>\n<\/div>\n\n\n\n<div class=\"wp-block-column is-layout-flow wp-block-column-is-layout-flow\" style=\"flex-basis:66.66%\">\n<figure class=\"wp-block-image size-large\"><img fetchpriority=\"high\" decoding=\"async\" width=\"1300\" height=\"867\" src=\"https:\/\/www.versiegelung24.com\/wp-content\/uploads\/2021\/12\/smart_liq-1300x867.jpg\" alt=\"\" class=\"wp-image-40898\" srcset=\"https:\/\/www.versiegelung24.com\/wp-content\/uploads\/2021\/12\/smart_liq-1300x867.jpg 1300w, https:\/\/www.versiegelung24.com\/wp-content\/uploads\/2021\/12\/smart_liq-scaled-600x400.jpg 600w, https:\/\/www.versiegelung24.com\/wp-content\/uploads\/2021\/12\/smart_liq-300x200.jpg 300w, https:\/\/www.versiegelung24.com\/wp-content\/uploads\/2021\/12\/smart_liq-768x512.jpg 768w, https:\/\/www.versiegelung24.com\/wp-content\/uploads\/2021\/12\/smart_liq-1536x1024.jpg 1536w, https:\/\/www.versiegelung24.com\/wp-content\/uploads\/2021\/12\/smart_liq-2048x1366.jpg 2048w, https:\/\/www.versiegelung24.com\/wp-content\/uploads\/2021\/12\/smart_liq-930x620.jpg 930w\" sizes=\"(max-width: 1300px) 100vw, 1300px\" \/><\/figure>\n<\/div>\n<\/div>\n\n<p>Dopo la pre-pulizia, il display viene strofinato a secco e in questo modo vengono rimossi eventuali residui di stampe o grasso. <strong>Qui dovrebbe essere usato solo un lato del panno in microfibra<\/strong> &#8211; <strong>l&#8217;altro lato sar\u00e0 necessario in seguito<\/strong> per lucidare il sigillo. Nella fase successiva, il panno imbevuto di vetro liquido viene disimballato e, come per la pre-pulizia, viene strofinato l&#8217;intero smartphone. Pu\u00f2 essere sigillato tutt&#8217;intorno con vetro liquido. I dorsi dei telefoni cellulari sono spesso realizzati oggi in vetro.<\/p>\n\n<p>Dopo almeno La superficie dello smartphone viene lucidata per 30 minuti: la sigillatura \u00e8 completata. Nel video puoi vedere il consiglio che \u00e8 vantaggioso lasciare indurire il vetro liquido durante la notte: segui questa raccomandazione, perch\u00e9 pi\u00f9 lo strato protettivo \u00e8 resistente dopo. Si consiglia di riapplicare il sigillante a intervalli regolari per mantenere la protezione.<\/p>\n\n","protected":false},"excerpt":{"rendered":"<p>Massima protezione per il vostro smartphone grazie all&#8217;innovativa sigillatura in vetro liquido.<\/p>\n","protected":false},"author":932,"featured_media":41495,"parent":34669,"menu_order":0,"comment_status":"closed","ping_status":"closed","template":"","meta":{"_acf_changed":false,"neve_meta_sidebar":"full-width","neve_meta_container":"","neve_meta_enable_content_width":"on","neve_meta_content_width":100,"neve_meta_title_alignment":"","neve_meta_author_avatar":"","neve_post_elements_order":"","neve_meta_disable_header":"","neve_meta_disable_footer":"","neve_meta_disable_title":"","neve_meta_reading_time":"","footnotes":""},"categories":[3511,3588],"seiten_kategorie":[3839],"class_list":["post-41065","page","type-page","status-publish","has-post-thumbnail","hentry","category-articolo-di-consulenza-rivista","category-stile-di-vita"],"acf":[],"yoast_head":"<!-- This site is optimized with the Yoast SEO Premium plugin v22.8 (Yoast SEO v27.5) - https:\/\/yoast.com\/product\/yoast-seo-premium-wordpress\/ -->\n<title>Proteggi il tuo smartphone e tablet con il sigillante liquido per vetri!<\/title>\n<meta name=\"description\" content=\"Proteggi il tuo smartphone e tablet con il nostro sigillante! Sigillante liquido per vetro per una protezione ottimale del display dello smartphone!\" \/>\n<meta name=\"robots\" content=\"index, follow, max-snippet:-1, max-image-preview:large, max-video-preview:-1\" \/>\n<link rel=\"canonical\" href=\"https:\/\/www.versiegelung24.com\/it\/consigli-sui-prodotti-di-versiegelung24\/competenza\/sigillatura-del-vetro-liquido-degli-smartphone\/\" \/>\n<meta property=\"og:locale\" content=\"it_IT\" \/>\n<meta property=\"og:type\" content=\"article\" \/>\n<meta property=\"og:title\" content=\"Sigillante liquido per vetri di smartphone e tablet: protegge i display e ne aumenta la longevit\u00e0\" \/>\n<meta property=\"og:description\" content=\"Proteggi il tuo smartphone e tablet con il nostro sigillante! Sigillante liquido per vetro per una protezione ottimale del display dello smartphone!\" \/>\n<meta property=\"og:url\" content=\"https:\/\/www.versiegelung24.com\/it\/consigli-sui-prodotti-di-versiegelung24\/competenza\/sigillatura-del-vetro-liquido-degli-smartphone\/\" \/>\n<meta property=\"og:site_name\" content=\"versiegelung24.com\" \/>\n<meta property=\"article:modified_time\" content=\"2024-09-01T20:43:01+00:00\" \/>\n<meta property=\"og:image\" content=\"https:\/\/www.versiegelung24.com\/wp-content\/uploads\/2021\/12\/smart_liq-1-scaled.jpg\" \/>\n\t<meta property=\"og:image:width\" content=\"2560\" \/>\n\t<meta property=\"og:image:height\" content=\"2560\" \/>\n\t<meta property=\"og:image:type\" content=\"image\/jpeg\" \/>\n<meta name=\"twitter:card\" content=\"summary_large_image\" \/>\n<meta name=\"twitter:label1\" content=\"Tempo di lettura stimato\" \/>\n\t<meta name=\"twitter:data1\" content=\"1 minuto\" \/>\n<script type=\"application\/ld+json\" class=\"yoast-schema-graph\">{\"@context\":\"https:\\\/\\\/schema.org\",\"@graph\":[{\"@type\":\"WebPage\",\"@id\":\"https:\\\/\\\/www.versiegelung24.com\\\/it\\\/consigli-sui-prodotti-di-versiegelung24\\\/competenza\\\/sigillatura-del-vetro-liquido-degli-smartphone\\\/\",\"url\":\"https:\\\/\\\/www.versiegelung24.com\\\/it\\\/consigli-sui-prodotti-di-versiegelung24\\\/competenza\\\/sigillatura-del-vetro-liquido-degli-smartphone\\\/\",\"name\":\"Proteggi il tuo smartphone e tablet con il sigillante liquido per vetri!\",\"isPartOf\":{\"@id\":\"https:\\\/\\\/www.versiegelung24.com\\\/it\\\/#website\"},\"primaryImageOfPage\":{\"@id\":\"https:\\\/\\\/www.versiegelung24.com\\\/it\\\/consigli-sui-prodotti-di-versiegelung24\\\/competenza\\\/sigillatura-del-vetro-liquido-degli-smartphone\\\/#primaryimage\"},\"image\":{\"@id\":\"https:\\\/\\\/www.versiegelung24.com\\\/it\\\/consigli-sui-prodotti-di-versiegelung24\\\/competenza\\\/sigillatura-del-vetro-liquido-degli-smartphone\\\/#primaryimage\"},\"thumbnailUrl\":\"https:\\\/\\\/www.versiegelung24.com\\\/wp-content\\\/uploads\\\/2021\\\/12\\\/smart_liq-1-scaled.jpg\",\"datePublished\":\"2021-12-14T13:15:38+00:00\",\"dateModified\":\"2024-09-01T20:43:01+00:00\",\"description\":\"Proteggi il tuo smartphone e tablet con il nostro sigillante! Sigillante liquido per vetro per una protezione ottimale del display dello smartphone!\",\"breadcrumb\":{\"@id\":\"https:\\\/\\\/www.versiegelung24.com\\\/it\\\/consigli-sui-prodotti-di-versiegelung24\\\/competenza\\\/sigillatura-del-vetro-liquido-degli-smartphone\\\/#breadcrumb\"},\"inLanguage\":\"it-IT\",\"potentialAction\":[{\"@type\":\"ReadAction\",\"target\":[\"https:\\\/\\\/www.versiegelung24.com\\\/it\\\/consigli-sui-prodotti-di-versiegelung24\\\/competenza\\\/sigillatura-del-vetro-liquido-degli-smartphone\\\/\"]}]},{\"@type\":\"ImageObject\",\"inLanguage\":\"it-IT\",\"@id\":\"https:\\\/\\\/www.versiegelung24.com\\\/it\\\/consigli-sui-prodotti-di-versiegelung24\\\/competenza\\\/sigillatura-del-vetro-liquido-degli-smartphone\\\/#primaryimage\",\"url\":\"https:\\\/\\\/www.versiegelung24.com\\\/wp-content\\\/uploads\\\/2021\\\/12\\\/smart_liq-1-scaled.jpg\",\"contentUrl\":\"https:\\\/\\\/www.versiegelung24.com\\\/wp-content\\\/uploads\\\/2021\\\/12\\\/smart_liq-1-scaled.jpg\",\"width\":2560,\"height\":2560},{\"@type\":\"BreadcrumbList\",\"@id\":\"https:\\\/\\\/www.versiegelung24.com\\\/it\\\/consigli-sui-prodotti-di-versiegelung24\\\/competenza\\\/sigillatura-del-vetro-liquido-degli-smartphone\\\/#breadcrumb\",\"itemListElement\":[{\"@type\":\"ListItem\",\"position\":1,\"name\":\"Homepage\",\"item\":\"https:\\\/\\\/www.versiegelung24.com\\\/it\\\/fronte\\\/\"},{\"@type\":\"ListItem\",\"position\":2,\"name\":\"Consulente\",\"item\":\"https:\\\/\\\/www.versiegelung24.com\\\/it\\\/ratgeber\\\/\"},{\"@type\":\"ListItem\",\"position\":3,\"name\":\"rivista\",\"item\":\"https:\\\/\\\/www.versiegelung24.com\\\/it\\\/ratgeber\\\/magazin\\\/\"},{\"@type\":\"ListItem\",\"position\":4,\"name\":\"Sigillante liquido per vetri di smartphone e tablet: protegge i display e ne aumenta la longevit\u00e0\"}]},{\"@type\":\"WebSite\",\"@id\":\"https:\\\/\\\/www.versiegelung24.com\\\/it\\\/#website\",\"url\":\"https:\\\/\\\/www.versiegelung24.com\\\/it\\\/\",\"name\":\"versiegelung24.com\",\"description\":\"Fl\u00fcssigglas-Versiegelung - Made in Germany\",\"publisher\":{\"@id\":\"https:\\\/\\\/www.versiegelung24.com\\\/it\\\/#organization\"},\"potentialAction\":[{\"@type\":\"SearchAction\",\"target\":{\"@type\":\"EntryPoint\",\"urlTemplate\":\"https:\\\/\\\/www.versiegelung24.com\\\/it\\\/?s={search_term_string}\"},\"query-input\":{\"@type\":\"PropertyValueSpecification\",\"valueRequired\":true,\"valueName\":\"search_term_string\"}}],\"inLanguage\":\"it-IT\"},{\"@type\":\"Organization\",\"@id\":\"https:\\\/\\\/www.versiegelung24.com\\\/it\\\/#organization\",\"name\":\"versiegelung24\",\"url\":\"https:\\\/\\\/www.versiegelung24.com\\\/it\\\/\",\"logo\":{\"@type\":\"ImageObject\",\"inLanguage\":\"it-IT\",\"@id\":\"https:\\\/\\\/www.versiegelung24.com\\\/it\\\/#\\\/schema\\\/logo\\\/image\\\/\",\"url\":\"https:\\\/\\\/www.versiegelung24.com\\\/wp-content\\\/uploads\\\/2020\\\/04\\\/versiegelung24.png\",\"contentUrl\":\"https:\\\/\\\/www.versiegelung24.com\\\/wp-content\\\/uploads\\\/2020\\\/04\\\/versiegelung24.png\",\"width\":470,\"height\":102,\"caption\":\"versiegelung24\"},\"image\":{\"@id\":\"https:\\\/\\\/www.versiegelung24.com\\\/it\\\/#\\\/schema\\\/logo\\\/image\\\/\"}}]}<\/script>\n<!-- \/ Yoast SEO Premium plugin. -->","yoast_head_json":{"title":"Proteggi il tuo smartphone e tablet con il sigillante liquido per vetri!","description":"Proteggi il tuo smartphone e tablet con il nostro sigillante! Sigillante liquido per vetro per una protezione ottimale del display dello smartphone!","robots":{"index":"index","follow":"follow","max-snippet":"max-snippet:-1","max-image-preview":"max-image-preview:large","max-video-preview":"max-video-preview:-1"},"canonical":"https:\/\/www.versiegelung24.com\/it\/consigli-sui-prodotti-di-versiegelung24\/competenza\/sigillatura-del-vetro-liquido-degli-smartphone\/","og_locale":"it_IT","og_type":"article","og_title":"Sigillante liquido per vetri di smartphone e tablet: protegge i display e ne aumenta la longevit\u00e0","og_description":"Proteggi il tuo smartphone e tablet con il nostro sigillante! Sigillante liquido per vetro per una protezione ottimale del display dello smartphone!","og_url":"https:\/\/www.versiegelung24.com\/it\/consigli-sui-prodotti-di-versiegelung24\/competenza\/sigillatura-del-vetro-liquido-degli-smartphone\/","og_site_name":"versiegelung24.com","article_modified_time":"2024-09-01T20:43:01+00:00","og_image":[{"width":2560,"height":2560,"url":"https:\/\/www.versiegelung24.com\/wp-content\/uploads\/2021\/12\/smart_liq-1-scaled.jpg","type":"image\/jpeg"}],"twitter_card":"summary_large_image","twitter_misc":{"Tempo di lettura stimato":"1 minuto"},"schema":{"@context":"https:\/\/schema.org","@graph":[{"@type":"WebPage","@id":"https:\/\/www.versiegelung24.com\/it\/consigli-sui-prodotti-di-versiegelung24\/competenza\/sigillatura-del-vetro-liquido-degli-smartphone\/","url":"https:\/\/www.versiegelung24.com\/it\/consigli-sui-prodotti-di-versiegelung24\/competenza\/sigillatura-del-vetro-liquido-degli-smartphone\/","name":"Proteggi il tuo smartphone e tablet con il sigillante liquido per vetri!","isPartOf":{"@id":"https:\/\/www.versiegelung24.com\/it\/#website"},"primaryImageOfPage":{"@id":"https:\/\/www.versiegelung24.com\/it\/consigli-sui-prodotti-di-versiegelung24\/competenza\/sigillatura-del-vetro-liquido-degli-smartphone\/#primaryimage"},"image":{"@id":"https:\/\/www.versiegelung24.com\/it\/consigli-sui-prodotti-di-versiegelung24\/competenza\/sigillatura-del-vetro-liquido-degli-smartphone\/#primaryimage"},"thumbnailUrl":"https:\/\/www.versiegelung24.com\/wp-content\/uploads\/2021\/12\/smart_liq-1-scaled.jpg","datePublished":"2021-12-14T13:15:38+00:00","dateModified":"2024-09-01T20:43:01+00:00","description":"Proteggi il tuo smartphone e tablet con il nostro sigillante! Sigillante liquido per vetro per una protezione ottimale del display dello smartphone!","breadcrumb":{"@id":"https:\/\/www.versiegelung24.com\/it\/consigli-sui-prodotti-di-versiegelung24\/competenza\/sigillatura-del-vetro-liquido-degli-smartphone\/#breadcrumb"},"inLanguage":"it-IT","potentialAction":[{"@type":"ReadAction","target":["https:\/\/www.versiegelung24.com\/it\/consigli-sui-prodotti-di-versiegelung24\/competenza\/sigillatura-del-vetro-liquido-degli-smartphone\/"]}]},{"@type":"ImageObject","inLanguage":"it-IT","@id":"https:\/\/www.versiegelung24.com\/it\/consigli-sui-prodotti-di-versiegelung24\/competenza\/sigillatura-del-vetro-liquido-degli-smartphone\/#primaryimage","url":"https:\/\/www.versiegelung24.com\/wp-content\/uploads\/2021\/12\/smart_liq-1-scaled.jpg","contentUrl":"https:\/\/www.versiegelung24.com\/wp-content\/uploads\/2021\/12\/smart_liq-1-scaled.jpg","width":2560,"height":2560},{"@type":"BreadcrumbList","@id":"https:\/\/www.versiegelung24.com\/it\/consigli-sui-prodotti-di-versiegelung24\/competenza\/sigillatura-del-vetro-liquido-degli-smartphone\/#breadcrumb","itemListElement":[{"@type":"ListItem","position":1,"name":"Homepage","item":"https:\/\/www.versiegelung24.com\/it\/fronte\/"},{"@type":"ListItem","position":2,"name":"Consulente","item":"https:\/\/www.versiegelung24.com\/it\/ratgeber\/"},{"@type":"ListItem","position":3,"name":"rivista","item":"https:\/\/www.versiegelung24.com\/it\/ratgeber\/magazin\/"},{"@type":"ListItem","position":4,"name":"Sigillante liquido per vetri di smartphone e tablet: protegge i display e ne aumenta la longevit\u00e0"}]},{"@type":"WebSite","@id":"https:\/\/www.versiegelung24.com\/it\/#website","url":"https:\/\/www.versiegelung24.com\/it\/","name":"versiegelung24.com","description":"Fl\u00fcssigglas-Versiegelung - Made in Germany","publisher":{"@id":"https:\/\/www.versiegelung24.com\/it\/#organization"},"potentialAction":[{"@type":"SearchAction","target":{"@type":"EntryPoint","urlTemplate":"https:\/\/www.versiegelung24.com\/it\/?s={search_term_string}"},"query-input":{"@type":"PropertyValueSpecification","valueRequired":true,"valueName":"search_term_string"}}],"inLanguage":"it-IT"},{"@type":"Organization","@id":"https:\/\/www.versiegelung24.com\/it\/#organization","name":"versiegelung24","url":"https:\/\/www.versiegelung24.com\/it\/","logo":{"@type":"ImageObject","inLanguage":"it-IT","@id":"https:\/\/www.versiegelung24.com\/it\/#\/schema\/logo\/image\/","url":"https:\/\/www.versiegelung24.com\/wp-content\/uploads\/2020\/04\/versiegelung24.png","contentUrl":"https:\/\/www.versiegelung24.com\/wp-content\/uploads\/2020\/04\/versiegelung24.png","width":470,"height":102,"caption":"versiegelung24"},"image":{"@id":"https:\/\/www.versiegelung24.com\/it\/#\/schema\/logo\/image\/"}}]}},"_links":{"self":[{"href":"https:\/\/www.versiegelung24.com\/it\/wp-json\/wp\/v2\/pages\/41065","targetHints":{"allow":["GET"]}}],"collection":[{"href":"https:\/\/www.versiegelung24.com\/it\/wp-json\/wp\/v2\/pages"}],"about":[{"href":"https:\/\/www.versiegelung24.com\/it\/wp-json\/wp\/v2\/types\/page"}],"author":[{"embeddable":true,"href":"https:\/\/www.versiegelung24.com\/it\/wp-json\/wp\/v2\/users\/932"}],"replies":[{"embeddable":true,"href":"https:\/\/www.versiegelung24.com\/it\/wp-json\/wp\/v2\/comments?post=41065"}],"version-history":[{"count":15,"href":"https:\/\/www.versiegelung24.com\/it\/wp-json\/wp\/v2\/pages\/41065\/revisions"}],"predecessor-version":[{"id":173411,"href":"https:\/\/www.versiegelung24.com\/it\/wp-json\/wp\/v2\/pages\/41065\/revisions\/173411"}],"up":[{"embeddable":true,"href":"https:\/\/www.versiegelung24.com\/it\/wp-json\/wp\/v2\/pages\/34669"}],"wp:featuredmedia":[{"embeddable":true,"href":"https:\/\/www.versiegelung24.com\/it\/wp-json\/wp\/v2\/media\/41495"}],"wp:attachment":[{"href":"https:\/\/www.versiegelung24.com\/it\/wp-json\/wp\/v2\/media?parent=41065"}],"wp:term":[{"taxonomy":"category","embeddable":true,"href":"https:\/\/www.versiegelung24.com\/it\/wp-json\/wp\/v2\/categories?post=41065"},{"taxonomy":"seiten_kategorie","embeddable":true,"href":"https:\/\/www.versiegelung24.com\/it\/wp-json\/wp\/v2\/seiten_kategorie?post=41065"}],"curies":[{"name":"wp","href":"https:\/\/api.w.org\/{rel}","templated":true}]}}