{"id":41088,"date":"2021-12-14T14:15:45","date_gmt":"2021-12-14T13:15:45","guid":{"rendered":"https:\/\/www.versiegelung24.com\/consigli-sui-prodotti-di-versiegelung24\/competenza\/protezione-dai-graffiti"},"modified":"2024-09-01T18:16:59","modified_gmt":"2024-09-01T16:16:59","slug":"protezione-dai-graffiti-con-vetro-liquido","status":"publish","type":"page","link":"https:\/\/www.versiegelung24.com\/it\/consigli-sui-prodotti-di-versiegelung24\/competenza\/protezione-dai-graffiti\/","title":{"rendered":"Protezione dai graffiti per la facciata"},"content":{"rendered":"\n<h1 class=\"wp-block-heading\" id=\"h-graffiti-schutz-mit-flussigglas\">Protezione graffiti con vetro liquido<\/h1>\n\n<p>Questo video dovrebbe essere particolarmente interessante per citt\u00e0 e comuni o per proprietari di immobili danneggiati che hanno gi\u00e0 avuto esperienza con la contaminazione da spruzzatori di graffiti. I colori degli &#8220;artisti&#8221; sono persistenti e penetrano nel cemento o nella pietra quando vengono spruzzati. Di conseguenza, \u00e8 molto costoso e dispendioso in termini di tempo rimuovere i graffiti, cosa che di solito deve essere eseguita in modo professionale.<\/p>\n\n<figure class=\"wp-block-embed aligncenter is-type-video is-provider-youtube wp-block-embed-youtube wp-embed-aspect-16-9 wp-has-aspect-ratio\"><div class=\"wp-block-embed__wrapper\"> \n<div class=\"nv-iframe-embed\"><iframe title=\"Graffiti Protection Pro 626 - How does it work?\" width=\"1200\" height=\"675\" src=\"https:\/\/www.youtube.com\/embed\/dP9jGmUvoek?feature=oembed\" frameborder=\"0\" allow=\"accelerometer; autoplay; clipboard-write; encrypted-media; gyroscope; picture-in-picture\" allowfullscreen><\/iframe><\/div>\n <\/div><\/figure>\n\n<div class=\"wp-block-columns is-layout-flex wp-container-core-columns-is-layout-9d6595d7 wp-block-columns-is-layout-flex\">\n<div class=\"wp-block-column is-layout-flow wp-block-column-is-layout-flow\" style=\"flex-basis:66.66%\">\n<p>Il video mostra il confronto con due mattoni in cemento:<\/p>\n\n\n\n<p><a href=\"https:\/\/www.versiegelung24.com\/it\/rivestimento-protettivo-anti-graffiti-sigillatura-per-facciate-altamente-efficace.html\">Una pietra \u00e8 completamente sigillata con vetro liquido<\/a> , l&#8217;altra no. Ora, come controparte dello spray colorato, una croce viene dipinta sulla rispettiva pietra con un pennarello. Anche qui si vede subito: nel caso della pietra non trattata, il colore nero viene disegnato immediatamente, la croce \u00e8 chiaramente visibile. Quando la pietra \u00e8 sigillata, il colore non pu\u00f2 penetrare nel vetro <a href=\"https:\/\/www.versiegelung24.com\/it\/rivestimento-protettivo-anti-graffiti-sigillatura-per-facciate-altamente-efficace.html\" target=\"_blank\" rel=\"noreferrer noopener\">liquido<\/a> , il che significa che non c&#8217;\u00e8 adesione. La croce \u00e8 quindi solo debolmente visibile e pu\u00f2 essere rimossa solo con acqua senza lasciare residui. Tenti invano di farlo con il mattone non trattato nel video. In molti casi, la pulizia pu\u00f2 essere effettuata con la sola acqua, ma l&#8217;efficacia pu\u00f2 variare a seconda del tipo di graffiti.<\/p>\n\n\n\n<p>Il rivestimento liquido per vetri pu\u00f2 essere utilizzato per proteggere la superficie dai graffiti.\nSe applicato correttamente e in condizioni favorevoli, l&#8217;effetto protettivo pu\u00f2 durare fino a 20 anni. <\/p>\n\n\n\n<p>Guarda il video per vedere come \u00e8 facile sigillare il cemento: Prima di applicare il rivestimento in vetro liquido, la superficie deve essere accuratamente pulita e asciugata per garantire che il sigillante aderisca in modo ottimale e si distribuisca uniformemente.<\/p>\n<\/div>\n\n\n\n<div class=\"wp-block-column is-layout-flow wp-block-column-is-layout-flow\" style=\"flex-basis:33.33%\"><div class=\"wp-block-image\">\n<figure class=\"alignright size-full is-resized\"><img fetchpriority=\"high\" decoding=\"async\" width=\"1000\" height=\"1000\" src=\"https:\/\/www.versiegelung24.com\/wp-content\/uploads\/2021\/12\/graf-1.jpg\" alt=\"\" class=\"wp-image-40868\" style=\"width:313px;height:313px\" srcset=\"https:\/\/www.versiegelung24.com\/wp-content\/uploads\/2021\/12\/graf-1.jpg 1000w, https:\/\/www.versiegelung24.com\/wp-content\/uploads\/2021\/12\/graf-1-400x400.jpg 400w, https:\/\/www.versiegelung24.com\/wp-content\/uploads\/2021\/12\/graf-1-100x100.jpg 100w, https:\/\/www.versiegelung24.com\/wp-content\/uploads\/2021\/12\/graf-1-600x600.jpg 600w, https:\/\/www.versiegelung24.com\/wp-content\/uploads\/2021\/12\/graf-1-300x300.jpg 300w, https:\/\/www.versiegelung24.com\/wp-content\/uploads\/2021\/12\/graf-1-80x80.jpg 80w, https:\/\/www.versiegelung24.com\/wp-content\/uploads\/2021\/12\/graf-1-768x768.jpg 768w\" sizes=\"(max-width: 1000px) 100vw, 1000px\" \/><\/figure>\n<\/div><\/div>\n<\/div>\n<div class=\"woocommerce columns-4 \"><ul class=\"products columns-4\">\n<li class=\"product type-product post-23938 status-publish first instock product_cat-sigillatura-in-pietra-e-cemento has-post-thumbnail taxable shipping-taxable purchasable product-type-variable has-default-attributes\">\n\t<div class=\"nv-card-content-wrapper\"><a href=\"https:\/\/www.versiegelung24.com\/it\/rivestimento-protettivo-anti-graffiti-sigillatura-per-facciate-altamente-efficace.html\" class=\"woocommerce-LoopProduct-link woocommerce-loop-product__link\"><div class=\"sp-product-image \"><div class=\"img-wrap\"><img decoding=\"async\" width=\"400\" height=\"400\" src=\"https:\/\/www.versiegelung24.com\/wp-content\/uploads\/2020\/04\/7626-anti-graffiti-400x400.webp\" class=\"attachment-woocommerce_thumbnail size-woocommerce_thumbnail\" alt=\"Rivestimento antigraffiti - Rivestimento antigraffiti\" srcset=\"https:\/\/www.versiegelung24.com\/wp-content\/uploads\/2020\/04\/7626-anti-graffiti-400x400.webp 400w, https:\/\/www.versiegelung24.com\/wp-content\/uploads\/2020\/04\/7626-anti-graffiti-300x300.webp 300w, https:\/\/www.versiegelung24.com\/wp-content\/uploads\/2020\/04\/7626-anti-graffiti-1300x1300.webp 1300w, https:\/\/www.versiegelung24.com\/wp-content\/uploads\/2020\/04\/7626-anti-graffiti-80x80.webp 80w, https:\/\/www.versiegelung24.com\/wp-content\/uploads\/2020\/04\/7626-anti-graffiti-768x768.webp 768w, https:\/\/www.versiegelung24.com\/wp-content\/uploads\/2020\/04\/7626-anti-graffiti-1536x1536.webp 1536w, https:\/\/www.versiegelung24.com\/wp-content\/uploads\/2020\/04\/7626-anti-graffiti-2048x2048.webp 2048w, https:\/\/www.versiegelung24.com\/wp-content\/uploads\/2020\/04\/7626-anti-graffiti-70x70.webp 70w, https:\/\/www.versiegelung24.com\/wp-content\/uploads\/2020\/04\/7626-anti-graffiti-600x600.webp 600w, https:\/\/www.versiegelung24.com\/wp-content\/uploads\/2020\/04\/7626-anti-graffiti-100x100.webp 100w\" sizes=\"(max-width: 400px) 100vw, 400px\" \/><\/div><\/div><h2 class=\"woocommerce-loop-product__title\">Rivestimento antigraffiti &#8211; Rivestimento antigraffiti<\/h2>\n\t<span class=\"price\"><span class=\"woocommerce-Price-amount amount\"><bdi>359,00<span class=\"woocommerce-Price-currencySymbol\">&euro;<\/span><\/bdi><\/span><\/span>\n\n\n\t<p class=\"price price-unit smaller wc-gzd-additional-info wc-gzd-additional-info-loop\">(<span class=\"woocommerce-Price-amount amount\">71,80<span class=\"woocommerce-Price-currencySymbol\">&euro;<\/span><\/span> \/ <span class=\"unit\">l<\/span>)<\/p>\n\n<\/a>\t\t<p class=\"artikelnummer wc-gzd-additional-info\">\n\t\t\tCOD: 9201-7626-5000\t\t<\/p>\n\t\t\n\t<p class=\"wc-gzd-additional-info wc-gzd-additional-info-loop product-units-wrapper product-units\">Contenuto: 5 <span class=\"unit\">l<\/span><\/p>\n\t\t<p class=\"lagerbestand wc-gzd-additional-info\">\n\t\t\t<strong>\n\t\t\t\tInventario\t\t\t\t:\n\t\t\t<\/strong>\n\t\t\tIn magazzino\t\t<\/p>\n\t\t\n\t<p class=\"wc-gzd-additional-info delivery-time-info wc-gzd-additional-info-loop\"><span class=\"delivery-time-inner delivery-time-7-giorni-lavorativi\">Tempi di consegna:  <span class=\"delivery-time-data\">7 giorni lavorativi<\/span><\/span><\/p>\n\n\t<p class=\"wc-gzd-additional-info wc-gzd-additional-info-loop tax-info\">incl. VAT<\/p>\n\n\t<p class=\"wc-gzd-additional-info wc-gzd-additional-info-loop shipping-costs-info\">pi\u00f9  <a href=\"https:\/\/www.versiegelung24.com\/it\/consigli-sui-prodotti-di-versiegelung24\/spedizione\/\" target=\"_blank\">spedizione<\/a><\/p>\n<a href=\"https:\/\/www.versiegelung24.com\/it\/rivestimento-protettivo-anti-graffiti-sigillatura-per-facciate-altamente-efficace.html\" aria-describedby=\"woocommerce_loop_add_to_cart_link_describedby_23938\" data-quantity=\"1\" class=\"button product_type_variable add_to_cart_button\" data-product_id=\"23938\" data-product_sku=\"9201-7626-5000\" aria-label=\"Seleziona le opzioni per &ldquo;Rivestimento antigraffiti - Rivestimento antigraffiti&rdquo;\" rel=\"nofollow\">Scegli<\/a>\t<span id=\"woocommerce_loop_add_to_cart_link_describedby_23938\" class=\"screen-reader-text\">\n\t\tQuesto prodotto ha pi\u00f9 varianti. Le opzioni possono essere scelte nella pagina del prodotto\t<\/span>\n<\/div><\/li>\n<\/ul>\n<\/div>\n\n","protected":false},"excerpt":{"rendered":"<p>Dichiarate guerra ai graffiti: una protezione efficace per la vostra facciata con il vetro liquido.<\/p>\n","protected":false},"author":932,"featured_media":40882,"parent":34669,"menu_order":0,"comment_status":"closed","ping_status":"closed","template":"","meta":{"_acf_changed":false,"neve_meta_sidebar":"full-width","neve_meta_container":"","neve_meta_enable_content_width":"on","neve_meta_content_width":100,"neve_meta_title_alignment":"","neve_meta_author_avatar":"","neve_post_elements_order":"","neve_meta_disable_header":"","neve_meta_disable_footer":"","neve_meta_disable_title":"","neve_meta_reading_time":"","footnotes":""},"categories":[3511,3593],"seiten_kategorie":[3839],"class_list":["post-41088","page","type-page","status-publish","has-post-thumbnail","hentry","category-articolo-di-consulenza-rivista","category-casa-e-giardino"],"acf":[],"yoast_head":"<!-- This site is optimized with the Yoast SEO Premium plugin v22.8 (Yoast SEO v27.5) - https:\/\/yoast.com\/product\/yoast-seo-premium-wordpress\/ -->\n<title>versiegelung24.com liquido per ragazze - Protezione dai graffiti per la facciata -<\/title>\n<meta name=\"description\" content=\"Sigillante liquido per ragazze come protezione contro i graffiti. Scopri da noi come puoi proteggere i tuoi effetti personali.\" \/>\n<meta name=\"robots\" content=\"index, follow, max-snippet:-1, max-image-preview:large, max-video-preview:-1\" \/>\n<link rel=\"canonical\" href=\"https:\/\/www.versiegelung24.com\/it\/consigli-sui-prodotti-di-versiegelung24\/competenza\/protezione-dai-graffiti\/\" \/>\n<meta property=\"og:locale\" content=\"it_IT\" \/>\n<meta property=\"og:type\" content=\"article\" \/>\n<meta property=\"og:title\" content=\"Protezione dai graffiti per la facciata\" \/>\n<meta property=\"og:description\" content=\"Sigillante liquido per ragazze come protezione contro i graffiti. Scopri da noi come puoi proteggere i tuoi effetti personali.\" \/>\n<meta property=\"og:url\" content=\"https:\/\/www.versiegelung24.com\/it\/consigli-sui-prodotti-di-versiegelung24\/competenza\/protezione-dai-graffiti\/\" \/>\n<meta property=\"og:site_name\" content=\"versiegelung24.com\" \/>\n<meta property=\"article:modified_time\" content=\"2024-09-01T16:16:59+00:00\" \/>\n<meta property=\"og:image\" content=\"https:\/\/www.versiegelung24.com\/wp-content\/uploads\/2021\/12\/graf-1.jpg\" \/>\n\t<meta property=\"og:image:width\" content=\"1000\" \/>\n\t<meta property=\"og:image:height\" content=\"1000\" \/>\n\t<meta property=\"og:image:type\" content=\"image\/jpeg\" \/>\n<meta name=\"twitter:card\" content=\"summary_large_image\" \/>\n<meta name=\"twitter:label1\" content=\"Tempo di lettura stimato\" \/>\n\t<meta name=\"twitter:data1\" content=\"1 minuto\" \/>\n<script type=\"application\/ld+json\" class=\"yoast-schema-graph\">{\"@context\":\"https:\\\/\\\/schema.org\",\"@graph\":[{\"@type\":\"WebPage\",\"@id\":\"https:\\\/\\\/www.versiegelung24.com\\\/it\\\/consigli-sui-prodotti-di-versiegelung24\\\/competenza\\\/protezione-dai-graffiti\\\/\",\"url\":\"https:\\\/\\\/www.versiegelung24.com\\\/it\\\/consigli-sui-prodotti-di-versiegelung24\\\/competenza\\\/protezione-dai-graffiti\\\/\",\"name\":\"versiegelung24.com liquido per ragazze - Protezione dai graffiti per la facciata -\",\"isPartOf\":{\"@id\":\"https:\\\/\\\/www.versiegelung24.com\\\/it\\\/#website\"},\"primaryImageOfPage\":{\"@id\":\"https:\\\/\\\/www.versiegelung24.com\\\/it\\\/consigli-sui-prodotti-di-versiegelung24\\\/competenza\\\/protezione-dai-graffiti\\\/#primaryimage\"},\"image\":{\"@id\":\"https:\\\/\\\/www.versiegelung24.com\\\/it\\\/consigli-sui-prodotti-di-versiegelung24\\\/competenza\\\/protezione-dai-graffiti\\\/#primaryimage\"},\"thumbnailUrl\":\"https:\\\/\\\/www.versiegelung24.com\\\/wp-content\\\/uploads\\\/2021\\\/12\\\/graf-1.jpg\",\"datePublished\":\"2021-12-14T13:15:45+00:00\",\"dateModified\":\"2024-09-01T16:16:59+00:00\",\"description\":\"Sigillante liquido per ragazze come protezione contro i graffiti. Scopri da noi come puoi proteggere i tuoi effetti personali.\",\"breadcrumb\":{\"@id\":\"https:\\\/\\\/www.versiegelung24.com\\\/it\\\/consigli-sui-prodotti-di-versiegelung24\\\/competenza\\\/protezione-dai-graffiti\\\/#breadcrumb\"},\"inLanguage\":\"it-IT\",\"potentialAction\":[{\"@type\":\"ReadAction\",\"target\":[\"https:\\\/\\\/www.versiegelung24.com\\\/it\\\/consigli-sui-prodotti-di-versiegelung24\\\/competenza\\\/protezione-dai-graffiti\\\/\"]}]},{\"@type\":\"ImageObject\",\"inLanguage\":\"it-IT\",\"@id\":\"https:\\\/\\\/www.versiegelung24.com\\\/it\\\/consigli-sui-prodotti-di-versiegelung24\\\/competenza\\\/protezione-dai-graffiti\\\/#primaryimage\",\"url\":\"https:\\\/\\\/www.versiegelung24.com\\\/wp-content\\\/uploads\\\/2021\\\/12\\\/graf-1.jpg\",\"contentUrl\":\"https:\\\/\\\/www.versiegelung24.com\\\/wp-content\\\/uploads\\\/2021\\\/12\\\/graf-1.jpg\",\"width\":1000,\"height\":1000},{\"@type\":\"BreadcrumbList\",\"@id\":\"https:\\\/\\\/www.versiegelung24.com\\\/it\\\/consigli-sui-prodotti-di-versiegelung24\\\/competenza\\\/protezione-dai-graffiti\\\/#breadcrumb\",\"itemListElement\":[{\"@type\":\"ListItem\",\"position\":1,\"name\":\"Homepage\",\"item\":\"https:\\\/\\\/www.versiegelung24.com\\\/it\\\/fronte\\\/\"},{\"@type\":\"ListItem\",\"position\":2,\"name\":\"Consulente\",\"item\":\"https:\\\/\\\/www.versiegelung24.com\\\/it\\\/ratgeber\\\/\"},{\"@type\":\"ListItem\",\"position\":3,\"name\":\"rivista\",\"item\":\"https:\\\/\\\/www.versiegelung24.com\\\/it\\\/ratgeber\\\/magazin\\\/\"},{\"@type\":\"ListItem\",\"position\":4,\"name\":\"Protezione dai graffiti per la facciata\"}]},{\"@type\":\"WebSite\",\"@id\":\"https:\\\/\\\/www.versiegelung24.com\\\/it\\\/#website\",\"url\":\"https:\\\/\\\/www.versiegelung24.com\\\/it\\\/\",\"name\":\"versiegelung24.com\",\"description\":\"Fl\u00fcssigglas-Versiegelung - Made in Germany\",\"publisher\":{\"@id\":\"https:\\\/\\\/www.versiegelung24.com\\\/it\\\/#organization\"},\"potentialAction\":[{\"@type\":\"SearchAction\",\"target\":{\"@type\":\"EntryPoint\",\"urlTemplate\":\"https:\\\/\\\/www.versiegelung24.com\\\/it\\\/?s={search_term_string}\"},\"query-input\":{\"@type\":\"PropertyValueSpecification\",\"valueRequired\":true,\"valueName\":\"search_term_string\"}}],\"inLanguage\":\"it-IT\"},{\"@type\":\"Organization\",\"@id\":\"https:\\\/\\\/www.versiegelung24.com\\\/it\\\/#organization\",\"name\":\"versiegelung24\",\"url\":\"https:\\\/\\\/www.versiegelung24.com\\\/it\\\/\",\"logo\":{\"@type\":\"ImageObject\",\"inLanguage\":\"it-IT\",\"@id\":\"https:\\\/\\\/www.versiegelung24.com\\\/it\\\/#\\\/schema\\\/logo\\\/image\\\/\",\"url\":\"https:\\\/\\\/www.versiegelung24.com\\\/wp-content\\\/uploads\\\/2020\\\/04\\\/versiegelung24.png\",\"contentUrl\":\"https:\\\/\\\/www.versiegelung24.com\\\/wp-content\\\/uploads\\\/2020\\\/04\\\/versiegelung24.png\",\"width\":470,\"height\":102,\"caption\":\"versiegelung24\"},\"image\":{\"@id\":\"https:\\\/\\\/www.versiegelung24.com\\\/it\\\/#\\\/schema\\\/logo\\\/image\\\/\"}}]}<\/script>\n<!-- \/ Yoast SEO Premium plugin. -->","yoast_head_json":{"title":"versiegelung24.com liquido per ragazze - Protezione dai graffiti per la facciata -","description":"Sigillante liquido per ragazze come protezione contro i graffiti. Scopri da noi come puoi proteggere i tuoi effetti personali.","robots":{"index":"index","follow":"follow","max-snippet":"max-snippet:-1","max-image-preview":"max-image-preview:large","max-video-preview":"max-video-preview:-1"},"canonical":"https:\/\/www.versiegelung24.com\/it\/consigli-sui-prodotti-di-versiegelung24\/competenza\/protezione-dai-graffiti\/","og_locale":"it_IT","og_type":"article","og_title":"Protezione dai graffiti per la facciata","og_description":"Sigillante liquido per ragazze come protezione contro i graffiti. Scopri da noi come puoi proteggere i tuoi effetti personali.","og_url":"https:\/\/www.versiegelung24.com\/it\/consigli-sui-prodotti-di-versiegelung24\/competenza\/protezione-dai-graffiti\/","og_site_name":"versiegelung24.com","article_modified_time":"2024-09-01T16:16:59+00:00","og_image":[{"width":1000,"height":1000,"url":"https:\/\/www.versiegelung24.com\/wp-content\/uploads\/2021\/12\/graf-1.jpg","type":"image\/jpeg"}],"twitter_card":"summary_large_image","twitter_misc":{"Tempo di lettura stimato":"1 minuto"},"schema":{"@context":"https:\/\/schema.org","@graph":[{"@type":"WebPage","@id":"https:\/\/www.versiegelung24.com\/it\/consigli-sui-prodotti-di-versiegelung24\/competenza\/protezione-dai-graffiti\/","url":"https:\/\/www.versiegelung24.com\/it\/consigli-sui-prodotti-di-versiegelung24\/competenza\/protezione-dai-graffiti\/","name":"versiegelung24.com liquido per ragazze - Protezione dai graffiti per la facciata -","isPartOf":{"@id":"https:\/\/www.versiegelung24.com\/it\/#website"},"primaryImageOfPage":{"@id":"https:\/\/www.versiegelung24.com\/it\/consigli-sui-prodotti-di-versiegelung24\/competenza\/protezione-dai-graffiti\/#primaryimage"},"image":{"@id":"https:\/\/www.versiegelung24.com\/it\/consigli-sui-prodotti-di-versiegelung24\/competenza\/protezione-dai-graffiti\/#primaryimage"},"thumbnailUrl":"https:\/\/www.versiegelung24.com\/wp-content\/uploads\/2021\/12\/graf-1.jpg","datePublished":"2021-12-14T13:15:45+00:00","dateModified":"2024-09-01T16:16:59+00:00","description":"Sigillante liquido per ragazze come protezione contro i graffiti. Scopri da noi come puoi proteggere i tuoi effetti personali.","breadcrumb":{"@id":"https:\/\/www.versiegelung24.com\/it\/consigli-sui-prodotti-di-versiegelung24\/competenza\/protezione-dai-graffiti\/#breadcrumb"},"inLanguage":"it-IT","potentialAction":[{"@type":"ReadAction","target":["https:\/\/www.versiegelung24.com\/it\/consigli-sui-prodotti-di-versiegelung24\/competenza\/protezione-dai-graffiti\/"]}]},{"@type":"ImageObject","inLanguage":"it-IT","@id":"https:\/\/www.versiegelung24.com\/it\/consigli-sui-prodotti-di-versiegelung24\/competenza\/protezione-dai-graffiti\/#primaryimage","url":"https:\/\/www.versiegelung24.com\/wp-content\/uploads\/2021\/12\/graf-1.jpg","contentUrl":"https:\/\/www.versiegelung24.com\/wp-content\/uploads\/2021\/12\/graf-1.jpg","width":1000,"height":1000},{"@type":"BreadcrumbList","@id":"https:\/\/www.versiegelung24.com\/it\/consigli-sui-prodotti-di-versiegelung24\/competenza\/protezione-dai-graffiti\/#breadcrumb","itemListElement":[{"@type":"ListItem","position":1,"name":"Homepage","item":"https:\/\/www.versiegelung24.com\/it\/fronte\/"},{"@type":"ListItem","position":2,"name":"Consulente","item":"https:\/\/www.versiegelung24.com\/it\/ratgeber\/"},{"@type":"ListItem","position":3,"name":"rivista","item":"https:\/\/www.versiegelung24.com\/it\/ratgeber\/magazin\/"},{"@type":"ListItem","position":4,"name":"Protezione dai graffiti per la facciata"}]},{"@type":"WebSite","@id":"https:\/\/www.versiegelung24.com\/it\/#website","url":"https:\/\/www.versiegelung24.com\/it\/","name":"versiegelung24.com","description":"Fl\u00fcssigglas-Versiegelung - Made in Germany","publisher":{"@id":"https:\/\/www.versiegelung24.com\/it\/#organization"},"potentialAction":[{"@type":"SearchAction","target":{"@type":"EntryPoint","urlTemplate":"https:\/\/www.versiegelung24.com\/it\/?s={search_term_string}"},"query-input":{"@type":"PropertyValueSpecification","valueRequired":true,"valueName":"search_term_string"}}],"inLanguage":"it-IT"},{"@type":"Organization","@id":"https:\/\/www.versiegelung24.com\/it\/#organization","name":"versiegelung24","url":"https:\/\/www.versiegelung24.com\/it\/","logo":{"@type":"ImageObject","inLanguage":"it-IT","@id":"https:\/\/www.versiegelung24.com\/it\/#\/schema\/logo\/image\/","url":"https:\/\/www.versiegelung24.com\/wp-content\/uploads\/2020\/04\/versiegelung24.png","contentUrl":"https:\/\/www.versiegelung24.com\/wp-content\/uploads\/2020\/04\/versiegelung24.png","width":470,"height":102,"caption":"versiegelung24"},"image":{"@id":"https:\/\/www.versiegelung24.com\/it\/#\/schema\/logo\/image\/"}}]}},"_links":{"self":[{"href":"https:\/\/www.versiegelung24.com\/it\/wp-json\/wp\/v2\/pages\/41088","targetHints":{"allow":["GET"]}}],"collection":[{"href":"https:\/\/www.versiegelung24.com\/it\/wp-json\/wp\/v2\/pages"}],"about":[{"href":"https:\/\/www.versiegelung24.com\/it\/wp-json\/wp\/v2\/types\/page"}],"author":[{"embeddable":true,"href":"https:\/\/www.versiegelung24.com\/it\/wp-json\/wp\/v2\/users\/932"}],"replies":[{"embeddable":true,"href":"https:\/\/www.versiegelung24.com\/it\/wp-json\/wp\/v2\/comments?post=41088"}],"version-history":[{"count":17,"href":"https:\/\/www.versiegelung24.com\/it\/wp-json\/wp\/v2\/pages\/41088\/revisions"}],"predecessor-version":[{"id":172654,"href":"https:\/\/www.versiegelung24.com\/it\/wp-json\/wp\/v2\/pages\/41088\/revisions\/172654"}],"up":[{"embeddable":true,"href":"https:\/\/www.versiegelung24.com\/it\/wp-json\/wp\/v2\/pages\/34669"}],"wp:featuredmedia":[{"embeddable":true,"href":"https:\/\/www.versiegelung24.com\/it\/wp-json\/wp\/v2\/media\/40882"}],"wp:attachment":[{"href":"https:\/\/www.versiegelung24.com\/it\/wp-json\/wp\/v2\/media?parent=41088"}],"wp:term":[{"taxonomy":"category","embeddable":true,"href":"https:\/\/www.versiegelung24.com\/it\/wp-json\/wp\/v2\/categories?post=41088"},{"taxonomy":"seiten_kategorie","embeddable":true,"href":"https:\/\/www.versiegelung24.com\/it\/wp-json\/wp\/v2\/seiten_kategorie?post=41088"}],"curies":[{"name":"wp","href":"https:\/\/api.w.org\/{rel}","templated":true}]}}