{"id":126092,"date":"2023-09-01T15:04:03","date_gmt":"2023-09-01T13:04:48","guid":{"rendered":"https:\/\/www.versiegelung24.com\/product\/sigillante-per-parabrezza-406\/"},"modified":"2025-01-05T17:36:14","modified_gmt":"2025-01-05T16:36:14","slug":"parabrezza-sigillante-406","status":"publish","type":"product","link":"https:\/\/www.versiegelung24.com\/it\/parabrezza-sigillante-406.html","title":{"rendered":"Sigillatura del parabrezza"},"content":{"rendered":"\n<p><strong>Entrate in una nuova era di sicurezza e comfort di guida con il nostro sigillante per parabrezza approvato dal T\u00dcV<\/strong>. La nostra formula avanzata non solo \u00e8 incredibilmente resistente, ma anche versatile: dalle auto ai camion, alle barche e alle roulotte. Provate la differenza di 20.000 km di guida senza pensieri con una sola applicazione. \u00c8 sufficiente riapplicarlo ogni sei mesi per godere di un anno intero di visione insuperabile.<\/p>\n\n<p>Ma non \u00e8 tutto. Il nostro sigillante fa s\u00ec che l&#8217;acqua rotoli via a velocit\u00e0 superiori a 60 km\/h, risparmiando cos\u00ec i tergicristalli e mantenendo una visione chiara anche in caso di maltempo. Guidate spesso di notte? Il nostro sigillante riduce l&#8217;abbagliamento e la distorsione della luce, in modo che possiate essere sicuri e fiduciosi sulla strada.<\/p>\n\n<h2 class=\"wp-block-heading\" id=\"video\">video<\/h2>\n\n<figure class=\"wp-block-embed is-type-video is-provider-youtube wp-block-embed-youtube wp-embed-aspect-16-9 wp-has-aspect-ratio\"><div class=\"wp-block-embed__wrapper\">\n<div class=\"nv-iframe-embed\"><iframe title=\"Windschutzscheiben Versiegelung - Versiegelung24.com\" width=\"1200\" height=\"675\" src=\"https:\/\/www.youtube.com\/embed\/5cu8smLIMD0?feature=oembed\" frameborder=\"0\" allow=\"accelerometer; autoplay; clipboard-write; encrypted-media; gyroscope; picture-in-picture; web-share\" allowfullscreen><\/iframe><\/div>\n<\/div><\/figure>\n\n<hr class=\"wp-block-separator has-alpha-channel-opacity\"\/>\n\n<h2 class=\"wp-block-heading\" id=\"properties\">propriet\u00e0<\/h2>\n\n<p><\/p>\n\n<p>Contenuto: 2 panni di pre-pulizia, 2 panni sigillanti (ciascuno per 2m\u00b2), 1 panno in microfibra, 2 guanti monouso<\/p>\n\n<ul class=\"wp-block-list\">\n<li>Lunga durata: fino a 20.000 km<\/li>\n\n\n\n<li>Riduce l&#8217;abbagliamento e la distorsione della luce di notte<\/li>\n\n\n\n<li>Perle d&#8217;acqua (60+ km\/h), ovvero visuale libera anche senza tergicristalli<\/li>\n\n\n\n<li>Protegge i tergicristalli<\/li>\n\n\n\n<li>Applicazione semplice<\/li>\n\n\n\n<li>Forti propriet\u00e0 antiadesive e minore adesione degli insetti<\/li>\n\n\n\n<li>Riduce i micrograffi<\/li>\n\n\n\n<li>Finestra pi\u00f9 facile da pulire e ghiaccio pi\u00f9 facile da rimuovere<\/li>\n\n\n\n<li>Strato protettivo invisibile &#8211; 500 volte pi\u00f9 sottile di un capello umano<\/li>\n\n\n\n<li>Stabile ai raggi UV con elevata resistenza all&#8217;abrasione<\/li>\n\n\n\n<li>Resistente alle fluttuazioni di temperatura<\/li>\n\n\n\n<li>Resistente agli agenti chimici (da ph 2 a 13)<\/li>\n\n\n\n<li>Resistente alle lavatrici e alle idropulitrici<\/li>\n\n\n\n<li>Per i finestrini anteriori e laterali di auto, furgoni, camion, barche e roulotte<\/li>\n\n\n\n<li>Applicare sul parabrezza e ripetere dopo 6 mesi = dura fino a 1 anno<\/li>\n\n\n\n<li>Testato dal T\u00dcV<\/li>\n<\/ul>\n","protected":false},"excerpt":{"rendered":"<p>\u2713 Lunga durata &#8211; fino a 20.000 km<\/p>\n<p>\u2713 L&#8217;acqua si spegne (a pi\u00f9 di 60 km\/h), vale a dire che la visuale \u00e8 chiara anche senza tergicristalli<\/p>\n<p>\u2713 Forti propriet\u00e0 antiadesive e minore adesione degli insetti<\/p>\n","protected":false},"featured_media":132064,"template":"","meta":{"_acf_changed":false,"neve_meta_sidebar":"","neve_meta_container":"","neve_meta_enable_content_width":"","neve_meta_content_width":0,"neve_meta_title_alignment":"","neve_meta_author_avatar":"","neve_post_elements_order":"","neve_meta_disable_header":"","neve_meta_disable_footer":"","neve_meta_disable_title":"","neve_meta_reading_time":"","_surfaces":[],"_ver_product_tabs":[],"footnotes":""},"product_brand":[],"product_cat":[2215,2993,2162],"product_tag":[],"class_list":{"0":"post-126092","1":"product","2":"type-product","3":"status-publish","4":"has-post-thumbnail","6":"product_cat-sigillatura-dellauto","7":"product_cat-sigillatura-del-vetro-liquido","8":"product_cat-sigillatura-per-vetro-e-ceramica","10":"first","11":"instock","12":"taxable","13":"shipping-taxable","14":"purchasable","15":"product-type-simple"},"acf":[],"yoast_head":"<!-- This site is optimized with the Yoast SEO Premium plugin v22.8 (Yoast SEO v27.5) - https:\/\/yoast.com\/product\/yoast-seo-premium-wordpress\/ -->\n<title>Sigillatura del parabrezza - versiegelung24.com<\/title>\n<meta name=\"robots\" content=\"index, follow, max-snippet:-1, max-image-preview:large, max-video-preview:-1\" \/>\n<link rel=\"canonical\" href=\"https:\/\/www.versiegelung24.com\/it\/parabrezza-sigillante-406.html\" \/>\n<meta property=\"og:locale\" content=\"it_IT\" \/>\n<meta property=\"og:type\" content=\"article\" \/>\n<meta property=\"og:title\" content=\"Sigillatura del parabrezza\" \/>\n<meta property=\"og:description\" content=\"\u2713 Lunga durata - fino a 20.000 km \u2713 L&#039;acqua si spegne (a pi\u00f9 di 60 km\/h), vale a dire che la visuale \u00e8 chiara anche senza tergicristalli \u2713 Forti propriet\u00e0 antiadesive e minore adesione degli insetti\" \/>\n<meta property=\"og:url\" content=\"https:\/\/www.versiegelung24.com\/it\/parabrezza-sigillante-406.html\" \/>\n<meta property=\"og:site_name\" content=\"versiegelung24.com\" \/>\n<meta property=\"article:modified_time\" content=\"2025-01-05T16:36:14+00:00\" \/>\n<meta property=\"og:image\" content=\"https:\/\/www.versiegelung24.com\/wp-content\/uploads\/2023\/09\/windschutz-1-1.webp\" \/>\n\t<meta property=\"og:image:width\" content=\"2560\" \/>\n\t<meta property=\"og:image:height\" content=\"2560\" \/>\n\t<meta property=\"og:image:type\" content=\"image\/webp\" \/>\n<meta name=\"twitter:card\" content=\"summary_large_image\" \/>\n<meta name=\"twitter:label1\" content=\"Prezzo\" \/>\n\t<meta name=\"twitter:data1\" content=\"17,99&euro;\" \/>\n\t<meta name=\"twitter:label2\" content=\"Disponibilit\u00e0\" \/>\n\t<meta name=\"twitter:data2\" content=\"In stock\" \/>\n<script type=\"application\/ld+json\" class=\"yoast-schema-graph\">{\"@context\":\"https:\\\/\\\/schema.org\",\"@graph\":[{\"@type\":\"WebPage\",\"@id\":\"https:\\\/\\\/www.versiegelung24.com\\\/it\\\/parabrezza-sigillante-406.html\",\"url\":\"https:\\\/\\\/www.versiegelung24.com\\\/it\\\/parabrezza-sigillante-406.html\",\"name\":\"Sigillatura del parabrezza - versiegelung24.com\",\"isPartOf\":{\"@id\":\"https:\\\/\\\/www.versiegelung24.com\\\/it\\\/#website\"},\"primaryImageOfPage\":{\"@id\":\"https:\\\/\\\/www.versiegelung24.com\\\/it\\\/parabrezza-sigillante-406.html#primaryimage\"},\"image\":{\"@id\":\"https:\\\/\\\/www.versiegelung24.com\\\/it\\\/parabrezza-sigillante-406.html#primaryimage\"},\"thumbnailUrl\":\"https:\\\/\\\/www.versiegelung24.com\\\/wp-content\\\/uploads\\\/2023\\\/09\\\/windschutz-1-1.webp\",\"datePublished\":\"2023-09-01T13:04:48+00:00\",\"dateModified\":\"2025-01-05T16:36:14+00:00\",\"breadcrumb\":{\"@id\":\"https:\\\/\\\/www.versiegelung24.com\\\/it\\\/parabrezza-sigillante-406.html#breadcrumb\"},\"inLanguage\":\"it-IT\",\"potentialAction\":[{\"@type\":\"ReadAction\",\"target\":[\"https:\\\/\\\/www.versiegelung24.com\\\/it\\\/parabrezza-sigillante-406.html\"]}]},{\"@type\":\"ImageObject\",\"inLanguage\":\"it-IT\",\"@id\":\"https:\\\/\\\/www.versiegelung24.com\\\/it\\\/parabrezza-sigillante-406.html#primaryimage\",\"url\":\"https:\\\/\\\/www.versiegelung24.com\\\/wp-content\\\/uploads\\\/2023\\\/09\\\/windschutz-1-1.webp\",\"contentUrl\":\"https:\\\/\\\/www.versiegelung24.com\\\/wp-content\\\/uploads\\\/2023\\\/09\\\/windschutz-1-1.webp\",\"width\":2560,\"height\":2560},{\"@type\":\"BreadcrumbList\",\"@id\":\"https:\\\/\\\/www.versiegelung24.com\\\/it\\\/parabrezza-sigillante-406.html#breadcrumb\",\"itemListElement\":[{\"@type\":\"ListItem\",\"position\":1,\"name\":\"Homepage\",\"item\":\"https:\\\/\\\/www.versiegelung24.com\\\/it\\\/fronte\\\/\"},{\"@type\":\"ListItem\",\"position\":2,\"name\":\"Negozio\",\"item\":\"https:\\\/\\\/www.versiegelung24.com\\\/it\\\/negozio\\\/\"},{\"@type\":\"ListItem\",\"position\":3,\"name\":\"Sigillatura del parabrezza\"}]},{\"@type\":\"WebSite\",\"@id\":\"https:\\\/\\\/www.versiegelung24.com\\\/it\\\/#website\",\"url\":\"https:\\\/\\\/www.versiegelung24.com\\\/it\\\/\",\"name\":\"versiegelung24.com\",\"description\":\"Fl\u00fcssigglas-Versiegelung - Made in Germany\",\"publisher\":{\"@id\":\"https:\\\/\\\/www.versiegelung24.com\\\/it\\\/#organization\"},\"potentialAction\":[{\"@type\":\"SearchAction\",\"target\":{\"@type\":\"EntryPoint\",\"urlTemplate\":\"https:\\\/\\\/www.versiegelung24.com\\\/it\\\/?s={search_term_string}\"},\"query-input\":{\"@type\":\"PropertyValueSpecification\",\"valueRequired\":true,\"valueName\":\"search_term_string\"}}],\"inLanguage\":\"it-IT\"},{\"@type\":\"Organization\",\"@id\":\"https:\\\/\\\/www.versiegelung24.com\\\/it\\\/#organization\",\"name\":\"versiegelung24\",\"url\":\"https:\\\/\\\/www.versiegelung24.com\\\/it\\\/\",\"logo\":{\"@type\":\"ImageObject\",\"inLanguage\":\"it-IT\",\"@id\":\"https:\\\/\\\/www.versiegelung24.com\\\/it\\\/#\\\/schema\\\/logo\\\/image\\\/\",\"url\":\"https:\\\/\\\/www.versiegelung24.com\\\/wp-content\\\/uploads\\\/2020\\\/04\\\/versiegelung24.png\",\"contentUrl\":\"https:\\\/\\\/www.versiegelung24.com\\\/wp-content\\\/uploads\\\/2020\\\/04\\\/versiegelung24.png\",\"width\":470,\"height\":102,\"caption\":\"versiegelung24\"},\"image\":{\"@id\":\"https:\\\/\\\/www.versiegelung24.com\\\/it\\\/#\\\/schema\\\/logo\\\/image\\\/\"}}]}<\/script>\n<meta property=\"product:price:amount\" content=\"17.99\" \/>\n<meta property=\"product:price:currency\" content=\"EUR\" \/>\n<meta property=\"og:availability\" content=\"instock\" \/>\n<meta property=\"product:availability\" content=\"instock\" \/>\n<meta property=\"product:retailer_item_id\" content=\"4040-406\" \/>\n<meta property=\"product:condition\" content=\"new\" \/>\n<!-- \/ Yoast SEO Premium plugin. -->","yoast_head_json":{"title":"Sigillatura del parabrezza - versiegelung24.com","robots":{"index":"index","follow":"follow","max-snippet":"max-snippet:-1","max-image-preview":"max-image-preview:large","max-video-preview":"max-video-preview:-1"},"canonical":"https:\/\/www.versiegelung24.com\/it\/parabrezza-sigillante-406.html","og_locale":"it_IT","og_type":"article","og_title":"Sigillatura del parabrezza","og_description":"\u2713 Lunga durata - fino a 20.000 km \u2713 L'acqua si spegne (a pi\u00f9 di 60 km\/h), vale a dire che la visuale \u00e8 chiara anche senza tergicristalli \u2713 Forti propriet\u00e0 antiadesive e minore adesione degli insetti","og_url":"https:\/\/www.versiegelung24.com\/it\/parabrezza-sigillante-406.html","og_site_name":"versiegelung24.com","article_modified_time":"2025-01-05T16:36:14+00:00","og_image":[{"width":2560,"height":2560,"url":"https:\/\/www.versiegelung24.com\/wp-content\/uploads\/2023\/09\/windschutz-1-1.webp","type":"image\/webp"}],"twitter_card":"summary_large_image","twitter_misc":{"Prezzo":"17,99&euro;","Disponibilit\u00e0":"In stock"},"schema":{"@context":"https:\/\/schema.org","@graph":[{"@type":"WebPage","@id":"https:\/\/www.versiegelung24.com\/it\/parabrezza-sigillante-406.html","url":"https:\/\/www.versiegelung24.com\/it\/parabrezza-sigillante-406.html","name":"Sigillatura del parabrezza - versiegelung24.com","isPartOf":{"@id":"https:\/\/www.versiegelung24.com\/it\/#website"},"primaryImageOfPage":{"@id":"https:\/\/www.versiegelung24.com\/it\/parabrezza-sigillante-406.html#primaryimage"},"image":{"@id":"https:\/\/www.versiegelung24.com\/it\/parabrezza-sigillante-406.html#primaryimage"},"thumbnailUrl":"https:\/\/www.versiegelung24.com\/wp-content\/uploads\/2023\/09\/windschutz-1-1.webp","datePublished":"2023-09-01T13:04:48+00:00","dateModified":"2025-01-05T16:36:14+00:00","breadcrumb":{"@id":"https:\/\/www.versiegelung24.com\/it\/parabrezza-sigillante-406.html#breadcrumb"},"inLanguage":"it-IT","potentialAction":[{"@type":"ReadAction","target":["https:\/\/www.versiegelung24.com\/it\/parabrezza-sigillante-406.html"]}]},{"@type":"ImageObject","inLanguage":"it-IT","@id":"https:\/\/www.versiegelung24.com\/it\/parabrezza-sigillante-406.html#primaryimage","url":"https:\/\/www.versiegelung24.com\/wp-content\/uploads\/2023\/09\/windschutz-1-1.webp","contentUrl":"https:\/\/www.versiegelung24.com\/wp-content\/uploads\/2023\/09\/windschutz-1-1.webp","width":2560,"height":2560},{"@type":"BreadcrumbList","@id":"https:\/\/www.versiegelung24.com\/it\/parabrezza-sigillante-406.html#breadcrumb","itemListElement":[{"@type":"ListItem","position":1,"name":"Homepage","item":"https:\/\/www.versiegelung24.com\/it\/fronte\/"},{"@type":"ListItem","position":2,"name":"Negozio","item":"https:\/\/www.versiegelung24.com\/it\/negozio\/"},{"@type":"ListItem","position":3,"name":"Sigillatura del parabrezza"}]},{"@type":"WebSite","@id":"https:\/\/www.versiegelung24.com\/it\/#website","url":"https:\/\/www.versiegelung24.com\/it\/","name":"versiegelung24.com","description":"Fl\u00fcssigglas-Versiegelung - Made in Germany","publisher":{"@id":"https:\/\/www.versiegelung24.com\/it\/#organization"},"potentialAction":[{"@type":"SearchAction","target":{"@type":"EntryPoint","urlTemplate":"https:\/\/www.versiegelung24.com\/it\/?s={search_term_string}"},"query-input":{"@type":"PropertyValueSpecification","valueRequired":true,"valueName":"search_term_string"}}],"inLanguage":"it-IT"},{"@type":"Organization","@id":"https:\/\/www.versiegelung24.com\/it\/#organization","name":"versiegelung24","url":"https:\/\/www.versiegelung24.com\/it\/","logo":{"@type":"ImageObject","inLanguage":"it-IT","@id":"https:\/\/www.versiegelung24.com\/it\/#\/schema\/logo\/image\/","url":"https:\/\/www.versiegelung24.com\/wp-content\/uploads\/2020\/04\/versiegelung24.png","contentUrl":"https:\/\/www.versiegelung24.com\/wp-content\/uploads\/2020\/04\/versiegelung24.png","width":470,"height":102,"caption":"versiegelung24"},"image":{"@id":"https:\/\/www.versiegelung24.com\/it\/#\/schema\/logo\/image\/"}}]},"product_price_amount":"17.99","product_price_currency":"EUR","og_availability":"instock","product_availability":"instock","product_retailer_item_id":"4040-406","product_condition":"new"},"_links":{"self":[{"href":"https:\/\/www.versiegelung24.com\/it\/wp-json\/wp\/v2\/product\/126092","targetHints":{"allow":["GET"]}}],"collection":[{"href":"https:\/\/www.versiegelung24.com\/it\/wp-json\/wp\/v2\/product"}],"about":[{"href":"https:\/\/www.versiegelung24.com\/it\/wp-json\/wp\/v2\/types\/product"}],"version-history":[{"count":8,"href":"https:\/\/www.versiegelung24.com\/it\/wp-json\/wp\/v2\/product\/126092\/revisions"}],"predecessor-version":[{"id":178335,"href":"https:\/\/www.versiegelung24.com\/it\/wp-json\/wp\/v2\/product\/126092\/revisions\/178335"}],"wp:featuredmedia":[{"embeddable":true,"href":"https:\/\/www.versiegelung24.com\/it\/wp-json\/wp\/v2\/media\/132064"}],"wp:attachment":[{"href":"https:\/\/www.versiegelung24.com\/it\/wp-json\/wp\/v2\/media?parent=126092"}],"wp:term":[{"taxonomy":"product_brand","embeddable":true,"href":"https:\/\/www.versiegelung24.com\/it\/wp-json\/wp\/v2\/product_brand?post=126092"},{"taxonomy":"product_cat","embeddable":true,"href":"https:\/\/www.versiegelung24.com\/it\/wp-json\/wp\/v2\/product_cat?post=126092"},{"taxonomy":"product_tag","embeddable":true,"href":"https:\/\/www.versiegelung24.com\/it\/wp-json\/wp\/v2\/product_tag?post=126092"}],"curies":[{"name":"wp","href":"https:\/\/api.w.org\/{rel}","templated":true}]}}