{"id":145293,"date":"2024-01-07T15:15:48","date_gmt":"2024-01-13T10:21:56","guid":{"rendered":"https:\/\/www.versiegelung24.com\/product\/v24-gomma-da-cancellare-per-lo-sporco-100x70x30mm\/"},"modified":"2025-01-05T15:45:49","modified_gmt":"2025-01-05T14:45:49","slug":"v24-schmutzradierer-100x70x30mm","status":"publish","type":"product","link":"https:\/\/www.versiegelung24.com\/it\/v24-schmutzradierer-100x70x30mm.html","title":{"rendered":"V24 Gomma da cancellare per lo sporco 100x70x30mm"},"content":{"rendered":"\n<h1 class=\"wp-block-heading\" id=\"h-v24-schmutzradierer-gegen-hartnackige-flecken-online-kaufen\">Acquistare online il cancellatore di macchie V24 contro le macchie ostinate<\/h1>\n\n<h2 class=\"wp-block-heading\" id=\"h-muhelos-hartnackige-flecken-beseitigen-mit-dem-versiegelung24-com-schmutzradierer\">Rimuovete senza fatica le macchie pi\u00f9 ostinate con la gomma per macchie di Versiegelung24.com<\/h2>\n\n<p>Solo le superfici pulite possono essere sigillate con i nostri <a href=\"https:\/\/www.versiegelung24.com\/fluessigglas-versiegelung\/\">sigillanti<\/a>, per questo \u00e8 essenziale rimuovere le macchie leggere e ostinate. Il nostro cancellino per lo sporco \u00e8 una spugna in melamina high-tech perfetta per la pulizia delle superfici. Per le macchie particolarmente ostinate, consigliamo l&#8217;uso aggiuntivo del nostro detergente organico biodegradabile al 100% <a href=\"https:\/\/www.versiegelung24.com\/it\/biosativa-biologico-pre-detergente.html\">BIOSATIVA\u00ae<\/a>, ma non sono necessari detergenti chimici.<\/p>\n\n<div class=\"wp-block-columns is-layout-flex wp-container-core-columns-is-layout-9d6595d7 wp-block-columns-is-layout-flex\">\n<div class=\"wp-block-column is-layout-flow wp-block-column-is-layout-flow\">\n<h2 class=\"wp-block-heading\" id=\"properties\">Caratteristiche del prodotto<\/h2>\n\n\n\n<ul class=\"wp-block-list\">\n<li>Spugna in melamina ad alta tecnologia<\/li>\n\n\n\n<li>Dimensioni: 100x70x30 mm<\/li>\n\n\n\n<li>senza ingredienti chimici<\/li>\n\n\n\n<li>non tossico<\/li>\n<\/ul>\n\n\n\n<h2 class=\"wp-block-heading\" id=\"application\">Come rimuovere in modo affidabile lo sporco con la nostra spugna per cancellare<\/h2>\n\n\n\n<ol class=\"wp-block-list\">\n<li>Inumidire e strizzare la spugna<\/li>\n\n\n\n<li>Strofinare sullo sporco con una leggera pressione<\/li>\n\n\n\n<li>Quindi risciacquare la spugna e utilizzarla di nuovo.<\/li>\n<\/ol>\n<\/div>\n\n\n\n<div class=\"wp-block-column is-layout-flow wp-block-column-is-layout-flow\">\n<figure class=\"wp-block-image size-full\"><img fetchpriority=\"high\" decoding=\"async\" width=\"1105\" height=\"1105\" src=\"https:\/\/www.versiegelung24.com\/wp-content\/uploads\/2024\/01\/v24-9020-content-1.webp\" alt=\"\" class=\"wp-image-138069\" srcset=\"https:\/\/www.versiegelung24.com\/wp-content\/uploads\/2024\/01\/v24-9020-content-1.webp 1105w, https:\/\/www.versiegelung24.com\/wp-content\/uploads\/2024\/01\/v24-9020-content-1-300x300.webp 300w, https:\/\/www.versiegelung24.com\/wp-content\/uploads\/2024\/01\/v24-9020-content-1-80x80.webp 80w, https:\/\/www.versiegelung24.com\/wp-content\/uploads\/2024\/01\/v24-9020-content-1-768x768.webp 768w, https:\/\/www.versiegelung24.com\/wp-content\/uploads\/2024\/01\/v24-9020-content-1-70x70.webp 70w, https:\/\/www.versiegelung24.com\/wp-content\/uploads\/2024\/01\/v24-9020-content-1-400x400.webp 400w, https:\/\/www.versiegelung24.com\/wp-content\/uploads\/2024\/01\/v24-9020-content-1-600x600.webp 600w, https:\/\/www.versiegelung24.com\/wp-content\/uploads\/2024\/01\/v24-9020-content-1-100x100.webp 100w\" sizes=\"(max-width: 1105px) 100vw, 1105px\" \/><\/figure>\n<\/div>\n<\/div>\n\n<h2 class=\"wp-block-heading\" id=\"h-vielfaltige-einsatzmoglichkeiten-des-schmutzradierers\"><strong>Ampia gamma di applicazioni per la gomma<\/strong><\/h2>\n\n<p>Il cancellino per lo sporco di Versiegelung24.com \u00e8 un vero e proprio tuttofare quando si tratta di rimuovere macchie e sporco ostinato. La sua ampia gamma di utilizzi lo rende un aiuto indispensabile in casa. Ecco alcuni esempi di utilizzo della nostra gomma:<\/p>\n\n<ol class=\"wp-block-list\">\n<li><strong>Rimuove le macchie sulle pareti:<\/strong> Ideale per rimuovere segni e macchie dalle pareti, come impronte digitali o macchie di sporco.<\/li>\n\n\n\n<li><strong>Pulizia degli elettrodomestici da cucina:<\/strong> rimuove efficacemente grasso e residui di cibo da superfici di cucina, fornelli e forni.<\/li>\n\n\n\n<li><strong>Pulizia del bagno:<\/strong> Rimuove il calcare e le macchie d&#8217;acqua su rubinetteria, piastrelle e box doccia.<\/li>\n\n\n\n<li><strong>Detergente per scarpe:<\/strong> rimuove macchie e abrasioni ostinate su scarpe da ginnastica e altri materiali per scarpe.<\/li>\n\n\n\n<li><strong>Cura dei mobili:<\/strong> ideale per la pulizia delle superfici dei mobili in plastica o in legno, rimuove le impronte digitali e le macchie.<\/li>\n\n\n\n<li><strong>Macchie sui tessuti:<\/strong> rimuove in modo sicuro le macchie da divani, sedie o altre superfici in tessuto.<\/li>\n\n\n\n<li><strong>Pulizia degli interni dell&#8217;auto:<\/strong> Perfetto per la pulizia di cruscotti, pannelli delle portiere e altre parti in plastica dell&#8217;auto.<\/li>\n\n\n\n<li><strong>Computer ed elettronica:<\/strong> sicuro per la pulizia di tastiere e altri dispositivi elettronici sensibili.<\/li>\n\n\n\n<li><strong>Detergente per giocattoli:<\/strong> Rimuove lo sporco e le macchie dai giocattoli di plastica senza l&#8217;uso di sostanze chimiche nocive.<\/li>\n\n\n\n<li><strong>Porte e maniglie:<\/strong> efficace per rimuovere le impronte digitali e lo sporco dalle maniglie e dai telai delle porte.<\/li>\n<\/ol>\n\n<h2 class=\"wp-block-heading\" id=\"h-was-sie-vor-dem-kauf-des-radierschwamms-beachten-sollten\">Cosa bisogna considerare prima di acquistare la spugna per cancellare<\/h2>\n\n<h3 class=\"wp-block-heading\" id=\"h-geeignete-oberflachen-fur-den-wunderschwamm\">Superfici adatte alla spugna miracolosa<\/h3>\n\n<p>La spugna miracolosa \u00e8 uno strumento di pulizia versatile che pu\u00f2 essere utilizzato su diverse superfici. Le superfici adatte alla spugna miracolosa sono <strong>plastica, acciaio inox, vetro, ceramica, carta da parati, piastrelle e molto altro<\/strong>. La spugna pu\u00f2 essere utilizzata efficacemente su questi materiali per rimuovere sporco, grasso e residui. La spugna miracolosa \u00e8 adatta anche alle superfici delicate come il legno, perch\u00e9 non lascia graffi e non lascia segni antiestetici. Pu\u00f2 essere utilizzato per pulire delicatamente le superfici senza danneggiarle.  <\/p>\n\n<p><\/p><h3>A cosa prestare attenzione<\/h3>La spugna pu\u00f2 essere tagliata a misura per raggiungere aree particolarmente difficili.  <strong>Si consiglia di fare attenzione alle<\/strong> <strong>superfici<\/strong><strong>particolarmente sensibili<\/strong>, <strong>lucide<\/strong>, <strong>verniciate<\/strong> e <strong>lucidate<\/strong>! \u00c8 consigliabile effettuare un test su un&#8217;area non visibile e notare che il prodotto si consuma, soprattutto sulle superfici ruvide. Dopo l&#8217;applicazione, le superfici devono essere pulite con acqua pulita per rimuovere eventuali residui.\n","protected":false},"excerpt":{"rendered":"<p class=\"MsoNormal\"><strong>Spugna in melamina per la pre-pulizia delle superfici<\/strong><\/p>\n<p>\u2713 Riutilizzabile<\/p>\n<p>\u2713 Rispettoso dell&#8217;ambiente<\/p>\n<p>\u2713 Pratico<\/p>\n<p>\u2713 Universalmente applicabile<\/p>\n<p>\u2713 100x70x30mm<\/p>\n<p>&nbsp;<\/p>\n","protected":false},"featured_media":138040,"template":"","meta":{"_acf_changed":false,"neve_meta_sidebar":"","neve_meta_container":"","neve_meta_enable_content_width":"","neve_meta_content_width":0,"neve_meta_title_alignment":"","neve_meta_author_avatar":"","neve_post_elements_order":"","neve_meta_disable_header":"","neve_meta_disable_footer":"","neve_meta_disable_title":"","neve_meta_reading_time":"","_surfaces":[],"_ver_product_tabs":[],"footnotes":""},"product_brand":[],"product_cat":[2162,2215,2263,2266,2503,3078],"product_tag":[],"class_list":{"0":"post-145293","1":"product","2":"type-product","3":"status-publish","4":"has-post-thumbnail","6":"product_cat-sigillatura-per-vetro-e-ceramica","7":"product_cat-sigillatura-dellauto","8":"product_cat-sigillatura-in-metallo-e-plastica","9":"product_cat-prodotti-per-la-pulizia","10":"product_cat-guarnizione-universale","11":"product_cat-attrezzatura","13":"first","14":"instock","15":"taxable","16":"shipping-taxable","17":"purchasable","18":"product-type-simple"},"acf":[],"yoast_head":"<!-- This site is optimized with the Yoast SEO Premium plugin v22.8 (Yoast SEO v27.5) - https:\/\/yoast.com\/product\/yoast-seo-premium-wordpress\/ -->\n<title>Comprare gomme da cancellare a buon mercato online - Versiegelung24.com<\/title>\n<meta name=\"description\" content=\"Acquistate il cancellino per lo sporco a buon mercato online su Versiegelung24.com e rimuovete senza fatica lo sporco ostinato da diverse superfici.\" \/>\n<meta name=\"robots\" content=\"index, follow, max-snippet:-1, max-image-preview:large, max-video-preview:-1\" \/>\n<link rel=\"canonical\" href=\"https:\/\/www.versiegelung24.com\/it\/v24-schmutzradierer-100x70x30mm.html\" \/>\n<meta property=\"og:locale\" content=\"it_IT\" \/>\n<meta property=\"og:type\" content=\"article\" \/>\n<meta property=\"og:title\" content=\"V24 Gomma da cancellare per lo sporco 100x70x30mm\" \/>\n<meta property=\"og:description\" content=\"Acquistate il cancellino per lo sporco a buon mercato online su Versiegelung24.com e rimuovete senza fatica lo sporco ostinato da diverse superfici.\" \/>\n<meta property=\"og:url\" content=\"https:\/\/www.versiegelung24.com\/it\/v24-schmutzradierer-100x70x30mm.html\" \/>\n<meta property=\"og:site_name\" content=\"versiegelung24.com\" \/>\n<meta property=\"article:modified_time\" content=\"2025-01-05T14:45:49+00:00\" \/>\n<meta property=\"og:image\" content=\"https:\/\/www.versiegelung24.com\/wp-content\/uploads\/2024\/01\/V24-9020-3.webp\" \/>\n\t<meta property=\"og:image:width\" content=\"600\" \/>\n\t<meta property=\"og:image:height\" content=\"600\" \/>\n\t<meta property=\"og:image:type\" content=\"image\/webp\" \/>\n<meta name=\"twitter:card\" content=\"summary_large_image\" \/>\n<meta name=\"twitter:label1\" content=\"Prezzo\" \/>\n\t<meta name=\"twitter:data1\" content=\"0,99&euro;\" \/>\n\t<meta name=\"twitter:label2\" content=\"Disponibilit\u00e0\" \/>\n\t<meta name=\"twitter:data2\" content=\"In stock\" \/>\n<script type=\"application\/ld+json\" class=\"yoast-schema-graph\">{\"@context\":\"https:\\\/\\\/schema.org\",\"@graph\":[{\"@type\":\"WebPage\",\"@id\":\"https:\\\/\\\/www.versiegelung24.com\\\/it\\\/v24-schmutzradierer-100x70x30mm.html\",\"url\":\"https:\\\/\\\/www.versiegelung24.com\\\/it\\\/v24-schmutzradierer-100x70x30mm.html\",\"name\":\"Comprare gomme da cancellare a buon mercato online - Versiegelung24.com\",\"isPartOf\":{\"@id\":\"https:\\\/\\\/www.versiegelung24.com\\\/it\\\/#website\"},\"primaryImageOfPage\":{\"@id\":\"https:\\\/\\\/www.versiegelung24.com\\\/it\\\/v24-schmutzradierer-100x70x30mm.html#primaryimage\"},\"image\":{\"@id\":\"https:\\\/\\\/www.versiegelung24.com\\\/it\\\/v24-schmutzradierer-100x70x30mm.html#primaryimage\"},\"thumbnailUrl\":\"https:\\\/\\\/www.versiegelung24.com\\\/wp-content\\\/uploads\\\/2024\\\/01\\\/V24-9020-3.webp\",\"datePublished\":\"2024-01-13T10:21:56+00:00\",\"dateModified\":\"2025-01-05T14:45:49+00:00\",\"description\":\"Acquistate il cancellino per lo sporco a buon mercato online su Versiegelung24.com e rimuovete senza fatica lo sporco ostinato da diverse superfici.\",\"breadcrumb\":{\"@id\":\"https:\\\/\\\/www.versiegelung24.com\\\/it\\\/v24-schmutzradierer-100x70x30mm.html#breadcrumb\"},\"inLanguage\":\"it-IT\",\"potentialAction\":[{\"@type\":\"ReadAction\",\"target\":[\"https:\\\/\\\/www.versiegelung24.com\\\/it\\\/v24-schmutzradierer-100x70x30mm.html\"]}]},{\"@type\":\"ImageObject\",\"inLanguage\":\"it-IT\",\"@id\":\"https:\\\/\\\/www.versiegelung24.com\\\/it\\\/v24-schmutzradierer-100x70x30mm.html#primaryimage\",\"url\":\"https:\\\/\\\/www.versiegelung24.com\\\/wp-content\\\/uploads\\\/2024\\\/01\\\/V24-9020-3.webp\",\"contentUrl\":\"https:\\\/\\\/www.versiegelung24.com\\\/wp-content\\\/uploads\\\/2024\\\/01\\\/V24-9020-3.webp\",\"width\":600,\"height\":600},{\"@type\":\"BreadcrumbList\",\"@id\":\"https:\\\/\\\/www.versiegelung24.com\\\/it\\\/v24-schmutzradierer-100x70x30mm.html#breadcrumb\",\"itemListElement\":[{\"@type\":\"ListItem\",\"position\":1,\"name\":\"Homepage\",\"item\":\"https:\\\/\\\/www.versiegelung24.com\\\/it\\\/fronte\\\/\"},{\"@type\":\"ListItem\",\"position\":2,\"name\":\"Negozio\",\"item\":\"https:\\\/\\\/www.versiegelung24.com\\\/it\\\/negozio\\\/\"},{\"@type\":\"ListItem\",\"position\":3,\"name\":\"V24 Gomma da cancellare per lo sporco 100x70x30mm\"}]},{\"@type\":\"WebSite\",\"@id\":\"https:\\\/\\\/www.versiegelung24.com\\\/it\\\/#website\",\"url\":\"https:\\\/\\\/www.versiegelung24.com\\\/it\\\/\",\"name\":\"versiegelung24.com\",\"description\":\"Fl\u00fcssigglas-Versiegelung - Made in Germany\",\"publisher\":{\"@id\":\"https:\\\/\\\/www.versiegelung24.com\\\/it\\\/#organization\"},\"potentialAction\":[{\"@type\":\"SearchAction\",\"target\":{\"@type\":\"EntryPoint\",\"urlTemplate\":\"https:\\\/\\\/www.versiegelung24.com\\\/it\\\/?s={search_term_string}\"},\"query-input\":{\"@type\":\"PropertyValueSpecification\",\"valueRequired\":true,\"valueName\":\"search_term_string\"}}],\"inLanguage\":\"it-IT\"},{\"@type\":\"Organization\",\"@id\":\"https:\\\/\\\/www.versiegelung24.com\\\/it\\\/#organization\",\"name\":\"versiegelung24\",\"url\":\"https:\\\/\\\/www.versiegelung24.com\\\/it\\\/\",\"logo\":{\"@type\":\"ImageObject\",\"inLanguage\":\"it-IT\",\"@id\":\"https:\\\/\\\/www.versiegelung24.com\\\/it\\\/#\\\/schema\\\/logo\\\/image\\\/\",\"url\":\"https:\\\/\\\/www.versiegelung24.com\\\/wp-content\\\/uploads\\\/2020\\\/04\\\/versiegelung24.png\",\"contentUrl\":\"https:\\\/\\\/www.versiegelung24.com\\\/wp-content\\\/uploads\\\/2020\\\/04\\\/versiegelung24.png\",\"width\":470,\"height\":102,\"caption\":\"versiegelung24\"},\"image\":{\"@id\":\"https:\\\/\\\/www.versiegelung24.com\\\/it\\\/#\\\/schema\\\/logo\\\/image\\\/\"}}]}<\/script>\n<meta property=\"product:price:amount\" content=\"0.99\" \/>\n<meta property=\"product:price:currency\" content=\"EUR\" \/>\n<meta property=\"og:availability\" content=\"instock\" \/>\n<meta property=\"product:availability\" content=\"instock\" \/>\n<meta property=\"product:retailer_item_id\" content=\"V24-9020-1\" \/>\n<meta property=\"product:condition\" content=\"new\" \/>\n<!-- \/ Yoast SEO Premium plugin. -->","yoast_head_json":{"title":"Comprare gomme da cancellare a buon mercato online - Versiegelung24.com","description":"Acquistate il cancellino per lo sporco a buon mercato online su Versiegelung24.com e rimuovete senza fatica lo sporco ostinato da diverse superfici.","robots":{"index":"index","follow":"follow","max-snippet":"max-snippet:-1","max-image-preview":"max-image-preview:large","max-video-preview":"max-video-preview:-1"},"canonical":"https:\/\/www.versiegelung24.com\/it\/v24-schmutzradierer-100x70x30mm.html","og_locale":"it_IT","og_type":"article","og_title":"V24 Gomma da cancellare per lo sporco 100x70x30mm","og_description":"Acquistate il cancellino per lo sporco a buon mercato online su Versiegelung24.com e rimuovete senza fatica lo sporco ostinato da diverse superfici.","og_url":"https:\/\/www.versiegelung24.com\/it\/v24-schmutzradierer-100x70x30mm.html","og_site_name":"versiegelung24.com","article_modified_time":"2025-01-05T14:45:49+00:00","og_image":[{"width":600,"height":600,"url":"https:\/\/www.versiegelung24.com\/wp-content\/uploads\/2024\/01\/V24-9020-3.webp","type":"image\/webp"}],"twitter_card":"summary_large_image","twitter_misc":{"Prezzo":"0,99&euro;","Disponibilit\u00e0":"In stock"},"schema":{"@context":"https:\/\/schema.org","@graph":[{"@type":"WebPage","@id":"https:\/\/www.versiegelung24.com\/it\/v24-schmutzradierer-100x70x30mm.html","url":"https:\/\/www.versiegelung24.com\/it\/v24-schmutzradierer-100x70x30mm.html","name":"Comprare gomme da cancellare a buon mercato online - Versiegelung24.com","isPartOf":{"@id":"https:\/\/www.versiegelung24.com\/it\/#website"},"primaryImageOfPage":{"@id":"https:\/\/www.versiegelung24.com\/it\/v24-schmutzradierer-100x70x30mm.html#primaryimage"},"image":{"@id":"https:\/\/www.versiegelung24.com\/it\/v24-schmutzradierer-100x70x30mm.html#primaryimage"},"thumbnailUrl":"https:\/\/www.versiegelung24.com\/wp-content\/uploads\/2024\/01\/V24-9020-3.webp","datePublished":"2024-01-13T10:21:56+00:00","dateModified":"2025-01-05T14:45:49+00:00","description":"Acquistate il cancellino per lo sporco a buon mercato online su Versiegelung24.com e rimuovete senza fatica lo sporco ostinato da diverse superfici.","breadcrumb":{"@id":"https:\/\/www.versiegelung24.com\/it\/v24-schmutzradierer-100x70x30mm.html#breadcrumb"},"inLanguage":"it-IT","potentialAction":[{"@type":"ReadAction","target":["https:\/\/www.versiegelung24.com\/it\/v24-schmutzradierer-100x70x30mm.html"]}]},{"@type":"ImageObject","inLanguage":"it-IT","@id":"https:\/\/www.versiegelung24.com\/it\/v24-schmutzradierer-100x70x30mm.html#primaryimage","url":"https:\/\/www.versiegelung24.com\/wp-content\/uploads\/2024\/01\/V24-9020-3.webp","contentUrl":"https:\/\/www.versiegelung24.com\/wp-content\/uploads\/2024\/01\/V24-9020-3.webp","width":600,"height":600},{"@type":"BreadcrumbList","@id":"https:\/\/www.versiegelung24.com\/it\/v24-schmutzradierer-100x70x30mm.html#breadcrumb","itemListElement":[{"@type":"ListItem","position":1,"name":"Homepage","item":"https:\/\/www.versiegelung24.com\/it\/fronte\/"},{"@type":"ListItem","position":2,"name":"Negozio","item":"https:\/\/www.versiegelung24.com\/it\/negozio\/"},{"@type":"ListItem","position":3,"name":"V24 Gomma da cancellare per lo sporco 100x70x30mm"}]},{"@type":"WebSite","@id":"https:\/\/www.versiegelung24.com\/it\/#website","url":"https:\/\/www.versiegelung24.com\/it\/","name":"versiegelung24.com","description":"Fl\u00fcssigglas-Versiegelung - Made in Germany","publisher":{"@id":"https:\/\/www.versiegelung24.com\/it\/#organization"},"potentialAction":[{"@type":"SearchAction","target":{"@type":"EntryPoint","urlTemplate":"https:\/\/www.versiegelung24.com\/it\/?s={search_term_string}"},"query-input":{"@type":"PropertyValueSpecification","valueRequired":true,"valueName":"search_term_string"}}],"inLanguage":"it-IT"},{"@type":"Organization","@id":"https:\/\/www.versiegelung24.com\/it\/#organization","name":"versiegelung24","url":"https:\/\/www.versiegelung24.com\/it\/","logo":{"@type":"ImageObject","inLanguage":"it-IT","@id":"https:\/\/www.versiegelung24.com\/it\/#\/schema\/logo\/image\/","url":"https:\/\/www.versiegelung24.com\/wp-content\/uploads\/2020\/04\/versiegelung24.png","contentUrl":"https:\/\/www.versiegelung24.com\/wp-content\/uploads\/2020\/04\/versiegelung24.png","width":470,"height":102,"caption":"versiegelung24"},"image":{"@id":"https:\/\/www.versiegelung24.com\/it\/#\/schema\/logo\/image\/"}}]},"product_price_amount":"0.99","product_price_currency":"EUR","og_availability":"instock","product_availability":"instock","product_retailer_item_id":"V24-9020-1","product_condition":"new"},"_links":{"self":[{"href":"https:\/\/www.versiegelung24.com\/it\/wp-json\/wp\/v2\/product\/145293","targetHints":{"allow":["GET"]}}],"collection":[{"href":"https:\/\/www.versiegelung24.com\/it\/wp-json\/wp\/v2\/product"}],"about":[{"href":"https:\/\/www.versiegelung24.com\/it\/wp-json\/wp\/v2\/types\/product"}],"version-history":[{"count":2,"href":"https:\/\/www.versiegelung24.com\/it\/wp-json\/wp\/v2\/product\/145293\/revisions"}],"predecessor-version":[{"id":178305,"href":"https:\/\/www.versiegelung24.com\/it\/wp-json\/wp\/v2\/product\/145293\/revisions\/178305"}],"wp:featuredmedia":[{"embeddable":true,"href":"https:\/\/www.versiegelung24.com\/it\/wp-json\/wp\/v2\/media\/138040"}],"wp:attachment":[{"href":"https:\/\/www.versiegelung24.com\/it\/wp-json\/wp\/v2\/media?parent=145293"}],"wp:term":[{"taxonomy":"product_brand","embeddable":true,"href":"https:\/\/www.versiegelung24.com\/it\/wp-json\/wp\/v2\/product_brand?post=145293"},{"taxonomy":"product_cat","embeddable":true,"href":"https:\/\/www.versiegelung24.com\/it\/wp-json\/wp\/v2\/product_cat?post=145293"},{"taxonomy":"product_tag","embeddable":true,"href":"https:\/\/www.versiegelung24.com\/it\/wp-json\/wp\/v2\/product_tag?post=145293"}],"curies":[{"name":"wp","href":"https:\/\/api.w.org\/{rel}","templated":true}]}}