{"id":157675,"date":"2024-04-04T12:30:43","date_gmt":"2024-04-04T10:30:43","guid":{"rendered":"https:\/\/www.versiegelung24.com\/?post_type=product&#038;p=157675"},"modified":"2025-01-05T18:02:55","modified_gmt":"2025-01-05T17:02:55","slug":"isopropanol","status":"publish","type":"product","link":"https:\/\/www.versiegelung24.com\/it\/100-bioetanolo-ad-alta-purezza-per-una-pre-pulizia-professionale-kopie.html","title":{"rendered":"Isopropanolo 99,9% ad alta purezza per la pre-pulizia"},"content":{"rendered":"\n<h4 class=\"wp-block-heading\" id=\"h-beschreibung\">Descrizione del  <\/h4>\n\n<p>L&#8217;isopropanolo, noto anche come IPA, 2-propanolo o alcool isopropilico, \u00e8 un liquido incolore e chiaro dall&#8217;odore caratteristico, caratterizzato da un&#8217;ampia gamma di applicazioni in ambito domestico, hobbistico e industriale. L&#8217;elevata purezza del 99,9% rende il nostro isopropanolo il pre-pulitore ideale per varie superfici e per la preparazione di ulteriori fasi di lavorazione.<\/p>\n\n<p>Pu\u00f2 essere utilizzato molto bene in combinazione con il nostro pre-pulitore biologico senza residui <strong><a href=\"https:\/\/www.versiegelung24.com\/it\/biosativa-biologico-pre-detergente.html\">BIOSATIVA\u00ae<\/a><\/strong><br\/>per la preparazione di<a href=\"https:\/\/www.versiegelung24.com\/versiegelung-glas-keramik\/\">vetro<\/a>, <a href=\"https:\/\/www.versiegelung24.com\/versiegelung-glas-keramik\/\">ceramica<\/a> e <a href=\"https:\/\/www.versiegelung24.com\/oberflaechen\/\">superfici<\/a> verniciate all&#8217;applicazione dei nostri sigillanti per superfici.<\/p>\n\n<hr\/>\n\n<h4 class=\"wp-block-heading\" id=\"properties\">Caratteristiche del prodotto<\/h4>\n\n<p>\u2713 <strong>Propriet\u00e0 sgrassanti<\/strong>: efficace per rimuovere grasso, oli e alcuni adesivi.<\/p>\n\n<p>\u2713 <strong>Potenziale di disinfezione<\/strong>: pu\u00f2 contribuire a ridurre i batteri e a eliminare gli odori grazie alla sua base alcolica.<\/p>\n\n<p>\u2713 <strong>Evaporazione rapida<\/strong>: evapora rapidamente senza lasciare residui, ideale per i processi di pulizia.<\/p>\n\n<p>\u2713 <strong>Solubilit\u00e0<\/strong>: Eccellente solubilit\u00e0 in acqua, che lo rende adatto a varie diluizioni e applicazioni.<\/p>\n\n<p>\u2713 <strong>Purezza<\/strong>: contenuto di isopropanolo al 99,9% per i pi\u00f9 alti standard di purezza ed efficacia.\u2713 Produzione regionale con ingredienti provenienti dall&#8217;Europa<\/p>\n\n<p>\u2713 S <strong>tato fisico<\/strong>: liquido limpido e incolore con un odore caratteristico e pungente.<\/p>\n\n<p><strong>Altamente infiammabile<\/strong>: deve essere maneggiato e immagazzinato con cura, lontano da fonti di accensione.<\/p>\n\n<p>\u2713 <strong>Non corrosivo<\/strong>: se opportunamente diluito, pu\u00f2 essere utilizzato sulla maggior parte dei metalli e delle plastiche.<\/p>\n\n<p>\u2713 <strong>Versatilit\u00e0 d&#8217;uso<\/strong>: grazie all&#8217;elevata purezza, \u00e8 adatto per applicazioni tecniche, cosmetiche e di laboratorio.<\/p>\n\n<p><strong>\u2713 Profilo di sicurezza<\/strong>: Richiede misure di protezione durante l&#8217;uso per evitare l&#8217;inalazione o il contatto con la pelle.<\/p>\n\n<hr\/>\n\n<h4 class=\"wp-block-heading\" id=\"application\">Applicazione<\/h4>\n\n<ul class=\"wp-block-list\">\n<li><strong>Pulizia dei vetri<\/strong>: Ideale per la pulizia senza striature delle superfici in vetro. Per ottenere risultati ottimali, si consiglia di diluire con il 30% di acqua distillata.<\/li>\n\n\n\n<li><strong>Sgrassaggio<\/strong>: rimozione efficace di residui di grasso, vernice, inchiostro e adesivo da varie superfici.<\/li>\n\n\n\n<li><strong>Industria automobilistica<\/strong>: indispensabile per rimuovere lo sporco e i residui di colla prima della lucidatura della vernice.<\/li>\n\n\n\n<li><strong>Stampa 3D<\/strong>: perfetto per la pulizia senza residui dei letti di stampa e di altri componenti delle stampanti 3D.<\/li>\n\n\n\n<li><strong>Pulizia dei vaporizzatori<\/strong>: Eccellente per la pulizia di sigarette elettroniche e tubi per prevenire la formazione di batteri.<\/li>\n\n\n\n<li><strong>Cura dei dischi<\/strong>: gli amanti della musica apprezzano il delicato effetto di pulizia sui loro tesori in vinile.<\/li>\n\n\n\n<li><strong>Rimozione degli odori<\/strong>: Elimina gli odori sgradevoli nelle scarpe o in altri tessuti.<\/li>\n\n\n\n<li><strong>Disinfestazione<\/strong>: utile nella lotta contro le cimici dei letti e i tarli.<\/li>\n<\/ul>\n\n<p>Oltre alle principali aree di applicazione, l&#8217;isopropanolo \u00e8 ideale anche come sghiacciatore di serrature, pulitore di cavi e per molte altre applicazioni che richiedono un&#8217;accurata pre-pulizia.<\/p>\n\n<hr\/>\n\n<h4 class=\"wp-block-heading\" id=\"faq\">FAQ<\/h4>\n\n<div class=\"schema-faq wp-block-yoast-faq-block\"><div class=\"schema-faq-section\" id=\"faq-question-1645793617330\"><strong class=\"schema-faq-question\">L&#8217;<strong>isopropanolo 99,9% pu\u00f2 essere utilizzato per scopi medici o di disinfezione<\/strong>?<\/strong> <p class=\"schema-faq-answer\">L&#8217;isopropanolo 99,9% pu\u00f2 essere utilizzato per disinfettare le superfici, in quanto ha propriet\u00e0 battericide grazie all&#8217;elevata concentrazione di alcol. Per l&#8217;applicazione diretta sulla pelle o per scopi medici, tuttavia, deve essere diluito di conseguenza.  <strong>Si sconsiglia l&#8217;uso per scopi medici o di disinfezione!<\/strong><\/p> <\/div> <div class=\"schema-faq-section\" id=\"faq-question-1645793819353\"><strong class=\"schema-faq-question\"><strong>L&#8217;isopropanolo 99,9% \u00e8 sicuro per la pulizia dei dispositivi elettronici?<\/strong><\/strong> <p class=\"schema-faq-answer\">S\u00ec, l&#8217;isopropanolo 99,9% \u00e8 ideale per la pulizia dei dispositivi elettronici perch\u00e9 evapora rapidamente e non lascia residui. \u00c8 importante spegnere e scollegare i dispositivi elettronici prima dell&#8217;uso e non spruzzare l&#8217;alcol direttamente sui dispositivi, ma utilizzare un panno imbevuto di isopropanolo.<br><\/p> <\/div> <div class=\"schema-faq-section\" id=\"faq-question-1645794918526\"><strong class=\"schema-faq-question\"><strong>Come deve essere conservato l&#8217;isopropanolo 99,9%?<\/strong><\/strong> <p class=\"schema-faq-answer\">L&#8217;isopropanolo 99,9% deve essere conservato in un contenitore ben chiuso in un luogo fresco e ben ventilato. \u00c8 altamente infiammabile, quindi deve essere conservato lontano da fonti di calore, scintille, fiamme libere e altre fonti di accensione. Inoltre, l&#8217;area di stoccaggio deve essere scelta in modo che sia inaccessibile ai bambini e agli animali domestici per evitare un&#8217;esposizione accidentale.<\/p> <\/div> <\/div>\n","protected":false},"excerpt":{"rendered":"<p>\u2713 <strong>Elevato potere pulente<\/strong>: rimozione dei residui di adesivo<\/p>\n<p>\u2713 S <strong>grassaggio<\/strong>: rimozione senza striature di grasso e olio<\/p>\n<p>\u2713 <strong>Solubilit\u00e0<\/strong>: Ottima solubilit\u00e0 in acqua.<\/p>\n<p>\u2713 <strong>Evaporazione rapida<\/strong>: evapora rapidamente senza lasciare residui.<\/p>\n","protected":false},"featured_media":157720,"template":"","meta":{"_acf_changed":false,"neve_meta_sidebar":"","neve_meta_container":"","neve_meta_enable_content_width":"","neve_meta_content_width":0,"neve_meta_title_alignment":"","neve_meta_author_avatar":"","neve_post_elements_order":"","neve_meta_disable_header":"","neve_meta_disable_footer":"","neve_meta_disable_title":"","neve_meta_reading_time":"","_surfaces":[],"_ver_product_tabs":[],"footnotes":""},"product_brand":[],"product_cat":[2162,2215,2263,2266,2625],"product_tag":[],"class_list":{"0":"post-157675","1":"product","2":"type-product","3":"status-publish","4":"has-post-thumbnail","6":"product_cat-sigillatura-per-vetro-e-ceramica","7":"product_cat-sigillatura-dellauto","8":"product_cat-sigillatura-in-metallo-e-plastica","9":"product_cat-prodotti-per-la-pulizia","10":"product_cat-bioetanolo","12":"first","13":"instock","14":"taxable","15":"shipping-taxable","16":"purchasable","17":"product-type-simple"},"acf":[],"yoast_head":"<!-- This site is optimized with the Yoast SEO Premium plugin v22.8 (Yoast SEO v27.5) - https:\/\/yoast.com\/product\/yoast-seo-premium-wordpress\/ -->\n<title>Isopropanolo 99,9% ad alta purezza per la pre-pulizia - versiegelung24.com<\/title>\n<meta name=\"robots\" content=\"index, follow, max-snippet:-1, max-image-preview:large, max-video-preview:-1\" \/>\n<link rel=\"canonical\" href=\"https:\/\/www.versiegelung24.com\/it\/100-bioetanolo-ad-alta-purezza-per-una-pre-pulizia-professionale-kopie.html\" \/>\n<meta property=\"og:locale\" content=\"it_IT\" \/>\n<meta property=\"og:type\" content=\"article\" \/>\n<meta property=\"og:title\" content=\"Isopropanolo 99,9% ad alta purezza per la pre-pulizia\" \/>\n<meta property=\"og:description\" content=\"\u2713 Elevato potere pulente: rimozione dei residui di adesivo \u2713 S grassaggio: rimozione senza striature di grasso e olio \u2713 Solubilit\u00e0: Ottima solubilit\u00e0 in acqua. \u2713 Evaporazione rapida: evapora rapidamente senza lasciare residui.\" \/>\n<meta property=\"og:url\" content=\"https:\/\/www.versiegelung24.com\/it\/100-bioetanolo-ad-alta-purezza-per-una-pre-pulizia-professionale-kopie.html\" \/>\n<meta property=\"og:site_name\" content=\"versiegelung24.com\" \/>\n<meta property=\"article:modified_time\" content=\"2025-01-05T17:02:55+00:00\" \/>\n<meta property=\"og:image\" content=\"https:\/\/www.versiegelung24.com\/wp-content\/uploads\/2024\/04\/isopropanol-999.webp\" \/>\n\t<meta property=\"og:image:width\" content=\"2560\" \/>\n\t<meta property=\"og:image:height\" content=\"2560\" \/>\n\t<meta property=\"og:image:type\" content=\"image\/webp\" \/>\n<meta name=\"twitter:card\" content=\"summary_large_image\" \/>\n<meta name=\"twitter:label1\" content=\"Prezzo\" \/>\n\t<meta name=\"twitter:data1\" content=\"11,99&euro;\" \/>\n\t<meta name=\"twitter:label2\" content=\"Disponibilit\u00e0\" \/>\n\t<meta name=\"twitter:data2\" content=\"In stock\" \/>\n<script type=\"application\/ld+json\" class=\"yoast-schema-graph\">{\"@context\":\"https:\\\/\\\/schema.org\",\"@graph\":[{\"@type\":[\"WebPage\",\"FAQPage\"],\"@id\":\"https:\\\/\\\/www.versiegelung24.com\\\/it\\\/100-bioetanolo-ad-alta-purezza-per-una-pre-pulizia-professionale-kopie.html\",\"url\":\"https:\\\/\\\/www.versiegelung24.com\\\/it\\\/100-bioetanolo-ad-alta-purezza-per-una-pre-pulizia-professionale-kopie.html\",\"name\":\"Isopropanolo 99,9% ad alta purezza per la pre-pulizia - versiegelung24.com\",\"isPartOf\":{\"@id\":\"https:\\\/\\\/www.versiegelung24.com\\\/it\\\/#website\"},\"primaryImageOfPage\":{\"@id\":\"https:\\\/\\\/www.versiegelung24.com\\\/it\\\/100-bioetanolo-ad-alta-purezza-per-una-pre-pulizia-professionale-kopie.html#primaryimage\"},\"image\":{\"@id\":\"https:\\\/\\\/www.versiegelung24.com\\\/it\\\/100-bioetanolo-ad-alta-purezza-per-una-pre-pulizia-professionale-kopie.html#primaryimage\"},\"thumbnailUrl\":\"https:\\\/\\\/www.versiegelung24.com\\\/wp-content\\\/uploads\\\/2024\\\/04\\\/isopropanol-999.webp\",\"datePublished\":\"2024-04-04T10:30:43+00:00\",\"dateModified\":\"2025-01-05T17:02:55+00:00\",\"breadcrumb\":{\"@id\":\"https:\\\/\\\/www.versiegelung24.com\\\/it\\\/100-bioetanolo-ad-alta-purezza-per-una-pre-pulizia-professionale-kopie.html#breadcrumb\"},\"mainEntity\":[{\"@id\":\"https:\\\/\\\/www.versiegelung24.com\\\/it\\\/100-bioetanolo-ad-alta-purezza-per-una-pre-pulizia-professionale-kopie.html#faq-question-1645793617330\"},{\"@id\":\"https:\\\/\\\/www.versiegelung24.com\\\/it\\\/100-bioetanolo-ad-alta-purezza-per-una-pre-pulizia-professionale-kopie.html#faq-question-1645793819353\"},{\"@id\":\"https:\\\/\\\/www.versiegelung24.com\\\/it\\\/100-bioetanolo-ad-alta-purezza-per-una-pre-pulizia-professionale-kopie.html#faq-question-1645794918526\"}],\"inLanguage\":\"it-IT\",\"potentialAction\":[{\"@type\":\"ReadAction\",\"target\":[\"https:\\\/\\\/www.versiegelung24.com\\\/it\\\/100-bioetanolo-ad-alta-purezza-per-una-pre-pulizia-professionale-kopie.html\"]}]},{\"@type\":\"ImageObject\",\"inLanguage\":\"it-IT\",\"@id\":\"https:\\\/\\\/www.versiegelung24.com\\\/it\\\/100-bioetanolo-ad-alta-purezza-per-una-pre-pulizia-professionale-kopie.html#primaryimage\",\"url\":\"https:\\\/\\\/www.versiegelung24.com\\\/wp-content\\\/uploads\\\/2024\\\/04\\\/isopropanol-999.webp\",\"contentUrl\":\"https:\\\/\\\/www.versiegelung24.com\\\/wp-content\\\/uploads\\\/2024\\\/04\\\/isopropanol-999.webp\",\"width\":2560,\"height\":2560},{\"@type\":\"BreadcrumbList\",\"@id\":\"https:\\\/\\\/www.versiegelung24.com\\\/it\\\/100-bioetanolo-ad-alta-purezza-per-una-pre-pulizia-professionale-kopie.html#breadcrumb\",\"itemListElement\":[{\"@type\":\"ListItem\",\"position\":1,\"name\":\"Homepage\",\"item\":\"https:\\\/\\\/www.versiegelung24.com\\\/it\\\/fronte\\\/\"},{\"@type\":\"ListItem\",\"position\":2,\"name\":\"Negozio\",\"item\":\"https:\\\/\\\/www.versiegelung24.com\\\/it\\\/negozio\\\/\"},{\"@type\":\"ListItem\",\"position\":3,\"name\":\"Isopropanolo 99,9% ad alta purezza per la pre-pulizia\"}]},{\"@type\":\"WebSite\",\"@id\":\"https:\\\/\\\/www.versiegelung24.com\\\/it\\\/#website\",\"url\":\"https:\\\/\\\/www.versiegelung24.com\\\/it\\\/\",\"name\":\"versiegelung24.com\",\"description\":\"Fl\u00fcssigglas-Versiegelung - Made in Germany\",\"publisher\":{\"@id\":\"https:\\\/\\\/www.versiegelung24.com\\\/it\\\/#organization\"},\"potentialAction\":[{\"@type\":\"SearchAction\",\"target\":{\"@type\":\"EntryPoint\",\"urlTemplate\":\"https:\\\/\\\/www.versiegelung24.com\\\/it\\\/?s={search_term_string}\"},\"query-input\":{\"@type\":\"PropertyValueSpecification\",\"valueRequired\":true,\"valueName\":\"search_term_string\"}}],\"inLanguage\":\"it-IT\"},{\"@type\":\"Organization\",\"@id\":\"https:\\\/\\\/www.versiegelung24.com\\\/it\\\/#organization\",\"name\":\"versiegelung24\",\"url\":\"https:\\\/\\\/www.versiegelung24.com\\\/it\\\/\",\"logo\":{\"@type\":\"ImageObject\",\"inLanguage\":\"it-IT\",\"@id\":\"https:\\\/\\\/www.versiegelung24.com\\\/it\\\/#\\\/schema\\\/logo\\\/image\\\/\",\"url\":\"https:\\\/\\\/www.versiegelung24.com\\\/wp-content\\\/uploads\\\/2020\\\/04\\\/versiegelung24.png\",\"contentUrl\":\"https:\\\/\\\/www.versiegelung24.com\\\/wp-content\\\/uploads\\\/2020\\\/04\\\/versiegelung24.png\",\"width\":470,\"height\":102,\"caption\":\"versiegelung24\"},\"image\":{\"@id\":\"https:\\\/\\\/www.versiegelung24.com\\\/it\\\/#\\\/schema\\\/logo\\\/image\\\/\"}},{\"@type\":\"Question\",\"@id\":\"https:\\\/\\\/www.versiegelung24.com\\\/it\\\/100-bioetanolo-ad-alta-purezza-per-una-pre-pulizia-professionale-kopie.html#faq-question-1645793617330\",\"position\":1,\"url\":\"https:\\\/\\\/www.versiegelung24.com\\\/it\\\/100-bioetanolo-ad-alta-purezza-per-una-pre-pulizia-professionale-kopie.html#faq-question-1645793617330\",\"name\":\"Kann Isopropanol 99,9% f\u00fcr medizinische oder desinfizierende Zwecke verwendet werden?\",\"answerCount\":1,\"acceptedAnswer\":{\"@type\":\"Answer\",\"text\":\"Isopropanol 99,9% kann f\u00fcr die Desinfektion von Oberfl\u00e4chen verwendet werden, da es aufgrund seiner hohen Alkoholkonzentration bakterizide Eigenschaften besitzt. F\u00fcr die direkte Anwendung auf der Haut oder f\u00fcr medizinische Zwecke sollte es jedoch entsprechend verd\u00fcnnt werden. <strong>Wir empfehlen die Verwendung f\u00fcr medizinische oder desinfizierende Zwecke nicht!<\\\/strong>\",\"inLanguage\":\"it-IT\"},\"inLanguage\":\"it-IT\"},{\"@type\":\"Question\",\"@id\":\"https:\\\/\\\/www.versiegelung24.com\\\/it\\\/100-bioetanolo-ad-alta-purezza-per-una-pre-pulizia-professionale-kopie.html#faq-question-1645793819353\",\"position\":2,\"url\":\"https:\\\/\\\/www.versiegelung24.com\\\/it\\\/100-bioetanolo-ad-alta-purezza-per-una-pre-pulizia-professionale-kopie.html#faq-question-1645793819353\",\"name\":\"Ist Isopropanol 99,9% sicher f\u00fcr die Reinigung von elektronischen Ger\u00e4ten?\",\"answerCount\":1,\"acceptedAnswer\":{\"@type\":\"Answer\",\"text\":\"Ja, Isopropanol 99,9% eignet sich hervorragend f\u00fcr die Reinigung von elektronischen Ger\u00e4ten, da es schnell verdunstet und keine R\u00fcckst\u00e4nde hinterl\u00e4sst. Es ist wichtig, elektronische Ger\u00e4te vor der Anwendung auszuschalten und zu entkoppeln und den Alkohol nicht direkt auf die Ger\u00e4te zu spr\u00fchen, sondern ein mit Isopropanol getr\u00e4nktes Tuch zu verwenden.<br\\\/>\",\"inLanguage\":\"it-IT\"},\"inLanguage\":\"it-IT\"},{\"@type\":\"Question\",\"@id\":\"https:\\\/\\\/www.versiegelung24.com\\\/it\\\/100-bioetanolo-ad-alta-purezza-per-una-pre-pulizia-professionale-kopie.html#faq-question-1645794918526\",\"position\":3,\"url\":\"https:\\\/\\\/www.versiegelung24.com\\\/it\\\/100-bioetanolo-ad-alta-purezza-per-una-pre-pulizia-professionale-kopie.html#faq-question-1645794918526\",\"name\":\"Wie sollte Isopropanol 99,9% gelagert werden?\",\"answerCount\":1,\"acceptedAnswer\":{\"@type\":\"Answer\",\"text\":\"Isopropanol 99,9% sollte in einem gut verschlossenen Beh\u00e4lter an einem k\u00fchlen, gut bel\u00fcfteten Ort gelagert werden. Es ist leicht entz\u00fcndlich, daher sollte es fern von Hitzequellen, Funken, offenen Flammen und anderen Z\u00fcndquellen aufbewahrt werden. Zudem sollte der Lagerbereich so gew\u00e4hlt werden, dass er f\u00fcr Kinder und Haustiere unzug\u00e4nglich ist, um unbeabsichtigte Exposition zu vermeiden.\",\"inLanguage\":\"it-IT\"},\"inLanguage\":\"it-IT\"}]}<\/script>\n<meta property=\"product:price:amount\" content=\"11.99\" \/>\n<meta property=\"product:price:currency\" content=\"EUR\" \/>\n<meta property=\"og:availability\" content=\"instock\" \/>\n<meta property=\"product:availability\" content=\"instock\" \/>\n<meta property=\"product:retailer_item_id\" content=\"9110-ISO99\" \/>\n<meta property=\"product:condition\" content=\"new\" \/>\n<!-- \/ Yoast SEO Premium plugin. -->","yoast_head_json":{"title":"Isopropanolo 99,9% ad alta purezza per la pre-pulizia - versiegelung24.com","robots":{"index":"index","follow":"follow","max-snippet":"max-snippet:-1","max-image-preview":"max-image-preview:large","max-video-preview":"max-video-preview:-1"},"canonical":"https:\/\/www.versiegelung24.com\/it\/100-bioetanolo-ad-alta-purezza-per-una-pre-pulizia-professionale-kopie.html","og_locale":"it_IT","og_type":"article","og_title":"Isopropanolo 99,9% ad alta purezza per la pre-pulizia","og_description":"\u2713 Elevato potere pulente: rimozione dei residui di adesivo \u2713 S grassaggio: rimozione senza striature di grasso e olio \u2713 Solubilit\u00e0: Ottima solubilit\u00e0 in acqua. \u2713 Evaporazione rapida: evapora rapidamente senza lasciare residui.","og_url":"https:\/\/www.versiegelung24.com\/it\/100-bioetanolo-ad-alta-purezza-per-una-pre-pulizia-professionale-kopie.html","og_site_name":"versiegelung24.com","article_modified_time":"2025-01-05T17:02:55+00:00","og_image":[{"width":2560,"height":2560,"url":"https:\/\/www.versiegelung24.com\/wp-content\/uploads\/2024\/04\/isopropanol-999.webp","type":"image\/webp"}],"twitter_card":"summary_large_image","twitter_misc":{"Prezzo":"11,99&euro;","Disponibilit\u00e0":"In stock"},"schema":{"@context":"https:\/\/schema.org","@graph":[{"@type":["WebPage","FAQPage"],"@id":"https:\/\/www.versiegelung24.com\/it\/100-bioetanolo-ad-alta-purezza-per-una-pre-pulizia-professionale-kopie.html","url":"https:\/\/www.versiegelung24.com\/it\/100-bioetanolo-ad-alta-purezza-per-una-pre-pulizia-professionale-kopie.html","name":"Isopropanolo 99,9% ad alta purezza per la pre-pulizia - versiegelung24.com","isPartOf":{"@id":"https:\/\/www.versiegelung24.com\/it\/#website"},"primaryImageOfPage":{"@id":"https:\/\/www.versiegelung24.com\/it\/100-bioetanolo-ad-alta-purezza-per-una-pre-pulizia-professionale-kopie.html#primaryimage"},"image":{"@id":"https:\/\/www.versiegelung24.com\/it\/100-bioetanolo-ad-alta-purezza-per-una-pre-pulizia-professionale-kopie.html#primaryimage"},"thumbnailUrl":"https:\/\/www.versiegelung24.com\/wp-content\/uploads\/2024\/04\/isopropanol-999.webp","datePublished":"2024-04-04T10:30:43+00:00","dateModified":"2025-01-05T17:02:55+00:00","breadcrumb":{"@id":"https:\/\/www.versiegelung24.com\/it\/100-bioetanolo-ad-alta-purezza-per-una-pre-pulizia-professionale-kopie.html#breadcrumb"},"mainEntity":[{"@id":"https:\/\/www.versiegelung24.com\/it\/100-bioetanolo-ad-alta-purezza-per-una-pre-pulizia-professionale-kopie.html#faq-question-1645793617330"},{"@id":"https:\/\/www.versiegelung24.com\/it\/100-bioetanolo-ad-alta-purezza-per-una-pre-pulizia-professionale-kopie.html#faq-question-1645793819353"},{"@id":"https:\/\/www.versiegelung24.com\/it\/100-bioetanolo-ad-alta-purezza-per-una-pre-pulizia-professionale-kopie.html#faq-question-1645794918526"}],"inLanguage":"it-IT","potentialAction":[{"@type":"ReadAction","target":["https:\/\/www.versiegelung24.com\/it\/100-bioetanolo-ad-alta-purezza-per-una-pre-pulizia-professionale-kopie.html"]}]},{"@type":"ImageObject","inLanguage":"it-IT","@id":"https:\/\/www.versiegelung24.com\/it\/100-bioetanolo-ad-alta-purezza-per-una-pre-pulizia-professionale-kopie.html#primaryimage","url":"https:\/\/www.versiegelung24.com\/wp-content\/uploads\/2024\/04\/isopropanol-999.webp","contentUrl":"https:\/\/www.versiegelung24.com\/wp-content\/uploads\/2024\/04\/isopropanol-999.webp","width":2560,"height":2560},{"@type":"BreadcrumbList","@id":"https:\/\/www.versiegelung24.com\/it\/100-bioetanolo-ad-alta-purezza-per-una-pre-pulizia-professionale-kopie.html#breadcrumb","itemListElement":[{"@type":"ListItem","position":1,"name":"Homepage","item":"https:\/\/www.versiegelung24.com\/it\/fronte\/"},{"@type":"ListItem","position":2,"name":"Negozio","item":"https:\/\/www.versiegelung24.com\/it\/negozio\/"},{"@type":"ListItem","position":3,"name":"Isopropanolo 99,9% ad alta purezza per la pre-pulizia"}]},{"@type":"WebSite","@id":"https:\/\/www.versiegelung24.com\/it\/#website","url":"https:\/\/www.versiegelung24.com\/it\/","name":"versiegelung24.com","description":"Fl\u00fcssigglas-Versiegelung - Made in Germany","publisher":{"@id":"https:\/\/www.versiegelung24.com\/it\/#organization"},"potentialAction":[{"@type":"SearchAction","target":{"@type":"EntryPoint","urlTemplate":"https:\/\/www.versiegelung24.com\/it\/?s={search_term_string}"},"query-input":{"@type":"PropertyValueSpecification","valueRequired":true,"valueName":"search_term_string"}}],"inLanguage":"it-IT"},{"@type":"Organization","@id":"https:\/\/www.versiegelung24.com\/it\/#organization","name":"versiegelung24","url":"https:\/\/www.versiegelung24.com\/it\/","logo":{"@type":"ImageObject","inLanguage":"it-IT","@id":"https:\/\/www.versiegelung24.com\/it\/#\/schema\/logo\/image\/","url":"https:\/\/www.versiegelung24.com\/wp-content\/uploads\/2020\/04\/versiegelung24.png","contentUrl":"https:\/\/www.versiegelung24.com\/wp-content\/uploads\/2020\/04\/versiegelung24.png","width":470,"height":102,"caption":"versiegelung24"},"image":{"@id":"https:\/\/www.versiegelung24.com\/it\/#\/schema\/logo\/image\/"}},{"@type":"Question","@id":"https:\/\/www.versiegelung24.com\/it\/100-bioetanolo-ad-alta-purezza-per-una-pre-pulizia-professionale-kopie.html#faq-question-1645793617330","position":1,"url":"https:\/\/www.versiegelung24.com\/it\/100-bioetanolo-ad-alta-purezza-per-una-pre-pulizia-professionale-kopie.html#faq-question-1645793617330","name":"Kann Isopropanol 99,9% f\u00fcr medizinische oder desinfizierende Zwecke verwendet werden?","answerCount":1,"acceptedAnswer":{"@type":"Answer","text":"Isopropanol 99,9% kann f\u00fcr die Desinfektion von Oberfl\u00e4chen verwendet werden, da es aufgrund seiner hohen Alkoholkonzentration bakterizide Eigenschaften besitzt. F\u00fcr die direkte Anwendung auf der Haut oder f\u00fcr medizinische Zwecke sollte es jedoch entsprechend verd\u00fcnnt werden. <strong>Wir empfehlen die Verwendung f\u00fcr medizinische oder desinfizierende Zwecke nicht!<\/strong>","inLanguage":"it-IT"},"inLanguage":"it-IT"},{"@type":"Question","@id":"https:\/\/www.versiegelung24.com\/it\/100-bioetanolo-ad-alta-purezza-per-una-pre-pulizia-professionale-kopie.html#faq-question-1645793819353","position":2,"url":"https:\/\/www.versiegelung24.com\/it\/100-bioetanolo-ad-alta-purezza-per-una-pre-pulizia-professionale-kopie.html#faq-question-1645793819353","name":"Ist Isopropanol 99,9% sicher f\u00fcr die Reinigung von elektronischen Ger\u00e4ten?","answerCount":1,"acceptedAnswer":{"@type":"Answer","text":"Ja, Isopropanol 99,9% eignet sich hervorragend f\u00fcr die Reinigung von elektronischen Ger\u00e4ten, da es schnell verdunstet und keine R\u00fcckst\u00e4nde hinterl\u00e4sst. Es ist wichtig, elektronische Ger\u00e4te vor der Anwendung auszuschalten und zu entkoppeln und den Alkohol nicht direkt auf die Ger\u00e4te zu spr\u00fchen, sondern ein mit Isopropanol getr\u00e4nktes Tuch zu verwenden.<br\/>","inLanguage":"it-IT"},"inLanguage":"it-IT"},{"@type":"Question","@id":"https:\/\/www.versiegelung24.com\/it\/100-bioetanolo-ad-alta-purezza-per-una-pre-pulizia-professionale-kopie.html#faq-question-1645794918526","position":3,"url":"https:\/\/www.versiegelung24.com\/it\/100-bioetanolo-ad-alta-purezza-per-una-pre-pulizia-professionale-kopie.html#faq-question-1645794918526","name":"Wie sollte Isopropanol 99,9% gelagert werden?","answerCount":1,"acceptedAnswer":{"@type":"Answer","text":"Isopropanol 99,9% sollte in einem gut verschlossenen Beh\u00e4lter an einem k\u00fchlen, gut bel\u00fcfteten Ort gelagert werden. Es ist leicht entz\u00fcndlich, daher sollte es fern von Hitzequellen, Funken, offenen Flammen und anderen Z\u00fcndquellen aufbewahrt werden. Zudem sollte der Lagerbereich so gew\u00e4hlt werden, dass er f\u00fcr Kinder und Haustiere unzug\u00e4nglich ist, um unbeabsichtigte Exposition zu vermeiden.","inLanguage":"it-IT"},"inLanguage":"it-IT"}]},"product_price_amount":"11.99","product_price_currency":"EUR","og_availability":"instock","product_availability":"instock","product_retailer_item_id":"9110-ISO99","product_condition":"new"},"_links":{"self":[{"href":"https:\/\/www.versiegelung24.com\/it\/wp-json\/wp\/v2\/product\/157675","targetHints":{"allow":["GET"]}}],"collection":[{"href":"https:\/\/www.versiegelung24.com\/it\/wp-json\/wp\/v2\/product"}],"about":[{"href":"https:\/\/www.versiegelung24.com\/it\/wp-json\/wp\/v2\/types\/product"}],"version-history":[{"count":9,"href":"https:\/\/www.versiegelung24.com\/it\/wp-json\/wp\/v2\/product\/157675\/revisions"}],"predecessor-version":[{"id":178479,"href":"https:\/\/www.versiegelung24.com\/it\/wp-json\/wp\/v2\/product\/157675\/revisions\/178479"}],"wp:featuredmedia":[{"embeddable":true,"href":"https:\/\/www.versiegelung24.com\/it\/wp-json\/wp\/v2\/media\/157720"}],"wp:attachment":[{"href":"https:\/\/www.versiegelung24.com\/it\/wp-json\/wp\/v2\/media?parent=157675"}],"wp:term":[{"taxonomy":"product_brand","embeddable":true,"href":"https:\/\/www.versiegelung24.com\/it\/wp-json\/wp\/v2\/product_brand?post=157675"},{"taxonomy":"product_cat","embeddable":true,"href":"https:\/\/www.versiegelung24.com\/it\/wp-json\/wp\/v2\/product_cat?post=157675"},{"taxonomy":"product_tag","embeddable":true,"href":"https:\/\/www.versiegelung24.com\/it\/wp-json\/wp\/v2\/product_tag?post=157675"}],"curies":[{"name":"wp","href":"https:\/\/api.w.org\/{rel}","templated":true}]}}