{"id":181850,"date":"2025-07-31T12:51:03","date_gmt":"2025-07-31T10:51:11","guid":{"rendered":"https:\/\/www.versiegelung24.com\/?post_type=product&#038;p=181850"},"modified":"2025-09-05T13:48:11","modified_gmt":"2025-09-05T11:48:11","slug":"holzimpragnierung-silanbasis","status":"publish","type":"product","link":"https:\/\/www.versiegelung24.com\/it\/holzimpragnierung-silanbasis.html","title":{"rendered":"Impregnazione del legno &#8211; protezione naturale del legno a base di silano"},"content":{"rendered":"\n<h2 class=\"wp-block-heading\" id=\"h-holzschutz-naturimpragnierung-auf-silanbasis-wasserbasierend\"><strong>Protezione del legno: Impregnazione naturale a base di silano (a base d&#8217;acqua)<\/strong><\/h2>\n\n<p>Alta qualit\u00e0 Made in Germany.<\/p>\n\n<hr\/>\n\n<div class=\"wp-block-columns is-layout-flex wp-container-core-columns-is-layout-9d6595d7 wp-block-columns-is-layout-flex\">\n<div class=\"wp-block-column is-layout-flow wp-block-column-is-layout-flow\">\n<p>Il nostro impregnante per legno \u00e8 un sistema di impregnazione pronto all&#8217;uso a base di silano. Stabilizza la lignina e protegge in modo significativo il legno dall&#8217;ingrigimento. Le sue propriet\u00e0 idrofobiche impediscono all&#8217;umidit\u00e0 e allo sporco indesiderati di penetrare nel legno.  <\/p>\n\n\n\n<p><strong>Adatto per:<\/strong> Legno, passerelle, tettoie, davanzali, capanni da giardino, mobili da giardino, legname da costruzione, facciate, fioriere, terrazze, recinzioni e molto altro ancora.<\/p>\n<\/div>\n\n\n\n<div class=\"wp-block-column is-layout-flow wp-block-column-is-layout-flow\">\n<figure class=\"wp-block-image size-large\"><img fetchpriority=\"high\" decoding=\"async\" width=\"1300\" height=\"851\" src=\"https:\/\/www.versiegelung24.com\/wp-content\/uploads\/2025\/07\/image-1300x851.png\" alt=\"\" class=\"wp-image-181965\" srcset=\"https:\/\/www.versiegelung24.com\/wp-content\/uploads\/2025\/07\/image-1300x851.png 1300w, https:\/\/www.versiegelung24.com\/wp-content\/uploads\/2025\/07\/image-300x196.png 300w, https:\/\/www.versiegelung24.com\/wp-content\/uploads\/2025\/07\/image-768x503.png 768w, https:\/\/www.versiegelung24.com\/wp-content\/uploads\/2025\/07\/image-1536x1006.png 1536w, https:\/\/www.versiegelung24.com\/wp-content\/uploads\/2025\/07\/image-600x393.png 600w, https:\/\/www.versiegelung24.com\/wp-content\/uploads\/2025\/07\/image.png 1784w\" sizes=\"(max-width: 1300px) 100vw, 1300px\" \/><\/figure>\n<\/div>\n<\/div>\n\n<h4 class=\"wp-block-heading\" id=\"properties\">Caratteristiche del prodotto<\/h4>\n\n<div class=\"wp-block-columns is-layout-flex wp-container-core-columns-is-layout-9d6595d7 wp-block-columns-is-layout-flex\">\n<div class=\"wp-block-column is-layout-flow wp-block-column-is-layout-flow\">\n<ul class=\"wp-block-list\">\n<li><strong>Resistente ai colori<\/strong> &#8211; Protezione trasparente per preservare il colore del legno  <\/li>\n\n\n\n<li><strong>Privo di prodotti petroliferi<\/strong> &#8211; Formulazione rispettosa dell&#8217;ambiente  <\/li>\n\n\n\n<li><strong>Primer e funzione protettiva in un unico passaggio<\/strong> &#8211; Facile applicazione  <\/li>\n\n\n\n<li><strong>Asciugatura molto rapida<\/strong> &#8211; risparmio di tempo  <\/li>\n\n\n\n<li><strong>Durata<\/strong> &#8211; 2-5 anni (molto pi\u00f9 a lungo se utilizzato in ambienti chiusi)<\/li>\n\n\n\n<li>La <strong>protezione della lignina<\/strong> <strong>ritarda<\/strong> notevolmente il <strong>processo di ingrigimento<\/strong> di <strong>diversi mesi<\/strong>.<\/li>\n<\/ul>\n<\/div>\n\n\n\n<div class=\"wp-block-column is-layout-flow wp-block-column-is-layout-flow\">\n<ul class=\"wp-block-list\">\n<li><strong>Senza PFAS, PFOA e PFOS<\/strong><\/li>\n\n\n\n<li><strong>Protegge dall&#8217;ingrigimento dovuto ai raggi solari<\/strong> &#8211; Protezione UV  <\/li>\n\n\n\n<li><strong>Repellente all&#8217;acqua e allo sporco<\/strong> &#8211; Propriet\u00e0 idrofobe  <\/li>\n\n\n\n<li><strong>Previene la crescita di alghe, muschi e licheni<\/strong> &#8211; Protezione di lunga durata  <\/li>\n\n\n\n<li><strong>Consumo: 1 litro \u00e8 sufficiente per circa 30-40 m\u00b2<\/strong> (a seconda del substrato).<\/li>\n\n\n\n<li>L&#8217;applicazione \u00e8 <strong>preferibile per le<\/strong> superfici <strong>verticali<\/strong> in legno sopra (recinzioni in legno, &#8230; ) e sotto il manto erboso (pali in legno).<\/li>\n<\/ul>\n<\/div>\n<\/div>\n\n<p>Contenuto della fornitura: 1 flacone da un litro, 1 pompetta spray<br\/><\/p>\n\n<hr\/>\n\n<h4 class=\"wp-block-heading\" id=\"application\">Applicazione<\/h4>\n\n<div class=\"wp-block-columns is-layout-flex wp-container-core-columns-is-layout-9d6595d7 wp-block-columns-is-layout-flex\">\n<div class=\"wp-block-column is-layout-flow wp-block-column-is-layout-flow\">\n<p><strong>Preparazione:<\/strong><\/p>\n\n\n\n<ul class=\"wp-block-list\">\n<li>Agita vigorosamente per 1 minuto prima dell&#8217;uso.<\/li>\n\n\n\n<li>Le superfici da trattare devono essere pulite, completamente asciutte e prive di polvere e non devono essere state pretrattate con altri rivestimenti.<\/li>\n\n\n\n<li>La contaminazione causata da vernice, grasso, olio o crescita organica (alghe, licheni, muschio) deve essere rimossa in anticipo.<\/li>\n<\/ul>\n\n\n\n<p><strong>Applicazione:<\/strong><\/p>\n\n\n\n<ul class=\"wp-block-list\">\n<li><strong>Metodo consigliato:<\/strong> Il prodotto deve essere spruzzato preferibilmente con uno spruzzatore\/pompa a bassa pressione.<\/li>\n\n\n\n<li>Regola la distanza dalla superficie in base alla potenza del tuo spruzzatore.<\/li>\n\n\n\n<li>La superficie deve dare un&#8217;impressione uniforme, umida e bagnata.<\/li>\n\n\n\n<li><strong>Alternativa: l&#8217;<\/strong> applicazione con un pennello\/rullo \u00e8 possibile, ma deve essere testata prima su una piccola area. Evita la formazione di pozzanghere! <\/li>\n<\/ul>\n\n\n\n<p><strong>Elaborazione:<\/strong><\/p>\n\n\n\n<ul class=\"wp-block-list\">\n<li>Spruzza almeno due volte sulla superficie da trattare per ottenere una copertura ottimale.<\/li>\n\n\n\n<li>A seconda dell&#8217;assorbenza del substrato e delle esigenze, questo processo pu\u00f2 essere ripetuto dopo l&#8217;asciugatura della prima mano.<\/li>\n\n\n\n<li>Se \u00e8 stato applicato troppo prodotto su una superficie, \u00e8 possibile rimuoverlo con un panno umido mentre \u00e8 ancora bagnato.<\/li>\n\n\n\n<li>Gli strumenti utilizzati devono essere puliti con molta acqua dopo l&#8217;uso.<\/li>\n<\/ul>\n\n\n\n<p><strong>Tempo di asciugatura:<\/strong><\/p>\n\n\n\n<ul class=\"wp-block-list\">\n<li>Lascia il prodotto in posa per almeno 30 minuti.<\/li>\n\n\n\n<li>Il tempo di indurimento completo \u00e8 di circa 6-12 ore.<\/li>\n\n\n\n<li>Durante questo periodo, la superficie deve rimanere asciutta e non deve essere sottoposta a stress.<\/li>\n<\/ul>\n\n\n\n<p><strong>Cura e pulizia della superficie impregnata:<\/strong><\/p>\n\n\n\n<ul class=\"wp-block-list\">\n<li>Pulisci le superfici solo con acqua o con un detergente organico leggero, ad esempio il nostro <a href=\"https:\/\/www.versiegelung24.com\/it\/biosativa-biologico-pre-detergente.html\">detergente organico BIOSATIVA\u00ae &#8211; 100% naturale &#8211; 100% organico.<\/a> <\/li>\n\n\n\n<li>I detergenti aggressivi (detergenti chimici, pagliette, ecc.) non sono necessari e comprometterebbero la funzione protettiva.<\/li>\n\n\n\n<li>La pulizia e la cura regolari e delicate garantiscono una maggiore durata e un aspetto bello e duraturo.<\/li>\n<\/ul>\n\n\n\n<p><strong>Conservazione:<\/strong><\/p>\n\n\n\n<ul class=\"wp-block-list\">\n<li>Conservare in un luogo asciutto e al riparo dal gelo a 5 &#8211; 25\u00b0C.<\/li>\n\n\n\n<li>Stabile per almeno 24 mesi nel contenitore originale non aperto se conservato correttamente.<\/li>\n<\/ul>\n<\/div>\n<\/div>\n\n<h2 class=\"wp-block-heading\" id=\"h-galerie\">Galleria<\/h2>\n\n<div class=\"wp-block-getwid-images-slider gallery-wood has-arrows-inside has-dots-inside has-images-center has-fitted-images has-fixed-height\"><div class=\"wp-block-getwid-images-slider__wrapper\" data-effect=\"slide\" data-slides-show=\"1\" data-slides-show-laptop=\"1\" data-slides-show-tablet=\"1\" data-slides-show-mobile=\"1\" data-slides-scroll=\"1\" data-autoplay=\"true\" data-pause-hover=\"true\" data-autoplay-speed=\"3000\" data-infinite=\"true\" data-animation-speed=\"800\" data-center-mode=\"false\" data-variable-width=\"false\" data-arrows=\"inside\" data-dots=\"inside\" data-spacing=\"none\"><div class=\"wp-block-getwid-images-slider__item\" style=\"height:500px\"><figure><img decoding=\"async\" width=\"1634\" height=\"1620\" src=\"https:\/\/www.versiegelung24.com\/wp-content\/uploads\/2025\/07\/Holzimpraegnierung-pfloecke.png\" data-id=\"181994\" data-link=\"https:\/\/www.versiegelung24.com\/holzversiegelung-in-profi-qualitaet-kopie.html\/attachment\/holzimpraegnierung-pfloecke\/\" data-original-link=\"https:\/\/www.versiegelung24.com\/wp-content\/uploads\/2025\/07\/Holzimpraegnierung-pfloecke.png\" class=\"wp-block-getwid-images-slider__image wp-image-181994\" srcset=\"https:\/\/www.versiegelung24.com\/wp-content\/uploads\/2025\/07\/Holzimpraegnierung-pfloecke.png 1634w, https:\/\/www.versiegelung24.com\/wp-content\/uploads\/2025\/07\/Holzimpraegnierung-pfloecke-300x297.png 300w, https:\/\/www.versiegelung24.com\/wp-content\/uploads\/2025\/07\/Holzimpraegnierung-pfloecke-1300x1289.png 1300w, https:\/\/www.versiegelung24.com\/wp-content\/uploads\/2025\/07\/Holzimpraegnierung-pfloecke-80x80.png 80w, https:\/\/www.versiegelung24.com\/wp-content\/uploads\/2025\/07\/Holzimpraegnierung-pfloecke-768x761.png 768w, https:\/\/www.versiegelung24.com\/wp-content\/uploads\/2025\/07\/Holzimpraegnierung-pfloecke-1536x1523.png 1536w, https:\/\/www.versiegelung24.com\/wp-content\/uploads\/2025\/07\/Holzimpraegnierung-pfloecke-70x70.png 70w, https:\/\/www.versiegelung24.com\/wp-content\/uploads\/2025\/07\/Holzimpraegnierung-pfloecke-600x595.png 600w, https:\/\/www.versiegelung24.com\/wp-content\/uploads\/2025\/07\/Holzimpraegnierung-pfloecke-100x100.png 100w\" sizes=\"(max-width: 1634px) 100vw, 1634px\" \/><\/figure><\/div><div class=\"wp-block-getwid-images-slider__item\" style=\"height:500px\"><figure><img decoding=\"async\" width=\"1726\" height=\"1252\" src=\"https:\/\/www.versiegelung24.com\/wp-content\/uploads\/2025\/07\/Holzimpraegnierung-bank.png\" data-id=\"182022\" data-link=\"https:\/\/www.versiegelung24.com\/holzversiegelung-in-profi-qualitaet-kopie.html\/attachment\/holzimpraegnierung-bank\/\" data-original-link=\"https:\/\/www.versiegelung24.com\/wp-content\/uploads\/2025\/07\/Holzimpraegnierung-bank.png\" class=\"wp-block-getwid-images-slider__image wp-image-182022\" srcset=\"https:\/\/www.versiegelung24.com\/wp-content\/uploads\/2025\/07\/Holzimpraegnierung-bank.png 1726w, https:\/\/www.versiegelung24.com\/wp-content\/uploads\/2025\/07\/Holzimpraegnierung-bank-300x218.png 300w, https:\/\/www.versiegelung24.com\/wp-content\/uploads\/2025\/07\/Holzimpraegnierung-bank-1300x943.png 1300w, https:\/\/www.versiegelung24.com\/wp-content\/uploads\/2025\/07\/Holzimpraegnierung-bank-768x557.png 768w, https:\/\/www.versiegelung24.com\/wp-content\/uploads\/2025\/07\/Holzimpraegnierung-bank-1536x1114.png 1536w, https:\/\/www.versiegelung24.com\/wp-content\/uploads\/2025\/07\/Holzimpraegnierung-bank-600x435.png 600w\" sizes=\"(max-width: 1726px) 100vw, 1726px\" \/><\/figure><\/div><div class=\"wp-block-getwid-images-slider__item\" style=\"height:500px\"><figure><img loading=\"lazy\" decoding=\"async\" width=\"1982\" height=\"1274\" src=\"https:\/\/www.versiegelung24.com\/wp-content\/uploads\/2025\/07\/Holzimpraegnierung-eigenschaften.png\" data-id=\"182050\" data-link=\"https:\/\/www.versiegelung24.com\/holzversiegelung-in-profi-qualitaet-kopie.html\/attachment\/holzimpraegnierung-eigenschaften\/\" data-original-link=\"https:\/\/www.versiegelung24.com\/wp-content\/uploads\/2025\/07\/Holzimpraegnierung-eigenschaften.png\" class=\"wp-block-getwid-images-slider__image wp-image-182050\" srcset=\"https:\/\/www.versiegelung24.com\/wp-content\/uploads\/2025\/07\/Holzimpraegnierung-eigenschaften.png 1982w, https:\/\/www.versiegelung24.com\/wp-content\/uploads\/2025\/07\/Holzimpraegnierung-eigenschaften-300x193.png 300w, https:\/\/www.versiegelung24.com\/wp-content\/uploads\/2025\/07\/Holzimpraegnierung-eigenschaften-1300x836.png 1300w, https:\/\/www.versiegelung24.com\/wp-content\/uploads\/2025\/07\/Holzimpraegnierung-eigenschaften-768x494.png 768w, https:\/\/www.versiegelung24.com\/wp-content\/uploads\/2025\/07\/Holzimpraegnierung-eigenschaften-1536x987.png 1536w, https:\/\/www.versiegelung24.com\/wp-content\/uploads\/2025\/07\/Holzimpraegnierung-eigenschaften-600x386.png 600w\" sizes=\"(max-width: 1982px) 100vw, 1982px\" \/><\/figure><\/div><\/div><\/div>\n\n<p><\/p>\n","protected":false},"excerpt":{"rendered":"<p><strong>Sigillante altamente efficace per superfici in legno interne ed esterne<\/strong><\/p>\n<p>\u2713 Tenuta del colore e protezione dall&#8217;ingrigimento<\/p>\n<p>\u2713 Repellente all&#8217;acqua e allo sporco<\/p>\n<p>Primer e protezione in un unico passaggio<\/p>\n<p>\u2713 Senza PFAS, PFOA e PFOS<\/p>\n<p>&nbsp;<\/p>\n","protected":false},"featured_media":183268,"template":"","meta":{"_acf_changed":false,"neve_meta_sidebar":"","neve_meta_container":"","neve_meta_enable_content_width":"","neve_meta_content_width":0,"neve_meta_title_alignment":"","neve_meta_author_avatar":"","neve_post_elements_order":"","neve_meta_disable_header":"","neve_meta_disable_footer":"","neve_meta_disable_title":"","neve_meta_reading_time":"","_surfaces":[],"_ver_product_tabs":null,"footnotes":""},"product_brand":[],"product_cat":[2264],"product_tag":[],"class_list":{"0":"post-181850","1":"product","2":"type-product","3":"status-publish","4":"has-post-thumbnail","6":"product_cat-sigillatura-del-legno","7":"pa_gebinde-flacone-da-100-ml","8":"pa_gebinde-bottiglia-da-150-ml","9":"pa_gebinde-flacone-da-500-ml","10":"pa_gebinde-bottiglia-da-200-ml","11":"pa_gebinde-flacone-da-1000-ml","12":"pa_gebinde-tanica-da-5l","13":"pa_gebinde-flacone-da-10-ml","14":"pa_gebinde-flacone-da-5-ml","15":"pa_gebinde-flacone-spray-con-pompa-da-125-ml","16":"pa_gebinde-flacone-di-ricarica-da-1000-ml","17":"pa_gebinde-tanica-da-20l","18":"pa_gebinde-tanica-da-10-l","19":"pa_gebinde-set-dazione-con-flacone-da-100-ml","20":"pa_gebinde-flacone-da-50-ml","21":"pa_gebinde-set-dazione-con-flacone-da-50-ml","23":"first","24":"instock","25":"taxable","26":"shipping-taxable","27":"purchasable","28":"product-type-variable","29":"has-default-attributes"},"acf":[],"yoast_head":"<!-- This site is optimized with the Yoast SEO Premium plugin v22.8 (Yoast SEO v27.5) - https:\/\/yoast.com\/product\/yoast-seo-premium-wordpress\/ -->\n<title>Impregnazione del legno - protezione naturale del legno a base di silano - versiegelung24.com<\/title>\n<meta name=\"robots\" content=\"index, follow, max-snippet:-1, max-image-preview:large, max-video-preview:-1\" \/>\n<link rel=\"canonical\" href=\"https:\/\/www.versiegelung24.com\/it\/holzimpragnierung-silanbasis.html\" \/>\n<meta property=\"og:locale\" content=\"it_IT\" \/>\n<meta property=\"og:type\" content=\"article\" \/>\n<meta property=\"og:title\" content=\"Impregnazione del legno - protezione naturale del legno a base di silano\" \/>\n<meta property=\"og:description\" content=\"Sigillante altamente efficace per superfici in legno interne ed esterne \u2713 Tenuta del colore e protezione dall&#039;ingrigimento \u2713 Repellente all&#039;acqua e allo sporco Primer e protezione in un unico passaggio \u2713 Senza PFAS, PFOA e PFOS &nbsp;\" \/>\n<meta property=\"og:url\" content=\"https:\/\/www.versiegelung24.com\/it\/holzimpragnierung-silanbasis.html\" \/>\n<meta property=\"og:site_name\" content=\"versiegelung24.com\" \/>\n<meta property=\"article:modified_time\" content=\"2025-09-05T11:48:11+00:00\" \/>\n<meta property=\"og:image\" content=\"https:\/\/www.versiegelung24.com\/wp-content\/uploads\/2025\/07\/V24-Holzimpraegnierung-4008-693.jpg\" \/>\n\t<meta property=\"og:image:width\" content=\"2560\" \/>\n\t<meta property=\"og:image:height\" content=\"2560\" \/>\n\t<meta property=\"og:image:type\" content=\"image\/jpeg\" \/>\n<meta name=\"twitter:card\" content=\"summary_large_image\" \/>\n<meta name=\"twitter:label1\" content=\"Disponibilit\u00e0\" \/>\n\t<meta name=\"twitter:data1\" content=\"In stock\" \/>\n<script type=\"application\/ld+json\" class=\"yoast-schema-graph\">{\"@context\":\"https:\\\/\\\/schema.org\",\"@graph\":[{\"@type\":\"WebPage\",\"@id\":\"https:\\\/\\\/www.versiegelung24.com\\\/it\\\/holzimpragnierung-silanbasis.html\",\"url\":\"https:\\\/\\\/www.versiegelung24.com\\\/it\\\/holzimpragnierung-silanbasis.html\",\"name\":\"Impregnazione del legno - protezione naturale del legno a base di silano - versiegelung24.com\",\"isPartOf\":{\"@id\":\"https:\\\/\\\/www.versiegelung24.com\\\/it\\\/#website\"},\"primaryImageOfPage\":{\"@id\":\"https:\\\/\\\/www.versiegelung24.com\\\/it\\\/holzimpragnierung-silanbasis.html#primaryimage\"},\"image\":{\"@id\":\"https:\\\/\\\/www.versiegelung24.com\\\/it\\\/holzimpragnierung-silanbasis.html#primaryimage\"},\"thumbnailUrl\":\"https:\\\/\\\/www.versiegelung24.com\\\/wp-content\\\/uploads\\\/2025\\\/07\\\/V24-Holzimpraegnierung-4008-693.jpg\",\"datePublished\":\"2025-07-31T10:51:11+00:00\",\"dateModified\":\"2025-09-05T11:48:11+00:00\",\"breadcrumb\":{\"@id\":\"https:\\\/\\\/www.versiegelung24.com\\\/it\\\/holzimpragnierung-silanbasis.html#breadcrumb\"},\"inLanguage\":\"it-IT\",\"potentialAction\":[{\"@type\":\"ReadAction\",\"target\":[\"https:\\\/\\\/www.versiegelung24.com\\\/it\\\/holzimpragnierung-silanbasis.html\"]}]},{\"@type\":\"ImageObject\",\"inLanguage\":\"it-IT\",\"@id\":\"https:\\\/\\\/www.versiegelung24.com\\\/it\\\/holzimpragnierung-silanbasis.html#primaryimage\",\"url\":\"https:\\\/\\\/www.versiegelung24.com\\\/wp-content\\\/uploads\\\/2025\\\/07\\\/V24-Holzimpraegnierung-4008-693.jpg\",\"contentUrl\":\"https:\\\/\\\/www.versiegelung24.com\\\/wp-content\\\/uploads\\\/2025\\\/07\\\/V24-Holzimpraegnierung-4008-693.jpg\",\"width\":2560,\"height\":2560},{\"@type\":\"BreadcrumbList\",\"@id\":\"https:\\\/\\\/www.versiegelung24.com\\\/it\\\/holzimpragnierung-silanbasis.html#breadcrumb\",\"itemListElement\":[{\"@type\":\"ListItem\",\"position\":1,\"name\":\"Homepage\",\"item\":\"https:\\\/\\\/www.versiegelung24.com\\\/it\\\/fronte\\\/\"},{\"@type\":\"ListItem\",\"position\":2,\"name\":\"Negozio\",\"item\":\"https:\\\/\\\/www.versiegelung24.com\\\/it\\\/negozio\\\/\"},{\"@type\":\"ListItem\",\"position\":3,\"name\":\"Impregnazione del legno &#8211; protezione naturale del legno a base di silano\"}]},{\"@type\":\"WebSite\",\"@id\":\"https:\\\/\\\/www.versiegelung24.com\\\/it\\\/#website\",\"url\":\"https:\\\/\\\/www.versiegelung24.com\\\/it\\\/\",\"name\":\"versiegelung24.com\",\"description\":\"Fl\u00fcssigglas-Versiegelung - Made in Germany\",\"publisher\":{\"@id\":\"https:\\\/\\\/www.versiegelung24.com\\\/it\\\/#organization\"},\"potentialAction\":[{\"@type\":\"SearchAction\",\"target\":{\"@type\":\"EntryPoint\",\"urlTemplate\":\"https:\\\/\\\/www.versiegelung24.com\\\/it\\\/?s={search_term_string}\"},\"query-input\":{\"@type\":\"PropertyValueSpecification\",\"valueRequired\":true,\"valueName\":\"search_term_string\"}}],\"inLanguage\":\"it-IT\"},{\"@type\":\"Organization\",\"@id\":\"https:\\\/\\\/www.versiegelung24.com\\\/it\\\/#organization\",\"name\":\"versiegelung24\",\"url\":\"https:\\\/\\\/www.versiegelung24.com\\\/it\\\/\",\"logo\":{\"@type\":\"ImageObject\",\"inLanguage\":\"it-IT\",\"@id\":\"https:\\\/\\\/www.versiegelung24.com\\\/it\\\/#\\\/schema\\\/logo\\\/image\\\/\",\"url\":\"https:\\\/\\\/www.versiegelung24.com\\\/wp-content\\\/uploads\\\/2020\\\/04\\\/versiegelung24.png\",\"contentUrl\":\"https:\\\/\\\/www.versiegelung24.com\\\/wp-content\\\/uploads\\\/2020\\\/04\\\/versiegelung24.png\",\"width\":470,\"height\":102,\"caption\":\"versiegelung24\"},\"image\":{\"@id\":\"https:\\\/\\\/www.versiegelung24.com\\\/it\\\/#\\\/schema\\\/logo\\\/image\\\/\"}}]}<\/script>\n<meta property=\"og:availability\" content=\"instock\" \/>\n<meta property=\"product:availability\" content=\"instock\" \/>\n<meta property=\"product:retailer_item_id\" content=\"4008-693\" \/>\n<meta property=\"product:condition\" content=\"new\" \/>\n<!-- \/ Yoast SEO Premium plugin. -->","yoast_head_json":{"title":"Impregnazione del legno - protezione naturale del legno a base di silano - versiegelung24.com","robots":{"index":"index","follow":"follow","max-snippet":"max-snippet:-1","max-image-preview":"max-image-preview:large","max-video-preview":"max-video-preview:-1"},"canonical":"https:\/\/www.versiegelung24.com\/it\/holzimpragnierung-silanbasis.html","og_locale":"it_IT","og_type":"article","og_title":"Impregnazione del legno - protezione naturale del legno a base di silano","og_description":"Sigillante altamente efficace per superfici in legno interne ed esterne \u2713 Tenuta del colore e protezione dall'ingrigimento \u2713 Repellente all'acqua e allo sporco Primer e protezione in un unico passaggio \u2713 Senza PFAS, PFOA e PFOS &nbsp;","og_url":"https:\/\/www.versiegelung24.com\/it\/holzimpragnierung-silanbasis.html","og_site_name":"versiegelung24.com","article_modified_time":"2025-09-05T11:48:11+00:00","og_image":[{"width":2560,"height":2560,"url":"https:\/\/www.versiegelung24.com\/wp-content\/uploads\/2025\/07\/V24-Holzimpraegnierung-4008-693.jpg","type":"image\/jpeg"}],"twitter_card":"summary_large_image","twitter_misc":{"Disponibilit\u00e0":"In stock"},"schema":{"@context":"https:\/\/schema.org","@graph":[{"@type":"WebPage","@id":"https:\/\/www.versiegelung24.com\/it\/holzimpragnierung-silanbasis.html","url":"https:\/\/www.versiegelung24.com\/it\/holzimpragnierung-silanbasis.html","name":"Impregnazione del legno - protezione naturale del legno a base di silano - versiegelung24.com","isPartOf":{"@id":"https:\/\/www.versiegelung24.com\/it\/#website"},"primaryImageOfPage":{"@id":"https:\/\/www.versiegelung24.com\/it\/holzimpragnierung-silanbasis.html#primaryimage"},"image":{"@id":"https:\/\/www.versiegelung24.com\/it\/holzimpragnierung-silanbasis.html#primaryimage"},"thumbnailUrl":"https:\/\/www.versiegelung24.com\/wp-content\/uploads\/2025\/07\/V24-Holzimpraegnierung-4008-693.jpg","datePublished":"2025-07-31T10:51:11+00:00","dateModified":"2025-09-05T11:48:11+00:00","breadcrumb":{"@id":"https:\/\/www.versiegelung24.com\/it\/holzimpragnierung-silanbasis.html#breadcrumb"},"inLanguage":"it-IT","potentialAction":[{"@type":"ReadAction","target":["https:\/\/www.versiegelung24.com\/it\/holzimpragnierung-silanbasis.html"]}]},{"@type":"ImageObject","inLanguage":"it-IT","@id":"https:\/\/www.versiegelung24.com\/it\/holzimpragnierung-silanbasis.html#primaryimage","url":"https:\/\/www.versiegelung24.com\/wp-content\/uploads\/2025\/07\/V24-Holzimpraegnierung-4008-693.jpg","contentUrl":"https:\/\/www.versiegelung24.com\/wp-content\/uploads\/2025\/07\/V24-Holzimpraegnierung-4008-693.jpg","width":2560,"height":2560},{"@type":"BreadcrumbList","@id":"https:\/\/www.versiegelung24.com\/it\/holzimpragnierung-silanbasis.html#breadcrumb","itemListElement":[{"@type":"ListItem","position":1,"name":"Homepage","item":"https:\/\/www.versiegelung24.com\/it\/fronte\/"},{"@type":"ListItem","position":2,"name":"Negozio","item":"https:\/\/www.versiegelung24.com\/it\/negozio\/"},{"@type":"ListItem","position":3,"name":"Impregnazione del legno &#8211; protezione naturale del legno a base di silano"}]},{"@type":"WebSite","@id":"https:\/\/www.versiegelung24.com\/it\/#website","url":"https:\/\/www.versiegelung24.com\/it\/","name":"versiegelung24.com","description":"Fl\u00fcssigglas-Versiegelung - Made in Germany","publisher":{"@id":"https:\/\/www.versiegelung24.com\/it\/#organization"},"potentialAction":[{"@type":"SearchAction","target":{"@type":"EntryPoint","urlTemplate":"https:\/\/www.versiegelung24.com\/it\/?s={search_term_string}"},"query-input":{"@type":"PropertyValueSpecification","valueRequired":true,"valueName":"search_term_string"}}],"inLanguage":"it-IT"},{"@type":"Organization","@id":"https:\/\/www.versiegelung24.com\/it\/#organization","name":"versiegelung24","url":"https:\/\/www.versiegelung24.com\/it\/","logo":{"@type":"ImageObject","inLanguage":"it-IT","@id":"https:\/\/www.versiegelung24.com\/it\/#\/schema\/logo\/image\/","url":"https:\/\/www.versiegelung24.com\/wp-content\/uploads\/2020\/04\/versiegelung24.png","contentUrl":"https:\/\/www.versiegelung24.com\/wp-content\/uploads\/2020\/04\/versiegelung24.png","width":470,"height":102,"caption":"versiegelung24"},"image":{"@id":"https:\/\/www.versiegelung24.com\/it\/#\/schema\/logo\/image\/"}}]},"og_availability":"instock","product_availability":"instock","product_retailer_item_id":"4008-693","product_condition":"new"},"_links":{"self":[{"href":"https:\/\/www.versiegelung24.com\/it\/wp-json\/wp\/v2\/product\/181850","targetHints":{"allow":["GET"]}}],"collection":[{"href":"https:\/\/www.versiegelung24.com\/it\/wp-json\/wp\/v2\/product"}],"about":[{"href":"https:\/\/www.versiegelung24.com\/it\/wp-json\/wp\/v2\/types\/product"}],"version-history":[{"count":4,"href":"https:\/\/www.versiegelung24.com\/it\/wp-json\/wp\/v2\/product\/181850\/revisions"}],"predecessor-version":[{"id":182852,"href":"https:\/\/www.versiegelung24.com\/it\/wp-json\/wp\/v2\/product\/181850\/revisions\/182852"}],"wp:featuredmedia":[{"embeddable":true,"href":"https:\/\/www.versiegelung24.com\/it\/wp-json\/wp\/v2\/media\/183268"}],"wp:attachment":[{"href":"https:\/\/www.versiegelung24.com\/it\/wp-json\/wp\/v2\/media?parent=181850"}],"wp:term":[{"taxonomy":"product_brand","embeddable":true,"href":"https:\/\/www.versiegelung24.com\/it\/wp-json\/wp\/v2\/product_brand?post=181850"},{"taxonomy":"product_cat","embeddable":true,"href":"https:\/\/www.versiegelung24.com\/it\/wp-json\/wp\/v2\/product_cat?post=181850"},{"taxonomy":"product_tag","embeddable":true,"href":"https:\/\/www.versiegelung24.com\/it\/wp-json\/wp\/v2\/product_tag?post=181850"}],"curies":[{"name":"wp","href":"https:\/\/api.w.org\/{rel}","templated":true}]}}