{"id":22899,"date":"2020-04-04T18:53:16","date_gmt":"2021-08-02T19:07:02","guid":{"rendered":"https:\/\/www.versiegelung24.com\/produkt\/1-litro-di-concentrato-bacoban-per-100-litri-di-disinfezione-superficiale-a-lungo-termine"},"modified":"2025-01-13T16:35:59","modified_gmt":"2025-01-13T15:35:59","slug":"concentrato-di-disinfezione-delle-superfici-a-lungo-termine-bacoban","status":"publish","type":"product","link":"https:\/\/www.versiegelung24.com\/it\/concentrato-di-disinfezione-delle-superfici-a-lungo-termine-bacoban.html","title":{"rendered":"1 litro di concentrato BACOBAN\u00ae per 100 litri di disinfezione superficiale a lungo termine"},"content":{"rendered":"\n<h2 class=\"wp-block-heading\" id=\"1-liter-flasche-bacoban-langzeit-flachendesinfektion-konzentrat\">Flacone da 1 litro di concentrato per la disinfezione delle superfici a lungo termine BACOBAN\u00ae<\/h2>\n\n<p><strong>Sufficiente per 100 litri di disinfettante (diluito 1:100 con acqua)<\/strong><\/p>\n\n<p><strong>Usa i disinfettanti con attenzione. Leggere sempre l&#8217;etichetta e le informazioni sul prodotto prima dell&#8217;uso.<\/strong><\/p>\n\n<hr \/>\n\n<h4 class=\"wp-block-heading\" id=\"properties\">Caratteristiche del prodotto<\/h4>\n\n<ul class=\"wp-block-list\"><li><br \/>Effetto antimicrobico duraturo (effetto remanenza) fino a 10 giorni<\/li><li>VAH elencato<\/li><li>efficace contro il coronavirus<\/li><li>ottima tolleranza cutanea<\/li><li>elevato effetto pulente<\/li><li>Applicazione pratica testata nel test a 4 campi<\/li><\/ul>\n\n<p><strong>Bacoban<\/strong><sup> \u00ae<\/sup><strong> WB<\/strong> \u00e8 un concentrato a base d&#8217;acqua per la disinfezione e la pulizia combinate di inventario e pavimenti con un effetto antimicrobico duraturo (effetto residuo).<\/p>\n\n<hr \/>\n\n<h4 class=\"wp-block-heading\" id=\"application\">Applicazione<\/h4>\n\n<h3 class=\"wp-block-heading\" id=\"gebrauch\">utilizzo<\/h3>\n\n<p>Fuori<strong> Bacoban<\/strong><sup> \u00ae<\/sup><strong> WB<\/strong> Preparare una soluzione pronta all&#8217;uso secondo la tabella di miscelazione e bagnare sufficientemente le superfici. Non risciacquare o strofinare a secco. Tempo di riposo della soluzione di lavoro appena preparata: 8 ore<\/p>\n\n<figure class=\"wp-block-table\"><table><tbody><tr><td>Tavolo di miscelazione<\/td><\/tr><tr><td>Volume finale<\/td><td>0,5 %<\/td><td>1 %<\/td><td>2 %<\/td><td>3 %<\/td><\/tr><tr><td>1 litro<\/td><td>5 ml<\/td><td>10 ml<\/td><td>20 ml<\/td><td>30 ml<\/td><\/tr><tr><td>2 litri<\/td><td>10 ml<\/td><td>20 ml<\/td><td>40 ml<\/td><td>60 ml<\/td><\/tr><tr><td>4 litri<\/td><td>20 ml<\/td><td>40 ml<\/td><td>80 ml<\/td><td>120 ml<\/td><\/tr><tr><td>8 litri<\/td><td>40 ml<\/td><td>80 ml<\/td><td>160 ml<\/td><td>240 ml<\/td><\/tr><tr><td>10 litri<\/td><td>50 ml<\/td><td>100 ml<\/td><td>200 ml<\/td><td>300 ml<\/td><\/tr><\/tbody><\/table><\/figure>\n\n<p><br \/>Effetto antimicrobico duraturo <strong>(effetto remanenza)<\/strong> fino a <strong>10 giorni<\/strong> (testato in conformit\u00e0 alla norma ASTM E 2180). Testato dermatologicamente (*all&#8217;1%): ottima compatibilit\u00e0 cutanea.<\/p>\n\n<h3 class=\"wp-block-heading\" id=\"lagerung\">Conservazione<\/h3>\n\n<p><strong>Bacoban<\/strong><sup> \u00ae<\/sup><strong> WB<\/strong> conservare a +5 a + 25 \u00b0 C. Proteggere dal gelo e dai raggi diretti del sole.<\/p>\n\n<hr \/>\n\n<h4 class=\"wp-block-heading\" id=\"advisor\">Consulente<\/h4>\n\n<h3 class=\"wp-block-heading\" id=\"gutachten\">Valutazione<\/h3>\n\n<p>I nostri prodotti sono stati ampiamente testati. Saremo lieti di fornirvi i nostri referti microbiologici e dermatologici su richiesta.<\/p>\n\n<h3 class=\"wp-block-heading\" id=\"sicherheitshinweis\">Nota sulla sicurezza<\/h3>\n\n<p>Scheda dati di sicurezza disponibile su richiesta.<\/p>\n\n<p><strong>Importante<\/strong> ! L&#8217;effetto antimicrobico residuo di<strong> Bacoban<\/strong><sup> \u00ae<\/sup><strong> WB<\/strong> non deve comportare l&#8217;omissione delle necessarie misure di disinfezione in caso di contaminazione visibile e\/o discutibile!<\/p>\n\n<p>L&#8217;associazione dei datori di lavoro per l&#8217;assicurazione della responsabilit\u00e0 civile stabilisce che i guanti devono essere indossati quando si maneggiano i disinfettanti. Nocivo se ingerito. Provoca gravi ustioni alla pelle e danni agli occhi. Molto tossico per gli organismi acquatici. Tossico per gli organismi acquatici, con effetti di lunga durata. Non mangiare, bere o fumare durante l&#8217;uso. IN CASO DI INGESTIONE: sciacquare la bocca. NON indurre il vomito. IN CASO DI CONTATTO CON LA PELLE (o con i capelli): Togliere immediatamente tutti gli indumenti contaminati. Sciacquare la pelle con acqua\/doccia. IN CASO DI CONTATTO CON GLI OCCHI: sciacquare con cautela con acqua per alcuni minuti. Se possibile, rimuovere le lenti a contatto esistenti. Continuare a risciacquare. Chiamare immediatamente un CENTRO ANTIVELENI o un medico. Se \u00e8 necessario un parere medico, tenere pronta la confezione o l&#8217;etichetta. <br \/>Tieni fuori dalla portata dei bambini. Usa solo con acqua e seguendo la tabella di miscelazione. Non utilizzare con altri detergenti o disinfettanti.<\/p>\n\n<p>Pu\u00f2 essere utilizzato su tutte le superfici. Per le superfici dubbiamente sensibili, si consiglia di effettuare un test di resistenza su un&#8217;area non visibile. Conservare solo in un contenitore chiuso. Conservare in un luogo fresco e asciutto.<\/p>\n\n<p>Il contenitore pu\u00f2 essere riciclato solo quando \u00e8 completamente vuoto. Non utilizzare dopo la data di scadenza. Smaltire in conformit\u00e0 alle normative locali e ufficiali.<\/p>\n\n<p>N. reg. biocidi: N-28795 (D). 263\/17\/L (Lu)<\/p>\n\n<p>La soluzione <strong>pronta<\/strong> per l&#8217;uso secondo la tabella di miscelazione non richiede un simbolo di pericolo.<\/p>\n\n<h3 class=\"wp-block-heading\" id=\"zusammensetzung\">composizione<\/h3>\n\n<p>100 g di soluzione contengono: benzalconio cloruro 26 g, sodio piritione 2,5 g, policondensati, profumi, acqua depurata. Ingredienti secondo Regolamento (CE) n. 648\/2004: 15% e oltre, ma meno del 30% tensioattivi cationici, disinfettanti, profumi (linalolo, limonene, citrale, geraniolo, citronellolo).<br \/>Senza formaldeide, senza fenoli.<\/p>\n\n<figure class=\"wp-block-table\"><table><tbody><tr><td>efficacia<\/td><\/tr><tr><td>Test secondo le linee guida DVV \/ RKI<\/td><td>diluizione<\/td><td>Tempo di esposizione<\/td><\/tr><tr><td><br \/>Virucidi limitati (virus avvolti, tra cui <strong>coronavirus<\/strong>, HIV, HBV, HCV, influenza, herpes, virus Ebola&#8230;.)<\/td><td>1,00 %<\/td><td>5 minuti<\/td><\/tr><tr><td>adenovirus<\/td><td>2,00 %<\/td><td>240 minuti<\/td><\/tr><tr><td>Virus del papilloma umano (HPV)<\/td><td>1,00 %<\/td><td>60 minuti<\/td><\/tr><tr><td>Norovirus<\/td><td>1,00 %<\/td><td>30 minuti<\/td><\/tr><tr><td>Collaudo secondo linee guida DGHM (con meccanica, carico elevato)<\/td><\/tr><tr><td>battericida e lievito<\/td><td>1,00 %<\/td><td>5 minuti<\/td><\/tr><tr><td>Norme EN<\/td><\/tr><tr><td>EN 1040 (battericida)<\/td><td>0,25 %<\/td><td>5 minuti<\/td><\/tr><tr><td>EN 1275 (lieviticida)<\/td><td>0,25 %<\/td><td>5 minuti<\/td><\/tr><tr><td>EN 1276 (battericida)<\/td><td>0,75 %<\/td><td>5 minuti<\/td><\/tr><tr><td>\u00a0<\/td><td>0,50 %<\/td><td>15 minuti<\/td><\/tr><tr><td>EN 13727 (battericida)<\/td><td>1,00 %<\/td><td>5 minuti<\/td><\/tr><tr><td>EN 13624 (lieviticida, fungicida)<\/td><td>1,00 %<\/td><td>5 minuti<\/td><\/tr><tr><td>EN 1650 (lieviticida)<\/td><td>0,50 %<\/td><td>5 minuti<\/td><\/tr><tr><td>\u00a0<\/td><td>0,25 %<\/td><td>15 minuti<\/td><\/tr><tr><td>EN 13697 (battericida)<\/td><td>0,50 %<\/td><td>15 minuti<\/td><\/tr><tr><td>EN 14561 (battericida)<\/td><td>0,50 %<\/td><td>15 minuti<\/td><\/tr><tr><td>\u00a0<\/td><td>0,50 %<\/td><td>60 minuti<\/td><\/tr><tr><td>EN 14562 (lieviticida)<\/td><td>0,50 %<\/td><td>60 minuti<\/td><\/tr><tr><td>EN 16615 (battericida, lievito) (test a 4 campi)<\/td><td>1,00 %<\/td><td>5 minuti<\/td><\/tr><\/tbody><\/table><\/figure>\n\n<p><strong>Usa i disinfettanti con attenzione. Leggere sempre l&#8217;etichetta e le informazioni sul prodotto prima dell&#8217;uso.<\/strong><\/p>\n","protected":false},"excerpt":{"rendered":"<p style=\"color: #545454;font-family: Verdana, sans-serif;font-size: 11px;line-height: 15.666666984558105px\"><strong>Disinfezione e pulizia delle superfici senza alcool<\/strong><\/p>\n","protected":false},"featured_media":21956,"template":"","meta":{"_acf_changed":false,"neve_meta_sidebar":"","neve_meta_container":"","neve_meta_enable_content_width":"","neve_meta_content_width":0,"neve_meta_title_alignment":"","neve_meta_author_avatar":"","neve_post_elements_order":"","neve_meta_disable_header":"","neve_meta_disable_footer":"","neve_meta_disable_title":"","neve_meta_reading_time":"","_surfaces":[],"_ver_product_tabs":[],"footnotes":""},"product_brand":[],"product_cat":[2344,2373,2374],"product_tag":[],"class_list":{"0":"post-22899","1":"product","2":"type-product","3":"status-publish","4":"has-post-thumbnail","6":"product_cat-disinfettanti","7":"product_cat-disinfettanti-per-superfici","8":"product_cat-concentrati-disinfettanti","10":"first","11":"instock","12":"taxable","13":"shipping-taxable","14":"purchasable","15":"product-type-simple"},"acf":[],"yoast_head":"<!-- This site is optimized with the Yoast SEO Premium plugin v22.8 (Yoast SEO v27.5) - https:\/\/yoast.com\/product\/yoast-seo-premium-wordpress\/ -->\n<title>1 litro di concentrato BACOBAN\u00ae per 100 litri di disinfezione superficiale a lungo termine - versiegelung24.com<\/title>\n<meta name=\"robots\" content=\"index, follow, max-snippet:-1, max-image-preview:large, max-video-preview:-1\" \/>\n<link rel=\"canonical\" href=\"https:\/\/www.versiegelung24.com\/it\/concentrato-di-disinfezione-delle-superfici-a-lungo-termine-bacoban.html\" \/>\n<meta property=\"og:locale\" content=\"it_IT\" \/>\n<meta property=\"og:type\" content=\"article\" \/>\n<meta property=\"og:title\" content=\"1 litro di concentrato BACOBAN\u00ae per 100 litri di disinfezione superficiale a lungo termine\" \/>\n<meta property=\"og:description\" content=\"Disinfezione e pulizia delle superfici senza alcool\" \/>\n<meta property=\"og:url\" content=\"https:\/\/www.versiegelung24.com\/it\/concentrato-di-disinfezione-delle-superfici-a-lungo-termine-bacoban.html\" \/>\n<meta property=\"og:site_name\" content=\"versiegelung24.com\" \/>\n<meta property=\"article:modified_time\" content=\"2025-01-13T15:35:59+00:00\" \/>\n<meta property=\"og:image\" content=\"https:\/\/www.versiegelung24.com\/wp-content\/uploads\/2020\/04\/bacwb1-bacoban-langzeitdesinfektion-konzentrat-1-liter.png\" \/>\n\t<meta property=\"og:image:width\" content=\"1000\" \/>\n\t<meta property=\"og:image:height\" content=\"1000\" \/>\n\t<meta property=\"og:image:type\" content=\"image\/png\" \/>\n<meta name=\"twitter:card\" content=\"summary_large_image\" \/>\n<meta name=\"twitter:label1\" content=\"Prezzo\" \/>\n\t<meta name=\"twitter:data1\" content=\"89,90&euro;\" \/>\n\t<meta name=\"twitter:label2\" content=\"Disponibilit\u00e0\" \/>\n\t<meta name=\"twitter:data2\" content=\"In stock\" \/>\n<script type=\"application\/ld+json\" class=\"yoast-schema-graph\">{\"@context\":\"https:\\\/\\\/schema.org\",\"@graph\":[{\"@type\":\"WebPage\",\"@id\":\"https:\\\/\\\/www.versiegelung24.com\\\/it\\\/concentrato-di-disinfezione-delle-superfici-a-lungo-termine-bacoban.html\",\"url\":\"https:\\\/\\\/www.versiegelung24.com\\\/it\\\/concentrato-di-disinfezione-delle-superfici-a-lungo-termine-bacoban.html\",\"name\":\"1 litro di concentrato BACOBAN\u00ae per 100 litri di disinfezione superficiale a lungo termine - versiegelung24.com\",\"isPartOf\":{\"@id\":\"https:\\\/\\\/www.versiegelung24.com\\\/it\\\/#website\"},\"primaryImageOfPage\":{\"@id\":\"https:\\\/\\\/www.versiegelung24.com\\\/it\\\/concentrato-di-disinfezione-delle-superfici-a-lungo-termine-bacoban.html#primaryimage\"},\"image\":{\"@id\":\"https:\\\/\\\/www.versiegelung24.com\\\/it\\\/concentrato-di-disinfezione-delle-superfici-a-lungo-termine-bacoban.html#primaryimage\"},\"thumbnailUrl\":\"https:\\\/\\\/www.versiegelung24.com\\\/wp-content\\\/uploads\\\/2020\\\/04\\\/bacwb1-bacoban-langzeitdesinfektion-konzentrat-1-liter.png\",\"datePublished\":\"2021-08-02T19:07:02+00:00\",\"dateModified\":\"2025-01-13T15:35:59+00:00\",\"breadcrumb\":{\"@id\":\"https:\\\/\\\/www.versiegelung24.com\\\/it\\\/concentrato-di-disinfezione-delle-superfici-a-lungo-termine-bacoban.html#breadcrumb\"},\"inLanguage\":\"it-IT\",\"potentialAction\":[{\"@type\":\"ReadAction\",\"target\":[\"https:\\\/\\\/www.versiegelung24.com\\\/it\\\/concentrato-di-disinfezione-delle-superfici-a-lungo-termine-bacoban.html\"]}]},{\"@type\":\"ImageObject\",\"inLanguage\":\"it-IT\",\"@id\":\"https:\\\/\\\/www.versiegelung24.com\\\/it\\\/concentrato-di-disinfezione-delle-superfici-a-lungo-termine-bacoban.html#primaryimage\",\"url\":\"https:\\\/\\\/www.versiegelung24.com\\\/wp-content\\\/uploads\\\/2020\\\/04\\\/bacwb1-bacoban-langzeitdesinfektion-konzentrat-1-liter.png\",\"contentUrl\":\"https:\\\/\\\/www.versiegelung24.com\\\/wp-content\\\/uploads\\\/2020\\\/04\\\/bacwb1-bacoban-langzeitdesinfektion-konzentrat-1-liter.png\",\"width\":1000,\"height\":1000},{\"@type\":\"BreadcrumbList\",\"@id\":\"https:\\\/\\\/www.versiegelung24.com\\\/it\\\/concentrato-di-disinfezione-delle-superfici-a-lungo-termine-bacoban.html#breadcrumb\",\"itemListElement\":[{\"@type\":\"ListItem\",\"position\":1,\"name\":\"Homepage\",\"item\":\"https:\\\/\\\/www.versiegelung24.com\\\/it\\\/fronte\\\/\"},{\"@type\":\"ListItem\",\"position\":2,\"name\":\"Negozio\",\"item\":\"https:\\\/\\\/www.versiegelung24.com\\\/it\\\/negozio\\\/\"},{\"@type\":\"ListItem\",\"position\":3,\"name\":\"1 litro di concentrato BACOBAN\u00ae per 100 litri di disinfezione superficiale a lungo termine\"}]},{\"@type\":\"WebSite\",\"@id\":\"https:\\\/\\\/www.versiegelung24.com\\\/it\\\/#website\",\"url\":\"https:\\\/\\\/www.versiegelung24.com\\\/it\\\/\",\"name\":\"versiegelung24.com\",\"description\":\"Fl\u00fcssigglas-Versiegelung - Made in Germany\",\"publisher\":{\"@id\":\"https:\\\/\\\/www.versiegelung24.com\\\/it\\\/#organization\"},\"potentialAction\":[{\"@type\":\"SearchAction\",\"target\":{\"@type\":\"EntryPoint\",\"urlTemplate\":\"https:\\\/\\\/www.versiegelung24.com\\\/it\\\/?s={search_term_string}\"},\"query-input\":{\"@type\":\"PropertyValueSpecification\",\"valueRequired\":true,\"valueName\":\"search_term_string\"}}],\"inLanguage\":\"it-IT\"},{\"@type\":\"Organization\",\"@id\":\"https:\\\/\\\/www.versiegelung24.com\\\/it\\\/#organization\",\"name\":\"versiegelung24\",\"url\":\"https:\\\/\\\/www.versiegelung24.com\\\/it\\\/\",\"logo\":{\"@type\":\"ImageObject\",\"inLanguage\":\"it-IT\",\"@id\":\"https:\\\/\\\/www.versiegelung24.com\\\/it\\\/#\\\/schema\\\/logo\\\/image\\\/\",\"url\":\"https:\\\/\\\/www.versiegelung24.com\\\/wp-content\\\/uploads\\\/2020\\\/04\\\/versiegelung24.png\",\"contentUrl\":\"https:\\\/\\\/www.versiegelung24.com\\\/wp-content\\\/uploads\\\/2020\\\/04\\\/versiegelung24.png\",\"width\":470,\"height\":102,\"caption\":\"versiegelung24\"},\"image\":{\"@id\":\"https:\\\/\\\/www.versiegelung24.com\\\/it\\\/#\\\/schema\\\/logo\\\/image\\\/\"}}]}<\/script>\n<meta property=\"product:price:amount\" content=\"89.90\" \/>\n<meta property=\"product:price:currency\" content=\"EUR\" \/>\n<meta property=\"og:availability\" content=\"instock\" \/>\n<meta property=\"product:availability\" content=\"instock\" \/>\n<meta property=\"product:retailer_item_id\" content=\"BACWB1D\" \/>\n<meta property=\"product:condition\" content=\"new\" \/>\n<!-- \/ Yoast SEO Premium plugin. -->","yoast_head_json":{"title":"1 litro di concentrato BACOBAN\u00ae per 100 litri di disinfezione superficiale a lungo termine - versiegelung24.com","robots":{"index":"index","follow":"follow","max-snippet":"max-snippet:-1","max-image-preview":"max-image-preview:large","max-video-preview":"max-video-preview:-1"},"canonical":"https:\/\/www.versiegelung24.com\/it\/concentrato-di-disinfezione-delle-superfici-a-lungo-termine-bacoban.html","og_locale":"it_IT","og_type":"article","og_title":"1 litro di concentrato BACOBAN\u00ae per 100 litri di disinfezione superficiale a lungo termine","og_description":"Disinfezione e pulizia delle superfici senza alcool","og_url":"https:\/\/www.versiegelung24.com\/it\/concentrato-di-disinfezione-delle-superfici-a-lungo-termine-bacoban.html","og_site_name":"versiegelung24.com","article_modified_time":"2025-01-13T15:35:59+00:00","og_image":[{"width":1000,"height":1000,"url":"https:\/\/www.versiegelung24.com\/wp-content\/uploads\/2020\/04\/bacwb1-bacoban-langzeitdesinfektion-konzentrat-1-liter.png","type":"image\/png"}],"twitter_card":"summary_large_image","twitter_misc":{"Prezzo":"89,90&euro;","Disponibilit\u00e0":"In stock"},"schema":{"@context":"https:\/\/schema.org","@graph":[{"@type":"WebPage","@id":"https:\/\/www.versiegelung24.com\/it\/concentrato-di-disinfezione-delle-superfici-a-lungo-termine-bacoban.html","url":"https:\/\/www.versiegelung24.com\/it\/concentrato-di-disinfezione-delle-superfici-a-lungo-termine-bacoban.html","name":"1 litro di concentrato BACOBAN\u00ae per 100 litri di disinfezione superficiale a lungo termine - versiegelung24.com","isPartOf":{"@id":"https:\/\/www.versiegelung24.com\/it\/#website"},"primaryImageOfPage":{"@id":"https:\/\/www.versiegelung24.com\/it\/concentrato-di-disinfezione-delle-superfici-a-lungo-termine-bacoban.html#primaryimage"},"image":{"@id":"https:\/\/www.versiegelung24.com\/it\/concentrato-di-disinfezione-delle-superfici-a-lungo-termine-bacoban.html#primaryimage"},"thumbnailUrl":"https:\/\/www.versiegelung24.com\/wp-content\/uploads\/2020\/04\/bacwb1-bacoban-langzeitdesinfektion-konzentrat-1-liter.png","datePublished":"2021-08-02T19:07:02+00:00","dateModified":"2025-01-13T15:35:59+00:00","breadcrumb":{"@id":"https:\/\/www.versiegelung24.com\/it\/concentrato-di-disinfezione-delle-superfici-a-lungo-termine-bacoban.html#breadcrumb"},"inLanguage":"it-IT","potentialAction":[{"@type":"ReadAction","target":["https:\/\/www.versiegelung24.com\/it\/concentrato-di-disinfezione-delle-superfici-a-lungo-termine-bacoban.html"]}]},{"@type":"ImageObject","inLanguage":"it-IT","@id":"https:\/\/www.versiegelung24.com\/it\/concentrato-di-disinfezione-delle-superfici-a-lungo-termine-bacoban.html#primaryimage","url":"https:\/\/www.versiegelung24.com\/wp-content\/uploads\/2020\/04\/bacwb1-bacoban-langzeitdesinfektion-konzentrat-1-liter.png","contentUrl":"https:\/\/www.versiegelung24.com\/wp-content\/uploads\/2020\/04\/bacwb1-bacoban-langzeitdesinfektion-konzentrat-1-liter.png","width":1000,"height":1000},{"@type":"BreadcrumbList","@id":"https:\/\/www.versiegelung24.com\/it\/concentrato-di-disinfezione-delle-superfici-a-lungo-termine-bacoban.html#breadcrumb","itemListElement":[{"@type":"ListItem","position":1,"name":"Homepage","item":"https:\/\/www.versiegelung24.com\/it\/fronte\/"},{"@type":"ListItem","position":2,"name":"Negozio","item":"https:\/\/www.versiegelung24.com\/it\/negozio\/"},{"@type":"ListItem","position":3,"name":"1 litro di concentrato BACOBAN\u00ae per 100 litri di disinfezione superficiale a lungo termine"}]},{"@type":"WebSite","@id":"https:\/\/www.versiegelung24.com\/it\/#website","url":"https:\/\/www.versiegelung24.com\/it\/","name":"versiegelung24.com","description":"Fl\u00fcssigglas-Versiegelung - Made in Germany","publisher":{"@id":"https:\/\/www.versiegelung24.com\/it\/#organization"},"potentialAction":[{"@type":"SearchAction","target":{"@type":"EntryPoint","urlTemplate":"https:\/\/www.versiegelung24.com\/it\/?s={search_term_string}"},"query-input":{"@type":"PropertyValueSpecification","valueRequired":true,"valueName":"search_term_string"}}],"inLanguage":"it-IT"},{"@type":"Organization","@id":"https:\/\/www.versiegelung24.com\/it\/#organization","name":"versiegelung24","url":"https:\/\/www.versiegelung24.com\/it\/","logo":{"@type":"ImageObject","inLanguage":"it-IT","@id":"https:\/\/www.versiegelung24.com\/it\/#\/schema\/logo\/image\/","url":"https:\/\/www.versiegelung24.com\/wp-content\/uploads\/2020\/04\/versiegelung24.png","contentUrl":"https:\/\/www.versiegelung24.com\/wp-content\/uploads\/2020\/04\/versiegelung24.png","width":470,"height":102,"caption":"versiegelung24"},"image":{"@id":"https:\/\/www.versiegelung24.com\/it\/#\/schema\/logo\/image\/"}}]},"product_price_amount":"89.90","product_price_currency":"EUR","og_availability":"instock","product_availability":"instock","product_retailer_item_id":"BACWB1D","product_condition":"new"},"_links":{"self":[{"href":"https:\/\/www.versiegelung24.com\/it\/wp-json\/wp\/v2\/product\/22899","targetHints":{"allow":["GET"]}}],"collection":[{"href":"https:\/\/www.versiegelung24.com\/it\/wp-json\/wp\/v2\/product"}],"about":[{"href":"https:\/\/www.versiegelung24.com\/it\/wp-json\/wp\/v2\/types\/product"}],"version-history":[{"count":17,"href":"https:\/\/www.versiegelung24.com\/it\/wp-json\/wp\/v2\/product\/22899\/revisions"}],"predecessor-version":[{"id":180481,"href":"https:\/\/www.versiegelung24.com\/it\/wp-json\/wp\/v2\/product\/22899\/revisions\/180481"}],"wp:featuredmedia":[{"embeddable":true,"href":"https:\/\/www.versiegelung24.com\/it\/wp-json\/wp\/v2\/media\/21956"}],"wp:attachment":[{"href":"https:\/\/www.versiegelung24.com\/it\/wp-json\/wp\/v2\/media?parent=22899"}],"wp:term":[{"taxonomy":"product_brand","embeddable":true,"href":"https:\/\/www.versiegelung24.com\/it\/wp-json\/wp\/v2\/product_brand?post=22899"},{"taxonomy":"product_cat","embeddable":true,"href":"https:\/\/www.versiegelung24.com\/it\/wp-json\/wp\/v2\/product_cat?post=22899"},{"taxonomy":"product_tag","embeddable":true,"href":"https:\/\/www.versiegelung24.com\/it\/wp-json\/wp\/v2\/product_tag?post=22899"}],"curies":[{"name":"wp","href":"https:\/\/api.w.org\/{rel}","templated":true}]}}