{"id":22920,"date":"2020-04-04T18:53:13","date_gmt":"2021-08-02T19:07:47","guid":{"rendered":"https:\/\/www.versiegelung24.com\/produkt\/sigillatura-del-vetro-di-qualita-professionale"},"modified":"2025-01-03T23:36:22","modified_gmt":"2025-01-03T22:36:22","slug":"sigillatura-vetro-di-qualita-professionale","status":"publish","type":"product","link":"https:\/\/www.versiegelung24.com\/it\/sigillatura-vetro-di-qualita-professionale.html","title":{"rendered":"Sigillatura del vetro di qualit\u00e0 professionale &#8211; Easy Care"},"content":{"rendered":"\n<p><strong>Sigillatura del vetro altamente efficace per vetri di finestre, facciate in vetro, porte d&#8217;ingresso, ecc., con effetto loto (idrorepellente), per interni ed esterni, NUOVO<\/strong><\/p>\n\n<p>Alta qualit\u00e0 Made in Germany.<\/p>\n\n<div class=\"wp-block-columns is-layout-flex wp-container-core-columns-is-layout-9d6595d7 wp-block-columns-is-layout-flex\">\n<div class=\"wp-block-column is-layout-flow wp-block-column-is-layout-flow\">\n<figure class=\"wp-block-embed is-type-video is-provider-youtube wp-block-embed-youtube wp-embed-aspect-16-9 wp-has-aspect-ratio\"><div class=\"wp-block-embed__wrapper\"> \n<div class=\"nv-iframe-embed\"><iframe title=\"(Nano-)Versiegelungen f\u00fcrs Badezimmer, die wirklich halten! Versiegelung24.com\" width=\"1200\" height=\"675\" src=\"https:\/\/www.youtube.com\/embed\/l6YldCwuye0?feature=oembed\" frameborder=\"0\" allow=\"accelerometer; autoplay; clipboard-write; encrypted-media; gyroscope; picture-in-picture; web-share\" referrerpolicy=\"strict-origin-when-cross-origin\" allowfullscreen><\/iframe><\/div>\n <\/div><\/figure>\n<\/div>\n\n\n\n<div class=\"wp-block-column is-layout-flow wp-block-column-is-layout-flow\">\n<figure class=\"wp-block-embed is-type-video is-provider-youtube wp-block-embed-youtube wp-embed-aspect-16-9 wp-has-aspect-ratio\"><div class=\"wp-block-embed__wrapper\"> \n<div class=\"nv-iframe-embed\"><iframe title=\"Kalk in der Dusche entfernen und mit einer Glasversiegelung vorbeugen!\" width=\"1200\" height=\"675\" src=\"https:\/\/www.youtube.com\/embed\/vnJHIGeb_7I?feature=oembed\" frameborder=\"0\" allow=\"accelerometer; autoplay; clipboard-write; encrypted-media; gyroscope; picture-in-picture; web-share\" referrerpolicy=\"strict-origin-when-cross-origin\" allowfullscreen><\/iframe><\/div>\n <\/div><\/figure>\n<\/div>\n<\/div>\n\n<h3 class=\"wp-block-heading\" id=\"eine-versiegelung-ihrer-fenster-spart-frust-und-zeit-wer-putzt-schon-gerne-fenster\">Sigillare le finestre fa risparmiare tempo e frustrazione: a chi piace pulire le finestre?<\/h3>\n\n<p>Dopo un inverno piovoso e squallido, i primi intensi raggi di sole in primavera sono spesso rivelatori. Guardi fuori dalla finestra e improvvisamente ti rendi conto che devi pulirla urgentemente perch\u00e9 \u00e8 piena di macchie d&#8217;acqua, sporco e aloni. Ma a chi piace davvero pulire le finestre? <br\/>Il lavoro richiede molto tempo e spesso \u00e8 molto frustrante, perch\u00e9 un vetro senza striature sembra davvero un&#8217;impresa. Cosa non hai provato per questo motivo. Sfregando con carta di giornale, usando un pulitore a vapore, costosi detergenti per finestre &#8211; in seguito, il vetro spesso non \u00e8 cos\u00ec chiaro come vorresti che fosse.<\/p>\n<div class=\"wp-block-image\">\n<figure class=\"aligncenter size-large is-resized\"><img fetchpriority=\"high\" decoding=\"async\" width=\"1300\" height=\"260\" src=\"https:\/\/www.versiegelung24.com\/wp-content\/uploads\/2022\/01\/Glas_Himmel-1300x260.jpg\" alt=\"\" class=\"wp-image-59446\" style=\"width:1500px\" srcset=\"https:\/\/www.versiegelung24.com\/wp-content\/uploads\/2022\/01\/Glas_Himmel-1300x260.jpg 1300w, https:\/\/www.versiegelung24.com\/wp-content\/uploads\/2022\/01\/Glas_Himmel-300x60.jpg 300w, https:\/\/www.versiegelung24.com\/wp-content\/uploads\/2022\/01\/Glas_Himmel-768x154.jpg 768w, https:\/\/www.versiegelung24.com\/wp-content\/uploads\/2022\/01\/Glas_Himmel-600x120.jpg 600w, https:\/\/www.versiegelung24.com\/wp-content\/uploads\/2022\/01\/Glas_Himmel.jpg 1500w\" sizes=\"(max-width: 1300px) 100vw, 1300px\" \/><\/figure>\n<\/div>\n<hr\/>\n\n<h4 class=\"wp-block-heading\" id=\"properties\">Caratteristiche del prodotto<\/h4>\n\n<div class=\"wp-block-columns is-layout-flex wp-container-core-columns-is-layout-9d6595d7 wp-block-columns-is-layout-flex\">\n<div class=\"wp-block-column is-layout-flow wp-block-column-is-layout-flow\">\n<ul class=\"wp-block-list\" id=\"block-1ae73cec-dd86-455b-95e1-db08f69d1f05\">\n<li>Effetto facile da pulire per sporco e calcare<\/li>\n\n\n\n<li>Elevata resistenza all&#8217;abrasione grazie alla nanotecnologia SiO\u00b2<\/li>\n\n\n\n<li>Resistente agli agenti chimici (fino al valore di pH 12)<\/li>\n\n\n\n<li>Forte effetto idrofobico e oleorepellente (idrorepellente e oleorepellente)<\/li>\n\n\n\n<li>Risparmio di costi, tempo ed energia grazie a cicli di pulizia prolungati<\/li>\n<\/ul>\n<\/div>\n\n\n\n<div class=\"wp-block-column is-layout-flow wp-block-column-is-layout-flow\">\n<ul class=\"wp-block-list\" id=\"block-1ae73cec-dd86-455b-95e1-db08f69d1f05\">\n<li>Riduce la crescita di microrganismi e batteri e quindi migliora l&#8217;igiene<\/li>\n\n\n\n<li>stabile ai raggi UV \/ resistente al gelo \/ resistente all&#8217;acqua salata \/ invisibile<\/li>\n\n\n\n<li>Effetto autopulente sulle superfici vetrate verticali sotto la pioggia<\/li>\n\n\n\n<li>Applicazione semplice (rivestimento possibile in qualsiasi momento)<\/li>\n\n\n\n<li>Scadenza: fino a 3 &#8211; 5 anni (a seconda dell&#8217;uso)<\/li>\n<\/ul>\n<\/div>\n<\/div>\n\n<p><br\/>Contenuto della fornitura: 1 flacone da litro, 1 pompa a spruzzo, 1 descrizione del prodotto<\/p>\n<div class=\"wp-block-image\">\n<figure class=\"aligncenter size-large is-resized\"><img decoding=\"async\" width=\"1300\" height=\"260\" src=\"https:\/\/www.versiegelung24.com\/wp-content\/uploads\/2022\/01\/bad_glas-1300x260.jpg\" alt=\"\" class=\"wp-image-59538\" style=\"width:1500px\" srcset=\"https:\/\/www.versiegelung24.com\/wp-content\/uploads\/2022\/01\/bad_glas-1300x260.jpg 1300w, https:\/\/www.versiegelung24.com\/wp-content\/uploads\/2022\/01\/bad_glas-300x60.jpg 300w, https:\/\/www.versiegelung24.com\/wp-content\/uploads\/2022\/01\/bad_glas-768x154.jpg 768w, https:\/\/www.versiegelung24.com\/wp-content\/uploads\/2022\/01\/bad_glas-600x120.jpg 600w, https:\/\/www.versiegelung24.com\/wp-content\/uploads\/2022\/01\/bad_glas.jpg 1500w\" sizes=\"(max-width: 1300px) 100vw, 1300px\" \/><figcaption class=\"wp-element-caption\">Esempio di applicazione bagno<\/figcaption><\/figure>\n<\/div>\n<h4 class=\"wp-block-heading\" id=\"application\">Applicazione<\/h4>\n\n<div class=\"wp-block-columns is-layout-flex wp-container-core-columns-is-layout-9d6595d7 wp-block-columns-is-layout-flex\">\n<div class=\"wp-block-column is-layout-flow wp-block-column-is-layout-flow\">\n<ul class=\"wp-block-list\" id=\"block-d9c56046-ec66-4f80-bc70-c000e96a1e51\">\n<li>Vetro della finestra (interno ed esterno)<\/li>\n\n\n\n<li>Superfici in vetro nella zona sanitaria (specchi, box doccia)<\/li>\n\n\n\n<li>Vetro da costruzione (giardini d&#8217;inverno, serre, tettoie, vetrate)<\/li>\n\n\n\n<li><a href=\"https:\/\/www.versiegelung24.com\/it\/sigillatura-vetro-auto-di-qualita-professionale.html\">Vetri auto<\/a> (finestrini laterali e interni &#8211; lunotto anteriore vedi prodotto speciale)<\/li>\n<\/ul>\n<\/div>\n\n\n\n<div class=\"wp-block-column is-layout-flow wp-block-column-is-layout-flow\">\n<p>Il consumo dipende dalla struttura della superficie: circa 50-200 mq\/litro.<\/p>\n\n\n\n<p><br\/><br\/><br\/>Facile da applicare: 1. Pre-pulisci molto bene la superficie (pi\u00f9 \u00e8 pulita, pi\u00f9 a lungo durer\u00e0 il sigillante) 2. Spruzza il sigillante e strofina 3. Lascia indurire per ore. Lascia indurire per 12 ore &#8211; finito<\/p>\n<\/div>\n<\/div>\n\n<h4 class=\"wp-block-heading\" id=\"advisor\">Consulente<\/h4>\n\n<div class=\"wp-block-columns is-layout-flex wp-container-core-columns-is-layout-9d6595d7 wp-block-columns-is-layout-flex\">\n<div class=\"wp-block-column is-layout-flow wp-block-column-is-layout-flow\">\n<figure class=\"wp-block-image size-full\"><img decoding=\"async\" width=\"500\" height=\"500\" src=\"https:\/\/www.versiegelung24.com\/wp-content\/uploads\/2022\/01\/dachfenster_content_500-1.jpg\" alt=\"\" class=\"wp-image-59686\" srcset=\"https:\/\/www.versiegelung24.com\/wp-content\/uploads\/2022\/01\/dachfenster_content_500-1.jpg 500w, https:\/\/www.versiegelung24.com\/wp-content\/uploads\/2022\/01\/dachfenster_content_500-1-300x300.jpg 300w, https:\/\/www.versiegelung24.com\/wp-content\/uploads\/2022\/01\/dachfenster_content_500-1-80x80.jpg 80w, https:\/\/www.versiegelung24.com\/wp-content\/uploads\/2022\/01\/dachfenster_content_500-1-400x400.jpg 400w, https:\/\/www.versiegelung24.com\/wp-content\/uploads\/2022\/01\/dachfenster_content_500-1-100x100.jpg 100w\" sizes=\"(max-width: 500px) 100vw, 500px\" \/><\/figure>\n<\/div>\n\n\n\n<div class=\"wp-block-column is-layout-flow wp-block-column-is-layout-flow\">\n<h3 class=\"wp-block-heading\" id=\"h-welche-vorteile-bringt-ihnen-die-fensterversiegelung\">Quali sono i vantaggi della sigillatura delle finestre?<\/h3>\n\n\n\n<p>Ti diremo come puoi prendere il controllo delle tue finestre per i prossimi 2-3 anni e ridurre al minimo lo sforzo necessario per la pulizia:<\/p>\n\n\n\n<p>Il nostro prodotto di cui sopra \u00e8 un cosiddetto nano-sigillatura. <br\/>Le particelle di biossido di silicio contenute (vetro liquido) si combinano quando vengono applicate e formano uno strato sottile di circa 100-150 nanometri sul vetro, che \u00e8 completamente trasparente e non causa alcun annebbiamento. Questa pellicola invisibile sulla superficie protegge le tue finestre con il noto effetto loto. L&#8217;acqua scorre completamente, le fastidiose macchie d&#8217;acqua &#8211; soprattutto dopo un acquazzone &#8211; sono un ricordo del passato. Sporcizia, polvere, escrementi di uccelli, ecc. non si attaccano pi\u00f9 e possono essere facilmente rimossi.<\/p>\n\n\n\n<p>Di conseguenza, devi pulire le finestre della casa molto meno spesso di quanto facessi prima che venissero sigillate. Ci\u00f2 \u00e8 particolarmente evidente nel caso delle finestre da tetto, poich\u00e9 la loro posizione inclinata le rende ancora pi\u00f9 suscettibili allo sporco rispetto alle finestre installate verticalmente.<\/p>\n<\/div>\n<\/div>\n\n<h3 class=\"wp-block-heading\" id=\"h-wie-gross-ist-der-arbeitsaufwand-fur-das-versiegeln-der-fensterscheiben\">Quanto lavoro ci vuole per sigillare i vetri delle finestre?<\/h3>\n\n<p>Il tempo necessario per applicare il sigillante \u00e8 molto breve ed \u00e8 probabilmente anche pi\u00f9 veloce della pulizia delle finestre stesse.<\/p>\n\n<p>Prima di tutto, il vetro della finestra deve essere pre-pulito intensamente. Con il nostro<a href=\"https:\/\/www.versiegelung24.com\/biosativa-biologischer-vorreiniger\/\"> Pre-detergente BIOSATIVA<\/a> e il<a href=\"https:\/\/www.versiegelung24.com\/bioethanol\/\"> Bioetanolo 96,6%<\/a> questo \u00e8 un processo senza problemi. Questi prodotti del nostro negozio rimuovono tutti i residui sul vetro in modo efficace e veloce. <br\/>Questo \u00e8 fondamentale per la successiva qualit\u00e0 e durata del sigillante. Una volta completato il lavoro di preparazione, inizia la sigillatura vera e propria. Il vetro liquido viene spruzzato su un panno e quindi applicato sulla lastra. Dopo circa 5 min. lucidare con un panno morbido in microfibra.<\/p>\n\n<p>Dopo un tempo di maturazione di 12 ore, la superficie \u00e8 completamente sigillata. Una giornata senza pioggia \u00e8 quindi l&#8217;ideale per l&#8217;esterno, in modo che il rivestimento possa asciugarsi indisturbato e le nanoparticelle del vetro liquido possano combinarsi completamente.<\/p>\n\n<h3 class=\"wp-block-heading\" id=\"h-ist-eine-versiegelung-der-fenster-aussen-und-innen-sinnvoll\">Ha senso sigillare le finestre all&#8217;esterno E all&#8217;interno?<\/h3>\n\n<p>In ogni caso si consiglia di sigillare entrambi i lati della finestra. Certamente il carico di sporco all&#8217;interno \u00e8 notevolmente inferiore rispetto all&#8217;esterno. Ma anche qui polvere e grasso formano sul vetro una pellicola che va rimossa di tanto in tanto. Chi ha bambini, ad esempio, conosce anche il simpatico nasino e le impronte delle mani sul parabrezza, che vengono realizzati quando i pi\u00f9 piccoli hanno scoperto qualcosa di eccitante all&#8217;esterno. Con la nostra sigillatura per finestre, questi residui possono essere rimossi rapidamente e facilmente. Risparmi tempo e nervi per cose pi\u00f9 importanti.<\/p>\n\n<div class=\"wp-block-columns is-layout-flex wp-container-core-columns-is-layout-9d6595d7 wp-block-columns-is-layout-flex\">\n<div class=\"wp-block-column is-layout-flow wp-block-column-is-layout-flow\">\n<h3 class=\"wp-block-heading\" id=\"h-schutzen-sie-ihre-fenster-vor-kratzern\">Proteggi le tue finestre dai graffi<\/h3>\n\n\n\n<p>Nel corso degli anni, lo sporco rimosso durante la pulizia delle finestre pu\u00f2 causare i pi\u00f9 sottili graffi sul vetro. Anche qui la sigillatura del vetro ha un&#8217;influenza estremamente positiva. Forma uno strato protettivo sulla superficie, che da un lato evita i graffi grazie alla sua resistenza e dall&#8217;altro impedisce alla polvere di aderire fin dall&#8217;inizio.<\/p>\n\n\n\n<h3 class=\"wp-block-heading\" id=\"h-nutzen-sie-die-zeit-fur-die-wirklich-wichtigen-dinge-im-leben\">Usa il tempo per le cose veramente importanti della vita<\/h3>\n\n\n\n<p>Goditi la primavera invece di passare il tempo con una maratona di pulizia dei vetri. Grazie alla nostra sigillatura professionale del vetro, risparmierai molto lavoro fino a 3 anni. Dovresti valerne la pena!<\/p>\n<\/div>\n\n\n\n<div class=\"wp-block-column is-layout-flow wp-block-column-is-layout-flow\"><div class=\"wp-block-image\">\n<figure class=\"alignright size-full\"><img loading=\"lazy\" decoding=\"async\" width=\"500\" height=\"500\" src=\"https:\/\/www.versiegelung24.com\/wp-content\/uploads\/2022\/01\/fenster_content_500.jpg\" alt=\"\" class=\"wp-image-59505\" srcset=\"https:\/\/www.versiegelung24.com\/wp-content\/uploads\/2022\/01\/fenster_content_500.jpg 500w, https:\/\/www.versiegelung24.com\/wp-content\/uploads\/2022\/01\/fenster_content_500-300x300.jpg 300w, https:\/\/www.versiegelung24.com\/wp-content\/uploads\/2022\/01\/fenster_content_500-80x80.jpg 80w, https:\/\/www.versiegelung24.com\/wp-content\/uploads\/2022\/01\/fenster_content_500-400x400.jpg 400w, https:\/\/www.versiegelung24.com\/wp-content\/uploads\/2022\/01\/fenster_content_500-100x100.jpg 100w\" sizes=\"(max-width: 500px) 100vw, 500px\" \/><\/figure>\n<\/div><\/div>\n<\/div>\n","protected":false},"excerpt":{"rendered":"<p><strong>**NOVIT\u00c0** Sigillante per vetri altamente efficace per:<\/strong><\/p>\n<p>\u2713 Riquadri delle finestre<\/p>\n<p>\u2713 Facciate in vetro<\/p>\n<p>\u2713 porte d&#8217;ingresso ecc.,<\/p>\n<p>\u2713 Con effetto loto (idrorepellenza)<\/p>\n<p>\u2713 Per interni ed esterni<\/p>\n<p>&nbsp;<\/p>\n","protected":false},"featured_media":17720,"template":"","meta":{"_acf_changed":false,"neve_meta_sidebar":"","neve_meta_container":"","neve_meta_enable_content_width":"","neve_meta_content_width":0,"neve_meta_title_alignment":"","neve_meta_author_avatar":"","neve_post_elements_order":"","neve_meta_disable_header":"","neve_meta_disable_footer":"","neve_meta_disable_title":"","neve_meta_reading_time":"","_surfaces":[],"_ver_product_tabs":[],"footnotes":""},"product_brand":[],"product_cat":[2162],"product_tag":[],"class_list":{"0":"post-22920","1":"product","2":"type-product","3":"status-publish","4":"has-post-thumbnail","6":"product_cat-sigillatura-per-vetro-e-ceramica","7":"pa_gebinde-flacone-da-1000-ml","8":"pa_gebinde-tanica-da-20l","10":"first","11":"instock","12":"taxable","13":"shipping-taxable","14":"purchasable","15":"product-type-variable","16":"has-default-attributes"},"acf":[],"yoast_head":"<!-- This site is optimized with the Yoast SEO Premium plugin v22.8 (Yoast SEO v27.5) - https:\/\/yoast.com\/product\/yoast-seo-premium-wordpress\/ -->\n<title>Sigillatura del vetro di qualit\u00e0 professionale - Easy Care - versiegelung24.com<\/title>\n<meta name=\"robots\" content=\"index, follow, max-snippet:-1, max-image-preview:large, max-video-preview:-1\" \/>\n<link rel=\"canonical\" href=\"https:\/\/www.versiegelung24.com\/it\/sigillatura-vetro-di-qualita-professionale.html\" \/>\n<meta property=\"og:locale\" content=\"it_IT\" \/>\n<meta property=\"og:type\" content=\"article\" \/>\n<meta property=\"og:title\" content=\"Sigillatura del vetro di qualit\u00e0 professionale - Easy Care\" \/>\n<meta property=\"og:description\" content=\"**NOVIT\u00c0** Sigillante per vetri altamente efficace per: \u2713 Riquadri delle finestre \u2713 Facciate in vetro \u2713 porte d&#039;ingresso ecc., \u2713 Con effetto loto (idrorepellenza) \u2713 Per interni ed esterni &nbsp;\" \/>\n<meta property=\"og:url\" content=\"https:\/\/www.versiegelung24.com\/it\/sigillatura-vetro-di-qualita-professionale.html\" \/>\n<meta property=\"og:site_name\" content=\"versiegelung24.com\" \/>\n<meta property=\"article:modified_time\" content=\"2025-01-03T22:36:22+00:00\" \/>\n<meta property=\"og:image\" content=\"https:\/\/www.versiegelung24.com\/wp-content\/uploads\/2020\/06\/produkt-1000-601-1000-Glasversiegelung-scaled.jpg\" \/>\n\t<meta property=\"og:image:width\" content=\"2560\" \/>\n\t<meta property=\"og:image:height\" content=\"2560\" \/>\n\t<meta property=\"og:image:type\" content=\"image\/jpeg\" \/>\n<meta name=\"twitter:card\" content=\"summary_large_image\" \/>\n<meta name=\"twitter:label1\" content=\"Disponibilit\u00e0\" \/>\n\t<meta name=\"twitter:data1\" content=\"In stock\" \/>\n<script type=\"application\/ld+json\" class=\"yoast-schema-graph\">{\"@context\":\"https:\\\/\\\/schema.org\",\"@graph\":[{\"@type\":\"WebPage\",\"@id\":\"https:\\\/\\\/www.versiegelung24.com\\\/it\\\/sigillatura-vetro-di-qualita-professionale.html\",\"url\":\"https:\\\/\\\/www.versiegelung24.com\\\/it\\\/sigillatura-vetro-di-qualita-professionale.html\",\"name\":\"Sigillatura del vetro di qualit\u00e0 professionale - Easy Care - versiegelung24.com\",\"isPartOf\":{\"@id\":\"https:\\\/\\\/www.versiegelung24.com\\\/it\\\/#website\"},\"primaryImageOfPage\":{\"@id\":\"https:\\\/\\\/www.versiegelung24.com\\\/it\\\/sigillatura-vetro-di-qualita-professionale.html#primaryimage\"},\"image\":{\"@id\":\"https:\\\/\\\/www.versiegelung24.com\\\/it\\\/sigillatura-vetro-di-qualita-professionale.html#primaryimage\"},\"thumbnailUrl\":\"https:\\\/\\\/www.versiegelung24.com\\\/wp-content\\\/uploads\\\/2020\\\/06\\\/produkt-1000-601-1000-Glasversiegelung-scaled.jpg\",\"datePublished\":\"2021-08-02T19:07:47+00:00\",\"dateModified\":\"2025-01-03T22:36:22+00:00\",\"breadcrumb\":{\"@id\":\"https:\\\/\\\/www.versiegelung24.com\\\/it\\\/sigillatura-vetro-di-qualita-professionale.html#breadcrumb\"},\"inLanguage\":\"it-IT\",\"potentialAction\":[{\"@type\":\"ReadAction\",\"target\":[\"https:\\\/\\\/www.versiegelung24.com\\\/it\\\/sigillatura-vetro-di-qualita-professionale.html\"]}]},{\"@type\":\"ImageObject\",\"inLanguage\":\"it-IT\",\"@id\":\"https:\\\/\\\/www.versiegelung24.com\\\/it\\\/sigillatura-vetro-di-qualita-professionale.html#primaryimage\",\"url\":\"https:\\\/\\\/www.versiegelung24.com\\\/wp-content\\\/uploads\\\/2020\\\/06\\\/produkt-1000-601-1000-Glasversiegelung-scaled.jpg\",\"contentUrl\":\"https:\\\/\\\/www.versiegelung24.com\\\/wp-content\\\/uploads\\\/2020\\\/06\\\/produkt-1000-601-1000-Glasversiegelung-scaled.jpg\",\"width\":2560,\"height\":2560},{\"@type\":\"BreadcrumbList\",\"@id\":\"https:\\\/\\\/www.versiegelung24.com\\\/it\\\/sigillatura-vetro-di-qualita-professionale.html#breadcrumb\",\"itemListElement\":[{\"@type\":\"ListItem\",\"position\":1,\"name\":\"Homepage\",\"item\":\"https:\\\/\\\/www.versiegelung24.com\\\/it\\\/fronte\\\/\"},{\"@type\":\"ListItem\",\"position\":2,\"name\":\"Negozio\",\"item\":\"https:\\\/\\\/www.versiegelung24.com\\\/it\\\/negozio\\\/\"},{\"@type\":\"ListItem\",\"position\":3,\"name\":\"Sigillatura del vetro di qualit\u00e0 professionale &#8211; Easy Care\"}]},{\"@type\":\"WebSite\",\"@id\":\"https:\\\/\\\/www.versiegelung24.com\\\/it\\\/#website\",\"url\":\"https:\\\/\\\/www.versiegelung24.com\\\/it\\\/\",\"name\":\"versiegelung24.com\",\"description\":\"Fl\u00fcssigglas-Versiegelung - Made in Germany\",\"publisher\":{\"@id\":\"https:\\\/\\\/www.versiegelung24.com\\\/it\\\/#organization\"},\"potentialAction\":[{\"@type\":\"SearchAction\",\"target\":{\"@type\":\"EntryPoint\",\"urlTemplate\":\"https:\\\/\\\/www.versiegelung24.com\\\/it\\\/?s={search_term_string}\"},\"query-input\":{\"@type\":\"PropertyValueSpecification\",\"valueRequired\":true,\"valueName\":\"search_term_string\"}}],\"inLanguage\":\"it-IT\"},{\"@type\":\"Organization\",\"@id\":\"https:\\\/\\\/www.versiegelung24.com\\\/it\\\/#organization\",\"name\":\"versiegelung24\",\"url\":\"https:\\\/\\\/www.versiegelung24.com\\\/it\\\/\",\"logo\":{\"@type\":\"ImageObject\",\"inLanguage\":\"it-IT\",\"@id\":\"https:\\\/\\\/www.versiegelung24.com\\\/it\\\/#\\\/schema\\\/logo\\\/image\\\/\",\"url\":\"https:\\\/\\\/www.versiegelung24.com\\\/wp-content\\\/uploads\\\/2020\\\/04\\\/versiegelung24.png\",\"contentUrl\":\"https:\\\/\\\/www.versiegelung24.com\\\/wp-content\\\/uploads\\\/2020\\\/04\\\/versiegelung24.png\",\"width\":470,\"height\":102,\"caption\":\"versiegelung24\"},\"image\":{\"@id\":\"https:\\\/\\\/www.versiegelung24.com\\\/it\\\/#\\\/schema\\\/logo\\\/image\\\/\"}}]}<\/script>\n<meta property=\"og:availability\" content=\"instock\" \/>\n<meta property=\"product:availability\" content=\"instock\" \/>\n<meta property=\"product:retailer_item_id\" content=\"1000-6601\" \/>\n<meta property=\"product:condition\" content=\"new\" \/>\n<!-- \/ Yoast SEO Premium plugin. -->","yoast_head_json":{"title":"Sigillatura del vetro di qualit\u00e0 professionale - Easy Care - versiegelung24.com","robots":{"index":"index","follow":"follow","max-snippet":"max-snippet:-1","max-image-preview":"max-image-preview:large","max-video-preview":"max-video-preview:-1"},"canonical":"https:\/\/www.versiegelung24.com\/it\/sigillatura-vetro-di-qualita-professionale.html","og_locale":"it_IT","og_type":"article","og_title":"Sigillatura del vetro di qualit\u00e0 professionale - Easy Care","og_description":"**NOVIT\u00c0** Sigillante per vetri altamente efficace per: \u2713 Riquadri delle finestre \u2713 Facciate in vetro \u2713 porte d'ingresso ecc., \u2713 Con effetto loto (idrorepellenza) \u2713 Per interni ed esterni &nbsp;","og_url":"https:\/\/www.versiegelung24.com\/it\/sigillatura-vetro-di-qualita-professionale.html","og_site_name":"versiegelung24.com","article_modified_time":"2025-01-03T22:36:22+00:00","og_image":[{"width":2560,"height":2560,"url":"https:\/\/www.versiegelung24.com\/wp-content\/uploads\/2020\/06\/produkt-1000-601-1000-Glasversiegelung-scaled.jpg","type":"image\/jpeg"}],"twitter_card":"summary_large_image","twitter_misc":{"Disponibilit\u00e0":"In stock"},"schema":{"@context":"https:\/\/schema.org","@graph":[{"@type":"WebPage","@id":"https:\/\/www.versiegelung24.com\/it\/sigillatura-vetro-di-qualita-professionale.html","url":"https:\/\/www.versiegelung24.com\/it\/sigillatura-vetro-di-qualita-professionale.html","name":"Sigillatura del vetro di qualit\u00e0 professionale - Easy Care - versiegelung24.com","isPartOf":{"@id":"https:\/\/www.versiegelung24.com\/it\/#website"},"primaryImageOfPage":{"@id":"https:\/\/www.versiegelung24.com\/it\/sigillatura-vetro-di-qualita-professionale.html#primaryimage"},"image":{"@id":"https:\/\/www.versiegelung24.com\/it\/sigillatura-vetro-di-qualita-professionale.html#primaryimage"},"thumbnailUrl":"https:\/\/www.versiegelung24.com\/wp-content\/uploads\/2020\/06\/produkt-1000-601-1000-Glasversiegelung-scaled.jpg","datePublished":"2021-08-02T19:07:47+00:00","dateModified":"2025-01-03T22:36:22+00:00","breadcrumb":{"@id":"https:\/\/www.versiegelung24.com\/it\/sigillatura-vetro-di-qualita-professionale.html#breadcrumb"},"inLanguage":"it-IT","potentialAction":[{"@type":"ReadAction","target":["https:\/\/www.versiegelung24.com\/it\/sigillatura-vetro-di-qualita-professionale.html"]}]},{"@type":"ImageObject","inLanguage":"it-IT","@id":"https:\/\/www.versiegelung24.com\/it\/sigillatura-vetro-di-qualita-professionale.html#primaryimage","url":"https:\/\/www.versiegelung24.com\/wp-content\/uploads\/2020\/06\/produkt-1000-601-1000-Glasversiegelung-scaled.jpg","contentUrl":"https:\/\/www.versiegelung24.com\/wp-content\/uploads\/2020\/06\/produkt-1000-601-1000-Glasversiegelung-scaled.jpg","width":2560,"height":2560},{"@type":"BreadcrumbList","@id":"https:\/\/www.versiegelung24.com\/it\/sigillatura-vetro-di-qualita-professionale.html#breadcrumb","itemListElement":[{"@type":"ListItem","position":1,"name":"Homepage","item":"https:\/\/www.versiegelung24.com\/it\/fronte\/"},{"@type":"ListItem","position":2,"name":"Negozio","item":"https:\/\/www.versiegelung24.com\/it\/negozio\/"},{"@type":"ListItem","position":3,"name":"Sigillatura del vetro di qualit\u00e0 professionale &#8211; Easy Care"}]},{"@type":"WebSite","@id":"https:\/\/www.versiegelung24.com\/it\/#website","url":"https:\/\/www.versiegelung24.com\/it\/","name":"versiegelung24.com","description":"Fl\u00fcssigglas-Versiegelung - Made in Germany","publisher":{"@id":"https:\/\/www.versiegelung24.com\/it\/#organization"},"potentialAction":[{"@type":"SearchAction","target":{"@type":"EntryPoint","urlTemplate":"https:\/\/www.versiegelung24.com\/it\/?s={search_term_string}"},"query-input":{"@type":"PropertyValueSpecification","valueRequired":true,"valueName":"search_term_string"}}],"inLanguage":"it-IT"},{"@type":"Organization","@id":"https:\/\/www.versiegelung24.com\/it\/#organization","name":"versiegelung24","url":"https:\/\/www.versiegelung24.com\/it\/","logo":{"@type":"ImageObject","inLanguage":"it-IT","@id":"https:\/\/www.versiegelung24.com\/it\/#\/schema\/logo\/image\/","url":"https:\/\/www.versiegelung24.com\/wp-content\/uploads\/2020\/04\/versiegelung24.png","contentUrl":"https:\/\/www.versiegelung24.com\/wp-content\/uploads\/2020\/04\/versiegelung24.png","width":470,"height":102,"caption":"versiegelung24"},"image":{"@id":"https:\/\/www.versiegelung24.com\/it\/#\/schema\/logo\/image\/"}}]},"og_availability":"instock","product_availability":"instock","product_retailer_item_id":"1000-6601","product_condition":"new"},"_links":{"self":[{"href":"https:\/\/www.versiegelung24.com\/it\/wp-json\/wp\/v2\/product\/22920","targetHints":{"allow":["GET"]}}],"collection":[{"href":"https:\/\/www.versiegelung24.com\/it\/wp-json\/wp\/v2\/product"}],"about":[{"href":"https:\/\/www.versiegelung24.com\/it\/wp-json\/wp\/v2\/types\/product"}],"version-history":[{"count":32,"href":"https:\/\/www.versiegelung24.com\/it\/wp-json\/wp\/v2\/product\/22920\/revisions"}],"predecessor-version":[{"id":177485,"href":"https:\/\/www.versiegelung24.com\/it\/wp-json\/wp\/v2\/product\/22920\/revisions\/177485"}],"wp:featuredmedia":[{"embeddable":true,"href":"https:\/\/www.versiegelung24.com\/it\/wp-json\/wp\/v2\/media\/17720"}],"wp:attachment":[{"href":"https:\/\/www.versiegelung24.com\/it\/wp-json\/wp\/v2\/media?parent=22920"}],"wp:term":[{"taxonomy":"product_brand","embeddable":true,"href":"https:\/\/www.versiegelung24.com\/it\/wp-json\/wp\/v2\/product_brand?post=22920"},{"taxonomy":"product_cat","embeddable":true,"href":"https:\/\/www.versiegelung24.com\/it\/wp-json\/wp\/v2\/product_cat?post=22920"},{"taxonomy":"product_tag","embeddable":true,"href":"https:\/\/www.versiegelung24.com\/it\/wp-json\/wp\/v2\/product_tag?post=22920"}],"curies":[{"name":"wp","href":"https:\/\/api.w.org\/{rel}","templated":true}]}}