{"id":23492,"date":"2020-04-04T18:53:18","date_gmt":"2021-08-02T19:39:58","guid":{"rendered":"https:\/\/www.versiegelung24.com\/produkt\/bacoban-disinfezione-delle-superfici-a-lungo-termine-a-base-dacqua-soluzione-pronta-alluso"},"modified":"2025-04-10T09:53:24","modified_gmt":"2025-04-10T07:53:24","slug":"bacoban-disinfezione-superficie-a-lungo-termine-soluzione-pronta-alluso-a-base-dacqua","status":"publish","type":"product","link":"https:\/\/www.versiegelung24.com\/it\/bacoban-disinfezione-superficie-a-lungo-termine-soluzione-pronta-alluso-a-base-dacqua.html","title":{"rendered":"Bacoban\u00ae &#8211; disinfezione delle superfici a lungo termine, a base d&#8217;acqua &#8211; soluzione pronta all&#8217;uso"},"content":{"rendered":"<div class=\"wp-block-image\">\n<figure class=\"alignright\"><img fetchpriority=\"high\" decoding=\"async\" width=\"300\" height=\"180\" src=\"https:\/\/www.versiegelung24.com\/wp-content\/uploads\/2020\/04\/Bacoban-stamp-300x180.png\" alt=\"\" class=\"wp-image-7393\" srcset=\"https:\/\/www.versiegelung24.com\/wp-content\/uploads\/2020\/04\/Bacoban-stamp-300x180.png 300w, https:\/\/www.versiegelung24.com\/wp-content\/uploads\/2020\/04\/Bacoban-stamp-16x10.png 16w, https:\/\/www.versiegelung24.com\/wp-content\/uploads\/2020\/04\/Bacoban-stamp.png 472w\" sizes=\"(max-width: 300px) 100vw, 300px\" \/><\/figure>\n<\/div><p><strong>Superficie facile da pulire.<\/strong> L&#8217;effetto della nano-sigillatura porta anche a una facile pulizia&nbsp;&nbsp; Superficie: lo sforzo di pulizia \u00e8 ridotto di oltre il 50%!<\/p>\n<p><strong>Inoltre, Bacoban\u00ae riduce anche gli odori causati dai batteri.<\/strong>&nbsp; Bacoban\u00ae \u00e8 elencato VAH e certificato CE ed \u00e8 stato testato da rinomati istituti. &nbsp;<\/p>\n<p><strong>Importante!<\/strong>&nbsp;<strong>L&#8217;effetto antimicrobico di lunga durata di Bacoban\u00ae non deve portare all&#8217;omissione delle necessarie misure di disinfezione in caso di contaminazione visibile e\/o discutibile.<\/strong><\/p><\/p>\n\n<hr \/>\n\n<h4 class=\"wp-block-heading\" id=\"properties\">Caratteristiche del prodotto<\/h4>\n\n<div class=\"wp-block-columns is-layout-flex wp-container-core-columns-is-layout-9d6595d7 wp-block-columns-is-layout-flex\">\n<div class=\"wp-block-column is-layout-flow wp-block-column-is-layout-flow\">\n<p><strong><br \/>Disinfezione e pulizia senza alcool dell&#8217;inventario medico e di altre superfici<\/strong>(in conformit\u00e0 con la Direttiva 93\/42\/CEE; MDD)<strong><\/strong><\/p>\n\n\n\n<p><br \/><br \/><br \/>100 g di soluzione contengono: cloruro di benzalconio 0,26 g, piritione di sodio 0,025 g, policondensati, profumi, acqua depurata. UBA Nr: 57040031 Biocide-Reg.Nr: N-34071<\/p>\n\n\n\n<p><\/p>\n\n\n\n<p><strong><br \/>Tipo di prodotto<\/strong>Soluzione pronta all&#8217;uso per la disinfezione, con effetto antimicrobico a lungo termine.<strong><\/strong> Senza formaldeide, senza fenoli.<\/p>\n\n\n\n<p><br \/><br \/>Bacoban\u00ae 500ml &#8211; a base d&#8217;acqua &#8211; pronto all&#8217;uso &#8211; spray a pompa da 500 ml Codice articolo. BAC500DI<\/p>\n\n\n\n<p><br \/><br \/>Contenuto della fornitura: flacone da 500 ml 1 x pompa a spruzzo<br \/><\/p>\n<\/div>\n\n\n\n<div class=\"wp-block-column is-layout-flow wp-block-column-is-layout-flow\">\n<p><strong><br \/>Efficacia microbiologica<\/strong>Bacoban\u00ae \u00e8 efficace contro:<strong><\/strong><\/p>\n\n\n\n<p>\u2713 batteri<\/p>\n\n\n\n<p>\u2713 funghi<\/p>\n\n\n\n<p>\u2713 virus speciali<\/p>\n\n\n\n<p>\u2713 Virus dell&#8217;epatite B e C<\/p>\n\n\n\n<p>\u2713 Virus dell&#8217;influenza inclusi H5N1 e H1N1<\/p>\n\n\n\n<p>\u2713 Coronavirus<\/p>\n\n\n\n<p>\u2713 Rotavirus<\/p>\n\n\n\n<p>\u2713 adenovirus<\/p>\n\n\n\n<p><br \/><br \/><br \/><br \/><br \/>E<strong>fficacia<\/strong> DIN EN 1040 5 min. DIN EN 1275 5 min. DIN EN 1276 5 min. DIN EN 1650 5 min. DIN EN 13697 5 min.<\/p>\n\n\n\n<p>Effetto antimicrobico sostenibile testato fino a 10 giorni in base a ASTM E 2180<\/p>\n<\/div>\n<\/div>\n\n<hr \/>\n\n<h4 class=\"wp-block-heading\" id=\"application\">Applicazione<\/h4>\n\n<div class=\"wp-block-columns is-layout-flex wp-container-core-columns-is-layout-9d6595d7 wp-block-columns-is-layout-flex\">\n<div class=\"wp-block-column is-layout-flow wp-block-column-is-layout-flow\">\n<p>Disinfezione e pulizia di superfici medicali secondo Direttiva 93\/42\/CEE (prodotti medicali) e superfici di ogni genere:<\/p>\n\n\n\n<p> \u2713 nelle cliniche<\/p>\n\n\n\n<p>\u2713 Studi medici<\/p>\n\n\n\n<p>\u2713 Unit\u00e0 di riabilitazione e case di riposo<\/p>\n\n\n\n<p><br \/>Soprattutto nelle aree in cui \u00e8 richiesta un&#8217;igiene efficiente e duratura.<\/p>\n<\/div>\n\n\n\n<div class=\"wp-block-column is-layout-flow wp-block-column-is-layout-flow\">\n<p>Particolarmente indicato per ambienti in cui si originano odori sgradevoli da parte di microorganismi, quali:<\/p>\n\n\n\n<p>\u2713 WC<\/p>\n\n\n\n<p>\u2713 Impianti sanitari<\/p>\n\n\n\n<p>Bacoban\u00ae pu\u00f2 essere utilizzato in aree critiche e sensibili dell&#8217;industria farmaceutica e cosmetica.<\/p>\n<\/div>\n<\/div>\n\n<hr \/>\n\n<h4 class=\"wp-block-heading\" id=\"advisor\">Consulente<\/h4>\n\n<p>I <strong>disinfettanti convenzionali sono immediatamente efficaci, ma solo per un breve<\/strong> periodo: durante il tempo di esposizione uccidono virus e batteri specifici. In seguito, per\u00f2, la superficie \u00e8 di nuovo esposta in modo indifeso a questi microrganismi. <strong>Fino alla prossima disinfezione, si crea un vuoto igienico in cui i microrganismi possono ricolonizzarsi. <\/strong>  <strong>Il disinfettante multifunzionale Bacoban\u00ae sviluppato dalla nanotecnologia pu\u00f2 fare di pi\u00f9:<\/strong> combina le propriet\u00e0 di un disinfettante e di un nano-sigillante. <strong><br class=\"avia-permanent-lb\" \/> Come funziona Bacoban\u00ae<\/strong> <strong> <strong>Oltre al suo comprovato effetto diretto di uccisione di germi e virus <\/strong>(tra cui coronavirus, HIV, HBV, HCV, herpes, influenza, virus Ebola, ecc.), Bacoban\u00ae possiede <strong>altri due meccanismi altamente efficaci<\/strong>: <\/strong> <\/p>\n\n<p><strong>Effetto antimicrobico e inattivo contro i virus (alcuni virus) fino a 10 giorni<\/strong> Dopo che il disinfettante \u00e8 evaporato, Bacoban\u00ae forma una \u201cnano-spugna\u201d. <br class=\"avia-permanent-lb\" \/>Contiene biocidi che si diffondono sulla superficie in caso di contaminazione\/colonizzazione e uccidono batteri e funghi, fino a 10 giorni.<strong>L&#8217;effetto duraturo di Bacoban\u00ae colma il gap igienico!<\/strong><strong><br class=\"avia-permanent-lb\" \/><\/strong><\/p>\n<div class=\"wp-block-image\">\n<figure class=\"aligncenter size-full\"><a href=\"https:\/\/www.versiegelung24.com\/wp-content\/uploads\/2021\/08\/bacoban-hygieneluecke-600x275-1.jpeg\"><img decoding=\"async\" width=\"600\" height=\"275\" src=\"https:\/\/www.versiegelung24.com\/wp-content\/uploads\/2021\/08\/bacoban-hygieneluecke-600x275-1.jpeg\" alt=\"\" class=\"wp-image-30433\" srcset=\"https:\/\/www.versiegelung24.com\/wp-content\/uploads\/2021\/08\/bacoban-hygieneluecke-600x275-1.jpeg 600w, https:\/\/www.versiegelung24.com\/wp-content\/uploads\/2021\/08\/bacoban-hygieneluecke-600x275-1-300x138.jpeg 300w\" sizes=\"(max-width: 600px) 100vw, 600px\" \/><\/a><\/figure>\n<\/div>\n<p><strong>Superficie facile da pulire. <\/strong>L&#8217;effetto della nano-sigillatura porta anche a una superficie facile da pulire: lo sforzo di pulizia \u00e8 ridotto di oltre il 50%!<\/p>\n\n<p><strong>Bacoban\u00ae riduce anche gli odori causati dai batteri.<\/strong> Bacoban\u00ae \u00e8 elencato VAH e certificato CE ed \u00e8 stato testato da rinomati istituti. <\/p>\n\n<p><strong>Importante!<\/strong> <strong>L&#8217;effetto antimicrobico di lunga durata di Bacoban\u00ae non deve portare all&#8217;omissione delle necessarie misure di disinfezione in caso di contaminazione visibile e\/o discutibile.<\/strong><\/p>\n\n<p><br \/>I<strong>nformazioni sulla sicurezza:<\/strong> l&#8217;associazione dei datori di lavoro per l&#8217;assicurazione sulla responsabilit\u00e0 civile stabilisce che \u00e8 necessario indossare i guanti quando si maneggiano i disinfettanti. Nocivo se ingerito. Provoca gravi ustioni alla pelle e danni agli occhi. Molto tossico per gli organismi acquatici. Tossico per gli organismi acquatici, con effetti di lunga durata. Non mangiare, bere o fumare durante l&#8217;uso. IN CASO DI INGESTIONE: sciacquare la bocca. NON indurre il vomito. IN CASO DI CONTATTO CON LA PELLE (o con i capelli): Togliere immediatamente tutti gli indumenti contaminati. Sciacquare la pelle con acqua\/doccia. IN CASO DI CONTATTO CON GLI OCCHI: sciacquare con cautela con acqua per alcuni minuti. Se possibile, rimuovere le lenti a contatto esistenti. Continuare a risciacquare. Chiamare immediatamente un CENTRO ANTIVELENI o un medico. Se \u00e8 necessario un parere medico, tenere pronta la confezione o l&#8217;etichetta. <br \/>Tieni fuori dalla portata dei bambini. Usa solo con acqua e seguendo la tabella di miscelazione. Non utilizzare con altri detergenti o disinfettanti.<\/p>\n\n<p>Pu\u00f2 essere utilizzato su tutte le superfici. Per le superfici dubbiamente sensibili, si consiglia di effettuare un test di resistenza su un&#8217;area non visibile. Conservare solo in un contenitore chiuso. Conservare in un luogo fresco e asciutto.<\/p>\n\n<p>Il contenitore pu\u00f2 essere riciclato solo quando \u00e8 completamente vuoto. Non utilizzare dopo la data di scadenza. Smaltire in conformit\u00e0 alle normative locali e ufficiali.<\/p>\n\n<p>N. reg. biocidi: N-28795 (D). 263\/17\/L (Lu)<\/p>\n<div class=\"wp-block-image\">\n<figure class=\"aligncenter size-full\"><a href=\"https:\/\/www.versiegelung24.com\/wp-content\/uploads\/2021\/08\/bacoban-wirkweise-Sol-Gel-Schwamm.jpeg\"><img decoding=\"async\" width=\"592\" height=\"462\" src=\"https:\/\/www.versiegelung24.com\/wp-content\/uploads\/2021\/08\/bacoban-wirkweise-Sol-Gel-Schwamm.jpeg\" alt=\"\" class=\"wp-image-30460\" srcset=\"https:\/\/www.versiegelung24.com\/wp-content\/uploads\/2021\/08\/bacoban-wirkweise-Sol-Gel-Schwamm.jpeg 592w, https:\/\/www.versiegelung24.com\/wp-content\/uploads\/2021\/08\/bacoban-wirkweise-Sol-Gel-Schwamm-300x234.jpeg 300w\" sizes=\"(max-width: 592px) 100vw, 592px\" \/><\/a><\/figure>\n<\/div>\n<h2 class=\"wp-block-heading\" id=\"so-funktioniert-bacoban-1\">Ecco come funziona Bacoban\u00ae<\/h2>\n\n<p><strong>Oltre al comprovato effetto germicida diretto e anti-virus<\/strong> (tra cui coronavirus, HIV, HBV, HCV, herpes, influenza, virus Ebola,&#8230;), Bacoban\u00ae ha altri due meccanismi altamente efficaci:<\/p>\n\n<p><strong>Effetto antimicrobico e inattivante dei virus (alcuni virus) per un massimo di 10 giorni<\/strong> Bacoban\u00ae forma una &#8220;nano-spugna&#8221; dopo l&#8217;evaporazione del disinfettante. Contiene biocidi che, in caso di contaminazione\/colonizzazione, diffondono in superficie e uccidono batteri e funghi &#8211; fino a 10 giorni.<\/p>\n\n<p>D.<strong> L&#8217;effetto duraturo di Bacoban\u00ae colma il divario igienico!<\/strong><\/p>\n\n<p><strong>Superficie facile da pulire<\/strong> L&#8217;effetto della nanosigillatura porta anche a una superficie facile da pulire &#8211; lo sforzo di pulizia \u00e8 ridotto di oltre il 50%!<\/p>\n\n<p><strong>Bacoban\u00ae riduce anche gli odori causati dai batteri.<\/strong> Bacoban\u00ae \u00e8 elencato VAH e certificato CE ed \u00e8 stato testato da rinomati istituti.<\/p>\n\n<p><strong>Importante!<\/strong><br \/><strong>L&#8217;effetto antimicrobico di lunga durata di Bacoban\u00ae non deve portare all&#8217;omissione delle necessarie misure di disinfezione in caso di contaminazione visibile e\/o discutibile.<\/strong><\/p>\n\n<h2 class=\"wp-block-heading\" id=\"h-warum-ein-desinfektionsmittel-mit-nachhaltiger-wirkung-warum-bacoban\">Perch\u00e9 un disinfettante dall&#8217;effetto duraturo? Perch\u00e9 Bacoban\u00ae?<\/h2>\n\n<p>L&#8217;obiettivo primario era creare un disinfettante per superfici con Bacoban\u00ae che non solo disinfettasse, ma garantisse anche un effetto duraturo fino alla successiva disinfezione. <br \/>Il fatto che il progetto abbia avuto un effetto duraturo fino a 10 giorni non ha sorpreso solo noi, ma anche i laboratori di prova indipendenti e le strutture sanitarie che hanno testato Bacoban\u00ae. La conseguenza di questi risultati unici non \u00e8 quella di cambiare automaticamente i piani di igiene e disinfettare solo ogni 5 o 10 giorni, ma piuttosto di utilizzare questo grande vantaggio a beneficio dei pazienti, del personale e per migliorare il controllo delle infezioni. Integrato nel piano di disinfezione stabilito, un tale agente di disinfezione offre una maggiore sicurezza contro la diffusione di germi e virus e riduce cos\u00ec le nuove infezioni. Colma il divario igienico!<\/p>\n\n<p>Ed \u00e8 proprio per questo che Bacoban\u00ae \u00e8 stato sviluppato: Per garantire una maggiore sicurezza tra le fasi di disinfezione e per dare all&#8217;utente un nuovo strumento per combattere germi e virus.<\/p>\n","protected":false},"excerpt":{"rendered":"<p><strong>Bacoban disinfezione delle superfici a lungo termine, soluzione pronta all&#8217;uso a base d&#8217;acqua, 500 ml<\/strong>  <\/p>\n<p>\u2713 Comprovato effetto diretto di uccisione di germi e virus<\/p>\n<p>\u2713 Riduce gli odori causati dai batteri<\/p>\n<p>\u2713 Superficie facile da pulire<\/p>\n<p>\u2713 Effetto antimicrobico e inattivante dei virus (alcuni virus) fino a 10 giorni <!-- \/wp:paragraph --><\/p>\n","protected":false},"featured_media":14462,"template":"","meta":{"_acf_changed":false,"neve_meta_sidebar":"","neve_meta_container":"","neve_meta_enable_content_width":"","neve_meta_content_width":0,"neve_meta_title_alignment":"","neve_meta_author_avatar":"","neve_post_elements_order":"","neve_meta_disable_header":"","neve_meta_disable_footer":"","neve_meta_disable_title":"","neve_meta_reading_time":"","_surfaces":[],"_ver_product_tabs":[],"footnotes":""},"product_brand":[],"product_cat":[2344,2373],"product_tag":[],"class_list":{"0":"post-23492","1":"product","2":"type-product","3":"status-publish","4":"has-post-thumbnail","6":"product_cat-disinfettanti","7":"product_cat-disinfettanti-per-superfici","9":"first","10":"instock","11":"taxable","12":"shipping-taxable","13":"purchasable","14":"product-type-simple"},"acf":[],"yoast_head":"<!-- This site is optimized with the Yoast SEO Premium plugin v22.8 (Yoast SEO v27.5) - https:\/\/yoast.com\/product\/yoast-seo-premium-wordpress\/ -->\n<title>Bacoban\u00ae - disinfezione delle superfici a lungo termine, a base d&#039;acqua - soluzione pronta all&#039;uso - versiegelung24.com<\/title>\n<meta name=\"robots\" content=\"index, follow, max-snippet:-1, max-image-preview:large, max-video-preview:-1\" \/>\n<link rel=\"canonical\" href=\"https:\/\/www.versiegelung24.com\/it\/bacoban-disinfezione-superficie-a-lungo-termine-soluzione-pronta-alluso-a-base-dacqua.html\" \/>\n<meta property=\"og:locale\" content=\"it_IT\" \/>\n<meta property=\"og:type\" content=\"article\" \/>\n<meta property=\"og:title\" content=\"Bacoban\u00ae - disinfezione delle superfici a lungo termine, a base d&#039;acqua - soluzione pronta all&#039;uso\" \/>\n<meta property=\"og:description\" content=\"Bacoban disinfezione delle superfici a lungo termine, soluzione pronta all&#039;uso a base d&#039;acqua, 500 ml  \u2713 Comprovato effetto diretto di uccisione di germi e virus \u2713 Riduce gli odori causati dai batteri \u2713 Superficie facile da pulire \u2713 Effetto antimicrobico e inattivante dei virus (alcuni virus) fino a 10 giorni\" \/>\n<meta property=\"og:url\" content=\"https:\/\/www.versiegelung24.com\/it\/bacoban-disinfezione-superficie-a-lungo-termine-soluzione-pronta-alluso-a-base-dacqua.html\" \/>\n<meta property=\"og:site_name\" content=\"versiegelung24.com\" \/>\n<meta property=\"article:modified_time\" content=\"2025-04-10T07:53:24+00:00\" \/>\n<meta property=\"og:image\" content=\"https:\/\/www.versiegelung24.com\/wp-content\/uploads\/2020\/04\/bacoban-wasserbasiert-500-ml-scaled.jpg\" \/>\n\t<meta property=\"og:image:width\" content=\"2560\" \/>\n\t<meta property=\"og:image:height\" content=\"2560\" \/>\n\t<meta property=\"og:image:type\" content=\"image\/jpeg\" \/>\n<meta name=\"twitter:card\" content=\"summary_large_image\" \/>\n<meta name=\"twitter:label1\" content=\"Prezzo\" \/>\n\t<meta name=\"twitter:data1\" content=\"9,95&euro;\" \/>\n\t<meta name=\"twitter:label2\" content=\"Disponibilit\u00e0\" \/>\n\t<meta name=\"twitter:data2\" content=\"In stock\" \/>\n<script type=\"application\/ld+json\" class=\"yoast-schema-graph\">{\"@context\":\"https:\\\/\\\/schema.org\",\"@graph\":[{\"@type\":\"WebPage\",\"@id\":\"https:\\\/\\\/www.versiegelung24.com\\\/it\\\/bacoban-disinfezione-superficie-a-lungo-termine-soluzione-pronta-alluso-a-base-dacqua.html\",\"url\":\"https:\\\/\\\/www.versiegelung24.com\\\/it\\\/bacoban-disinfezione-superficie-a-lungo-termine-soluzione-pronta-alluso-a-base-dacqua.html\",\"name\":\"Bacoban\u00ae - disinfezione delle superfici a lungo termine, a base d'acqua - soluzione pronta all'uso - versiegelung24.com\",\"isPartOf\":{\"@id\":\"https:\\\/\\\/www.versiegelung24.com\\\/it\\\/#website\"},\"primaryImageOfPage\":{\"@id\":\"https:\\\/\\\/www.versiegelung24.com\\\/it\\\/bacoban-disinfezione-superficie-a-lungo-termine-soluzione-pronta-alluso-a-base-dacqua.html#primaryimage\"},\"image\":{\"@id\":\"https:\\\/\\\/www.versiegelung24.com\\\/it\\\/bacoban-disinfezione-superficie-a-lungo-termine-soluzione-pronta-alluso-a-base-dacqua.html#primaryimage\"},\"thumbnailUrl\":\"https:\\\/\\\/www.versiegelung24.com\\\/wp-content\\\/uploads\\\/2020\\\/04\\\/bacoban-wasserbasiert-500-ml-scaled.jpg\",\"datePublished\":\"2021-08-02T19:39:58+00:00\",\"dateModified\":\"2025-04-10T07:53:24+00:00\",\"breadcrumb\":{\"@id\":\"https:\\\/\\\/www.versiegelung24.com\\\/it\\\/bacoban-disinfezione-superficie-a-lungo-termine-soluzione-pronta-alluso-a-base-dacqua.html#breadcrumb\"},\"inLanguage\":\"it-IT\",\"potentialAction\":[{\"@type\":\"ReadAction\",\"target\":[\"https:\\\/\\\/www.versiegelung24.com\\\/it\\\/bacoban-disinfezione-superficie-a-lungo-termine-soluzione-pronta-alluso-a-base-dacqua.html\"]}]},{\"@type\":\"ImageObject\",\"inLanguage\":\"it-IT\",\"@id\":\"https:\\\/\\\/www.versiegelung24.com\\\/it\\\/bacoban-disinfezione-superficie-a-lungo-termine-soluzione-pronta-alluso-a-base-dacqua.html#primaryimage\",\"url\":\"https:\\\/\\\/www.versiegelung24.com\\\/wp-content\\\/uploads\\\/2020\\\/04\\\/bacoban-wasserbasiert-500-ml-scaled.jpg\",\"contentUrl\":\"https:\\\/\\\/www.versiegelung24.com\\\/wp-content\\\/uploads\\\/2020\\\/04\\\/bacoban-wasserbasiert-500-ml-scaled.jpg\",\"width\":2560,\"height\":2560},{\"@type\":\"BreadcrumbList\",\"@id\":\"https:\\\/\\\/www.versiegelung24.com\\\/it\\\/bacoban-disinfezione-superficie-a-lungo-termine-soluzione-pronta-alluso-a-base-dacqua.html#breadcrumb\",\"itemListElement\":[{\"@type\":\"ListItem\",\"position\":1,\"name\":\"Homepage\",\"item\":\"https:\\\/\\\/www.versiegelung24.com\\\/it\\\/fronte\\\/\"},{\"@type\":\"ListItem\",\"position\":2,\"name\":\"Negozio\",\"item\":\"https:\\\/\\\/www.versiegelung24.com\\\/it\\\/negozio\\\/\"},{\"@type\":\"ListItem\",\"position\":3,\"name\":\"Bacoban\u00ae &#8211; disinfezione delle superfici a lungo termine, a base d&#8217;acqua &#8211; soluzione pronta all&#8217;uso\"}]},{\"@type\":\"WebSite\",\"@id\":\"https:\\\/\\\/www.versiegelung24.com\\\/it\\\/#website\",\"url\":\"https:\\\/\\\/www.versiegelung24.com\\\/it\\\/\",\"name\":\"versiegelung24.com\",\"description\":\"Fl\u00fcssigglas-Versiegelung - Made in Germany\",\"publisher\":{\"@id\":\"https:\\\/\\\/www.versiegelung24.com\\\/it\\\/#organization\"},\"potentialAction\":[{\"@type\":\"SearchAction\",\"target\":{\"@type\":\"EntryPoint\",\"urlTemplate\":\"https:\\\/\\\/www.versiegelung24.com\\\/it\\\/?s={search_term_string}\"},\"query-input\":{\"@type\":\"PropertyValueSpecification\",\"valueRequired\":true,\"valueName\":\"search_term_string\"}}],\"inLanguage\":\"it-IT\"},{\"@type\":\"Organization\",\"@id\":\"https:\\\/\\\/www.versiegelung24.com\\\/it\\\/#organization\",\"name\":\"versiegelung24\",\"url\":\"https:\\\/\\\/www.versiegelung24.com\\\/it\\\/\",\"logo\":{\"@type\":\"ImageObject\",\"inLanguage\":\"it-IT\",\"@id\":\"https:\\\/\\\/www.versiegelung24.com\\\/it\\\/#\\\/schema\\\/logo\\\/image\\\/\",\"url\":\"https:\\\/\\\/www.versiegelung24.com\\\/wp-content\\\/uploads\\\/2020\\\/04\\\/versiegelung24.png\",\"contentUrl\":\"https:\\\/\\\/www.versiegelung24.com\\\/wp-content\\\/uploads\\\/2020\\\/04\\\/versiegelung24.png\",\"width\":470,\"height\":102,\"caption\":\"versiegelung24\"},\"image\":{\"@id\":\"https:\\\/\\\/www.versiegelung24.com\\\/it\\\/#\\\/schema\\\/logo\\\/image\\\/\"}}]}<\/script>\n<meta property=\"product:price:amount\" content=\"9.95\" \/>\n<meta property=\"product:price:currency\" content=\"EUR\" \/>\n<meta property=\"og:availability\" content=\"instock\" \/>\n<meta property=\"product:availability\" content=\"instock\" \/>\n<meta property=\"product:retailer_item_id\" content=\"BAC500DL\" \/>\n<meta property=\"product:condition\" content=\"new\" \/>\n<!-- \/ Yoast SEO Premium plugin. -->","yoast_head_json":{"title":"Bacoban\u00ae - disinfezione delle superfici a lungo termine, a base d'acqua - soluzione pronta all'uso - versiegelung24.com","robots":{"index":"index","follow":"follow","max-snippet":"max-snippet:-1","max-image-preview":"max-image-preview:large","max-video-preview":"max-video-preview:-1"},"canonical":"https:\/\/www.versiegelung24.com\/it\/bacoban-disinfezione-superficie-a-lungo-termine-soluzione-pronta-alluso-a-base-dacqua.html","og_locale":"it_IT","og_type":"article","og_title":"Bacoban\u00ae - disinfezione delle superfici a lungo termine, a base d'acqua - soluzione pronta all'uso","og_description":"Bacoban disinfezione delle superfici a lungo termine, soluzione pronta all'uso a base d'acqua, 500 ml  \u2713 Comprovato effetto diretto di uccisione di germi e virus \u2713 Riduce gli odori causati dai batteri \u2713 Superficie facile da pulire \u2713 Effetto antimicrobico e inattivante dei virus (alcuni virus) fino a 10 giorni","og_url":"https:\/\/www.versiegelung24.com\/it\/bacoban-disinfezione-superficie-a-lungo-termine-soluzione-pronta-alluso-a-base-dacqua.html","og_site_name":"versiegelung24.com","article_modified_time":"2025-04-10T07:53:24+00:00","og_image":[{"width":2560,"height":2560,"url":"https:\/\/www.versiegelung24.com\/wp-content\/uploads\/2020\/04\/bacoban-wasserbasiert-500-ml-scaled.jpg","type":"image\/jpeg"}],"twitter_card":"summary_large_image","twitter_misc":{"Prezzo":"9,95&euro;","Disponibilit\u00e0":"In stock"},"schema":{"@context":"https:\/\/schema.org","@graph":[{"@type":"WebPage","@id":"https:\/\/www.versiegelung24.com\/it\/bacoban-disinfezione-superficie-a-lungo-termine-soluzione-pronta-alluso-a-base-dacqua.html","url":"https:\/\/www.versiegelung24.com\/it\/bacoban-disinfezione-superficie-a-lungo-termine-soluzione-pronta-alluso-a-base-dacqua.html","name":"Bacoban\u00ae - disinfezione delle superfici a lungo termine, a base d'acqua - soluzione pronta all'uso - versiegelung24.com","isPartOf":{"@id":"https:\/\/www.versiegelung24.com\/it\/#website"},"primaryImageOfPage":{"@id":"https:\/\/www.versiegelung24.com\/it\/bacoban-disinfezione-superficie-a-lungo-termine-soluzione-pronta-alluso-a-base-dacqua.html#primaryimage"},"image":{"@id":"https:\/\/www.versiegelung24.com\/it\/bacoban-disinfezione-superficie-a-lungo-termine-soluzione-pronta-alluso-a-base-dacqua.html#primaryimage"},"thumbnailUrl":"https:\/\/www.versiegelung24.com\/wp-content\/uploads\/2020\/04\/bacoban-wasserbasiert-500-ml-scaled.jpg","datePublished":"2021-08-02T19:39:58+00:00","dateModified":"2025-04-10T07:53:24+00:00","breadcrumb":{"@id":"https:\/\/www.versiegelung24.com\/it\/bacoban-disinfezione-superficie-a-lungo-termine-soluzione-pronta-alluso-a-base-dacqua.html#breadcrumb"},"inLanguage":"it-IT","potentialAction":[{"@type":"ReadAction","target":["https:\/\/www.versiegelung24.com\/it\/bacoban-disinfezione-superficie-a-lungo-termine-soluzione-pronta-alluso-a-base-dacqua.html"]}]},{"@type":"ImageObject","inLanguage":"it-IT","@id":"https:\/\/www.versiegelung24.com\/it\/bacoban-disinfezione-superficie-a-lungo-termine-soluzione-pronta-alluso-a-base-dacqua.html#primaryimage","url":"https:\/\/www.versiegelung24.com\/wp-content\/uploads\/2020\/04\/bacoban-wasserbasiert-500-ml-scaled.jpg","contentUrl":"https:\/\/www.versiegelung24.com\/wp-content\/uploads\/2020\/04\/bacoban-wasserbasiert-500-ml-scaled.jpg","width":2560,"height":2560},{"@type":"BreadcrumbList","@id":"https:\/\/www.versiegelung24.com\/it\/bacoban-disinfezione-superficie-a-lungo-termine-soluzione-pronta-alluso-a-base-dacqua.html#breadcrumb","itemListElement":[{"@type":"ListItem","position":1,"name":"Homepage","item":"https:\/\/www.versiegelung24.com\/it\/fronte\/"},{"@type":"ListItem","position":2,"name":"Negozio","item":"https:\/\/www.versiegelung24.com\/it\/negozio\/"},{"@type":"ListItem","position":3,"name":"Bacoban\u00ae &#8211; disinfezione delle superfici a lungo termine, a base d&#8217;acqua &#8211; soluzione pronta all&#8217;uso"}]},{"@type":"WebSite","@id":"https:\/\/www.versiegelung24.com\/it\/#website","url":"https:\/\/www.versiegelung24.com\/it\/","name":"versiegelung24.com","description":"Fl\u00fcssigglas-Versiegelung - Made in Germany","publisher":{"@id":"https:\/\/www.versiegelung24.com\/it\/#organization"},"potentialAction":[{"@type":"SearchAction","target":{"@type":"EntryPoint","urlTemplate":"https:\/\/www.versiegelung24.com\/it\/?s={search_term_string}"},"query-input":{"@type":"PropertyValueSpecification","valueRequired":true,"valueName":"search_term_string"}}],"inLanguage":"it-IT"},{"@type":"Organization","@id":"https:\/\/www.versiegelung24.com\/it\/#organization","name":"versiegelung24","url":"https:\/\/www.versiegelung24.com\/it\/","logo":{"@type":"ImageObject","inLanguage":"it-IT","@id":"https:\/\/www.versiegelung24.com\/it\/#\/schema\/logo\/image\/","url":"https:\/\/www.versiegelung24.com\/wp-content\/uploads\/2020\/04\/versiegelung24.png","contentUrl":"https:\/\/www.versiegelung24.com\/wp-content\/uploads\/2020\/04\/versiegelung24.png","width":470,"height":102,"caption":"versiegelung24"},"image":{"@id":"https:\/\/www.versiegelung24.com\/it\/#\/schema\/logo\/image\/"}}]},"product_price_amount":"9.95","product_price_currency":"EUR","og_availability":"instock","product_availability":"instock","product_retailer_item_id":"BAC500DL","product_condition":"new"},"_links":{"self":[{"href":"https:\/\/www.versiegelung24.com\/it\/wp-json\/wp\/v2\/product\/23492","targetHints":{"allow":["GET"]}}],"collection":[{"href":"https:\/\/www.versiegelung24.com\/it\/wp-json\/wp\/v2\/product"}],"about":[{"href":"https:\/\/www.versiegelung24.com\/it\/wp-json\/wp\/v2\/types\/product"}],"version-history":[{"count":35,"href":"https:\/\/www.versiegelung24.com\/it\/wp-json\/wp\/v2\/product\/23492\/revisions"}],"predecessor-version":[{"id":180535,"href":"https:\/\/www.versiegelung24.com\/it\/wp-json\/wp\/v2\/product\/23492\/revisions\/180535"}],"wp:featuredmedia":[{"embeddable":true,"href":"https:\/\/www.versiegelung24.com\/it\/wp-json\/wp\/v2\/media\/14462"}],"wp:attachment":[{"href":"https:\/\/www.versiegelung24.com\/it\/wp-json\/wp\/v2\/media?parent=23492"}],"wp:term":[{"taxonomy":"product_brand","embeddable":true,"href":"https:\/\/www.versiegelung24.com\/it\/wp-json\/wp\/v2\/product_brand?post=23492"},{"taxonomy":"product_cat","embeddable":true,"href":"https:\/\/www.versiegelung24.com\/it\/wp-json\/wp\/v2\/product_cat?post=23492"},{"taxonomy":"product_tag","embeddable":true,"href":"https:\/\/www.versiegelung24.com\/it\/wp-json\/wp\/v2\/product_tag?post=23492"}],"curies":[{"name":"wp","href":"https:\/\/api.w.org\/{rel}","templated":true}]}}