{"id":23531,"date":"2020-04-04T18:53:42","date_gmt":"2020-04-04T16:53:42","guid":{"rendered":"https:\/\/www.versiegelung24.com\/produkt\/sigillatura-premium-per-vetro-e-ceramica-con-estrema-durata"},"modified":"2025-01-03T23:44:39","modified_gmt":"2025-01-03T22:44:39","slug":"sigillatura-premium-per-vetro-e-ceramica-con-estrema-durata","status":"publish","type":"product","link":"https:\/\/www.versiegelung24.com\/it\/sigillatura-premium-per-vetro-e-ceramica-con-estrema-durata.html","title":{"rendered":"Sigillante di qualit\u00e0 superiore per vetro e ceramica, di estrema durata."},"content":{"rendered":"\n<p><strong>Sigillante in vetro e ceramica altamente efficace per tutte le superfici sulle quali si desidera ottenere la massima durata possibile, ad es. vetri di finestre, facciate in vetro, porte d&#8217;ingresso (fino a 3 anni), ecc., con effetto loto (idrorepellenza), per interni e fuori<\/strong> .<\/p>\n\n<p>Numero articolo: 1003-7601 &#8211; Alta qualit\u00e0 Made in Germany.<\/p>\n\n<div class=\"wp-block-columns is-layout-flex wp-container-core-columns-is-layout-9d6595d7 wp-block-columns-is-layout-flex\">\n<div class=\"wp-block-column is-layout-flow wp-block-column-is-layout-flow\">\n<figure class=\"wp-block-embed is-type-video is-provider-youtube wp-block-embed-youtube wp-embed-aspect-16-9 wp-has-aspect-ratio\"><div class=\"wp-block-embed__wrapper\"> \n<div class=\"nv-iframe-embed\"><iframe title=\"(Nano-)Versiegelungen f\u00fcrs Badezimmer, die wirklich halten! Versiegelung24.com\" width=\"1200\" height=\"675\" src=\"https:\/\/www.youtube.com\/embed\/l6YldCwuye0?feature=oembed\" frameborder=\"0\" allow=\"accelerometer; autoplay; clipboard-write; encrypted-media; gyroscope; picture-in-picture; web-share\" referrerpolicy=\"strict-origin-when-cross-origin\" allowfullscreen><\/iframe><\/div>\n <\/div><\/figure>\n<\/div>\n\n\n\n<div class=\"wp-block-column is-layout-flow wp-block-column-is-layout-flow\">\n<figure class=\"wp-block-embed is-type-video is-provider-youtube wp-block-embed-youtube wp-embed-aspect-16-9 wp-has-aspect-ratio\"><div class=\"wp-block-embed__wrapper\"> \n<div class=\"nv-iframe-embed\"><iframe title=\"Kalk in der Dusche entfernen und mit einer Glasversiegelung vorbeugen!\" width=\"1200\" height=\"675\" src=\"https:\/\/www.youtube.com\/embed\/vnJHIGeb_7I?feature=oembed\" frameborder=\"0\" allow=\"accelerometer; autoplay; clipboard-write; encrypted-media; gyroscope; picture-in-picture; web-share\" referrerpolicy=\"strict-origin-when-cross-origin\" allowfullscreen><\/iframe><\/div>\n <\/div><\/figure>\n<\/div>\n<\/div>\n\n<hr\/>\n\n<h4 class=\"wp-block-heading\" id=\"properties\">Caratteristiche del prodotto<\/h4>\n\n<div class=\"wp-block-columns is-layout-flex wp-container-core-columns-is-layout-9d6595d7 wp-block-columns-is-layout-flex\">\n<div class=\"wp-block-column is-layout-flow wp-block-column-is-layout-flow\">\n<ul class=\"wp-block-list\" id=\"block-fbfff1f6-f7fb-4162-9feb-4a71c2f1f5b7\">\n<li>Eccellente effetto di facile pulizia per depositi di sporco e calcare<\/li>\n\n\n\n<li>Effetto idrofobico e oleofobico molto forte (repellenza all&#8217;acqua e all&#8217;olio)<\/li>\n\n\n\n<li>Elevata resistenza all&#8217;abrasione grazie alla tecnologia nano SiO\u00b2.<\/li>\n\n\n\n<li>Resistente agli agenti chimici (fino al valore di pH 12)<\/li>\n\n\n\n<li>Durata: fino a 3-5 anni (a seconda dell&#8217;uso)<\/li>\n<\/ul>\n<\/div>\n\n\n\n<div class=\"wp-block-column is-layout-flow wp-block-column-is-layout-flow\">\n<ul class=\"wp-block-list\" id=\"block-da198c4e-3517-4612-b9e4-86eb030d8594\">\n<li>Riduce la crescita di microrganismi e batteri e quindi migliora l&#8217;igiene<\/li>\n\n\n\n<li>Stabile ai raggi UV \/ resistente al gelo \/ resistente all&#8217;acqua salata \/ invisibile (spessore dello strato: 100-150 nm)<\/li>\n\n\n\n<li>Effetto autopulente sulle superfici vetrate verticali sotto la pioggia<\/li>\n\n\n\n<li>Risparmio di costi, tempo ed energia grazie a cicli di pulizia prolungati<\/li>\n<\/ul>\n\n\n\n<p><br\/><br\/><br\/>Contenuto della fornitura: 1 flacone da un litro 1 pompa a spruzzo 1 descrizione del prodotto<\/p>\n<\/div>\n<\/div>\n\n<figure class=\"wp-block-image size-large is-resized\"><img fetchpriority=\"high\" decoding=\"async\" width=\"1300\" height=\"260\" src=\"https:\/\/www.versiegelung24.com\/wp-content\/uploads\/2022\/01\/bad_glas-1300x260.jpg\" alt=\"\" class=\"wp-image-59538\" style=\"width:1500px\" srcset=\"https:\/\/www.versiegelung24.com\/wp-content\/uploads\/2022\/01\/bad_glas-1300x260.jpg 1300w, https:\/\/www.versiegelung24.com\/wp-content\/uploads\/2022\/01\/bad_glas-300x60.jpg 300w, https:\/\/www.versiegelung24.com\/wp-content\/uploads\/2022\/01\/bad_glas-768x154.jpg 768w, https:\/\/www.versiegelung24.com\/wp-content\/uploads\/2022\/01\/bad_glas-600x120.jpg 600w, https:\/\/www.versiegelung24.com\/wp-content\/uploads\/2022\/01\/bad_glas.jpg 1500w\" sizes=\"(max-width: 1300px) 100vw, 1300px\" \/><\/figure>\n\n<h4 class=\"wp-block-heading\" id=\"application\">Applicazione<\/h4>\n\n<div class=\"wp-block-columns is-layout-flex wp-container-core-columns-is-layout-9d6595d7 wp-block-columns-is-layout-flex\">\n<div class=\"wp-block-column is-layout-flow wp-block-column-is-layout-flow\">\n<ul class=\"wp-block-list\">\n<li>Vetro della finestra (interno ed esterno)<\/li>\n\n\n\n<li>Superfici in vetro nella zona sanitaria (specchi, box doccia)<\/li>\n\n\n\n<li>Vetro da costruzione (giardini d&#8217;inverno, serre, tettoie, vetrate)<\/li>\n<\/ul>\n<\/div>\n\n\n\n<div class=\"wp-block-column is-layout-flow wp-block-column-is-layout-flow\">\n<ul class=\"wp-block-list\">\n<li>Pavimenti e rivestimenti smaltati<\/li>\n\n\n\n<li>Superfici in ceramica smaltata (wc, lavandini, lavelli, vasche da bagno)<\/li>\n<\/ul>\n\n\n\n<p>Il consumo dipende dalla struttura della superficie circa 100-200mq\/litro.<\/p>\n<\/div>\n<\/div>\n\n<p><\/p>\n","protected":false},"excerpt":{"rendered":"<p><strong>Sigillatura di alta qualit\u00e0 in vetro e ceramica di qualit\u00e0 professionale:<\/strong><\/p>\n<p>\u2713 con maggiore durata<\/p>\n<p>\u2713Prodotto in Germania<\/p>\n","protected":false},"featured_media":17751,"template":"","meta":{"_acf_changed":false,"neve_meta_sidebar":"","neve_meta_container":"","neve_meta_enable_content_width":"","neve_meta_content_width":0,"neve_meta_title_alignment":"","neve_meta_author_avatar":"","neve_post_elements_order":"","neve_meta_disable_header":"","neve_meta_disable_footer":"","neve_meta_disable_title":"","neve_meta_reading_time":"","_surfaces":[],"_ver_product_tabs":[],"footnotes":""},"product_brand":[],"product_cat":[2162],"product_tag":[],"class_list":{"0":"post-23531","1":"product","2":"type-product","3":"status-publish","4":"has-post-thumbnail","6":"product_cat-sigillatura-per-vetro-e-ceramica","7":"pa_gebinde-flacone-da-1000-ml","8":"pa_gebinde-tanica-da-20l","10":"first","11":"instock","12":"taxable","13":"shipping-taxable","14":"purchasable","15":"product-type-variable","16":"has-default-attributes"},"acf":[],"yoast_head":"<!-- This site is optimized with the Yoast SEO Premium plugin v22.8 (Yoast SEO v27.5) - https:\/\/yoast.com\/product\/yoast-seo-premium-wordpress\/ -->\n<title>Sigillante di qualit\u00e0 superiore per vetro e ceramica, di estrema durata. - versiegelung24.com<\/title>\n<meta name=\"robots\" content=\"index, follow, max-snippet:-1, max-image-preview:large, max-video-preview:-1\" \/>\n<link rel=\"canonical\" href=\"https:\/\/www.versiegelung24.com\/it\/sigillatura-premium-per-vetro-e-ceramica-con-estrema-durata.html\" \/>\n<meta property=\"og:locale\" content=\"it_IT\" \/>\n<meta property=\"og:type\" content=\"article\" \/>\n<meta property=\"og:title\" content=\"Sigillante di qualit\u00e0 superiore per vetro e ceramica, di estrema durata.\" \/>\n<meta property=\"og:description\" content=\"Sigillatura di alta qualit\u00e0 in vetro e ceramica di qualit\u00e0 professionale: \u2713 con maggiore durata \u2713Prodotto in Germania\" \/>\n<meta property=\"og:url\" content=\"https:\/\/www.versiegelung24.com\/it\/sigillatura-premium-per-vetro-e-ceramica-con-estrema-durata.html\" \/>\n<meta property=\"og:site_name\" content=\"versiegelung24.com\" \/>\n<meta property=\"article:modified_time\" content=\"2025-01-03T22:44:39+00:00\" \/>\n<meta property=\"og:image\" content=\"https:\/\/www.versiegelung24.com\/wp-content\/uploads\/2020\/06\/produkt-1003-7601-1000-Premium-Versiegelung-Glas-Keramik-scaled.jpg\" \/>\n\t<meta property=\"og:image:width\" content=\"2560\" \/>\n\t<meta property=\"og:image:height\" content=\"2560\" \/>\n\t<meta property=\"og:image:type\" content=\"image\/jpeg\" \/>\n<meta name=\"twitter:card\" content=\"summary_large_image\" \/>\n<meta name=\"twitter:label1\" content=\"Disponibilit\u00e0\" \/>\n\t<meta name=\"twitter:data1\" content=\"In stock\" \/>\n<script type=\"application\/ld+json\" class=\"yoast-schema-graph\">{\"@context\":\"https:\\\/\\\/schema.org\",\"@graph\":[{\"@type\":\"WebPage\",\"@id\":\"https:\\\/\\\/www.versiegelung24.com\\\/it\\\/sigillatura-premium-per-vetro-e-ceramica-con-estrema-durata.html\",\"url\":\"https:\\\/\\\/www.versiegelung24.com\\\/it\\\/sigillatura-premium-per-vetro-e-ceramica-con-estrema-durata.html\",\"name\":\"Sigillante di qualit\u00e0 superiore per vetro e ceramica, di estrema durata. - versiegelung24.com\",\"isPartOf\":{\"@id\":\"https:\\\/\\\/www.versiegelung24.com\\\/it\\\/#website\"},\"primaryImageOfPage\":{\"@id\":\"https:\\\/\\\/www.versiegelung24.com\\\/it\\\/sigillatura-premium-per-vetro-e-ceramica-con-estrema-durata.html#primaryimage\"},\"image\":{\"@id\":\"https:\\\/\\\/www.versiegelung24.com\\\/it\\\/sigillatura-premium-per-vetro-e-ceramica-con-estrema-durata.html#primaryimage\"},\"thumbnailUrl\":\"https:\\\/\\\/www.versiegelung24.com\\\/wp-content\\\/uploads\\\/2020\\\/06\\\/produkt-1003-7601-1000-Premium-Versiegelung-Glas-Keramik-scaled.jpg\",\"datePublished\":\"2020-04-04T16:53:42+00:00\",\"dateModified\":\"2025-01-03T22:44:39+00:00\",\"breadcrumb\":{\"@id\":\"https:\\\/\\\/www.versiegelung24.com\\\/it\\\/sigillatura-premium-per-vetro-e-ceramica-con-estrema-durata.html#breadcrumb\"},\"inLanguage\":\"it-IT\",\"potentialAction\":[{\"@type\":\"ReadAction\",\"target\":[\"https:\\\/\\\/www.versiegelung24.com\\\/it\\\/sigillatura-premium-per-vetro-e-ceramica-con-estrema-durata.html\"]}]},{\"@type\":\"ImageObject\",\"inLanguage\":\"it-IT\",\"@id\":\"https:\\\/\\\/www.versiegelung24.com\\\/it\\\/sigillatura-premium-per-vetro-e-ceramica-con-estrema-durata.html#primaryimage\",\"url\":\"https:\\\/\\\/www.versiegelung24.com\\\/wp-content\\\/uploads\\\/2020\\\/06\\\/produkt-1003-7601-1000-Premium-Versiegelung-Glas-Keramik-scaled.jpg\",\"contentUrl\":\"https:\\\/\\\/www.versiegelung24.com\\\/wp-content\\\/uploads\\\/2020\\\/06\\\/produkt-1003-7601-1000-Premium-Versiegelung-Glas-Keramik-scaled.jpg\",\"width\":2560,\"height\":2560},{\"@type\":\"BreadcrumbList\",\"@id\":\"https:\\\/\\\/www.versiegelung24.com\\\/it\\\/sigillatura-premium-per-vetro-e-ceramica-con-estrema-durata.html#breadcrumb\",\"itemListElement\":[{\"@type\":\"ListItem\",\"position\":1,\"name\":\"Homepage\",\"item\":\"https:\\\/\\\/www.versiegelung24.com\\\/it\\\/fronte\\\/\"},{\"@type\":\"ListItem\",\"position\":2,\"name\":\"Negozio\",\"item\":\"https:\\\/\\\/www.versiegelung24.com\\\/it\\\/negozio\\\/\"},{\"@type\":\"ListItem\",\"position\":3,\"name\":\"Sigillante di qualit\u00e0 superiore per vetro e ceramica, di estrema durata.\"}]},{\"@type\":\"WebSite\",\"@id\":\"https:\\\/\\\/www.versiegelung24.com\\\/it\\\/#website\",\"url\":\"https:\\\/\\\/www.versiegelung24.com\\\/it\\\/\",\"name\":\"versiegelung24.com\",\"description\":\"Fl\u00fcssigglas-Versiegelung - Made in Germany\",\"publisher\":{\"@id\":\"https:\\\/\\\/www.versiegelung24.com\\\/it\\\/#organization\"},\"potentialAction\":[{\"@type\":\"SearchAction\",\"target\":{\"@type\":\"EntryPoint\",\"urlTemplate\":\"https:\\\/\\\/www.versiegelung24.com\\\/it\\\/?s={search_term_string}\"},\"query-input\":{\"@type\":\"PropertyValueSpecification\",\"valueRequired\":true,\"valueName\":\"search_term_string\"}}],\"inLanguage\":\"it-IT\"},{\"@type\":\"Organization\",\"@id\":\"https:\\\/\\\/www.versiegelung24.com\\\/it\\\/#organization\",\"name\":\"versiegelung24\",\"url\":\"https:\\\/\\\/www.versiegelung24.com\\\/it\\\/\",\"logo\":{\"@type\":\"ImageObject\",\"inLanguage\":\"it-IT\",\"@id\":\"https:\\\/\\\/www.versiegelung24.com\\\/it\\\/#\\\/schema\\\/logo\\\/image\\\/\",\"url\":\"https:\\\/\\\/www.versiegelung24.com\\\/wp-content\\\/uploads\\\/2020\\\/04\\\/versiegelung24.png\",\"contentUrl\":\"https:\\\/\\\/www.versiegelung24.com\\\/wp-content\\\/uploads\\\/2020\\\/04\\\/versiegelung24.png\",\"width\":470,\"height\":102,\"caption\":\"versiegelung24\"},\"image\":{\"@id\":\"https:\\\/\\\/www.versiegelung24.com\\\/it\\\/#\\\/schema\\\/logo\\\/image\\\/\"}}]}<\/script>\n<meta property=\"og:availability\" content=\"instock\" \/>\n<meta property=\"product:availability\" content=\"instock\" \/>\n<meta property=\"product:retailer_item_id\" content=\"1003-7601\" \/>\n<meta property=\"product:condition\" content=\"new\" \/>\n<!-- \/ Yoast SEO Premium plugin. -->","yoast_head_json":{"title":"Sigillante di qualit\u00e0 superiore per vetro e ceramica, di estrema durata. - versiegelung24.com","robots":{"index":"index","follow":"follow","max-snippet":"max-snippet:-1","max-image-preview":"max-image-preview:large","max-video-preview":"max-video-preview:-1"},"canonical":"https:\/\/www.versiegelung24.com\/it\/sigillatura-premium-per-vetro-e-ceramica-con-estrema-durata.html","og_locale":"it_IT","og_type":"article","og_title":"Sigillante di qualit\u00e0 superiore per vetro e ceramica, di estrema durata.","og_description":"Sigillatura di alta qualit\u00e0 in vetro e ceramica di qualit\u00e0 professionale: \u2713 con maggiore durata \u2713Prodotto in Germania","og_url":"https:\/\/www.versiegelung24.com\/it\/sigillatura-premium-per-vetro-e-ceramica-con-estrema-durata.html","og_site_name":"versiegelung24.com","article_modified_time":"2025-01-03T22:44:39+00:00","og_image":[{"width":2560,"height":2560,"url":"https:\/\/www.versiegelung24.com\/wp-content\/uploads\/2020\/06\/produkt-1003-7601-1000-Premium-Versiegelung-Glas-Keramik-scaled.jpg","type":"image\/jpeg"}],"twitter_card":"summary_large_image","twitter_misc":{"Disponibilit\u00e0":"In stock"},"schema":{"@context":"https:\/\/schema.org","@graph":[{"@type":"WebPage","@id":"https:\/\/www.versiegelung24.com\/it\/sigillatura-premium-per-vetro-e-ceramica-con-estrema-durata.html","url":"https:\/\/www.versiegelung24.com\/it\/sigillatura-premium-per-vetro-e-ceramica-con-estrema-durata.html","name":"Sigillante di qualit\u00e0 superiore per vetro e ceramica, di estrema durata. - versiegelung24.com","isPartOf":{"@id":"https:\/\/www.versiegelung24.com\/it\/#website"},"primaryImageOfPage":{"@id":"https:\/\/www.versiegelung24.com\/it\/sigillatura-premium-per-vetro-e-ceramica-con-estrema-durata.html#primaryimage"},"image":{"@id":"https:\/\/www.versiegelung24.com\/it\/sigillatura-premium-per-vetro-e-ceramica-con-estrema-durata.html#primaryimage"},"thumbnailUrl":"https:\/\/www.versiegelung24.com\/wp-content\/uploads\/2020\/06\/produkt-1003-7601-1000-Premium-Versiegelung-Glas-Keramik-scaled.jpg","datePublished":"2020-04-04T16:53:42+00:00","dateModified":"2025-01-03T22:44:39+00:00","breadcrumb":{"@id":"https:\/\/www.versiegelung24.com\/it\/sigillatura-premium-per-vetro-e-ceramica-con-estrema-durata.html#breadcrumb"},"inLanguage":"it-IT","potentialAction":[{"@type":"ReadAction","target":["https:\/\/www.versiegelung24.com\/it\/sigillatura-premium-per-vetro-e-ceramica-con-estrema-durata.html"]}]},{"@type":"ImageObject","inLanguage":"it-IT","@id":"https:\/\/www.versiegelung24.com\/it\/sigillatura-premium-per-vetro-e-ceramica-con-estrema-durata.html#primaryimage","url":"https:\/\/www.versiegelung24.com\/wp-content\/uploads\/2020\/06\/produkt-1003-7601-1000-Premium-Versiegelung-Glas-Keramik-scaled.jpg","contentUrl":"https:\/\/www.versiegelung24.com\/wp-content\/uploads\/2020\/06\/produkt-1003-7601-1000-Premium-Versiegelung-Glas-Keramik-scaled.jpg","width":2560,"height":2560},{"@type":"BreadcrumbList","@id":"https:\/\/www.versiegelung24.com\/it\/sigillatura-premium-per-vetro-e-ceramica-con-estrema-durata.html#breadcrumb","itemListElement":[{"@type":"ListItem","position":1,"name":"Homepage","item":"https:\/\/www.versiegelung24.com\/it\/fronte\/"},{"@type":"ListItem","position":2,"name":"Negozio","item":"https:\/\/www.versiegelung24.com\/it\/negozio\/"},{"@type":"ListItem","position":3,"name":"Sigillante di qualit\u00e0 superiore per vetro e ceramica, di estrema durata."}]},{"@type":"WebSite","@id":"https:\/\/www.versiegelung24.com\/it\/#website","url":"https:\/\/www.versiegelung24.com\/it\/","name":"versiegelung24.com","description":"Fl\u00fcssigglas-Versiegelung - Made in Germany","publisher":{"@id":"https:\/\/www.versiegelung24.com\/it\/#organization"},"potentialAction":[{"@type":"SearchAction","target":{"@type":"EntryPoint","urlTemplate":"https:\/\/www.versiegelung24.com\/it\/?s={search_term_string}"},"query-input":{"@type":"PropertyValueSpecification","valueRequired":true,"valueName":"search_term_string"}}],"inLanguage":"it-IT"},{"@type":"Organization","@id":"https:\/\/www.versiegelung24.com\/it\/#organization","name":"versiegelung24","url":"https:\/\/www.versiegelung24.com\/it\/","logo":{"@type":"ImageObject","inLanguage":"it-IT","@id":"https:\/\/www.versiegelung24.com\/it\/#\/schema\/logo\/image\/","url":"https:\/\/www.versiegelung24.com\/wp-content\/uploads\/2020\/04\/versiegelung24.png","contentUrl":"https:\/\/www.versiegelung24.com\/wp-content\/uploads\/2020\/04\/versiegelung24.png","width":470,"height":102,"caption":"versiegelung24"},"image":{"@id":"https:\/\/www.versiegelung24.com\/it\/#\/schema\/logo\/image\/"}}]},"og_availability":"instock","product_availability":"instock","product_retailer_item_id":"1003-7601","product_condition":"new"},"_links":{"self":[{"href":"https:\/\/www.versiegelung24.com\/it\/wp-json\/wp\/v2\/product\/23531","targetHints":{"allow":["GET"]}}],"collection":[{"href":"https:\/\/www.versiegelung24.com\/it\/wp-json\/wp\/v2\/product"}],"about":[{"href":"https:\/\/www.versiegelung24.com\/it\/wp-json\/wp\/v2\/types\/product"}],"version-history":[{"count":28,"href":"https:\/\/www.versiegelung24.com\/it\/wp-json\/wp\/v2\/product\/23531\/revisions"}],"predecessor-version":[{"id":177603,"href":"https:\/\/www.versiegelung24.com\/it\/wp-json\/wp\/v2\/product\/23531\/revisions\/177603"}],"wp:featuredmedia":[{"embeddable":true,"href":"https:\/\/www.versiegelung24.com\/it\/wp-json\/wp\/v2\/media\/17751"}],"wp:attachment":[{"href":"https:\/\/www.versiegelung24.com\/it\/wp-json\/wp\/v2\/media?parent=23531"}],"wp:term":[{"taxonomy":"product_brand","embeddable":true,"href":"https:\/\/www.versiegelung24.com\/it\/wp-json\/wp\/v2\/product_brand?post=23531"},{"taxonomy":"product_cat","embeddable":true,"href":"https:\/\/www.versiegelung24.com\/it\/wp-json\/wp\/v2\/product_cat?post=23531"},{"taxonomy":"product_tag","embeddable":true,"href":"https:\/\/www.versiegelung24.com\/it\/wp-json\/wp\/v2\/product_tag?post=23531"}],"curies":[{"name":"wp","href":"https:\/\/api.w.org\/{rel}","templated":true}]}}