{"id":23643,"date":"2020-04-04T18:53:41","date_gmt":"2020-04-04T16:53:41","guid":{"rendered":"https:\/\/www.versiegelung24.com\/produkt\/bioetanolo-966-per-il-prelavaggio-professionale"},"modified":"2025-03-11T19:54:40","modified_gmt":"2025-03-11T18:54:40","slug":"bioetanolo-966-per-la-pre-pulizia-professionale","status":"publish","type":"product","link":"https:\/\/www.versiegelung24.com\/it\/bioetanolo-966-per-la-pre-pulizia-professionale.html","title":{"rendered":"Bioetanolo 96,6% per il prelavaggio professionale"},"content":{"rendered":"\n<h4 class=\"wp-block-heading\" id=\"h-beschreibung\">Descrizione del<\/h4>\n\n<p>Bioetanolo di qualit\u00e0 tecnica 96,6% adatto per un&#8217;accurata pre-pulizia e sgrassaggio di superfici non assorbenti. <\/p>\n\n<p>Pu\u00f2 essere utilizzato molto bene in combinazione con il nostro pre- <a href=\"https:\/\/www.versiegelung24.com\/it\/biosativa-biologico-pre-detergente.html\">detergente biologico senza residui BIOSATIVA<\/a> \u00ae per preparare ad es. vetro, ceramica, superfici verniciate per l&#8217;applicazione dei nostri sigillanti superficiali.<\/p>\n\n<hr \/>\n\n<h4 class=\"wp-block-heading\" id=\"properties\">Caratteristiche del prodotto<\/h4>\n\n<p>\u2713 Bioetanolo ottenuto al 100% da mais e barbabietola da zucchero<\/p>\n\n<p>\u2713 Produzione regionale con ingredienti dall&#8217;Europa<\/p>\n\n<p>\u2713 Produzione secondo elevate linee guida europee<\/p>\n\n<p>\u2713 Sicurezza e qualit\u00e0 attraverso standard elevati<\/p>\n\n<p>Elevata purezza, con 1% di MEK, 1% di isopropanolo e Bioetanolo completamente denaturato Bitrex 96,6% (alcol etilenico) da produzione sostenibile (biomassa).<\/p>\n\n<hr \/>\n\n<h4 class=\"wp-block-heading\" id=\"application\">Applicazione<\/h4>\n\n<p>Per pulire superfici lisce e non assorbenti, si consiglia di pulire in due passaggi:<\/p>\n\n<p>1. Pre-pulizia intensiva della superficie utilizzando un detergente convenzionale senza residui o il nostro <a href=\"https:\/\/www.versiegelung24.com\/it\/biosativa-biologico-pre-detergente.html\">concentrato detergente biologico BIOSATIVA<\/a> <a href=\"https:\/\/www.versiegelung24.com\/biosativa-biologischer-vorreiniger.html\">\u00ae<\/a><\/p>\n\n<p>2. Dopo aver completato il processo di pulizia, pulire nuovamente la superficie con bioetanolo al 96,6% in modo da rimuovere tutto lo sporco e la superficie \u00e8 completamente priva di grasso. Ripetere questo processo fino a quando non ci sono pi\u00f9 residui di sporco sul panno in microfibra.<\/p>\n\n<p>Dopo un breve tempo di evaporazione di eventuali residui di alcol sulla superficie, pu\u00f2 iniziare l&#8217;applicazione dei nostri nanorivestimenti e impregnanti.<\/p>\n\n<p><em>In sostanza, ad ogni pulizia e sigillatura superficiale, va sempre effettuato un test su una zona poco appariscente per determinare la compatibilit\u00e0 della superficie con gli agenti utilizzati.<\/em><\/p>\n\n<hr \/>\n\n<h4 class=\"wp-block-heading\" id=\"advisor\">Consulente<\/h4>\n\n<p><strong>Bioetanolo 96,6% &#8211; perfetto per caminetti da tavolo<\/strong><\/p>\n\n<p>Diversi come i nostri gusti, i caminetti a etanolo sono diventati indispensabili in molte famiglie. Le bottiglie da 1 litro sono perfette per gli utenti occasionali o per i principianti che vogliono conoscere il loro caminetto a etanolo o il nostro combustibile a bioetanolo liquido.<\/p>\n\n<p><strong>Quanto dura 1 litro di bioetanolo?<\/strong><\/p>\n\n<p>Il tempo medio di combustione per 1 litro di bioetanolo al 96,6% \u00e8 di circa 2-3 ore. Ma non si pu\u00f2 dire esattamente, perch\u00e9 il tempo di combustione dipende dalla superficie su cui brucia il liquido. Pi\u00f9 grande \u00e8 l&#8217;area, pi\u00f9 velocemente brucia il bioetanolo premium.<\/p>\n\n<hr \/>\n\n<h4 class=\"wp-block-heading\" id=\"faq\">FAQ<\/h4>\n\n<div class=\"schema-faq wp-block-yoast-faq-block\"><div class=\"schema-faq-section\" id=\"faq-question-1645793617330\"><strong class=\"schema-faq-question\">Il bioetanolo \u00e8 approvato per il settore medico?<\/strong> <p class=\"schema-faq-answer\">No! Se stai cercando un disinfettante per superfici, puoi trovare maggiori informazioni qui: <a href=\"https:\/\/www.versiegelung24.com\/desinfektionsmittel\/\">Panoramica dei disinfettanti<\/a><\/p> <\/div> <div class=\"schema-faq-section\" id=\"faq-question-1645793819353\"><strong class=\"schema-faq-question\">Quanto \u00e8 pericoloso il bioetanolo?<\/strong> <p class=\"schema-faq-answer\">La combustione produce vapore acqueo (H2O) e anidride carbonica (CO2) proprio come facciamo quando respiriamo. Il bioetanolo 96,6% brucia inodore e senza residui. In caso di utilizzo nei caminetti, \u00e8 necessario osservare sempre le precise avvertenze di pericolo!<br>Il bioetanolo al 96,6% \u00e8 altamente infiammabile. Se utilizzato come detergente, vengono prodotti gas facilmente combustibili. <br><\/p> <\/div> <div class=\"schema-faq-section\" id=\"faq-question-1645794918526\"><strong class=\"schema-faq-question\">Il bioetanolo (usato come detergente) pu\u00f2 attaccare le superfici?<\/strong> <p class=\"schema-faq-answer\">Nel caso della plastica in particolare, \u00e8 necessario prestare attenzione qui. Le plastiche morbide come guarnizioni e tubi flessibili possono reagire con i plastificanti e danneggiare superfici o materiali.<br><br>Fondamentalmente, quando si pulisce la superficie, \u00e8 necessario eseguire prima sempre un test su un&#8217;area poco appariscente.<\/p> <\/div> <\/div>\n","protected":false},"excerpt":{"rendered":"<p>\u2713 Bioetanolo ottenuto al 100% da mais e barbabietola da zucchero<\/p>\n<p>\u2713 Produzione regionale con ingredienti dall&#8217;Europa<\/p>\n<p>\u2713 Produzione secondo elevate linee guida europee<\/p>\n<p>\u2713 Sicurezza e qualit\u00e0 attraverso standard elevati<\/p>\n","protected":false},"featured_media":65155,"template":"","meta":{"_acf_changed":false,"neve_meta_sidebar":"","neve_meta_container":"","neve_meta_enable_content_width":"","neve_meta_content_width":0,"neve_meta_title_alignment":"","neve_meta_author_avatar":"","neve_post_elements_order":"","neve_meta_disable_header":"","neve_meta_disable_footer":"","neve_meta_disable_title":"","neve_meta_reading_time":"","_surfaces":[],"_ver_product_tabs":[],"footnotes":""},"product_brand":[],"product_cat":[2162,2215,2263,2266,2625],"product_tag":[],"class_list":{"0":"post-23643","1":"product","2":"type-product","3":"status-publish","4":"has-post-thumbnail","6":"product_cat-sigillatura-per-vetro-e-ceramica","7":"product_cat-sigillatura-dellauto","8":"product_cat-sigillatura-in-metallo-e-plastica","9":"product_cat-prodotti-per-la-pulizia","10":"product_cat-bioetanolo","12":"first","13":"instock","14":"taxable","15":"shipping-taxable","16":"purchasable","17":"product-type-simple"},"acf":[],"yoast_head":"<!-- This site is optimized with the Yoast SEO Premium plugin v22.8 (Yoast SEO v27.5) - https:\/\/yoast.com\/product\/yoast-seo-premium-wordpress\/ -->\n<title>Bioetanolo 96,6% per il prelavaggio professionale - versiegelung24.com<\/title>\n<meta name=\"robots\" content=\"index, follow, max-snippet:-1, max-image-preview:large, max-video-preview:-1\" \/>\n<link rel=\"canonical\" href=\"https:\/\/www.versiegelung24.com\/it\/bioetanolo-966-per-la-pre-pulizia-professionale.html\" \/>\n<meta property=\"og:locale\" content=\"it_IT\" \/>\n<meta property=\"og:type\" content=\"article\" \/>\n<meta property=\"og:title\" content=\"Bioetanolo 96,6% per il prelavaggio professionale\" \/>\n<meta property=\"og:description\" content=\"\u2713 Bioetanolo ottenuto al 100% da mais e barbabietola da zucchero \u2713 Produzione regionale con ingredienti dall&#039;Europa \u2713 Produzione secondo elevate linee guida europee \u2713 Sicurezza e qualit\u00e0 attraverso standard elevati\" \/>\n<meta property=\"og:url\" content=\"https:\/\/www.versiegelung24.com\/it\/bioetanolo-966-per-la-pre-pulizia-professionale.html\" \/>\n<meta property=\"og:site_name\" content=\"versiegelung24.com\" \/>\n<meta property=\"article:modified_time\" content=\"2025-03-11T18:54:40+00:00\" \/>\n<meta property=\"og:image\" content=\"https:\/\/www.versiegelung24.com\/wp-content\/uploads\/2020\/04\/produkt_9100-950-1000-bioethanol-flasche.jpeg\" \/>\n\t<meta property=\"og:image:width\" content=\"2560\" \/>\n\t<meta property=\"og:image:height\" content=\"2560\" \/>\n\t<meta property=\"og:image:type\" content=\"image\/jpeg\" \/>\n<meta name=\"twitter:card\" content=\"summary_large_image\" \/>\n<meta name=\"twitter:label1\" content=\"Prezzo\" \/>\n\t<meta name=\"twitter:data1\" content=\"9,99&euro;\" \/>\n\t<meta name=\"twitter:label2\" content=\"Disponibilit\u00e0\" \/>\n\t<meta name=\"twitter:data2\" content=\"In stock\" \/>\n<script type=\"application\/ld+json\" class=\"yoast-schema-graph\">{\"@context\":\"https:\\\/\\\/schema.org\",\"@graph\":[{\"@type\":[\"WebPage\",\"FAQPage\"],\"@id\":\"https:\\\/\\\/www.versiegelung24.com\\\/it\\\/bioetanolo-966-per-la-pre-pulizia-professionale.html\",\"url\":\"https:\\\/\\\/www.versiegelung24.com\\\/it\\\/bioetanolo-966-per-la-pre-pulizia-professionale.html\",\"name\":\"Bioetanolo 96,6% per il prelavaggio professionale - versiegelung24.com\",\"isPartOf\":{\"@id\":\"https:\\\/\\\/www.versiegelung24.com\\\/it\\\/#website\"},\"primaryImageOfPage\":{\"@id\":\"https:\\\/\\\/www.versiegelung24.com\\\/it\\\/bioetanolo-966-per-la-pre-pulizia-professionale.html#primaryimage\"},\"image\":{\"@id\":\"https:\\\/\\\/www.versiegelung24.com\\\/it\\\/bioetanolo-966-per-la-pre-pulizia-professionale.html#primaryimage\"},\"thumbnailUrl\":\"https:\\\/\\\/www.versiegelung24.com\\\/wp-content\\\/uploads\\\/2020\\\/04\\\/produkt_9100-950-1000-bioethanol-flasche.jpeg\",\"datePublished\":\"2020-04-04T16:53:41+00:00\",\"dateModified\":\"2025-03-11T18:54:40+00:00\",\"breadcrumb\":{\"@id\":\"https:\\\/\\\/www.versiegelung24.com\\\/it\\\/bioetanolo-966-per-la-pre-pulizia-professionale.html#breadcrumb\"},\"mainEntity\":[{\"@id\":\"https:\\\/\\\/www.versiegelung24.com\\\/it\\\/bioetanolo-966-per-la-pre-pulizia-professionale.html#faq-question-1645793617330\"},{\"@id\":\"https:\\\/\\\/www.versiegelung24.com\\\/it\\\/bioetanolo-966-per-la-pre-pulizia-professionale.html#faq-question-1645793819353\"},{\"@id\":\"https:\\\/\\\/www.versiegelung24.com\\\/it\\\/bioetanolo-966-per-la-pre-pulizia-professionale.html#faq-question-1645794918526\"}],\"inLanguage\":\"it-IT\",\"potentialAction\":[{\"@type\":\"ReadAction\",\"target\":[\"https:\\\/\\\/www.versiegelung24.com\\\/it\\\/bioetanolo-966-per-la-pre-pulizia-professionale.html\"]}]},{\"@type\":\"ImageObject\",\"inLanguage\":\"it-IT\",\"@id\":\"https:\\\/\\\/www.versiegelung24.com\\\/it\\\/bioetanolo-966-per-la-pre-pulizia-professionale.html#primaryimage\",\"url\":\"https:\\\/\\\/www.versiegelung24.com\\\/wp-content\\\/uploads\\\/2020\\\/04\\\/produkt_9100-950-1000-bioethanol-flasche.jpeg\",\"contentUrl\":\"https:\\\/\\\/www.versiegelung24.com\\\/wp-content\\\/uploads\\\/2020\\\/04\\\/produkt_9100-950-1000-bioethanol-flasche.jpeg\",\"width\":2560,\"height\":2560},{\"@type\":\"BreadcrumbList\",\"@id\":\"https:\\\/\\\/www.versiegelung24.com\\\/it\\\/bioetanolo-966-per-la-pre-pulizia-professionale.html#breadcrumb\",\"itemListElement\":[{\"@type\":\"ListItem\",\"position\":1,\"name\":\"Homepage\",\"item\":\"https:\\\/\\\/www.versiegelung24.com\\\/it\\\/fronte\\\/\"},{\"@type\":\"ListItem\",\"position\":2,\"name\":\"Negozio\",\"item\":\"https:\\\/\\\/www.versiegelung24.com\\\/it\\\/negozio\\\/\"},{\"@type\":\"ListItem\",\"position\":3,\"name\":\"Bioetanolo 96,6% per il prelavaggio professionale\"}]},{\"@type\":\"WebSite\",\"@id\":\"https:\\\/\\\/www.versiegelung24.com\\\/it\\\/#website\",\"url\":\"https:\\\/\\\/www.versiegelung24.com\\\/it\\\/\",\"name\":\"versiegelung24.com\",\"description\":\"Fl\u00fcssigglas-Versiegelung - Made in Germany\",\"publisher\":{\"@id\":\"https:\\\/\\\/www.versiegelung24.com\\\/it\\\/#organization\"},\"potentialAction\":[{\"@type\":\"SearchAction\",\"target\":{\"@type\":\"EntryPoint\",\"urlTemplate\":\"https:\\\/\\\/www.versiegelung24.com\\\/it\\\/?s={search_term_string}\"},\"query-input\":{\"@type\":\"PropertyValueSpecification\",\"valueRequired\":true,\"valueName\":\"search_term_string\"}}],\"inLanguage\":\"it-IT\"},{\"@type\":\"Organization\",\"@id\":\"https:\\\/\\\/www.versiegelung24.com\\\/it\\\/#organization\",\"name\":\"versiegelung24\",\"url\":\"https:\\\/\\\/www.versiegelung24.com\\\/it\\\/\",\"logo\":{\"@type\":\"ImageObject\",\"inLanguage\":\"it-IT\",\"@id\":\"https:\\\/\\\/www.versiegelung24.com\\\/it\\\/#\\\/schema\\\/logo\\\/image\\\/\",\"url\":\"https:\\\/\\\/www.versiegelung24.com\\\/wp-content\\\/uploads\\\/2020\\\/04\\\/versiegelung24.png\",\"contentUrl\":\"https:\\\/\\\/www.versiegelung24.com\\\/wp-content\\\/uploads\\\/2020\\\/04\\\/versiegelung24.png\",\"width\":470,\"height\":102,\"caption\":\"versiegelung24\"},\"image\":{\"@id\":\"https:\\\/\\\/www.versiegelung24.com\\\/it\\\/#\\\/schema\\\/logo\\\/image\\\/\"}},{\"@type\":\"Question\",\"@id\":\"https:\\\/\\\/www.versiegelung24.com\\\/it\\\/bioetanolo-966-per-la-pre-pulizia-professionale.html#faq-question-1645793617330\",\"position\":1,\"url\":\"https:\\\/\\\/www.versiegelung24.com\\\/it\\\/bioetanolo-966-per-la-pre-pulizia-professionale.html#faq-question-1645793617330\",\"name\":\"Ist Bioethanol f\u00fcr den medizinischen Bereich zugelassen?\",\"answerCount\":1,\"acceptedAnswer\":{\"@type\":\"Answer\",\"text\":\"Nein! Wenn Sie ein Fl\u00e4chendesinfektionsmittel suchen, finden Sie weitere Informationen hier: <a href=\\\"https:\\\/\\\/www.versiegelung24.com\\\/desinfektionsmittel\\\/\\\">\u00dcbersicht Desinfektionsmittel<\\\/a>\",\"inLanguage\":\"it-IT\"},\"inLanguage\":\"it-IT\"},{\"@type\":\"Question\",\"@id\":\"https:\\\/\\\/www.versiegelung24.com\\\/it\\\/bioetanolo-966-per-la-pre-pulizia-professionale.html#faq-question-1645793819353\",\"position\":2,\"url\":\"https:\\\/\\\/www.versiegelung24.com\\\/it\\\/bioetanolo-966-per-la-pre-pulizia-professionale.html#faq-question-1645793819353\",\"name\":\"Wie gef\u00e4hrlich ist Bioethanol?\",\"answerCount\":1,\"acceptedAnswer\":{\"@type\":\"Answer\",\"text\":\"Bei der Verbrennung entstehen genau wie bei unserer Atmung Wasserdampf (H2O) und Kohlendioxid (CO2). Bioethanol 96,6% verbrennt geruchs- und r\u00fcckstandsfrei. Bei Nutzung in Feuerstellen sind stets die genauen Gefahrenhinweise zu beachten!<br \\\/>Bioethanol 96,6% ist leicht entz\u00fcndlich. Bei der Nutzung als Reiniger entstehen leicht brennbare Gase. <br \\\/>\",\"inLanguage\":\"it-IT\"},\"inLanguage\":\"it-IT\"},{\"@type\":\"Question\",\"@id\":\"https:\\\/\\\/www.versiegelung24.com\\\/it\\\/bioetanolo-966-per-la-pre-pulizia-professionale.html#faq-question-1645794918526\",\"position\":3,\"url\":\"https:\\\/\\\/www.versiegelung24.com\\\/it\\\/bioetanolo-966-per-la-pre-pulizia-professionale.html#faq-question-1645794918526\",\"name\":\"Kann Bioethanol (als Reiniger eingesetzt) Oberfl\u00e4chen angreifen?\",\"answerCount\":1,\"acceptedAnswer\":{\"@type\":\"Answer\",\"text\":\"Besonders bei Kunststoffen ist hier mit Achtsamkeit vor zu gehen. Weiche Kunststoffe wie z.B. bei Dichtungen und Schl\u00e4uchen kann dieser mit den Weichmachern reagieren und Oberfl\u00e4chen bzw. Materialien sch\u00e4digen.<br \\\/><br \\\/>Grunds\u00e4tzlich sollte bei der Oberfl\u00e4chenreinigung immer erst ein Test an unauff\u00e4lliger Stelle durchgef\u00fchrt werden.\",\"inLanguage\":\"it-IT\"},\"inLanguage\":\"it-IT\"}]}<\/script>\n<meta property=\"product:price:amount\" content=\"9.99\" \/>\n<meta property=\"product:price:currency\" content=\"EUR\" \/>\n<meta property=\"og:availability\" content=\"instock\" \/>\n<meta property=\"product:availability\" content=\"instock\" \/>\n<meta property=\"product:retailer_item_id\" content=\"9100-BE96-1\" \/>\n<meta property=\"product:condition\" content=\"new\" \/>\n<!-- \/ Yoast SEO Premium plugin. -->","yoast_head_json":{"title":"Bioetanolo 96,6% per il prelavaggio professionale - versiegelung24.com","robots":{"index":"index","follow":"follow","max-snippet":"max-snippet:-1","max-image-preview":"max-image-preview:large","max-video-preview":"max-video-preview:-1"},"canonical":"https:\/\/www.versiegelung24.com\/it\/bioetanolo-966-per-la-pre-pulizia-professionale.html","og_locale":"it_IT","og_type":"article","og_title":"Bioetanolo 96,6% per il prelavaggio professionale","og_description":"\u2713 Bioetanolo ottenuto al 100% da mais e barbabietola da zucchero \u2713 Produzione regionale con ingredienti dall'Europa \u2713 Produzione secondo elevate linee guida europee \u2713 Sicurezza e qualit\u00e0 attraverso standard elevati","og_url":"https:\/\/www.versiegelung24.com\/it\/bioetanolo-966-per-la-pre-pulizia-professionale.html","og_site_name":"versiegelung24.com","article_modified_time":"2025-03-11T18:54:40+00:00","og_image":[{"width":2560,"height":2560,"url":"https:\/\/www.versiegelung24.com\/wp-content\/uploads\/2020\/04\/produkt_9100-950-1000-bioethanol-flasche.jpeg","type":"image\/jpeg"}],"twitter_card":"summary_large_image","twitter_misc":{"Prezzo":"9,99&euro;","Disponibilit\u00e0":"In stock"},"schema":{"@context":"https:\/\/schema.org","@graph":[{"@type":["WebPage","FAQPage"],"@id":"https:\/\/www.versiegelung24.com\/it\/bioetanolo-966-per-la-pre-pulizia-professionale.html","url":"https:\/\/www.versiegelung24.com\/it\/bioetanolo-966-per-la-pre-pulizia-professionale.html","name":"Bioetanolo 96,6% per il prelavaggio professionale - versiegelung24.com","isPartOf":{"@id":"https:\/\/www.versiegelung24.com\/it\/#website"},"primaryImageOfPage":{"@id":"https:\/\/www.versiegelung24.com\/it\/bioetanolo-966-per-la-pre-pulizia-professionale.html#primaryimage"},"image":{"@id":"https:\/\/www.versiegelung24.com\/it\/bioetanolo-966-per-la-pre-pulizia-professionale.html#primaryimage"},"thumbnailUrl":"https:\/\/www.versiegelung24.com\/wp-content\/uploads\/2020\/04\/produkt_9100-950-1000-bioethanol-flasche.jpeg","datePublished":"2020-04-04T16:53:41+00:00","dateModified":"2025-03-11T18:54:40+00:00","breadcrumb":{"@id":"https:\/\/www.versiegelung24.com\/it\/bioetanolo-966-per-la-pre-pulizia-professionale.html#breadcrumb"},"mainEntity":[{"@id":"https:\/\/www.versiegelung24.com\/it\/bioetanolo-966-per-la-pre-pulizia-professionale.html#faq-question-1645793617330"},{"@id":"https:\/\/www.versiegelung24.com\/it\/bioetanolo-966-per-la-pre-pulizia-professionale.html#faq-question-1645793819353"},{"@id":"https:\/\/www.versiegelung24.com\/it\/bioetanolo-966-per-la-pre-pulizia-professionale.html#faq-question-1645794918526"}],"inLanguage":"it-IT","potentialAction":[{"@type":"ReadAction","target":["https:\/\/www.versiegelung24.com\/it\/bioetanolo-966-per-la-pre-pulizia-professionale.html"]}]},{"@type":"ImageObject","inLanguage":"it-IT","@id":"https:\/\/www.versiegelung24.com\/it\/bioetanolo-966-per-la-pre-pulizia-professionale.html#primaryimage","url":"https:\/\/www.versiegelung24.com\/wp-content\/uploads\/2020\/04\/produkt_9100-950-1000-bioethanol-flasche.jpeg","contentUrl":"https:\/\/www.versiegelung24.com\/wp-content\/uploads\/2020\/04\/produkt_9100-950-1000-bioethanol-flasche.jpeg","width":2560,"height":2560},{"@type":"BreadcrumbList","@id":"https:\/\/www.versiegelung24.com\/it\/bioetanolo-966-per-la-pre-pulizia-professionale.html#breadcrumb","itemListElement":[{"@type":"ListItem","position":1,"name":"Homepage","item":"https:\/\/www.versiegelung24.com\/it\/fronte\/"},{"@type":"ListItem","position":2,"name":"Negozio","item":"https:\/\/www.versiegelung24.com\/it\/negozio\/"},{"@type":"ListItem","position":3,"name":"Bioetanolo 96,6% per il prelavaggio professionale"}]},{"@type":"WebSite","@id":"https:\/\/www.versiegelung24.com\/it\/#website","url":"https:\/\/www.versiegelung24.com\/it\/","name":"versiegelung24.com","description":"Fl\u00fcssigglas-Versiegelung - Made in Germany","publisher":{"@id":"https:\/\/www.versiegelung24.com\/it\/#organization"},"potentialAction":[{"@type":"SearchAction","target":{"@type":"EntryPoint","urlTemplate":"https:\/\/www.versiegelung24.com\/it\/?s={search_term_string}"},"query-input":{"@type":"PropertyValueSpecification","valueRequired":true,"valueName":"search_term_string"}}],"inLanguage":"it-IT"},{"@type":"Organization","@id":"https:\/\/www.versiegelung24.com\/it\/#organization","name":"versiegelung24","url":"https:\/\/www.versiegelung24.com\/it\/","logo":{"@type":"ImageObject","inLanguage":"it-IT","@id":"https:\/\/www.versiegelung24.com\/it\/#\/schema\/logo\/image\/","url":"https:\/\/www.versiegelung24.com\/wp-content\/uploads\/2020\/04\/versiegelung24.png","contentUrl":"https:\/\/www.versiegelung24.com\/wp-content\/uploads\/2020\/04\/versiegelung24.png","width":470,"height":102,"caption":"versiegelung24"},"image":{"@id":"https:\/\/www.versiegelung24.com\/it\/#\/schema\/logo\/image\/"}},{"@type":"Question","@id":"https:\/\/www.versiegelung24.com\/it\/bioetanolo-966-per-la-pre-pulizia-professionale.html#faq-question-1645793617330","position":1,"url":"https:\/\/www.versiegelung24.com\/it\/bioetanolo-966-per-la-pre-pulizia-professionale.html#faq-question-1645793617330","name":"Ist Bioethanol f\u00fcr den medizinischen Bereich zugelassen?","answerCount":1,"acceptedAnswer":{"@type":"Answer","text":"Nein! Wenn Sie ein Fl\u00e4chendesinfektionsmittel suchen, finden Sie weitere Informationen hier: <a href=\"https:\/\/www.versiegelung24.com\/desinfektionsmittel\/\">\u00dcbersicht Desinfektionsmittel<\/a>","inLanguage":"it-IT"},"inLanguage":"it-IT"},{"@type":"Question","@id":"https:\/\/www.versiegelung24.com\/it\/bioetanolo-966-per-la-pre-pulizia-professionale.html#faq-question-1645793819353","position":2,"url":"https:\/\/www.versiegelung24.com\/it\/bioetanolo-966-per-la-pre-pulizia-professionale.html#faq-question-1645793819353","name":"Wie gef\u00e4hrlich ist Bioethanol?","answerCount":1,"acceptedAnswer":{"@type":"Answer","text":"Bei der Verbrennung entstehen genau wie bei unserer Atmung Wasserdampf (H2O) und Kohlendioxid (CO2). Bioethanol 96,6% verbrennt geruchs- und r\u00fcckstandsfrei. Bei Nutzung in Feuerstellen sind stets die genauen Gefahrenhinweise zu beachten!<br \/>Bioethanol 96,6% ist leicht entz\u00fcndlich. Bei der Nutzung als Reiniger entstehen leicht brennbare Gase. <br \/>","inLanguage":"it-IT"},"inLanguage":"it-IT"},{"@type":"Question","@id":"https:\/\/www.versiegelung24.com\/it\/bioetanolo-966-per-la-pre-pulizia-professionale.html#faq-question-1645794918526","position":3,"url":"https:\/\/www.versiegelung24.com\/it\/bioetanolo-966-per-la-pre-pulizia-professionale.html#faq-question-1645794918526","name":"Kann Bioethanol (als Reiniger eingesetzt) Oberfl\u00e4chen angreifen?","answerCount":1,"acceptedAnswer":{"@type":"Answer","text":"Besonders bei Kunststoffen ist hier mit Achtsamkeit vor zu gehen. Weiche Kunststoffe wie z.B. bei Dichtungen und Schl\u00e4uchen kann dieser mit den Weichmachern reagieren und Oberfl\u00e4chen bzw. Materialien sch\u00e4digen.<br \/><br \/>Grunds\u00e4tzlich sollte bei der Oberfl\u00e4chenreinigung immer erst ein Test an unauff\u00e4lliger Stelle durchgef\u00fchrt werden.","inLanguage":"it-IT"},"inLanguage":"it-IT"}]},"product_price_amount":"9.99","product_price_currency":"EUR","og_availability":"instock","product_availability":"instock","product_retailer_item_id":"9100-BE96-1","product_condition":"new"},"_links":{"self":[{"href":"https:\/\/www.versiegelung24.com\/it\/wp-json\/wp\/v2\/product\/23643","targetHints":{"allow":["GET"]}}],"collection":[{"href":"https:\/\/www.versiegelung24.com\/it\/wp-json\/wp\/v2\/product"}],"about":[{"href":"https:\/\/www.versiegelung24.com\/it\/wp-json\/wp\/v2\/types\/product"}],"version-history":[{"count":49,"href":"https:\/\/www.versiegelung24.com\/it\/wp-json\/wp\/v2\/product\/23643\/revisions"}],"predecessor-version":[{"id":180698,"href":"https:\/\/www.versiegelung24.com\/it\/wp-json\/wp\/v2\/product\/23643\/revisions\/180698"}],"wp:featuredmedia":[{"embeddable":true,"href":"https:\/\/www.versiegelung24.com\/it\/wp-json\/wp\/v2\/media\/65155"}],"wp:attachment":[{"href":"https:\/\/www.versiegelung24.com\/it\/wp-json\/wp\/v2\/media?parent=23643"}],"wp:term":[{"taxonomy":"product_brand","embeddable":true,"href":"https:\/\/www.versiegelung24.com\/it\/wp-json\/wp\/v2\/product_brand?post=23643"},{"taxonomy":"product_cat","embeddable":true,"href":"https:\/\/www.versiegelung24.com\/it\/wp-json\/wp\/v2\/product_cat?post=23643"},{"taxonomy":"product_tag","embeddable":true,"href":"https:\/\/www.versiegelung24.com\/it\/wp-json\/wp\/v2\/product_tag?post=23643"}],"curies":[{"name":"wp","href":"https:\/\/api.w.org\/{rel}","templated":true}]}}