{"id":23665,"date":"2020-04-04T18:53:44","date_gmt":"2021-08-02T19:53:27","guid":{"rendered":"https:\/\/www.versiegelung24.com\/produkt\/sigillante-universale-691-per-superfici-morbide-assorbenti-tessile-legno-pietra"},"modified":"2025-01-04T00:13:29","modified_gmt":"2025-01-03T23:13:29","slug":"guarnizione-universale-691-per-superfici-assorbenti-morbide-legno-pietra-tessile","status":"publish","type":"product","link":"https:\/\/www.versiegelung24.com\/it\/sigillante-universale-691-per-superfici-morbide-assorbenti-tessile-legno-pietra.html","title":{"rendered":"Sigillante universale 691 per superfici &#8220;morbide&#8221; \/ assorbenti (tessile +++, legno ++, pietra ++)"},"content":{"rendered":"\n<p><strong>Sigillante universale professionale ad alta efficacia per superfici assorbenti \/ &#8220;morbide&#8221; (tessuti, pietra, legno) con un effetto facile da pulire<\/strong><\/p>\n\n<p>Ideale per tessuti, utilizzabile anche su pietra e legno<\/p>\n\n<p>Alta qualit\u00e0 &#8211; Prodotto in Germania.<\/p>\n\n<p>Numero articolo: 4006-691<\/p>\n\n<p><strong>Guarnizione universale V24 4006-691<\/strong> \u00e8 un impregnante acquoso per superfici assorbenti \/ \u201cmorbide\u201d con un&#8217;ottima idrorepellenza (idrorepellenza) e oleorepellenza (oleorepellenza) delle superfici. Il prodotto forma una sottile pellicola superficiale quasi invisibile. L&#8217;effetto idrorepellente riduce significativamente il tasso di penetrazione dell&#8217;umidit\u00e0 sulle superfici trattate e il rifacimento dello sporco. La penetrazione di olio e sostanze scoloranti nella superficie \u00e8 ridotta e pu\u00f2 essere facilmente rimossa\/pulita.<\/p>\n\n<hr\/>\n\n<h4 class=\"wp-block-heading\" id=\"properties\">Caratteristiche del prodotto<\/h4>\n\n<div class=\"wp-block-columns is-layout-flex wp-container-core-columns-is-layout-9d6595d7 wp-block-columns-is-layout-flex\">\n<div class=\"wp-block-column is-layout-flow wp-block-column-is-layout-flow\">\n<ul class=\"wp-block-list\">\n<li>Principio attivo base: polimero contenente fluoro<\/li>\n\n\n\n<li>Aspetto: liquido bianco traslucido<\/li>\n\n\n\n<li>Contenuto solido: ~ 1%<\/li>\n\n\n\n<li>Valore pH: 7<\/li>\n\n\n\n<li>Diluizione: Diluito pronto all&#8217;uso. A seconda dell&#8217;effetto desiderato, pu\u00f2 essere ulteriormente diluito con acqua.<\/li>\n<\/ul>\n<\/div>\n\n\n\n<div class=\"wp-block-column is-layout-flow wp-block-column-is-layout-flow\">\n<p><br\/><br\/>Contenuto della fornitura: 1 flacone da un litro 1 pompa a spruzzo<\/p>\n<\/div>\n<\/div>\n\n<hr\/>\n\n<h4 class=\"wp-block-heading\" id=\"h-ratgeber\">Consulente<\/h4>\n\n<p>Le nostre guarnizioni universali sono particolarmente adatte al settore del fai da te.<\/p>\n\n<p>Combinano una modalit\u00e0 d&#8217;azione professionale su diverse superfici con una facile maneggevolezza durante l&#8217;applicazione. E tutto questo senza dover scendere a grossi compromessi in termini di qualit\u00e0.<\/p>\n\n<p>In questo modo si possono realizzare applicazioni su pi\u00f9 materiali con un solo sigillante universale e si possono ottenere anche un effetto di alta qualit\u00e0 e una lunga durata.<\/p>\n\n<p>Tuttavia, per applicazioni commerciali e industriali in cui \u00e8 necessario ottenere il massimo livello di prestazioni possibile su una superficie specifica, consigliamo l&#8217;uso delle nostre finiture speciali per quella superficie.<\/p>\n","protected":false},"excerpt":{"rendered":"<p><strong>Sigillante universale professionale altamente efficace per superfici assorbenti \/ &#8220;morbide&#8221;:<\/strong><\/p>\n<p>\u2713 Tessile<\/p>\n<p>\u2713 Pietra<\/p>\n<p>\u2713 legno<\/p>\n<p>\u2713 Con effetto facile da pulire<\/p>\n","protected":false},"featured_media":18289,"template":"","meta":{"_acf_changed":false,"neve_meta_sidebar":"","neve_meta_container":"","neve_meta_enable_content_width":"","neve_meta_content_width":0,"neve_meta_title_alignment":"","neve_meta_author_avatar":"","neve_post_elements_order":"","neve_meta_disable_header":"","neve_meta_disable_footer":"","neve_meta_disable_title":"","neve_meta_reading_time":"","_surfaces":[],"_ver_product_tabs":[],"footnotes":""},"product_brand":[],"product_cat":[2503],"product_tag":[],"class_list":{"0":"post-23665","1":"product","2":"type-product","3":"status-publish","4":"has-post-thumbnail","6":"product_cat-guarnizione-universale","8":"first","9":"instock","10":"taxable","11":"shipping-taxable","12":"purchasable","13":"product-type-simple"},"acf":[],"yoast_head":"<!-- This site is optimized with the Yoast SEO Premium plugin v22.8 (Yoast SEO v27.5) - https:\/\/yoast.com\/product\/yoast-seo-premium-wordpress\/ -->\n<title>Sigillante universale 691 per superfici &quot;morbide&quot; \/ assorbenti (tessile +++, legno ++, pietra ++) - versiegelung24.com<\/title>\n<meta name=\"robots\" content=\"index, follow, max-snippet:-1, max-image-preview:large, max-video-preview:-1\" \/>\n<link rel=\"canonical\" href=\"https:\/\/www.versiegelung24.com\/it\/sigillante-universale-691-per-superfici-morbide-assorbenti-tessile-legno-pietra.html\" \/>\n<meta property=\"og:locale\" content=\"it_IT\" \/>\n<meta property=\"og:type\" content=\"article\" \/>\n<meta property=\"og:title\" content=\"Sigillante universale 691 per superfici &quot;morbide&quot; \/ assorbenti (tessile +++, legno ++, pietra ++)\" \/>\n<meta property=\"og:description\" content=\"Sigillante universale professionale altamente efficace per superfici assorbenti \/ &quot;morbide&quot;: \u2713 Tessile \u2713 Pietra \u2713 legno \u2713 Con effetto facile da pulire\" \/>\n<meta property=\"og:url\" content=\"https:\/\/www.versiegelung24.com\/it\/sigillante-universale-691-per-superfici-morbide-assorbenti-tessile-legno-pietra.html\" \/>\n<meta property=\"og:site_name\" content=\"versiegelung24.com\" \/>\n<meta property=\"article:modified_time\" content=\"2025-01-03T23:13:29+00:00\" \/>\n<meta property=\"og:image\" content=\"https:\/\/www.versiegelung24.com\/wp-content\/uploads\/2020\/06\/produkt-4006-691-1000-Universalversiegelung-691-scaled.jpg\" \/>\n\t<meta property=\"og:image:width\" content=\"2560\" \/>\n\t<meta property=\"og:image:height\" content=\"2560\" \/>\n\t<meta property=\"og:image:type\" content=\"image\/jpeg\" \/>\n<meta name=\"twitter:card\" content=\"summary_large_image\" \/>\n<meta name=\"twitter:label1\" content=\"Prezzo\" \/>\n\t<meta name=\"twitter:data1\" content=\"74,99&euro;\" \/>\n\t<meta name=\"twitter:label2\" content=\"Disponibilit\u00e0\" \/>\n\t<meta name=\"twitter:data2\" content=\"In stock\" \/>\n<script type=\"application\/ld+json\" class=\"yoast-schema-graph\">{\"@context\":\"https:\\\/\\\/schema.org\",\"@graph\":[{\"@type\":\"WebPage\",\"@id\":\"https:\\\/\\\/www.versiegelung24.com\\\/it\\\/sigillante-universale-691-per-superfici-morbide-assorbenti-tessile-legno-pietra.html\",\"url\":\"https:\\\/\\\/www.versiegelung24.com\\\/it\\\/sigillante-universale-691-per-superfici-morbide-assorbenti-tessile-legno-pietra.html\",\"name\":\"Sigillante universale 691 per superfici \\\"morbide\\\" \\\/ assorbenti (tessile +++, legno ++, pietra ++) - versiegelung24.com\",\"isPartOf\":{\"@id\":\"https:\\\/\\\/www.versiegelung24.com\\\/it\\\/#website\"},\"primaryImageOfPage\":{\"@id\":\"https:\\\/\\\/www.versiegelung24.com\\\/it\\\/sigillante-universale-691-per-superfici-morbide-assorbenti-tessile-legno-pietra.html#primaryimage\"},\"image\":{\"@id\":\"https:\\\/\\\/www.versiegelung24.com\\\/it\\\/sigillante-universale-691-per-superfici-morbide-assorbenti-tessile-legno-pietra.html#primaryimage\"},\"thumbnailUrl\":\"https:\\\/\\\/www.versiegelung24.com\\\/wp-content\\\/uploads\\\/2020\\\/06\\\/produkt-4006-691-1000-Universalversiegelung-691-scaled.jpg\",\"datePublished\":\"2021-08-02T19:53:27+00:00\",\"dateModified\":\"2025-01-03T23:13:29+00:00\",\"breadcrumb\":{\"@id\":\"https:\\\/\\\/www.versiegelung24.com\\\/it\\\/sigillante-universale-691-per-superfici-morbide-assorbenti-tessile-legno-pietra.html#breadcrumb\"},\"inLanguage\":\"it-IT\",\"potentialAction\":[{\"@type\":\"ReadAction\",\"target\":[\"https:\\\/\\\/www.versiegelung24.com\\\/it\\\/sigillante-universale-691-per-superfici-morbide-assorbenti-tessile-legno-pietra.html\"]}]},{\"@type\":\"ImageObject\",\"inLanguage\":\"it-IT\",\"@id\":\"https:\\\/\\\/www.versiegelung24.com\\\/it\\\/sigillante-universale-691-per-superfici-morbide-assorbenti-tessile-legno-pietra.html#primaryimage\",\"url\":\"https:\\\/\\\/www.versiegelung24.com\\\/wp-content\\\/uploads\\\/2020\\\/06\\\/produkt-4006-691-1000-Universalversiegelung-691-scaled.jpg\",\"contentUrl\":\"https:\\\/\\\/www.versiegelung24.com\\\/wp-content\\\/uploads\\\/2020\\\/06\\\/produkt-4006-691-1000-Universalversiegelung-691-scaled.jpg\",\"width\":2560,\"height\":2560},{\"@type\":\"BreadcrumbList\",\"@id\":\"https:\\\/\\\/www.versiegelung24.com\\\/it\\\/sigillante-universale-691-per-superfici-morbide-assorbenti-tessile-legno-pietra.html#breadcrumb\",\"itemListElement\":[{\"@type\":\"ListItem\",\"position\":1,\"name\":\"Homepage\",\"item\":\"https:\\\/\\\/www.versiegelung24.com\\\/it\\\/fronte\\\/\"},{\"@type\":\"ListItem\",\"position\":2,\"name\":\"Negozio\",\"item\":\"https:\\\/\\\/www.versiegelung24.com\\\/it\\\/negozio\\\/\"},{\"@type\":\"ListItem\",\"position\":3,\"name\":\"Sigillante universale 691 per superfici &#8220;morbide&#8221; \\\/ assorbenti (tessile +++, legno ++, pietra ++)\"}]},{\"@type\":\"WebSite\",\"@id\":\"https:\\\/\\\/www.versiegelung24.com\\\/it\\\/#website\",\"url\":\"https:\\\/\\\/www.versiegelung24.com\\\/it\\\/\",\"name\":\"versiegelung24.com\",\"description\":\"Fl\u00fcssigglas-Versiegelung - Made in Germany\",\"publisher\":{\"@id\":\"https:\\\/\\\/www.versiegelung24.com\\\/it\\\/#organization\"},\"potentialAction\":[{\"@type\":\"SearchAction\",\"target\":{\"@type\":\"EntryPoint\",\"urlTemplate\":\"https:\\\/\\\/www.versiegelung24.com\\\/it\\\/?s={search_term_string}\"},\"query-input\":{\"@type\":\"PropertyValueSpecification\",\"valueRequired\":true,\"valueName\":\"search_term_string\"}}],\"inLanguage\":\"it-IT\"},{\"@type\":\"Organization\",\"@id\":\"https:\\\/\\\/www.versiegelung24.com\\\/it\\\/#organization\",\"name\":\"versiegelung24\",\"url\":\"https:\\\/\\\/www.versiegelung24.com\\\/it\\\/\",\"logo\":{\"@type\":\"ImageObject\",\"inLanguage\":\"it-IT\",\"@id\":\"https:\\\/\\\/www.versiegelung24.com\\\/it\\\/#\\\/schema\\\/logo\\\/image\\\/\",\"url\":\"https:\\\/\\\/www.versiegelung24.com\\\/wp-content\\\/uploads\\\/2020\\\/04\\\/versiegelung24.png\",\"contentUrl\":\"https:\\\/\\\/www.versiegelung24.com\\\/wp-content\\\/uploads\\\/2020\\\/04\\\/versiegelung24.png\",\"width\":470,\"height\":102,\"caption\":\"versiegelung24\"},\"image\":{\"@id\":\"https:\\\/\\\/www.versiegelung24.com\\\/it\\\/#\\\/schema\\\/logo\\\/image\\\/\"}}]}<\/script>\n<meta property=\"product:price:amount\" content=\"74.99\" \/>\n<meta property=\"product:price:currency\" content=\"EUR\" \/>\n<meta property=\"og:availability\" content=\"instock\" \/>\n<meta property=\"product:availability\" content=\"instock\" \/>\n<meta property=\"product:retailer_item_id\" content=\"4006-691-1000\" \/>\n<meta property=\"product:condition\" content=\"new\" \/>\n<!-- \/ Yoast SEO Premium plugin. -->","yoast_head_json":{"title":"Sigillante universale 691 per superfici \"morbide\" \/ assorbenti (tessile +++, legno ++, pietra ++) - versiegelung24.com","robots":{"index":"index","follow":"follow","max-snippet":"max-snippet:-1","max-image-preview":"max-image-preview:large","max-video-preview":"max-video-preview:-1"},"canonical":"https:\/\/www.versiegelung24.com\/it\/sigillante-universale-691-per-superfici-morbide-assorbenti-tessile-legno-pietra.html","og_locale":"it_IT","og_type":"article","og_title":"Sigillante universale 691 per superfici \"morbide\" \/ assorbenti (tessile +++, legno ++, pietra ++)","og_description":"Sigillante universale professionale altamente efficace per superfici assorbenti \/ \"morbide\": \u2713 Tessile \u2713 Pietra \u2713 legno \u2713 Con effetto facile da pulire","og_url":"https:\/\/www.versiegelung24.com\/it\/sigillante-universale-691-per-superfici-morbide-assorbenti-tessile-legno-pietra.html","og_site_name":"versiegelung24.com","article_modified_time":"2025-01-03T23:13:29+00:00","og_image":[{"width":2560,"height":2560,"url":"https:\/\/www.versiegelung24.com\/wp-content\/uploads\/2020\/06\/produkt-4006-691-1000-Universalversiegelung-691-scaled.jpg","type":"image\/jpeg"}],"twitter_card":"summary_large_image","twitter_misc":{"Prezzo":"74,99&euro;","Disponibilit\u00e0":"In stock"},"schema":{"@context":"https:\/\/schema.org","@graph":[{"@type":"WebPage","@id":"https:\/\/www.versiegelung24.com\/it\/sigillante-universale-691-per-superfici-morbide-assorbenti-tessile-legno-pietra.html","url":"https:\/\/www.versiegelung24.com\/it\/sigillante-universale-691-per-superfici-morbide-assorbenti-tessile-legno-pietra.html","name":"Sigillante universale 691 per superfici \"morbide\" \/ assorbenti (tessile +++, legno ++, pietra ++) - versiegelung24.com","isPartOf":{"@id":"https:\/\/www.versiegelung24.com\/it\/#website"},"primaryImageOfPage":{"@id":"https:\/\/www.versiegelung24.com\/it\/sigillante-universale-691-per-superfici-morbide-assorbenti-tessile-legno-pietra.html#primaryimage"},"image":{"@id":"https:\/\/www.versiegelung24.com\/it\/sigillante-universale-691-per-superfici-morbide-assorbenti-tessile-legno-pietra.html#primaryimage"},"thumbnailUrl":"https:\/\/www.versiegelung24.com\/wp-content\/uploads\/2020\/06\/produkt-4006-691-1000-Universalversiegelung-691-scaled.jpg","datePublished":"2021-08-02T19:53:27+00:00","dateModified":"2025-01-03T23:13:29+00:00","breadcrumb":{"@id":"https:\/\/www.versiegelung24.com\/it\/sigillante-universale-691-per-superfici-morbide-assorbenti-tessile-legno-pietra.html#breadcrumb"},"inLanguage":"it-IT","potentialAction":[{"@type":"ReadAction","target":["https:\/\/www.versiegelung24.com\/it\/sigillante-universale-691-per-superfici-morbide-assorbenti-tessile-legno-pietra.html"]}]},{"@type":"ImageObject","inLanguage":"it-IT","@id":"https:\/\/www.versiegelung24.com\/it\/sigillante-universale-691-per-superfici-morbide-assorbenti-tessile-legno-pietra.html#primaryimage","url":"https:\/\/www.versiegelung24.com\/wp-content\/uploads\/2020\/06\/produkt-4006-691-1000-Universalversiegelung-691-scaled.jpg","contentUrl":"https:\/\/www.versiegelung24.com\/wp-content\/uploads\/2020\/06\/produkt-4006-691-1000-Universalversiegelung-691-scaled.jpg","width":2560,"height":2560},{"@type":"BreadcrumbList","@id":"https:\/\/www.versiegelung24.com\/it\/sigillante-universale-691-per-superfici-morbide-assorbenti-tessile-legno-pietra.html#breadcrumb","itemListElement":[{"@type":"ListItem","position":1,"name":"Homepage","item":"https:\/\/www.versiegelung24.com\/it\/fronte\/"},{"@type":"ListItem","position":2,"name":"Negozio","item":"https:\/\/www.versiegelung24.com\/it\/negozio\/"},{"@type":"ListItem","position":3,"name":"Sigillante universale 691 per superfici &#8220;morbide&#8221; \/ assorbenti (tessile +++, legno ++, pietra ++)"}]},{"@type":"WebSite","@id":"https:\/\/www.versiegelung24.com\/it\/#website","url":"https:\/\/www.versiegelung24.com\/it\/","name":"versiegelung24.com","description":"Fl\u00fcssigglas-Versiegelung - Made in Germany","publisher":{"@id":"https:\/\/www.versiegelung24.com\/it\/#organization"},"potentialAction":[{"@type":"SearchAction","target":{"@type":"EntryPoint","urlTemplate":"https:\/\/www.versiegelung24.com\/it\/?s={search_term_string}"},"query-input":{"@type":"PropertyValueSpecification","valueRequired":true,"valueName":"search_term_string"}}],"inLanguage":"it-IT"},{"@type":"Organization","@id":"https:\/\/www.versiegelung24.com\/it\/#organization","name":"versiegelung24","url":"https:\/\/www.versiegelung24.com\/it\/","logo":{"@type":"ImageObject","inLanguage":"it-IT","@id":"https:\/\/www.versiegelung24.com\/it\/#\/schema\/logo\/image\/","url":"https:\/\/www.versiegelung24.com\/wp-content\/uploads\/2020\/04\/versiegelung24.png","contentUrl":"https:\/\/www.versiegelung24.com\/wp-content\/uploads\/2020\/04\/versiegelung24.png","width":470,"height":102,"caption":"versiegelung24"},"image":{"@id":"https:\/\/www.versiegelung24.com\/it\/#\/schema\/logo\/image\/"}}]},"product_price_amount":"74.99","product_price_currency":"EUR","og_availability":"instock","product_availability":"instock","product_retailer_item_id":"4006-691-1000","product_condition":"new"},"_links":{"self":[{"href":"https:\/\/www.versiegelung24.com\/it\/wp-json\/wp\/v2\/product\/23665","targetHints":{"allow":["GET"]}}],"collection":[{"href":"https:\/\/www.versiegelung24.com\/it\/wp-json\/wp\/v2\/product"}],"about":[{"href":"https:\/\/www.versiegelung24.com\/it\/wp-json\/wp\/v2\/types\/product"}],"version-history":[{"count":16,"href":"https:\/\/www.versiegelung24.com\/it\/wp-json\/wp\/v2\/product\/23665\/revisions"}],"predecessor-version":[{"id":177896,"href":"https:\/\/www.versiegelung24.com\/it\/wp-json\/wp\/v2\/product\/23665\/revisions\/177896"}],"wp:featuredmedia":[{"embeddable":true,"href":"https:\/\/www.versiegelung24.com\/it\/wp-json\/wp\/v2\/media\/18289"}],"wp:attachment":[{"href":"https:\/\/www.versiegelung24.com\/it\/wp-json\/wp\/v2\/media?parent=23665"}],"wp:term":[{"taxonomy":"product_brand","embeddable":true,"href":"https:\/\/www.versiegelung24.com\/it\/wp-json\/wp\/v2\/product_brand?post=23665"},{"taxonomy":"product_cat","embeddable":true,"href":"https:\/\/www.versiegelung24.com\/it\/wp-json\/wp\/v2\/product_cat?post=23665"},{"taxonomy":"product_tag","embeddable":true,"href":"https:\/\/www.versiegelung24.com\/it\/wp-json\/wp\/v2\/product_tag?post=23665"}],"curies":[{"name":"wp","href":"https:\/\/api.w.org\/{rel}","templated":true}]}}