{"id":23938,"date":"2020-04-27T21:45:35","date_gmt":"2021-08-02T20:12:21","guid":{"rendered":"https:\/\/www.versiegelung24.com\/produkt\/rivestimento-protettivo-antigraffiti-sigillatura-di-facciate-altamente-efficace"},"modified":"2025-01-04T00:01:47","modified_gmt":"2025-01-03T23:01:47","slug":"rivestimento-protettivo-anti-graffiti-sigillatura-per-facciate-altamente-efficace","status":"publish","type":"product","link":"https:\/\/www.versiegelung24.com\/it\/rivestimento-protettivo-anti-graffiti-sigillatura-per-facciate-altamente-efficace.html","title":{"rendered":"Rivestimento antigraffiti &#8211; Rivestimento antigraffiti"},"content":{"rendered":"\n<p>Il rivestimento antigraffiti 7626 offre una soluzione estremamente durevole e trasparente contro l&#8217;imbrattamento da graffiti senza la necessit\u00e0 di uno strato sacrificale. Questo sistema di protezione permanente, che dura fino a 20 anni se usato correttamente e pu\u00f2 rimuovere i graffiti almeno 20 volte, rende facile la rimozione dei graffiti con acqua fredda e senza l&#8217;uso di prodotti chimici. \u00c8 ideale per quasi tutte le superfici.<\/p>\n\n<h4 class=\"wp-block-heading\" id=\"h-video-der-anti-graffiti-schutzanstrich-im-praxistest\">Video &#8211; Il rivestimento protettivo antigraffiti in una prova pratica:<\/h4>\n\n<div class=\"wp-block-columns is-layout-flex wp-container-core-columns-is-layout-9d6595d7 wp-block-columns-is-layout-flex\">\n<div class=\"wp-block-column is-layout-flow wp-block-column-is-layout-flow\">\n<figure class=\"wp-block-embed is-type-video is-provider-youtube wp-block-embed-youtube wp-embed-aspect-16-9 wp-has-aspect-ratio\"><div class=\"wp-block-embed__wrapper\"> \n<div class=\"nv-iframe-embed\"><iframe title=\"Graffiti Entfernung an einem Bahnhof - Graffiti Schutzanstrich - Versiegelung24.com\" width=\"1200\" height=\"675\" src=\"https:\/\/www.youtube.com\/embed\/O7C47GU6pd8?feature=oembed\" frameborder=\"0\" allow=\"accelerometer; autoplay; clipboard-write; encrypted-media; gyroscope; picture-in-picture; web-share\" referrerpolicy=\"strict-origin-when-cross-origin\" allowfullscreen><\/iframe><\/div>\n <\/div><\/figure>\n<\/div>\n\n\n\n<div class=\"wp-block-column is-layout-flow wp-block-column-is-layout-flow\">\n<figure class=\"wp-block-embed is-type-video is-provider-youtube wp-block-embed-youtube wp-embed-aspect-16-9 wp-has-aspect-ratio\"><div class=\"wp-block-embed__wrapper\"> \n<div class=\"nv-iframe-embed\"><iframe title=\"Erkla\u0308rung Grafffiti-Schutzanstrich - versiegelung24.com\" width=\"1200\" height=\"675\" src=\"https:\/\/www.youtube.com\/embed\/zy_puhXRc4s?feature=oembed\" frameborder=\"0\" allow=\"accelerometer; autoplay; clipboard-write; encrypted-media; gyroscope; picture-in-picture; web-share\" referrerpolicy=\"strict-origin-when-cross-origin\" allowfullscreen><\/iframe><\/div>\n <\/div><\/figure>\n<\/div>\n<\/div>\n\n<h4 class=\"wp-block-heading\" id=\"properties\">Caratteristiche del prodotto<\/h4>\n\n<div class=\"wp-block-columns is-layout-flex wp-container-core-columns-is-layout-9d6595d7 wp-block-columns-is-layout-flex\">\n<div class=\"wp-block-column is-layout-flow wp-block-column-is-layout-flow\">\n<p><strong>Sigillatura antigraffiti altamente efficace con protezione a lungo termine e senza formazione di ombre per molti anni<\/strong><\/p>\n\n\n\n<p><br\/>Numero articolo: 9201-7626 Alta qualit\u00e0 Made in Germany<\/p>\n\n\n\n<p>Una sola applicazione di questo prodotto pu\u00f2 essere sufficiente a creare un&#8217;efficace barriera protettiva. Materiali particolarmente assorbenti, come la pietra arenaria, possono richiedere prima una soluzione di fondo o una seconda mano di 7626 Anti-Graffiti Film. Questa operazione dovrebbe essere eseguita dopo circa mezz&#8217;ora a temperature superiori a 20 gradi Celsius o dopo tre o quattro ore in condizioni pi\u00f9 fresche, per proteggere la superficie per gli anni a venire.<\/p>\n\n\n\n<p><strong>la sicurezza dei prodotti<\/strong><\/p>\n\n\n\n<p>Informazioni sulla classificazione del prodotto nell&#8217;ambito dell&#8217;ordinanza sulle sostanze pericolose, dati di sicurezza e dati sulla tossicologia e sullo stoccaggio sono disponibili nella nostra scheda di dati di sicurezza.<\/p>\n\n\n\n<p><strong>Conservazione<\/strong><\/p>\n\n\n\n<p>La sigillatura antigraffiti V24 non deve entrare in contatto con l&#8217;umidit\u00e0. Deve essere conservato nel contenitore originale chiuso alle temperature di stoccaggio. Proteggere dalla luce solare diretta.<\/p>\n<\/div>\n\n\n\n<div class=\"wp-block-column is-layout-flow wp-block-column-is-layout-flow\">\n<p><strong>Polimerizzazione rapida<\/strong><\/p>\n\n\n\n<p>Poco dopo l&#8217;applicazione, il sigillante \u00e8 gi\u00e0 asciutto e raggiunge la sua piena efficacia entro poche ore. La rimozione dei graffiti \u00e8 quindi semplice e veloce. Per pulire le superfici rivestite \u00e8 sufficiente un&#8217;idropulitrice (fino a un massimo di 80 bar) o una spazzola delicata, senza l&#8217;aggiunta di detergenti chimici.<\/p>\n\n\n\n<p>\u2713 Adesione molto forte<\/p>\n\n\n\n<p>\u2713 Nessuna formazione di ombre<\/p>\n\n\n\n<p>\u2713 Sistema monocomponente: (nella maggior parte dei casi) \u00e8 sufficiente un solo strato<\/p>\n\n\n\n<p>\u2713 Facile da applicare mediante verniciatura. Nessuna miscelazione ecc. richiesta.<\/p>\n\n\n\n<p>\u2713 Protezione a lungo termine<\/p>\n\n\n\n<p>\u2713 Di solito i graffiti possono essere rimossi rapidamente e facilmente con acqua. Nella maggior parte dei casi, i dispositivi di rimozione dei graffiti non sono necessari.<\/p>\n\n\n\n<p>\u2713 Pu\u00f2 essere utilizzato anche come protezione contro la pubblicazione non autorizzata (i manifesti non possono aderire) <\/p>\n\n\n\n<p>\u2713 Il liquido non \u00e8 una merce pericolosa<\/p>\n\n\n\n<p>\u2713 Disponibile anche nei colori RAL (quantit\u00e0 minima 100 litri &#8211; sovrapprezzo +20%)<\/p>\n<\/div>\n<\/div>\n\n<hr\/>\n\n<h4 class=\"wp-block-heading\" id=\"application\">Applicazione<\/h4>\n\n<p>L&#8217;applicazione \u00e8 estremamente semplice: Basta aprire il contenitore e applicare il prodotto con un rullo da pittore &#8211; non \u00e8 necessaria alcuna miscelazione preliminare, il che fa risparmiare tempo e semplifica il processo. Quando si utilizza la pellicola antigraffiti in uno specifico colore RAL, i graffiti esistenti possono essere semplicemente dipinti. La versione trasparente protegge anche i graffiti &#8220;desiderabili&#8221;.<\/p>\n\n<div class=\"wp-block-columns is-layout-flex wp-container-core-columns-is-layout-9d6595d7 wp-block-columns-is-layout-flex\">\n<div class=\"wp-block-column is-layout-flow wp-block-column-is-layout-flow\">\n<ul class=\"wp-block-list\">\n<li>il<strong> Sigillatura antigraffiti V24<\/strong> viene applicato non diluito sulla superficie pre-pulita e asciugata.<\/li>\n<\/ul>\n\n\n\n<ul class=\"wp-block-list\">\n<li>Tutte le superfici da trattare devono essere asciutte e ben pulite. Un primer aggiuntivo dovrebbe essere applicato su arenarie e mattoni.<\/li>\n<\/ul>\n\n\n\n<ul class=\"wp-block-list\">\n<li><strong>Sigillante antigraffiti V24<\/strong> non deve entrare in contatto con l&#8217;acqua prima o durante la lavorazione e non deve essere applicato in caso di pioggia.<\/li>\n<\/ul>\n\n\n\n<ul class=\"wp-block-list\">\n<li>Il sigillante pu\u00f2 essere applicato con pennello, rullo o spruzzo airless.<\/li>\n<\/ul>\n\n\n\n<ul class=\"wp-block-list\">\n<li>La superficie risulta asciutta al tatto dopo circa 3-4 ore.<\/li>\n<\/ul>\n\n\n\n<ul class=\"wp-block-list\">\n<li>Il rivestimento \u00e8 completamente reticolato e polimerizzato dopo 24 ore.<\/li>\n<\/ul>\n\n\n\n<p>Una descrizione dettagliata dell&#8217;applicazione pu\u00f2 essere trovata nella nostra scheda tecnica<\/p>\n<\/div>\n\n\n\n<div class=\"wp-block-column is-layout-flow wp-block-column-is-layout-flow\">\n<p>La quantit\u00e0 necessaria dipende dall&#8217;assorbimento della superficie da rivestire. La resa \u00e8 di circa 8-10 m\u00b2\/litro per superfici lisce e non assorbenti e 6-8 m\u00b2\/litro per superfici assorbenti.<\/p>\n\n\n\n<p>Rivestimento in alluminio*<\/p>\n\n\n\n<p>Calcestruzzo (gallerie, percorsi, muri antirumore e di contenimento, spalle dei piloni dei ponti, muratura, ecc.)<\/p>\n\n\n\n<p>\u2713 Fibra di vetro<\/p>\n\n\n\n<p>\u2713 Vetro*<\/p>\n\n\n\n<p>\u2713 legno<\/p>\n\n\n\n<p>\u2713 Plastica*<\/p>\n\n\n\n<p>Muratura (compresi mattoni, pietra naturale, clinker, marmo, pietra, piastrelle, granito)<\/p>\n\n\n\n<p>\u2713 Cassette multiuso (cassette di distribuzione)<\/p>\n\n\n\n<p>\u2713 Metallo*<\/p>\n\n\n\n<p>\u2713 Acciaio*<\/p>\n\n\n\n<p>\u2713 Segnali stradali<\/p>\n\n\n\n<p>\u2713 Stucco<\/p>\n\n\n\n<p>\u2713 Rivestimento in vinile<\/p>\n\n\n\n<p>*\u00c8 importante notare che l&#8217;adesione a superfici lucide e lisce non \u00e8 cos\u00ec forte come quella a superfici ruvide o porose.<\/p>\n<\/div>\n<\/div>\n\n<div style=\"height:18px\" aria-hidden=\"true\" class=\"wp-block-spacer\"><\/div>\n\n<hr\/>\n\n<h4 class=\"wp-block-heading\" id=\"advisor\">Consulente<\/h4>\n\n<h2 class=\"wp-block-heading\" id=\"h-was-ist-graffitischutz-und-warum-ist-er-wichtig\">Cos&#8217;\u00e8 la protezione dai graffiti e perch\u00e9 \u00e8 importante?<\/h2>\n\n<p>La protezione dai graffiti si riferisce a misure volte a impedire che la vernice dei graffiti aderisca alle superfici e provochi danni. Senza una protezione adeguata, i graffiti possono danneggiare la facciata, comportare elevati costi di pulizia e ridurre il valore dell&#8217;immobile. L&#8217;uso di protezioni contro i graffiti \u00e8 quindi fondamentale sia per motivi estetici che economici.<\/p>\n\n<h2 class=\"wp-block-heading\" id=\"h-welche-arten-von-schutz-gibt-es\">Quali tipi di protezione esistono?<\/h2>\n\n<p>Esistono diversi tipi di protezione dai graffiti, che possono essere scelti in base alle esigenze e alla superficie:<\/p>\n\n<p><br\/><br\/>P <strong>rotezione<\/strong><strong>permanente<\/strong> <strong>dai graffiti<\/strong>: questo tipo di protezione forma uno strato protettivo permanente sulla superficie e consente di rimuovere facilmente i graffiti senza dover riapplicare l&#8217;agente protettivo. <strong>Protezione<\/strong><strong>semipermanente<\/strong> <strong>dai graffiti<\/strong>: questa protezione deve essere rinnovata dopo la rimozione dei graffiti, ma fornisce anche una barriera efficace contro i graffiti. Come funziona l&#8217;impregnazione come protezione dai graffiti?<\/p>\n\n<p>Le <strong>impregnazioni<\/strong> penetrano in profondit\u00e0 nel substrato e formano uno strato protettivo invisibile che impedisce alla vernice per graffiti di penetrare nel materiale. Questo facilita la pulizia e protegge la superficie in modo permanente. Qual \u00e8 la differenza tra un sigillante antigraffiti permanente e uno semipermanente?<\/p>\n\n<p>La <strong>protezione permanente dai graffiti<\/strong> rimane sulla superficie e non deve essere rinnovata, mentre quella semi-permanente deve essere rinnovata dopo ogni rimozione dei graffiti. Le soluzioni permanenti offrono quindi un&#8217;opzione pi\u00f9 a lungo termine e a bassa manutenzione.<\/p>\n\n<h2 class=\"wp-block-heading\" id=\"h-welche-produkte-eignen-sich-fur-den-graffiti-schutz-auf-beton-und-naturstein\">Quali prodotti sono adatti per la protezione dai graffiti su cemento e pietra naturale?<\/h2>\n\n<p>Il nostro impregnante pu\u00f2 essere utilizzato senza problemi su cemento o pietra naturale.<\/p>\n\n<h2 class=\"wp-block-heading\" id=\"h-wie-wird-der-graffitischutz-auf-unterschiedlichen-untergrunden-angewendet\">Come si applica la protezione dai graffiti alle diverse superfici?<\/h2>\n\n<p>L&#8217;applicazione della protezione dai graffiti varia a seconda del substrato. A differenza di (ad esempio) vetro o plastica, il calcestruzzo, la pietra naturale e il clinker richiedono approcci diversi per garantire una protezione ottimale.  <\/p>\n\n<h2 class=\"wp-block-heading\" id=\"h-welche-rolle-spielt-die-reinigung-bei-der-graffitientfernung\">Che ruolo ha la pulizia nella rimozione dei graffiti?<\/h2>\n\n<p>La pulizia gioca un ruolo fondamentale nella rimozione dei graffiti. Con i giusti prodotti e metodi di pulizia, i graffiti possono essere rimossi in modo rapido ed efficace senza danneggiare lo strato protettivo sottostante.<\/p>\n\n<h2 class=\"wp-block-heading\" id=\"h-tipps-zur-auswahl-des-richtigen-graffitischutz-produkts\">Consigli per la scelta del prodotto giusto per la protezione dai graffiti<\/h2>\n\n<p><strong>Analizza il substrato<\/strong>:<br\/> Verifica di che materiale \u00e8 fatta la tua facciata e seleziona il prodotto protettivo pi\u00f9 adatto.<strong>Leggi le informazioni sul prodotto<\/strong>:<br\/> Informati accuratamente sulle propriet\u00e0 del prodotto, come l&#8217;assenza di solventi e la resistenza ai raggi UV.<strong>Utilizza i consigli tecnici<\/strong>: Utilizza il supporto tecnico di Versiegelung24.com per assicurarti che il prodotto sia applicato correttamente.<br\/><\/p>\n\n<h2 class=\"wp-block-heading\" id=\"h-zusammenfassung-der-wichtigsten-punkte\">Riassunto dei punti pi\u00f9 importanti<\/h2>\n\n<p><br\/><br\/><br\/>La protezione dai graffiti \u00e8 importante per proteggere le facciate dai danni e dalla perdita di valore. Esistono soluzioni permanenti e semi-permanenti per la protezione dai graffiti che possono essere scelte in base alle esigenze. L&#8217;<strong>impregnazione offre un metodo efficace<\/strong> per tenere lontani i graffiti dal cemento, dalla pietra naturale e dal clinker. L&#8217;applicazione e la pulizia corrette sono fondamentali per il successo a lungo termine della protezione dai graffiti.<\/p>\n","protected":false},"excerpt":{"rendered":"<p><strong>Sigillatura di facciate altamente efficace con protezione a lungo termine e senza formazione di ombre<\/strong>  <\/p>\n<p>\u2713 Facile da usare: nessuna miscelazione, ecc. richiesta<\/p>\n<p>\u2713 Protezione a lungo termine e finitura satinata<\/p>\n<p>\u2713 Copertura completa: nessuna ombreggiatura<\/p>\n<p>\u2713 Dopo la verniciatura, i graffiti possono essere facilmente rimossi con acqua<\/p>\n<p>\u2713 Secco al tatto dopo 3-4 ore<\/p>\n","protected":false},"featured_media":169225,"template":"","meta":{"_acf_changed":false,"neve_meta_sidebar":"","neve_meta_container":"","neve_meta_enable_content_width":"","neve_meta_content_width":0,"neve_meta_title_alignment":"","neve_meta_author_avatar":"","neve_post_elements_order":"","neve_meta_disable_header":"","neve_meta_disable_footer":"","neve_meta_disable_title":"","neve_meta_reading_time":"","_surfaces":[],"_ver_product_tabs":[],"footnotes":""},"product_brand":[],"product_cat":[2265],"product_tag":[],"class_list":{"0":"post-23938","1":"product","2":"type-product","3":"status-publish","4":"has-post-thumbnail","6":"product_cat-sigillatura-in-pietra-e-cemento","7":"pa_gebinde-tanica-da-5l","8":"pa_gebinde-tanica-da-5-l-in-colore-ral","10":"first","11":"instock","12":"taxable","13":"shipping-taxable","14":"purchasable","15":"product-type-variable","16":"has-default-attributes"},"acf":[],"yoast_head":"<!-- This site is optimized with the Yoast SEO Premium plugin v22.8 (Yoast SEO v27.5) - https:\/\/yoast.com\/product\/yoast-seo-premium-wordpress\/ -->\n<title>Rivestimento antigraffiti - Rivestimento antigraffiti - versiegelung24.com<\/title>\n<meta name=\"description\" content=\"Rivestimento antigraffiti - Proteggete la vostra facciata da graffiti indesiderati - ora da Versiegelung24.com\" \/>\n<meta name=\"robots\" content=\"index, follow, max-snippet:-1, max-image-preview:large, max-video-preview:-1\" \/>\n<link rel=\"canonical\" href=\"https:\/\/www.versiegelung24.com\/it\/rivestimento-protettivo-anti-graffiti-sigillatura-per-facciate-altamente-efficace.html\" \/>\n<meta property=\"og:locale\" content=\"it_IT\" \/>\n<meta property=\"og:type\" content=\"article\" \/>\n<meta property=\"og:title\" content=\"Rivestimento antigraffiti - Rivestimento antigraffiti\" \/>\n<meta property=\"og:description\" content=\"Rivestimento antigraffiti - Proteggete la vostra facciata da graffiti indesiderati - ora da Versiegelung24.com\" \/>\n<meta property=\"og:url\" content=\"https:\/\/www.versiegelung24.com\/it\/rivestimento-protettivo-anti-graffiti-sigillatura-per-facciate-altamente-efficace.html\" \/>\n<meta property=\"og:site_name\" content=\"versiegelung24.com\" \/>\n<meta property=\"article:modified_time\" content=\"2025-01-03T23:01:47+00:00\" \/>\n<meta property=\"og:image\" content=\"https:\/\/www.versiegelung24.com\/wp-content\/uploads\/2020\/04\/7626-anti-graffiti.webp\" \/>\n\t<meta property=\"og:image:width\" content=\"2560\" \/>\n\t<meta property=\"og:image:height\" content=\"2560\" \/>\n\t<meta property=\"og:image:type\" content=\"image\/webp\" \/>\n<meta name=\"twitter:card\" content=\"summary_large_image\" \/>\n<meta name=\"twitter:label1\" content=\"Disponibilit\u00e0\" \/>\n\t<meta name=\"twitter:data1\" content=\"In stock\" \/>\n<script type=\"application\/ld+json\" class=\"yoast-schema-graph\">{\"@context\":\"https:\\\/\\\/schema.org\",\"@graph\":[{\"@type\":\"WebPage\",\"@id\":\"https:\\\/\\\/www.versiegelung24.com\\\/it\\\/rivestimento-protettivo-anti-graffiti-sigillatura-per-facciate-altamente-efficace.html\",\"url\":\"https:\\\/\\\/www.versiegelung24.com\\\/it\\\/rivestimento-protettivo-anti-graffiti-sigillatura-per-facciate-altamente-efficace.html\",\"name\":\"Rivestimento antigraffiti - Rivestimento antigraffiti - versiegelung24.com\",\"isPartOf\":{\"@id\":\"https:\\\/\\\/www.versiegelung24.com\\\/it\\\/#website\"},\"primaryImageOfPage\":{\"@id\":\"https:\\\/\\\/www.versiegelung24.com\\\/it\\\/rivestimento-protettivo-anti-graffiti-sigillatura-per-facciate-altamente-efficace.html#primaryimage\"},\"image\":{\"@id\":\"https:\\\/\\\/www.versiegelung24.com\\\/it\\\/rivestimento-protettivo-anti-graffiti-sigillatura-per-facciate-altamente-efficace.html#primaryimage\"},\"thumbnailUrl\":\"https:\\\/\\\/www.versiegelung24.com\\\/wp-content\\\/uploads\\\/2020\\\/04\\\/7626-anti-graffiti.webp\",\"datePublished\":\"2021-08-02T20:12:21+00:00\",\"dateModified\":\"2025-01-03T23:01:47+00:00\",\"description\":\"Rivestimento antigraffiti - Proteggete la vostra facciata da graffiti indesiderati - ora da Versiegelung24.com\",\"breadcrumb\":{\"@id\":\"https:\\\/\\\/www.versiegelung24.com\\\/it\\\/rivestimento-protettivo-anti-graffiti-sigillatura-per-facciate-altamente-efficace.html#breadcrumb\"},\"inLanguage\":\"it-IT\",\"potentialAction\":[{\"@type\":\"ReadAction\",\"target\":[\"https:\\\/\\\/www.versiegelung24.com\\\/it\\\/rivestimento-protettivo-anti-graffiti-sigillatura-per-facciate-altamente-efficace.html\"]}]},{\"@type\":\"ImageObject\",\"inLanguage\":\"it-IT\",\"@id\":\"https:\\\/\\\/www.versiegelung24.com\\\/it\\\/rivestimento-protettivo-anti-graffiti-sigillatura-per-facciate-altamente-efficace.html#primaryimage\",\"url\":\"https:\\\/\\\/www.versiegelung24.com\\\/wp-content\\\/uploads\\\/2020\\\/04\\\/7626-anti-graffiti.webp\",\"contentUrl\":\"https:\\\/\\\/www.versiegelung24.com\\\/wp-content\\\/uploads\\\/2020\\\/04\\\/7626-anti-graffiti.webp\",\"width\":2560,\"height\":2560},{\"@type\":\"BreadcrumbList\",\"@id\":\"https:\\\/\\\/www.versiegelung24.com\\\/it\\\/rivestimento-protettivo-anti-graffiti-sigillatura-per-facciate-altamente-efficace.html#breadcrumb\",\"itemListElement\":[{\"@type\":\"ListItem\",\"position\":1,\"name\":\"Homepage\",\"item\":\"https:\\\/\\\/www.versiegelung24.com\\\/it\\\/fronte\\\/\"},{\"@type\":\"ListItem\",\"position\":2,\"name\":\"Negozio\",\"item\":\"https:\\\/\\\/www.versiegelung24.com\\\/it\\\/negozio\\\/\"},{\"@type\":\"ListItem\",\"position\":3,\"name\":\"Rivestimento antigraffiti &#8211; Rivestimento antigraffiti\"}]},{\"@type\":\"WebSite\",\"@id\":\"https:\\\/\\\/www.versiegelung24.com\\\/it\\\/#website\",\"url\":\"https:\\\/\\\/www.versiegelung24.com\\\/it\\\/\",\"name\":\"versiegelung24.com\",\"description\":\"Fl\u00fcssigglas-Versiegelung - Made in Germany\",\"publisher\":{\"@id\":\"https:\\\/\\\/www.versiegelung24.com\\\/it\\\/#organization\"},\"potentialAction\":[{\"@type\":\"SearchAction\",\"target\":{\"@type\":\"EntryPoint\",\"urlTemplate\":\"https:\\\/\\\/www.versiegelung24.com\\\/it\\\/?s={search_term_string}\"},\"query-input\":{\"@type\":\"PropertyValueSpecification\",\"valueRequired\":true,\"valueName\":\"search_term_string\"}}],\"inLanguage\":\"it-IT\"},{\"@type\":\"Organization\",\"@id\":\"https:\\\/\\\/www.versiegelung24.com\\\/it\\\/#organization\",\"name\":\"versiegelung24\",\"url\":\"https:\\\/\\\/www.versiegelung24.com\\\/it\\\/\",\"logo\":{\"@type\":\"ImageObject\",\"inLanguage\":\"it-IT\",\"@id\":\"https:\\\/\\\/www.versiegelung24.com\\\/it\\\/#\\\/schema\\\/logo\\\/image\\\/\",\"url\":\"https:\\\/\\\/www.versiegelung24.com\\\/wp-content\\\/uploads\\\/2020\\\/04\\\/versiegelung24.png\",\"contentUrl\":\"https:\\\/\\\/www.versiegelung24.com\\\/wp-content\\\/uploads\\\/2020\\\/04\\\/versiegelung24.png\",\"width\":470,\"height\":102,\"caption\":\"versiegelung24\"},\"image\":{\"@id\":\"https:\\\/\\\/www.versiegelung24.com\\\/it\\\/#\\\/schema\\\/logo\\\/image\\\/\"}}]}<\/script>\n<meta property=\"og:availability\" content=\"instock\" \/>\n<meta property=\"product:availability\" content=\"instock\" \/>\n<meta property=\"product:retailer_item_id\" content=\"9201-7626-5000\" \/>\n<meta property=\"product:condition\" content=\"new\" \/>\n<!-- \/ Yoast SEO Premium plugin. -->","yoast_head_json":{"title":"Rivestimento antigraffiti - Rivestimento antigraffiti - versiegelung24.com","description":"Rivestimento antigraffiti - Proteggete la vostra facciata da graffiti indesiderati - ora da Versiegelung24.com","robots":{"index":"index","follow":"follow","max-snippet":"max-snippet:-1","max-image-preview":"max-image-preview:large","max-video-preview":"max-video-preview:-1"},"canonical":"https:\/\/www.versiegelung24.com\/it\/rivestimento-protettivo-anti-graffiti-sigillatura-per-facciate-altamente-efficace.html","og_locale":"it_IT","og_type":"article","og_title":"Rivestimento antigraffiti - Rivestimento antigraffiti","og_description":"Rivestimento antigraffiti - Proteggete la vostra facciata da graffiti indesiderati - ora da Versiegelung24.com","og_url":"https:\/\/www.versiegelung24.com\/it\/rivestimento-protettivo-anti-graffiti-sigillatura-per-facciate-altamente-efficace.html","og_site_name":"versiegelung24.com","article_modified_time":"2025-01-03T23:01:47+00:00","og_image":[{"width":2560,"height":2560,"url":"https:\/\/www.versiegelung24.com\/wp-content\/uploads\/2020\/04\/7626-anti-graffiti.webp","type":"image\/webp"}],"twitter_card":"summary_large_image","twitter_misc":{"Disponibilit\u00e0":"In stock"},"schema":{"@context":"https:\/\/schema.org","@graph":[{"@type":"WebPage","@id":"https:\/\/www.versiegelung24.com\/it\/rivestimento-protettivo-anti-graffiti-sigillatura-per-facciate-altamente-efficace.html","url":"https:\/\/www.versiegelung24.com\/it\/rivestimento-protettivo-anti-graffiti-sigillatura-per-facciate-altamente-efficace.html","name":"Rivestimento antigraffiti - Rivestimento antigraffiti - versiegelung24.com","isPartOf":{"@id":"https:\/\/www.versiegelung24.com\/it\/#website"},"primaryImageOfPage":{"@id":"https:\/\/www.versiegelung24.com\/it\/rivestimento-protettivo-anti-graffiti-sigillatura-per-facciate-altamente-efficace.html#primaryimage"},"image":{"@id":"https:\/\/www.versiegelung24.com\/it\/rivestimento-protettivo-anti-graffiti-sigillatura-per-facciate-altamente-efficace.html#primaryimage"},"thumbnailUrl":"https:\/\/www.versiegelung24.com\/wp-content\/uploads\/2020\/04\/7626-anti-graffiti.webp","datePublished":"2021-08-02T20:12:21+00:00","dateModified":"2025-01-03T23:01:47+00:00","description":"Rivestimento antigraffiti - Proteggete la vostra facciata da graffiti indesiderati - ora da Versiegelung24.com","breadcrumb":{"@id":"https:\/\/www.versiegelung24.com\/it\/rivestimento-protettivo-anti-graffiti-sigillatura-per-facciate-altamente-efficace.html#breadcrumb"},"inLanguage":"it-IT","potentialAction":[{"@type":"ReadAction","target":["https:\/\/www.versiegelung24.com\/it\/rivestimento-protettivo-anti-graffiti-sigillatura-per-facciate-altamente-efficace.html"]}]},{"@type":"ImageObject","inLanguage":"it-IT","@id":"https:\/\/www.versiegelung24.com\/it\/rivestimento-protettivo-anti-graffiti-sigillatura-per-facciate-altamente-efficace.html#primaryimage","url":"https:\/\/www.versiegelung24.com\/wp-content\/uploads\/2020\/04\/7626-anti-graffiti.webp","contentUrl":"https:\/\/www.versiegelung24.com\/wp-content\/uploads\/2020\/04\/7626-anti-graffiti.webp","width":2560,"height":2560},{"@type":"BreadcrumbList","@id":"https:\/\/www.versiegelung24.com\/it\/rivestimento-protettivo-anti-graffiti-sigillatura-per-facciate-altamente-efficace.html#breadcrumb","itemListElement":[{"@type":"ListItem","position":1,"name":"Homepage","item":"https:\/\/www.versiegelung24.com\/it\/fronte\/"},{"@type":"ListItem","position":2,"name":"Negozio","item":"https:\/\/www.versiegelung24.com\/it\/negozio\/"},{"@type":"ListItem","position":3,"name":"Rivestimento antigraffiti &#8211; Rivestimento antigraffiti"}]},{"@type":"WebSite","@id":"https:\/\/www.versiegelung24.com\/it\/#website","url":"https:\/\/www.versiegelung24.com\/it\/","name":"versiegelung24.com","description":"Fl\u00fcssigglas-Versiegelung - Made in Germany","publisher":{"@id":"https:\/\/www.versiegelung24.com\/it\/#organization"},"potentialAction":[{"@type":"SearchAction","target":{"@type":"EntryPoint","urlTemplate":"https:\/\/www.versiegelung24.com\/it\/?s={search_term_string}"},"query-input":{"@type":"PropertyValueSpecification","valueRequired":true,"valueName":"search_term_string"}}],"inLanguage":"it-IT"},{"@type":"Organization","@id":"https:\/\/www.versiegelung24.com\/it\/#organization","name":"versiegelung24","url":"https:\/\/www.versiegelung24.com\/it\/","logo":{"@type":"ImageObject","inLanguage":"it-IT","@id":"https:\/\/www.versiegelung24.com\/it\/#\/schema\/logo\/image\/","url":"https:\/\/www.versiegelung24.com\/wp-content\/uploads\/2020\/04\/versiegelung24.png","contentUrl":"https:\/\/www.versiegelung24.com\/wp-content\/uploads\/2020\/04\/versiegelung24.png","width":470,"height":102,"caption":"versiegelung24"},"image":{"@id":"https:\/\/www.versiegelung24.com\/it\/#\/schema\/logo\/image\/"}}]},"og_availability":"instock","product_availability":"instock","product_retailer_item_id":"9201-7626-5000","product_condition":"new"},"_links":{"self":[{"href":"https:\/\/www.versiegelung24.com\/it\/wp-json\/wp\/v2\/product\/23938","targetHints":{"allow":["GET"]}}],"collection":[{"href":"https:\/\/www.versiegelung24.com\/it\/wp-json\/wp\/v2\/product"}],"about":[{"href":"https:\/\/www.versiegelung24.com\/it\/wp-json\/wp\/v2\/types\/product"}],"version-history":[{"count":55,"href":"https:\/\/www.versiegelung24.com\/it\/wp-json\/wp\/v2\/product\/23938\/revisions"}],"predecessor-version":[{"id":174048,"href":"https:\/\/www.versiegelung24.com\/it\/wp-json\/wp\/v2\/product\/23938\/revisions\/174048"}],"wp:featuredmedia":[{"embeddable":true,"href":"https:\/\/www.versiegelung24.com\/it\/wp-json\/wp\/v2\/media\/169225"}],"wp:attachment":[{"href":"https:\/\/www.versiegelung24.com\/it\/wp-json\/wp\/v2\/media?parent=23938"}],"wp:term":[{"taxonomy":"product_brand","embeddable":true,"href":"https:\/\/www.versiegelung24.com\/it\/wp-json\/wp\/v2\/product_brand?post=23938"},{"taxonomy":"product_cat","embeddable":true,"href":"https:\/\/www.versiegelung24.com\/it\/wp-json\/wp\/v2\/product_cat?post=23938"},{"taxonomy":"product_tag","embeddable":true,"href":"https:\/\/www.versiegelung24.com\/it\/wp-json\/wp\/v2\/product_tag?post=23938"}],"curies":[{"name":"wp","href":"https:\/\/api.w.org\/{rel}","templated":true}]}}