{"id":24010,"date":"2020-04-04T18:53:45","date_gmt":"2021-08-02T20:18:33","guid":{"rendered":"https:\/\/www.versiegelung24.com\/produkt\/sigillatura-premium-in-tessuto-e-carta-con-estrema-idrorepellenza"},"modified":"2025-01-04T00:12:26","modified_gmt":"2025-01-03T23:12:26","slug":"sigillatura-di-carta-e-tessuto-premium-con-estrema-idrorepellenza","status":"publish","type":"product","link":"https:\/\/www.versiegelung24.com\/it\/sigillatura-di-carta-e-tessuto-premium-con-estrema-idrorepellenza.html","title":{"rendered":"Dura Tex &#8211; Sigillante tessile di qualit\u00e0 superiore con estrema idrorepellenza"},"content":{"rendered":"\n<p><strong>Sigillante tessile premium altamente efficace con estrema idrorepellenza, per interni ed esterni<\/strong><\/p>\n\n<p>Qualit\u00e0 professionale &#8211; Made in Germany<\/p>\n\n<p>Numero articolo: 6002-7689<\/p>\n\n<p><strong>V24 Dura Tex &#8211; Sigillante tessile premium<\/strong> protegge quasi tutti i tipi di tessuto e carta da acqua, sporco e macchie, rimanendo invisibile. Non altera in alcun modo l&#8217;aspetto, la traspirabilit\u00e0, il colore o la sensazione al tatto ed \u00e8 di facile manutenzione.<\/p>\n\n<p>Il rivestimento \u00e8 estremamente idrorepellente sui tessuti outdoor; cos\u00ec rimangono asciutti pi\u00f9 a lungo. Olio, caff\u00e8 e altre macchie comuni appartengono al passato se i tessuti sono stati trattati in anticipo.<\/p>\n\n<hr\/>\n\n<h4 class=\"wp-block-heading\" id=\"properties\">Caratteristiche del prodotto<\/h4>\n\n<div class=\"wp-block-columns is-layout-flex wp-container-core-columns-is-layout-9d6595d7 wp-block-columns-is-layout-flex\">\n<div class=\"wp-block-column is-layout-flow wp-block-column-is-layout-flow\">\n<ul class=\"wp-block-list\">\n<li>Effetto idrofobico e oleofobico molto forte (repellenza all&#8217;acqua e all&#8217;olio)<\/li>\n\n\n\n<li>Effetto facile da pulire resistente all&#8217;abrasione: un solido legame chimico consente un&#8217;eccellente resistenza all&#8217;abrasione e alla lavatrice &#8211; il rivestimento aderisce alla fibra fino a quando non viene distrutta da influenze esterne<\/li>\n\n\n\n<li>Le impurit\u00e0 possono essere facilmente rimosse con un panno umido<\/li>\n\n\n\n<li>Traspirante<\/li>\n\n\n\n<li>Invisibile (nessun cambiamento nell&#8217;aspetto e nell&#8217;atmosfera)<\/li>\n\n\n\n<li>Forti propriet\u00e0 antiaderenti<\/li>\n\n\n\n<li>Protezione contro le macchie<\/li>\n<\/ul>\n<\/div>\n\n\n\n<div class=\"wp-block-column is-layout-flow wp-block-column-is-layout-flow\">\n<ul class=\"wp-block-list\">\n<li>Aumenta la resistenza all&#8217;usura<\/li>\n\n\n\n<li>Nessuna compromissione dell&#8217;aspetto<\/li>\n\n\n\n<li>Nanotecnologia SiO\u00b2<\/li>\n\n\n\n<li>Protezione delle fibre dalla penetrazione di particelle di sporco<\/li>\n\n\n\n<li>Applicazione semplice<\/li>\n\n\n\n<li>Lunga durata a seconda dello stress meccanico<\/li>\n<\/ul>\n\n\n\n<p><br\/><br\/>Contenuto della fornitura: 1 bottiglia da litro 1 descrizione del prodotto<\/p>\n<\/div>\n<\/div>\n\n<hr\/>\n\n<h4 class=\"wp-block-heading\" id=\"application\">Applicazione<\/h4>\n\n<div class=\"wp-block-columns is-layout-flex wp-container-core-columns-is-layout-9d6595d7 wp-block-columns-is-layout-flex\">\n<div class=\"wp-block-column is-layout-flow wp-block-column-is-layout-flow\">\n<ul class=\"wp-block-list\">\n<li>capi di abbigliamento<\/li>\n\n\n\n<li>Tessuti per esterni<\/li>\n\n\n\n<li>Tessuti per la casa (tappezzeria, mobili, tappeti)<\/li>\n\n\n\n<li>Pelle scamosciata<\/li>\n\n\n\n<li>Cartone di carta<\/li>\n<\/ul>\n\n\n\n<p>Il consumo dipende molto dalla struttura, dall&#8217;assorbenza e dallo spessore del materiale da rivestire, circa 10-50 m\u00b2\/litro (ca. 10 ml\/m\u00b2 per mm di spessore a seconda dell&#8217;assorbenza).<\/p>\n<\/div>\n\n\n\n<div class=\"wp-block-column is-layout-flow wp-block-column-is-layout-flow\">\n<p>Applicazione semplice:<\/p>\n\n\n\n<p>1.Manuale: applicazione inumidendo il tessuto (a spruzzo o per immersione)<\/p>\n\n\n\n<p>2. Industriale: applicazione mediante sistemi disponibili in commercio<\/p>\n\n\n\n<p><br\/>Questo rivestimento in SiO2 \u00e8 completamente reticolato e polimerizzato dopo 24 ore. L&#8217;effetto facile da pulire pu\u00f2 essere testato per la prima volta dopo questa fase di polimerizzazione.<\/p>\n<\/div>\n<\/div>\n","protected":false},"excerpt":{"rendered":"<p>\u2713 Traspirante<\/p>\n<p>\u2713 Protezione dalle macchie<\/p>\n<p>\u2713 Con estrema idrorepellenza<\/p>\n<p>\u2713 Per interni ed esterni<\/p>\n","protected":false},"featured_media":125325,"template":"","meta":{"_acf_changed":false,"neve_meta_sidebar":"","neve_meta_container":"","neve_meta_enable_content_width":"","neve_meta_content_width":0,"neve_meta_title_alignment":"","neve_meta_author_avatar":"","neve_post_elements_order":"","neve_meta_disable_header":"","neve_meta_disable_footer":"","neve_meta_disable_title":"","neve_meta_reading_time":"","_surfaces":[],"_ver_product_tabs":[],"footnotes":""},"product_brand":[],"product_cat":[2262],"product_tag":[],"class_list":{"0":"post-24010","1":"product","2":"type-product","3":"status-publish","4":"has-post-thumbnail","6":"product_cat-sigillatura-in-pelle-e-tessuto","8":"first","9":"instock","10":"taxable","11":"shipping-taxable","12":"purchasable","13":"product-type-simple"},"acf":[],"yoast_head":"<!-- This site is optimized with the Yoast SEO Premium plugin v22.8 (Yoast SEO v27.5) - https:\/\/yoast.com\/product\/yoast-seo-premium-wordpress\/ -->\n<title>Dura Tex - Sigillante tessile di qualit\u00e0 superiore con estrema idrorepellenza - versiegelung24.com<\/title>\n<meta name=\"robots\" content=\"index, follow, max-snippet:-1, max-image-preview:large, max-video-preview:-1\" \/>\n<link rel=\"canonical\" href=\"https:\/\/www.versiegelung24.com\/it\/sigillatura-di-carta-e-tessuto-premium-con-estrema-idrorepellenza.html\" \/>\n<meta property=\"og:locale\" content=\"it_IT\" \/>\n<meta property=\"og:type\" content=\"article\" \/>\n<meta property=\"og:title\" content=\"Dura Tex - Sigillante tessile di qualit\u00e0 superiore con estrema idrorepellenza\" \/>\n<meta property=\"og:description\" content=\"\u2713 Traspirante \u2713 Protezione dalle macchie \u2713 Con estrema idrorepellenza \u2713 Per interni ed esterni\" \/>\n<meta property=\"og:url\" content=\"https:\/\/www.versiegelung24.com\/it\/sigillatura-di-carta-e-tessuto-premium-con-estrema-idrorepellenza.html\" \/>\n<meta property=\"og:site_name\" content=\"versiegelung24.com\" \/>\n<meta property=\"article:modified_time\" content=\"2025-01-03T23:12:26+00:00\" \/>\n<meta property=\"og:image\" content=\"https:\/\/www.versiegelung24.com\/wp-content\/uploads\/2020\/04\/produkt-6002-7689-1000-dura-tex-Premium-Textil-Papierversiegelung-scaled.webp\" \/>\n\t<meta property=\"og:image:width\" content=\"2560\" \/>\n\t<meta property=\"og:image:height\" content=\"2560\" \/>\n\t<meta property=\"og:image:type\" content=\"image\/webp\" \/>\n<meta name=\"twitter:card\" content=\"summary_large_image\" \/>\n<meta name=\"twitter:label1\" content=\"Prezzo\" \/>\n\t<meta name=\"twitter:data1\" content=\"89,99&euro;\" \/>\n\t<meta name=\"twitter:label2\" content=\"Disponibilit\u00e0\" \/>\n\t<meta name=\"twitter:data2\" content=\"In stock\" \/>\n<script type=\"application\/ld+json\" class=\"yoast-schema-graph\">{\"@context\":\"https:\\\/\\\/schema.org\",\"@graph\":[{\"@type\":\"WebPage\",\"@id\":\"https:\\\/\\\/www.versiegelung24.com\\\/it\\\/sigillatura-di-carta-e-tessuto-premium-con-estrema-idrorepellenza.html\",\"url\":\"https:\\\/\\\/www.versiegelung24.com\\\/it\\\/sigillatura-di-carta-e-tessuto-premium-con-estrema-idrorepellenza.html\",\"name\":\"Dura Tex - Sigillante tessile di qualit\u00e0 superiore con estrema idrorepellenza - versiegelung24.com\",\"isPartOf\":{\"@id\":\"https:\\\/\\\/www.versiegelung24.com\\\/it\\\/#website\"},\"primaryImageOfPage\":{\"@id\":\"https:\\\/\\\/www.versiegelung24.com\\\/it\\\/sigillatura-di-carta-e-tessuto-premium-con-estrema-idrorepellenza.html#primaryimage\"},\"image\":{\"@id\":\"https:\\\/\\\/www.versiegelung24.com\\\/it\\\/sigillatura-di-carta-e-tessuto-premium-con-estrema-idrorepellenza.html#primaryimage\"},\"thumbnailUrl\":\"https:\\\/\\\/www.versiegelung24.com\\\/wp-content\\\/uploads\\\/2020\\\/04\\\/produkt-6002-7689-1000-dura-tex-Premium-Textil-Papierversiegelung-scaled.webp\",\"datePublished\":\"2021-08-02T20:18:33+00:00\",\"dateModified\":\"2025-01-03T23:12:26+00:00\",\"breadcrumb\":{\"@id\":\"https:\\\/\\\/www.versiegelung24.com\\\/it\\\/sigillatura-di-carta-e-tessuto-premium-con-estrema-idrorepellenza.html#breadcrumb\"},\"inLanguage\":\"it-IT\",\"potentialAction\":[{\"@type\":\"ReadAction\",\"target\":[\"https:\\\/\\\/www.versiegelung24.com\\\/it\\\/sigillatura-di-carta-e-tessuto-premium-con-estrema-idrorepellenza.html\"]}]},{\"@type\":\"ImageObject\",\"inLanguage\":\"it-IT\",\"@id\":\"https:\\\/\\\/www.versiegelung24.com\\\/it\\\/sigillatura-di-carta-e-tessuto-premium-con-estrema-idrorepellenza.html#primaryimage\",\"url\":\"https:\\\/\\\/www.versiegelung24.com\\\/wp-content\\\/uploads\\\/2020\\\/04\\\/produkt-6002-7689-1000-dura-tex-Premium-Textil-Papierversiegelung-scaled.webp\",\"contentUrl\":\"https:\\\/\\\/www.versiegelung24.com\\\/wp-content\\\/uploads\\\/2020\\\/04\\\/produkt-6002-7689-1000-dura-tex-Premium-Textil-Papierversiegelung-scaled.webp\",\"width\":2560,\"height\":2560},{\"@type\":\"BreadcrumbList\",\"@id\":\"https:\\\/\\\/www.versiegelung24.com\\\/it\\\/sigillatura-di-carta-e-tessuto-premium-con-estrema-idrorepellenza.html#breadcrumb\",\"itemListElement\":[{\"@type\":\"ListItem\",\"position\":1,\"name\":\"Homepage\",\"item\":\"https:\\\/\\\/www.versiegelung24.com\\\/it\\\/fronte\\\/\"},{\"@type\":\"ListItem\",\"position\":2,\"name\":\"Negozio\",\"item\":\"https:\\\/\\\/www.versiegelung24.com\\\/it\\\/negozio\\\/\"},{\"@type\":\"ListItem\",\"position\":3,\"name\":\"Dura Tex &#8211; Sigillante tessile di qualit\u00e0 superiore con estrema idrorepellenza\"}]},{\"@type\":\"WebSite\",\"@id\":\"https:\\\/\\\/www.versiegelung24.com\\\/it\\\/#website\",\"url\":\"https:\\\/\\\/www.versiegelung24.com\\\/it\\\/\",\"name\":\"versiegelung24.com\",\"description\":\"Fl\u00fcssigglas-Versiegelung - Made in Germany\",\"publisher\":{\"@id\":\"https:\\\/\\\/www.versiegelung24.com\\\/it\\\/#organization\"},\"potentialAction\":[{\"@type\":\"SearchAction\",\"target\":{\"@type\":\"EntryPoint\",\"urlTemplate\":\"https:\\\/\\\/www.versiegelung24.com\\\/it\\\/?s={search_term_string}\"},\"query-input\":{\"@type\":\"PropertyValueSpecification\",\"valueRequired\":true,\"valueName\":\"search_term_string\"}}],\"inLanguage\":\"it-IT\"},{\"@type\":\"Organization\",\"@id\":\"https:\\\/\\\/www.versiegelung24.com\\\/it\\\/#organization\",\"name\":\"versiegelung24\",\"url\":\"https:\\\/\\\/www.versiegelung24.com\\\/it\\\/\",\"logo\":{\"@type\":\"ImageObject\",\"inLanguage\":\"it-IT\",\"@id\":\"https:\\\/\\\/www.versiegelung24.com\\\/it\\\/#\\\/schema\\\/logo\\\/image\\\/\",\"url\":\"https:\\\/\\\/www.versiegelung24.com\\\/wp-content\\\/uploads\\\/2020\\\/04\\\/versiegelung24.png\",\"contentUrl\":\"https:\\\/\\\/www.versiegelung24.com\\\/wp-content\\\/uploads\\\/2020\\\/04\\\/versiegelung24.png\",\"width\":470,\"height\":102,\"caption\":\"versiegelung24\"},\"image\":{\"@id\":\"https:\\\/\\\/www.versiegelung24.com\\\/it\\\/#\\\/schema\\\/logo\\\/image\\\/\"}}]}<\/script>\n<meta property=\"product:price:amount\" content=\"89.99\" \/>\n<meta property=\"product:price:currency\" content=\"EUR\" \/>\n<meta property=\"og:availability\" content=\"instock\" \/>\n<meta property=\"product:availability\" content=\"instock\" \/>\n<meta property=\"product:retailer_item_id\" content=\"6002-7689-1000\" \/>\n<meta property=\"product:condition\" content=\"new\" \/>\n<!-- \/ Yoast SEO Premium plugin. -->","yoast_head_json":{"title":"Dura Tex - Sigillante tessile di qualit\u00e0 superiore con estrema idrorepellenza - versiegelung24.com","robots":{"index":"index","follow":"follow","max-snippet":"max-snippet:-1","max-image-preview":"max-image-preview:large","max-video-preview":"max-video-preview:-1"},"canonical":"https:\/\/www.versiegelung24.com\/it\/sigillatura-di-carta-e-tessuto-premium-con-estrema-idrorepellenza.html","og_locale":"it_IT","og_type":"article","og_title":"Dura Tex - Sigillante tessile di qualit\u00e0 superiore con estrema idrorepellenza","og_description":"\u2713 Traspirante \u2713 Protezione dalle macchie \u2713 Con estrema idrorepellenza \u2713 Per interni ed esterni","og_url":"https:\/\/www.versiegelung24.com\/it\/sigillatura-di-carta-e-tessuto-premium-con-estrema-idrorepellenza.html","og_site_name":"versiegelung24.com","article_modified_time":"2025-01-03T23:12:26+00:00","og_image":[{"width":2560,"height":2560,"url":"https:\/\/www.versiegelung24.com\/wp-content\/uploads\/2020\/04\/produkt-6002-7689-1000-dura-tex-Premium-Textil-Papierversiegelung-scaled.webp","type":"image\/webp"}],"twitter_card":"summary_large_image","twitter_misc":{"Prezzo":"89,99&euro;","Disponibilit\u00e0":"In stock"},"schema":{"@context":"https:\/\/schema.org","@graph":[{"@type":"WebPage","@id":"https:\/\/www.versiegelung24.com\/it\/sigillatura-di-carta-e-tessuto-premium-con-estrema-idrorepellenza.html","url":"https:\/\/www.versiegelung24.com\/it\/sigillatura-di-carta-e-tessuto-premium-con-estrema-idrorepellenza.html","name":"Dura Tex - Sigillante tessile di qualit\u00e0 superiore con estrema idrorepellenza - versiegelung24.com","isPartOf":{"@id":"https:\/\/www.versiegelung24.com\/it\/#website"},"primaryImageOfPage":{"@id":"https:\/\/www.versiegelung24.com\/it\/sigillatura-di-carta-e-tessuto-premium-con-estrema-idrorepellenza.html#primaryimage"},"image":{"@id":"https:\/\/www.versiegelung24.com\/it\/sigillatura-di-carta-e-tessuto-premium-con-estrema-idrorepellenza.html#primaryimage"},"thumbnailUrl":"https:\/\/www.versiegelung24.com\/wp-content\/uploads\/2020\/04\/produkt-6002-7689-1000-dura-tex-Premium-Textil-Papierversiegelung-scaled.webp","datePublished":"2021-08-02T20:18:33+00:00","dateModified":"2025-01-03T23:12:26+00:00","breadcrumb":{"@id":"https:\/\/www.versiegelung24.com\/it\/sigillatura-di-carta-e-tessuto-premium-con-estrema-idrorepellenza.html#breadcrumb"},"inLanguage":"it-IT","potentialAction":[{"@type":"ReadAction","target":["https:\/\/www.versiegelung24.com\/it\/sigillatura-di-carta-e-tessuto-premium-con-estrema-idrorepellenza.html"]}]},{"@type":"ImageObject","inLanguage":"it-IT","@id":"https:\/\/www.versiegelung24.com\/it\/sigillatura-di-carta-e-tessuto-premium-con-estrema-idrorepellenza.html#primaryimage","url":"https:\/\/www.versiegelung24.com\/wp-content\/uploads\/2020\/04\/produkt-6002-7689-1000-dura-tex-Premium-Textil-Papierversiegelung-scaled.webp","contentUrl":"https:\/\/www.versiegelung24.com\/wp-content\/uploads\/2020\/04\/produkt-6002-7689-1000-dura-tex-Premium-Textil-Papierversiegelung-scaled.webp","width":2560,"height":2560},{"@type":"BreadcrumbList","@id":"https:\/\/www.versiegelung24.com\/it\/sigillatura-di-carta-e-tessuto-premium-con-estrema-idrorepellenza.html#breadcrumb","itemListElement":[{"@type":"ListItem","position":1,"name":"Homepage","item":"https:\/\/www.versiegelung24.com\/it\/fronte\/"},{"@type":"ListItem","position":2,"name":"Negozio","item":"https:\/\/www.versiegelung24.com\/it\/negozio\/"},{"@type":"ListItem","position":3,"name":"Dura Tex &#8211; Sigillante tessile di qualit\u00e0 superiore con estrema idrorepellenza"}]},{"@type":"WebSite","@id":"https:\/\/www.versiegelung24.com\/it\/#website","url":"https:\/\/www.versiegelung24.com\/it\/","name":"versiegelung24.com","description":"Fl\u00fcssigglas-Versiegelung - Made in Germany","publisher":{"@id":"https:\/\/www.versiegelung24.com\/it\/#organization"},"potentialAction":[{"@type":"SearchAction","target":{"@type":"EntryPoint","urlTemplate":"https:\/\/www.versiegelung24.com\/it\/?s={search_term_string}"},"query-input":{"@type":"PropertyValueSpecification","valueRequired":true,"valueName":"search_term_string"}}],"inLanguage":"it-IT"},{"@type":"Organization","@id":"https:\/\/www.versiegelung24.com\/it\/#organization","name":"versiegelung24","url":"https:\/\/www.versiegelung24.com\/it\/","logo":{"@type":"ImageObject","inLanguage":"it-IT","@id":"https:\/\/www.versiegelung24.com\/it\/#\/schema\/logo\/image\/","url":"https:\/\/www.versiegelung24.com\/wp-content\/uploads\/2020\/04\/versiegelung24.png","contentUrl":"https:\/\/www.versiegelung24.com\/wp-content\/uploads\/2020\/04\/versiegelung24.png","width":470,"height":102,"caption":"versiegelung24"},"image":{"@id":"https:\/\/www.versiegelung24.com\/it\/#\/schema\/logo\/image\/"}}]},"product_price_amount":"89.99","product_price_currency":"EUR","og_availability":"instock","product_availability":"instock","product_retailer_item_id":"6002-7689-1000","product_condition":"new"},"_links":{"self":[{"href":"https:\/\/www.versiegelung24.com\/it\/wp-json\/wp\/v2\/product\/24010","targetHints":{"allow":["GET"]}}],"collection":[{"href":"https:\/\/www.versiegelung24.com\/it\/wp-json\/wp\/v2\/product"}],"about":[{"href":"https:\/\/www.versiegelung24.com\/it\/wp-json\/wp\/v2\/types\/product"}],"version-history":[{"count":13,"href":"https:\/\/www.versiegelung24.com\/it\/wp-json\/wp\/v2\/product\/24010\/revisions"}],"predecessor-version":[{"id":177872,"href":"https:\/\/www.versiegelung24.com\/it\/wp-json\/wp\/v2\/product\/24010\/revisions\/177872"}],"wp:featuredmedia":[{"embeddable":true,"href":"https:\/\/www.versiegelung24.com\/it\/wp-json\/wp\/v2\/media\/125325"}],"wp:attachment":[{"href":"https:\/\/www.versiegelung24.com\/it\/wp-json\/wp\/v2\/media?parent=24010"}],"wp:term":[{"taxonomy":"product_brand","embeddable":true,"href":"https:\/\/www.versiegelung24.com\/it\/wp-json\/wp\/v2\/product_brand?post=24010"},{"taxonomy":"product_cat","embeddable":true,"href":"https:\/\/www.versiegelung24.com\/it\/wp-json\/wp\/v2\/product_cat?post=24010"},{"taxonomy":"product_tag","embeddable":true,"href":"https:\/\/www.versiegelung24.com\/it\/wp-json\/wp\/v2\/product_tag?post=24010"}],"curies":[{"name":"wp","href":"https:\/\/api.w.org\/{rel}","templated":true}]}}