{"id":24115,"date":"2020-04-27T21:49:59","date_gmt":"2021-08-02T20:25:59","guid":{"rendered":"https:\/\/www.versiegelung24.com\/produkt\/monument-stone-sigillatura-ad-alte-prestazioni-in-pietra-e-cemento"},"modified":"2025-03-20T09:53:55","modified_gmt":"2025-03-20T08:53:55","slug":"sigillatura-ad-alte-prestazioni-di-pietra-pietra-e-calcestruzzo","status":"publish","type":"product","link":"https:\/\/www.versiegelung24.com\/it\/sigillatura-ad-alte-prestazioni-in-pietra-monumento-pietra-e-cemento.html","title":{"rendered":"Monument Stone &#8211; Sigillante per vetro liquido in pietra e cemento"},"content":{"rendered":"\n<p>Il nostro sigillo ad alte prestazioni Monument Stone protegge in modo efficace e permanente i prodotti in pietra di cemento di alta qualit\u00e0 dalla contaminazione generale da acqua, cibo e oli.<\/p>\n\n<hr \/>\n\n<h4 class=\"wp-block-heading\" id=\"properties\">Caratteristiche del prodotto<\/h4>\n\n<div class=\"wp-block-columns is-layout-flex wp-container-core-columns-is-layout-9d6595d7 wp-block-columns-is-layout-flex\">\n<div class=\"wp-block-column is-layout-flow wp-block-column-is-layout-flow\">\n<p><strong>Sigillante ad alte prestazioni per prodotti in pietra e blocchi di cemento per ridurre la tendenza generale allo sporco con acqua, cibo e oli<\/strong><\/p>\n\n\n\n<p>Numero articolo: 3009-8637<\/p>\n\n\n\n<p>Alta qualit\u00e0 Made in Germany<\/p>\n\n\n\n<p><strong>la sicurezza dei prodotti<\/strong><\/p>\n\n\n\n<p>Informazioni sulla classificazione del prodotto nell&#8217;ambito dell&#8217;ordinanza sulle sostanze pericolose, dati di sicurezza e dati sulla tossicologia e sullo stoccaggio sono disponibili nella nostra scheda di dati di sicurezza.<\/p>\n\n\n\n<p><strong>Conservazione<\/strong><\/p>\n\n\n\n<p>Devono essere osservate le informazioni sulla relativa scheda di dati di sicurezza (MSDS).<\/p>\n\n\n\n<p>La pietra monumentale V24 deve essere conservata in un luogo asciutto, ben ventilato e fresco (20\u00b0C). Conservare\/conservare solo nel contenitore originale ben chiuso. Proteggere dalla luce solare diretta. Se conservato correttamente, la durata minima \u00e8 di 12 mesi dalla data di produzione.<\/p>\n\n\n\n<p>Un periodo di conservazione pi\u00f9 lungo non significa necessariamente che il prodotto sia inutilizzabile, ma le propriet\u00e0 desiderate per l&#8217;applicazione prevista devono essere verificate nell&#8217;interesse della garanzia della qualit\u00e0.<\/p>\n<\/div>\n\n\n\n<div class=\"wp-block-column is-layout-flow wp-block-column-is-layout-flow\">\n<p>\u2713 Impregnante a base d&#8217;acqua ad alte prestazioni<\/p>\n\n\n\n<p>\u2713 Efficace fino a 10 anni (se applicato correttamente)<\/p>\n\n\n\n<p>\u2713 Particolarmente adatto per la protezione a lungo termine dei monumenti<\/p>\n\n\n\n<p>\u2713 altamente concentrato<\/p>\n\n\n\n<p>\u2713 Protezione a lungo termine grazie al legame chimico del substrato<\/p>\n\n\n\n<p>\u2713 Resistente agli alcali fino a pH 10-11*<\/p>\n\n\n\n<p>\u2713 Effetto antiaderente<\/p>\n\n\n\n<p>\u2713 Altamente repellente all&#8217;olio, all&#8217;acqua e allo sporco<\/p>\n\n\n\n<p>\u2713 Resistente agli alcali<\/p>\n\n\n\n<p>\u2713 Efflorescenze ridotte<\/p>\n\n\n\n<p>\u2713 Minimizzazione dell&#8217;adesione dello sporco<\/p>\n\n\n\n<p>\u2713 Riduzione della crescita di alghe e muschi<\/p>\n\n\n\n<p>\u2713 riduce il rinverdimento<\/p>\n\n\n\n<p>\u2713 Aperto alla diffusione del vapore<\/p>\n\n\n\n<p>\u2713 asciuga rapidamente e non appiccica<\/p>\n\n\n\n<p>\u2713 Elevata stabilit\u00e0 ai raggi UV<\/p>\n\n\n\n<p>\u2713 Soluzione pronta all&#8217;uso<\/p>\n\n\n\n<p>\u2713 invisibile<\/p>\n<\/div>\n<\/div>\n\n<hr \/>\n\n<h4 class=\"wp-block-heading\" id=\"application\">Applicazione<\/h4>\n\n<div class=\"wp-block-columns is-layout-flex wp-container-core-columns-is-layout-9d6595d7 wp-block-columns-is-layout-flex\">\n<div class=\"wp-block-column is-layout-flow wp-block-column-is-layout-flow\">\n<ul class=\"wp-block-list\">\n<li><strong>V24 Monument Stone &#8211; il sigillante per vetro liquido<\/strong> viene applicato non diluito sulla superficie pre-pulita e asciugata, poich\u00e9 questo \u00e8 l&#8217;unico modo per garantire una profonda penetrazione del sigillante, che provoca un effetto ottimale a lungo termine e profondo.<\/li>\n<\/ul>\n\n\n\n<ul class=\"wp-block-list\">\n<li>Il sigillante viene applicato in modo uniforme e sottile sul supporto fino a quando la superficie non appare opaca e umida.<\/li>\n<\/ul>\n\n\n\n<ul class=\"wp-block-list\">\n<li>Si applica con pennello, rullo di gommapiuma, panno in microfibra oa spruzzo.<\/li>\n<\/ul>\n\n\n\n<ul class=\"wp-block-list\">\n<li>La formazione di pozzanghere \u00e8 da evitare. L&#8217;impermeabilizzante in eccesso deve essere rimosso dal supporto.<\/li>\n<\/ul>\n<\/div>\n\n\n\n<div class=\"wp-block-column is-layout-flow wp-block-column-is-layout-flow\">\n<ul class=\"wp-block-list\">\n<li>Dopo l&#8217;applicazione, la <strong>Pietra Monumentale V24<\/strong> deve rimanere a contatto con la superficie come film liquido per alcuni secondi.<\/li>\n<\/ul>\n\n\n\n<ul class=\"wp-block-list\">\n<li>La piena funzionalit\u00e0 si verifica dopo 48 ore di essiccazione a temperatura ambiente. L&#8217;essiccazione profonda pu\u00f2 anche variare a seconda del supporto.<\/li>\n<\/ul>\n\n\n\n<p>Una descrizione dettagliata dell&#8217;applicazione pu\u00f2 essere trovata nella nostra scheda tecnica<\/p>\n\n\n\n<p>Sigillatura in vetro liquido altamente efficace per monumenti &#8211; prodotti in pietra e blocchi di cemento.<\/p>\n\n\n\n<p>\u2713 Calcestruzzo (articoli)<\/p>\n\n\n\n<p>\u2713 Pietra (Articoli)<\/p>\n\n\n\n<p>\u2713 Sistemi in lastre e pavimentazioni in pietra<\/p>\n\n\n\n<p>\u2713 Pietre monumentali<\/p>\n<\/div>\n<\/div>\n","protected":false},"excerpt":{"rendered":"<p><strong>Sigillante liquido per vetro repellente a olio, acqua e sporco per superfici in pietra e cemento<\/strong><\/p>\n<p>\u2713 Protezione a lungo termine grazie al legame chimico del substrato<\/p>\n<p>\u2713 Altamente repellente all&#8217;olio, all&#8217;acqua e allo sporco<\/p>\n<p>\u2713 Protezione a lungo termine su pietra monumentale<\/p>\n<p>\u2713 Riduzione della crescita di alghe e muschi<\/p>\n<p>\u2713 Effetto antiaderente<\/p>\n","protected":false},"featured_media":18145,"template":"","meta":{"_acf_changed":false,"neve_meta_sidebar":"","neve_meta_container":"","neve_meta_enable_content_width":"","neve_meta_content_width":0,"neve_meta_title_alignment":"","neve_meta_author_avatar":"","neve_post_elements_order":"","neve_meta_disable_header":"","neve_meta_disable_footer":"","neve_meta_disable_title":"","neve_meta_reading_time":"","_surfaces":[],"_ver_product_tabs":[],"footnotes":""},"product_brand":[],"product_cat":[2265],"product_tag":[],"class_list":{"0":"post-24115","1":"product","2":"type-product","3":"status-publish","4":"has-post-thumbnail","6":"product_cat-sigillatura-in-pietra-e-cemento","8":"first","9":"onbackorder","10":"taxable","11":"shipping-taxable","12":"purchasable","13":"product-type-simple"},"acf":[],"yoast_head":"<!-- This site is optimized with the Yoast SEO Premium plugin v22.8 (Yoast SEO v27.5) - https:\/\/yoast.com\/product\/yoast-seo-premium-wordpress\/ -->\n<title>Monument Stone - Sigillante per vetro liquido in pietra e cemento - versiegelung24.com<\/title>\n<meta name=\"robots\" content=\"index, follow, max-snippet:-1, max-image-preview:large, max-video-preview:-1\" \/>\n<link rel=\"canonical\" href=\"https:\/\/www.versiegelung24.com\/it\/sigillatura-ad-alte-prestazioni-in-pietra-monumento-pietra-e-cemento.html\" \/>\n<meta property=\"og:locale\" content=\"it_IT\" \/>\n<meta property=\"og:type\" content=\"article\" \/>\n<meta property=\"og:title\" content=\"Monument Stone - Sigillante per vetro liquido in pietra e cemento\" \/>\n<meta property=\"og:description\" content=\"Sigillante liquido per vetro repellente a olio, acqua e sporco per superfici in pietra e cemento \u2713 Protezione a lungo termine grazie al legame chimico del substrato \u2713 Altamente repellente all&#039;olio, all&#039;acqua e allo sporco \u2713 Protezione a lungo termine su pietra monumentale \u2713 Riduzione della crescita di alghe e muschi \u2713 Effetto antiaderente\" \/>\n<meta property=\"og:url\" content=\"https:\/\/www.versiegelung24.com\/it\/sigillatura-ad-alte-prestazioni-in-pietra-monumento-pietra-e-cemento.html\" \/>\n<meta property=\"og:site_name\" content=\"versiegelung24.com\" \/>\n<meta property=\"article:modified_time\" content=\"2025-03-20T08:53:55+00:00\" \/>\n<meta property=\"og:image\" content=\"https:\/\/www.versiegelung24.com\/wp-content\/uploads\/2020\/06\/produkt-3009-7637-1000-Monument-Stone-scaled.jpg\" \/>\n\t<meta property=\"og:image:width\" content=\"2560\" \/>\n\t<meta property=\"og:image:height\" content=\"2560\" \/>\n\t<meta property=\"og:image:type\" content=\"image\/jpeg\" \/>\n<meta name=\"twitter:card\" content=\"summary_large_image\" \/>\n<meta name=\"twitter:label1\" content=\"Prezzo\" \/>\n\t<meta name=\"twitter:data1\" content=\"89,99&euro;\" \/>\n\t<meta name=\"twitter:label2\" content=\"Disponibilit\u00e0\" \/>\n\t<meta name=\"twitter:data2\" content=\"Su ordinazione\" \/>\n<script type=\"application\/ld+json\" class=\"yoast-schema-graph\">{\"@context\":\"https:\\\/\\\/schema.org\",\"@graph\":[{\"@type\":\"WebPage\",\"@id\":\"https:\\\/\\\/www.versiegelung24.com\\\/it\\\/sigillatura-ad-alte-prestazioni-in-pietra-monumento-pietra-e-cemento.html\",\"url\":\"https:\\\/\\\/www.versiegelung24.com\\\/it\\\/sigillatura-ad-alte-prestazioni-in-pietra-monumento-pietra-e-cemento.html\",\"name\":\"Monument Stone - Sigillante per vetro liquido in pietra e cemento - versiegelung24.com\",\"isPartOf\":{\"@id\":\"https:\\\/\\\/www.versiegelung24.com\\\/it\\\/#website\"},\"primaryImageOfPage\":{\"@id\":\"https:\\\/\\\/www.versiegelung24.com\\\/it\\\/sigillatura-ad-alte-prestazioni-in-pietra-monumento-pietra-e-cemento.html#primaryimage\"},\"image\":{\"@id\":\"https:\\\/\\\/www.versiegelung24.com\\\/it\\\/sigillatura-ad-alte-prestazioni-in-pietra-monumento-pietra-e-cemento.html#primaryimage\"},\"thumbnailUrl\":\"https:\\\/\\\/www.versiegelung24.com\\\/wp-content\\\/uploads\\\/2020\\\/06\\\/produkt-3009-7637-1000-Monument-Stone-scaled.jpg\",\"datePublished\":\"2021-08-02T20:25:59+00:00\",\"dateModified\":\"2025-03-20T08:53:55+00:00\",\"breadcrumb\":{\"@id\":\"https:\\\/\\\/www.versiegelung24.com\\\/it\\\/sigillatura-ad-alte-prestazioni-in-pietra-monumento-pietra-e-cemento.html#breadcrumb\"},\"inLanguage\":\"it-IT\",\"potentialAction\":[{\"@type\":\"ReadAction\",\"target\":[\"https:\\\/\\\/www.versiegelung24.com\\\/it\\\/sigillatura-ad-alte-prestazioni-in-pietra-monumento-pietra-e-cemento.html\"]}]},{\"@type\":\"ImageObject\",\"inLanguage\":\"it-IT\",\"@id\":\"https:\\\/\\\/www.versiegelung24.com\\\/it\\\/sigillatura-ad-alte-prestazioni-in-pietra-monumento-pietra-e-cemento.html#primaryimage\",\"url\":\"https:\\\/\\\/www.versiegelung24.com\\\/wp-content\\\/uploads\\\/2020\\\/06\\\/produkt-3009-7637-1000-Monument-Stone-scaled.jpg\",\"contentUrl\":\"https:\\\/\\\/www.versiegelung24.com\\\/wp-content\\\/uploads\\\/2020\\\/06\\\/produkt-3009-7637-1000-Monument-Stone-scaled.jpg\",\"width\":2560,\"height\":2560},{\"@type\":\"BreadcrumbList\",\"@id\":\"https:\\\/\\\/www.versiegelung24.com\\\/it\\\/sigillatura-ad-alte-prestazioni-in-pietra-monumento-pietra-e-cemento.html#breadcrumb\",\"itemListElement\":[{\"@type\":\"ListItem\",\"position\":1,\"name\":\"Homepage\",\"item\":\"https:\\\/\\\/www.versiegelung24.com\\\/it\\\/fronte\\\/\"},{\"@type\":\"ListItem\",\"position\":2,\"name\":\"Negozio\",\"item\":\"https:\\\/\\\/www.versiegelung24.com\\\/it\\\/negozio\\\/\"},{\"@type\":\"ListItem\",\"position\":3,\"name\":\"Monument Stone &#8211; Sigillante per vetro liquido in pietra e cemento\"}]},{\"@type\":\"WebSite\",\"@id\":\"https:\\\/\\\/www.versiegelung24.com\\\/it\\\/#website\",\"url\":\"https:\\\/\\\/www.versiegelung24.com\\\/it\\\/\",\"name\":\"versiegelung24.com\",\"description\":\"Fl\u00fcssigglas-Versiegelung - Made in Germany\",\"publisher\":{\"@id\":\"https:\\\/\\\/www.versiegelung24.com\\\/it\\\/#organization\"},\"potentialAction\":[{\"@type\":\"SearchAction\",\"target\":{\"@type\":\"EntryPoint\",\"urlTemplate\":\"https:\\\/\\\/www.versiegelung24.com\\\/it\\\/?s={search_term_string}\"},\"query-input\":{\"@type\":\"PropertyValueSpecification\",\"valueRequired\":true,\"valueName\":\"search_term_string\"}}],\"inLanguage\":\"it-IT\"},{\"@type\":\"Organization\",\"@id\":\"https:\\\/\\\/www.versiegelung24.com\\\/it\\\/#organization\",\"name\":\"versiegelung24\",\"url\":\"https:\\\/\\\/www.versiegelung24.com\\\/it\\\/\",\"logo\":{\"@type\":\"ImageObject\",\"inLanguage\":\"it-IT\",\"@id\":\"https:\\\/\\\/www.versiegelung24.com\\\/it\\\/#\\\/schema\\\/logo\\\/image\\\/\",\"url\":\"https:\\\/\\\/www.versiegelung24.com\\\/wp-content\\\/uploads\\\/2020\\\/04\\\/versiegelung24.png\",\"contentUrl\":\"https:\\\/\\\/www.versiegelung24.com\\\/wp-content\\\/uploads\\\/2020\\\/04\\\/versiegelung24.png\",\"width\":470,\"height\":102,\"caption\":\"versiegelung24\"},\"image\":{\"@id\":\"https:\\\/\\\/www.versiegelung24.com\\\/it\\\/#\\\/schema\\\/logo\\\/image\\\/\"}}]}<\/script>\n<meta property=\"product:price:amount\" content=\"89.99\" \/>\n<meta property=\"product:price:currency\" content=\"EUR\" \/>\n<meta property=\"og:availability\" content=\"backorder\" \/>\n<meta property=\"product:availability\" content=\"available for order\" \/>\n<meta property=\"product:retailer_item_id\" content=\"3009-8637-1\" \/>\n<meta property=\"product:condition\" content=\"new\" \/>\n<!-- \/ Yoast SEO Premium plugin. -->","yoast_head_json":{"title":"Monument Stone - Sigillante per vetro liquido in pietra e cemento - versiegelung24.com","robots":{"index":"index","follow":"follow","max-snippet":"max-snippet:-1","max-image-preview":"max-image-preview:large","max-video-preview":"max-video-preview:-1"},"canonical":"https:\/\/www.versiegelung24.com\/it\/sigillatura-ad-alte-prestazioni-in-pietra-monumento-pietra-e-cemento.html","og_locale":"it_IT","og_type":"article","og_title":"Monument Stone - Sigillante per vetro liquido in pietra e cemento","og_description":"Sigillante liquido per vetro repellente a olio, acqua e sporco per superfici in pietra e cemento \u2713 Protezione a lungo termine grazie al legame chimico del substrato \u2713 Altamente repellente all'olio, all'acqua e allo sporco \u2713 Protezione a lungo termine su pietra monumentale \u2713 Riduzione della crescita di alghe e muschi \u2713 Effetto antiaderente","og_url":"https:\/\/www.versiegelung24.com\/it\/sigillatura-ad-alte-prestazioni-in-pietra-monumento-pietra-e-cemento.html","og_site_name":"versiegelung24.com","article_modified_time":"2025-03-20T08:53:55+00:00","og_image":[{"width":2560,"height":2560,"url":"https:\/\/www.versiegelung24.com\/wp-content\/uploads\/2020\/06\/produkt-3009-7637-1000-Monument-Stone-scaled.jpg","type":"image\/jpeg"}],"twitter_card":"summary_large_image","twitter_misc":{"Prezzo":"89,99&euro;","Disponibilit\u00e0":"Su ordinazione"},"schema":{"@context":"https:\/\/schema.org","@graph":[{"@type":"WebPage","@id":"https:\/\/www.versiegelung24.com\/it\/sigillatura-ad-alte-prestazioni-in-pietra-monumento-pietra-e-cemento.html","url":"https:\/\/www.versiegelung24.com\/it\/sigillatura-ad-alte-prestazioni-in-pietra-monumento-pietra-e-cemento.html","name":"Monument Stone - Sigillante per vetro liquido in pietra e cemento - versiegelung24.com","isPartOf":{"@id":"https:\/\/www.versiegelung24.com\/it\/#website"},"primaryImageOfPage":{"@id":"https:\/\/www.versiegelung24.com\/it\/sigillatura-ad-alte-prestazioni-in-pietra-monumento-pietra-e-cemento.html#primaryimage"},"image":{"@id":"https:\/\/www.versiegelung24.com\/it\/sigillatura-ad-alte-prestazioni-in-pietra-monumento-pietra-e-cemento.html#primaryimage"},"thumbnailUrl":"https:\/\/www.versiegelung24.com\/wp-content\/uploads\/2020\/06\/produkt-3009-7637-1000-Monument-Stone-scaled.jpg","datePublished":"2021-08-02T20:25:59+00:00","dateModified":"2025-03-20T08:53:55+00:00","breadcrumb":{"@id":"https:\/\/www.versiegelung24.com\/it\/sigillatura-ad-alte-prestazioni-in-pietra-monumento-pietra-e-cemento.html#breadcrumb"},"inLanguage":"it-IT","potentialAction":[{"@type":"ReadAction","target":["https:\/\/www.versiegelung24.com\/it\/sigillatura-ad-alte-prestazioni-in-pietra-monumento-pietra-e-cemento.html"]}]},{"@type":"ImageObject","inLanguage":"it-IT","@id":"https:\/\/www.versiegelung24.com\/it\/sigillatura-ad-alte-prestazioni-in-pietra-monumento-pietra-e-cemento.html#primaryimage","url":"https:\/\/www.versiegelung24.com\/wp-content\/uploads\/2020\/06\/produkt-3009-7637-1000-Monument-Stone-scaled.jpg","contentUrl":"https:\/\/www.versiegelung24.com\/wp-content\/uploads\/2020\/06\/produkt-3009-7637-1000-Monument-Stone-scaled.jpg","width":2560,"height":2560},{"@type":"BreadcrumbList","@id":"https:\/\/www.versiegelung24.com\/it\/sigillatura-ad-alte-prestazioni-in-pietra-monumento-pietra-e-cemento.html#breadcrumb","itemListElement":[{"@type":"ListItem","position":1,"name":"Homepage","item":"https:\/\/www.versiegelung24.com\/it\/fronte\/"},{"@type":"ListItem","position":2,"name":"Negozio","item":"https:\/\/www.versiegelung24.com\/it\/negozio\/"},{"@type":"ListItem","position":3,"name":"Monument Stone &#8211; Sigillante per vetro liquido in pietra e cemento"}]},{"@type":"WebSite","@id":"https:\/\/www.versiegelung24.com\/it\/#website","url":"https:\/\/www.versiegelung24.com\/it\/","name":"versiegelung24.com","description":"Fl\u00fcssigglas-Versiegelung - Made in Germany","publisher":{"@id":"https:\/\/www.versiegelung24.com\/it\/#organization"},"potentialAction":[{"@type":"SearchAction","target":{"@type":"EntryPoint","urlTemplate":"https:\/\/www.versiegelung24.com\/it\/?s={search_term_string}"},"query-input":{"@type":"PropertyValueSpecification","valueRequired":true,"valueName":"search_term_string"}}],"inLanguage":"it-IT"},{"@type":"Organization","@id":"https:\/\/www.versiegelung24.com\/it\/#organization","name":"versiegelung24","url":"https:\/\/www.versiegelung24.com\/it\/","logo":{"@type":"ImageObject","inLanguage":"it-IT","@id":"https:\/\/www.versiegelung24.com\/it\/#\/schema\/logo\/image\/","url":"https:\/\/www.versiegelung24.com\/wp-content\/uploads\/2020\/04\/versiegelung24.png","contentUrl":"https:\/\/www.versiegelung24.com\/wp-content\/uploads\/2020\/04\/versiegelung24.png","width":470,"height":102,"caption":"versiegelung24"},"image":{"@id":"https:\/\/www.versiegelung24.com\/it\/#\/schema\/logo\/image\/"}}]},"product_price_amount":"89.99","product_price_currency":"EUR","og_availability":"backorder","product_availability":"available for order","product_retailer_item_id":"3009-8637-1","product_condition":"new"},"_links":{"self":[{"href":"https:\/\/www.versiegelung24.com\/it\/wp-json\/wp\/v2\/product\/24115","targetHints":{"allow":["GET"]}}],"collection":[{"href":"https:\/\/www.versiegelung24.com\/it\/wp-json\/wp\/v2\/product"}],"about":[{"href":"https:\/\/www.versiegelung24.com\/it\/wp-json\/wp\/v2\/types\/product"}],"version-history":[{"count":22,"href":"https:\/\/www.versiegelung24.com\/it\/wp-json\/wp\/v2\/product\/24115\/revisions"}],"predecessor-version":[{"id":181043,"href":"https:\/\/www.versiegelung24.com\/it\/wp-json\/wp\/v2\/product\/24115\/revisions\/181043"}],"wp:featuredmedia":[{"embeddable":true,"href":"https:\/\/www.versiegelung24.com\/it\/wp-json\/wp\/v2\/media\/18145"}],"wp:attachment":[{"href":"https:\/\/www.versiegelung24.com\/it\/wp-json\/wp\/v2\/media?parent=24115"}],"wp:term":[{"taxonomy":"product_brand","embeddable":true,"href":"https:\/\/www.versiegelung24.com\/it\/wp-json\/wp\/v2\/product_brand?post=24115"},{"taxonomy":"product_cat","embeddable":true,"href":"https:\/\/www.versiegelung24.com\/it\/wp-json\/wp\/v2\/product_cat?post=24115"},{"taxonomy":"product_tag","embeddable":true,"href":"https:\/\/www.versiegelung24.com\/it\/wp-json\/wp\/v2\/product_tag?post=24115"}],"curies":[{"name":"wp","href":"https:\/\/api.w.org\/{rel}","templated":true}]}}