{"id":24612,"date":"2020-04-27T22:20:08","date_gmt":"2021-08-02T20:50:19","guid":{"rendered":"https:\/\/www.versiegelung24.com\/produkt\/wb-rapid-on-sigillante-e-finitura-per-vernice-auto-lucida-profonda"},"modified":"2025-01-04T00:05:16","modified_gmt":"2025-01-03T23:05:16","slug":"wb-rapid-on-deep-gloss-autolack-sigillante-finitore","status":"publish","type":"product","link":"https:\/\/www.versiegelung24.com\/it\/wb-rapid-on-deep-gloss-autolack-sigillante-finitore.html","title":{"rendered":"WB Rapid On &#8211; sigillante e finitura per vernice auto lucida profonda"},"content":{"rendered":"\n<p><strong>WB Rapid On: Sigillante e rifinitore lucido di qualit\u00e0 superiore, ideale per la verniciatura delle auto. <\/strong><strong><em>a base d&#8217;acqua &#8211; rapid on<\/em><\/strong><\/p>\n\n<p>Applicabile come &#8220;finitura&#8221; per<a href=\"https:\/\/www.versiegelung24.com\/muster-permanent-protector\/\"> Rivestimento in ceramica di fascia alta Permanent Protector<\/a> o<a href=\"https:\/\/www.versiegelung24.com\/autolack-spezial-politur-versiegelung-2in1\/\"> Lucidatura e sigillatura speciali per vernice per auto 2in1<\/a> .<\/p>\n\n<p>Numero articolo: 5002-7654<\/p>\n\n<p>Alta qualit\u00e0 Made in Germany<\/p>\n\n<p><strong>V24 WB Rapid On &#8211; sigillante e finitura per vernice auto lucida profonda<\/strong> crea uno strato ultrasottile sulla superficie attraverso il legame elettrostatico di miliardi di minuscole molecole di silicio, paragonabile all&#8217;effetto di minuscoli magneti che si legano tra loro e al sottosuolo. Di conseguenza, pori e capillari microscopici sono sigillati e le particelle di sporco e altre impurit\u00e0 non sono pi\u00f9 in grado di aderire allo strato ora molto pi\u00f9 liscio. Ci\u00f2 rende le superfici molto pi\u00f9 facili da pulire (\u201ceasy to clean\u201d), idrorepellenti (idrofobiche) e dall&#8217;effetto lucido.<\/p>\n\n<hr\/>\n\n<h4 class=\"wp-block-heading\" id=\"properties\">Caratteristiche del prodotto<\/h4>\n\n<div class=\"wp-block-columns is-layout-flex wp-container-core-columns-is-layout-9d6595d7 wp-block-columns-is-layout-flex\">\n<div class=\"wp-block-column is-layout-flow wp-block-column-is-layout-flow\">\n<ul class=\"wp-block-list\">\n<li>Effetto lucido<\/li>\n\n\n\n<li>Pu\u00f2 essere combinato come finitura lucida profonda per i nostri sigillanti a lungo termine<\/li>\n\n\n\n<li>Eccellente effetto di facile pulizia per lo sporco che aderisce, ad esempio da escrementi di uccelli, insetti e altre macchie aggressive, le superfici si sporcano molto pi\u00f9 lentamente<\/li>\n\n\n\n<li>Forte effetto idrofobico (idrorepellenza)<\/li>\n\n\n\n<li>Nanotecnologia SiO\u00b2<\/li>\n\n\n\n<li>A base d&#8217;acqua, senza solventi e inodore<\/li>\n\n\n\n<li>Resistente agli agenti chimici per la pulizia (fino a pH 10)<\/li>\n\n\n\n<li>Applicazione semplice<\/li>\n\n\n\n<li>Connessione pi\u00f9 stabile rispetto alle preparazioni a base di cera o olio di silicone<\/li>\n\n\n\n<li>Stabile ai raggi UV \/ resistente al gelo \/ resistente all&#8217;acqua salata \/ invisibile (spessore dello strato: 40-50 nm)<\/li>\n\n\n\n<li>Risparmio di costi, tempo ed energia grazie a cicli di pulizia prolungati<\/li>\n<\/ul>\n<\/div>\n\n\n\n<div class=\"wp-block-column is-layout-flow wp-block-column-is-layout-flow\">\n<ul id=\"block-cb512caf-6c3b-4dfc-8f82-809b2295b24e\" class=\"wp-block-list\">\n<li>Non tossico e non infiammabile<\/li>\n\n\n\n<li>Scadenza: 3 &#8211; 6 mesi (a seconda dell&#8217;uso)<\/li>\n\n\n\n<li>Superficie liscia come la seta, sensazione molto buona<\/li>\n\n\n\n<li>Resistente a quasi tutti gli acidi, solventi e detergenti per la casa alcalini<\/li>\n\n\n\n<li>Molto pi\u00f9 stabile delle cere o dei prodotti a base di olio di silicone<\/li>\n\n\n\n<li>Facilmente biodegradabile (secondo i criteri OCSE)<\/li>\n\n\n\n<li>Elevata resistenza all&#8217;abrasione contro le particelle trasportate dal vento<\/li>\n\n\n\n<li>Resistente alla temperatura da -40 a + 200 \u00b0 C<\/li>\n\n\n\n<li>ph resistente da 1-10<\/li>\n\n\n\n<li>Non citotossico secondo ISO 10993-5 + 12<\/li>\n\n\n\n<li>Densit\u00e0 circa 1,00 g \/ cm\u00b3<\/li>\n\n\n\n<li>Spessore dello strato: circa 40-50 nm<\/li>\n\n\n\n<li>VOC free (nessuna merce pericolosa)<\/li>\n\n\n\n<li>Forti propriet\u00e0 antiaderenti (le superfici si sporcano molto pi\u00f9 lentamente)<\/li>\n<\/ul>\n<\/div>\n<\/div>\n\n<div class=\"wp-block-columns is-layout-flex wp-container-core-columns-is-layout-9d6595d7 wp-block-columns-is-layout-flex\">\n<div class=\"wp-block-column is-layout-flow wp-block-column-is-layout-flow\">\n<p><br\/><br\/><br\/><br\/><br\/><br\/>C<strong>aratteristiche sintetiche<\/strong> Temperatura di applicazione: 0 &#8211; 45\u00b0C m\u00b2 per litro: 100m\u00b2 Durata di conservazione del sigillante: 3-6 mesi Durata di conservazione del liquido: fino a 1 anno Temperatura di conservazione: 0 &#8211; 30\u00b0C (al riparo dalla luce solare) Tempo di indurimento: 5 minuti, la superficie pu\u00f2 essere utilizzata subito<\/p>\n\n\n\n<p><br\/><br\/>C<strong>ontenuto della fornitura<\/strong>: 1 bottiglia da litro 1 descrizione del prodotto<\/p>\n<\/div>\n\n\n\n<div class=\"wp-block-column is-layout-flow wp-block-column-is-layout-flow\">\n<p><br\/><br\/><br\/><br\/>T<strong>est<\/strong> SMI Test di corrosione a sandwich, secondo ASTM F 1110 Test di screpolatura acrilica, secondo ASTM F 484 Test di rammollimento della vernice di tipo C, secondo ASTM F 502 Test di infragilimento da idrogeno, secondo ASTM F 519-93<\/p>\n\n\n\n<p><br\/>Certificato Boeing DuPont\u2122 Marine Finishes:<strong>WB Rapid On &#8211; Deep Gloss Sealer &amp; Finisher<\/strong> \u00e8 stato sottoposto a yacht test su DuPont\u2122 Marine Finishes Topgloss SF e DP6940 Imron\u00ae Super Flow HS Clear Coat. Non \u00e8 stato osservato alcun effetto negativo sui rivestimenti.<\/p>\n\n\n\n<p>Numero tariffa doganale: 3402 9090, nessuna merce pericolosa (NDG)<\/p>\n<\/div>\n<\/div>\n\n<hr\/>\n\n<h4 class=\"wp-block-heading\" id=\"application\">Applicazione<\/h4>\n\n<p><strong>V24 WB Rapid On &#8211; sigillante e finitura per vernice auto lucida profonda<\/strong> pu\u00f2 essere applicato in modo ottimale a<strong> :<\/strong><\/p>\n\n<p><br\/><br\/>&#8211; Vernice per auto (come sigillante a s\u00e9 stante o come &#8220;finitura&#8221; dei nostri sigillanti 640 e 660; con un litro puoi sigillare circa 8-10 auto) &#8211; Barche &#8211; In casa, ad es.<br\/><br\/><br\/><br\/><br\/><br\/><br\/>per cabine doccia, finestre e telai di porte &#8211; superfici in acciaio inox &#8211; superfici verniciate e metalliche &#8211; vetro &#8211; materiali sintetici &#8211; gomma &#8211; cromo &#8211; visiere (visiere di sci e moto, soprattutto se si vogliono evitare i sigillanti a base di solventi)<\/p>\n","protected":false},"excerpt":{"rendered":"<p><strong>Sigillante e finisher lucido di alta qualit\u00e0<\/strong><\/p>\n<p>\u2713 ideale per vernici per auto<\/p>\n<p><em>\u2713<\/em> <em>a base d&#8217;acqua &#8211; rapido<\/em><\/p>\n","protected":false},"featured_media":18395,"template":"","meta":{"_acf_changed":false,"neve_meta_sidebar":"","neve_meta_container":"","neve_meta_enable_content_width":"","neve_meta_content_width":0,"neve_meta_title_alignment":"","neve_meta_author_avatar":"","neve_post_elements_order":"","neve_meta_disable_header":"","neve_meta_disable_footer":"","neve_meta_disable_title":"","neve_meta_reading_time":"","_surfaces":[],"_ver_product_tabs":[],"footnotes":""},"product_brand":[],"product_cat":[2215],"product_tag":[],"class_list":{"0":"post-24612","1":"product","2":"type-product","3":"status-publish","4":"has-post-thumbnail","6":"product_cat-sigillatura-dellauto","8":"first","9":"instock","10":"taxable","11":"shipping-taxable","12":"purchasable","13":"product-type-simple"},"acf":[],"yoast_head":"<!-- This site is optimized with the Yoast SEO Premium plugin v22.8 (Yoast SEO v27.5) - https:\/\/yoast.com\/product\/yoast-seo-premium-wordpress\/ -->\n<title>WB Rapid On - sigillante e finitura per vernice auto lucida profonda - versiegelung24.com<\/title>\n<meta name=\"robots\" content=\"index, follow, max-snippet:-1, max-image-preview:large, max-video-preview:-1\" \/>\n<link rel=\"canonical\" href=\"https:\/\/www.versiegelung24.com\/it\/wb-rapid-on-deep-gloss-autolack-sigillante-finitore.html\" \/>\n<meta property=\"og:locale\" content=\"it_IT\" \/>\n<meta property=\"og:type\" content=\"article\" \/>\n<meta property=\"og:title\" content=\"WB Rapid On - sigillante e finitura per vernice auto lucida profonda\" \/>\n<meta property=\"og:description\" content=\"Sigillante e finisher lucido di alta qualit\u00e0 \u2713 ideale per vernici per auto \u2713 a base d&#039;acqua - rapido\" \/>\n<meta property=\"og:url\" content=\"https:\/\/www.versiegelung24.com\/it\/wb-rapid-on-deep-gloss-autolack-sigillante-finitore.html\" \/>\n<meta property=\"og:site_name\" content=\"versiegelung24.com\" \/>\n<meta property=\"article:modified_time\" content=\"2025-01-03T23:05:16+00:00\" \/>\n<meta property=\"og:image\" content=\"https:\/\/www.versiegelung24.com\/wp-content\/uploads\/2020\/06\/produkt-5002-7654-1000-WB-Rapid-On-scaled.jpg\" \/>\n\t<meta property=\"og:image:width\" content=\"2560\" \/>\n\t<meta property=\"og:image:height\" content=\"2560\" \/>\n\t<meta property=\"og:image:type\" content=\"image\/jpeg\" \/>\n<meta name=\"twitter:card\" content=\"summary_large_image\" \/>\n<meta name=\"twitter:label1\" content=\"Prezzo\" \/>\n\t<meta name=\"twitter:data1\" content=\"69,00&euro;\" \/>\n\t<meta name=\"twitter:label2\" content=\"Disponibilit\u00e0\" \/>\n\t<meta name=\"twitter:data2\" content=\"In stock\" \/>\n<script type=\"application\/ld+json\" class=\"yoast-schema-graph\">{\"@context\":\"https:\\\/\\\/schema.org\",\"@graph\":[{\"@type\":\"WebPage\",\"@id\":\"https:\\\/\\\/www.versiegelung24.com\\\/it\\\/wb-rapid-on-deep-gloss-autolack-sigillante-finitore.html\",\"url\":\"https:\\\/\\\/www.versiegelung24.com\\\/it\\\/wb-rapid-on-deep-gloss-autolack-sigillante-finitore.html\",\"name\":\"WB Rapid On - sigillante e finitura per vernice auto lucida profonda - versiegelung24.com\",\"isPartOf\":{\"@id\":\"https:\\\/\\\/www.versiegelung24.com\\\/it\\\/#website\"},\"primaryImageOfPage\":{\"@id\":\"https:\\\/\\\/www.versiegelung24.com\\\/it\\\/wb-rapid-on-deep-gloss-autolack-sigillante-finitore.html#primaryimage\"},\"image\":{\"@id\":\"https:\\\/\\\/www.versiegelung24.com\\\/it\\\/wb-rapid-on-deep-gloss-autolack-sigillante-finitore.html#primaryimage\"},\"thumbnailUrl\":\"https:\\\/\\\/www.versiegelung24.com\\\/wp-content\\\/uploads\\\/2020\\\/06\\\/produkt-5002-7654-1000-WB-Rapid-On-scaled.jpg\",\"datePublished\":\"2021-08-02T20:50:19+00:00\",\"dateModified\":\"2025-01-03T23:05:16+00:00\",\"breadcrumb\":{\"@id\":\"https:\\\/\\\/www.versiegelung24.com\\\/it\\\/wb-rapid-on-deep-gloss-autolack-sigillante-finitore.html#breadcrumb\"},\"inLanguage\":\"it-IT\",\"potentialAction\":[{\"@type\":\"ReadAction\",\"target\":[\"https:\\\/\\\/www.versiegelung24.com\\\/it\\\/wb-rapid-on-deep-gloss-autolack-sigillante-finitore.html\"]}]},{\"@type\":\"ImageObject\",\"inLanguage\":\"it-IT\",\"@id\":\"https:\\\/\\\/www.versiegelung24.com\\\/it\\\/wb-rapid-on-deep-gloss-autolack-sigillante-finitore.html#primaryimage\",\"url\":\"https:\\\/\\\/www.versiegelung24.com\\\/wp-content\\\/uploads\\\/2020\\\/06\\\/produkt-5002-7654-1000-WB-Rapid-On-scaled.jpg\",\"contentUrl\":\"https:\\\/\\\/www.versiegelung24.com\\\/wp-content\\\/uploads\\\/2020\\\/06\\\/produkt-5002-7654-1000-WB-Rapid-On-scaled.jpg\",\"width\":2560,\"height\":2560},{\"@type\":\"BreadcrumbList\",\"@id\":\"https:\\\/\\\/www.versiegelung24.com\\\/it\\\/wb-rapid-on-deep-gloss-autolack-sigillante-finitore.html#breadcrumb\",\"itemListElement\":[{\"@type\":\"ListItem\",\"position\":1,\"name\":\"Homepage\",\"item\":\"https:\\\/\\\/www.versiegelung24.com\\\/it\\\/fronte\\\/\"},{\"@type\":\"ListItem\",\"position\":2,\"name\":\"Negozio\",\"item\":\"https:\\\/\\\/www.versiegelung24.com\\\/it\\\/negozio\\\/\"},{\"@type\":\"ListItem\",\"position\":3,\"name\":\"WB Rapid On &#8211; sigillante e finitura per vernice auto lucida profonda\"}]},{\"@type\":\"WebSite\",\"@id\":\"https:\\\/\\\/www.versiegelung24.com\\\/it\\\/#website\",\"url\":\"https:\\\/\\\/www.versiegelung24.com\\\/it\\\/\",\"name\":\"versiegelung24.com\",\"description\":\"Fl\u00fcssigglas-Versiegelung - Made in Germany\",\"publisher\":{\"@id\":\"https:\\\/\\\/www.versiegelung24.com\\\/it\\\/#organization\"},\"potentialAction\":[{\"@type\":\"SearchAction\",\"target\":{\"@type\":\"EntryPoint\",\"urlTemplate\":\"https:\\\/\\\/www.versiegelung24.com\\\/it\\\/?s={search_term_string}\"},\"query-input\":{\"@type\":\"PropertyValueSpecification\",\"valueRequired\":true,\"valueName\":\"search_term_string\"}}],\"inLanguage\":\"it-IT\"},{\"@type\":\"Organization\",\"@id\":\"https:\\\/\\\/www.versiegelung24.com\\\/it\\\/#organization\",\"name\":\"versiegelung24\",\"url\":\"https:\\\/\\\/www.versiegelung24.com\\\/it\\\/\",\"logo\":{\"@type\":\"ImageObject\",\"inLanguage\":\"it-IT\",\"@id\":\"https:\\\/\\\/www.versiegelung24.com\\\/it\\\/#\\\/schema\\\/logo\\\/image\\\/\",\"url\":\"https:\\\/\\\/www.versiegelung24.com\\\/wp-content\\\/uploads\\\/2020\\\/04\\\/versiegelung24.png\",\"contentUrl\":\"https:\\\/\\\/www.versiegelung24.com\\\/wp-content\\\/uploads\\\/2020\\\/04\\\/versiegelung24.png\",\"width\":470,\"height\":102,\"caption\":\"versiegelung24\"},\"image\":{\"@id\":\"https:\\\/\\\/www.versiegelung24.com\\\/it\\\/#\\\/schema\\\/logo\\\/image\\\/\"}}]}<\/script>\n<meta property=\"product:price:amount\" content=\"69.00\" \/>\n<meta property=\"product:price:currency\" content=\"EUR\" \/>\n<meta property=\"og:availability\" content=\"instock\" \/>\n<meta property=\"product:availability\" content=\"instock\" \/>\n<meta property=\"product:retailer_item_id\" content=\"5002-7654-1000\" \/>\n<meta property=\"product:condition\" content=\"new\" \/>\n<!-- \/ Yoast SEO Premium plugin. -->","yoast_head_json":{"title":"WB Rapid On - sigillante e finitura per vernice auto lucida profonda - versiegelung24.com","robots":{"index":"index","follow":"follow","max-snippet":"max-snippet:-1","max-image-preview":"max-image-preview:large","max-video-preview":"max-video-preview:-1"},"canonical":"https:\/\/www.versiegelung24.com\/it\/wb-rapid-on-deep-gloss-autolack-sigillante-finitore.html","og_locale":"it_IT","og_type":"article","og_title":"WB Rapid On - sigillante e finitura per vernice auto lucida profonda","og_description":"Sigillante e finisher lucido di alta qualit\u00e0 \u2713 ideale per vernici per auto \u2713 a base d'acqua - rapido","og_url":"https:\/\/www.versiegelung24.com\/it\/wb-rapid-on-deep-gloss-autolack-sigillante-finitore.html","og_site_name":"versiegelung24.com","article_modified_time":"2025-01-03T23:05:16+00:00","og_image":[{"width":2560,"height":2560,"url":"https:\/\/www.versiegelung24.com\/wp-content\/uploads\/2020\/06\/produkt-5002-7654-1000-WB-Rapid-On-scaled.jpg","type":"image\/jpeg"}],"twitter_card":"summary_large_image","twitter_misc":{"Prezzo":"69,00&euro;","Disponibilit\u00e0":"In stock"},"schema":{"@context":"https:\/\/schema.org","@graph":[{"@type":"WebPage","@id":"https:\/\/www.versiegelung24.com\/it\/wb-rapid-on-deep-gloss-autolack-sigillante-finitore.html","url":"https:\/\/www.versiegelung24.com\/it\/wb-rapid-on-deep-gloss-autolack-sigillante-finitore.html","name":"WB Rapid On - sigillante e finitura per vernice auto lucida profonda - versiegelung24.com","isPartOf":{"@id":"https:\/\/www.versiegelung24.com\/it\/#website"},"primaryImageOfPage":{"@id":"https:\/\/www.versiegelung24.com\/it\/wb-rapid-on-deep-gloss-autolack-sigillante-finitore.html#primaryimage"},"image":{"@id":"https:\/\/www.versiegelung24.com\/it\/wb-rapid-on-deep-gloss-autolack-sigillante-finitore.html#primaryimage"},"thumbnailUrl":"https:\/\/www.versiegelung24.com\/wp-content\/uploads\/2020\/06\/produkt-5002-7654-1000-WB-Rapid-On-scaled.jpg","datePublished":"2021-08-02T20:50:19+00:00","dateModified":"2025-01-03T23:05:16+00:00","breadcrumb":{"@id":"https:\/\/www.versiegelung24.com\/it\/wb-rapid-on-deep-gloss-autolack-sigillante-finitore.html#breadcrumb"},"inLanguage":"it-IT","potentialAction":[{"@type":"ReadAction","target":["https:\/\/www.versiegelung24.com\/it\/wb-rapid-on-deep-gloss-autolack-sigillante-finitore.html"]}]},{"@type":"ImageObject","inLanguage":"it-IT","@id":"https:\/\/www.versiegelung24.com\/it\/wb-rapid-on-deep-gloss-autolack-sigillante-finitore.html#primaryimage","url":"https:\/\/www.versiegelung24.com\/wp-content\/uploads\/2020\/06\/produkt-5002-7654-1000-WB-Rapid-On-scaled.jpg","contentUrl":"https:\/\/www.versiegelung24.com\/wp-content\/uploads\/2020\/06\/produkt-5002-7654-1000-WB-Rapid-On-scaled.jpg","width":2560,"height":2560},{"@type":"BreadcrumbList","@id":"https:\/\/www.versiegelung24.com\/it\/wb-rapid-on-deep-gloss-autolack-sigillante-finitore.html#breadcrumb","itemListElement":[{"@type":"ListItem","position":1,"name":"Homepage","item":"https:\/\/www.versiegelung24.com\/it\/fronte\/"},{"@type":"ListItem","position":2,"name":"Negozio","item":"https:\/\/www.versiegelung24.com\/it\/negozio\/"},{"@type":"ListItem","position":3,"name":"WB Rapid On &#8211; sigillante e finitura per vernice auto lucida profonda"}]},{"@type":"WebSite","@id":"https:\/\/www.versiegelung24.com\/it\/#website","url":"https:\/\/www.versiegelung24.com\/it\/","name":"versiegelung24.com","description":"Fl\u00fcssigglas-Versiegelung - Made in Germany","publisher":{"@id":"https:\/\/www.versiegelung24.com\/it\/#organization"},"potentialAction":[{"@type":"SearchAction","target":{"@type":"EntryPoint","urlTemplate":"https:\/\/www.versiegelung24.com\/it\/?s={search_term_string}"},"query-input":{"@type":"PropertyValueSpecification","valueRequired":true,"valueName":"search_term_string"}}],"inLanguage":"it-IT"},{"@type":"Organization","@id":"https:\/\/www.versiegelung24.com\/it\/#organization","name":"versiegelung24","url":"https:\/\/www.versiegelung24.com\/it\/","logo":{"@type":"ImageObject","inLanguage":"it-IT","@id":"https:\/\/www.versiegelung24.com\/it\/#\/schema\/logo\/image\/","url":"https:\/\/www.versiegelung24.com\/wp-content\/uploads\/2020\/04\/versiegelung24.png","contentUrl":"https:\/\/www.versiegelung24.com\/wp-content\/uploads\/2020\/04\/versiegelung24.png","width":470,"height":102,"caption":"versiegelung24"},"image":{"@id":"https:\/\/www.versiegelung24.com\/it\/#\/schema\/logo\/image\/"}}]},"product_price_amount":"69.00","product_price_currency":"EUR","og_availability":"instock","product_availability":"instock","product_retailer_item_id":"5002-7654-1000","product_condition":"new"},"_links":{"self":[{"href":"https:\/\/www.versiegelung24.com\/it\/wp-json\/wp\/v2\/product\/24612","targetHints":{"allow":["GET"]}}],"collection":[{"href":"https:\/\/www.versiegelung24.com\/it\/wp-json\/wp\/v2\/product"}],"about":[{"href":"https:\/\/www.versiegelung24.com\/it\/wp-json\/wp\/v2\/types\/product"}],"version-history":[{"count":10,"href":"https:\/\/www.versiegelung24.com\/it\/wp-json\/wp\/v2\/product\/24612\/revisions"}],"predecessor-version":[{"id":174283,"href":"https:\/\/www.versiegelung24.com\/it\/wp-json\/wp\/v2\/product\/24612\/revisions\/174283"}],"wp:featuredmedia":[{"embeddable":true,"href":"https:\/\/www.versiegelung24.com\/it\/wp-json\/wp\/v2\/media\/18395"}],"wp:attachment":[{"href":"https:\/\/www.versiegelung24.com\/it\/wp-json\/wp\/v2\/media?parent=24612"}],"wp:term":[{"taxonomy":"product_brand","embeddable":true,"href":"https:\/\/www.versiegelung24.com\/it\/wp-json\/wp\/v2\/product_brand?post=24612"},{"taxonomy":"product_cat","embeddable":true,"href":"https:\/\/www.versiegelung24.com\/it\/wp-json\/wp\/v2\/product_cat?post=24612"},{"taxonomy":"product_tag","embeddable":true,"href":"https:\/\/www.versiegelung24.com\/it\/wp-json\/wp\/v2\/product_tag?post=24612"}],"curies":[{"name":"wp","href":"https:\/\/api.w.org\/{rel}","templated":true}]}}