{"id":24692,"date":"2020-04-04T18:53:45","date_gmt":"2021-08-02T20:58:01","guid":{"rendered":"https:\/\/www.versiegelung24.com\/produkt\/sigillatura-di-cemento-e-pietra-di-alta-qualita-idrorepellenza-estrema-non-traspirante"},"modified":"2025-01-04T00:12:17","modified_gmt":"2025-01-03T23:12:17","slug":"premium-cemento-pietra-sigillatura-estrema-idrorepellenza-non-traspirante","status":"publish","type":"product","link":"https:\/\/www.versiegelung24.com\/it\/premium-cemento-pietra-sigillatura-estrema-idrorepellenza-non-traspirante.html","title":{"rendered":"Sigillatura di cemento e pietra di alta qualit\u00e0 con approfondimento del colore &#8211; non traspirante"},"content":{"rendered":"\n<p>La nostra sigillatura premium per calcestruzzo e pietra protegge in modo efficace e permanente le superfici dagli influssi esterni e contrasta chiaramente la penetrazione di olio, grassi, caff\u00e8 e vino rosso. Inoltre, il rivestimento protettivo in lacca trasparente lascia una pellicola lucida che intensifica il colore che esalta visibilmente la superficie trattata.<\/p>\n\n<hr\/>\n\n<h4 class=\"wp-block-heading\" id=\"video\"><strong>Video di esercitazione: protezione efficace delle figure e delle sculture in pietra nel giardino dagli influssi ambientali<\/strong><\/h4>\n\n<figure class=\"wp-block-embed aligncenter is-type-video is-provider-youtube wp-block-embed-youtube wp-embed-aspect-16-9 wp-has-aspect-ratio\"><div class=\"wp-block-embed__wrapper\"> \n<div class=\"nv-iframe-embed\"><iframe title=\"Steinfiguren &amp; Steinskulpturen wetterfest machen - Versiegelung \/ Impr\u00e4gnierung mit Farbvertiefung\" width=\"1200\" height=\"675\" src=\"https:\/\/www.youtube.com\/embed\/sSjv-OlqOgI?feature=oembed\" frameborder=\"0\" allow=\"accelerometer; autoplay; clipboard-write; encrypted-media; gyroscope; picture-in-picture\" allowfullscreen><\/iframe><\/div>\n <\/div><\/figure>\n\n<hr\/>\n\n<h4 class=\"wp-block-heading\" id=\"properties\">Caratteristiche del prodotto<\/h4>\n\n<div class=\"wp-block-columns is-layout-flex wp-container-core-columns-is-layout-9d6595d7 wp-block-columns-is-layout-flex\">\n<div class=\"wp-block-column is-layout-flow wp-block-column-is-layout-flow\">\n<p>\u2713 Efficace protezione permanente della superficie contro acqua, sporco e agenti atmosferici<\/p>\n\n\n\n<p>\u2713 previene la crescita di muschi, licheni, funghi e altre influenze naturali<\/p>\n\n\n\n<p>\u2713 Rivestimento in vernice trasparente al 100% contenente solidi<\/p>\n\n\n\n<p>\u2713 elevata resistenza all&#8217;abrasione grazie alla nanotecnologia SiO\u00b2<\/p>\n\n\n\n<p>\u2713 le superfici trattate non sono traspiranti<\/p>\n\n\n\n<p>\u2713 Effetto di approfondimento del colore con un film lucido \/ miglioramento della superficie<\/p>\n\n\n\n<p>\u2713 idrofobicit\u00e0 molto forte<\/p>\n\n\n\n<p>\u2713 Significativa riduzione della penetrazione di olio e grassi, caff\u00e8, vino rosso<\/p>\n\n\n\n<p>\u2713 Resistente al gelo (ghiaccio e neve non lo danneggiano)<\/p>\n\n\n\n<p>\u2713 Stabile ai raggi UV<\/p>\n\n\n\n<p>\u2713 Effetto facile da pulire: sporco<\/p>\n\n\n\n<p>\u2713 Resistente alla temperatura fino a 1.000\u00b0C (con esposizione a breve termine)<\/p>\n\n\n\n<p><\/p>\n\n\n\n<p><br\/>Contenuto della fornitura: 1 bottiglia da litro<\/p>\n<\/div>\n\n\n\n<div class=\"wp-block-column is-layout-flow wp-block-column-is-layout-flow\">\n<p><strong>Nano-rivestimento altamente efficace, altamente idrorepellente e resistente all&#8217;abrasione per tutte le superfici minerali assorbenti.<\/strong><\/p>\n\n\n\n<p>Non traspirante<\/p>\n\n\n\n<p>Numero articolo: 3008-704<\/p>\n\n\n\n<p>Alta qualit\u00e0 Made in Germany<\/p>\n\n\n\n<p><strong>la sicurezza dei prodotti<\/strong><\/p>\n\n\n\n<p>Informazioni sulla classificazione del prodotto nell&#8217;ambito dell&#8217;ordinanza sulle sostanze pericolose, dati di sicurezza e dati sulla tossicologia e sullo stoccaggio sono disponibili nella nostra scheda di dati di sicurezza.<\/p>\n\n\n\n<p>Prestare attenzione a dispositivi di protezione adeguati durante l&#8217;uso. Al momento dell&#8217;ordine si consiglia di indossare adeguate maschere respiratorie e guanti di gomma.<\/p>\n\n\n\n<p>In caso di contatto con la pelle, lavare accuratamente le aree con acqua e sapone.<\/p>\n\n\n\n<p><strong>Conservazione<\/strong><\/p>\n\n\n\n<p>V24 Concrete and Stone Sealing Extreme pu\u00f2 essere conservato per almeno 12 mesi nel contenitore originale chiuso a temperature di stoccaggio comprese tra +5 e +25\u00b0C.<\/p>\n\n\n\n<p>I contenitori aperti devono essere utilizzati con breve preavviso.<\/p>\n\n\n\n<p>Un periodo di conservazione pi\u00f9 lungo non significa necessariamente che il prodotto sia inutilizzabile, ma le propriet\u00e0 desiderate per l&#8217;applicazione prevista devono essere verificate nell&#8217;interesse della garanzia della qualit\u00e0.<\/p>\n<\/div>\n<\/div>\n\n<hr\/>\n\n<h4 class=\"wp-block-heading\" id=\"application\">Applicazione<\/h4>\n\n<div class=\"wp-block-columns is-layout-flex wp-container-core-columns-is-layout-9d6595d7 wp-block-columns-is-layout-flex\">\n<div class=\"wp-block-column is-layout-flow wp-block-column-is-layout-flow\">\n<ul class=\"wp-block-list\">\n<li><strong>V24 cemento e pietra sigillatura estrema<\/strong> viene consegnato pronto all&#8217;uso e viene applicato non diluito sulla superficie pre-pulita e asciugata. A seconda dell&#8217;applicazione \u00e8 possibile una diluizione con alcool.<\/li>\n<\/ul>\n\n\n\n<ul class=\"wp-block-list\">\n<li>Tutte le superfici da trattare devono essere asciutte e ben pulite, poich\u00e9 questo \u00e8 l&#8217;unico modo per garantire una penetrazione profonda del sigillante, che ha un effetto ottimale a lungo termine e in profondit\u00e0.<\/li>\n<\/ul>\n\n\n\n<ul class=\"wp-block-list\">\n<li>Dopo l&#8217;applicazione, il <strong><strong>V24 Concrete and Stone Sealer extreme<\/strong><\/strong> deve rimanere a contatto con la superficie per alcuni secondi sotto forma di pellicola liquida.<\/li>\n<\/ul>\n\n\n\n<ul class=\"wp-block-list\">\n<li>Il rivestimento \u00e8 completamente reticolato e polimerizzato dopo 24 ore.<\/li>\n<\/ul>\n\n\n\n<p>Una descrizione dettagliata dell&#8217;applicazione pu\u00f2 essere trovata nella nostra scheda tecnica<\/p>\n<\/div>\n\n\n\n<div class=\"wp-block-column is-layout-flow wp-block-column-is-layout-flow\">\n<p>Vernice protettiva trasparente per tutte le superfici minerali, assorbenti in calcestruzzo e pietra, per interni ed esterni.<\/p>\n\n\n\n<p>\u2713 Calcestruzzo (blocchi di cemento, pavimentazione in cemento, scale, pavimenti di garage e officine, aree in cemento a vista &#8230;)<\/p>\n\n\n\n<p>\u2713 Pietra (pietra naturale, lastricato, granito, pietra arenaria calcarea, ardesia, muratura, vialetti&#8230;)<\/p>\n\n\n\n<p><strong>Importante:<\/strong> l&#8217;uso \u00e8 limitato su superfici molto lucide con basso assorbimento, poich\u00e9 qui non pu\u00f2 avvenire un incollaggio ottimale. Se necessario, la superficie deve essere irruvidita preventivamente (60-100 carta vetrata a seconda della superficie) e applicato uno strato di primer (1\/3 alcool 2\/3 sigillante). Quindi dopo circa 30 minuti la sigillatura non diluita.<\/p>\n\n\n\n<p>Il consumo dipende dall&#8217;assorbimento del supporto circa 10-40m\u00b2\/litro.<\/p>\n<\/div>\n<\/div>\n","protected":false},"excerpt":{"rendered":"<p><strong>Trasparente estremamente idrorepellente per interni ed esterni<\/strong>  <\/p>\n<p>\u2713 per tutte le superfici assorbenti in pietra minerale e cemento<\/p>\n<p>\u2713 Effetto facile da pulire: lo sporco non aderisce e si rimuove facilmente<\/p>\n<p>\u2713 le superfici trattate non sono traspiranti<\/p>\n<p>\u2713 Previene la crescita di muschi, licheni, funghi e altre influenze naturali<\/p>\n<p>\u2713 Effetto di approfondimento del colore con un film lucido \/ miglioramento della superficie<\/p>\n<p>\u2713 Durata di conservazione: fino a 5 anni+.<\/p>\n","protected":false},"featured_media":18109,"template":"","meta":{"_acf_changed":false,"neve_meta_sidebar":"","neve_meta_container":"","neve_meta_enable_content_width":"","neve_meta_content_width":0,"neve_meta_title_alignment":"","neve_meta_author_avatar":"","neve_post_elements_order":"","neve_meta_disable_header":"","neve_meta_disable_footer":"","neve_meta_disable_title":"","neve_meta_reading_time":"","_surfaces":[],"_ver_product_tabs":[],"footnotes":""},"product_brand":[],"product_cat":[2265],"product_tag":[],"class_list":{"0":"post-24692","1":"product","2":"type-product","3":"status-publish","4":"has-post-thumbnail","6":"product_cat-sigillatura-in-pietra-e-cemento","7":"pa_gebinde-flacone-da-1000-ml","8":"pa_gebinde-tanica-da-20l","10":"first","11":"instock","12":"taxable","13":"shipping-taxable","14":"purchasable","15":"product-type-variable","16":"has-default-attributes"},"acf":[],"yoast_head":"<!-- This site is optimized with the Yoast SEO Premium plugin v22.8 (Yoast SEO v27.5) - https:\/\/yoast.com\/product\/yoast-seo-premium-wordpress\/ -->\n<title>Sigillatura premium per calcestruzzo e pietra con approfondimento del colore - versiegelung24<\/title>\n<meta name=\"description\" content=\"Sigillatura di cemento e pietra di alta qualit\u00e0: scopri di pi\u00f9 sulla nostra sigillatura di cemento e pietra di alta qualit\u00e0 con nanotecnologia e approfondimento del colore\" \/>\n<meta name=\"robots\" content=\"index, follow, max-snippet:-1, max-image-preview:large, max-video-preview:-1\" \/>\n<link rel=\"canonical\" href=\"https:\/\/www.versiegelung24.com\/it\/premium-cemento-pietra-sigillatura-estrema-idrorepellenza-non-traspirante.html\" \/>\n<meta property=\"og:locale\" content=\"it_IT\" \/>\n<meta property=\"og:type\" content=\"article\" \/>\n<meta property=\"og:title\" content=\"Sigillatura di cemento e pietra di alta qualit\u00e0 con approfondimento del colore - non traspirante\" \/>\n<meta property=\"og:description\" content=\"Sigillatura di cemento e pietra di alta qualit\u00e0: scopri di pi\u00f9 sulla nostra sigillatura di cemento e pietra di alta qualit\u00e0 con nanotecnologia e approfondimento del colore\" \/>\n<meta property=\"og:url\" content=\"https:\/\/www.versiegelung24.com\/it\/premium-cemento-pietra-sigillatura-estrema-idrorepellenza-non-traspirante.html\" \/>\n<meta property=\"og:site_name\" content=\"versiegelung24.com\" \/>\n<meta property=\"article:modified_time\" content=\"2025-01-03T23:12:17+00:00\" \/>\n<meta property=\"og:image\" content=\"https:\/\/www.versiegelung24.com\/wp-content\/uploads\/2020\/06\/produkt-3008-704-1000-Beton-Stein-Versiegelung-extreme-Wasserabweisung-nicht-atmungsaktiv-scaled.jpg\" \/>\n\t<meta property=\"og:image:width\" content=\"2560\" \/>\n\t<meta property=\"og:image:height\" content=\"2560\" \/>\n\t<meta property=\"og:image:type\" content=\"image\/jpeg\" \/>\n<meta name=\"twitter:card\" content=\"summary_large_image\" \/>\n<meta name=\"twitter:label1\" content=\"Disponibilit\u00e0\" \/>\n\t<meta name=\"twitter:data1\" content=\"In stock\" \/>\n<script type=\"application\/ld+json\" class=\"yoast-schema-graph\">{\"@context\":\"https:\\\/\\\/schema.org\",\"@graph\":[{\"@type\":\"WebPage\",\"@id\":\"https:\\\/\\\/www.versiegelung24.com\\\/it\\\/premium-cemento-pietra-sigillatura-estrema-idrorepellenza-non-traspirante.html\",\"url\":\"https:\\\/\\\/www.versiegelung24.com\\\/it\\\/premium-cemento-pietra-sigillatura-estrema-idrorepellenza-non-traspirante.html\",\"name\":\"Sigillatura premium per calcestruzzo e pietra con approfondimento del colore - versiegelung24\",\"isPartOf\":{\"@id\":\"https:\\\/\\\/www.versiegelung24.com\\\/it\\\/#website\"},\"primaryImageOfPage\":{\"@id\":\"https:\\\/\\\/www.versiegelung24.com\\\/it\\\/premium-cemento-pietra-sigillatura-estrema-idrorepellenza-non-traspirante.html#primaryimage\"},\"image\":{\"@id\":\"https:\\\/\\\/www.versiegelung24.com\\\/it\\\/premium-cemento-pietra-sigillatura-estrema-idrorepellenza-non-traspirante.html#primaryimage\"},\"thumbnailUrl\":\"https:\\\/\\\/www.versiegelung24.com\\\/wp-content\\\/uploads\\\/2020\\\/06\\\/produkt-3008-704-1000-Beton-Stein-Versiegelung-extreme-Wasserabweisung-nicht-atmungsaktiv-scaled.jpg\",\"datePublished\":\"2021-08-02T20:58:01+00:00\",\"dateModified\":\"2025-01-03T23:12:17+00:00\",\"description\":\"Sigillatura di cemento e pietra di alta qualit\u00e0: scopri di pi\u00f9 sulla nostra sigillatura di cemento e pietra di alta qualit\u00e0 con nanotecnologia e approfondimento del colore\",\"breadcrumb\":{\"@id\":\"https:\\\/\\\/www.versiegelung24.com\\\/it\\\/premium-cemento-pietra-sigillatura-estrema-idrorepellenza-non-traspirante.html#breadcrumb\"},\"inLanguage\":\"it-IT\",\"potentialAction\":[{\"@type\":\"ReadAction\",\"target\":[\"https:\\\/\\\/www.versiegelung24.com\\\/it\\\/premium-cemento-pietra-sigillatura-estrema-idrorepellenza-non-traspirante.html\"]}]},{\"@type\":\"ImageObject\",\"inLanguage\":\"it-IT\",\"@id\":\"https:\\\/\\\/www.versiegelung24.com\\\/it\\\/premium-cemento-pietra-sigillatura-estrema-idrorepellenza-non-traspirante.html#primaryimage\",\"url\":\"https:\\\/\\\/www.versiegelung24.com\\\/wp-content\\\/uploads\\\/2020\\\/06\\\/produkt-3008-704-1000-Beton-Stein-Versiegelung-extreme-Wasserabweisung-nicht-atmungsaktiv-scaled.jpg\",\"contentUrl\":\"https:\\\/\\\/www.versiegelung24.com\\\/wp-content\\\/uploads\\\/2020\\\/06\\\/produkt-3008-704-1000-Beton-Stein-Versiegelung-extreme-Wasserabweisung-nicht-atmungsaktiv-scaled.jpg\",\"width\":2560,\"height\":2560},{\"@type\":\"BreadcrumbList\",\"@id\":\"https:\\\/\\\/www.versiegelung24.com\\\/it\\\/premium-cemento-pietra-sigillatura-estrema-idrorepellenza-non-traspirante.html#breadcrumb\",\"itemListElement\":[{\"@type\":\"ListItem\",\"position\":1,\"name\":\"Homepage\",\"item\":\"https:\\\/\\\/www.versiegelung24.com\\\/it\\\/fronte\\\/\"},{\"@type\":\"ListItem\",\"position\":2,\"name\":\"Negozio\",\"item\":\"https:\\\/\\\/www.versiegelung24.com\\\/it\\\/negozio\\\/\"},{\"@type\":\"ListItem\",\"position\":3,\"name\":\"Sigillatura di cemento e pietra di alta qualit\u00e0 con approfondimento del colore &#8211; non traspirante\"}]},{\"@type\":\"WebSite\",\"@id\":\"https:\\\/\\\/www.versiegelung24.com\\\/it\\\/#website\",\"url\":\"https:\\\/\\\/www.versiegelung24.com\\\/it\\\/\",\"name\":\"versiegelung24.com\",\"description\":\"Fl\u00fcssigglas-Versiegelung - Made in Germany\",\"publisher\":{\"@id\":\"https:\\\/\\\/www.versiegelung24.com\\\/it\\\/#organization\"},\"potentialAction\":[{\"@type\":\"SearchAction\",\"target\":{\"@type\":\"EntryPoint\",\"urlTemplate\":\"https:\\\/\\\/www.versiegelung24.com\\\/it\\\/?s={search_term_string}\"},\"query-input\":{\"@type\":\"PropertyValueSpecification\",\"valueRequired\":true,\"valueName\":\"search_term_string\"}}],\"inLanguage\":\"it-IT\"},{\"@type\":\"Organization\",\"@id\":\"https:\\\/\\\/www.versiegelung24.com\\\/it\\\/#organization\",\"name\":\"versiegelung24\",\"url\":\"https:\\\/\\\/www.versiegelung24.com\\\/it\\\/\",\"logo\":{\"@type\":\"ImageObject\",\"inLanguage\":\"it-IT\",\"@id\":\"https:\\\/\\\/www.versiegelung24.com\\\/it\\\/#\\\/schema\\\/logo\\\/image\\\/\",\"url\":\"https:\\\/\\\/www.versiegelung24.com\\\/wp-content\\\/uploads\\\/2020\\\/04\\\/versiegelung24.png\",\"contentUrl\":\"https:\\\/\\\/www.versiegelung24.com\\\/wp-content\\\/uploads\\\/2020\\\/04\\\/versiegelung24.png\",\"width\":470,\"height\":102,\"caption\":\"versiegelung24\"},\"image\":{\"@id\":\"https:\\\/\\\/www.versiegelung24.com\\\/it\\\/#\\\/schema\\\/logo\\\/image\\\/\"}}]}<\/script>\n<meta property=\"og:availability\" content=\"instock\" \/>\n<meta property=\"product:availability\" content=\"instock\" \/>\n<meta property=\"product:retailer_item_id\" content=\"3008-704\" \/>\n<meta property=\"product:condition\" content=\"new\" \/>\n<!-- \/ Yoast SEO Premium plugin. -->","yoast_head_json":{"title":"Sigillatura premium per calcestruzzo e pietra con approfondimento del colore - versiegelung24","description":"Sigillatura di cemento e pietra di alta qualit\u00e0: scopri di pi\u00f9 sulla nostra sigillatura di cemento e pietra di alta qualit\u00e0 con nanotecnologia e approfondimento del colore","robots":{"index":"index","follow":"follow","max-snippet":"max-snippet:-1","max-image-preview":"max-image-preview:large","max-video-preview":"max-video-preview:-1"},"canonical":"https:\/\/www.versiegelung24.com\/it\/premium-cemento-pietra-sigillatura-estrema-idrorepellenza-non-traspirante.html","og_locale":"it_IT","og_type":"article","og_title":"Sigillatura di cemento e pietra di alta qualit\u00e0 con approfondimento del colore - non traspirante","og_description":"Sigillatura di cemento e pietra di alta qualit\u00e0: scopri di pi\u00f9 sulla nostra sigillatura di cemento e pietra di alta qualit\u00e0 con nanotecnologia e approfondimento del colore","og_url":"https:\/\/www.versiegelung24.com\/it\/premium-cemento-pietra-sigillatura-estrema-idrorepellenza-non-traspirante.html","og_site_name":"versiegelung24.com","article_modified_time":"2025-01-03T23:12:17+00:00","og_image":[{"width":2560,"height":2560,"url":"https:\/\/www.versiegelung24.com\/wp-content\/uploads\/2020\/06\/produkt-3008-704-1000-Beton-Stein-Versiegelung-extreme-Wasserabweisung-nicht-atmungsaktiv-scaled.jpg","type":"image\/jpeg"}],"twitter_card":"summary_large_image","twitter_misc":{"Disponibilit\u00e0":"In stock"},"schema":{"@context":"https:\/\/schema.org","@graph":[{"@type":"WebPage","@id":"https:\/\/www.versiegelung24.com\/it\/premium-cemento-pietra-sigillatura-estrema-idrorepellenza-non-traspirante.html","url":"https:\/\/www.versiegelung24.com\/it\/premium-cemento-pietra-sigillatura-estrema-idrorepellenza-non-traspirante.html","name":"Sigillatura premium per calcestruzzo e pietra con approfondimento del colore - versiegelung24","isPartOf":{"@id":"https:\/\/www.versiegelung24.com\/it\/#website"},"primaryImageOfPage":{"@id":"https:\/\/www.versiegelung24.com\/it\/premium-cemento-pietra-sigillatura-estrema-idrorepellenza-non-traspirante.html#primaryimage"},"image":{"@id":"https:\/\/www.versiegelung24.com\/it\/premium-cemento-pietra-sigillatura-estrema-idrorepellenza-non-traspirante.html#primaryimage"},"thumbnailUrl":"https:\/\/www.versiegelung24.com\/wp-content\/uploads\/2020\/06\/produkt-3008-704-1000-Beton-Stein-Versiegelung-extreme-Wasserabweisung-nicht-atmungsaktiv-scaled.jpg","datePublished":"2021-08-02T20:58:01+00:00","dateModified":"2025-01-03T23:12:17+00:00","description":"Sigillatura di cemento e pietra di alta qualit\u00e0: scopri di pi\u00f9 sulla nostra sigillatura di cemento e pietra di alta qualit\u00e0 con nanotecnologia e approfondimento del colore","breadcrumb":{"@id":"https:\/\/www.versiegelung24.com\/it\/premium-cemento-pietra-sigillatura-estrema-idrorepellenza-non-traspirante.html#breadcrumb"},"inLanguage":"it-IT","potentialAction":[{"@type":"ReadAction","target":["https:\/\/www.versiegelung24.com\/it\/premium-cemento-pietra-sigillatura-estrema-idrorepellenza-non-traspirante.html"]}]},{"@type":"ImageObject","inLanguage":"it-IT","@id":"https:\/\/www.versiegelung24.com\/it\/premium-cemento-pietra-sigillatura-estrema-idrorepellenza-non-traspirante.html#primaryimage","url":"https:\/\/www.versiegelung24.com\/wp-content\/uploads\/2020\/06\/produkt-3008-704-1000-Beton-Stein-Versiegelung-extreme-Wasserabweisung-nicht-atmungsaktiv-scaled.jpg","contentUrl":"https:\/\/www.versiegelung24.com\/wp-content\/uploads\/2020\/06\/produkt-3008-704-1000-Beton-Stein-Versiegelung-extreme-Wasserabweisung-nicht-atmungsaktiv-scaled.jpg","width":2560,"height":2560},{"@type":"BreadcrumbList","@id":"https:\/\/www.versiegelung24.com\/it\/premium-cemento-pietra-sigillatura-estrema-idrorepellenza-non-traspirante.html#breadcrumb","itemListElement":[{"@type":"ListItem","position":1,"name":"Homepage","item":"https:\/\/www.versiegelung24.com\/it\/fronte\/"},{"@type":"ListItem","position":2,"name":"Negozio","item":"https:\/\/www.versiegelung24.com\/it\/negozio\/"},{"@type":"ListItem","position":3,"name":"Sigillatura di cemento e pietra di alta qualit\u00e0 con approfondimento del colore &#8211; non traspirante"}]},{"@type":"WebSite","@id":"https:\/\/www.versiegelung24.com\/it\/#website","url":"https:\/\/www.versiegelung24.com\/it\/","name":"versiegelung24.com","description":"Fl\u00fcssigglas-Versiegelung - Made in Germany","publisher":{"@id":"https:\/\/www.versiegelung24.com\/it\/#organization"},"potentialAction":[{"@type":"SearchAction","target":{"@type":"EntryPoint","urlTemplate":"https:\/\/www.versiegelung24.com\/it\/?s={search_term_string}"},"query-input":{"@type":"PropertyValueSpecification","valueRequired":true,"valueName":"search_term_string"}}],"inLanguage":"it-IT"},{"@type":"Organization","@id":"https:\/\/www.versiegelung24.com\/it\/#organization","name":"versiegelung24","url":"https:\/\/www.versiegelung24.com\/it\/","logo":{"@type":"ImageObject","inLanguage":"it-IT","@id":"https:\/\/www.versiegelung24.com\/it\/#\/schema\/logo\/image\/","url":"https:\/\/www.versiegelung24.com\/wp-content\/uploads\/2020\/04\/versiegelung24.png","contentUrl":"https:\/\/www.versiegelung24.com\/wp-content\/uploads\/2020\/04\/versiegelung24.png","width":470,"height":102,"caption":"versiegelung24"},"image":{"@id":"https:\/\/www.versiegelung24.com\/it\/#\/schema\/logo\/image\/"}}]},"og_availability":"instock","product_availability":"instock","product_retailer_item_id":"3008-704","product_condition":"new"},"_links":{"self":[{"href":"https:\/\/www.versiegelung24.com\/it\/wp-json\/wp\/v2\/product\/24692","targetHints":{"allow":["GET"]}}],"collection":[{"href":"https:\/\/www.versiegelung24.com\/it\/wp-json\/wp\/v2\/product"}],"about":[{"href":"https:\/\/www.versiegelung24.com\/it\/wp-json\/wp\/v2\/types\/product"}],"version-history":[{"count":23,"href":"https:\/\/www.versiegelung24.com\/it\/wp-json\/wp\/v2\/product\/24692\/revisions"}],"predecessor-version":[{"id":177053,"href":"https:\/\/www.versiegelung24.com\/it\/wp-json\/wp\/v2\/product\/24692\/revisions\/177053"}],"wp:featuredmedia":[{"embeddable":true,"href":"https:\/\/www.versiegelung24.com\/it\/wp-json\/wp\/v2\/media\/18109"}],"wp:attachment":[{"href":"https:\/\/www.versiegelung24.com\/it\/wp-json\/wp\/v2\/media?parent=24692"}],"wp:term":[{"taxonomy":"product_brand","embeddable":true,"href":"https:\/\/www.versiegelung24.com\/it\/wp-json\/wp\/v2\/product_brand?post=24692"},{"taxonomy":"product_cat","embeddable":true,"href":"https:\/\/www.versiegelung24.com\/it\/wp-json\/wp\/v2\/product_cat?post=24692"},{"taxonomy":"product_tag","embeddable":true,"href":"https:\/\/www.versiegelung24.com\/it\/wp-json\/wp\/v2\/product_tag?post=24692"}],"curies":[{"name":"wp","href":"https:\/\/api.w.org\/{rel}","templated":true}]}}