{"id":37381,"date":"2021-09-27T11:17:44","date_gmt":"2021-09-27T09:30:50","guid":{"rendered":"https:\/\/www.versiegelung24.com\/produkt\/strato-protettivo-per-cellulare-in-vetro-liquido-contro-batteri-e-virus"},"modified":"2025-01-05T15:39:30","modified_gmt":"2025-01-05T14:39:30","slug":"pratico-strato-protettivo-di-vetro-liquido-contro-batteri-virus","status":"publish","type":"product","link":"https:\/\/www.versiegelung24.com\/it\/pratico-strato-protettivo-di-vetro-liquido-contro-batteri-virus.html","title":{"rendered":"Disinfettante a lungo termine per smartphone e telefoni cellulari contro batteri e virus"},"content":{"rendered":"\n<h2 class=\"wp-block-heading\" id=\"h-neuheit-am-markt-smartphones-amp-handys-fur-3-monate-mit-einer-unsichtbaren-flussigglas-schicht-gegen-bakterien-viren-und-pilze-schutzen\">Novit\u00e0 sul mercato: proteggi smartphone e cellulari da batteri, virus e funghi per 3 mesi<\/h2>\n<div class=\"wp-block-image\">\n<figure class=\"aligncenter size-large\"><img fetchpriority=\"high\" decoding=\"async\" width=\"2560\" height=\"1440\" src=\"https:\/\/www.versiegelung24.com\/wp-content\/uploads\/2021\/09\/handy_bakterien-viren-edited-scaled.jpeg\" alt=\"\" class=\"wp-image-38698\" srcset=\"https:\/\/www.versiegelung24.com\/wp-content\/uploads\/2021\/09\/handy_bakterien-viren-edited-scaled.jpeg 2560w, https:\/\/www.versiegelung24.com\/wp-content\/uploads\/2021\/09\/handy_bakterien-viren-edited-scaled-600x338.jpeg 600w, https:\/\/www.versiegelung24.com\/wp-content\/uploads\/2021\/09\/handy_bakterien-viren-edited-300x169.jpeg 300w, https:\/\/www.versiegelung24.com\/wp-content\/uploads\/2021\/09\/handy_bakterien-viren-edited-1300x731.jpeg 1300w, https:\/\/www.versiegelung24.com\/wp-content\/uploads\/2021\/09\/handy_bakterien-viren-edited-768x432.jpeg 768w, https:\/\/www.versiegelung24.com\/wp-content\/uploads\/2021\/09\/handy_bakterien-viren-edited-1536x864.jpeg 1536w, https:\/\/www.versiegelung24.com\/wp-content\/uploads\/2021\/09\/handy_bakterien-viren-edited-2048x1152.jpeg 2048w\" sizes=\"(max-width: 2560px) 100vw, 2560px\" \/><figcaption class=\"wp-element-caption\">Lo smartphone come vettore di batteri, virus e funghi<\/figcaption><\/figure>\n<\/div>\n<p>Oggi lo smartphone \u00e8 un compagno costante. Molte persone lo raccolgono centinaia di volte durante il giorno. Il cellulare \u00e8 presente ovunque<strong> &#8211;<\/strong> sia durante il sonno che durante il riposo, sul water o durante lo sport e il tempo libero. Una vera festa per la trasmissione di virus e batteri. <\/p>\n\n<p>L&#8217;utente dovrebbe prendere molto sul serio il rischio di batteri, funghi e virus sugli smartphone. Non solo sono antigieniche, ma possono influire sia sul benessere che sulla salute. Per inciso, \u00e8 molto pi\u00f9 piacevole usare un cellulare o uno smartphone generalmente pulito e igienicamente mantenuto.<\/p>\n\n<hr\/>\n\n<h4 class=\"wp-block-heading\" id=\"video\">video<\/h4>\n\n<figure class=\"wp-block-embed aligncenter is-type-rich is-provider-handler-einbetten wp-block-embed-handler-einbetten wp-embed-aspect-16-9 wp-has-aspect-ratio\"><div class=\"wp-block-embed__wrapper\"> \n<div class=\"nv-iframe-embed\"><iframe title=\"Award-winning Mobile Phone Sanitizer by LiquiGlas (904)\" width=\"1200\" height=\"675\" src=\"https:\/\/www.youtube.com\/embed\/OPwnhKcFTvA?feature=oembed\" frameborder=\"0\" allow=\"accelerometer; autoplay; clipboard-write; encrypted-media; gyroscope; picture-in-picture\" allowfullscreen><\/iframe><\/div>\n <\/div><\/figure>\n\n<hr\/>\n\n<h4 class=\"wp-block-heading\" id=\"properties\">Caratteristiche del prodotto<\/h4>\n\n<div class=\"wp-block-columns is-layout-flex wp-container-core-columns-is-layout-9d6595d7 wp-block-columns-is-layout-flex\">\n<div class=\"wp-block-column is-layout-flow wp-block-column-is-layout-flow\">\n<h2 class=\"wp-block-heading\" id=\"die-highlights-auf-einen-blick\">I punti salienti a colpo d&#8217;occhio<\/h2>\n\n\n\n<p><br\/><br\/><br\/><br\/><br\/>&#8211; eccezionale e unica protezione batterica a lungo termine &#8211; neutralizzazione garantita di batteri, funghi e virus &#8211; semplice e facile da usare &#8211; disinfezione di livello medico &#8211; protezione aggiuntiva contro il coronavirus &#8211; vincitore del MedTech Award 2020 &#8211; migliore effetto a lungo termine sulle superfici contro gli agenti patogeni<\/p>\n<\/div>\n\n\n\n<div class=\"wp-block-column is-layout-flow wp-block-column-is-layout-flow\">\n<h2 class=\"wp-block-heading\" id=\"lieferumfang\">ambito di consegna<\/h2>\n\n\n\n<p>12 salviettine antibatteriche, da utilizzare 1 volta a settimana = 3 mesi<\/p>\n<\/div>\n<\/div>\n\n<hr\/>\n\n<h4 class=\"wp-block-heading\" id=\"application\">Applicazione<\/h4>\n\n<h2 class=\"wp-block-heading\" id=\"die-anwendung-hygienisch-sauberes-handy\">L&#8217;applicazione &#8211; cellulare igienicamente pulito<\/h2>\n\n<div class=\"wp-block-getwid-toggle has-icon-left\">\n<div class=\"wp-block-getwid-toggle__row\"><div class=\"wp-block-getwid-toggle__header-wrapper\"><span class=\"wp-block-getwid-toggle__header\"><a href=\"#\"><span class=\"wp-block-getwid-toggle__header-title\">1. Smartphone s\u00e4ubern<\/span><span class=\"wp-block-getwid-toggle__icon is-active\"><i class=\"fas fa-plus\"><\/i><\/span><span class=\"wp-block-getwid-toggle__icon is-passive\"><i class=\"fas fa-minus\"><\/i><\/span><\/a><\/span><\/div><div class=\"wp-block-getwid-toggle__content-wrapper\"><div class=\"wp-block-getwid-toggle__content\">\n<p>Il dispositivo finale viene pulito sulla parte anteriore e posteriore con un panno in microfibra o un panno asciutto e privo di lanugine allo scopo di rimuovere impronte digitali, sporco ed eventuali abrasioni.<\/p>\n<\/div><\/div><\/div>\n\n\n\n<div class=\"wp-block-getwid-toggle__row\"><div class=\"wp-block-getwid-toggle__header-wrapper\"><span class=\"wp-block-getwid-toggle__header\"><a href=\"#\"><span class=\"wp-block-getwid-toggle__header-title\">2. Smartphone desinfizieren<\/span><span class=\"wp-block-getwid-toggle__icon is-active\"><i class=\"fas fa-plus\"><\/i><\/span><span class=\"wp-block-getwid-toggle__icon is-passive\"><i class=\"fas fa-minus\"><\/i><\/span><\/a><\/span><\/div><div class=\"wp-block-getwid-toggle__content-wrapper\"><div class=\"wp-block-getwid-toggle__content\">\n<p>La confezione da 12 viene aperta e viene rimossa la prima salviettina disinfettante termoretraibile. Con un lato della salvietta disinfettante, il telefono cellulare viene pulito a fondo sul davanti e sul retro, in altre parole spazzato via. Questo \u00e8 seguito dalla disinfezione del dispositivo finale per circa 30 secondi con l&#8217;altro lato ancora pulito del panno. Questo crea un leggero velo sulla sua superficie.<\/p>\n<\/div><\/div><\/div>\n\n\n\n<div class=\"wp-block-getwid-toggle__row\"><div class=\"wp-block-getwid-toggle__header-wrapper\"><span class=\"wp-block-getwid-toggle__header\"><a href=\"#\"><span class=\"wp-block-getwid-toggle__header-title\">3. Trocknungsvorgang<\/span><span class=\"wp-block-getwid-toggle__icon is-active\"><i class=\"fas fa-plus\"><\/i><\/span><span class=\"wp-block-getwid-toggle__icon is-passive\"><i class=\"fas fa-minus\"><\/i><\/span><\/a><\/span><\/div><div class=\"wp-block-getwid-toggle__content-wrapper\"><div class=\"wp-block-getwid-toggle__content\">\n<p>Questo \u00e8 seguito da un processo di asciugatura di due o tre minuti. Il liquido applicato agisce e forma uno strato protettivo disinfettante.<\/p>\n<\/div><\/div><\/div>\n\n\n\n<div class=\"wp-block-getwid-toggle__row\"><div class=\"wp-block-getwid-toggle__header-wrapper\"><span class=\"wp-block-getwid-toggle__header\"><a href=\"#\"><span class=\"wp-block-getwid-toggle__header-title\">4. Nachpolieren<\/span><span class=\"wp-block-getwid-toggle__icon is-active\"><i class=\"fas fa-plus\"><\/i><\/span><span class=\"wp-block-getwid-toggle__icon is-passive\"><i class=\"fas fa-minus\"><\/i><\/span><\/a><\/span><\/div><div class=\"wp-block-getwid-toggle__content-wrapper\"><div class=\"wp-block-getwid-toggle__content\">\n<p>Al termine del processo di asciugatura, il telefono cellulare viene nuovamente coperto con un panno di asciugatura pulito<strong> &#8211;<\/strong> per esempio in microfibra<strong> &#8211;<\/strong> Rilucidato fino a quando la superficie \u00e8 priva di aloni. La protezione contro la disinfezione a lungo termine che \u00e8 stata ora sviluppata continuer\u00e0 a funzionare intensamente per i prossimi sette-dieci giorni.<\/p>\n<\/div><\/div><\/div>\n<\/div>\n\n<br\/>\n\n<hr\/>\n\n<h4 class=\"wp-block-heading\" id=\"advisor\">Consulente<\/h4>\n\n<h2 class=\"wp-block-heading\" id=\"award-gewinner-handy-desinfektion-raumt-ab\">Vincitore del premio: vince la disinfezione del cellulare<\/h2>\n\n<p>La novit\u00e0 sul mercato per la protezione disinfettante dei dispositivi mobili come telefoni cellulari, smartphone o tablet \u00e8 la confezione da 12 di salviettine protettive antibatteriche di CCM\u00ae. CCM sta per Creative Chemical Manufacturer GmbH con sede a Overath, Renania settentrionale-Vestfalia.<\/p>\n\n<figure class=\"wp-block-image size-full\"><img decoding=\"async\" width=\"700\" height=\"207\" src=\"https:\/\/www.versiegelung24.com\/wp-content\/uploads\/2021\/09\/2020-MedTech-Awards-2.png\" alt=\"\" class=\"wp-image-37295\" srcset=\"https:\/\/www.versiegelung24.com\/wp-content\/uploads\/2021\/09\/2020-MedTech-Awards-2.png 700w, https:\/\/www.versiegelung24.com\/wp-content\/uploads\/2021\/09\/2020-MedTech-Awards-2-600x177.png 600w, https:\/\/www.versiegelung24.com\/wp-content\/uploads\/2021\/09\/2020-MedTech-Awards-2-300x89.png 300w\" sizes=\"(max-width: 700px) 100vw, 700px\" \/><figcaption class=\"wp-element-caption\"><strong>Premiato con il MedTech Award &#8211; Migliore soluzione di protezione anti-patogeno a lungo termine<\/strong><\/figcaption><\/figure>\n\n<h2 class=\"wp-block-heading\" id=\"ohne-handy-und-smartphone-desinfizieren-geht-es-einfach-nicht\">Disinfettare senza telefono cellulare e smartphone \u00e8 semplicemente impossibile!<\/h2>\n\n<p>Le persone sono ormai abituate a lavarsi e disinfettarsi le mani regolarmente. \u00c8 tanto pi\u00f9 importante non dimenticare di disinfettare il proprio smartphone. Il panno protettivo antibatterico, se utilizzato correttamente, sviluppa un effetto disinfettante costante fino a dieci giorni. Con la confezione da 12, il terminale \u00e8 sempre in condizioni igienicamente perfette per un quarto d&#8217;anno.<\/p>\n\n<p><\/p>\n\n<p><strong>L&#8217;uso regolare dei dodici panni protettivi crea un rivestimento in vetro liquido ultrasottile sulla superficie dello smartphone.<\/strong> Previene la formazione e, di conseguenza, l&#8217;insediamento di agenti patogeni. Come effetto collaterale positivo, la superficie diventa sempre pi\u00f9 liscia e pu\u00f2 essere pulita molto facilmente. Questo effetto aumenta quanto pi\u00f9 a lungo vengono utilizzate le salviette disinfettanti.<\/p>\n","protected":false},"excerpt":{"rendered":"<p>La novit\u00e0 sul mercato per la protezione disinfettante dei dispositivi mobili come telefoni cellulari, smartphone o tablet \u00e8 la confezione da 12 di salviettine protettive antibatteriche di CCM\u00ae.<\/p>\n<p>Certificato con il premio MedTech<strong>&#8220;Migliore soluzione di protezione anti-patogeni a lungo termine&#8221;.<\/p>\n<p><\/strong><\/p>\n<p><img decoding=\"async\" class=\"alignnone size-medium wp-image-37295\" src=\"https:\/\/www.versiegelung24.com\/wp-content\/uploads\/2021\/09\/2020-MedTech-Awards-2-300x89.png\" alt=\"\" width=\"300\" height=\"89\" srcset=\"https:\/\/www.versiegelung24.com\/wp-content\/uploads\/2021\/09\/2020-MedTech-Awards-2-300x89.png 300w, https:\/\/www.versiegelung24.com\/wp-content\/uploads\/2021\/09\/2020-MedTech-Awards-2-600x177.png 600w, https:\/\/www.versiegelung24.com\/wp-content\/uploads\/2021\/09\/2020-MedTech-Awards-2.png 700w\" sizes=\"(max-width: 300px) 100vw, 300px\" \/><\/p>\n","protected":false},"featured_media":63244,"template":"","meta":{"_acf_changed":false,"neve_meta_sidebar":"","neve_meta_container":"","neve_meta_enable_content_width":"","neve_meta_content_width":0,"neve_meta_title_alignment":"","neve_meta_author_avatar":"","neve_post_elements_order":"","neve_meta_disable_header":"","neve_meta_disable_footer":"","neve_meta_disable_title":"","neve_meta_reading_time":"","_surfaces":[],"_ver_product_tabs":[],"footnotes":""},"product_brand":[],"product_cat":[2344,3013],"product_tag":[],"class_list":{"0":"post-37381","1":"product","2":"type-product","3":"status-publish","4":"has-post-thumbnail","6":"product_cat-disinfettanti","7":"product_cat-disinfettante-per-cellulari","9":"first","10":"instock","11":"taxable","12":"shipping-taxable","13":"purchasable","14":"product-type-simple"},"acf":[],"yoast_head":"<!-- This site is optimized with the Yoast SEO Premium plugin v22.8 (Yoast SEO v27.5) - https:\/\/yoast.com\/product\/yoast-seo-premium-wordpress\/ -->\n<title>Disinfettante a lungo termine per smartphone e telefoni cellulari contro batteri e virus - versiegelung24.com<\/title>\n<meta name=\"robots\" content=\"index, follow, max-snippet:-1, max-image-preview:large, max-video-preview:-1\" \/>\n<link rel=\"canonical\" href=\"https:\/\/www.versiegelung24.com\/it\/pratico-strato-protettivo-di-vetro-liquido-contro-batteri-virus.html\" \/>\n<meta property=\"og:locale\" content=\"it_IT\" \/>\n<meta property=\"og:type\" content=\"article\" \/>\n<meta property=\"og:title\" content=\"Disinfettante a lungo termine per smartphone e telefoni cellulari contro batteri e virus\" \/>\n<meta property=\"og:description\" content=\"La novit\u00e0 sul mercato per la protezione disinfettante dei dispositivi mobili come telefoni cellulari, smartphone o tablet \u00e8 la confezione da 12 di salviettine protettive antibatteriche di CCM\u00ae. Certificato con il premio MedTech&quot;Migliore soluzione di protezione anti-patogeni a lungo termine&quot;.\" \/>\n<meta property=\"og:url\" content=\"https:\/\/www.versiegelung24.com\/it\/pratico-strato-protettivo-di-vetro-liquido-contro-batteri-virus.html\" \/>\n<meta property=\"og:site_name\" content=\"versiegelung24.com\" \/>\n<meta property=\"article:modified_time\" content=\"2025-01-05T14:39:30+00:00\" \/>\n<meta property=\"og:image\" content=\"https:\/\/www.versiegelung24.com\/wp-content\/uploads\/2021\/09\/produkt-4009-904-Handy-Bakterienschutz-Verpackung1.jpg\" \/>\n\t<meta property=\"og:image:width\" content=\"2000\" \/>\n\t<meta property=\"og:image:height\" content=\"2000\" \/>\n\t<meta property=\"og:image:type\" content=\"image\/jpeg\" \/>\n<meta name=\"twitter:card\" content=\"summary_large_image\" \/>\n<meta name=\"twitter:label1\" content=\"Prezzo\" \/>\n\t<meta name=\"twitter:data1\" content=\"10,99&euro;\" \/>\n\t<meta name=\"twitter:label2\" content=\"Disponibilit\u00e0\" \/>\n\t<meta name=\"twitter:data2\" content=\"In stock\" \/>\n<script type=\"application\/ld+json\" class=\"yoast-schema-graph\">{\"@context\":\"https:\\\/\\\/schema.org\",\"@graph\":[{\"@type\":\"WebPage\",\"@id\":\"https:\\\/\\\/www.versiegelung24.com\\\/it\\\/pratico-strato-protettivo-di-vetro-liquido-contro-batteri-virus.html\",\"url\":\"https:\\\/\\\/www.versiegelung24.com\\\/it\\\/pratico-strato-protettivo-di-vetro-liquido-contro-batteri-virus.html\",\"name\":\"Disinfettante a lungo termine per smartphone e telefoni cellulari contro batteri e virus - versiegelung24.com\",\"isPartOf\":{\"@id\":\"https:\\\/\\\/www.versiegelung24.com\\\/it\\\/#website\"},\"primaryImageOfPage\":{\"@id\":\"https:\\\/\\\/www.versiegelung24.com\\\/it\\\/pratico-strato-protettivo-di-vetro-liquido-contro-batteri-virus.html#primaryimage\"},\"image\":{\"@id\":\"https:\\\/\\\/www.versiegelung24.com\\\/it\\\/pratico-strato-protettivo-di-vetro-liquido-contro-batteri-virus.html#primaryimage\"},\"thumbnailUrl\":\"https:\\\/\\\/www.versiegelung24.com\\\/wp-content\\\/uploads\\\/2021\\\/09\\\/produkt-4009-904-Handy-Bakterienschutz-Verpackung1.jpg\",\"datePublished\":\"2021-09-27T09:30:50+00:00\",\"dateModified\":\"2025-01-05T14:39:30+00:00\",\"breadcrumb\":{\"@id\":\"https:\\\/\\\/www.versiegelung24.com\\\/it\\\/pratico-strato-protettivo-di-vetro-liquido-contro-batteri-virus.html#breadcrumb\"},\"inLanguage\":\"it-IT\",\"potentialAction\":[{\"@type\":\"ReadAction\",\"target\":[\"https:\\\/\\\/www.versiegelung24.com\\\/it\\\/pratico-strato-protettivo-di-vetro-liquido-contro-batteri-virus.html\"]}]},{\"@type\":\"ImageObject\",\"inLanguage\":\"it-IT\",\"@id\":\"https:\\\/\\\/www.versiegelung24.com\\\/it\\\/pratico-strato-protettivo-di-vetro-liquido-contro-batteri-virus.html#primaryimage\",\"url\":\"https:\\\/\\\/www.versiegelung24.com\\\/wp-content\\\/uploads\\\/2021\\\/09\\\/produkt-4009-904-Handy-Bakterienschutz-Verpackung1.jpg\",\"contentUrl\":\"https:\\\/\\\/www.versiegelung24.com\\\/wp-content\\\/uploads\\\/2021\\\/09\\\/produkt-4009-904-Handy-Bakterienschutz-Verpackung1.jpg\",\"width\":2000,\"height\":2000},{\"@type\":\"BreadcrumbList\",\"@id\":\"https:\\\/\\\/www.versiegelung24.com\\\/it\\\/pratico-strato-protettivo-di-vetro-liquido-contro-batteri-virus.html#breadcrumb\",\"itemListElement\":[{\"@type\":\"ListItem\",\"position\":1,\"name\":\"Homepage\",\"item\":\"https:\\\/\\\/www.versiegelung24.com\\\/it\\\/fronte\\\/\"},{\"@type\":\"ListItem\",\"position\":2,\"name\":\"Negozio\",\"item\":\"https:\\\/\\\/www.versiegelung24.com\\\/it\\\/negozio\\\/\"},{\"@type\":\"ListItem\",\"position\":3,\"name\":\"Disinfettante a lungo termine per smartphone e telefoni cellulari contro batteri e virus\"}]},{\"@type\":\"WebSite\",\"@id\":\"https:\\\/\\\/www.versiegelung24.com\\\/it\\\/#website\",\"url\":\"https:\\\/\\\/www.versiegelung24.com\\\/it\\\/\",\"name\":\"versiegelung24.com\",\"description\":\"Fl\u00fcssigglas-Versiegelung - Made in Germany\",\"publisher\":{\"@id\":\"https:\\\/\\\/www.versiegelung24.com\\\/it\\\/#organization\"},\"potentialAction\":[{\"@type\":\"SearchAction\",\"target\":{\"@type\":\"EntryPoint\",\"urlTemplate\":\"https:\\\/\\\/www.versiegelung24.com\\\/it\\\/?s={search_term_string}\"},\"query-input\":{\"@type\":\"PropertyValueSpecification\",\"valueRequired\":true,\"valueName\":\"search_term_string\"}}],\"inLanguage\":\"it-IT\"},{\"@type\":\"Organization\",\"@id\":\"https:\\\/\\\/www.versiegelung24.com\\\/it\\\/#organization\",\"name\":\"versiegelung24\",\"url\":\"https:\\\/\\\/www.versiegelung24.com\\\/it\\\/\",\"logo\":{\"@type\":\"ImageObject\",\"inLanguage\":\"it-IT\",\"@id\":\"https:\\\/\\\/www.versiegelung24.com\\\/it\\\/#\\\/schema\\\/logo\\\/image\\\/\",\"url\":\"https:\\\/\\\/www.versiegelung24.com\\\/wp-content\\\/uploads\\\/2020\\\/04\\\/versiegelung24.png\",\"contentUrl\":\"https:\\\/\\\/www.versiegelung24.com\\\/wp-content\\\/uploads\\\/2020\\\/04\\\/versiegelung24.png\",\"width\":470,\"height\":102,\"caption\":\"versiegelung24\"},\"image\":{\"@id\":\"https:\\\/\\\/www.versiegelung24.com\\\/it\\\/#\\\/schema\\\/logo\\\/image\\\/\"}}]}<\/script>\n<meta property=\"product:price:amount\" content=\"10.99\" \/>\n<meta property=\"product:price:currency\" content=\"EUR\" \/>\n<meta property=\"og:availability\" content=\"instock\" \/>\n<meta property=\"product:availability\" content=\"instock\" \/>\n<meta property=\"product:retailer_item_id\" content=\"4009-904\" \/>\n<meta property=\"product:condition\" content=\"new\" \/>\n<!-- \/ Yoast SEO Premium plugin. -->","yoast_head_json":{"title":"Disinfettante a lungo termine per smartphone e telefoni cellulari contro batteri e virus - versiegelung24.com","robots":{"index":"index","follow":"follow","max-snippet":"max-snippet:-1","max-image-preview":"max-image-preview:large","max-video-preview":"max-video-preview:-1"},"canonical":"https:\/\/www.versiegelung24.com\/it\/pratico-strato-protettivo-di-vetro-liquido-contro-batteri-virus.html","og_locale":"it_IT","og_type":"article","og_title":"Disinfettante a lungo termine per smartphone e telefoni cellulari contro batteri e virus","og_description":"La novit\u00e0 sul mercato per la protezione disinfettante dei dispositivi mobili come telefoni cellulari, smartphone o tablet \u00e8 la confezione da 12 di salviettine protettive antibatteriche di CCM\u00ae. Certificato con il premio MedTech\"Migliore soluzione di protezione anti-patogeni a lungo termine\".","og_url":"https:\/\/www.versiegelung24.com\/it\/pratico-strato-protettivo-di-vetro-liquido-contro-batteri-virus.html","og_site_name":"versiegelung24.com","article_modified_time":"2025-01-05T14:39:30+00:00","og_image":[{"width":2000,"height":2000,"url":"https:\/\/www.versiegelung24.com\/wp-content\/uploads\/2021\/09\/produkt-4009-904-Handy-Bakterienschutz-Verpackung1.jpg","type":"image\/jpeg"}],"twitter_card":"summary_large_image","twitter_misc":{"Prezzo":"10,99&euro;","Disponibilit\u00e0":"In stock"},"schema":{"@context":"https:\/\/schema.org","@graph":[{"@type":"WebPage","@id":"https:\/\/www.versiegelung24.com\/it\/pratico-strato-protettivo-di-vetro-liquido-contro-batteri-virus.html","url":"https:\/\/www.versiegelung24.com\/it\/pratico-strato-protettivo-di-vetro-liquido-contro-batteri-virus.html","name":"Disinfettante a lungo termine per smartphone e telefoni cellulari contro batteri e virus - versiegelung24.com","isPartOf":{"@id":"https:\/\/www.versiegelung24.com\/it\/#website"},"primaryImageOfPage":{"@id":"https:\/\/www.versiegelung24.com\/it\/pratico-strato-protettivo-di-vetro-liquido-contro-batteri-virus.html#primaryimage"},"image":{"@id":"https:\/\/www.versiegelung24.com\/it\/pratico-strato-protettivo-di-vetro-liquido-contro-batteri-virus.html#primaryimage"},"thumbnailUrl":"https:\/\/www.versiegelung24.com\/wp-content\/uploads\/2021\/09\/produkt-4009-904-Handy-Bakterienschutz-Verpackung1.jpg","datePublished":"2021-09-27T09:30:50+00:00","dateModified":"2025-01-05T14:39:30+00:00","breadcrumb":{"@id":"https:\/\/www.versiegelung24.com\/it\/pratico-strato-protettivo-di-vetro-liquido-contro-batteri-virus.html#breadcrumb"},"inLanguage":"it-IT","potentialAction":[{"@type":"ReadAction","target":["https:\/\/www.versiegelung24.com\/it\/pratico-strato-protettivo-di-vetro-liquido-contro-batteri-virus.html"]}]},{"@type":"ImageObject","inLanguage":"it-IT","@id":"https:\/\/www.versiegelung24.com\/it\/pratico-strato-protettivo-di-vetro-liquido-contro-batteri-virus.html#primaryimage","url":"https:\/\/www.versiegelung24.com\/wp-content\/uploads\/2021\/09\/produkt-4009-904-Handy-Bakterienschutz-Verpackung1.jpg","contentUrl":"https:\/\/www.versiegelung24.com\/wp-content\/uploads\/2021\/09\/produkt-4009-904-Handy-Bakterienschutz-Verpackung1.jpg","width":2000,"height":2000},{"@type":"BreadcrumbList","@id":"https:\/\/www.versiegelung24.com\/it\/pratico-strato-protettivo-di-vetro-liquido-contro-batteri-virus.html#breadcrumb","itemListElement":[{"@type":"ListItem","position":1,"name":"Homepage","item":"https:\/\/www.versiegelung24.com\/it\/fronte\/"},{"@type":"ListItem","position":2,"name":"Negozio","item":"https:\/\/www.versiegelung24.com\/it\/negozio\/"},{"@type":"ListItem","position":3,"name":"Disinfettante a lungo termine per smartphone e telefoni cellulari contro batteri e virus"}]},{"@type":"WebSite","@id":"https:\/\/www.versiegelung24.com\/it\/#website","url":"https:\/\/www.versiegelung24.com\/it\/","name":"versiegelung24.com","description":"Fl\u00fcssigglas-Versiegelung - Made in Germany","publisher":{"@id":"https:\/\/www.versiegelung24.com\/it\/#organization"},"potentialAction":[{"@type":"SearchAction","target":{"@type":"EntryPoint","urlTemplate":"https:\/\/www.versiegelung24.com\/it\/?s={search_term_string}"},"query-input":{"@type":"PropertyValueSpecification","valueRequired":true,"valueName":"search_term_string"}}],"inLanguage":"it-IT"},{"@type":"Organization","@id":"https:\/\/www.versiegelung24.com\/it\/#organization","name":"versiegelung24","url":"https:\/\/www.versiegelung24.com\/it\/","logo":{"@type":"ImageObject","inLanguage":"it-IT","@id":"https:\/\/www.versiegelung24.com\/it\/#\/schema\/logo\/image\/","url":"https:\/\/www.versiegelung24.com\/wp-content\/uploads\/2020\/04\/versiegelung24.png","contentUrl":"https:\/\/www.versiegelung24.com\/wp-content\/uploads\/2020\/04\/versiegelung24.png","width":470,"height":102,"caption":"versiegelung24"},"image":{"@id":"https:\/\/www.versiegelung24.com\/it\/#\/schema\/logo\/image\/"}}]},"product_price_amount":"10.99","product_price_currency":"EUR","og_availability":"instock","product_availability":"instock","product_retailer_item_id":"4009-904","product_condition":"new"},"_links":{"self":[{"href":"https:\/\/www.versiegelung24.com\/it\/wp-json\/wp\/v2\/product\/37381","targetHints":{"allow":["GET"]}}],"collection":[{"href":"https:\/\/www.versiegelung24.com\/it\/wp-json\/wp\/v2\/product"}],"about":[{"href":"https:\/\/www.versiegelung24.com\/it\/wp-json\/wp\/v2\/types\/product"}],"version-history":[{"count":89,"href":"https:\/\/www.versiegelung24.com\/it\/wp-json\/wp\/v2\/product\/37381\/revisions"}],"predecessor-version":[{"id":178268,"href":"https:\/\/www.versiegelung24.com\/it\/wp-json\/wp\/v2\/product\/37381\/revisions\/178268"}],"wp:featuredmedia":[{"embeddable":true,"href":"https:\/\/www.versiegelung24.com\/it\/wp-json\/wp\/v2\/media\/63244"}],"wp:attachment":[{"href":"https:\/\/www.versiegelung24.com\/it\/wp-json\/wp\/v2\/media?parent=37381"}],"wp:term":[{"taxonomy":"product_brand","embeddable":true,"href":"https:\/\/www.versiegelung24.com\/it\/wp-json\/wp\/v2\/product_brand?post=37381"},{"taxonomy":"product_cat","embeddable":true,"href":"https:\/\/www.versiegelung24.com\/it\/wp-json\/wp\/v2\/product_cat?post=37381"},{"taxonomy":"product_tag","embeddable":true,"href":"https:\/\/www.versiegelung24.com\/it\/wp-json\/wp\/v2\/product_tag?post=37381"}],"curies":[{"name":"wp","href":"https:\/\/api.w.org\/{rel}","templated":true}]}}