{"id":62246,"date":"2022-02-06T23:03:40","date_gmt":"2022-02-06T22:03:56","guid":{"rendered":"https:\/\/www.versiegelung24.com\/?post_type=product&#038;p=62246"},"modified":"2025-01-05T17:32:47","modified_gmt":"2025-01-05T16:32:47","slug":"set-completo-sistema-solare-premium-fotovoltaico-sigillatura-con-estrema-durata-e-aumento-di-efficienza","status":"publish","type":"product","link":"https:\/\/www.versiegelung24.com\/it\/set-completo-sistema-solare-premium-fotovoltaico-sigillatura-con-estrema-durata-e-aumento-di-efficienza.html","title":{"rendered":"Set completo per la sigillatura di impianti solari\/impianti fotovoltaici"},"content":{"rendered":"\n<p><strong>Set completo composto da pre-detergente biologico, bioetanolo per la rimozione dei grassi e nanosigillanti ad alte prestazioni a base di vetro liquido<\/strong><\/p>\n\n<p><strong>Nano-rivestimento altamente efficace per impianti solari, con effetto loto (idrorepellente)<\/strong><\/p>\n\n<p>Alta qualit\u00e0 Made in Germany<\/p>\n\n<h4 class=\"wp-block-heading\" id=\"properties\">propriet\u00e0<\/h4>\n\n<div class=\"wp-block-columns is-layout-flex wp-container-core-columns-is-layout-9d6595d7 wp-block-columns-is-layout-flex\">\n<div class=\"wp-block-column is-layout-flow wp-block-column-is-layout-flow\">\n<ul class=\"wp-block-list\">\n<li>Tecnologia futura con uno strato protettivo invisibile, circa 100 nm (nanometri) &#8220;spesso&#8221;<\/li>\n\n\n\n<li>Protegge la superficie<\/li>\n\n\n\n<li>Resistente al calore e al gelo<\/li>\n\n\n\n<li>Resistente all&#8217;acqua di mare e al sale (acido\/alcalino da 1,5 a 12,5 ph)<\/li>\n\n\n\n<li>Idrorepellente e antisporco<\/li>\n\n\n\n<li>Applicazione semplice e veloce<\/li>\n\n\n\n<li>Applicabile da +10\u00b0 a +30\u00b0C<\/li>\n\n\n\n<li>stabile ai raggi UV<\/li>\n\n\n\n<li>Effetto &#8220;facile da pulire&#8221; (le superfici sono facili da pulire = fa risparmiare tempo e denaro e un po&#8217; di sporco viene gi\u00e0 lavato via dalla pioggia)<\/li>\n\n\n\n<li>Consumo: circa 150 m\u00b2 con un litro<\/li>\n\n\n\n<li>Riduce l&#8217;impronta ecologica (CO2) durante la pulizia:\n<ul class=\"wp-block-list\">\n<li>\u00c8 necessaria meno acqua<\/li>\n\n\n\n<li>Sono necessari meno detergenti chimici<\/li>\n<\/ul>\n<\/li>\n<\/ul>\n<\/div>\n\n\n\n<div class=\"wp-block-column is-layout-flow wp-block-column-is-layout-flow\">\n<p><strong>Volume di consegna:<\/strong><\/p>\n\n\n\n<ul class=\"wp-block-list\">\n<li>500 ml Biosativa\u00ae detergente concentrato organico 1:10 per la pre-pulizia<\/li>\n\n\n\n<li>1.000 ml di alcol isopropanolico 99,9% per sgrassaggio<\/li>\n\n\n\n<li>500 ml Liquid Glass Sealing 7601 (per ca. 75-100 m\u00b2)<\/li>\n\n\n\n<li>100 asciugamani 25 x 16 cm per la pre-pulizia<\/li>\n\n\n\n<li>10 panni in microfibra 10 x 10 cm per l&#8217;applicazione<\/li>\n\n\n\n<li>5 panni in microfibra 30 x 30 cm per la lucidatura<\/li>\n\n\n\n<li>10 guanti protettivi monouso<\/li>\n<\/ul>\n<\/div>\n<\/div>\n\n<hr\/>\n\n<h4 class=\"wp-block-heading\" id=\"application\">Applicazione<\/h4>\n\n<p>Applicazione semplice<\/p>\n\n<ol class=\"wp-block-list\">\n<li>Prepulire molto bene il modulo con Biosativa (migliore \u00e8 la prepulitura, pi\u00f9 a lungo durer\u00e0 il sigillo)<\/li>\n\n\n\n<li>Pulisci di nuovo con alcool prima di sigillare<\/li>\n\n\n\n<li>Applicare la sigillatura con un panno, lucidare &#8211; fatto.<\/li>\n<\/ol>\n\n<p><\/p>\n","protected":false},"excerpt":{"rendered":"<div class=\"column mcb-column mcb-item-mrk8thufa one column_column column-margin-0px\">\n<div class=\"column_attr clearfix\"><b>I moduli fotovoltaici portano il loro miglior rendimento in condizioni ottimali<\/b> <b>.<\/b> <\/div>\n<div class=\"column_attr clearfix\"><b>Con la nostra speciale guarnizione, estendiamo il ciclo di pulizia e semplifichiamo notevolmente la pulizia. <\/b><\/div>\n<div class=\"column_attr clearfix\"><b>Questo porta ad un aumento del ritorno sull&#8217;investimento.<\/b><\/div>\n<\/div>\n","protected":false},"featured_media":18506,"template":"","meta":{"_acf_changed":false,"neve_meta_sidebar":"","neve_meta_container":"","neve_meta_enable_content_width":"","neve_meta_content_width":0,"neve_meta_title_alignment":"","neve_meta_author_avatar":"","neve_post_elements_order":"","neve_meta_disable_header":"","neve_meta_disable_footer":"","neve_meta_disable_title":"","neve_meta_reading_time":"","_surfaces":[],"_ver_product_tabs":[],"footnotes":""},"product_brand":[],"product_cat":[2162],"product_tag":[],"class_list":{"0":"post-62246","1":"product","2":"type-product","3":"status-publish","4":"has-post-thumbnail","6":"product_cat-sigillatura-per-vetro-e-ceramica","8":"first","9":"instock","10":"taxable","11":"shipping-taxable","12":"purchasable","13":"product-type-simple"},"acf":[],"yoast_head":"<!-- This site is optimized with the Yoast SEO Premium plugin v22.8 (Yoast SEO v27.5) - https:\/\/yoast.com\/product\/yoast-seo-premium-wordpress\/ -->\n<title>Set completo per la sigillatura di impianti solari\/impianti fotovoltaici - versiegelung24.com<\/title>\n<meta name=\"robots\" content=\"index, follow, max-snippet:-1, max-image-preview:large, max-video-preview:-1\" \/>\n<link rel=\"canonical\" href=\"https:\/\/www.versiegelung24.com\/it\/set-completo-sistema-solare-premium-fotovoltaico-sigillatura-con-estrema-durata-e-aumento-di-efficienza.html\" \/>\n<meta property=\"og:locale\" content=\"it_IT\" \/>\n<meta property=\"og:type\" content=\"article\" \/>\n<meta property=\"og:title\" content=\"Set completo per la sigillatura di impianti solari\/impianti fotovoltaici\" \/>\n<meta property=\"og:description\" content=\"I moduli fotovoltaici portano il loro miglior rendimento in condizioni ottimali . Con la nostra speciale guarnizione, estendiamo il ciclo di pulizia e semplifichiamo notevolmente la pulizia. Questo porta ad un aumento del ritorno sull&#039;investimento.\" \/>\n<meta property=\"og:url\" content=\"https:\/\/www.versiegelung24.com\/it\/set-completo-sistema-solare-premium-fotovoltaico-sigillatura-con-estrema-durata-e-aumento-di-efficienza.html\" \/>\n<meta property=\"og:site_name\" content=\"versiegelung24.com\" \/>\n<meta property=\"article:modified_time\" content=\"2025-01-05T16:32:47+00:00\" \/>\n<meta property=\"og:image\" content=\"https:\/\/www.versiegelung24.com\/wp-content\/uploads\/2020\/06\/produkt-7000-7601-1000-Solarversiegelung-scaled.jpg\" \/>\n\t<meta property=\"og:image:width\" content=\"2560\" \/>\n\t<meta property=\"og:image:height\" content=\"2560\" \/>\n\t<meta property=\"og:image:type\" content=\"image\/jpeg\" \/>\n<meta name=\"twitter:card\" content=\"summary_large_image\" \/>\n<meta name=\"twitter:label1\" content=\"Prezzo\" \/>\n\t<meta name=\"twitter:data1\" content=\"199,00&euro;\" \/>\n\t<meta name=\"twitter:label2\" content=\"Disponibilit\u00e0\" \/>\n\t<meta name=\"twitter:data2\" content=\"In stock\" \/>\n<script type=\"application\/ld+json\" class=\"yoast-schema-graph\">{\"@context\":\"https:\\\/\\\/schema.org\",\"@graph\":[{\"@type\":\"WebPage\",\"@id\":\"https:\\\/\\\/www.versiegelung24.com\\\/it\\\/set-completo-sistema-solare-premium-fotovoltaico-sigillatura-con-estrema-durata-e-aumento-di-efficienza.html\",\"url\":\"https:\\\/\\\/www.versiegelung24.com\\\/it\\\/set-completo-sistema-solare-premium-fotovoltaico-sigillatura-con-estrema-durata-e-aumento-di-efficienza.html\",\"name\":\"Set completo per la sigillatura di impianti solari\\\/impianti fotovoltaici - versiegelung24.com\",\"isPartOf\":{\"@id\":\"https:\\\/\\\/www.versiegelung24.com\\\/it\\\/#website\"},\"primaryImageOfPage\":{\"@id\":\"https:\\\/\\\/www.versiegelung24.com\\\/it\\\/set-completo-sistema-solare-premium-fotovoltaico-sigillatura-con-estrema-durata-e-aumento-di-efficienza.html#primaryimage\"},\"image\":{\"@id\":\"https:\\\/\\\/www.versiegelung24.com\\\/it\\\/set-completo-sistema-solare-premium-fotovoltaico-sigillatura-con-estrema-durata-e-aumento-di-efficienza.html#primaryimage\"},\"thumbnailUrl\":\"https:\\\/\\\/www.versiegelung24.com\\\/wp-content\\\/uploads\\\/2020\\\/06\\\/produkt-7000-7601-1000-Solarversiegelung-scaled.jpg\",\"datePublished\":\"2022-02-06T22:03:56+00:00\",\"dateModified\":\"2025-01-05T16:32:47+00:00\",\"breadcrumb\":{\"@id\":\"https:\\\/\\\/www.versiegelung24.com\\\/it\\\/set-completo-sistema-solare-premium-fotovoltaico-sigillatura-con-estrema-durata-e-aumento-di-efficienza.html#breadcrumb\"},\"inLanguage\":\"it-IT\",\"potentialAction\":[{\"@type\":\"ReadAction\",\"target\":[\"https:\\\/\\\/www.versiegelung24.com\\\/it\\\/set-completo-sistema-solare-premium-fotovoltaico-sigillatura-con-estrema-durata-e-aumento-di-efficienza.html\"]}]},{\"@type\":\"ImageObject\",\"inLanguage\":\"it-IT\",\"@id\":\"https:\\\/\\\/www.versiegelung24.com\\\/it\\\/set-completo-sistema-solare-premium-fotovoltaico-sigillatura-con-estrema-durata-e-aumento-di-efficienza.html#primaryimage\",\"url\":\"https:\\\/\\\/www.versiegelung24.com\\\/wp-content\\\/uploads\\\/2020\\\/06\\\/produkt-7000-7601-1000-Solarversiegelung-scaled.jpg\",\"contentUrl\":\"https:\\\/\\\/www.versiegelung24.com\\\/wp-content\\\/uploads\\\/2020\\\/06\\\/produkt-7000-7601-1000-Solarversiegelung-scaled.jpg\",\"width\":2560,\"height\":2560},{\"@type\":\"BreadcrumbList\",\"@id\":\"https:\\\/\\\/www.versiegelung24.com\\\/it\\\/set-completo-sistema-solare-premium-fotovoltaico-sigillatura-con-estrema-durata-e-aumento-di-efficienza.html#breadcrumb\",\"itemListElement\":[{\"@type\":\"ListItem\",\"position\":1,\"name\":\"Homepage\",\"item\":\"https:\\\/\\\/www.versiegelung24.com\\\/it\\\/fronte\\\/\"},{\"@type\":\"ListItem\",\"position\":2,\"name\":\"Negozio\",\"item\":\"https:\\\/\\\/www.versiegelung24.com\\\/it\\\/negozio\\\/\"},{\"@type\":\"ListItem\",\"position\":3,\"name\":\"Set completo per la sigillatura di impianti solari\\\/impianti fotovoltaici\"}]},{\"@type\":\"WebSite\",\"@id\":\"https:\\\/\\\/www.versiegelung24.com\\\/it\\\/#website\",\"url\":\"https:\\\/\\\/www.versiegelung24.com\\\/it\\\/\",\"name\":\"versiegelung24.com\",\"description\":\"Fl\u00fcssigglas-Versiegelung - Made in Germany\",\"publisher\":{\"@id\":\"https:\\\/\\\/www.versiegelung24.com\\\/it\\\/#organization\"},\"potentialAction\":[{\"@type\":\"SearchAction\",\"target\":{\"@type\":\"EntryPoint\",\"urlTemplate\":\"https:\\\/\\\/www.versiegelung24.com\\\/it\\\/?s={search_term_string}\"},\"query-input\":{\"@type\":\"PropertyValueSpecification\",\"valueRequired\":true,\"valueName\":\"search_term_string\"}}],\"inLanguage\":\"it-IT\"},{\"@type\":\"Organization\",\"@id\":\"https:\\\/\\\/www.versiegelung24.com\\\/it\\\/#organization\",\"name\":\"versiegelung24\",\"url\":\"https:\\\/\\\/www.versiegelung24.com\\\/it\\\/\",\"logo\":{\"@type\":\"ImageObject\",\"inLanguage\":\"it-IT\",\"@id\":\"https:\\\/\\\/www.versiegelung24.com\\\/it\\\/#\\\/schema\\\/logo\\\/image\\\/\",\"url\":\"https:\\\/\\\/www.versiegelung24.com\\\/wp-content\\\/uploads\\\/2020\\\/04\\\/versiegelung24.png\",\"contentUrl\":\"https:\\\/\\\/www.versiegelung24.com\\\/wp-content\\\/uploads\\\/2020\\\/04\\\/versiegelung24.png\",\"width\":470,\"height\":102,\"caption\":\"versiegelung24\"},\"image\":{\"@id\":\"https:\\\/\\\/www.versiegelung24.com\\\/it\\\/#\\\/schema\\\/logo\\\/image\\\/\"}}]}<\/script>\n<meta property=\"product:price:amount\" content=\"199.00\" \/>\n<meta property=\"product:price:currency\" content=\"EUR\" \/>\n<meta property=\"og:availability\" content=\"instock\" \/>\n<meta property=\"product:availability\" content=\"instock\" \/>\n<meta property=\"product:retailer_item_id\" content=\"7005-5575-komplettset\" \/>\n<meta property=\"product:condition\" content=\"new\" \/>\n<!-- \/ Yoast SEO Premium plugin. -->","yoast_head_json":{"title":"Set completo per la sigillatura di impianti solari\/impianti fotovoltaici - versiegelung24.com","robots":{"index":"index","follow":"follow","max-snippet":"max-snippet:-1","max-image-preview":"max-image-preview:large","max-video-preview":"max-video-preview:-1"},"canonical":"https:\/\/www.versiegelung24.com\/it\/set-completo-sistema-solare-premium-fotovoltaico-sigillatura-con-estrema-durata-e-aumento-di-efficienza.html","og_locale":"it_IT","og_type":"article","og_title":"Set completo per la sigillatura di impianti solari\/impianti fotovoltaici","og_description":"I moduli fotovoltaici portano il loro miglior rendimento in condizioni ottimali . Con la nostra speciale guarnizione, estendiamo il ciclo di pulizia e semplifichiamo notevolmente la pulizia. Questo porta ad un aumento del ritorno sull'investimento.","og_url":"https:\/\/www.versiegelung24.com\/it\/set-completo-sistema-solare-premium-fotovoltaico-sigillatura-con-estrema-durata-e-aumento-di-efficienza.html","og_site_name":"versiegelung24.com","article_modified_time":"2025-01-05T16:32:47+00:00","og_image":[{"width":2560,"height":2560,"url":"https:\/\/www.versiegelung24.com\/wp-content\/uploads\/2020\/06\/produkt-7000-7601-1000-Solarversiegelung-scaled.jpg","type":"image\/jpeg"}],"twitter_card":"summary_large_image","twitter_misc":{"Prezzo":"199,00&euro;","Disponibilit\u00e0":"In stock"},"schema":{"@context":"https:\/\/schema.org","@graph":[{"@type":"WebPage","@id":"https:\/\/www.versiegelung24.com\/it\/set-completo-sistema-solare-premium-fotovoltaico-sigillatura-con-estrema-durata-e-aumento-di-efficienza.html","url":"https:\/\/www.versiegelung24.com\/it\/set-completo-sistema-solare-premium-fotovoltaico-sigillatura-con-estrema-durata-e-aumento-di-efficienza.html","name":"Set completo per la sigillatura di impianti solari\/impianti fotovoltaici - versiegelung24.com","isPartOf":{"@id":"https:\/\/www.versiegelung24.com\/it\/#website"},"primaryImageOfPage":{"@id":"https:\/\/www.versiegelung24.com\/it\/set-completo-sistema-solare-premium-fotovoltaico-sigillatura-con-estrema-durata-e-aumento-di-efficienza.html#primaryimage"},"image":{"@id":"https:\/\/www.versiegelung24.com\/it\/set-completo-sistema-solare-premium-fotovoltaico-sigillatura-con-estrema-durata-e-aumento-di-efficienza.html#primaryimage"},"thumbnailUrl":"https:\/\/www.versiegelung24.com\/wp-content\/uploads\/2020\/06\/produkt-7000-7601-1000-Solarversiegelung-scaled.jpg","datePublished":"2022-02-06T22:03:56+00:00","dateModified":"2025-01-05T16:32:47+00:00","breadcrumb":{"@id":"https:\/\/www.versiegelung24.com\/it\/set-completo-sistema-solare-premium-fotovoltaico-sigillatura-con-estrema-durata-e-aumento-di-efficienza.html#breadcrumb"},"inLanguage":"it-IT","potentialAction":[{"@type":"ReadAction","target":["https:\/\/www.versiegelung24.com\/it\/set-completo-sistema-solare-premium-fotovoltaico-sigillatura-con-estrema-durata-e-aumento-di-efficienza.html"]}]},{"@type":"ImageObject","inLanguage":"it-IT","@id":"https:\/\/www.versiegelung24.com\/it\/set-completo-sistema-solare-premium-fotovoltaico-sigillatura-con-estrema-durata-e-aumento-di-efficienza.html#primaryimage","url":"https:\/\/www.versiegelung24.com\/wp-content\/uploads\/2020\/06\/produkt-7000-7601-1000-Solarversiegelung-scaled.jpg","contentUrl":"https:\/\/www.versiegelung24.com\/wp-content\/uploads\/2020\/06\/produkt-7000-7601-1000-Solarversiegelung-scaled.jpg","width":2560,"height":2560},{"@type":"BreadcrumbList","@id":"https:\/\/www.versiegelung24.com\/it\/set-completo-sistema-solare-premium-fotovoltaico-sigillatura-con-estrema-durata-e-aumento-di-efficienza.html#breadcrumb","itemListElement":[{"@type":"ListItem","position":1,"name":"Homepage","item":"https:\/\/www.versiegelung24.com\/it\/fronte\/"},{"@type":"ListItem","position":2,"name":"Negozio","item":"https:\/\/www.versiegelung24.com\/it\/negozio\/"},{"@type":"ListItem","position":3,"name":"Set completo per la sigillatura di impianti solari\/impianti fotovoltaici"}]},{"@type":"WebSite","@id":"https:\/\/www.versiegelung24.com\/it\/#website","url":"https:\/\/www.versiegelung24.com\/it\/","name":"versiegelung24.com","description":"Fl\u00fcssigglas-Versiegelung - Made in Germany","publisher":{"@id":"https:\/\/www.versiegelung24.com\/it\/#organization"},"potentialAction":[{"@type":"SearchAction","target":{"@type":"EntryPoint","urlTemplate":"https:\/\/www.versiegelung24.com\/it\/?s={search_term_string}"},"query-input":{"@type":"PropertyValueSpecification","valueRequired":true,"valueName":"search_term_string"}}],"inLanguage":"it-IT"},{"@type":"Organization","@id":"https:\/\/www.versiegelung24.com\/it\/#organization","name":"versiegelung24","url":"https:\/\/www.versiegelung24.com\/it\/","logo":{"@type":"ImageObject","inLanguage":"it-IT","@id":"https:\/\/www.versiegelung24.com\/it\/#\/schema\/logo\/image\/","url":"https:\/\/www.versiegelung24.com\/wp-content\/uploads\/2020\/04\/versiegelung24.png","contentUrl":"https:\/\/www.versiegelung24.com\/wp-content\/uploads\/2020\/04\/versiegelung24.png","width":470,"height":102,"caption":"versiegelung24"},"image":{"@id":"https:\/\/www.versiegelung24.com\/it\/#\/schema\/logo\/image\/"}}]},"product_price_amount":"199.00","product_price_currency":"EUR","og_availability":"instock","product_availability":"instock","product_retailer_item_id":"7005-5575-komplettset","product_condition":"new"},"_links":{"self":[{"href":"https:\/\/www.versiegelung24.com\/it\/wp-json\/wp\/v2\/product\/62246","targetHints":{"allow":["GET"]}}],"collection":[{"href":"https:\/\/www.versiegelung24.com\/it\/wp-json\/wp\/v2\/product"}],"about":[{"href":"https:\/\/www.versiegelung24.com\/it\/wp-json\/wp\/v2\/types\/product"}],"version-history":[{"count":13,"href":"https:\/\/www.versiegelung24.com\/it\/wp-json\/wp\/v2\/product\/62246\/revisions"}],"predecessor-version":[{"id":141174,"href":"https:\/\/www.versiegelung24.com\/it\/wp-json\/wp\/v2\/product\/62246\/revisions\/141174"}],"wp:featuredmedia":[{"embeddable":true,"href":"https:\/\/www.versiegelung24.com\/it\/wp-json\/wp\/v2\/media\/18506"}],"wp:attachment":[{"href":"https:\/\/www.versiegelung24.com\/it\/wp-json\/wp\/v2\/media?parent=62246"}],"wp:term":[{"taxonomy":"product_brand","embeddable":true,"href":"https:\/\/www.versiegelung24.com\/it\/wp-json\/wp\/v2\/product_brand?post=62246"},{"taxonomy":"product_cat","embeddable":true,"href":"https:\/\/www.versiegelung24.com\/it\/wp-json\/wp\/v2\/product_cat?post=62246"},{"taxonomy":"product_tag","embeddable":true,"href":"https:\/\/www.versiegelung24.com\/it\/wp-json\/wp\/v2\/product_tag?post=62246"}],"curies":[{"name":"wp","href":"https:\/\/api.w.org\/{rel}","templated":true}]}}