{"id":94879,"date":"2022-11-29T14:50:43","date_gmt":"2022-11-29T13:50:46","guid":{"rendered":"https:\/\/www.versiegelung24.com\/?post_type=product&#038;p=94879"},"modified":"2025-01-05T17:42:25","modified_gmt":"2025-01-05T16:42:25","slug":"percent-c2-percent","status":"publish","type":"product","link":"https:\/\/www.versiegelung24.com\/it\/percent-c2-percent.html","title":{"rendered":"TiOSEPT\u00ae SG-55 Protezione a lungo termine delle superfici, 20 set per 1m\u00b2 ciascuno"},"content":{"rendered":"\n<p><strong>Sigillante liquido antimicrobico per vetri<\/strong> <strong>efficace fino a 18 mesi<\/strong> &#8211; 20 set di bustine pronte all&#8217;uso per 1m\u00b2 di superficie ciascuna.  <\/p>\n\n<p><strong>Protezione superficiale a lungo termine adatta a superfici lisce<\/strong>: Vetro, acciaio inox, alluminio e legno trattato<\/p>\n\n<hr\/>\n\n<h4 class=\"wp-block-heading\" id=\"properties\">Caratteristiche del prodotto<\/h4>\n\n<div class=\"wp-block-columns is-layout-flex wp-container-core-columns-is-layout-9d6595d7 wp-block-columns-is-layout-flex\">\n<div class=\"wp-block-column is-layout-flow wp-block-column-is-layout-flow\">\n<ul class=\"wp-block-list\">\n<li>Elimina i batteri (E.coli, S. aureus) e i virus avvolti (Corona, Ebola, Rota virus) fino al 99,99%.<\/li>\n\n\n\n<li>Impedisce la colonizzazione di lieviti e muffe.<\/li>\n\n\n\n<li>Dermatologicamente testato &#8220;molto buono<\/li>\n\n\n\n<li>Le superfici diventano pi\u00f9 facili e veloci da pulire (&#8220;easy-to-clean&#8221;)<\/li>\n\n\n\n<li>Per interni ed esterni<\/li>\n\n\n\n<li>Resistente all&#8217;abrasione (maggiore resistenza ai graffi)<\/li>\n\n\n\n<li>Applicazione semplice e veloce<\/li>\n\n\n\n<li>Durezza superficiale su vetro 9H (test T\u00dcV secondo MSZ EN ISO 15184:2013)<\/li>\n\n\n\n<li>Durezza al graffio su vetro 10N (test T\u00dcV secondo MSZ 9640\/41:1983)<\/li>\n\n\n\n<li>Angolo di contatto 95\u00b0 su vetro e 91\u00b0 su acciaio inox, dopo 10.000 cicli di pulizia 92\u00b0 + 85\u00b0 (testato dal T\u00dcV con acqua)<\/li>\n<\/ul>\n<\/div>\n\n\n\n<div class=\"wp-block-column is-layout-flow wp-block-column-is-layout-flow\">\n<ul class=\"wp-block-list\">\n<li>Spessore dello strato circa 20 nm (nanometri)<\/li>\n\n\n\n<li>Rugosit\u00e0: 6 nm sulla superficie<\/li>\n\n\n\n<li>Bustine (salviette umidificate confezionate singolarmente)<\/li>\n\n\n\n<li>Bustina 1: panno di pre-pulizia, imbevuto di IPA (isopropanolo) 99%.<\/li>\n\n\n\n<li>Bustina 2: panno sigillante imbevuto di TiOSEPT\u00ae SG-55<\/li>\n\n\n\n<li>Vello di viscosa, senza plastica, 60 g\/m\u00b2<\/li>\n\n\n\n<li>Dimensioni del panno 100 x 140 mm<\/li>\n\n\n\n<li>Un panno \u00e8 sufficiente per circa 1 m\u00b2<\/li>\n\n\n\n<li>BAUA-Reg.No. N-104947<\/li>\n<\/ul>\n<\/div>\n<\/div>\n\n<hr\/>\n\n<h4 class=\"wp-block-heading\" id=\"application\">Applicazione<\/h4>\n\n<p><strong>TiOSEPT\u00ae SG-55 <\/strong>\u00e8 un set di bustine pronte all&#8217;uso per superfici lisce in vetro, acciaio inox, acciaio, alluminio, plastica e legno trattato.<\/p>\n\n<h5 class=\"wp-block-heading\">Pre-pulizia<\/h5>\n\n<p>Si raccomanda di indossare guanti protettivi monouso. Temperatura di applicazione 5 &#8211; 35\u00b0C.<\/p>\n\n<ol class=\"wp-block-list\">\n<li>Pulire con particolare attenzione la superficie con i detergenti disponibili in commercio. Migliore \u00e8 la pulizia, pi\u00f9 a lungo durer\u00e0 la tenuta. Quindi asciugare la superficie.<\/li>\n\n\n\n<li>Estrarre il panno di pre-pulizia all&#8217;alcool dalla bustina e sgrassare accuratamente la superficie.<\/li>\n\n\n\n<li>Superficie min. Lasciare asciugare per 1 minuto.<\/li>\n<\/ol>\n\n<h5 class=\"wp-block-heading\">Sigillatura<\/h5>\n\n<p>Si raccomanda di indossare guanti protettivi monouso. Temperatura di applicazione 5 &#8211; 35\u00b0C.<\/p>\n\n<ol class=\"wp-block-list\">\n<li>Rimuovere il panno sigillante dalla bustina e pulire la superficie una volta in verticale e una volta in orizzontale. Il panno \u00e8 sufficiente per circa 1m\u00b2. \u00c8 importante lavorare rapidamente perch\u00e9 il panno \u00e8 asciutto dopo circa 90 secondi.<\/li>\n\n\n\n<li>Lasciare asciugare la superficie per almeno 2 minuti (sotto i 15\u00b0C = 10 minuti), non toccare per 10 minuti. Polimerizzazione completa dopo 10 ore. Ripetere l&#8217;applicazione se necessario. Se c&#8217;\u00e8 una leggera strisciata grigia, si pu\u00f2 lucidare accuratamente con un panno in microfibra.<\/li>\n<\/ol>\n\n<p>Le superfici in plastica diventano antimicrobiche e ottengono una maggiore idrofobicit\u00e0, mentre la resistenza ai graffi non viene modificata. Si sconsiglia l&#8217;applicazione su policarbonato e Plexiglas\u00ae.<\/p>\n\n<h5 class=\"wp-block-heading\" id=\"gebrauch\">Conservazione<\/h5>\n\n<p>Conserva <strong>TiOSEPT\u00ae SG-55<\/strong> a una temperatura compresa tra +5 e +25\u00b0C. Proteggere dal gelo e dai raggi diretti del sole.<\/p>\n","protected":false},"excerpt":{"rendered":"<p><strong>Protezione antimicrobica a lungo termine fino a 18 mesi<\/strong> <strong>per superfici lisce<\/strong><\/p>\n<p>\u2713 Trasparente e invisibile<\/p>\n<p>\u2713 Idrorepellente<\/p>\n<p>Testato da istituti di prova indipendenti<\/p>\n<p>\u2713 Set di bustine pronte per l&#8217;uso per la pre-pulizia e la sigillatura<\/p>\n","protected":false},"featured_media":94927,"template":"","meta":{"_acf_changed":false,"neve_meta_sidebar":"","neve_meta_container":"","neve_meta_enable_content_width":"","neve_meta_content_width":0,"neve_meta_title_alignment":"","neve_meta_author_avatar":"","neve_post_elements_order":"","neve_meta_disable_header":"","neve_meta_disable_footer":"","neve_meta_disable_title":"","neve_meta_reading_time":"","_surfaces":[],"_ver_product_tabs":[],"footnotes":""},"product_brand":[],"product_cat":[2162,2263,2344,2373,2503,3013],"product_tag":[],"class_list":{"0":"post-94879","1":"product","2":"type-product","3":"status-publish","4":"has-post-thumbnail","6":"product_cat-sigillatura-per-vetro-e-ceramica","7":"product_cat-sigillatura-in-metallo-e-plastica","8":"product_cat-disinfettanti","9":"product_cat-disinfettanti-per-superfici","10":"product_cat-guarnizione-universale","11":"product_cat-disinfettante-per-cellulari","13":"first","14":"onbackorder","15":"taxable","16":"shipping-taxable","17":"purchasable","18":"product-type-simple"},"acf":[],"yoast_head":"<!-- This site is optimized with the Yoast SEO Premium plugin v22.8 (Yoast SEO v27.5) - https:\/\/yoast.com\/product\/yoast-seo-premium-wordpress\/ -->\n<title>TiOSEPT\u00ae SG-55 Protezione a lungo termine delle superfici, 20 set per 1m\u00b2 ciascuno - versiegelung24.com<\/title>\n<meta name=\"robots\" content=\"index, follow, max-snippet:-1, max-image-preview:large, max-video-preview:-1\" \/>\n<link rel=\"canonical\" href=\"https:\/\/www.versiegelung24.com\/it\/percent-c2-percent.html\" \/>\n<meta property=\"og:locale\" content=\"it_IT\" \/>\n<meta property=\"og:type\" content=\"article\" \/>\n<meta property=\"og:title\" content=\"TiOSEPT\u00ae SG-55 Protezione a lungo termine delle superfici, 20 set per 1m\u00b2 ciascuno\" \/>\n<meta property=\"og:description\" content=\"Protezione antimicrobica a lungo termine fino a 18 mesi per superfici lisce \u2713 Trasparente e invisibile \u2713 Idrorepellente Testato da istituti di prova indipendenti \u2713 Set di bustine pronte per l&#039;uso per la pre-pulizia e la sigillatura\" \/>\n<meta property=\"og:url\" content=\"https:\/\/www.versiegelung24.com\/it\/percent-c2-percent.html\" \/>\n<meta property=\"og:site_name\" content=\"versiegelung24.com\" \/>\n<meta property=\"article:modified_time\" content=\"2025-01-05T16:42:25+00:00\" \/>\n<meta property=\"og:image\" content=\"https:\/\/www.versiegelung24.com\/wp-content\/uploads\/2022\/11\/Tiosept-Schachtel-rechts.jpg\" \/>\n\t<meta property=\"og:image:width\" content=\"1668\" \/>\n\t<meta property=\"og:image:height\" content=\"1568\" \/>\n\t<meta property=\"og:image:type\" content=\"image\/jpeg\" \/>\n<meta name=\"twitter:card\" content=\"summary_large_image\" \/>\n<meta name=\"twitter:label1\" content=\"Prezzo\" \/>\n\t<meta name=\"twitter:data1\" content=\"79,99&euro;\" \/>\n\t<meta name=\"twitter:label2\" content=\"Disponibilit\u00e0\" \/>\n\t<meta name=\"twitter:data2\" content=\"Su ordinazione\" \/>\n<script type=\"application\/ld+json\" class=\"yoast-schema-graph\">{\"@context\":\"https:\\\/\\\/schema.org\",\"@graph\":[{\"@type\":\"WebPage\",\"@id\":\"https:\\\/\\\/www.versiegelung24.com\\\/it\\\/percent-c2-percent.html\",\"url\":\"https:\\\/\\\/www.versiegelung24.com\\\/it\\\/percent-c2-percent.html\",\"name\":\"TiOSEPT\u00ae SG-55 Protezione a lungo termine delle superfici, 20 set per 1m\u00b2 ciascuno - versiegelung24.com\",\"isPartOf\":{\"@id\":\"https:\\\/\\\/www.versiegelung24.com\\\/it\\\/#website\"},\"primaryImageOfPage\":{\"@id\":\"https:\\\/\\\/www.versiegelung24.com\\\/it\\\/percent-c2-percent.html#primaryimage\"},\"image\":{\"@id\":\"https:\\\/\\\/www.versiegelung24.com\\\/it\\\/percent-c2-percent.html#primaryimage\"},\"thumbnailUrl\":\"https:\\\/\\\/www.versiegelung24.com\\\/wp-content\\\/uploads\\\/2022\\\/11\\\/Tiosept-Schachtel-rechts.jpg\",\"datePublished\":\"2022-11-29T13:50:46+00:00\",\"dateModified\":\"2025-01-05T16:42:25+00:00\",\"breadcrumb\":{\"@id\":\"https:\\\/\\\/www.versiegelung24.com\\\/it\\\/percent-c2-percent.html#breadcrumb\"},\"inLanguage\":\"it-IT\",\"potentialAction\":[{\"@type\":\"ReadAction\",\"target\":[\"https:\\\/\\\/www.versiegelung24.com\\\/it\\\/percent-c2-percent.html\"]}]},{\"@type\":\"ImageObject\",\"inLanguage\":\"it-IT\",\"@id\":\"https:\\\/\\\/www.versiegelung24.com\\\/it\\\/percent-c2-percent.html#primaryimage\",\"url\":\"https:\\\/\\\/www.versiegelung24.com\\\/wp-content\\\/uploads\\\/2022\\\/11\\\/Tiosept-Schachtel-rechts.jpg\",\"contentUrl\":\"https:\\\/\\\/www.versiegelung24.com\\\/wp-content\\\/uploads\\\/2022\\\/11\\\/Tiosept-Schachtel-rechts.jpg\",\"width\":1668,\"height\":1568},{\"@type\":\"BreadcrumbList\",\"@id\":\"https:\\\/\\\/www.versiegelung24.com\\\/it\\\/percent-c2-percent.html#breadcrumb\",\"itemListElement\":[{\"@type\":\"ListItem\",\"position\":1,\"name\":\"Homepage\",\"item\":\"https:\\\/\\\/www.versiegelung24.com\\\/it\\\/fronte\\\/\"},{\"@type\":\"ListItem\",\"position\":2,\"name\":\"Negozio\",\"item\":\"https:\\\/\\\/www.versiegelung24.com\\\/it\\\/negozio\\\/\"},{\"@type\":\"ListItem\",\"position\":3,\"name\":\"TiOSEPT\u00ae SG-55 Protezione a lungo termine delle superfici, 20 set per 1m\u00b2 ciascuno\"}]},{\"@type\":\"WebSite\",\"@id\":\"https:\\\/\\\/www.versiegelung24.com\\\/it\\\/#website\",\"url\":\"https:\\\/\\\/www.versiegelung24.com\\\/it\\\/\",\"name\":\"versiegelung24.com\",\"description\":\"Fl\u00fcssigglas-Versiegelung - Made in Germany\",\"publisher\":{\"@id\":\"https:\\\/\\\/www.versiegelung24.com\\\/it\\\/#organization\"},\"potentialAction\":[{\"@type\":\"SearchAction\",\"target\":{\"@type\":\"EntryPoint\",\"urlTemplate\":\"https:\\\/\\\/www.versiegelung24.com\\\/it\\\/?s={search_term_string}\"},\"query-input\":{\"@type\":\"PropertyValueSpecification\",\"valueRequired\":true,\"valueName\":\"search_term_string\"}}],\"inLanguage\":\"it-IT\"},{\"@type\":\"Organization\",\"@id\":\"https:\\\/\\\/www.versiegelung24.com\\\/it\\\/#organization\",\"name\":\"versiegelung24\",\"url\":\"https:\\\/\\\/www.versiegelung24.com\\\/it\\\/\",\"logo\":{\"@type\":\"ImageObject\",\"inLanguage\":\"it-IT\",\"@id\":\"https:\\\/\\\/www.versiegelung24.com\\\/it\\\/#\\\/schema\\\/logo\\\/image\\\/\",\"url\":\"https:\\\/\\\/www.versiegelung24.com\\\/wp-content\\\/uploads\\\/2020\\\/04\\\/versiegelung24.png\",\"contentUrl\":\"https:\\\/\\\/www.versiegelung24.com\\\/wp-content\\\/uploads\\\/2020\\\/04\\\/versiegelung24.png\",\"width\":470,\"height\":102,\"caption\":\"versiegelung24\"},\"image\":{\"@id\":\"https:\\\/\\\/www.versiegelung24.com\\\/it\\\/#\\\/schema\\\/logo\\\/image\\\/\"}}]}<\/script>\n<meta property=\"product:price:amount\" content=\"79.99\" \/>\n<meta property=\"product:price:currency\" content=\"EUR\" \/>\n<meta property=\"og:availability\" content=\"backorder\" \/>\n<meta property=\"product:availability\" content=\"available for order\" \/>\n<meta property=\"product:retailer_item_id\" content=\"TiOS-SG55-SA1-20\" \/>\n<meta property=\"product:condition\" content=\"new\" \/>\n<!-- \/ Yoast SEO Premium plugin. -->","yoast_head_json":{"title":"TiOSEPT\u00ae SG-55 Protezione a lungo termine delle superfici, 20 set per 1m\u00b2 ciascuno - versiegelung24.com","robots":{"index":"index","follow":"follow","max-snippet":"max-snippet:-1","max-image-preview":"max-image-preview:large","max-video-preview":"max-video-preview:-1"},"canonical":"https:\/\/www.versiegelung24.com\/it\/percent-c2-percent.html","og_locale":"it_IT","og_type":"article","og_title":"TiOSEPT\u00ae SG-55 Protezione a lungo termine delle superfici, 20 set per 1m\u00b2 ciascuno","og_description":"Protezione antimicrobica a lungo termine fino a 18 mesi per superfici lisce \u2713 Trasparente e invisibile \u2713 Idrorepellente Testato da istituti di prova indipendenti \u2713 Set di bustine pronte per l'uso per la pre-pulizia e la sigillatura","og_url":"https:\/\/www.versiegelung24.com\/it\/percent-c2-percent.html","og_site_name":"versiegelung24.com","article_modified_time":"2025-01-05T16:42:25+00:00","og_image":[{"width":1668,"height":1568,"url":"https:\/\/www.versiegelung24.com\/wp-content\/uploads\/2022\/11\/Tiosept-Schachtel-rechts.jpg","type":"image\/jpeg"}],"twitter_card":"summary_large_image","twitter_misc":{"Prezzo":"79,99&euro;","Disponibilit\u00e0":"Su ordinazione"},"schema":{"@context":"https:\/\/schema.org","@graph":[{"@type":"WebPage","@id":"https:\/\/www.versiegelung24.com\/it\/percent-c2-percent.html","url":"https:\/\/www.versiegelung24.com\/it\/percent-c2-percent.html","name":"TiOSEPT\u00ae SG-55 Protezione a lungo termine delle superfici, 20 set per 1m\u00b2 ciascuno - versiegelung24.com","isPartOf":{"@id":"https:\/\/www.versiegelung24.com\/it\/#website"},"primaryImageOfPage":{"@id":"https:\/\/www.versiegelung24.com\/it\/percent-c2-percent.html#primaryimage"},"image":{"@id":"https:\/\/www.versiegelung24.com\/it\/percent-c2-percent.html#primaryimage"},"thumbnailUrl":"https:\/\/www.versiegelung24.com\/wp-content\/uploads\/2022\/11\/Tiosept-Schachtel-rechts.jpg","datePublished":"2022-11-29T13:50:46+00:00","dateModified":"2025-01-05T16:42:25+00:00","breadcrumb":{"@id":"https:\/\/www.versiegelung24.com\/it\/percent-c2-percent.html#breadcrumb"},"inLanguage":"it-IT","potentialAction":[{"@type":"ReadAction","target":["https:\/\/www.versiegelung24.com\/it\/percent-c2-percent.html"]}]},{"@type":"ImageObject","inLanguage":"it-IT","@id":"https:\/\/www.versiegelung24.com\/it\/percent-c2-percent.html#primaryimage","url":"https:\/\/www.versiegelung24.com\/wp-content\/uploads\/2022\/11\/Tiosept-Schachtel-rechts.jpg","contentUrl":"https:\/\/www.versiegelung24.com\/wp-content\/uploads\/2022\/11\/Tiosept-Schachtel-rechts.jpg","width":1668,"height":1568},{"@type":"BreadcrumbList","@id":"https:\/\/www.versiegelung24.com\/it\/percent-c2-percent.html#breadcrumb","itemListElement":[{"@type":"ListItem","position":1,"name":"Homepage","item":"https:\/\/www.versiegelung24.com\/it\/fronte\/"},{"@type":"ListItem","position":2,"name":"Negozio","item":"https:\/\/www.versiegelung24.com\/it\/negozio\/"},{"@type":"ListItem","position":3,"name":"TiOSEPT\u00ae SG-55 Protezione a lungo termine delle superfici, 20 set per 1m\u00b2 ciascuno"}]},{"@type":"WebSite","@id":"https:\/\/www.versiegelung24.com\/it\/#website","url":"https:\/\/www.versiegelung24.com\/it\/","name":"versiegelung24.com","description":"Fl\u00fcssigglas-Versiegelung - Made in Germany","publisher":{"@id":"https:\/\/www.versiegelung24.com\/it\/#organization"},"potentialAction":[{"@type":"SearchAction","target":{"@type":"EntryPoint","urlTemplate":"https:\/\/www.versiegelung24.com\/it\/?s={search_term_string}"},"query-input":{"@type":"PropertyValueSpecification","valueRequired":true,"valueName":"search_term_string"}}],"inLanguage":"it-IT"},{"@type":"Organization","@id":"https:\/\/www.versiegelung24.com\/it\/#organization","name":"versiegelung24","url":"https:\/\/www.versiegelung24.com\/it\/","logo":{"@type":"ImageObject","inLanguage":"it-IT","@id":"https:\/\/www.versiegelung24.com\/it\/#\/schema\/logo\/image\/","url":"https:\/\/www.versiegelung24.com\/wp-content\/uploads\/2020\/04\/versiegelung24.png","contentUrl":"https:\/\/www.versiegelung24.com\/wp-content\/uploads\/2020\/04\/versiegelung24.png","width":470,"height":102,"caption":"versiegelung24"},"image":{"@id":"https:\/\/www.versiegelung24.com\/it\/#\/schema\/logo\/image\/"}}]},"product_price_amount":"79.99","product_price_currency":"EUR","og_availability":"backorder","product_availability":"available for order","product_retailer_item_id":"TiOS-SG55-SA1-20","product_condition":"new"},"_links":{"self":[{"href":"https:\/\/www.versiegelung24.com\/it\/wp-json\/wp\/v2\/product\/94879","targetHints":{"allow":["GET"]}}],"collection":[{"href":"https:\/\/www.versiegelung24.com\/it\/wp-json\/wp\/v2\/product"}],"about":[{"href":"https:\/\/www.versiegelung24.com\/it\/wp-json\/wp\/v2\/types\/product"}],"version-history":[{"count":12,"href":"https:\/\/www.versiegelung24.com\/it\/wp-json\/wp\/v2\/product\/94879\/revisions"}],"predecessor-version":[{"id":171382,"href":"https:\/\/www.versiegelung24.com\/it\/wp-json\/wp\/v2\/product\/94879\/revisions\/171382"}],"wp:featuredmedia":[{"embeddable":true,"href":"https:\/\/www.versiegelung24.com\/it\/wp-json\/wp\/v2\/media\/94927"}],"wp:attachment":[{"href":"https:\/\/www.versiegelung24.com\/it\/wp-json\/wp\/v2\/media?parent=94879"}],"wp:term":[{"taxonomy":"product_brand","embeddable":true,"href":"https:\/\/www.versiegelung24.com\/it\/wp-json\/wp\/v2\/product_brand?post=94879"},{"taxonomy":"product_cat","embeddable":true,"href":"https:\/\/www.versiegelung24.com\/it\/wp-json\/wp\/v2\/product_cat?post=94879"},{"taxonomy":"product_tag","embeddable":true,"href":"https:\/\/www.versiegelung24.com\/it\/wp-json\/wp\/v2\/product_tag?post=94879"}],"curies":[{"name":"wp","href":"https:\/\/api.w.org\/{rel}","templated":true}]}}