{"id":22092,"date":"2021-08-02T20:20:17","date_gmt":"2021-08-02T18:20:17","guid":{"rendered":"https:\/\/www.versiegelung24.com\/ispaudas"},"modified":"2024-05-05T11:01:01","modified_gmt":"2024-05-05T09:01:01","slug":"ispaudas","status":"publish","type":"page","link":"https:\/\/www.versiegelung24.com\/lt\/ispaudas\/","title":{"rendered":"\u012fspaudas"},"content":{"rendered":"\n<p><strong>U\u017esakym\u0173 ir mok\u0117jim\u0173 apdorojimas<\/strong><\/p>\n\n<p>Holgeris K\u00e4dingas<br\/>\u201eEllmen\u201c 14<br\/>53773 Hennef<br\/>Vokietija<\/p>\n\n<p>Telefonas: 02242-9695650<br\/>Pa\u0161tas: info@versiegelung24.com<br\/>Pardavimo mokes\u010dio identifikavimo numeris pagal pardavimo mokes\u010dio \u012fstatymo 27 a \u00a7: DE213785156<\/p>\n\n<p><strong>s\u0105skaitos duomenys<\/strong><\/p>\n\n<p>Gav\u0117jas: Holger K\u00e4ding<br\/>IBAN: DE30370502990011006269<br\/>BIC \/ SWIFT: COKSDE33<br\/>Kelno \u201eKreissparkasse\u201c<\/p>\n\n<p><strong>Savininkas ir atsakingas u\u017e turin\u012f pagal MDStV \u00a7 6:<\/strong><\/p>\n\n<p>Bastian Walger &#8211; skaitmenin\u0117 rinkodara<br\/>Agrippina laiv\u0173 statykla 6<br\/>50678 Kelnas<\/p>\n\n<p>Pardavimo mokes\u010dio identifikavimo numeris pagal pardavimo mokes\u010dio \u012fstatymo 27 straipsn\u012f:<br\/>DE241077366<\/p>\n\n<p>ES Komisijos internetini\u0173 gin\u010d\u0173 sprendimo platforma: <a href=\"https:\/\/ec.europa.eu\/consumers\/odr\" target=\"_blank\" rel=\"noreferrer noopener\">www.ec.europa.eu\/consumers\/odr<\/a><\/p>\n\n<p>Mes nei \u012fsipareigojame, nei nenorime dalyvauti gin\u010d\u0173 sprendimo proced\u016broje vartotoj\u0173 arbitra\u017eo kolegijoje.<\/p>\n\n<p><strong>Nuotrauk\u0173 kreditai<\/strong><\/p>\n\n<p>Grafiti valiklis -&gt; istockphoto \/ schfer<br\/>Apsauga nuo graffiti -&gt; istockphoto \/ MachineHeadz<\/p>\n\n<p>Bykfa\/Depositphotos.com<br\/>iulal\/Depositphotos.com<br\/>hodim\/Depositphotos.com<br\/>sergiibaibak\/Depositphotos.com<br\/>HunterBliss\/Depositphotos.com<\/p>\n","protected":false},"excerpt":{"rendered":"<p>U\u017esakym\u0173 ir mok\u0117jim\u0173 apdorojimas Holgeris K\u00e4dingas\u201eEllmen\u201c 1453773 HennefVokietija Telefonas: 02242-9695650Pa\u0161tas: info@versiegelung24.comPardavimo mokes\u010dio identifikavimo numeris pagal pardavimo mokes\u010dio \u012fstatymo 27 a \u00a7: DE213785156 s\u0105skaitos duomenys Gav\u0117jas: Holger K\u00e4dingIBAN: DE30370502990011006269BIC \/ SWIFT: COKSDE33Kelno \u201eKreissparkasse\u201c Savininkas ir atsakingas u\u017e turin\u012f pagal MDStV \u00a7 6: Bastian Walger &#8211; skaitmenin\u0117 rinkodaraAgrippina laiv\u0173 statykla 650678 Kelnas Pardavimo mokes\u010dio identifikavimo numeris pagal&hellip;&nbsp;<a href=\"https:\/\/www.versiegelung24.com\/lt\/ispaudas\/\" rel=\"bookmark\">Read More &raquo;<span class=\"screen-reader-text\">\u012fspaudas<\/span><\/a><\/p>\n","protected":false},"author":932,"featured_media":70718,"parent":0,"menu_order":0,"comment_status":"closed","ping_status":"closed","template":"","meta":{"_acf_changed":false,"neve_meta_sidebar":"","neve_meta_container":"","neve_meta_enable_content_width":"","neve_meta_content_width":0,"neve_meta_title_alignment":"","neve_meta_author_avatar":"","neve_post_elements_order":"","neve_meta_disable_header":"","neve_meta_disable_footer":"","neve_meta_disable_title":"","neve_meta_reading_time":"","footnotes":""},"categories":[],"seiten_kategorie":[],"class_list":["post-22092","page","type-page","status-publish","has-post-thumbnail","hentry"],"acf":[],"yoast_head":"<!-- This site is optimized with the Yoast SEO Premium plugin v22.8 (Yoast SEO v27.5) - https:\/\/yoast.com\/product\/yoast-seo-premium-wordpress\/ -->\n<title>\u012fspaudas - versiegelung24.com<\/title>\n<meta name=\"robots\" content=\"index, follow, max-snippet:-1, max-image-preview:large, max-video-preview:-1\" \/>\n<link rel=\"canonical\" href=\"https:\/\/www.versiegelung24.com\/lt\/ispaudas\/\" \/>\n<meta property=\"og:locale\" content=\"lt_LT\" \/>\n<meta property=\"og:type\" content=\"article\" \/>\n<meta property=\"og:title\" content=\"\u012fspaudas\" \/>\n<meta property=\"og:description\" content=\"U\u017esakym\u0173 ir mok\u0117jim\u0173 apdorojimas Holgeris K\u00e4dingas\u201eEllmen\u201c 1453773 HennefVokietija Telefonas: 02242-9695650Pa\u0161tas: info@versiegelung24.comPardavimo mokes\u010dio identifikavimo numeris pagal pardavimo mokes\u010dio \u012fstatymo 27 a \u00a7: DE213785156 s\u0105skaitos duomenys Gav\u0117jas: Holger K\u00e4dingIBAN: DE30370502990011006269BIC \/ SWIFT: COKSDE33Kelno \u201eKreissparkasse\u201c Savininkas ir atsakingas u\u017e turin\u012f pagal MDStV \u00a7 6: Bastian Walger &#8211; skaitmenin\u0117 rinkodaraAgrippina laiv\u0173 statykla 650678 Kelnas Pardavimo mokes\u010dio identifikavimo numeris pagal&hellip;&nbsp;Read More &raquo;\u012fspaudas\" \/>\n<meta property=\"og:url\" content=\"https:\/\/www.versiegelung24.com\/lt\/ispaudas\/\" \/>\n<meta property=\"og:site_name\" content=\"versiegelung24.com\" \/>\n<meta property=\"article:modified_time\" content=\"2024-05-05T09:01:01+00:00\" \/>\n<meta property=\"og:image\" content=\"https:\/\/www.versiegelung24.com\/wp-content\/uploads\/2022\/02\/Impressum.png\" \/>\n\t<meta property=\"og:image:width\" content=\"2000\" \/>\n\t<meta property=\"og:image:height\" content=\"2000\" \/>\n\t<meta property=\"og:image:type\" content=\"image\/png\" \/>\n<meta name=\"twitter:card\" content=\"summary_large_image\" \/>\n<meta name=\"twitter:label1\" content=\"Est. reading time\" \/>\n\t<meta name=\"twitter:data1\" content=\"1 minut\u0117\" \/>\n<script type=\"application\/ld+json\" class=\"yoast-schema-graph\">{\"@context\":\"https:\\\/\\\/schema.org\",\"@graph\":[{\"@type\":\"WebPage\",\"@id\":\"https:\\\/\\\/www.versiegelung24.com\\\/lt\\\/ispaudas\\\/\",\"url\":\"https:\\\/\\\/www.versiegelung24.com\\\/lt\\\/ispaudas\\\/\",\"name\":\"\u012fspaudas - versiegelung24.com\",\"isPartOf\":{\"@id\":\"https:\\\/\\\/www.versiegelung24.com\\\/lt\\\/#website\"},\"primaryImageOfPage\":{\"@id\":\"https:\\\/\\\/www.versiegelung24.com\\\/lt\\\/ispaudas\\\/#primaryimage\"},\"image\":{\"@id\":\"https:\\\/\\\/www.versiegelung24.com\\\/lt\\\/ispaudas\\\/#primaryimage\"},\"thumbnailUrl\":\"https:\\\/\\\/www.versiegelung24.com\\\/wp-content\\\/uploads\\\/2022\\\/02\\\/Impressum.png\",\"datePublished\":\"2021-08-02T18:20:17+00:00\",\"dateModified\":\"2024-05-05T09:01:01+00:00\",\"breadcrumb\":{\"@id\":\"https:\\\/\\\/www.versiegelung24.com\\\/lt\\\/ispaudas\\\/#breadcrumb\"},\"inLanguage\":\"lt-LT\",\"potentialAction\":[{\"@type\":\"ReadAction\",\"target\":[\"https:\\\/\\\/www.versiegelung24.com\\\/lt\\\/ispaudas\\\/\"]}]},{\"@type\":\"ImageObject\",\"inLanguage\":\"lt-LT\",\"@id\":\"https:\\\/\\\/www.versiegelung24.com\\\/lt\\\/ispaudas\\\/#primaryimage\",\"url\":\"https:\\\/\\\/www.versiegelung24.com\\\/wp-content\\\/uploads\\\/2022\\\/02\\\/Impressum.png\",\"contentUrl\":\"https:\\\/\\\/www.versiegelung24.com\\\/wp-content\\\/uploads\\\/2022\\\/02\\\/Impressum.png\",\"width\":2000,\"height\":2000},{\"@type\":\"BreadcrumbList\",\"@id\":\"https:\\\/\\\/www.versiegelung24.com\\\/lt\\\/ispaudas\\\/#breadcrumb\",\"itemListElement\":[{\"@type\":\"ListItem\",\"position\":1,\"name\":\"Prad\u017eia\",\"item\":\"https:\\\/\\\/www.versiegelung24.com\\\/lt\\\/priekinis\\\/\"},{\"@type\":\"ListItem\",\"position\":2,\"name\":\"\u012fspaudas\"}]},{\"@type\":\"WebSite\",\"@id\":\"https:\\\/\\\/www.versiegelung24.com\\\/lt\\\/#website\",\"url\":\"https:\\\/\\\/www.versiegelung24.com\\\/lt\\\/\",\"name\":\"versiegelung24.com\",\"description\":\"Fl\u00fcssigglas-Versiegelung - Made in Germany\",\"publisher\":{\"@id\":\"https:\\\/\\\/www.versiegelung24.com\\\/lt\\\/#organization\"},\"potentialAction\":[{\"@type\":\"SearchAction\",\"target\":{\"@type\":\"EntryPoint\",\"urlTemplate\":\"https:\\\/\\\/www.versiegelung24.com\\\/lt\\\/?s={search_term_string}\"},\"query-input\":{\"@type\":\"PropertyValueSpecification\",\"valueRequired\":true,\"valueName\":\"search_term_string\"}}],\"inLanguage\":\"lt-LT\"},{\"@type\":\"Organization\",\"@id\":\"https:\\\/\\\/www.versiegelung24.com\\\/lt\\\/#organization\",\"name\":\"versiegelung24\",\"url\":\"https:\\\/\\\/www.versiegelung24.com\\\/lt\\\/\",\"logo\":{\"@type\":\"ImageObject\",\"inLanguage\":\"lt-LT\",\"@id\":\"https:\\\/\\\/www.versiegelung24.com\\\/lt\\\/#\\\/schema\\\/logo\\\/image\\\/\",\"url\":\"https:\\\/\\\/www.versiegelung24.com\\\/wp-content\\\/uploads\\\/2020\\\/04\\\/versiegelung24.png\",\"contentUrl\":\"https:\\\/\\\/www.versiegelung24.com\\\/wp-content\\\/uploads\\\/2020\\\/04\\\/versiegelung24.png\",\"width\":470,\"height\":102,\"caption\":\"versiegelung24\"},\"image\":{\"@id\":\"https:\\\/\\\/www.versiegelung24.com\\\/lt\\\/#\\\/schema\\\/logo\\\/image\\\/\"}}]}<\/script>\n<!-- \/ Yoast SEO Premium plugin. -->","yoast_head_json":{"title":"\u012fspaudas - versiegelung24.com","robots":{"index":"index","follow":"follow","max-snippet":"max-snippet:-1","max-image-preview":"max-image-preview:large","max-video-preview":"max-video-preview:-1"},"canonical":"https:\/\/www.versiegelung24.com\/lt\/ispaudas\/","og_locale":"lt_LT","og_type":"article","og_title":"\u012fspaudas","og_description":"U\u017esakym\u0173 ir mok\u0117jim\u0173 apdorojimas Holgeris K\u00e4dingas\u201eEllmen\u201c 1453773 HennefVokietija Telefonas: 02242-9695650Pa\u0161tas: info@versiegelung24.comPardavimo mokes\u010dio identifikavimo numeris pagal pardavimo mokes\u010dio \u012fstatymo 27 a \u00a7: DE213785156 s\u0105skaitos duomenys Gav\u0117jas: Holger K\u00e4dingIBAN: DE30370502990011006269BIC \/ SWIFT: COKSDE33Kelno \u201eKreissparkasse\u201c Savininkas ir atsakingas u\u017e turin\u012f pagal MDStV \u00a7 6: Bastian Walger &#8211; skaitmenin\u0117 rinkodaraAgrippina laiv\u0173 statykla 650678 Kelnas Pardavimo mokes\u010dio identifikavimo numeris pagal&hellip;&nbsp;Read More &raquo;\u012fspaudas","og_url":"https:\/\/www.versiegelung24.com\/lt\/ispaudas\/","og_site_name":"versiegelung24.com","article_modified_time":"2024-05-05T09:01:01+00:00","og_image":[{"width":2000,"height":2000,"url":"https:\/\/www.versiegelung24.com\/wp-content\/uploads\/2022\/02\/Impressum.png","type":"image\/png"}],"twitter_card":"summary_large_image","twitter_misc":{"Est. reading time":"1 minut\u0117"},"schema":{"@context":"https:\/\/schema.org","@graph":[{"@type":"WebPage","@id":"https:\/\/www.versiegelung24.com\/lt\/ispaudas\/","url":"https:\/\/www.versiegelung24.com\/lt\/ispaudas\/","name":"\u012fspaudas - versiegelung24.com","isPartOf":{"@id":"https:\/\/www.versiegelung24.com\/lt\/#website"},"primaryImageOfPage":{"@id":"https:\/\/www.versiegelung24.com\/lt\/ispaudas\/#primaryimage"},"image":{"@id":"https:\/\/www.versiegelung24.com\/lt\/ispaudas\/#primaryimage"},"thumbnailUrl":"https:\/\/www.versiegelung24.com\/wp-content\/uploads\/2022\/02\/Impressum.png","datePublished":"2021-08-02T18:20:17+00:00","dateModified":"2024-05-05T09:01:01+00:00","breadcrumb":{"@id":"https:\/\/www.versiegelung24.com\/lt\/ispaudas\/#breadcrumb"},"inLanguage":"lt-LT","potentialAction":[{"@type":"ReadAction","target":["https:\/\/www.versiegelung24.com\/lt\/ispaudas\/"]}]},{"@type":"ImageObject","inLanguage":"lt-LT","@id":"https:\/\/www.versiegelung24.com\/lt\/ispaudas\/#primaryimage","url":"https:\/\/www.versiegelung24.com\/wp-content\/uploads\/2022\/02\/Impressum.png","contentUrl":"https:\/\/www.versiegelung24.com\/wp-content\/uploads\/2022\/02\/Impressum.png","width":2000,"height":2000},{"@type":"BreadcrumbList","@id":"https:\/\/www.versiegelung24.com\/lt\/ispaudas\/#breadcrumb","itemListElement":[{"@type":"ListItem","position":1,"name":"Prad\u017eia","item":"https:\/\/www.versiegelung24.com\/lt\/priekinis\/"},{"@type":"ListItem","position":2,"name":"\u012fspaudas"}]},{"@type":"WebSite","@id":"https:\/\/www.versiegelung24.com\/lt\/#website","url":"https:\/\/www.versiegelung24.com\/lt\/","name":"versiegelung24.com","description":"Fl\u00fcssigglas-Versiegelung - Made in Germany","publisher":{"@id":"https:\/\/www.versiegelung24.com\/lt\/#organization"},"potentialAction":[{"@type":"SearchAction","target":{"@type":"EntryPoint","urlTemplate":"https:\/\/www.versiegelung24.com\/lt\/?s={search_term_string}"},"query-input":{"@type":"PropertyValueSpecification","valueRequired":true,"valueName":"search_term_string"}}],"inLanguage":"lt-LT"},{"@type":"Organization","@id":"https:\/\/www.versiegelung24.com\/lt\/#organization","name":"versiegelung24","url":"https:\/\/www.versiegelung24.com\/lt\/","logo":{"@type":"ImageObject","inLanguage":"lt-LT","@id":"https:\/\/www.versiegelung24.com\/lt\/#\/schema\/logo\/image\/","url":"https:\/\/www.versiegelung24.com\/wp-content\/uploads\/2020\/04\/versiegelung24.png","contentUrl":"https:\/\/www.versiegelung24.com\/wp-content\/uploads\/2020\/04\/versiegelung24.png","width":470,"height":102,"caption":"versiegelung24"},"image":{"@id":"https:\/\/www.versiegelung24.com\/lt\/#\/schema\/logo\/image\/"}}]}},"_links":{"self":[{"href":"https:\/\/www.versiegelung24.com\/lt\/wp-json\/wp\/v2\/pages\/22092","targetHints":{"allow":["GET"]}}],"collection":[{"href":"https:\/\/www.versiegelung24.com\/lt\/wp-json\/wp\/v2\/pages"}],"about":[{"href":"https:\/\/www.versiegelung24.com\/lt\/wp-json\/wp\/v2\/types\/page"}],"author":[{"embeddable":true,"href":"https:\/\/www.versiegelung24.com\/lt\/wp-json\/wp\/v2\/users\/932"}],"replies":[{"embeddable":true,"href":"https:\/\/www.versiegelung24.com\/lt\/wp-json\/wp\/v2\/comments?post=22092"}],"version-history":[{"count":6,"href":"https:\/\/www.versiegelung24.com\/lt\/wp-json\/wp\/v2\/pages\/22092\/revisions"}],"predecessor-version":[{"id":160706,"href":"https:\/\/www.versiegelung24.com\/lt\/wp-json\/wp\/v2\/pages\/22092\/revisions\/160706"}],"wp:featuredmedia":[{"embeddable":true,"href":"https:\/\/www.versiegelung24.com\/lt\/wp-json\/wp\/v2\/media\/70718"}],"wp:attachment":[{"href":"https:\/\/www.versiegelung24.com\/lt\/wp-json\/wp\/v2\/media?parent=22092"}],"wp:term":[{"taxonomy":"category","embeddable":true,"href":"https:\/\/www.versiegelung24.com\/lt\/wp-json\/wp\/v2\/categories?post=22092"},{"taxonomy":"seiten_kategorie","embeddable":true,"href":"https:\/\/www.versiegelung24.com\/lt\/wp-json\/wp\/v2\/seiten_kategorie?post=22092"}],"curies":[{"name":"wp","href":"https:\/\/api.w.org\/{rel}","templated":true}]}}