{"id":22199,"date":"2021-08-02T20:26:03","date_gmt":"2021-08-02T18:26:03","guid":{"rendered":"https:\/\/www.versiegelung24.com\/skystas-stiklas"},"modified":"2024-01-12T16:57:08","modified_gmt":"2024-01-12T15:57:08","slug":"skystas-stiklas","status":"publish","type":"page","link":"https:\/\/www.versiegelung24.com\/lt\/skystas-stiklas\/","title":{"rendered":"Parai\u0161ka"},"content":{"rendered":"\n<figure class=\"wp-block-gallery has-nested-images columns-default is-cropped wp-block-gallery-1 is-layout-flex wp-block-gallery-is-layout-flex\">\n<figure class=\"wp-block-image size-large\"><a href=\"https:\/\/www.versiegelung24.com\/wp-content\/uploads\/2020\/04\/Fotolia_46941095_XS.jpg\"><img fetchpriority=\"high\" decoding=\"async\" width=\"424\" height=\"283\" data-id=\"3728\" src=\"https:\/\/www.versiegelung24.com\/wp-content\/uploads\/2020\/04\/Fotolia_46941095_XS.jpg\" alt=\"\" class=\"wp-image-3728\" srcset=\"https:\/\/www.versiegelung24.com\/wp-content\/uploads\/2020\/04\/Fotolia_46941095_XS.jpg 424w, https:\/\/www.versiegelung24.com\/wp-content\/uploads\/2020\/04\/Fotolia_46941095_XS-300x200.jpg 300w, https:\/\/www.versiegelung24.com\/wp-content\/uploads\/2020\/04\/Fotolia_46941095_XS-16x12.jpg 16w\" sizes=\"(max-width: 424px) 100vw, 424px\" \/><\/a><\/figure>\n\n\n\n<figure class=\"wp-block-image size-large\"><a href=\"https:\/\/www.versiegelung24.com\/wp-content\/uploads\/2020\/04\/bioethanol-scaled.jpg\"><img decoding=\"async\" width=\"1030\" height=\"690\" data-id=\"3819\" src=\"https:\/\/www.versiegelung24.com\/wp-content\/uploads\/2020\/04\/bioethanol-scaled-1030x690.jpg\" alt=\"\" class=\"wp-image-3819\" srcset=\"https:\/\/www.versiegelung24.com\/wp-content\/uploads\/2020\/04\/bioethanol-scaled-1030x690.jpg 1030w, https:\/\/www.versiegelung24.com\/wp-content\/uploads\/2020\/04\/bioethanol-scaled-600x402.jpg 600w, https:\/\/www.versiegelung24.com\/wp-content\/uploads\/2020\/04\/bioethanol-scaled-300x201.jpg 300w, https:\/\/www.versiegelung24.com\/wp-content\/uploads\/2020\/04\/bioethanol-scaled-768x514.jpg 768w, https:\/\/www.versiegelung24.com\/wp-content\/uploads\/2020\/04\/bioethanol-scaled-1536x1028.jpg 1536w, https:\/\/www.versiegelung24.com\/wp-content\/uploads\/2020\/04\/bioethanol-scaled-2048x1371.jpg 2048w, https:\/\/www.versiegelung24.com\/wp-content\/uploads\/2020\/04\/bioethanol-scaled-16x12.jpg 16w, https:\/\/www.versiegelung24.com\/wp-content\/uploads\/2020\/04\/bioethanol-scaled-1500x1004.jpg 1500w, https:\/\/www.versiegelung24.com\/wp-content\/uploads\/2020\/04\/bioethanol-scaled-705x472.jpg 705w\" sizes=\"(max-width: 1030px) 100vw, 1030px\" \/><\/a><\/figure>\n\n\n\n<figure class=\"wp-block-image size-large\"><a href=\"https:\/\/www.versiegelung24.com\/wp-content\/uploads\/2020\/04\/Fotolia_54706282_XS.jpg\"><img decoding=\"async\" width=\"424\" height=\"283\" data-id=\"3738\" src=\"https:\/\/www.versiegelung24.com\/wp-content\/uploads\/2020\/04\/Fotolia_54706282_XS.jpg\" alt=\"\" class=\"wp-image-3738\" srcset=\"https:\/\/www.versiegelung24.com\/wp-content\/uploads\/2020\/04\/Fotolia_54706282_XS.jpg 424w, https:\/\/www.versiegelung24.com\/wp-content\/uploads\/2020\/04\/Fotolia_54706282_XS-300x200.jpg 300w, https:\/\/www.versiegelung24.com\/wp-content\/uploads\/2020\/04\/Fotolia_54706282_XS-16x12.jpg 16w\" sizes=\"(max-width: 424px) 100vw, 424px\" \/><\/a><\/figure>\n<\/figure>\n\n<h1 class=\"wp-block-heading\" id=\"h-die-anwendung-von-flussigglas-einfacher-als-sie-glauben\">Skysto stiklo naudojimas: lengviau nei manote!<\/h1>\n\n<p>Naudojant profesional\u0173 auk\u0161t\u0173j\u0173 technologij\u0173 produkt\u0105, norint pasiekti norim\u0105 rezultat\u0105, paprastai tikimasi gana sud\u0117ting\u0173 ir reikli\u0173 nurodym\u0173. Ta\u010diau skysti stiklo sandarikliai yra labai patog\u016bs gaminiai, tod\u0117l jie taip pat labai tinka asmeniniam naudojimui.<\/p>\n\n<h3 class=\"wp-block-heading\" id=\"h-jede-zu-versiegelnde-oberflache-ist-anders\">Kiekvienas sandarinamas pavir\u0161ius yra skirtingas<\/h3>\n\n<p>Skirtingos med\u017eiagos turi skirtingus reikalavimus. Skystas stiklas, kaip veiksmingas sandariklis, buvo pritaikytas ir optimizuotas visoms taikomoms med\u017eiagoms.<\/p>\n\n<p>Sugeriantiems ir mink\u0161tiems pagrindams, pvz., Akmeniui ar medienai, sandariklis turi pakankamai \u012fsiskverbti, kad po to jis b\u016bt\u0173 sukry\u017emintas ir sukiet\u0117j\u0119s sukelt\u0173 nuolatin\u012f apsaugin\u012f sluoksn\u012f. Nesugeriantys \/ kieti elementai nesugeria skysto stiklo sandariklio &#8211; \u010dia jis patikimai sukimba su pavir\u0161iumi.<\/p>\n\n<p><strong>Tod\u0117l tikslus skysto stiklo panaudojimas \u0161iek tiek skiriasi priklausomai nuo med\u017eiagos, nes reikia atsi\u017evelgti \u012f atitinkamas med\u017eiagos savybes. I\u0161sami\u0105 informacij\u0105 apie tai galite rasti naudodami atitinkam\u0105 produkt\u0105.<\/strong><\/p>\n\n<div class=\"wp-block-columns are-vertically-aligned-top is-layout-flex wp-container-core-columns-is-layout-9d6595d7 wp-block-columns-is-layout-flex\">\n<div class=\"wp-block-column is-vertically-aligned-top is-layout-flow wp-block-column-is-layout-flow\" style=\"flex-basis:5%\">\n<div class=\"wp-block-getwid-icon has-layout-stacked\"><div class=\"wp-block-getwid-icon__wrapper has-background has-text-color has-nv-site-bg-color\" style=\"background-color:#d0d0d0\"><i class=\"far fa-lightbulb\"><\/i><\/div><\/div>\n<\/div>\n\n\n\n<div class=\"wp-block-column is-vertically-aligned-top is-layout-flow wp-block-column-is-layout-flow\">\n<p><strong>Bendra proced\u016bra susideda i\u0161 trij\u0173 paprast\u0173 veiksm\u0173:<\/strong><\/p>\n<\/div>\n<\/div>\n\n<div class=\"wp-block-getwid-content-timeline\" data-animation=\"none\" data-filling=\"true\"><div class=\"wp-block-getwid-content-timeline__line\"><div class=\"wp-block-getwid-content-timeline__bar\"><\/div><\/div><div class=\"wp-block-getwid-content-timeline__wrapper\">\n<div class=\"wp-block-getwid-content-timeline-item has-card-right\"><div class=\"wp-block-getwid-content-timeline-item__wrapper\"><div class=\"wp-block-getwid-content-timeline-item__card\"><div class=\"wp-block-getwid-content-timeline-item__card-wrapper\"><div class=\"wp-block-getwid-content-timeline-item__content-wrapper\"><div class=\"wp-block-getwid-content-timeline-item__mobile-meta\"><p class=\"wp-block-getwid-content-timeline-item__meta-content\"><strong>Erster Schritt<\/strong><\/p><\/div>\n<h3 class=\"wp-block-heading\" id=\"h-vorreinigung\">I\u0161ankstinis valymas<\/h3>\n\n\n\n<p><strong>I\u0161ankstinis valymas lemia v\u0117lesn\u012f rezultat\u0105! Nes tik visi\u0161kai \u0161varus pavir\u0161ius gali b\u016bti gerai padengtas.<\/strong>Tod\u0117l norint pasiekti puik\u0173 rezultat\u0105, labai svarbu elgtis labai atsargiai. Pa\u0161alinkite liku\u010dius, tokius kaip ne\u0161varumai, dulk\u0117s, riebalai ir alyvos, nepalikdami joki\u0173 liku\u010di\u0173. Rekomenduojame pakartoti i\u0161ankstinio valymo proces\u0105, kad b\u016bt\u0173 saugu ir baigti gryno etanolio naudojimu, nes tai patikimai i\u0161tirpina riebal\u0173 junginius. M\u016bs\u0173 parduotuv\u0117je galite rasti<a href=\"https:\/\/www.versiegelung24.com\/reinigungsmittel\/\"> specialiai sukurtus produktus<\/a> tobulam i\u0161ankstiniam valymui.<\/p>\n<\/div><\/div><\/div><div class=\"wp-block-getwid-content-timeline-item__point\"><div class=\"wp-block-getwid-content-timeline-item__point-content\"><\/div><\/div><div class=\"wp-block-getwid-content-timeline-item__meta\"><p class=\"wp-block-getwid-content-timeline-item__meta-content\"><strong>Erster Schritt<\/strong><\/p><\/div><\/div><\/div>\n\n\n\n<div class=\"wp-block-getwid-content-timeline-item has-card-left\"><div class=\"wp-block-getwid-content-timeline-item__wrapper\"><div class=\"wp-block-getwid-content-timeline-item__card\"><div class=\"wp-block-getwid-content-timeline-item__card-wrapper\"><div class=\"wp-block-getwid-content-timeline-item__content-wrapper\"><div class=\"wp-block-getwid-content-timeline-item__mobile-meta\"><p class=\"wp-block-getwid-content-timeline-item__meta-content\"><strong>Zweiter Schritt<\/strong><\/p><\/div>\n<h3 class=\"wp-block-heading\" id=\"h-auftragen-der-versiegelung\">Sandariklio u\u017etepimas<\/h3>\n\n\n\n<p><strong>Kai pavir\u0161ius yra visi\u0161kai \u0161varus, pradedamas tepti skystas stiklas.<\/strong> Su daugybe med\u017eiag\u0173 tai gali<strong> pur\u0161kiamas<\/strong> &#8211; tai taikoma, pavyzd\u017eiui, vis\u0173 tip\u0173 akmenims ir sugeriantiems pavir\u0161iams, nes \u010dia sunku \u012ftrinti. Taip pat a<strong> Panardinimas<\/strong> galima,<strong> Teptukai ar da\u017e\u0173 voleliai<\/strong> Gali b\u016bti naudojamas.<br\/>Ypa\u010d sugerian\u010diais pavir\u0161iais turi b\u016bti u\u017etikrinta, kad tepamas pakankamas kiekis, kad SiO2 molekul\u0117s gal\u0117t\u0173 susikry\u017eminti be tarp\u0173. Kai kuriuos lygius pavir\u0161ius reikia sandarinti<strong> mink\u0161to audinio pagalba<\/strong> b\u016bti \u012ftrintas &#8211; automobiliams ir du\u0161o kabinoms, be kita ko, reikia \u0161io tikslaus sureguliavimo.<br\/>Norint pasiekti geriausi\u0105 rezultat\u0105, reikia did\u017eiausios prie\u017ei\u016bros.<\/p>\n<\/div><\/div><\/div><div class=\"wp-block-getwid-content-timeline-item__point\"><div class=\"wp-block-getwid-content-timeline-item__point-content\"><\/div><\/div><div class=\"wp-block-getwid-content-timeline-item__meta\"><p class=\"wp-block-getwid-content-timeline-item__meta-content\"><strong>Zweiter Schritt<\/strong><\/p><\/div><\/div><\/div>\n\n\n\n<div class=\"wp-block-getwid-content-timeline-item has-card-right\"><div class=\"wp-block-getwid-content-timeline-item__wrapper\"><div class=\"wp-block-getwid-content-timeline-item__card\"><div class=\"wp-block-getwid-content-timeline-item__card-wrapper\"><div class=\"wp-block-getwid-content-timeline-item__content-wrapper\"><div class=\"wp-block-getwid-content-timeline-item__mobile-meta\"><p class=\"wp-block-getwid-content-timeline-item__meta-content\"><strong>Dritter Schritt<\/strong><\/p><\/div>\n<h3 class=\"wp-block-heading\" id=\"h-aushartung\">D\u017eiovinimas<\/h3>\n\n\n\n<p><strong>Kai \u0161is darbas bus baigtas, skystas stiklas turi kelias valandas sukiet\u0117ti.<\/strong> Priklausomai nuo pavir\u0161iaus, reikia 12-24 valand\u0173. \u012esitikinkite, kad \u0161iam procesui \u012ftakos neturi lietus ar prie\u0161laikinis med\u017eiagos \u012ftempimas! Kantryb\u0117 ir r\u016bpestis yra apdovanoti, nes pra\u0117jus reikiamam laikui pavir\u0161ius yra elastingas, kaip \u012fprasta, ir ateityje atlaikys i\u0161orin\u012f poveik\u012f, pvz., Purv\u0105 ir or\u0105.<\/p>\n<\/div><\/div><\/div><div class=\"wp-block-getwid-content-timeline-item__point\"><div class=\"wp-block-getwid-content-timeline-item__point-content\"><\/div><\/div><div class=\"wp-block-getwid-content-timeline-item__meta\"><p class=\"wp-block-getwid-content-timeline-item__meta-content\"><strong>Dritter Schritt<\/strong><\/p><\/div><\/div><\/div>\n\n\n\n<div class=\"wp-block-getwid-content-timeline-item has-card-left\"><div class=\"wp-block-getwid-content-timeline-item__wrapper\"><div class=\"wp-block-getwid-content-timeline-item__card\"><div class=\"wp-block-getwid-content-timeline-item__card-wrapper\"><div class=\"wp-block-getwid-content-timeline-item__content-wrapper\"><div class=\"wp-block-getwid-content-timeline-item__mobile-meta\"><p class=\"wp-block-getwid-content-timeline-item__meta-content\"><strong>Fertig ist die Versiegelung!<\/strong><\/p><\/div>\n<h3 class=\"wp-block-heading\" id=\"h-\"><\/h3>\n\n\n\n<p>Po \u0161i\u0173 trij\u0173 darbo \u017eingsni\u0173 j\u016bs\u0173 pavir\u0161ius yra puikiai apsaugotas ir tai daroma daugel\u012f met\u0173!<\/p>\n<\/div><\/div><\/div><div class=\"wp-block-getwid-content-timeline-item__point\"><div class=\"wp-block-getwid-content-timeline-item__point-content\"><\/div><\/div><div class=\"wp-block-getwid-content-timeline-item__meta\"><p class=\"wp-block-getwid-content-timeline-item__meta-content\"><strong>Fertig ist die Versiegelung!<\/strong><\/p><\/div><\/div><\/div>\n<\/div><\/div>\n\n<div class=\"wp-block-columns is-layout-flex wp-container-core-columns-is-layout-9d6595d7 wp-block-columns-is-layout-flex\">\n<div class=\"wp-block-column is-layout-flow wp-block-column-is-layout-flow\">\n<div class=\"wp-block-getwid-icon-box headline-center has-text-center\"><div class=\"wp-block-getwid-icon-box__icon-container is-position-top\"><a href=\"https:\/\/www.versiegelung24.com\/lt\/apie-skysto-stiklo-technologija\/\" class=\"wp-block-getwid-icon-box__icon-wrapper\"><i class=\"fas fa-spinner\"><\/i><\/a><\/div><div class=\"wp-block-getwid-icon-box__content\">\n<h3 class=\"has-text-align-center wp-block-heading\" id=\"h-flussigglas\"><a href=\"https:\/\/www.versiegelung24.com\/lt\/apie-skysto-stiklo-technologija\/\">Skystas stiklas<\/a><\/h3>\n\n\n\n<p>Su\u017einokite daugiau!<\/p>\n<\/div><\/div>\n<\/div>\n\n\n\n<div class=\"wp-block-column is-layout-flow wp-block-column-is-layout-flow\">\n<div class=\"wp-block-getwid-icon-box headline-center has-text-center\"><div class=\"wp-block-getwid-icon-box__icon-container is-position-top\"><a href=\"https:\/\/www.versiegelung24.com\/lt\/patarimai-apie-versiegelung24-produktus\/kokie-pavirsiai-tinka\/\" class=\"wp-block-getwid-icon-box__icon-wrapper\"><i class=\"fas fa-water\"><\/i><\/a><\/div><div class=\"wp-block-getwid-icon-box__content\">\n<h3 class=\"has-text-align-center wp-block-heading\" id=\"h-oberfl-chen\"><a href=\"https:\/\/www.versiegelung24.com\/lt\/patarimai-apie-versiegelung24-produktus\/kokie-pavirsiai-tinka\/\">pavir\u0161ius<\/a><\/h3>\n\n\n\n<p>K\u0105 galiu u\u017esandarinti?<\/p>\n<\/div><\/div>\n<\/div>\n\n\n\n<div class=\"wp-block-column is-layout-flow wp-block-column-is-layout-flow\">\n<div class=\"wp-block-getwid-icon-box headline-center has-text-center\"><div class=\"wp-block-getwid-icon-box__icon-container is-position-top\"><a href=\"https:\/\/www.versiegelung24.com\/lt\/skystas-stiklas\/\" class=\"wp-block-getwid-icon-box__icon-wrapper\"><i class=\"fas fa-swatchbook\"><\/i><\/a><\/div><div class=\"wp-block-getwid-icon-box__content\">\n<h3 class=\"has-text-align-center wp-block-heading\" id=\"h-anwendung\"><a href=\"https:\/\/www.versiegelung24.com\/lt\/skystas-stiklas\/\">naudoti<\/a><\/h3>\n\n\n\n<p>Pasidaryk pats<\/p>\n<\/div><\/div>\n<\/div>\n\n\n\n<div class=\"wp-block-column headline-center is-layout-flow wp-block-column-is-layout-flow\">\n<div class=\"wp-block-getwid-icon-box has-text-center\"><div class=\"wp-block-getwid-icon-box__icon-container is-position-top\"><a href=\"https:\/\/www.versiegelung24.com\/lt\/patarimai-apie-versiegelung24-produktus\/idomus-faktai-is-sandarinimo-ir-dezinfekcijos\/\" class=\"wp-block-getwid-icon-box__icon-wrapper\"><i class=\"fas fa-check\"><\/i><\/a><\/div><div class=\"wp-block-getwid-icon-box__content\">\n<h3 class=\"has-text-align-center wp-block-heading\" id=\"h-ihr-ergebnis\"><a href=\"https:\/\/www.versiegelung24.com\/lt\/patarimai-apie-versiegelung24-produktus\/idomus-faktai-is-sandarinimo-ir-dezinfekcijos\/\">J\u016bs\u0173 rezultatas<\/a><\/h3>\n\n\n\n<p>Rezultatai<\/p>\n<\/div><\/div>\n<\/div>\n<\/div>\n\n<p><\/p>\n","protected":false},"excerpt":{"rendered":"<p>Skysto stiklo naudojimas: lengviau nei manote! Naudojant profesional\u0173 auk\u0161t\u0173j\u0173 technologij\u0173 produkt\u0105, norint pasiekti norim\u0105 rezultat\u0105, paprastai tikimasi gana sud\u0117ting\u0173 ir reikli\u0173 nurodym\u0173. Ta\u010diau skysti stiklo sandarikliai yra labai patog\u016bs gaminiai, tod\u0117l jie taip pat labai tinka asmeniniam naudojimui. Kiekvienas sandarinamas pavir\u0161ius yra skirtingas Skirtingos med\u017eiagos turi skirtingus reikalavimus. Skystas stiklas, kaip veiksmingas sandariklis, buvo pritaikytas&hellip;&nbsp;<a href=\"https:\/\/www.versiegelung24.com\/lt\/skystas-stiklas\/\" rel=\"bookmark\">Read More &raquo;<span class=\"screen-reader-text\">Parai\u0161ka<\/span><\/a><\/p>\n","protected":false},"author":932,"featured_media":44410,"parent":31244,"menu_order":3,"comment_status":"closed","ping_status":"closed","template":"","meta":{"_acf_changed":false,"neve_meta_sidebar":"","neve_meta_container":"","neve_meta_enable_content_width":"","neve_meta_content_width":0,"neve_meta_title_alignment":"","neve_meta_author_avatar":"","neve_post_elements_order":"","neve_meta_disable_header":"","neve_meta_disable_footer":"","neve_meta_disable_title":"","neve_meta_reading_time":"","footnotes":""},"categories":[3468],"seiten_kategorie":[],"class_list":["post-22199","page","type-page","status-publish","has-post-thumbnail","hentry","category-vadovas-straipsnis-skystas-stiklas"],"acf":[],"yoast_head":"<!-- This site is optimized with the Yoast SEO Premium plugin v22.8 (Yoast SEO v27.5) - https:\/\/yoast.com\/product\/yoast-seo-premium-wordpress\/ -->\n<title>Parai\u0161ka - versiegelung24.com<\/title>\n<meta name=\"robots\" content=\"index, follow, max-snippet:-1, max-image-preview:large, max-video-preview:-1\" \/>\n<link rel=\"canonical\" href=\"https:\/\/www.versiegelung24.com\/lt\/skystas-stiklas\/\" \/>\n<meta property=\"og:locale\" content=\"lt_LT\" \/>\n<meta property=\"og:type\" content=\"article\" \/>\n<meta property=\"og:title\" content=\"Parai\u0161ka\" \/>\n<meta property=\"og:description\" content=\"Skysto stiklo naudojimas: lengviau nei manote! Naudojant profesional\u0173 auk\u0161t\u0173j\u0173 technologij\u0173 produkt\u0105, norint pasiekti norim\u0105 rezultat\u0105, paprastai tikimasi gana sud\u0117ting\u0173 ir reikli\u0173 nurodym\u0173. Ta\u010diau skysti stiklo sandarikliai yra labai patog\u016bs gaminiai, tod\u0117l jie taip pat labai tinka asmeniniam naudojimui. Kiekvienas sandarinamas pavir\u0161ius yra skirtingas Skirtingos med\u017eiagos turi skirtingus reikalavimus. Skystas stiklas, kaip veiksmingas sandariklis, buvo pritaikytas&hellip;&nbsp;Read More &raquo;Parai\u0161ka\" \/>\n<meta property=\"og:url\" content=\"https:\/\/www.versiegelung24.com\/lt\/skystas-stiklas\/\" \/>\n<meta property=\"og:site_name\" content=\"versiegelung24.com\" \/>\n<meta property=\"article:modified_time\" content=\"2024-01-12T15:57:08+00:00\" \/>\n<meta property=\"og:image\" content=\"https:\/\/www.versiegelung24.com\/wp-content\/uploads\/2021\/12\/Pinsel_pictogram.png\" \/>\n\t<meta property=\"og:image:width\" content=\"1000\" \/>\n\t<meta property=\"og:image:height\" content=\"1000\" \/>\n\t<meta property=\"og:image:type\" content=\"image\/png\" \/>\n<meta name=\"twitter:card\" content=\"summary_large_image\" \/>\n<meta name=\"twitter:label1\" content=\"Est. reading time\" \/>\n\t<meta name=\"twitter:data1\" content=\"2 minut\u0117s\" \/>\n<script type=\"application\/ld+json\" class=\"yoast-schema-graph\">{\"@context\":\"https:\\\/\\\/schema.org\",\"@graph\":[{\"@type\":\"WebPage\",\"@id\":\"https:\\\/\\\/www.versiegelung24.com\\\/lt\\\/skystas-stiklas\\\/\",\"url\":\"https:\\\/\\\/www.versiegelung24.com\\\/lt\\\/skystas-stiklas\\\/\",\"name\":\"Parai\u0161ka - versiegelung24.com\",\"isPartOf\":{\"@id\":\"https:\\\/\\\/www.versiegelung24.com\\\/lt\\\/#website\"},\"primaryImageOfPage\":{\"@id\":\"https:\\\/\\\/www.versiegelung24.com\\\/lt\\\/skystas-stiklas\\\/#primaryimage\"},\"image\":{\"@id\":\"https:\\\/\\\/www.versiegelung24.com\\\/lt\\\/skystas-stiklas\\\/#primaryimage\"},\"thumbnailUrl\":\"https:\\\/\\\/www.versiegelung24.com\\\/wp-content\\\/uploads\\\/2021\\\/12\\\/Pinsel_pictogram.png\",\"datePublished\":\"2021-08-02T18:26:03+00:00\",\"dateModified\":\"2024-01-12T15:57:08+00:00\",\"breadcrumb\":{\"@id\":\"https:\\\/\\\/www.versiegelung24.com\\\/lt\\\/skystas-stiklas\\\/#breadcrumb\"},\"inLanguage\":\"lt-LT\",\"potentialAction\":[{\"@type\":\"ReadAction\",\"target\":[\"https:\\\/\\\/www.versiegelung24.com\\\/lt\\\/skystas-stiklas\\\/\"]}]},{\"@type\":\"ImageObject\",\"inLanguage\":\"lt-LT\",\"@id\":\"https:\\\/\\\/www.versiegelung24.com\\\/lt\\\/skystas-stiklas\\\/#primaryimage\",\"url\":\"https:\\\/\\\/www.versiegelung24.com\\\/wp-content\\\/uploads\\\/2021\\\/12\\\/Pinsel_pictogram.png\",\"contentUrl\":\"https:\\\/\\\/www.versiegelung24.com\\\/wp-content\\\/uploads\\\/2021\\\/12\\\/Pinsel_pictogram.png\",\"width\":1000,\"height\":1000},{\"@type\":\"BreadcrumbList\",\"@id\":\"https:\\\/\\\/www.versiegelung24.com\\\/lt\\\/skystas-stiklas\\\/#breadcrumb\",\"itemListElement\":[{\"@type\":\"ListItem\",\"position\":1,\"name\":\"Prad\u017eia\",\"item\":\"https:\\\/\\\/www.versiegelung24.com\\\/lt\\\/priekinis\\\/\"},{\"@type\":\"ListItem\",\"position\":2,\"name\":\"Konsultantas\",\"item\":\"https:\\\/\\\/www.versiegelung24.com\\\/lt\\\/ratgeber\\\/\"},{\"@type\":\"ListItem\",\"position\":3,\"name\":\"Parai\u0161ka\"}]},{\"@type\":\"WebSite\",\"@id\":\"https:\\\/\\\/www.versiegelung24.com\\\/lt\\\/#website\",\"url\":\"https:\\\/\\\/www.versiegelung24.com\\\/lt\\\/\",\"name\":\"versiegelung24.com\",\"description\":\"Fl\u00fcssigglas-Versiegelung - Made in Germany\",\"publisher\":{\"@id\":\"https:\\\/\\\/www.versiegelung24.com\\\/lt\\\/#organization\"},\"potentialAction\":[{\"@type\":\"SearchAction\",\"target\":{\"@type\":\"EntryPoint\",\"urlTemplate\":\"https:\\\/\\\/www.versiegelung24.com\\\/lt\\\/?s={search_term_string}\"},\"query-input\":{\"@type\":\"PropertyValueSpecification\",\"valueRequired\":true,\"valueName\":\"search_term_string\"}}],\"inLanguage\":\"lt-LT\"},{\"@type\":\"Organization\",\"@id\":\"https:\\\/\\\/www.versiegelung24.com\\\/lt\\\/#organization\",\"name\":\"versiegelung24\",\"url\":\"https:\\\/\\\/www.versiegelung24.com\\\/lt\\\/\",\"logo\":{\"@type\":\"ImageObject\",\"inLanguage\":\"lt-LT\",\"@id\":\"https:\\\/\\\/www.versiegelung24.com\\\/lt\\\/#\\\/schema\\\/logo\\\/image\\\/\",\"url\":\"https:\\\/\\\/www.versiegelung24.com\\\/wp-content\\\/uploads\\\/2020\\\/04\\\/versiegelung24.png\",\"contentUrl\":\"https:\\\/\\\/www.versiegelung24.com\\\/wp-content\\\/uploads\\\/2020\\\/04\\\/versiegelung24.png\",\"width\":470,\"height\":102,\"caption\":\"versiegelung24\"},\"image\":{\"@id\":\"https:\\\/\\\/www.versiegelung24.com\\\/lt\\\/#\\\/schema\\\/logo\\\/image\\\/\"}}]}<\/script>\n<!-- \/ Yoast SEO Premium plugin. -->","yoast_head_json":{"title":"Parai\u0161ka - versiegelung24.com","robots":{"index":"index","follow":"follow","max-snippet":"max-snippet:-1","max-image-preview":"max-image-preview:large","max-video-preview":"max-video-preview:-1"},"canonical":"https:\/\/www.versiegelung24.com\/lt\/skystas-stiklas\/","og_locale":"lt_LT","og_type":"article","og_title":"Parai\u0161ka","og_description":"Skysto stiklo naudojimas: lengviau nei manote! Naudojant profesional\u0173 auk\u0161t\u0173j\u0173 technologij\u0173 produkt\u0105, norint pasiekti norim\u0105 rezultat\u0105, paprastai tikimasi gana sud\u0117ting\u0173 ir reikli\u0173 nurodym\u0173. Ta\u010diau skysti stiklo sandarikliai yra labai patog\u016bs gaminiai, tod\u0117l jie taip pat labai tinka asmeniniam naudojimui. Kiekvienas sandarinamas pavir\u0161ius yra skirtingas Skirtingos med\u017eiagos turi skirtingus reikalavimus. Skystas stiklas, kaip veiksmingas sandariklis, buvo pritaikytas&hellip;&nbsp;Read More &raquo;Parai\u0161ka","og_url":"https:\/\/www.versiegelung24.com\/lt\/skystas-stiklas\/","og_site_name":"versiegelung24.com","article_modified_time":"2024-01-12T15:57:08+00:00","og_image":[{"width":1000,"height":1000,"url":"https:\/\/www.versiegelung24.com\/wp-content\/uploads\/2021\/12\/Pinsel_pictogram.png","type":"image\/png"}],"twitter_card":"summary_large_image","twitter_misc":{"Est. reading time":"2 minut\u0117s"},"schema":{"@context":"https:\/\/schema.org","@graph":[{"@type":"WebPage","@id":"https:\/\/www.versiegelung24.com\/lt\/skystas-stiklas\/","url":"https:\/\/www.versiegelung24.com\/lt\/skystas-stiklas\/","name":"Parai\u0161ka - versiegelung24.com","isPartOf":{"@id":"https:\/\/www.versiegelung24.com\/lt\/#website"},"primaryImageOfPage":{"@id":"https:\/\/www.versiegelung24.com\/lt\/skystas-stiklas\/#primaryimage"},"image":{"@id":"https:\/\/www.versiegelung24.com\/lt\/skystas-stiklas\/#primaryimage"},"thumbnailUrl":"https:\/\/www.versiegelung24.com\/wp-content\/uploads\/2021\/12\/Pinsel_pictogram.png","datePublished":"2021-08-02T18:26:03+00:00","dateModified":"2024-01-12T15:57:08+00:00","breadcrumb":{"@id":"https:\/\/www.versiegelung24.com\/lt\/skystas-stiklas\/#breadcrumb"},"inLanguage":"lt-LT","potentialAction":[{"@type":"ReadAction","target":["https:\/\/www.versiegelung24.com\/lt\/skystas-stiklas\/"]}]},{"@type":"ImageObject","inLanguage":"lt-LT","@id":"https:\/\/www.versiegelung24.com\/lt\/skystas-stiklas\/#primaryimage","url":"https:\/\/www.versiegelung24.com\/wp-content\/uploads\/2021\/12\/Pinsel_pictogram.png","contentUrl":"https:\/\/www.versiegelung24.com\/wp-content\/uploads\/2021\/12\/Pinsel_pictogram.png","width":1000,"height":1000},{"@type":"BreadcrumbList","@id":"https:\/\/www.versiegelung24.com\/lt\/skystas-stiklas\/#breadcrumb","itemListElement":[{"@type":"ListItem","position":1,"name":"Prad\u017eia","item":"https:\/\/www.versiegelung24.com\/lt\/priekinis\/"},{"@type":"ListItem","position":2,"name":"Konsultantas","item":"https:\/\/www.versiegelung24.com\/lt\/ratgeber\/"},{"@type":"ListItem","position":3,"name":"Parai\u0161ka"}]},{"@type":"WebSite","@id":"https:\/\/www.versiegelung24.com\/lt\/#website","url":"https:\/\/www.versiegelung24.com\/lt\/","name":"versiegelung24.com","description":"Fl\u00fcssigglas-Versiegelung - Made in Germany","publisher":{"@id":"https:\/\/www.versiegelung24.com\/lt\/#organization"},"potentialAction":[{"@type":"SearchAction","target":{"@type":"EntryPoint","urlTemplate":"https:\/\/www.versiegelung24.com\/lt\/?s={search_term_string}"},"query-input":{"@type":"PropertyValueSpecification","valueRequired":true,"valueName":"search_term_string"}}],"inLanguage":"lt-LT"},{"@type":"Organization","@id":"https:\/\/www.versiegelung24.com\/lt\/#organization","name":"versiegelung24","url":"https:\/\/www.versiegelung24.com\/lt\/","logo":{"@type":"ImageObject","inLanguage":"lt-LT","@id":"https:\/\/www.versiegelung24.com\/lt\/#\/schema\/logo\/image\/","url":"https:\/\/www.versiegelung24.com\/wp-content\/uploads\/2020\/04\/versiegelung24.png","contentUrl":"https:\/\/www.versiegelung24.com\/wp-content\/uploads\/2020\/04\/versiegelung24.png","width":470,"height":102,"caption":"versiegelung24"},"image":{"@id":"https:\/\/www.versiegelung24.com\/lt\/#\/schema\/logo\/image\/"}}]}},"_links":{"self":[{"href":"https:\/\/www.versiegelung24.com\/lt\/wp-json\/wp\/v2\/pages\/22199","targetHints":{"allow":["GET"]}}],"collection":[{"href":"https:\/\/www.versiegelung24.com\/lt\/wp-json\/wp\/v2\/pages"}],"about":[{"href":"https:\/\/www.versiegelung24.com\/lt\/wp-json\/wp\/v2\/types\/page"}],"author":[{"embeddable":true,"href":"https:\/\/www.versiegelung24.com\/lt\/wp-json\/wp\/v2\/users\/932"}],"replies":[{"embeddable":true,"href":"https:\/\/www.versiegelung24.com\/lt\/wp-json\/wp\/v2\/comments?post=22199"}],"version-history":[{"count":9,"href":"https:\/\/www.versiegelung24.com\/lt\/wp-json\/wp\/v2\/pages\/22199\/revisions"}],"predecessor-version":[{"id":142204,"href":"https:\/\/www.versiegelung24.com\/lt\/wp-json\/wp\/v2\/pages\/22199\/revisions\/142204"}],"up":[{"embeddable":true,"href":"https:\/\/www.versiegelung24.com\/lt\/wp-json\/wp\/v2\/pages\/31244"}],"wp:featuredmedia":[{"embeddable":true,"href":"https:\/\/www.versiegelung24.com\/lt\/wp-json\/wp\/v2\/media\/44410"}],"wp:attachment":[{"href":"https:\/\/www.versiegelung24.com\/lt\/wp-json\/wp\/v2\/media?parent=22199"}],"wp:term":[{"taxonomy":"category","embeddable":true,"href":"https:\/\/www.versiegelung24.com\/lt\/wp-json\/wp\/v2\/categories?post=22199"},{"taxonomy":"seiten_kategorie","embeddable":true,"href":"https:\/\/www.versiegelung24.com\/lt\/wp-json\/wp\/v2\/seiten_kategorie?post=22199"}],"curies":[{"name":"wp","href":"https:\/\/api.w.org\/{rel}","templated":true}]}}