{"id":22532,"date":"2021-08-02T20:46:15","date_gmt":"2021-08-02T18:46:15","guid":{"rendered":"https:\/\/www.versiegelung24.com\/atsaukimo-politika-ir-atsaukimo-forma"},"modified":"2024-06-25T20:51:07","modified_gmt":"2024-06-25T18:51:07","slug":"atsaukimo-politika","status":"publish","type":"page","link":"https:\/\/www.versiegelung24.com\/lt\/atsaukimo-politika\/","title":{"rendered":"At\u0161aukimo politika ir at\u0161aukimo forma"},"content":{"rendered":"<div class=\"main-container col1-layout\">\n<div class=\"main container\">\n<div class=\"inner-container\">\n<div class=\"col-main\">\n<div class=\"std\">\n<p>Vartotojai turi teis\u0119 atsisakyti sutarties pagal \u0161ias nuostatas, pagal kurias vartotojas yra bet kuris fizinis asmuo, kuris sudaro teisin\u012f sandor\u012f tikslais, kurie i\u0161 esm\u0117s n\u0117ra nei komerciniai, nei savaranki\u0161kai dirbantys asmenys:<\/p>\n<p><strong>A. At\u0161aukimo politika<\/strong><\/p>\n<p><strong>Teis\u0117 atsisakyti sutarties<br \/>\n<\/strong> J\u016bs turite teis\u0119 atsisakyti \u0161ios sutarties per 14 dien\u0173 nenurodydami prie\u017easties.<\/p>\n<p>At\u0161aukimo laikotarpis yra 14 dien\u0173 nuo tos dienos, kai j\u016bs arba j\u016bs\u0173 \u012fvardyta tre\u010dioji \u0161alis, kuri n\u0117ra ve\u017e\u0117jas, per\u0117m\u0117 paskutines prekes.<\/p>\n<p>Nor\u0117dami pasinaudoti teise atsisakyti sutarties, turite mus (Holger K\u00e4ding, An den Ellmen 14, 53773 Hennef, tel.: 02242-9695650, el. pa\u0161tas: info@versiegelung24.com) informuoti ai\u0161kiu parei\u0161kimu (pvz., pa\u0161tu i\u0161si\u0173stu lai\u0161ku arba el. pa\u0161tu) apie savo sprendim\u0105 atsisakyti \u0161ios sutarties. \u0160iuo tikslu galite naudoti pridedam\u0105 atsisakymo form\u0105, ta\u010diau tai n\u0117ra privaloma.<\/p>\n<p>Kad at\u0161aukimo terminas b\u016bt\u0173 \u012fvykdytas, pakanka i\u0161si\u0173sti prane\u0161im\u0105 apie at\u0161aukimo teis\u0117s \u012fgyvendinim\u0105 nepasibaigus at\u0161aukimo laikotarpiui.<\/p>\n<p><strong><br \/>\nSutarties<\/strong><strong>nutraukimo pasekm\u0117s<\/strong>Jei nutraukiate \u0161i\u0105 sutart\u012f, mes nedelsdami ir bet kuriuo atveju ne v\u0117liau kaip per 14 dien\u0173 nuo tos dienos, kai mums buvo prane\u0161ta apie j\u016bs\u0173 sprendim\u0105 nutraukti \u0161i\u0105 sutart\u012f, gr\u0105\u017einame jums visus i\u0161 j\u016bs\u0173 gautus mok\u0117jimus, \u012fskaitant pristatymo i\u0161laidas (i\u0161skyrus papildomas i\u0161laidas, atsiradusias d\u0117l to, kad pasirinkote kit\u0105 pristatymo b\u016bd\u0105 nei m\u016bs\u0173 si\u016blomas pigiausias standartinio pristatymo b\u016bdas).<strong><\/strong> \u0160iam gr\u0105\u017einimui naudosime tas pa\u010dias mok\u0117jimo priemones, kurias naudojote pradinei operacijai, nebent su jumis buvo ai\u0161kiai susitarta d\u0117l ko nors kito; Jokiu b\u016bdu u\u017e \u0161\u012f gr\u0105\u017einim\u0105 neb\u016bsite apmokestinti. Mes galime atsisakyti gr\u0105\u017einti pinigus, kol negr\u0105\u017einsime preki\u0173 arba kol nepateiksite \u012frodym\u0173, kad i\u0161siunt\u0117te prekes, atsi\u017evelgiant \u012f tai, kas \u012fvyksta anks\u010diau.<\/p>\n<p>J\u016bs turite nedelsdami ir bet kuriuo atveju ne v\u0117liau kaip per keturiolika dien\u0173 nuo tos dienos, kai mus informavote apie \u0161ios sutarties nutraukim\u0105, gr\u0105\u017einti arba perduoti mums prekes. Termino nesilaikoma, jei siun\u010diate prekes nepasibaigus keturiolikos dien\u0173 laikotarpiui.<\/p>\n<p>J\u016bs prisiimate tiesiogines preki\u0173 gr\u0105\u017einimo i\u0161laidas.<\/p>\n<p>J\u016bs turite sumok\u0117ti tik u\u017e bet kok\u012f prek\u0117s vert\u0117s suma\u017e\u0117jim\u0105, jei \u0161is vert\u0117s suma\u017e\u0117jimas atsirado d\u0117l preki\u0173 tvarkymo, kuris n\u0117ra b\u016btinas norint patikrinti preki\u0173 pob\u016bd\u012f, savybes ir funkcionalum\u0105.<\/p>\n<p>Teis\u0117s atsisakyti sutarties atsisakymas arba ankstyvas pasibaigimas<\/p>\n<p>Sutartys d\u0117l garso ar vaizdo \u012fra\u0161\u0173 ar kompiuterin\u0117s programin\u0117s \u012frangos pristatymo sandarioje pakuot\u0117je, jei antspaudas buvo pa\u0161alintas po pristatymo, nutraukimo teis\u0117 pasibaigia anks\u010diau laiko.<\/p>\n<p><strong>B. At\u0161aukimo forma<\/strong><\/p>\n<p>Jei norite nutraukti sutart\u012f, u\u017epildykite \u0161i\u0105 form\u0105 ir atsi\u0173skite j\u0105 atgal.<\/p>\n<p>\u012ejungta<\/p>\n<p>samstore.de<\/p>\n<p>Holgeris K\u00e4dingas<br \/>\n\u201eEllmen\u201c 14<br \/>\n53773 Hennef<br \/>\nVokietija<br \/>\nPa\u0161tas: info@versiegelung24.com<\/p>\n<p>A\u0161 \/ mes (*) at\u0161aukiame mano \/ m\u016bs\u0173 (*) sudaryt\u0105 sutart\u012f d\u0117l \u0161i\u0173 preki\u0173 pirkimo (*) \/ \u0161ios paslaugos teikimo (*)<\/p>\n<p>_______________________________________________________<\/p>\n<p>_______________________________________________________<\/p>\n<p>U\u017esakyta (*) ____________ \/ gauta (*) __________________<\/p>\n<p>________________________________________________________<\/p>\n<p>Vartotojo (-\u0173) vardas<\/p>\n<p>________________________________________________________<\/p>\n<p>Vartotojo (-\u0173) adresas<\/p>\n<p>________________________________________________________<\/p>\n<p>Vartotojo (-\u0173) para\u0161as (tik jei jis pateikiamas popieriuje)<\/p>\n<p>_________________________<\/p>\n<p>data<\/p>\n<p>(*) I\u0161braukti, jei netaikoma<\/p>\n<\/div>\n<\/div>\n<div class=\"postscript\"><\/div>\n<\/div>\n<\/div>\n<div class=\"main-bottom-container\"><\/div>\n<\/div>\n<div class=\"footer-container\">\n<div class=\"footer-container2\">\n<div class=\"footer-container3\">\n<div class=\"footer-primary-container section-container\">\n<div class=\"footer-primary footer container\">\n<div class=\"inner-container\">\n<div class=\"clearer\">\n<div class=\"grid12-3\">\n<div class=\"std\">\n<div class=\"collapsible mobile-collapsible\"><\/div>\n<\/div>\n<\/div>\n<\/div>\n<\/div>\n<\/div>\n<\/div>\n<\/div>\n<\/div>\n<\/div>\n","protected":false},"excerpt":{"rendered":"<p>Vartotojai turi teis\u0119 atsisakyti sutarties pagal \u0161ias nuostatas, pagal kurias vartotojas yra bet kuris fizinis asmuo, kuris sudaro teisin\u012f sandor\u012f tikslais, kurie i\u0161 esm\u0117s n\u0117ra nei komerciniai, nei savaranki\u0161kai dirbantys asmenys: A. At\u0161aukimo politika Teis\u0117 atsisakyti sutarties J\u016bs turite teis\u0119 atsisakyti \u0161ios sutarties per 14 dien\u0173 nenurodydami prie\u017easties. At\u0161aukimo laikotarpis yra 14 dien\u0173 nuo tos&hellip;&nbsp;<a href=\"https:\/\/www.versiegelung24.com\/lt\/atsaukimo-politika\/\" rel=\"bookmark\">Read More &raquo;<span class=\"screen-reader-text\">At\u0161aukimo politika ir at\u0161aukimo forma<\/span><\/a><\/p>\n","protected":false},"author":932,"featured_media":71028,"parent":0,"menu_order":0,"comment_status":"closed","ping_status":"closed","template":"","meta":{"_acf_changed":false,"neve_meta_sidebar":"","neve_meta_container":"","neve_meta_enable_content_width":"","neve_meta_content_width":0,"neve_meta_title_alignment":"","neve_meta_author_avatar":"","neve_post_elements_order":"","neve_meta_disable_header":"","neve_meta_disable_footer":"","neve_meta_disable_title":"","neve_meta_reading_time":"","footnotes":""},"categories":[],"seiten_kategorie":[],"class_list":["post-22532","page","type-page","status-publish","has-post-thumbnail","hentry"],"acf":[],"yoast_head":"<!-- This site is optimized with the Yoast SEO Premium plugin v22.8 (Yoast SEO v27.5) - https:\/\/yoast.com\/product\/yoast-seo-premium-wordpress\/ -->\n<title>At\u0161aukimo politika ir at\u0161aukimo forma - versiegelung24.com<\/title>\n<meta name=\"robots\" content=\"index, follow, max-snippet:-1, max-image-preview:large, max-video-preview:-1\" \/>\n<link rel=\"canonical\" href=\"https:\/\/www.versiegelung24.com\/lt\/atsaukimo-politika\/\" \/>\n<meta property=\"og:locale\" content=\"lt_LT\" \/>\n<meta property=\"og:type\" content=\"article\" \/>\n<meta property=\"og:title\" content=\"At\u0161aukimo politika ir at\u0161aukimo forma\" \/>\n<meta property=\"og:description\" content=\"Vartotojai turi teis\u0119 atsisakyti sutarties pagal \u0161ias nuostatas, pagal kurias vartotojas yra bet kuris fizinis asmuo, kuris sudaro teisin\u012f sandor\u012f tikslais, kurie i\u0161 esm\u0117s n\u0117ra nei komerciniai, nei savaranki\u0161kai dirbantys asmenys: A. At\u0161aukimo politika Teis\u0117 atsisakyti sutarties J\u016bs turite teis\u0119 atsisakyti \u0161ios sutarties per 14 dien\u0173 nenurodydami prie\u017easties. At\u0161aukimo laikotarpis yra 14 dien\u0173 nuo tos&hellip;&nbsp;Read More &raquo;At\u0161aukimo politika ir at\u0161aukimo forma\" \/>\n<meta property=\"og:url\" content=\"https:\/\/www.versiegelung24.com\/lt\/atsaukimo-politika\/\" \/>\n<meta property=\"og:site_name\" content=\"versiegelung24.com\" \/>\n<meta property=\"article:modified_time\" content=\"2024-06-25T18:51:07+00:00\" \/>\n<meta property=\"og:image\" content=\"https:\/\/www.versiegelung24.com\/wp-content\/uploads\/2022\/02\/Widerruf.png\" \/>\n\t<meta property=\"og:image:width\" content=\"2000\" \/>\n\t<meta property=\"og:image:height\" content=\"2000\" \/>\n\t<meta property=\"og:image:type\" content=\"image\/png\" \/>\n<meta name=\"twitter:card\" content=\"summary_large_image\" \/>\n<meta name=\"twitter:label1\" content=\"Est. reading time\" \/>\n\t<meta name=\"twitter:data1\" content=\"2 minut\u0117s\" \/>\n<script type=\"application\/ld+json\" class=\"yoast-schema-graph\">{\"@context\":\"https:\\\/\\\/schema.org\",\"@graph\":[{\"@type\":\"WebPage\",\"@id\":\"https:\\\/\\\/www.versiegelung24.com\\\/lt\\\/atsaukimo-politika\\\/\",\"url\":\"https:\\\/\\\/www.versiegelung24.com\\\/lt\\\/atsaukimo-politika\\\/\",\"name\":\"At\u0161aukimo politika ir at\u0161aukimo forma - versiegelung24.com\",\"isPartOf\":{\"@id\":\"https:\\\/\\\/www.versiegelung24.com\\\/lt\\\/#website\"},\"primaryImageOfPage\":{\"@id\":\"https:\\\/\\\/www.versiegelung24.com\\\/lt\\\/atsaukimo-politika\\\/#primaryimage\"},\"image\":{\"@id\":\"https:\\\/\\\/www.versiegelung24.com\\\/lt\\\/atsaukimo-politika\\\/#primaryimage\"},\"thumbnailUrl\":\"https:\\\/\\\/www.versiegelung24.com\\\/wp-content\\\/uploads\\\/2022\\\/02\\\/Widerruf.png\",\"datePublished\":\"2021-08-02T18:46:15+00:00\",\"dateModified\":\"2024-06-25T18:51:07+00:00\",\"breadcrumb\":{\"@id\":\"https:\\\/\\\/www.versiegelung24.com\\\/lt\\\/atsaukimo-politika\\\/#breadcrumb\"},\"inLanguage\":\"lt-LT\",\"potentialAction\":[{\"@type\":\"ReadAction\",\"target\":[\"https:\\\/\\\/www.versiegelung24.com\\\/lt\\\/atsaukimo-politika\\\/\"]}]},{\"@type\":\"ImageObject\",\"inLanguage\":\"lt-LT\",\"@id\":\"https:\\\/\\\/www.versiegelung24.com\\\/lt\\\/atsaukimo-politika\\\/#primaryimage\",\"url\":\"https:\\\/\\\/www.versiegelung24.com\\\/wp-content\\\/uploads\\\/2022\\\/02\\\/Widerruf.png\",\"contentUrl\":\"https:\\\/\\\/www.versiegelung24.com\\\/wp-content\\\/uploads\\\/2022\\\/02\\\/Widerruf.png\",\"width\":2000,\"height\":2000},{\"@type\":\"BreadcrumbList\",\"@id\":\"https:\\\/\\\/www.versiegelung24.com\\\/lt\\\/atsaukimo-politika\\\/#breadcrumb\",\"itemListElement\":[{\"@type\":\"ListItem\",\"position\":1,\"name\":\"Prad\u017eia\",\"item\":\"https:\\\/\\\/www.versiegelung24.com\\\/lt\\\/priekinis\\\/\"},{\"@type\":\"ListItem\",\"position\":2,\"name\":\"At\u0161aukimo politika ir at\u0161aukimo forma\"}]},{\"@type\":\"WebSite\",\"@id\":\"https:\\\/\\\/www.versiegelung24.com\\\/lt\\\/#website\",\"url\":\"https:\\\/\\\/www.versiegelung24.com\\\/lt\\\/\",\"name\":\"versiegelung24.com\",\"description\":\"Fl\u00fcssigglas-Versiegelung - Made in Germany\",\"publisher\":{\"@id\":\"https:\\\/\\\/www.versiegelung24.com\\\/lt\\\/#organization\"},\"potentialAction\":[{\"@type\":\"SearchAction\",\"target\":{\"@type\":\"EntryPoint\",\"urlTemplate\":\"https:\\\/\\\/www.versiegelung24.com\\\/lt\\\/?s={search_term_string}\"},\"query-input\":{\"@type\":\"PropertyValueSpecification\",\"valueRequired\":true,\"valueName\":\"search_term_string\"}}],\"inLanguage\":\"lt-LT\"},{\"@type\":\"Organization\",\"@id\":\"https:\\\/\\\/www.versiegelung24.com\\\/lt\\\/#organization\",\"name\":\"versiegelung24\",\"url\":\"https:\\\/\\\/www.versiegelung24.com\\\/lt\\\/\",\"logo\":{\"@type\":\"ImageObject\",\"inLanguage\":\"lt-LT\",\"@id\":\"https:\\\/\\\/www.versiegelung24.com\\\/lt\\\/#\\\/schema\\\/logo\\\/image\\\/\",\"url\":\"https:\\\/\\\/www.versiegelung24.com\\\/wp-content\\\/uploads\\\/2020\\\/04\\\/versiegelung24.png\",\"contentUrl\":\"https:\\\/\\\/www.versiegelung24.com\\\/wp-content\\\/uploads\\\/2020\\\/04\\\/versiegelung24.png\",\"width\":470,\"height\":102,\"caption\":\"versiegelung24\"},\"image\":{\"@id\":\"https:\\\/\\\/www.versiegelung24.com\\\/lt\\\/#\\\/schema\\\/logo\\\/image\\\/\"}}]}<\/script>\n<!-- \/ Yoast SEO Premium plugin. -->","yoast_head_json":{"title":"At\u0161aukimo politika ir at\u0161aukimo forma - versiegelung24.com","robots":{"index":"index","follow":"follow","max-snippet":"max-snippet:-1","max-image-preview":"max-image-preview:large","max-video-preview":"max-video-preview:-1"},"canonical":"https:\/\/www.versiegelung24.com\/lt\/atsaukimo-politika\/","og_locale":"lt_LT","og_type":"article","og_title":"At\u0161aukimo politika ir at\u0161aukimo forma","og_description":"Vartotojai turi teis\u0119 atsisakyti sutarties pagal \u0161ias nuostatas, pagal kurias vartotojas yra bet kuris fizinis asmuo, kuris sudaro teisin\u012f sandor\u012f tikslais, kurie i\u0161 esm\u0117s n\u0117ra nei komerciniai, nei savaranki\u0161kai dirbantys asmenys: A. At\u0161aukimo politika Teis\u0117 atsisakyti sutarties J\u016bs turite teis\u0119 atsisakyti \u0161ios sutarties per 14 dien\u0173 nenurodydami prie\u017easties. At\u0161aukimo laikotarpis yra 14 dien\u0173 nuo tos&hellip;&nbsp;Read More &raquo;At\u0161aukimo politika ir at\u0161aukimo forma","og_url":"https:\/\/www.versiegelung24.com\/lt\/atsaukimo-politika\/","og_site_name":"versiegelung24.com","article_modified_time":"2024-06-25T18:51:07+00:00","og_image":[{"width":2000,"height":2000,"url":"https:\/\/www.versiegelung24.com\/wp-content\/uploads\/2022\/02\/Widerruf.png","type":"image\/png"}],"twitter_card":"summary_large_image","twitter_misc":{"Est. reading time":"2 minut\u0117s"},"schema":{"@context":"https:\/\/schema.org","@graph":[{"@type":"WebPage","@id":"https:\/\/www.versiegelung24.com\/lt\/atsaukimo-politika\/","url":"https:\/\/www.versiegelung24.com\/lt\/atsaukimo-politika\/","name":"At\u0161aukimo politika ir at\u0161aukimo forma - versiegelung24.com","isPartOf":{"@id":"https:\/\/www.versiegelung24.com\/lt\/#website"},"primaryImageOfPage":{"@id":"https:\/\/www.versiegelung24.com\/lt\/atsaukimo-politika\/#primaryimage"},"image":{"@id":"https:\/\/www.versiegelung24.com\/lt\/atsaukimo-politika\/#primaryimage"},"thumbnailUrl":"https:\/\/www.versiegelung24.com\/wp-content\/uploads\/2022\/02\/Widerruf.png","datePublished":"2021-08-02T18:46:15+00:00","dateModified":"2024-06-25T18:51:07+00:00","breadcrumb":{"@id":"https:\/\/www.versiegelung24.com\/lt\/atsaukimo-politika\/#breadcrumb"},"inLanguage":"lt-LT","potentialAction":[{"@type":"ReadAction","target":["https:\/\/www.versiegelung24.com\/lt\/atsaukimo-politika\/"]}]},{"@type":"ImageObject","inLanguage":"lt-LT","@id":"https:\/\/www.versiegelung24.com\/lt\/atsaukimo-politika\/#primaryimage","url":"https:\/\/www.versiegelung24.com\/wp-content\/uploads\/2022\/02\/Widerruf.png","contentUrl":"https:\/\/www.versiegelung24.com\/wp-content\/uploads\/2022\/02\/Widerruf.png","width":2000,"height":2000},{"@type":"BreadcrumbList","@id":"https:\/\/www.versiegelung24.com\/lt\/atsaukimo-politika\/#breadcrumb","itemListElement":[{"@type":"ListItem","position":1,"name":"Prad\u017eia","item":"https:\/\/www.versiegelung24.com\/lt\/priekinis\/"},{"@type":"ListItem","position":2,"name":"At\u0161aukimo politika ir at\u0161aukimo forma"}]},{"@type":"WebSite","@id":"https:\/\/www.versiegelung24.com\/lt\/#website","url":"https:\/\/www.versiegelung24.com\/lt\/","name":"versiegelung24.com","description":"Fl\u00fcssigglas-Versiegelung - Made in Germany","publisher":{"@id":"https:\/\/www.versiegelung24.com\/lt\/#organization"},"potentialAction":[{"@type":"SearchAction","target":{"@type":"EntryPoint","urlTemplate":"https:\/\/www.versiegelung24.com\/lt\/?s={search_term_string}"},"query-input":{"@type":"PropertyValueSpecification","valueRequired":true,"valueName":"search_term_string"}}],"inLanguage":"lt-LT"},{"@type":"Organization","@id":"https:\/\/www.versiegelung24.com\/lt\/#organization","name":"versiegelung24","url":"https:\/\/www.versiegelung24.com\/lt\/","logo":{"@type":"ImageObject","inLanguage":"lt-LT","@id":"https:\/\/www.versiegelung24.com\/lt\/#\/schema\/logo\/image\/","url":"https:\/\/www.versiegelung24.com\/wp-content\/uploads\/2020\/04\/versiegelung24.png","contentUrl":"https:\/\/www.versiegelung24.com\/wp-content\/uploads\/2020\/04\/versiegelung24.png","width":470,"height":102,"caption":"versiegelung24"},"image":{"@id":"https:\/\/www.versiegelung24.com\/lt\/#\/schema\/logo\/image\/"}}]}},"_links":{"self":[{"href":"https:\/\/www.versiegelung24.com\/lt\/wp-json\/wp\/v2\/pages\/22532","targetHints":{"allow":["GET"]}}],"collection":[{"href":"https:\/\/www.versiegelung24.com\/lt\/wp-json\/wp\/v2\/pages"}],"about":[{"href":"https:\/\/www.versiegelung24.com\/lt\/wp-json\/wp\/v2\/types\/page"}],"author":[{"embeddable":true,"href":"https:\/\/www.versiegelung24.com\/lt\/wp-json\/wp\/v2\/users\/932"}],"replies":[{"embeddable":true,"href":"https:\/\/www.versiegelung24.com\/lt\/wp-json\/wp\/v2\/comments?post=22532"}],"version-history":[{"count":3,"href":"https:\/\/www.versiegelung24.com\/lt\/wp-json\/wp\/v2\/pages\/22532\/revisions"}],"predecessor-version":[{"id":167639,"href":"https:\/\/www.versiegelung24.com\/lt\/wp-json\/wp\/v2\/pages\/22532\/revisions\/167639"}],"wp:featuredmedia":[{"embeddable":true,"href":"https:\/\/www.versiegelung24.com\/lt\/wp-json\/wp\/v2\/media\/71028"}],"wp:attachment":[{"href":"https:\/\/www.versiegelung24.com\/lt\/wp-json\/wp\/v2\/media?parent=22532"}],"wp:term":[{"taxonomy":"category","embeddable":true,"href":"https:\/\/www.versiegelung24.com\/lt\/wp-json\/wp\/v2\/categories?post=22532"},{"taxonomy":"seiten_kategorie","embeddable":true,"href":"https:\/\/www.versiegelung24.com\/lt\/wp-json\/wp\/v2\/seiten_kategorie?post=22532"}],"curies":[{"name":"wp","href":"https:\/\/api.w.org\/{rel}","templated":true}]}}