{"id":25541,"date":"2021-08-03T10:28:20","date_gmt":"2021-08-03T08:28:20","guid":{"rendered":"https:\/\/www.versiegelung24.com\/pirkite-ccm-gmbh-produktus-internetineje-parduotuveje"},"modified":"2024-06-25T20:51:35","modified_gmt":"2024-06-25T18:51:35","slug":"apie-ccm-gmbh","status":"publish","type":"page","link":"https:\/\/www.versiegelung24.com\/lt\/pirkite-ccm-gmbh-produktus-internetineje-parduotuveje\/","title":{"rendered":"Pirkite CCM GmbH produktus internetin\u0117je parduotuv\u0117je"},"content":{"rendered":"<h2><span style=\"color: var(--nv-text-color);font-family: Graphik,-apple-system,BlinkMacSystemFont,Segoe UI,var(--nv-fallback-ff);font-size: 2em;font-weight: 600;background-color: var(--nv-site-bg)\">Pirkite produktus i\u0161 CCM GmbH i\u0161 Overath \/ Vokietija internetin\u0117je parduotuv\u0117je<\/span><\/h2>\n<div class=\"std\">\n<div>\n<figure id=\"attachment_15239\" aria-describedby=\"caption-attachment-15239\" style=\"width: 300px\" class=\"wp-caption alignleft\"><a href=\"https:\/\/www.versiegelung24.com\/wp-content\/uploads\/2020\/05\/CCM_Gebaeude-300x203.jpg\"><img fetchpriority=\"high\" decoding=\"async\" class=\"wp-image-7780 size-medium\" src=\"https:\/\/www.versiegelung24.com\/wp-content\/uploads\/2020\/05\/CCM_Gebaeude-300x203.jpg\" alt=\"CCM Zentrale in Overath\" width=\"300\" height=\"203\" srcset=\"https:\/\/www.versiegelung24.com\/wp-content\/uploads\/2020\/05\/CCM_Gebaeude-300x203.jpg 300w, https:\/\/www.versiegelung24.com\/wp-content\/uploads\/2020\/05\/CCM_Gebaeude-16x12.jpg 16w, https:\/\/www.versiegelung24.com\/wp-content\/uploads\/2020\/05\/CCM_Gebaeude.jpg 400w\" sizes=\"(max-width: 300px) 100vw, 300px\" \/><\/a><figcaption id=\"caption-attachment-15239\" class=\"wp-caption-text\">CCM b\u016bstin\u0117 Overate<\/figcaption><\/figure>\n<p>\u201ePagaminta Vokietijoje\u201c yra pasaulinis inovacij\u0173 ir auk\u0161\u010diausios kokyb\u0117s terminas ir yra \u017einomas, pavyzd\u017eiui, automobili\u0173, mechanin\u0117s in\u017einerijos ir chemijos srityse. Be dideli\u0173 tarptautini\u0173 bendrovi\u0173, Vokietija vis\u0173 pirma turi \u0161imtus t\u016bkstan\u010di\u0173 novatori\u0161k\u0173 ma\u017e\u0173 ir vidutini\u0173 \u012fmoni\u0173, kurios yra labai k\u016brybingos ir da\u017enai savo ma\u017eose ni\u0161ose pasaulio lyder\u0117s, kult\u016br\u0105 (\u0161ios bendrov\u0117s da\u017eniausiai vadinamos \u201epasl\u0117ptomis \u010dempion\u0117mis\u201c). ).<\/p>\n<\/div>\n<div>\n<p>\u201eCCM GmbH\u201c gamina ir parduoda vokie\u010di\u0173 i\u0161rad\u0117j\u0173, unikali\u0173 auk\u0161\u010diausios kokyb\u0117s problem\u0173 sprend\u0117j\u0173, id\u0117jas. J\u012f 2007 metais \u012fk\u016br\u0117 du generaliniai direktoriai Heiner Perk ir Bernd Zimmermann. Tai unikalus naujovi\u0173, gamybos ir pasaulinio pardavimo tinklas. Pagaminta Vokietijoje.<\/p>\n<p>CCM gyvena giliai \u012fsitikin\u0119s, kad unikal\u016bs produktai gali b\u016bti s\u0117kmingai parduodami visame pasaulyje tik tuo atveju, jei unikal\u016bs \u017emon\u0117s yra partneriai. \u201eCCM GmbH\u201c jau dirba su tokiais \u017emon\u0117mis daugiau nei 40 \u0161ali\u0173 visuose \u017eemynuose.<\/p>\n<p>Visa veikla kontroliuojama i\u0161 bendrov\u0117s b\u016bstin\u0117s Overath netoli Kelno Vokietijoje.<\/p>\n<p>\u0160iuolaikin\u0117s technologijos ir tinkl\u0173 k\u016brimas leid\u017eia pasirodyti kaip vienetui, kai visi darbuotojai neturi dirbti vienoje vietoje.<\/p>\n<p>CCM GmbH \u201eskysto stiklo\u201c plombos jau buvo nominuotos \u012fvairiems prizams.<\/p>\n<p>Leiskite sau \u012fkv\u0117pti CCM GmbH koncepcij\u0173, id\u0117j\u0173 ir patirties.<\/p>\n<\/div>\n<h2>Pirkite CCM GmbH produktus internetin\u0117je parduotuv\u0117je:<\/h2>\n<div class=\"woocommerce columns-4\"><ul class=\"products columns-4\">\n<li class=\"product-category product first\">\n\t<a aria-label=\"Visit product category Akmens ir betono sandarinimas\" href=\"https:\/\/www.versiegelung24.com\/lt\/skysto-stiklo-sandarinimas\/akmens-ir-betono-sandarinimas\/\"><img decoding=\"async\" src=\"https:\/\/www.versiegelung24.com\/wp-content\/uploads\/2023\/06\/V24-steinkategorie-2306-400x400.webp\" alt=\"Akmens ir betono sandarinimas\" width=\"400\" height=\"400\" srcset=\"https:\/\/www.versiegelung24.com\/wp-content\/uploads\/2023\/06\/V24-steinkategorie-2306-400x400.webp 400w, https:\/\/www.versiegelung24.com\/wp-content\/uploads\/2023\/06\/V24-steinkategorie-2306-80x80.webp 80w, https:\/\/www.versiegelung24.com\/wp-content\/uploads\/2023\/06\/V24-steinkategorie-2306-70x70.webp 70w, https:\/\/www.versiegelung24.com\/wp-content\/uploads\/2023\/06\/V24-steinkategorie-2306-100x100.webp 100w\" sizes=\"(max-width: 400px) 100vw, 400px\" \/>\t\t<h2 class=\"woocommerce-loop-category__title\">\n\t\t\tAkmens ir betono sandarinimas <mark class=\"count\">(12)<\/mark>\t\t<\/h2>\n\t\t<\/a><\/li>\n<li class=\"product-category product\">\n\t<a aria-label=\"Visit product category Automobili\u0173 sandarinimas\" href=\"https:\/\/www.versiegelung24.com\/lt\/skysto-stiklo-sandarinimas\/automobilio-sandarinimas\/\"><img decoding=\"async\" src=\"https:\/\/www.versiegelung24.com\/wp-content\/uploads\/2022\/08\/Kategorie_Auto-400x400.jpg\" alt=\"Automobili\u0173 sandarinimas\" width=\"400\" height=\"400\" srcset=\"https:\/\/www.versiegelung24.com\/wp-content\/uploads\/2022\/08\/Kategorie_Auto-400x400.jpg 400w, https:\/\/www.versiegelung24.com\/wp-content\/uploads\/2022\/08\/Kategorie_Auto-80x80.jpg 80w, https:\/\/www.versiegelung24.com\/wp-content\/uploads\/2022\/08\/Kategorie_Auto-70x70.jpg 70w, https:\/\/www.versiegelung24.com\/wp-content\/uploads\/2022\/08\/Kategorie_Auto-100x100.jpg 100w\" sizes=\"(max-width: 400px) 100vw, 400px\" \/>\t\t<h2 class=\"woocommerce-loop-category__title\">\n\t\t\tAutomobili\u0173 sandarinimas <mark class=\"count\">(19)<\/mark>\t\t<\/h2>\n\t\t<\/a><\/li>\n<li class=\"product-category product\">\n\t<a aria-label=\"Visit product category Stiklo ir keramikos sandarinimas\" href=\"https:\/\/www.versiegelung24.com\/lt\/skysto-stiklo-sandarinimas\/sandarinimas-stiklui-ir-keramikai\/\"><img loading=\"lazy\" decoding=\"async\" src=\"https:\/\/www.versiegelung24.com\/wp-content\/uploads\/2022\/07\/Startseite_Banner-400x400.jpg\" alt=\"Stiklo ir keramikos sandarinimas\" width=\"400\" height=\"400\" srcset=\"https:\/\/www.versiegelung24.com\/wp-content\/uploads\/2022\/07\/Startseite_Banner-400x400.jpg 400w, https:\/\/www.versiegelung24.com\/wp-content\/uploads\/2022\/07\/Startseite_Banner-80x80.jpg 80w, https:\/\/www.versiegelung24.com\/wp-content\/uploads\/2022\/07\/Startseite_Banner-70x70.jpg 70w, https:\/\/www.versiegelung24.com\/wp-content\/uploads\/2022\/07\/Startseite_Banner-100x100.jpg 100w\" sizes=\"(max-width: 400px) 100vw, 400px\" \/>\t\t<h2 class=\"woocommerce-loop-category__title\">\n\t\t\tStiklo ir keramikos sandarinimas <mark class=\"count\">(18)<\/mark>\t\t<\/h2>\n\t\t<\/a><\/li>\n<li class=\"product-category product last\">\n\t<a aria-label=\"Visit product category Metalo ir plastiko sandarinimas\" href=\"https:\/\/www.versiegelung24.com\/lt\/skysto-stiklo-sandarinimas\/metalinis-ir-plastikinis-sandarinimas\/\"><img loading=\"lazy\" decoding=\"async\" src=\"https:\/\/www.versiegelung24.com\/wp-content\/uploads\/2022\/08\/Kategorie_Metall-400x400.jpg\" alt=\"Metalo ir plastiko sandarinimas\" width=\"400\" height=\"400\" srcset=\"https:\/\/www.versiegelung24.com\/wp-content\/uploads\/2022\/08\/Kategorie_Metall-400x400.jpg 400w, https:\/\/www.versiegelung24.com\/wp-content\/uploads\/2022\/08\/Kategorie_Metall-80x80.jpg 80w, https:\/\/www.versiegelung24.com\/wp-content\/uploads\/2022\/08\/Kategorie_Metall-70x70.jpg 70w, https:\/\/www.versiegelung24.com\/wp-content\/uploads\/2022\/08\/Kategorie_Metall-100x100.jpg 100w\" sizes=\"(max-width: 400px) 100vw, 400px\" \/>\t\t<h2 class=\"woocommerce-loop-category__title\">\n\t\t\tMetalo ir plastiko sandarinimas <mark class=\"count\">(16)<\/mark>\t\t<\/h2>\n\t\t<\/a><\/li>\n<li class=\"product-category product first\">\n\t<a aria-label=\"Visit product category Valymo priemon\u0117s\" href=\"https:\/\/www.versiegelung24.com\/lt\/valymo-priemones\/\"><img loading=\"lazy\" decoding=\"async\" src=\"https:\/\/www.versiegelung24.com\/wp-content\/uploads\/2022\/08\/Kategorie_Bioreiniger-400x400.jpg\" alt=\"Valymo priemon\u0117s\" width=\"400\" height=\"400\" srcset=\"https:\/\/www.versiegelung24.com\/wp-content\/uploads\/2022\/08\/Kategorie_Bioreiniger-400x400.jpg 400w, https:\/\/www.versiegelung24.com\/wp-content\/uploads\/2022\/08\/Kategorie_Bioreiniger-80x80.jpg 80w, https:\/\/www.versiegelung24.com\/wp-content\/uploads\/2022\/08\/Kategorie_Bioreiniger-70x70.jpg 70w, https:\/\/www.versiegelung24.com\/wp-content\/uploads\/2022\/08\/Kategorie_Bioreiniger-100x100.jpg 100w\" sizes=\"(max-width: 400px) 100vw, 400px\" \/>\t\t<h2 class=\"woocommerce-loop-category__title\">\n\t\t\tValymo priemon\u0117s <mark class=\"count\">(10)<\/mark>\t\t<\/h2>\n\t\t<\/a><\/li>\n<li class=\"product-category product\">\n\t<a aria-label=\"Visit product category Odos ir tekstil\u0117s sandarinimas\" href=\"https:\/\/www.versiegelung24.com\/lt\/skysto-stiklo-sandarinimas\/odos-ir-tekstiles-sandarinimas\/\"><img loading=\"lazy\" decoding=\"async\" src=\"https:\/\/www.versiegelung24.com\/wp-content\/uploads\/2023\/06\/waterpoof-jacket-in-detail-400x400.jpg\" alt=\"Odos ir tekstil\u0117s sandarinimas\" width=\"400\" height=\"400\" srcset=\"https:\/\/www.versiegelung24.com\/wp-content\/uploads\/2023\/06\/waterpoof-jacket-in-detail-400x400.jpg 400w, https:\/\/www.versiegelung24.com\/wp-content\/uploads\/2023\/06\/waterpoof-jacket-in-detail-80x80.jpg 80w, https:\/\/www.versiegelung24.com\/wp-content\/uploads\/2023\/06\/waterpoof-jacket-in-detail-70x70.jpg 70w, https:\/\/www.versiegelung24.com\/wp-content\/uploads\/2023\/06\/waterpoof-jacket-in-detail-100x100.jpg 100w\" sizes=\"(max-width: 400px) 100vw, 400px\" \/>\t\t<h2 class=\"woocommerce-loop-category__title\">\n\t\t\tOdos ir tekstil\u0117s sandarinimas <mark class=\"count\">(3)<\/mark>\t\t<\/h2>\n\t\t<\/a><\/li>\n<li class=\"product-category product\">\n\t<a aria-label=\"Visit product category Universalus sandariklis\" href=\"https:\/\/www.versiegelung24.com\/lt\/skysto-stiklo-sandarinimas\/universalus-sandariklis\/\"><img loading=\"lazy\" decoding=\"async\" src=\"https:\/\/www.versiegelung24.com\/wp-content\/uploads\/2022\/08\/Kategorie_Universal-400x400.jpg\" alt=\"Universalus sandariklis\" width=\"400\" height=\"400\" srcset=\"https:\/\/www.versiegelung24.com\/wp-content\/uploads\/2022\/08\/Kategorie_Universal-400x400.jpg 400w, https:\/\/www.versiegelung24.com\/wp-content\/uploads\/2022\/08\/Kategorie_Universal-80x80.jpg 80w, https:\/\/www.versiegelung24.com\/wp-content\/uploads\/2022\/08\/Kategorie_Universal-70x70.jpg 70w, https:\/\/www.versiegelung24.com\/wp-content\/uploads\/2022\/08\/Kategorie_Universal-100x100.jpg 100w\" sizes=\"(max-width: 400px) 100vw, 400px\" \/>\t\t<h2 class=\"woocommerce-loop-category__title\">\n\t\t\tUniversalus sandariklis <mark class=\"count\">(13)<\/mark>\t\t<\/h2>\n\t\t<\/a><\/li>\n<li class=\"product-category product last\">\n\t<a aria-label=\"Visit product category Medienos sandarinimas\" href=\"https:\/\/www.versiegelung24.com\/lt\/skysto-stiklo-sandarinimas\/medienos-sandarinimas\/\"><img loading=\"lazy\" decoding=\"async\" src=\"https:\/\/www.versiegelung24.com\/wp-content\/uploads\/2022\/08\/Kategorie_Holz-400x400.jpg\" alt=\"Medienos sandarinimas\" width=\"400\" height=\"400\" srcset=\"https:\/\/www.versiegelung24.com\/wp-content\/uploads\/2022\/08\/Kategorie_Holz-400x400.jpg 400w, https:\/\/www.versiegelung24.com\/wp-content\/uploads\/2022\/08\/Kategorie_Holz-80x80.jpg 80w, https:\/\/www.versiegelung24.com\/wp-content\/uploads\/2022\/08\/Kategorie_Holz-70x70.jpg 70w, https:\/\/www.versiegelung24.com\/wp-content\/uploads\/2022\/08\/Kategorie_Holz-100x100.jpg 100w\" sizes=\"(max-width: 400px) 100vw, 400px\" \/>\t\t<h2 class=\"woocommerce-loop-category__title\">\n\t\t\tMedienos sandarinimas <mark class=\"count\">(3)<\/mark>\t\t<\/h2>\n\t\t<\/a><\/li>\n<\/ul>\n<\/div>\n<\/div>\n","protected":false},"excerpt":{"rendered":"<p>Pirkite produktus i\u0161 CCM GmbH i\u0161 Overath \/ Vokietija internetin\u0117je parduotuv\u0117je \u201ePagaminta Vokietijoje\u201c yra pasaulinis inovacij\u0173 ir auk\u0161\u010diausios kokyb\u0117s terminas ir yra \u017einomas, pavyzd\u017eiui, automobili\u0173, mechanin\u0117s in\u017einerijos ir chemijos srityse. Be dideli\u0173 tarptautini\u0173 bendrovi\u0173, Vokietija vis\u0173 pirma turi \u0161imtus t\u016bkstan\u010di\u0173 novatori\u0161k\u0173 ma\u017e\u0173 ir vidutini\u0173 \u012fmoni\u0173, kurios yra labai k\u016brybingos ir da\u017enai savo ma\u017eose ni\u0161ose pasaulio&hellip;&nbsp;<a href=\"https:\/\/www.versiegelung24.com\/lt\/pirkite-ccm-gmbh-produktus-internetineje-parduotuveje\/\" rel=\"bookmark\">Read More &raquo;<span class=\"screen-reader-text\">Pirkite CCM GmbH produktus internetin\u0117je parduotuv\u0117je<\/span><\/a><\/p>\n","protected":false},"author":932,"featured_media":70227,"parent":0,"menu_order":0,"comment_status":"closed","ping_status":"closed","template":"","meta":{"_acf_changed":false,"neve_meta_sidebar":"","neve_meta_container":"","neve_meta_enable_content_width":"","neve_meta_content_width":0,"neve_meta_title_alignment":"","neve_meta_author_avatar":"","neve_post_elements_order":"","neve_meta_disable_header":"","neve_meta_disable_footer":"","neve_meta_disable_title":"","neve_meta_reading_time":"","footnotes":""},"categories":[],"seiten_kategorie":[],"class_list":["post-25541","page","type-page","status-publish","has-post-thumbnail","hentry"],"acf":[],"yoast_head":"<!-- This site is optimized with the Yoast SEO Premium plugin v22.8 (Yoast SEO v27.4) - https:\/\/yoast.com\/product\/yoast-seo-premium-wordpress\/ -->\n<title>Pirkite CCM GmbH produktus internetin\u0117je parduotuv\u0117je<\/title>\n<meta name=\"description\" content=\"Pirkite skysto stiklo nano sandariklius, valymo priemones, dezinfekavimo priemones ir kitus produktus i\u0161 CCM GmbH i\u0161 Overath Germany internetu.\" \/>\n<meta name=\"robots\" content=\"index, follow, max-snippet:-1, max-image-preview:large, max-video-preview:-1\" \/>\n<link rel=\"canonical\" href=\"https:\/\/www.versiegelung24.com\/lt\/pirkite-ccm-gmbh-produktus-internetineje-parduotuveje\/\" \/>\n<meta property=\"og:locale\" content=\"lt_LT\" \/>\n<meta property=\"og:type\" content=\"article\" \/>\n<meta property=\"og:title\" content=\"Pirkite CCM GmbH produktus internetin\u0117je parduotuv\u0117je\" \/>\n<meta property=\"og:description\" content=\"Pirkite skysto stiklo nano sandariklius, valymo priemones, dezinfekavimo priemones ir kitus produktus i\u0161 CCM GmbH i\u0161 Overath Germany internetu.\" \/>\n<meta property=\"og:url\" content=\"https:\/\/www.versiegelung24.com\/lt\/pirkite-ccm-gmbh-produktus-internetineje-parduotuveje\/\" \/>\n<meta property=\"og:site_name\" content=\"versiegelung24.com\" \/>\n<meta property=\"article:modified_time\" content=\"2024-06-25T18:51:35+00:00\" \/>\n<meta property=\"og:image\" content=\"https:\/\/www.versiegelung24.com\/wp-content\/uploads\/2022\/02\/Flasche.png\" \/>\n\t<meta property=\"og:image:width\" content=\"2560\" \/>\n\t<meta property=\"og:image:height\" content=\"2560\" \/>\n\t<meta property=\"og:image:type\" content=\"image\/png\" \/>\n<meta name=\"twitter:card\" content=\"summary_large_image\" \/>\n<meta name=\"twitter:label1\" content=\"Est. reading time\" \/>\n\t<meta name=\"twitter:data1\" content=\"1 minut\u0117\" \/>\n<script type=\"application\/ld+json\" class=\"yoast-schema-graph\">{\"@context\":\"https:\\\/\\\/schema.org\",\"@graph\":[{\"@type\":\"WebPage\",\"@id\":\"https:\\\/\\\/www.versiegelung24.com\\\/lt\\\/pirkite-ccm-gmbh-produktus-internetineje-parduotuveje\\\/\",\"url\":\"https:\\\/\\\/www.versiegelung24.com\\\/lt\\\/pirkite-ccm-gmbh-produktus-internetineje-parduotuveje\\\/\",\"name\":\"Pirkite CCM GmbH produktus internetin\u0117je parduotuv\u0117je\",\"isPartOf\":{\"@id\":\"https:\\\/\\\/www.versiegelung24.com\\\/lt\\\/#website\"},\"primaryImageOfPage\":{\"@id\":\"https:\\\/\\\/www.versiegelung24.com\\\/lt\\\/pirkite-ccm-gmbh-produktus-internetineje-parduotuveje\\\/#primaryimage\"},\"image\":{\"@id\":\"https:\\\/\\\/www.versiegelung24.com\\\/lt\\\/pirkite-ccm-gmbh-produktus-internetineje-parduotuveje\\\/#primaryimage\"},\"thumbnailUrl\":\"https:\\\/\\\/www.versiegelung24.com\\\/wp-content\\\/uploads\\\/2022\\\/02\\\/Flasche.png\",\"datePublished\":\"2021-08-03T08:28:20+00:00\",\"dateModified\":\"2024-06-25T18:51:35+00:00\",\"description\":\"Pirkite skysto stiklo nano sandariklius, valymo priemones, dezinfekavimo priemones ir kitus produktus i\u0161 CCM GmbH i\u0161 Overath Germany internetu.\",\"breadcrumb\":{\"@id\":\"https:\\\/\\\/www.versiegelung24.com\\\/lt\\\/pirkite-ccm-gmbh-produktus-internetineje-parduotuveje\\\/#breadcrumb\"},\"inLanguage\":\"lt-LT\",\"potentialAction\":[{\"@type\":\"ReadAction\",\"target\":[\"https:\\\/\\\/www.versiegelung24.com\\\/lt\\\/pirkite-ccm-gmbh-produktus-internetineje-parduotuveje\\\/\"]}]},{\"@type\":\"ImageObject\",\"inLanguage\":\"lt-LT\",\"@id\":\"https:\\\/\\\/www.versiegelung24.com\\\/lt\\\/pirkite-ccm-gmbh-produktus-internetineje-parduotuveje\\\/#primaryimage\",\"url\":\"https:\\\/\\\/www.versiegelung24.com\\\/wp-content\\\/uploads\\\/2022\\\/02\\\/Flasche.png\",\"contentUrl\":\"https:\\\/\\\/www.versiegelung24.com\\\/wp-content\\\/uploads\\\/2022\\\/02\\\/Flasche.png\",\"width\":2560,\"height\":2560},{\"@type\":\"BreadcrumbList\",\"@id\":\"https:\\\/\\\/www.versiegelung24.com\\\/lt\\\/pirkite-ccm-gmbh-produktus-internetineje-parduotuveje\\\/#breadcrumb\",\"itemListElement\":[{\"@type\":\"ListItem\",\"position\":1,\"name\":\"Prad\u017eia\",\"item\":\"https:\\\/\\\/www.versiegelung24.com\\\/lt\\\/priekinis\\\/\"},{\"@type\":\"ListItem\",\"position\":2,\"name\":\"Pirkite CCM GmbH produktus internetin\u0117je parduotuv\u0117je\"}]},{\"@type\":\"WebSite\",\"@id\":\"https:\\\/\\\/www.versiegelung24.com\\\/lt\\\/#website\",\"url\":\"https:\\\/\\\/www.versiegelung24.com\\\/lt\\\/\",\"name\":\"versiegelung24.com\",\"description\":\"Fl\u00fcssigglas-Versiegelung - Made in Germany\",\"publisher\":{\"@id\":\"https:\\\/\\\/www.versiegelung24.com\\\/lt\\\/#organization\"},\"potentialAction\":[{\"@type\":\"SearchAction\",\"target\":{\"@type\":\"EntryPoint\",\"urlTemplate\":\"https:\\\/\\\/www.versiegelung24.com\\\/lt\\\/?s={search_term_string}\"},\"query-input\":{\"@type\":\"PropertyValueSpecification\",\"valueRequired\":true,\"valueName\":\"search_term_string\"}}],\"inLanguage\":\"lt-LT\"},{\"@type\":\"Organization\",\"@id\":\"https:\\\/\\\/www.versiegelung24.com\\\/lt\\\/#organization\",\"name\":\"versiegelung24\",\"url\":\"https:\\\/\\\/www.versiegelung24.com\\\/lt\\\/\",\"logo\":{\"@type\":\"ImageObject\",\"inLanguage\":\"lt-LT\",\"@id\":\"https:\\\/\\\/www.versiegelung24.com\\\/lt\\\/#\\\/schema\\\/logo\\\/image\\\/\",\"url\":\"https:\\\/\\\/www.versiegelung24.com\\\/wp-content\\\/uploads\\\/2020\\\/04\\\/versiegelung24.png\",\"contentUrl\":\"https:\\\/\\\/www.versiegelung24.com\\\/wp-content\\\/uploads\\\/2020\\\/04\\\/versiegelung24.png\",\"width\":470,\"height\":102,\"caption\":\"versiegelung24\"},\"image\":{\"@id\":\"https:\\\/\\\/www.versiegelung24.com\\\/lt\\\/#\\\/schema\\\/logo\\\/image\\\/\"}}]}<\/script>\n<!-- \/ Yoast SEO Premium plugin. -->","yoast_head_json":{"title":"Pirkite CCM GmbH produktus internetin\u0117je parduotuv\u0117je","description":"Pirkite skysto stiklo nano sandariklius, valymo priemones, dezinfekavimo priemones ir kitus produktus i\u0161 CCM GmbH i\u0161 Overath Germany internetu.","robots":{"index":"index","follow":"follow","max-snippet":"max-snippet:-1","max-image-preview":"max-image-preview:large","max-video-preview":"max-video-preview:-1"},"canonical":"https:\/\/www.versiegelung24.com\/lt\/pirkite-ccm-gmbh-produktus-internetineje-parduotuveje\/","og_locale":"lt_LT","og_type":"article","og_title":"Pirkite CCM GmbH produktus internetin\u0117je parduotuv\u0117je","og_description":"Pirkite skysto stiklo nano sandariklius, valymo priemones, dezinfekavimo priemones ir kitus produktus i\u0161 CCM GmbH i\u0161 Overath Germany internetu.","og_url":"https:\/\/www.versiegelung24.com\/lt\/pirkite-ccm-gmbh-produktus-internetineje-parduotuveje\/","og_site_name":"versiegelung24.com","article_modified_time":"2024-06-25T18:51:35+00:00","og_image":[{"width":2560,"height":2560,"url":"https:\/\/www.versiegelung24.com\/wp-content\/uploads\/2022\/02\/Flasche.png","type":"image\/png"}],"twitter_card":"summary_large_image","twitter_misc":{"Est. reading time":"1 minut\u0117"},"schema":{"@context":"https:\/\/schema.org","@graph":[{"@type":"WebPage","@id":"https:\/\/www.versiegelung24.com\/lt\/pirkite-ccm-gmbh-produktus-internetineje-parduotuveje\/","url":"https:\/\/www.versiegelung24.com\/lt\/pirkite-ccm-gmbh-produktus-internetineje-parduotuveje\/","name":"Pirkite CCM GmbH produktus internetin\u0117je parduotuv\u0117je","isPartOf":{"@id":"https:\/\/www.versiegelung24.com\/lt\/#website"},"primaryImageOfPage":{"@id":"https:\/\/www.versiegelung24.com\/lt\/pirkite-ccm-gmbh-produktus-internetineje-parduotuveje\/#primaryimage"},"image":{"@id":"https:\/\/www.versiegelung24.com\/lt\/pirkite-ccm-gmbh-produktus-internetineje-parduotuveje\/#primaryimage"},"thumbnailUrl":"https:\/\/www.versiegelung24.com\/wp-content\/uploads\/2022\/02\/Flasche.png","datePublished":"2021-08-03T08:28:20+00:00","dateModified":"2024-06-25T18:51:35+00:00","description":"Pirkite skysto stiklo nano sandariklius, valymo priemones, dezinfekavimo priemones ir kitus produktus i\u0161 CCM GmbH i\u0161 Overath Germany internetu.","breadcrumb":{"@id":"https:\/\/www.versiegelung24.com\/lt\/pirkite-ccm-gmbh-produktus-internetineje-parduotuveje\/#breadcrumb"},"inLanguage":"lt-LT","potentialAction":[{"@type":"ReadAction","target":["https:\/\/www.versiegelung24.com\/lt\/pirkite-ccm-gmbh-produktus-internetineje-parduotuveje\/"]}]},{"@type":"ImageObject","inLanguage":"lt-LT","@id":"https:\/\/www.versiegelung24.com\/lt\/pirkite-ccm-gmbh-produktus-internetineje-parduotuveje\/#primaryimage","url":"https:\/\/www.versiegelung24.com\/wp-content\/uploads\/2022\/02\/Flasche.png","contentUrl":"https:\/\/www.versiegelung24.com\/wp-content\/uploads\/2022\/02\/Flasche.png","width":2560,"height":2560},{"@type":"BreadcrumbList","@id":"https:\/\/www.versiegelung24.com\/lt\/pirkite-ccm-gmbh-produktus-internetineje-parduotuveje\/#breadcrumb","itemListElement":[{"@type":"ListItem","position":1,"name":"Prad\u017eia","item":"https:\/\/www.versiegelung24.com\/lt\/priekinis\/"},{"@type":"ListItem","position":2,"name":"Pirkite CCM GmbH produktus internetin\u0117je parduotuv\u0117je"}]},{"@type":"WebSite","@id":"https:\/\/www.versiegelung24.com\/lt\/#website","url":"https:\/\/www.versiegelung24.com\/lt\/","name":"versiegelung24.com","description":"Fl\u00fcssigglas-Versiegelung - Made in Germany","publisher":{"@id":"https:\/\/www.versiegelung24.com\/lt\/#organization"},"potentialAction":[{"@type":"SearchAction","target":{"@type":"EntryPoint","urlTemplate":"https:\/\/www.versiegelung24.com\/lt\/?s={search_term_string}"},"query-input":{"@type":"PropertyValueSpecification","valueRequired":true,"valueName":"search_term_string"}}],"inLanguage":"lt-LT"},{"@type":"Organization","@id":"https:\/\/www.versiegelung24.com\/lt\/#organization","name":"versiegelung24","url":"https:\/\/www.versiegelung24.com\/lt\/","logo":{"@type":"ImageObject","inLanguage":"lt-LT","@id":"https:\/\/www.versiegelung24.com\/lt\/#\/schema\/logo\/image\/","url":"https:\/\/www.versiegelung24.com\/wp-content\/uploads\/2020\/04\/versiegelung24.png","contentUrl":"https:\/\/www.versiegelung24.com\/wp-content\/uploads\/2020\/04\/versiegelung24.png","width":470,"height":102,"caption":"versiegelung24"},"image":{"@id":"https:\/\/www.versiegelung24.com\/lt\/#\/schema\/logo\/image\/"}}]}},"_links":{"self":[{"href":"https:\/\/www.versiegelung24.com\/lt\/wp-json\/wp\/v2\/pages\/25541","targetHints":{"allow":["GET"]}}],"collection":[{"href":"https:\/\/www.versiegelung24.com\/lt\/wp-json\/wp\/v2\/pages"}],"about":[{"href":"https:\/\/www.versiegelung24.com\/lt\/wp-json\/wp\/v2\/types\/page"}],"author":[{"embeddable":true,"href":"https:\/\/www.versiegelung24.com\/lt\/wp-json\/wp\/v2\/users\/932"}],"replies":[{"embeddable":true,"href":"https:\/\/www.versiegelung24.com\/lt\/wp-json\/wp\/v2\/comments?post=25541"}],"version-history":[{"count":2,"href":"https:\/\/www.versiegelung24.com\/lt\/wp-json\/wp\/v2\/pages\/25541\/revisions"}],"predecessor-version":[{"id":167671,"href":"https:\/\/www.versiegelung24.com\/lt\/wp-json\/wp\/v2\/pages\/25541\/revisions\/167671"}],"wp:featuredmedia":[{"embeddable":true,"href":"https:\/\/www.versiegelung24.com\/lt\/wp-json\/wp\/v2\/media\/70227"}],"wp:attachment":[{"href":"https:\/\/www.versiegelung24.com\/lt\/wp-json\/wp\/v2\/media?parent=25541"}],"wp:term":[{"taxonomy":"category","embeddable":true,"href":"https:\/\/www.versiegelung24.com\/lt\/wp-json\/wp\/v2\/categories?post=25541"},{"taxonomy":"seiten_kategorie","embeddable":true,"href":"https:\/\/www.versiegelung24.com\/lt\/wp-json\/wp\/v2\/seiten_kategorie?post=25541"}],"curies":[{"name":"wp","href":"https:\/\/api.w.org\/{rel}","templated":true}]}}