{"id":25687,"date":"2021-08-03T11:16:02","date_gmt":"2021-08-03T09:16:02","guid":{"rendered":"https:\/\/www.versiegelung24.com\/bendrosios-salygos-su-kliento-informacija"},"modified":"2024-06-25T20:50:51","modified_gmt":"2024-06-25T18:50:51","slug":"bendrosios-salygos","status":"publish","type":"page","link":"https:\/\/www.versiegelung24.com\/lt\/bendrosios-salygos-su-kliento-informacija\/","title":{"rendered":"Bendrosios s\u0105lygos su kliento informacija"},"content":{"rendered":"<h2>Turinys<\/h2>\n<ol>\n<li>taikymo srit\u012f<\/li>\n<li>Sutarties sudarymas<\/li>\n<li>Teis\u0117 atsisakyti sutarties<\/li>\n<li>Kainos ir apmok\u0117jimo s\u0105lygos<\/li>\n<li>Pristatymo ir pristatymo s\u0105lygos<\/li>\n<li>Nuosavyb\u0117s i\u0161saugojimas<\/li>\n<li>Atsakomyb\u0117 u\u017e defektus (garantija)<\/li>\n<li>Kampanijos \u010deki\u0173 i\u0161pirkimas<\/li>\n<li>Taikytina teis\u0117<\/li>\n<li>Alternatyvus gin\u010d\u0173 sprendimas<\/li>\n<\/ol>\n<h2>1) Taikymo sritis<\/h2>\n<p><strong>1.1<\/strong> . \u0160ios Holger K\u00e4ding, prekiaujan\u010dios &#8220;versiegelung24.com&#8221; (toliau &#8220;Pardav\u0117jas&#8221;) bendrosios s\u0105lygos (toliau &#8220;GSS&#8221;), taikomos visoms preki\u0173 pristatymo sutartims, kurias vartotojas ar verslininkas (toliau &#8220;Klientas&#8221;) sudaro. su pardav\u0117ju d\u0117l preki\u0173, kurias pardav\u0117jas pateikia savo internetin\u0117je parduotuv\u0117je. Paties kliento s\u0105lyg\u0173 \u012ftraukimas prie\u0161tarauja, jei nesusitarta kitaip.<\/p>\n<p><strong>1.2<\/strong>&nbsp; Vartotojas \u0161i\u0173 Bendr\u0173j\u0173 s\u0105lyg\u0173 prasme yra bet kuris fizinis asmuo, sudarantis teisin\u012f sandor\u012f tur\u0117damas tiksl\u0105, kuris i\u0161 esm\u0117s n\u0117ra nei komercinis, nei savaranki\u0161kas darbas. Verslininkas pagal \u0161ias s\u0105lygas yra fizinis ar juridinis asmuo arba teisin\u0117 bendrija, kuri, sudarydama teisin\u012f sandor\u012f, veikia vykdydama savo komercin\u0119 ar nepriklausom\u0105 profesin\u0119 veikl\u0105.<\/p>\n<h2>2) Sutarties sudarymas<\/h2>\n<p><strong>2.1<\/strong>&nbsp; Pardav\u0117jo internetin\u0117je parduotuv\u0117je esantys preki\u0173 apra\u0161ymai n\u0117ra \u012fpareigojantys pardav\u0117jo pasi\u016blymai, o yra skirti pirk\u0117jui pateikti \u012fpareigojant\u012f pasi\u016blym\u0105.<\/p>\n<p><strong>2.2<\/strong>&nbsp; Klientas pasi\u016blym\u0105 gali pateikti per pardav\u0117jo internetin\u0117je parduotuv\u0117je integruot\u0105 internetin\u0119 u\u017esakymo form\u0105. \u012ed\u0117j\u0119s pasirinktas prekes \u012f virtual\u0173 pirkini\u0173 krep\u0161el\u012f ir atlik\u0119s elektronin\u012f u\u017esakymo proces\u0105, klientas pateikia teisi\u0161kai \u012fpareigojant\u012f sutarties pasi\u016blym\u0105 d\u0117l preki\u0173, esan\u010di\u0173 pirkini\u0173 krep\u0161elyje, spustel\u0117damas mygtuk\u0105, kuris u\u017ebaigia u\u017esakymo proces\u0105. Be to, klientas taip pat gali pateikti pasi\u016blym\u0105 pardav\u0117jui telefonu arba el.<\/p>\n<p><strong>2.3<\/strong>&nbsp; Pardav\u0117jas gali priimti kliento pasi\u016blym\u0105 per penkias dienas,<\/p>\n<ul>\n<li>siun\u010diant klientui ra\u0161ytin\u012f u\u017esakymo patvirtinim\u0105 arba u\u017esakymo patvirtinim\u0105 teksto forma (faksu ar el. pa\u0161tu), o tai lemia, kad klientas gauna u\u017esakymo patvirtinim\u0105, arba<\/li>\n<li>pristatydamas u\u017esakytas prekes klientui, o tai lemia, kad klientas gauna prekes, arba<\/li>\n<li>papra\u0161ius kliento sumok\u0117ti po u\u017esakymo pateikimo.<\/li>\n<\/ul>\n<p>Jei yra keletas pirmiau min\u0117t\u0173 alternatyv\u0173, sutartis sudaroma tuo momentu, kai viena i\u0161 pirmiau min\u0117t\u0173 alternatyv\u0173 atsiranda pirm\u0105 kart\u0105. Pasi\u016blymo pri\u0117mimo laikotarpis prasideda kit\u0105 dien\u0105 po to, kai klientas i\u0161siun\u010dia pasi\u016blym\u0105, ir baigiasi penktos dienos po pasi\u016blymo i\u0161siuntimo pabaigoje. Jei pardav\u0117jas nepriima kliento pasi\u016blymo per min\u0117t\u0105 laikotarp\u012f, tai laikoma pasi\u016blymo atmetimu, tod\u0117l jo ketinim\u0173 parei\u0161kimas neb\u0117ra privalomas.<\/p>\n<p><strong>2.4<\/strong>&nbsp; Teikdamas pasi\u016blym\u0105 per pardav\u0117jo internetin\u0119 u\u017esakymo form\u0105, sutarties tekstas pardav\u0117jo i\u0161saugomas ir i\u0161siun\u010diamas klientui tekstine forma (pvz., el. pa\u0161tu, faksu ar lai\u0161ku) kartu su \u0161iomis Bendrosiomis s\u0105lygomis po u\u017esakymo i\u0161siuntimo. . Be to, sutarties tekstas yra archyvuojamas pardav\u0117jo svetain\u0117je ir klientas gali nemokamai j\u012f paskambinti per savo slapta\u017eod\u017eiu apsaugot\u0105 kliento paskyr\u0105, \u012fvesdamas atitinkamus prisijungimo duomenis, su s\u0105lyga, kad klientas suk\u016br\u0117 kliento paskyr\u0105 pardav\u0117jo internetin\u0117 parduotuv\u0117 prie\u0161 pateikdama u\u017esakym\u0105.<\/p>\n<p><strong>2.5<\/strong>&nbsp; Prie\u0161 pateikdamas privalom\u0105j\u012f u\u017esakym\u0105 per pardav\u0117jo internetin\u0119 u\u017esakymo form\u0105, klientas gali nustatyti galimas \u012fvesties klaidas, atid\u017eiai perskait\u0119s ekrane rodom\u0105 informacij\u0105. Veiksminga technin\u0117 priemon\u0117 geriau atpa\u017einti \u012fvesties klaidas gali b\u016bti nar\u0161ykl\u0117s padidinimo funkcija, kurios pagalba padidinamas vaizdavimas ekrane. Klientas gali taisyti savo \u012fra\u0161us elektroninio u\u017esakymo proceso metu, naudodamas \u012fprastas klaviat\u016bros ir pel\u0117s funkcijas, kol spustel\u0117s mygtuk\u0105, kuriuo u\u017ebaigiamas u\u017esakymo procesas.<\/p>\n<p><strong>2.6<\/strong>&nbsp; Sutar\u010diai sudaryti galima tik vokie\u010di\u0173 kalba.<\/p>\n<p><strong>2.7<\/strong>&nbsp; U\u017esakymo apdorojimas ir susisiekimas da\u017eniausiai vyksta elektroniniu pa\u0161tu ir automatiniu u\u017esakymo apdorojimu. Klientas privalo u\u017etikrinti, kad jo nurodytas el. Pa\u0161to adresas u\u017esakymui apdoroti b\u016bt\u0173 teisingas, kad \u0161iuo adresu b\u016bt\u0173 galima gauti pardav\u0117jo atsi\u0173stus el. Vis\u0173 pirma, naudodamas SPAM filtrus, klientas turi u\u017etikrinti, kad b\u016bt\u0173 galima pristatyti visus pardav\u0117jo ar tre\u010di\u0173j\u0173 \u0161ali\u0173 siun\u010diamus el.<\/p>\n<h2>3) teis\u0117 atsisakyti sutarties<\/h2>\n<p><strong>3.1<\/strong>&nbsp; I\u0161 esm\u0117s vartotojai turi teis\u0119 atsisakyti sutarties.<\/p>\n<p><strong>3.2<\/strong>&nbsp; Daugiau informacijos apie teis\u0119 atsisakyti sutarties galite rasti pardav\u0117jo atsisakymo taisykl\u0117se.<\/p>\n<h2>4) Kainos ir mok\u0117jimo s\u0105lygos<\/h2>\n<p><strong>4.1<\/strong>&nbsp; Jei pardav\u0117jo prek\u0117s apra\u0161yme nenurodyta kitaip, nurodytos kainos yra bendros kainos, \u012f kurias \u012fskai\u010diuotas \u012fstatym\u0173 nustatytas pardavimo mokestis. Visos papildomos pristatymo ir pristatymo i\u0161laidos, kurios gali kilti, yra nurodytos atskirai atitinkamame produkto apra\u0161yme.<\/p>\n<p><strong>4.2<\/strong>&nbsp; Apie mok\u0117jimo b\u016bd\u0105 (-us) pirk\u0117jas bus prane\u0161tas pardav\u0117jo internetin\u0117je parduotuv\u0117je.<\/p>\n<p><strong>4.3<\/strong>&nbsp; Jei buvo susitarta d\u0117l i\u0161ankstinio apmok\u0117jimo banko pavedimu, atsiskaityti reikia i\u0161 karto po sutarties sudarymo, nebent \u0161alys susitar\u0117 d\u0117l v\u0117lesn\u0117s mok\u0117jimo datos.<\/p>\n<p><strong>4.4<\/strong>&nbsp; Mokant naudojant PayPal si\u016blom\u0105 mok\u0117jimo b\u016bd\u0105, mok\u0117jimas apdorojamas per mok\u0117jimo paslaug\u0173 teik\u0117j\u0105 PayPal (Europe) S.\u00e0 rl et Cie, SCA, 22-24 Boulevard Royal, L-2449 Luxembourg (toliau: &#8220;PayPal&#8221;), pagal PayPal naudojimo s\u0105lygas, kurias galima rasti adresu&nbsp;<a href=\"https:\/\/www.paypal.com\/de\/webapps\/mpp\/ua\/useragreement-full\" target=\"_blank\" rel=\"noopener noreferrer\">https:\/\/www.paypal.com\/de\/webapps\/mpp\/ua\/useragreement-full<\/a>&nbsp; arba &#8211; jei klientas neturi PayPal s\u0105skaitos &#8211; pagal mok\u0117jimo be PayPal s\u0105skaitos s\u0105lygas, kurias galite per\u017ei\u016br\u0117ti adresu&nbsp;<a href=\"https:\/\/www.paypal.com\/de\/webapps\/mpp\/ua\/privacywax-full\">https:\/\/www.paypal.com\/de\/webapps\/mpp\/ua\/privacywax-full<\/a> .<\/p>\n<h2>5) Pristatymo ir pristatymo s\u0105lygos<\/h2>\n<p><strong>5.1<\/strong>&nbsp; Prek\u0117s pristatomos kliento nurodytu pristatymo adresu, jeigu nesusitarta kitaip. Apdorojant sandor\u012f, lemiamas yra pristatymo adresas, nurodytas pardav\u0117jo u\u017esakymo apdorojime. Nukrypstant nuo to, renkantis \u201ePayPal\u201c mok\u0117jimo b\u016bd\u0105, lemiamas yra pristatymo adresas, kur\u012f klientas mok\u0117jimo metu i\u0161saugojo \u201ePayPal\u201c.<\/p>\n<p><strong>5.2<\/strong>&nbsp; Jei transporto \u012fmon\u0117 siun\u010dia i\u0161si\u0173stas prekes atgal pardav\u0117jui, nes nebuvo galimas pristatymas klientui, klientas padengia nes\u0117kmingo siuntimo i\u0161laidas. Tai netaikoma, jei klientas veiksmingai naudojasi savo atsisakymo teise, jei jis n\u0117ra atsakingas u\u017e aplinkyb\u0119, d\u0117l kurios pristatymas buvo ne\u012fmanomas, arba jei jam buvo laikinai trukdyta priimti si\u016blom\u0105 paslaug\u0105, nebent pardav\u0117jas jam suteik\u0117 galimyb\u0119 spektakl\u012f prie\u0161 proting\u0105 laik\u0105.<\/p>\n<p><strong>5.3<\/strong>&nbsp; Atsi\u0117mimas ne\u012fmanomas d\u0117l logistini\u0173 prie\u017eas\u010di\u0173.<\/p>\n<h2>6) Nuosavyb\u0117s i\u0161saugojimas<\/h2>\n<p>Jei pardav\u0117jas sumoka avans\u0105, jis i\u0161laiko nuosavyb\u0117s teis\u0119 \u012f pristatytas prekes, kol bus visi\u0161kai sumok\u0117ta skolinga pirkimo kaina.<\/p>\n<h2>7) Atsakomyb\u0117 u\u017e defektus (garantija)<\/h2>\n<p><strong>7.1<\/strong>&nbsp; Jeigu \u012fsigyta prek\u0117 yra nekokybi\u0161ka, taikoma \u012fstatym\u0173 nustatyta atsakomyb\u0117 u\u017e tr\u016bkumus.<\/p>\n<p><strong>7.2<\/strong>&nbsp; Kliento pra\u0161oma pateikti pretenzij\u0105 d\u0117l pristatyt\u0173 preki\u0173 su akivaizd\u017eiais transportavimo pa\u017eeidimais tiek\u0117jui ir apie tai informuoti pardav\u0117j\u0105. Jei klientas to nesilaiko, tai neturi \u012ftakos jo \u012fstatymuose ar sutartyje nustatytiems reikalavimams d\u0117l defekt\u0173.<\/p>\n<h2>8) Kampanijos \u010deki\u0173 i\u0161pirkimas<\/h2>\n<p><strong>8.1<\/strong>&nbsp; Kuponus, kuriuos pardav\u0117jas nemokamai i\u0161duoda kaip tam tikro galiojimo laikotarpio akcij\u0173 dal\u012f ir kuri\u0173 klientas negali \u012fsigyti (toliau \u2013 akcijos kuponai), galima i\u0161pirkti tik pardav\u0117jo internetin\u0117je parduotuv\u0117je ir tik nurodytu laikotarpiu. .<\/p>\n<p><strong>8.2<\/strong>&nbsp; Atskiri produktai gali b\u016bti pa\u0161alinti i\u0161 kupon\u0173 kampanijos, jei atitinkamas apribojimas atsiranda d\u0117l kampanijos kupono turinio.<\/p>\n<p><strong>8.3<\/strong>&nbsp; Reklaminius kuponus galima i\u0161pirkti tik prie\u0161 u\u017ebaigiant u\u017esakymo proces\u0105. V\u0117lesnis atsiskaitymas ne\u012fmanomas.<\/p>\n<p><strong>8.4<\/strong>&nbsp; Vienam u\u017esakymui galima i\u0161pirkti tik vien\u0105 reklamin\u012f kupon\u0105.<\/p>\n<p><strong>8.5<\/strong>&nbsp; Preki\u0173 vert\u0117 turi atitikti bent reklaminio \u010dekio sum\u0105. Likusio kredito pardav\u0117jas negr\u0105\u017eins.<\/p>\n<p><strong>8.6<\/strong>&nbsp; Jei akcijos kupono vert\u0117s neu\u017etenka u\u017esakymui padengti, skirtumui padengti galima pasirinkti vien\u0105 i\u0161 kit\u0173 pardav\u0117jo si\u016blom\u0173 mok\u0117jimo b\u016bd\u0173.<\/p>\n<p><strong>8.7<\/strong>&nbsp; Reklaminio kupono likutis n\u0117ra i\u0161mokamas grynaisiais ir neu\u017edirba pal\u016bkan\u0173.<\/p>\n<p><strong>8.8<\/strong>&nbsp; Pinigai u\u017e akcijos kupon\u0105 negr\u0105\u017einami, jei klientas gr\u0105\u017eina prekes, u\u017e kurias visi\u0161kai ar i\u0161 dalies buvo sumok\u0117tas akcijos kuponu, nevir\u0161ydamas \u012fstatymo nustatytos sutarties atsisakymo teis\u0117s.<\/p>\n<p><strong>8.9<\/strong>&nbsp; Reklaminis kuponas yra perleid\u017eiamas. Pardav\u0117jas, tur\u0117damas i\u0161skaitymo efekt\u0105, gali atlikti mok\u0117jimus atitinkamam savininkui, kuris i\u0161pirko reklamin\u012f \u010dek\u012f pardav\u0117jo internetin\u0117je parduotuv\u0117je. Tai netaikoma, jei pardav\u0117jas \u017eino arba labai aplaid\u017eiai ne\u017eino apie leidim\u0105, teisin\u012f neveiksnum\u0105 ar atitinkamo savininko \u012fgaliojim\u0173 tr\u016bkum\u0105.<\/p>\n<h2>9) Taikoma teis\u0117<\/h2>\n<p>Vokietijos Federacin\u0117s Respublikos \u012fstatymai taikomi visiems \u0161ali\u0173 teisiniams santykiams, i\u0161skyrus \u012fstatymus d\u0117l tarptautinio kilnojam\u0173j\u0173 preki\u0173 pirkimo. Vartotojams \u0161is teis\u0117s pasirinkimas taikomas tik tiek, kiek neat\u0161aukiama apsauga, kuri\u0105 suteikia imperatyvios valstyb\u0117s, kurioje yra vartotojo nuolatin\u0117 gyvenamoji vieta, teis\u0117s nuostatos.<\/p>\n<h2>10) Alternatyvus gin\u010d\u0173 sprendimas<\/h2>\n<p><strong>10.1<\/strong>&nbsp; ES Komisija pateikia internetinio gin\u010d\u0173 sprendimo platform\u0105 internete paspaudus \u0161i\u0105 nuorod\u0105:&nbsp;<a href=\"http:\/\/ec.europa.eu\/consumers\/odr\">http:\/\/ec.europa.eu\/consumers\/odr<\/a><\/p>\n<p>\u0160i platforma tarnauja kaip kontaktinis punktas sprend\u017eiant gin\u010dus, kylan\u010dius d\u0117l pirkimo internetu ar paslaug\u0173 sutar\u010di\u0173, kuriose dalyvauja vartotojas, neteisminiu b\u016bdu.<\/p>\n<p><strong>10.2<\/strong>&nbsp; Pardav\u0117jas neprivalo ir nenori dalyvauti gin\u010d\u0173 sprendimo proced\u016broje vartotoj\u0173 arbitra\u017eo kolegijoje.<\/p>\n","protected":false},"excerpt":{"rendered":"<p>Turinys taikymo srit\u012f Sutarties sudarymas Teis\u0117 atsisakyti sutarties Kainos ir apmok\u0117jimo s\u0105lygos Pristatymo ir pristatymo s\u0105lygos Nuosavyb\u0117s i\u0161saugojimas Atsakomyb\u0117 u\u017e defektus (garantija) Kampanijos \u010deki\u0173 i\u0161pirkimas Taikytina teis\u0117 Alternatyvus gin\u010d\u0173 sprendimas 1) Taikymo sritis 1.1 . \u0160ios Holger K\u00e4ding, prekiaujan\u010dios &#8220;versiegelung24.com&#8221; (toliau &#8220;Pardav\u0117jas&#8221;) bendrosios s\u0105lygos (toliau &#8220;GSS&#8221;), taikomos visoms preki\u0173 pristatymo sutartims, kurias vartotojas ar verslininkas&hellip;&nbsp;<a href=\"https:\/\/www.versiegelung24.com\/lt\/bendrosios-salygos-su-kliento-informacija\/\" rel=\"bookmark\">Read More &raquo;<span class=\"screen-reader-text\">Bendrosios s\u0105lygos su kliento informacija<\/span><\/a><\/p>\n","protected":false},"author":932,"featured_media":70718,"parent":0,"menu_order":0,"comment_status":"closed","ping_status":"closed","template":"","meta":{"_acf_changed":false,"neve_meta_sidebar":"","neve_meta_container":"","neve_meta_enable_content_width":"","neve_meta_content_width":0,"neve_meta_title_alignment":"","neve_meta_author_avatar":"","neve_post_elements_order":"","neve_meta_disable_header":"","neve_meta_disable_footer":"","neve_meta_disable_title":"","neve_meta_reading_time":"","footnotes":""},"categories":[],"seiten_kategorie":[],"class_list":["post-25687","page","type-page","status-publish","has-post-thumbnail","hentry"],"acf":[],"yoast_head":"<!-- This site is optimized with the Yoast SEO Premium plugin v22.8 (Yoast SEO v27.5) - https:\/\/yoast.com\/product\/yoast-seo-premium-wordpress\/ -->\n<title>Bendrosios s\u0105lygos su kliento informacija - versiegelung24.com<\/title>\n<meta name=\"robots\" content=\"index, follow, max-snippet:-1, max-image-preview:large, max-video-preview:-1\" \/>\n<link rel=\"canonical\" href=\"https:\/\/www.versiegelung24.com\/lt\/bendrosios-salygos-su-kliento-informacija\/\" \/>\n<meta property=\"og:locale\" content=\"lt_LT\" \/>\n<meta property=\"og:type\" content=\"article\" \/>\n<meta property=\"og:title\" content=\"Bendrosios s\u0105lygos su kliento informacija\" \/>\n<meta property=\"og:description\" content=\"Turinys taikymo srit\u012f Sutarties sudarymas Teis\u0117 atsisakyti sutarties Kainos ir apmok\u0117jimo s\u0105lygos Pristatymo ir pristatymo s\u0105lygos Nuosavyb\u0117s i\u0161saugojimas Atsakomyb\u0117 u\u017e defektus (garantija) Kampanijos \u010deki\u0173 i\u0161pirkimas Taikytina teis\u0117 Alternatyvus gin\u010d\u0173 sprendimas 1) Taikymo sritis 1.1 . \u0160ios Holger K\u00e4ding, prekiaujan\u010dios &#8220;versiegelung24.com&#8221; (toliau &#8220;Pardav\u0117jas&#8221;) bendrosios s\u0105lygos (toliau &#8220;GSS&#8221;), taikomos visoms preki\u0173 pristatymo sutartims, kurias vartotojas ar verslininkas&hellip;&nbsp;Read More &raquo;Bendrosios s\u0105lygos su kliento informacija\" \/>\n<meta property=\"og:url\" content=\"https:\/\/www.versiegelung24.com\/lt\/bendrosios-salygos-su-kliento-informacija\/\" \/>\n<meta property=\"og:site_name\" content=\"versiegelung24.com\" \/>\n<meta property=\"article:modified_time\" content=\"2024-06-25T18:50:51+00:00\" \/>\n<meta property=\"og:image\" content=\"https:\/\/www.versiegelung24.com\/wp-content\/uploads\/2022\/02\/Impressum.png\" \/>\n\t<meta property=\"og:image:width\" content=\"2000\" \/>\n\t<meta property=\"og:image:height\" content=\"2000\" \/>\n\t<meta property=\"og:image:type\" content=\"image\/png\" \/>\n<meta name=\"twitter:card\" content=\"summary_large_image\" \/>\n<meta name=\"twitter:label1\" content=\"Est. reading time\" \/>\n\t<meta name=\"twitter:data1\" content=\"7 minut\u0117s\" \/>\n<script type=\"application\/ld+json\" class=\"yoast-schema-graph\">{\"@context\":\"https:\\\/\\\/schema.org\",\"@graph\":[{\"@type\":\"WebPage\",\"@id\":\"https:\\\/\\\/www.versiegelung24.com\\\/lt\\\/bendrosios-salygos-su-kliento-informacija\\\/\",\"url\":\"https:\\\/\\\/www.versiegelung24.com\\\/lt\\\/bendrosios-salygos-su-kliento-informacija\\\/\",\"name\":\"Bendrosios s\u0105lygos su kliento informacija - versiegelung24.com\",\"isPartOf\":{\"@id\":\"https:\\\/\\\/www.versiegelung24.com\\\/lt\\\/#website\"},\"primaryImageOfPage\":{\"@id\":\"https:\\\/\\\/www.versiegelung24.com\\\/lt\\\/bendrosios-salygos-su-kliento-informacija\\\/#primaryimage\"},\"image\":{\"@id\":\"https:\\\/\\\/www.versiegelung24.com\\\/lt\\\/bendrosios-salygos-su-kliento-informacija\\\/#primaryimage\"},\"thumbnailUrl\":\"https:\\\/\\\/www.versiegelung24.com\\\/wp-content\\\/uploads\\\/2022\\\/02\\\/Impressum.png\",\"datePublished\":\"2021-08-03T09:16:02+00:00\",\"dateModified\":\"2024-06-25T18:50:51+00:00\",\"breadcrumb\":{\"@id\":\"https:\\\/\\\/www.versiegelung24.com\\\/lt\\\/bendrosios-salygos-su-kliento-informacija\\\/#breadcrumb\"},\"inLanguage\":\"lt-LT\",\"potentialAction\":[{\"@type\":\"ReadAction\",\"target\":[\"https:\\\/\\\/www.versiegelung24.com\\\/lt\\\/bendrosios-salygos-su-kliento-informacija\\\/\"]}]},{\"@type\":\"ImageObject\",\"inLanguage\":\"lt-LT\",\"@id\":\"https:\\\/\\\/www.versiegelung24.com\\\/lt\\\/bendrosios-salygos-su-kliento-informacija\\\/#primaryimage\",\"url\":\"https:\\\/\\\/www.versiegelung24.com\\\/wp-content\\\/uploads\\\/2022\\\/02\\\/Impressum.png\",\"contentUrl\":\"https:\\\/\\\/www.versiegelung24.com\\\/wp-content\\\/uploads\\\/2022\\\/02\\\/Impressum.png\",\"width\":2000,\"height\":2000},{\"@type\":\"BreadcrumbList\",\"@id\":\"https:\\\/\\\/www.versiegelung24.com\\\/lt\\\/bendrosios-salygos-su-kliento-informacija\\\/#breadcrumb\",\"itemListElement\":[{\"@type\":\"ListItem\",\"position\":1,\"name\":\"Prad\u017eia\",\"item\":\"https:\\\/\\\/www.versiegelung24.com\\\/lt\\\/priekinis\\\/\"},{\"@type\":\"ListItem\",\"position\":2,\"name\":\"Bendrosios s\u0105lygos su kliento informacija\"}]},{\"@type\":\"WebSite\",\"@id\":\"https:\\\/\\\/www.versiegelung24.com\\\/lt\\\/#website\",\"url\":\"https:\\\/\\\/www.versiegelung24.com\\\/lt\\\/\",\"name\":\"versiegelung24.com\",\"description\":\"Fl\u00fcssigglas-Versiegelung - Made in Germany\",\"publisher\":{\"@id\":\"https:\\\/\\\/www.versiegelung24.com\\\/lt\\\/#organization\"},\"potentialAction\":[{\"@type\":\"SearchAction\",\"target\":{\"@type\":\"EntryPoint\",\"urlTemplate\":\"https:\\\/\\\/www.versiegelung24.com\\\/lt\\\/?s={search_term_string}\"},\"query-input\":{\"@type\":\"PropertyValueSpecification\",\"valueRequired\":true,\"valueName\":\"search_term_string\"}}],\"inLanguage\":\"lt-LT\"},{\"@type\":\"Organization\",\"@id\":\"https:\\\/\\\/www.versiegelung24.com\\\/lt\\\/#organization\",\"name\":\"versiegelung24\",\"url\":\"https:\\\/\\\/www.versiegelung24.com\\\/lt\\\/\",\"logo\":{\"@type\":\"ImageObject\",\"inLanguage\":\"lt-LT\",\"@id\":\"https:\\\/\\\/www.versiegelung24.com\\\/lt\\\/#\\\/schema\\\/logo\\\/image\\\/\",\"url\":\"https:\\\/\\\/www.versiegelung24.com\\\/wp-content\\\/uploads\\\/2020\\\/04\\\/versiegelung24.png\",\"contentUrl\":\"https:\\\/\\\/www.versiegelung24.com\\\/wp-content\\\/uploads\\\/2020\\\/04\\\/versiegelung24.png\",\"width\":470,\"height\":102,\"caption\":\"versiegelung24\"},\"image\":{\"@id\":\"https:\\\/\\\/www.versiegelung24.com\\\/lt\\\/#\\\/schema\\\/logo\\\/image\\\/\"}}]}<\/script>\n<!-- \/ Yoast SEO Premium plugin. -->","yoast_head_json":{"title":"Bendrosios s\u0105lygos su kliento informacija - versiegelung24.com","robots":{"index":"index","follow":"follow","max-snippet":"max-snippet:-1","max-image-preview":"max-image-preview:large","max-video-preview":"max-video-preview:-1"},"canonical":"https:\/\/www.versiegelung24.com\/lt\/bendrosios-salygos-su-kliento-informacija\/","og_locale":"lt_LT","og_type":"article","og_title":"Bendrosios s\u0105lygos su kliento informacija","og_description":"Turinys taikymo srit\u012f Sutarties sudarymas Teis\u0117 atsisakyti sutarties Kainos ir apmok\u0117jimo s\u0105lygos Pristatymo ir pristatymo s\u0105lygos Nuosavyb\u0117s i\u0161saugojimas Atsakomyb\u0117 u\u017e defektus (garantija) Kampanijos \u010deki\u0173 i\u0161pirkimas Taikytina teis\u0117 Alternatyvus gin\u010d\u0173 sprendimas 1) Taikymo sritis 1.1 . \u0160ios Holger K\u00e4ding, prekiaujan\u010dios &#8220;versiegelung24.com&#8221; (toliau &#8220;Pardav\u0117jas&#8221;) bendrosios s\u0105lygos (toliau &#8220;GSS&#8221;), taikomos visoms preki\u0173 pristatymo sutartims, kurias vartotojas ar verslininkas&hellip;&nbsp;Read More &raquo;Bendrosios s\u0105lygos su kliento informacija","og_url":"https:\/\/www.versiegelung24.com\/lt\/bendrosios-salygos-su-kliento-informacija\/","og_site_name":"versiegelung24.com","article_modified_time":"2024-06-25T18:50:51+00:00","og_image":[{"width":2000,"height":2000,"url":"https:\/\/www.versiegelung24.com\/wp-content\/uploads\/2022\/02\/Impressum.png","type":"image\/png"}],"twitter_card":"summary_large_image","twitter_misc":{"Est. reading time":"7 minut\u0117s"},"schema":{"@context":"https:\/\/schema.org","@graph":[{"@type":"WebPage","@id":"https:\/\/www.versiegelung24.com\/lt\/bendrosios-salygos-su-kliento-informacija\/","url":"https:\/\/www.versiegelung24.com\/lt\/bendrosios-salygos-su-kliento-informacija\/","name":"Bendrosios s\u0105lygos su kliento informacija - versiegelung24.com","isPartOf":{"@id":"https:\/\/www.versiegelung24.com\/lt\/#website"},"primaryImageOfPage":{"@id":"https:\/\/www.versiegelung24.com\/lt\/bendrosios-salygos-su-kliento-informacija\/#primaryimage"},"image":{"@id":"https:\/\/www.versiegelung24.com\/lt\/bendrosios-salygos-su-kliento-informacija\/#primaryimage"},"thumbnailUrl":"https:\/\/www.versiegelung24.com\/wp-content\/uploads\/2022\/02\/Impressum.png","datePublished":"2021-08-03T09:16:02+00:00","dateModified":"2024-06-25T18:50:51+00:00","breadcrumb":{"@id":"https:\/\/www.versiegelung24.com\/lt\/bendrosios-salygos-su-kliento-informacija\/#breadcrumb"},"inLanguage":"lt-LT","potentialAction":[{"@type":"ReadAction","target":["https:\/\/www.versiegelung24.com\/lt\/bendrosios-salygos-su-kliento-informacija\/"]}]},{"@type":"ImageObject","inLanguage":"lt-LT","@id":"https:\/\/www.versiegelung24.com\/lt\/bendrosios-salygos-su-kliento-informacija\/#primaryimage","url":"https:\/\/www.versiegelung24.com\/wp-content\/uploads\/2022\/02\/Impressum.png","contentUrl":"https:\/\/www.versiegelung24.com\/wp-content\/uploads\/2022\/02\/Impressum.png","width":2000,"height":2000},{"@type":"BreadcrumbList","@id":"https:\/\/www.versiegelung24.com\/lt\/bendrosios-salygos-su-kliento-informacija\/#breadcrumb","itemListElement":[{"@type":"ListItem","position":1,"name":"Prad\u017eia","item":"https:\/\/www.versiegelung24.com\/lt\/priekinis\/"},{"@type":"ListItem","position":2,"name":"Bendrosios s\u0105lygos su kliento informacija"}]},{"@type":"WebSite","@id":"https:\/\/www.versiegelung24.com\/lt\/#website","url":"https:\/\/www.versiegelung24.com\/lt\/","name":"versiegelung24.com","description":"Fl\u00fcssigglas-Versiegelung - Made in Germany","publisher":{"@id":"https:\/\/www.versiegelung24.com\/lt\/#organization"},"potentialAction":[{"@type":"SearchAction","target":{"@type":"EntryPoint","urlTemplate":"https:\/\/www.versiegelung24.com\/lt\/?s={search_term_string}"},"query-input":{"@type":"PropertyValueSpecification","valueRequired":true,"valueName":"search_term_string"}}],"inLanguage":"lt-LT"},{"@type":"Organization","@id":"https:\/\/www.versiegelung24.com\/lt\/#organization","name":"versiegelung24","url":"https:\/\/www.versiegelung24.com\/lt\/","logo":{"@type":"ImageObject","inLanguage":"lt-LT","@id":"https:\/\/www.versiegelung24.com\/lt\/#\/schema\/logo\/image\/","url":"https:\/\/www.versiegelung24.com\/wp-content\/uploads\/2020\/04\/versiegelung24.png","contentUrl":"https:\/\/www.versiegelung24.com\/wp-content\/uploads\/2020\/04\/versiegelung24.png","width":470,"height":102,"caption":"versiegelung24"},"image":{"@id":"https:\/\/www.versiegelung24.com\/lt\/#\/schema\/logo\/image\/"}}]}},"_links":{"self":[{"href":"https:\/\/www.versiegelung24.com\/lt\/wp-json\/wp\/v2\/pages\/25687","targetHints":{"allow":["GET"]}}],"collection":[{"href":"https:\/\/www.versiegelung24.com\/lt\/wp-json\/wp\/v2\/pages"}],"about":[{"href":"https:\/\/www.versiegelung24.com\/lt\/wp-json\/wp\/v2\/types\/page"}],"author":[{"embeddable":true,"href":"https:\/\/www.versiegelung24.com\/lt\/wp-json\/wp\/v2\/users\/932"}],"replies":[{"embeddable":true,"href":"https:\/\/www.versiegelung24.com\/lt\/wp-json\/wp\/v2\/comments?post=25687"}],"version-history":[{"count":2,"href":"https:\/\/www.versiegelung24.com\/lt\/wp-json\/wp\/v2\/pages\/25687\/revisions"}],"predecessor-version":[{"id":71010,"href":"https:\/\/www.versiegelung24.com\/lt\/wp-json\/wp\/v2\/pages\/25687\/revisions\/71010"}],"wp:featuredmedia":[{"embeddable":true,"href":"https:\/\/www.versiegelung24.com\/lt\/wp-json\/wp\/v2\/media\/70718"}],"wp:attachment":[{"href":"https:\/\/www.versiegelung24.com\/lt\/wp-json\/wp\/v2\/media?parent=25687"}],"wp:term":[{"taxonomy":"category","embeddable":true,"href":"https:\/\/www.versiegelung24.com\/lt\/wp-json\/wp\/v2\/categories?post=25687"},{"taxonomy":"seiten_kategorie","embeddable":true,"href":"https:\/\/www.versiegelung24.com\/lt\/wp-json\/wp\/v2\/seiten_kategorie?post=25687"}],"curies":[{"name":"wp","href":"https:\/\/api.w.org\/{rel}","templated":true}]}}