{"id":25973,"date":"2021-08-03T12:06:39","date_gmt":"2021-08-03T10:06:39","guid":{"rendered":"https:\/\/www.versiegelung24.com\/mokejimo-metodai"},"modified":"2024-07-09T09:38:18","modified_gmt":"2024-07-09T07:38:18","slug":"mokejimo-budai","status":"publish","type":"page","link":"https:\/\/www.versiegelung24.com\/lt\/mokejimo-budai\/","title":{"rendered":"mok\u0117jimo metodai"},"content":{"rendered":"\n<h1 class=\"wp-block-heading\" id=\"h-zahlungsarten\">mok\u0117jimo metodai<\/h1>\n<p>Mes si\u016blome \u0161iuos mok\u0117jimo b\u016bdus j\u016bs\u0173 u\u017esakymui versiegelung24.com:<\/p>\n<p><img fetchpriority=\"high\" decoding=\"async\" class=\"alignnone wp-image-133349 \" src=\"https:\/\/www.versiegelung24.com\/wp-content\/uploads\/2023\/11\/v24-footer-zahlungsarten-1300x93.webp\" alt=\"\" width=\"780\" height=\"76\"><\/p>\n<h3>Paypal<\/h3>\n<p>Jei mok\u0117jimo suma sumokama per \u201ePayPal\u201c, j\u016bs\u0173 u\u017esakymas bus nedelsiant apdorotas.<\/p>\n<h3>I\u0161ankstinis apmok\u0117jimas banko pavedimu<\/h3>\n<p>Gavus apmok\u0117jim\u0105 i\u0161ankstiniu pervedimu \u012f m\u016bs\u0173 banko s\u0105skait\u0105, j\u016bs\u0173 siunta bus i\u0161si\u0173sta.<\/p>\n<p>Gav\u0117jas: Holger K\u00e4ding<br \/>IBAN: DE30370502990011006269<br \/>BIC \/ SWIFT: COKSDE33<br \/>Kelno \u201eKreissparkasse\u201c<\/p>\n<h3>Pirkimas pagal s\u0105skait\u0105 fakt\u016br\u0105<\/h3>\n<p>Valstybin\u0117ms institucijoms ir institucijoms taip pat si\u016blome \u012fsigyti pagal u\u017esakym\u0105. <a href=\"https:\/\/www.versiegelung24.com\/lt\/kontaktas\/\">D\u0117l to susisiekite su mumis<\/a> .<\/p>\n","protected":false},"excerpt":{"rendered":"<p>mok\u0117jimo metodai Mes si\u016blome \u0161iuos mok\u0117jimo b\u016bdus j\u016bs\u0173 u\u017esakymui versiegelung24.com: Paypal Jei mok\u0117jimo suma sumokama per \u201ePayPal\u201c, j\u016bs\u0173 u\u017esakymas bus nedelsiant apdorotas. I\u0161ankstinis apmok\u0117jimas banko pavedimu Gavus apmok\u0117jim\u0105 i\u0161ankstiniu pervedimu \u012f m\u016bs\u0173 banko s\u0105skait\u0105, j\u016bs\u0173 siunta bus i\u0161si\u0173sta. Gav\u0117jas: Holger K\u00e4dingIBAN: DE30370502990011006269BIC \/ SWIFT: COKSDE33Kelno \u201eKreissparkasse\u201c Pirkimas pagal s\u0105skait\u0105 fakt\u016br\u0105 Valstybin\u0117ms institucijoms ir institucijoms taip&hellip;&nbsp;<a href=\"https:\/\/www.versiegelung24.com\/lt\/mokejimo-budai\/\" rel=\"bookmark\">Read More &raquo;<span class=\"screen-reader-text\">mok\u0117jimo metodai<\/span><\/a><\/p>\n","protected":false},"author":932,"featured_media":70658,"parent":0,"menu_order":0,"comment_status":"closed","ping_status":"closed","template":"","meta":{"_acf_changed":false,"neve_meta_sidebar":"","neve_meta_container":"","neve_meta_enable_content_width":"","neve_meta_content_width":0,"neve_meta_title_alignment":"","neve_meta_author_avatar":"","neve_post_elements_order":"","neve_meta_disable_header":"","neve_meta_disable_footer":"","neve_meta_disable_title":"","neve_meta_reading_time":"","footnotes":""},"categories":[],"seiten_kategorie":[],"class_list":["post-25973","page","type-page","status-publish","has-post-thumbnail","hentry"],"acf":[],"yoast_head":"<!-- This site is optimized with the Yoast SEO Premium plugin v22.8 (Yoast SEO v27.5) - https:\/\/yoast.com\/product\/yoast-seo-premium-wordpress\/ -->\n<title>mok\u0117jimo metodai - versiegelung24.com<\/title>\n<meta name=\"robots\" content=\"index, follow, max-snippet:-1, max-image-preview:large, max-video-preview:-1\" \/>\n<link rel=\"canonical\" href=\"https:\/\/www.versiegelung24.com\/lt\/mokejimo-budai\/\" \/>\n<meta property=\"og:locale\" content=\"lt_LT\" \/>\n<meta property=\"og:type\" content=\"article\" \/>\n<meta property=\"og:title\" content=\"mok\u0117jimo metodai\" \/>\n<meta property=\"og:description\" content=\"mok\u0117jimo metodai Mes si\u016blome \u0161iuos mok\u0117jimo b\u016bdus j\u016bs\u0173 u\u017esakymui versiegelung24.com: Paypal Jei mok\u0117jimo suma sumokama per \u201ePayPal\u201c, j\u016bs\u0173 u\u017esakymas bus nedelsiant apdorotas. I\u0161ankstinis apmok\u0117jimas banko pavedimu Gavus apmok\u0117jim\u0105 i\u0161ankstiniu pervedimu \u012f m\u016bs\u0173 banko s\u0105skait\u0105, j\u016bs\u0173 siunta bus i\u0161si\u0173sta. Gav\u0117jas: Holger K\u00e4dingIBAN: DE30370502990011006269BIC \/ SWIFT: COKSDE33Kelno \u201eKreissparkasse\u201c Pirkimas pagal s\u0105skait\u0105 fakt\u016br\u0105 Valstybin\u0117ms institucijoms ir institucijoms taip&hellip;&nbsp;Read More &raquo;mok\u0117jimo metodai\" \/>\n<meta property=\"og:url\" content=\"https:\/\/www.versiegelung24.com\/lt\/mokejimo-budai\/\" \/>\n<meta property=\"og:site_name\" content=\"versiegelung24.com\" \/>\n<meta property=\"article:modified_time\" content=\"2024-07-09T07:38:18+00:00\" \/>\n<meta property=\"og:image\" content=\"https:\/\/www.versiegelung24.com\/wp-content\/uploads\/2022\/02\/Payment.png\" \/>\n\t<meta property=\"og:image:width\" content=\"2000\" \/>\n\t<meta property=\"og:image:height\" content=\"2000\" \/>\n\t<meta property=\"og:image:type\" content=\"image\/png\" \/>\n<meta name=\"twitter:card\" content=\"summary_large_image\" \/>\n<script type=\"application\/ld+json\" class=\"yoast-schema-graph\">{\"@context\":\"https:\\\/\\\/schema.org\",\"@graph\":[{\"@type\":\"WebPage\",\"@id\":\"https:\\\/\\\/www.versiegelung24.com\\\/lt\\\/mokejimo-budai\\\/\",\"url\":\"https:\\\/\\\/www.versiegelung24.com\\\/lt\\\/mokejimo-budai\\\/\",\"name\":\"mok\u0117jimo metodai - versiegelung24.com\",\"isPartOf\":{\"@id\":\"https:\\\/\\\/www.versiegelung24.com\\\/lt\\\/#website\"},\"primaryImageOfPage\":{\"@id\":\"https:\\\/\\\/www.versiegelung24.com\\\/lt\\\/mokejimo-budai\\\/#primaryimage\"},\"image\":{\"@id\":\"https:\\\/\\\/www.versiegelung24.com\\\/lt\\\/mokejimo-budai\\\/#primaryimage\"},\"thumbnailUrl\":\"https:\\\/\\\/www.versiegelung24.com\\\/wp-content\\\/uploads\\\/2022\\\/02\\\/Payment.png\",\"datePublished\":\"2021-08-03T10:06:39+00:00\",\"dateModified\":\"2024-07-09T07:38:18+00:00\",\"breadcrumb\":{\"@id\":\"https:\\\/\\\/www.versiegelung24.com\\\/lt\\\/mokejimo-budai\\\/#breadcrumb\"},\"inLanguage\":\"lt-LT\",\"potentialAction\":[{\"@type\":\"ReadAction\",\"target\":[\"https:\\\/\\\/www.versiegelung24.com\\\/lt\\\/mokejimo-budai\\\/\"]}]},{\"@type\":\"ImageObject\",\"inLanguage\":\"lt-LT\",\"@id\":\"https:\\\/\\\/www.versiegelung24.com\\\/lt\\\/mokejimo-budai\\\/#primaryimage\",\"url\":\"https:\\\/\\\/www.versiegelung24.com\\\/wp-content\\\/uploads\\\/2022\\\/02\\\/Payment.png\",\"contentUrl\":\"https:\\\/\\\/www.versiegelung24.com\\\/wp-content\\\/uploads\\\/2022\\\/02\\\/Payment.png\",\"width\":2000,\"height\":2000},{\"@type\":\"BreadcrumbList\",\"@id\":\"https:\\\/\\\/www.versiegelung24.com\\\/lt\\\/mokejimo-budai\\\/#breadcrumb\",\"itemListElement\":[{\"@type\":\"ListItem\",\"position\":1,\"name\":\"Prad\u017eia\",\"item\":\"https:\\\/\\\/www.versiegelung24.com\\\/lt\\\/priekinis\\\/\"},{\"@type\":\"ListItem\",\"position\":2,\"name\":\"mok\u0117jimo metodai\"}]},{\"@type\":\"WebSite\",\"@id\":\"https:\\\/\\\/www.versiegelung24.com\\\/lt\\\/#website\",\"url\":\"https:\\\/\\\/www.versiegelung24.com\\\/lt\\\/\",\"name\":\"versiegelung24.com\",\"description\":\"Fl\u00fcssigglas-Versiegelung - Made in Germany\",\"publisher\":{\"@id\":\"https:\\\/\\\/www.versiegelung24.com\\\/lt\\\/#organization\"},\"potentialAction\":[{\"@type\":\"SearchAction\",\"target\":{\"@type\":\"EntryPoint\",\"urlTemplate\":\"https:\\\/\\\/www.versiegelung24.com\\\/lt\\\/?s={search_term_string}\"},\"query-input\":{\"@type\":\"PropertyValueSpecification\",\"valueRequired\":true,\"valueName\":\"search_term_string\"}}],\"inLanguage\":\"lt-LT\"},{\"@type\":\"Organization\",\"@id\":\"https:\\\/\\\/www.versiegelung24.com\\\/lt\\\/#organization\",\"name\":\"versiegelung24\",\"url\":\"https:\\\/\\\/www.versiegelung24.com\\\/lt\\\/\",\"logo\":{\"@type\":\"ImageObject\",\"inLanguage\":\"lt-LT\",\"@id\":\"https:\\\/\\\/www.versiegelung24.com\\\/lt\\\/#\\\/schema\\\/logo\\\/image\\\/\",\"url\":\"https:\\\/\\\/www.versiegelung24.com\\\/wp-content\\\/uploads\\\/2020\\\/04\\\/versiegelung24.png\",\"contentUrl\":\"https:\\\/\\\/www.versiegelung24.com\\\/wp-content\\\/uploads\\\/2020\\\/04\\\/versiegelung24.png\",\"width\":470,\"height\":102,\"caption\":\"versiegelung24\"},\"image\":{\"@id\":\"https:\\\/\\\/www.versiegelung24.com\\\/lt\\\/#\\\/schema\\\/logo\\\/image\\\/\"}}]}<\/script>\n<!-- \/ Yoast SEO Premium plugin. -->","yoast_head_json":{"title":"mok\u0117jimo metodai - versiegelung24.com","robots":{"index":"index","follow":"follow","max-snippet":"max-snippet:-1","max-image-preview":"max-image-preview:large","max-video-preview":"max-video-preview:-1"},"canonical":"https:\/\/www.versiegelung24.com\/lt\/mokejimo-budai\/","og_locale":"lt_LT","og_type":"article","og_title":"mok\u0117jimo metodai","og_description":"mok\u0117jimo metodai Mes si\u016blome \u0161iuos mok\u0117jimo b\u016bdus j\u016bs\u0173 u\u017esakymui versiegelung24.com: Paypal Jei mok\u0117jimo suma sumokama per \u201ePayPal\u201c, j\u016bs\u0173 u\u017esakymas bus nedelsiant apdorotas. I\u0161ankstinis apmok\u0117jimas banko pavedimu Gavus apmok\u0117jim\u0105 i\u0161ankstiniu pervedimu \u012f m\u016bs\u0173 banko s\u0105skait\u0105, j\u016bs\u0173 siunta bus i\u0161si\u0173sta. Gav\u0117jas: Holger K\u00e4dingIBAN: DE30370502990011006269BIC \/ SWIFT: COKSDE33Kelno \u201eKreissparkasse\u201c Pirkimas pagal s\u0105skait\u0105 fakt\u016br\u0105 Valstybin\u0117ms institucijoms ir institucijoms taip&hellip;&nbsp;Read More &raquo;mok\u0117jimo metodai","og_url":"https:\/\/www.versiegelung24.com\/lt\/mokejimo-budai\/","og_site_name":"versiegelung24.com","article_modified_time":"2024-07-09T07:38:18+00:00","og_image":[{"width":2000,"height":2000,"url":"https:\/\/www.versiegelung24.com\/wp-content\/uploads\/2022\/02\/Payment.png","type":"image\/png"}],"twitter_card":"summary_large_image","schema":{"@context":"https:\/\/schema.org","@graph":[{"@type":"WebPage","@id":"https:\/\/www.versiegelung24.com\/lt\/mokejimo-budai\/","url":"https:\/\/www.versiegelung24.com\/lt\/mokejimo-budai\/","name":"mok\u0117jimo metodai - versiegelung24.com","isPartOf":{"@id":"https:\/\/www.versiegelung24.com\/lt\/#website"},"primaryImageOfPage":{"@id":"https:\/\/www.versiegelung24.com\/lt\/mokejimo-budai\/#primaryimage"},"image":{"@id":"https:\/\/www.versiegelung24.com\/lt\/mokejimo-budai\/#primaryimage"},"thumbnailUrl":"https:\/\/www.versiegelung24.com\/wp-content\/uploads\/2022\/02\/Payment.png","datePublished":"2021-08-03T10:06:39+00:00","dateModified":"2024-07-09T07:38:18+00:00","breadcrumb":{"@id":"https:\/\/www.versiegelung24.com\/lt\/mokejimo-budai\/#breadcrumb"},"inLanguage":"lt-LT","potentialAction":[{"@type":"ReadAction","target":["https:\/\/www.versiegelung24.com\/lt\/mokejimo-budai\/"]}]},{"@type":"ImageObject","inLanguage":"lt-LT","@id":"https:\/\/www.versiegelung24.com\/lt\/mokejimo-budai\/#primaryimage","url":"https:\/\/www.versiegelung24.com\/wp-content\/uploads\/2022\/02\/Payment.png","contentUrl":"https:\/\/www.versiegelung24.com\/wp-content\/uploads\/2022\/02\/Payment.png","width":2000,"height":2000},{"@type":"BreadcrumbList","@id":"https:\/\/www.versiegelung24.com\/lt\/mokejimo-budai\/#breadcrumb","itemListElement":[{"@type":"ListItem","position":1,"name":"Prad\u017eia","item":"https:\/\/www.versiegelung24.com\/lt\/priekinis\/"},{"@type":"ListItem","position":2,"name":"mok\u0117jimo metodai"}]},{"@type":"WebSite","@id":"https:\/\/www.versiegelung24.com\/lt\/#website","url":"https:\/\/www.versiegelung24.com\/lt\/","name":"versiegelung24.com","description":"Fl\u00fcssigglas-Versiegelung - Made in Germany","publisher":{"@id":"https:\/\/www.versiegelung24.com\/lt\/#organization"},"potentialAction":[{"@type":"SearchAction","target":{"@type":"EntryPoint","urlTemplate":"https:\/\/www.versiegelung24.com\/lt\/?s={search_term_string}"},"query-input":{"@type":"PropertyValueSpecification","valueRequired":true,"valueName":"search_term_string"}}],"inLanguage":"lt-LT"},{"@type":"Organization","@id":"https:\/\/www.versiegelung24.com\/lt\/#organization","name":"versiegelung24","url":"https:\/\/www.versiegelung24.com\/lt\/","logo":{"@type":"ImageObject","inLanguage":"lt-LT","@id":"https:\/\/www.versiegelung24.com\/lt\/#\/schema\/logo\/image\/","url":"https:\/\/www.versiegelung24.com\/wp-content\/uploads\/2020\/04\/versiegelung24.png","contentUrl":"https:\/\/www.versiegelung24.com\/wp-content\/uploads\/2020\/04\/versiegelung24.png","width":470,"height":102,"caption":"versiegelung24"},"image":{"@id":"https:\/\/www.versiegelung24.com\/lt\/#\/schema\/logo\/image\/"}}]}},"_links":{"self":[{"href":"https:\/\/www.versiegelung24.com\/lt\/wp-json\/wp\/v2\/pages\/25973","targetHints":{"allow":["GET"]}}],"collection":[{"href":"https:\/\/www.versiegelung24.com\/lt\/wp-json\/wp\/v2\/pages"}],"about":[{"href":"https:\/\/www.versiegelung24.com\/lt\/wp-json\/wp\/v2\/types\/page"}],"author":[{"embeddable":true,"href":"https:\/\/www.versiegelung24.com\/lt\/wp-json\/wp\/v2\/users\/932"}],"replies":[{"embeddable":true,"href":"https:\/\/www.versiegelung24.com\/lt\/wp-json\/wp\/v2\/comments?post=25973"}],"version-history":[{"count":8,"href":"https:\/\/www.versiegelung24.com\/lt\/wp-json\/wp\/v2\/pages\/25973\/revisions"}],"predecessor-version":[{"id":169417,"href":"https:\/\/www.versiegelung24.com\/lt\/wp-json\/wp\/v2\/pages\/25973\/revisions\/169417"}],"wp:featuredmedia":[{"embeddable":true,"href":"https:\/\/www.versiegelung24.com\/lt\/wp-json\/wp\/v2\/media\/70658"}],"wp:attachment":[{"href":"https:\/\/www.versiegelung24.com\/lt\/wp-json\/wp\/v2\/media?parent=25973"}],"wp:term":[{"taxonomy":"category","embeddable":true,"href":"https:\/\/www.versiegelung24.com\/lt\/wp-json\/wp\/v2\/categories?post=25973"},{"taxonomy":"seiten_kategorie","embeddable":true,"href":"https:\/\/www.versiegelung24.com\/lt\/wp-json\/wp\/v2\/seiten_kategorie?post=25973"}],"curies":[{"name":"wp","href":"https:\/\/api.w.org\/{rel}","templated":true}]}}