{"id":41031,"date":"2021-12-14T14:15:27","date_gmt":"2021-12-14T13:15:27","guid":{"rendered":"https:\/\/www.versiegelung24.com\/patarimai-apie-versiegelung24-produktus\/zinoti-kaip\/apsauga-nuo-grafiti"},"modified":"2024-09-01T18:16:59","modified_gmt":"2024-09-01T16:16:59","slug":"apsauga-nuo-graffiti-su-skystu-stiklu","status":"publish","type":"page","link":"https:\/\/www.versiegelung24.com\/lt\/patarimai-apie-versiegelung24-produktus\/zinoti-kaip\/apsauga-nuo-grafiti\/","title":{"rendered":"Fasad\u0173 apsauga nuo grafi\u010di\u0173"},"content":{"rendered":"\n<h1 class=\"wp-block-heading\" id=\"h-graffiti-schutz-mit-flussigglas\">Apsauga nuo grafiti skystu stiklu<\/h1>\n\n<p>\u0160is vaizdo \u012fra\u0161as tur\u0117t\u0173 b\u016bti ypa\u010d \u012fdomus miestams ir savivaldyb\u0117ms arba sugadintiems nekilnojamojo turto savininkams, jau turintiems u\u017eter\u0161imo nuo grafiti purk\u0161tuv\u0173. \u201eMeninink\u0173\u201c spalvos yra patvarios ir pur\u0161kiant prasiskverbia \u012f beton\u0105 ar akmen\u012f. Tod\u0117l labai brangus ir daug laiko atimantis darbas yra pa\u0161alinti grafiti, o tai da\u017eniausiai turi b\u016bti padaryta profesionaliai.<\/p>\n\n<figure class=\"wp-block-embed aligncenter is-type-video is-provider-youtube wp-block-embed-youtube wp-embed-aspect-16-9 wp-has-aspect-ratio\"><div class=\"wp-block-embed__wrapper\"> \n<div class=\"nv-iframe-embed\"><iframe title=\"Graffiti Protection Pro 626 - How does it work?\" width=\"1200\" height=\"675\" src=\"https:\/\/www.youtube.com\/embed\/dP9jGmUvoek?feature=oembed\" frameborder=\"0\" allow=\"accelerometer; autoplay; clipboard-write; encrypted-media; gyroscope; picture-in-picture\" allowfullscreen><\/iframe><\/div>\n <\/div><\/figure>\n\n<div class=\"wp-block-columns is-layout-flex wp-container-core-columns-is-layout-9d6595d7 wp-block-columns-is-layout-flex\">\n<div class=\"wp-block-column is-layout-flow wp-block-column-is-layout-flow\" style=\"flex-basis:66.66%\">\n<p>Vaizdo \u012fra\u0161e parodytas palyginimas su dviem betonin\u0117mis plytomis:<\/p>\n\n\n\n<p><a href=\"https:\/\/www.versiegelung24.com\/lt\/apsaugine-danga-nuo-graffiti-labai-efektyvi-fasado-sandarinimas.html\">Vienas akmuo yra visi\u0161kai u\u017esandarintas skystu stiklu<\/a> , kitas &#8211; ne. Dabar, kaip spalvos pur\u0161kimo analogas, \u017eymekliu ra\u0161ikliu ant atitinkamo akmens nupie\u0161tas kry\u017eius. \u010cia irgi i\u0161 karto matosi \u2013 neapdoroto akmens atveju juoda spalva i\u0161 karto \u012fsitraukia, ai\u0161kiai matosi kry\u017eius. Kai akmuo yra sandarus, spalva negali prasiskverbti \u012f <a href=\"https:\/\/www.versiegelung24.com\/lt\/apsaugine-danga-nuo-graffiti-labai-efektyvi-fasado-sandarinimas.html\" target=\"_blank\" rel=\"noreferrer noopener\">skyst\u0105<\/a> stikl\u0105, vadinasi, n\u0117ra sukibimo. Tod\u0117l kry\u017eius matomas tik silpnai ir j\u012f galima nuimti tik vandeniu, nepaliekant joki\u0173 liku\u010di\u0173. J\u016bs veltui bandote tai padaryti su neapdorota plyta vaizdo \u012fra\u0161e. Daugeliu atvej\u0173 galima valyti vien tik vandeniu, ta\u010diau veiksmingumas gali skirtis priklausomai nuo graffiti tipo.<\/p>\n\n\n\n<p>Skysta stiklo danga galima apsaugoti pavir\u0161i\u0173 nuo graffiti.\nTinkamai naudojant ir esant palankioms s\u0105lygoms, apsauginis poveikis gali i\u0161likti iki 20 met\u0173. <\/p>\n\n\n\n<p>\u017di\u016br\u0117kite vaizdo \u012fra\u0161\u0105 ir pamatysite, kaip lengva sandarinti beton\u0105: Prie\u0161 tepant skyst\u0105 stiklo dang\u0105, pavir\u0161ius turi b\u016bti kruop\u0161\u010diai nuvalytas ir i\u0161d\u017eiovintas, kad sandariklis optimaliai prilipt\u0173 ir tolygiai pasiskirstyt\u0173.<\/p>\n<\/div>\n\n\n\n<div class=\"wp-block-column is-layout-flow wp-block-column-is-layout-flow\" style=\"flex-basis:33.33%\"><div class=\"wp-block-image\">\n<figure class=\"alignright size-full is-resized\"><img fetchpriority=\"high\" decoding=\"async\" width=\"1000\" height=\"1000\" src=\"https:\/\/www.versiegelung24.com\/wp-content\/uploads\/2021\/12\/graf-1.jpg\" alt=\"\" class=\"wp-image-40868\" style=\"width:313px;height:313px\" srcset=\"https:\/\/www.versiegelung24.com\/wp-content\/uploads\/2021\/12\/graf-1.jpg 1000w, https:\/\/www.versiegelung24.com\/wp-content\/uploads\/2021\/12\/graf-1-400x400.jpg 400w, https:\/\/www.versiegelung24.com\/wp-content\/uploads\/2021\/12\/graf-1-100x100.jpg 100w, https:\/\/www.versiegelung24.com\/wp-content\/uploads\/2021\/12\/graf-1-600x600.jpg 600w, https:\/\/www.versiegelung24.com\/wp-content\/uploads\/2021\/12\/graf-1-300x300.jpg 300w, https:\/\/www.versiegelung24.com\/wp-content\/uploads\/2021\/12\/graf-1-80x80.jpg 80w, https:\/\/www.versiegelung24.com\/wp-content\/uploads\/2021\/12\/graf-1-768x768.jpg 768w\" sizes=\"(max-width: 1000px) 100vw, 1000px\" \/><\/figure>\n<\/div><\/div>\n<\/div>\n<div class=\"woocommerce columns-4 \"><ul class=\"products columns-4\">\n<li class=\"product type-product post-23952 status-publish first instock product_cat-akmens-ir-betono-sandarinimas has-post-thumbnail taxable shipping-taxable purchasable product-type-variable has-default-attributes\">\n\t<div class=\"nv-card-content-wrapper\"><a href=\"https:\/\/www.versiegelung24.com\/lt\/apsaugine-danga-nuo-graffiti-labai-efektyvi-fasado-sandarinimas.html\" class=\"woocommerce-LoopProduct-link woocommerce-loop-product__link\"><div class=\"sp-product-image \"><div class=\"img-wrap\"><img decoding=\"async\" width=\"400\" height=\"400\" src=\"https:\/\/www.versiegelung24.com\/wp-content\/uploads\/2020\/04\/7626-anti-graffiti-400x400.webp\" class=\"attachment-woocommerce_thumbnail size-woocommerce_thumbnail\" alt=\"Apsaugin\u0117 danga nuo graffiti - Antigraffiti danga\" srcset=\"https:\/\/www.versiegelung24.com\/wp-content\/uploads\/2020\/04\/7626-anti-graffiti-400x400.webp 400w, https:\/\/www.versiegelung24.com\/wp-content\/uploads\/2020\/04\/7626-anti-graffiti-300x300.webp 300w, https:\/\/www.versiegelung24.com\/wp-content\/uploads\/2020\/04\/7626-anti-graffiti-1300x1300.webp 1300w, https:\/\/www.versiegelung24.com\/wp-content\/uploads\/2020\/04\/7626-anti-graffiti-80x80.webp 80w, https:\/\/www.versiegelung24.com\/wp-content\/uploads\/2020\/04\/7626-anti-graffiti-768x768.webp 768w, https:\/\/www.versiegelung24.com\/wp-content\/uploads\/2020\/04\/7626-anti-graffiti-1536x1536.webp 1536w, https:\/\/www.versiegelung24.com\/wp-content\/uploads\/2020\/04\/7626-anti-graffiti-2048x2048.webp 2048w, https:\/\/www.versiegelung24.com\/wp-content\/uploads\/2020\/04\/7626-anti-graffiti-70x70.webp 70w, https:\/\/www.versiegelung24.com\/wp-content\/uploads\/2020\/04\/7626-anti-graffiti-600x600.webp 600w, https:\/\/www.versiegelung24.com\/wp-content\/uploads\/2020\/04\/7626-anti-graffiti-100x100.webp 100w\" sizes=\"(max-width: 400px) 100vw, 400px\" \/><\/div><\/div><h2 class=\"woocommerce-loop-product__title\">Apsaugin\u0117 danga nuo graffiti &#8211; Antigraffiti danga<\/h2>\n\t<span class=\"price\"><span class=\"woocommerce-Price-amount amount\"><bdi>359,00<span class=\"woocommerce-Price-currencySymbol\">&euro;<\/span><\/bdi><\/span><\/span>\n\n\n\t<p class=\"price price-unit smaller wc-gzd-additional-info wc-gzd-additional-info-loop\">(<span class=\"woocommerce-Price-amount amount\">71,80<span class=\"woocommerce-Price-currencySymbol\">&euro;<\/span><\/span> \/ <span class=\"unit\">l<\/span>)<\/p>\n\n<\/a>\t\t<p class=\"artikelnummer wc-gzd-additional-info\">\n\t\t\tProdukto kodas: 9201-7626-5000\t\t<\/p>\n\t\t\n\t<p class=\"wc-gzd-additional-info wc-gzd-additional-info-loop product-units-wrapper product-units\">Turinys: 5 <span class=\"unit\">l<\/span><\/p>\n\t\t<p class=\"lagerbestand wc-gzd-additional-info\">\n\t\t\t<strong>\n\t\t\t\tAtsargos\t\t\t\t:\n\t\t\t<\/strong>\n\t\t\tYra sand\u0117lyje\t\t<\/p>\n\t\t\n\t<p class=\"wc-gzd-additional-info delivery-time-info wc-gzd-additional-info-loop\"><span class=\"delivery-time-inner delivery-time-7-darbo-dienos\">Pristatymo laikas:  <span class=\"delivery-time-data\">7 darbo dienos<\/span><\/span><\/p>\n\n\t<p class=\"wc-gzd-additional-info wc-gzd-additional-info-loop tax-info\">incl. VAT<\/p>\n\n\t<p class=\"wc-gzd-additional-info wc-gzd-additional-info-loop shipping-costs-info\">plius  <a href=\"https:\/\/www.versiegelung24.com\/lt\/patarimai-apie-versiegelung24-produktus\/pristatymas\/\" target=\"_blank\">Pristatymas<\/a><\/p>\n<a href=\"https:\/\/www.versiegelung24.com\/lt\/apsaugine-danga-nuo-graffiti-labai-efektyvi-fasado-sandarinimas.html\" aria-describedby=\"woocommerce_loop_add_to_cart_link_describedby_23952\" data-quantity=\"1\" class=\"button product_type_variable add_to_cart_button\" data-product_id=\"23952\" data-product_sku=\"9201-7626-5000\" aria-label=\"Pasirinkti savybes: &ldquo;Apsaugin\u0117 danga nuo graffiti - Antigraffiti danga&rdquo;\" rel=\"nofollow\">Pasirinkti savybes<\/a>\t<span id=\"woocommerce_loop_add_to_cart_link_describedby_23952\" class=\"screen-reader-text\">\n\t\tThis product has multiple variants. The options may be chosen on the product page\t<\/span>\n<\/div><\/li>\n<\/ul>\n<\/div>\n\n","protected":false},"excerpt":{"rendered":"<p>Paskelbkite kar\u0105 grafi\u010diams &#8211; efektyvi fasado apsauga su skystu stiklu.<\/p>\n","protected":false},"author":932,"featured_media":40884,"parent":34668,"menu_order":0,"comment_status":"closed","ping_status":"closed","template":"","meta":{"_acf_changed":false,"neve_meta_sidebar":"full-width","neve_meta_container":"","neve_meta_enable_content_width":"on","neve_meta_content_width":100,"neve_meta_title_alignment":"","neve_meta_author_avatar":"","neve_post_elements_order":"","neve_meta_disable_header":"","neve_meta_disable_footer":"","neve_meta_disable_title":"","neve_meta_reading_time":"","footnotes":""},"categories":[3596,3491],"seiten_kategorie":[3848],"class_list":["post-41031","page","type-page","status-publish","has-post-thumbnail","hentry","category-namas-ir-sodas","category-patarimu-straipsnis-zurnalas"],"acf":[],"yoast_head":"<!-- This site is optimized with the Yoast SEO Premium plugin v22.8 (Yoast SEO v27.5) - https:\/\/yoast.com\/product\/yoast-seo-premium-wordpress\/ -->\n<title>Skystas gals hermetikas - Fasad\u0173 apsauga nuo grafi\u010di\u0173 - versiegelung24.com<\/title>\n<meta name=\"description\" content=\"Skystas gals sandariklis kaip apsauga nuo grafiti. Su\u017einokite i\u0161 m\u016bs\u0173, kaip galite apsaugoti savo daiktus.\" \/>\n<meta name=\"robots\" content=\"index, follow, max-snippet:-1, max-image-preview:large, max-video-preview:-1\" \/>\n<link rel=\"canonical\" href=\"https:\/\/www.versiegelung24.com\/lt\/patarimai-apie-versiegelung24-produktus\/zinoti-kaip\/apsauga-nuo-grafiti\/\" \/>\n<meta property=\"og:locale\" content=\"lt_LT\" \/>\n<meta property=\"og:type\" content=\"article\" \/>\n<meta property=\"og:title\" content=\"Fasad\u0173 apsauga nuo grafi\u010di\u0173\" \/>\n<meta property=\"og:description\" content=\"Skystas gals sandariklis kaip apsauga nuo grafiti. Su\u017einokite i\u0161 m\u016bs\u0173, kaip galite apsaugoti savo daiktus.\" \/>\n<meta property=\"og:url\" content=\"https:\/\/www.versiegelung24.com\/lt\/patarimai-apie-versiegelung24-produktus\/zinoti-kaip\/apsauga-nuo-grafiti\/\" \/>\n<meta property=\"og:site_name\" content=\"versiegelung24.com\" \/>\n<meta property=\"article:modified_time\" content=\"2024-09-01T16:16:59+00:00\" \/>\n<meta property=\"og:image\" content=\"https:\/\/www.versiegelung24.com\/wp-content\/uploads\/2021\/12\/graf-1.jpg\" \/>\n\t<meta property=\"og:image:width\" content=\"1000\" \/>\n\t<meta property=\"og:image:height\" content=\"1000\" \/>\n\t<meta property=\"og:image:type\" content=\"image\/jpeg\" \/>\n<meta name=\"twitter:card\" content=\"summary_large_image\" \/>\n<meta name=\"twitter:label1\" content=\"Est. reading time\" \/>\n\t<meta name=\"twitter:data1\" content=\"1 minut\u0117\" \/>\n<script type=\"application\/ld+json\" class=\"yoast-schema-graph\">{\"@context\":\"https:\\\/\\\/schema.org\",\"@graph\":[{\"@type\":\"WebPage\",\"@id\":\"https:\\\/\\\/www.versiegelung24.com\\\/lt\\\/patarimai-apie-versiegelung24-produktus\\\/zinoti-kaip\\\/apsauga-nuo-grafiti\\\/\",\"url\":\"https:\\\/\\\/www.versiegelung24.com\\\/lt\\\/patarimai-apie-versiegelung24-produktus\\\/zinoti-kaip\\\/apsauga-nuo-grafiti\\\/\",\"name\":\"Skystas gals hermetikas - Fasad\u0173 apsauga nuo grafi\u010di\u0173 - versiegelung24.com\",\"isPartOf\":{\"@id\":\"https:\\\/\\\/www.versiegelung24.com\\\/lt\\\/#website\"},\"primaryImageOfPage\":{\"@id\":\"https:\\\/\\\/www.versiegelung24.com\\\/lt\\\/patarimai-apie-versiegelung24-produktus\\\/zinoti-kaip\\\/apsauga-nuo-grafiti\\\/#primaryimage\"},\"image\":{\"@id\":\"https:\\\/\\\/www.versiegelung24.com\\\/lt\\\/patarimai-apie-versiegelung24-produktus\\\/zinoti-kaip\\\/apsauga-nuo-grafiti\\\/#primaryimage\"},\"thumbnailUrl\":\"https:\\\/\\\/www.versiegelung24.com\\\/wp-content\\\/uploads\\\/2021\\\/12\\\/graf-1.jpg\",\"datePublished\":\"2021-12-14T13:15:27+00:00\",\"dateModified\":\"2024-09-01T16:16:59+00:00\",\"description\":\"Skystas gals sandariklis kaip apsauga nuo grafiti. Su\u017einokite i\u0161 m\u016bs\u0173, kaip galite apsaugoti savo daiktus.\",\"breadcrumb\":{\"@id\":\"https:\\\/\\\/www.versiegelung24.com\\\/lt\\\/patarimai-apie-versiegelung24-produktus\\\/zinoti-kaip\\\/apsauga-nuo-grafiti\\\/#breadcrumb\"},\"inLanguage\":\"lt-LT\",\"potentialAction\":[{\"@type\":\"ReadAction\",\"target\":[\"https:\\\/\\\/www.versiegelung24.com\\\/lt\\\/patarimai-apie-versiegelung24-produktus\\\/zinoti-kaip\\\/apsauga-nuo-grafiti\\\/\"]}]},{\"@type\":\"ImageObject\",\"inLanguage\":\"lt-LT\",\"@id\":\"https:\\\/\\\/www.versiegelung24.com\\\/lt\\\/patarimai-apie-versiegelung24-produktus\\\/zinoti-kaip\\\/apsauga-nuo-grafiti\\\/#primaryimage\",\"url\":\"https:\\\/\\\/www.versiegelung24.com\\\/wp-content\\\/uploads\\\/2021\\\/12\\\/graf-1.jpg\",\"contentUrl\":\"https:\\\/\\\/www.versiegelung24.com\\\/wp-content\\\/uploads\\\/2021\\\/12\\\/graf-1.jpg\",\"width\":1000,\"height\":1000},{\"@type\":\"BreadcrumbList\",\"@id\":\"https:\\\/\\\/www.versiegelung24.com\\\/lt\\\/patarimai-apie-versiegelung24-produktus\\\/zinoti-kaip\\\/apsauga-nuo-grafiti\\\/#breadcrumb\",\"itemListElement\":[{\"@type\":\"ListItem\",\"position\":1,\"name\":\"Prad\u017eia\",\"item\":\"https:\\\/\\\/www.versiegelung24.com\\\/lt\\\/priekinis\\\/\"},{\"@type\":\"ListItem\",\"position\":2,\"name\":\"Konsultantas\",\"item\":\"https:\\\/\\\/www.versiegelung24.com\\\/lt\\\/ratgeber\\\/\"},{\"@type\":\"ListItem\",\"position\":3,\"name\":\"\u017eurnalas\",\"item\":\"https:\\\/\\\/www.versiegelung24.com\\\/lt\\\/ratgeber\\\/magazin\\\/\"},{\"@type\":\"ListItem\",\"position\":4,\"name\":\"Fasad\u0173 apsauga nuo grafi\u010di\u0173\"}]},{\"@type\":\"WebSite\",\"@id\":\"https:\\\/\\\/www.versiegelung24.com\\\/lt\\\/#website\",\"url\":\"https:\\\/\\\/www.versiegelung24.com\\\/lt\\\/\",\"name\":\"versiegelung24.com\",\"description\":\"Fl\u00fcssigglas-Versiegelung - Made in Germany\",\"publisher\":{\"@id\":\"https:\\\/\\\/www.versiegelung24.com\\\/lt\\\/#organization\"},\"potentialAction\":[{\"@type\":\"SearchAction\",\"target\":{\"@type\":\"EntryPoint\",\"urlTemplate\":\"https:\\\/\\\/www.versiegelung24.com\\\/lt\\\/?s={search_term_string}\"},\"query-input\":{\"@type\":\"PropertyValueSpecification\",\"valueRequired\":true,\"valueName\":\"search_term_string\"}}],\"inLanguage\":\"lt-LT\"},{\"@type\":\"Organization\",\"@id\":\"https:\\\/\\\/www.versiegelung24.com\\\/lt\\\/#organization\",\"name\":\"versiegelung24\",\"url\":\"https:\\\/\\\/www.versiegelung24.com\\\/lt\\\/\",\"logo\":{\"@type\":\"ImageObject\",\"inLanguage\":\"lt-LT\",\"@id\":\"https:\\\/\\\/www.versiegelung24.com\\\/lt\\\/#\\\/schema\\\/logo\\\/image\\\/\",\"url\":\"https:\\\/\\\/www.versiegelung24.com\\\/wp-content\\\/uploads\\\/2020\\\/04\\\/versiegelung24.png\",\"contentUrl\":\"https:\\\/\\\/www.versiegelung24.com\\\/wp-content\\\/uploads\\\/2020\\\/04\\\/versiegelung24.png\",\"width\":470,\"height\":102,\"caption\":\"versiegelung24\"},\"image\":{\"@id\":\"https:\\\/\\\/www.versiegelung24.com\\\/lt\\\/#\\\/schema\\\/logo\\\/image\\\/\"}}]}<\/script>\n<!-- \/ Yoast SEO Premium plugin. -->","yoast_head_json":{"title":"Skystas gals hermetikas - Fasad\u0173 apsauga nuo grafi\u010di\u0173 - versiegelung24.com","description":"Skystas gals sandariklis kaip apsauga nuo grafiti. Su\u017einokite i\u0161 m\u016bs\u0173, kaip galite apsaugoti savo daiktus.","robots":{"index":"index","follow":"follow","max-snippet":"max-snippet:-1","max-image-preview":"max-image-preview:large","max-video-preview":"max-video-preview:-1"},"canonical":"https:\/\/www.versiegelung24.com\/lt\/patarimai-apie-versiegelung24-produktus\/zinoti-kaip\/apsauga-nuo-grafiti\/","og_locale":"lt_LT","og_type":"article","og_title":"Fasad\u0173 apsauga nuo grafi\u010di\u0173","og_description":"Skystas gals sandariklis kaip apsauga nuo grafiti. Su\u017einokite i\u0161 m\u016bs\u0173, kaip galite apsaugoti savo daiktus.","og_url":"https:\/\/www.versiegelung24.com\/lt\/patarimai-apie-versiegelung24-produktus\/zinoti-kaip\/apsauga-nuo-grafiti\/","og_site_name":"versiegelung24.com","article_modified_time":"2024-09-01T16:16:59+00:00","og_image":[{"width":1000,"height":1000,"url":"https:\/\/www.versiegelung24.com\/wp-content\/uploads\/2021\/12\/graf-1.jpg","type":"image\/jpeg"}],"twitter_card":"summary_large_image","twitter_misc":{"Est. reading time":"1 minut\u0117"},"schema":{"@context":"https:\/\/schema.org","@graph":[{"@type":"WebPage","@id":"https:\/\/www.versiegelung24.com\/lt\/patarimai-apie-versiegelung24-produktus\/zinoti-kaip\/apsauga-nuo-grafiti\/","url":"https:\/\/www.versiegelung24.com\/lt\/patarimai-apie-versiegelung24-produktus\/zinoti-kaip\/apsauga-nuo-grafiti\/","name":"Skystas gals hermetikas - Fasad\u0173 apsauga nuo grafi\u010di\u0173 - versiegelung24.com","isPartOf":{"@id":"https:\/\/www.versiegelung24.com\/lt\/#website"},"primaryImageOfPage":{"@id":"https:\/\/www.versiegelung24.com\/lt\/patarimai-apie-versiegelung24-produktus\/zinoti-kaip\/apsauga-nuo-grafiti\/#primaryimage"},"image":{"@id":"https:\/\/www.versiegelung24.com\/lt\/patarimai-apie-versiegelung24-produktus\/zinoti-kaip\/apsauga-nuo-grafiti\/#primaryimage"},"thumbnailUrl":"https:\/\/www.versiegelung24.com\/wp-content\/uploads\/2021\/12\/graf-1.jpg","datePublished":"2021-12-14T13:15:27+00:00","dateModified":"2024-09-01T16:16:59+00:00","description":"Skystas gals sandariklis kaip apsauga nuo grafiti. Su\u017einokite i\u0161 m\u016bs\u0173, kaip galite apsaugoti savo daiktus.","breadcrumb":{"@id":"https:\/\/www.versiegelung24.com\/lt\/patarimai-apie-versiegelung24-produktus\/zinoti-kaip\/apsauga-nuo-grafiti\/#breadcrumb"},"inLanguage":"lt-LT","potentialAction":[{"@type":"ReadAction","target":["https:\/\/www.versiegelung24.com\/lt\/patarimai-apie-versiegelung24-produktus\/zinoti-kaip\/apsauga-nuo-grafiti\/"]}]},{"@type":"ImageObject","inLanguage":"lt-LT","@id":"https:\/\/www.versiegelung24.com\/lt\/patarimai-apie-versiegelung24-produktus\/zinoti-kaip\/apsauga-nuo-grafiti\/#primaryimage","url":"https:\/\/www.versiegelung24.com\/wp-content\/uploads\/2021\/12\/graf-1.jpg","contentUrl":"https:\/\/www.versiegelung24.com\/wp-content\/uploads\/2021\/12\/graf-1.jpg","width":1000,"height":1000},{"@type":"BreadcrumbList","@id":"https:\/\/www.versiegelung24.com\/lt\/patarimai-apie-versiegelung24-produktus\/zinoti-kaip\/apsauga-nuo-grafiti\/#breadcrumb","itemListElement":[{"@type":"ListItem","position":1,"name":"Prad\u017eia","item":"https:\/\/www.versiegelung24.com\/lt\/priekinis\/"},{"@type":"ListItem","position":2,"name":"Konsultantas","item":"https:\/\/www.versiegelung24.com\/lt\/ratgeber\/"},{"@type":"ListItem","position":3,"name":"\u017eurnalas","item":"https:\/\/www.versiegelung24.com\/lt\/ratgeber\/magazin\/"},{"@type":"ListItem","position":4,"name":"Fasad\u0173 apsauga nuo grafi\u010di\u0173"}]},{"@type":"WebSite","@id":"https:\/\/www.versiegelung24.com\/lt\/#website","url":"https:\/\/www.versiegelung24.com\/lt\/","name":"versiegelung24.com","description":"Fl\u00fcssigglas-Versiegelung - Made in Germany","publisher":{"@id":"https:\/\/www.versiegelung24.com\/lt\/#organization"},"potentialAction":[{"@type":"SearchAction","target":{"@type":"EntryPoint","urlTemplate":"https:\/\/www.versiegelung24.com\/lt\/?s={search_term_string}"},"query-input":{"@type":"PropertyValueSpecification","valueRequired":true,"valueName":"search_term_string"}}],"inLanguage":"lt-LT"},{"@type":"Organization","@id":"https:\/\/www.versiegelung24.com\/lt\/#organization","name":"versiegelung24","url":"https:\/\/www.versiegelung24.com\/lt\/","logo":{"@type":"ImageObject","inLanguage":"lt-LT","@id":"https:\/\/www.versiegelung24.com\/lt\/#\/schema\/logo\/image\/","url":"https:\/\/www.versiegelung24.com\/wp-content\/uploads\/2020\/04\/versiegelung24.png","contentUrl":"https:\/\/www.versiegelung24.com\/wp-content\/uploads\/2020\/04\/versiegelung24.png","width":470,"height":102,"caption":"versiegelung24"},"image":{"@id":"https:\/\/www.versiegelung24.com\/lt\/#\/schema\/logo\/image\/"}}]}},"_links":{"self":[{"href":"https:\/\/www.versiegelung24.com\/lt\/wp-json\/wp\/v2\/pages\/41031","targetHints":{"allow":["GET"]}}],"collection":[{"href":"https:\/\/www.versiegelung24.com\/lt\/wp-json\/wp\/v2\/pages"}],"about":[{"href":"https:\/\/www.versiegelung24.com\/lt\/wp-json\/wp\/v2\/types\/page"}],"author":[{"embeddable":true,"href":"https:\/\/www.versiegelung24.com\/lt\/wp-json\/wp\/v2\/users\/932"}],"replies":[{"embeddable":true,"href":"https:\/\/www.versiegelung24.com\/lt\/wp-json\/wp\/v2\/comments?post=41031"}],"version-history":[{"count":17,"href":"https:\/\/www.versiegelung24.com\/lt\/wp-json\/wp\/v2\/pages\/41031\/revisions"}],"predecessor-version":[{"id":172650,"href":"https:\/\/www.versiegelung24.com\/lt\/wp-json\/wp\/v2\/pages\/41031\/revisions\/172650"}],"up":[{"embeddable":true,"href":"https:\/\/www.versiegelung24.com\/lt\/wp-json\/wp\/v2\/pages\/34668"}],"wp:featuredmedia":[{"embeddable":true,"href":"https:\/\/www.versiegelung24.com\/lt\/wp-json\/wp\/v2\/media\/40884"}],"wp:attachment":[{"href":"https:\/\/www.versiegelung24.com\/lt\/wp-json\/wp\/v2\/media?parent=41031"}],"wp:term":[{"taxonomy":"category","embeddable":true,"href":"https:\/\/www.versiegelung24.com\/lt\/wp-json\/wp\/v2\/categories?post=41031"},{"taxonomy":"seiten_kategorie","embeddable":true,"href":"https:\/\/www.versiegelung24.com\/lt\/wp-json\/wp\/v2\/seiten_kategorie?post=41031"}],"curies":[{"name":"wp","href":"https:\/\/api.w.org\/{rel}","templated":true}]}}