{"id":41090,"date":"2021-12-14T14:15:46","date_gmt":"2021-12-14T13:15:46","guid":{"rendered":"https:\/\/www.versiegelung24.com\/patarimai-apie-versiegelung24-produktus\/zinoti-kaip\/ismanusis-telefonas"},"modified":"2024-09-01T22:43:01","modified_gmt":"2024-09-01T20:43:01","slug":"ismaniuju-telefonu-sandarinimas-skystu-stiklu","status":"publish","type":"page","link":"https:\/\/www.versiegelung24.com\/lt\/patarimai-apie-versiegelung24-produktus\/zinoti-kaip\/ismaniuju-telefonu-sandarinimas-skystu-stiklu\/","title":{"rendered":"I\u0161mani\u0173j\u0173 telefon\u0173 ir plan\u0161etini\u0173 kompiuteri\u0173 skysto stiklo sandariklis &#8211; apsaugo ekranus ir padidina j\u0173 ilgaam\u017ei\u0161kum\u0105"},"content":{"rendered":"\n<h1 class=\"wp-block-heading\" id=\"h-smartphone-flussigglas-versiegelung\">I\u0161maniojo telefono skysto stiklo sandarinimas<\/h1>\n\n<p>Beveik visi \u0161iais laikais turi i\u0161man\u0173j\u012f telefon\u0105. Deja, \u0161ios ma\u017eos stebuklingos ma\u0161inos yra labai subtilios. Kasdien naudojant, ant ekrano atsiranda naudojimo p\u0117dsak\u0173, toki\u0173 kaip \u012fbr\u0117\u017eimai ar pir\u0161t\u0173 atspaudai. \u0160iame vaizdo \u012fra\u0161e aptariama \u0161i problema ir parodyta, kaip galite i\u0161vengti \u0161i\u0173 naudojimo po\u017eymi\u0173. <\/p>\n\n<figure class=\"wp-block-embed aligncenter is-type-video is-provider-youtube wp-block-embed-youtube wp-embed-aspect-16-9 wp-has-aspect-ratio\"><div class=\"wp-block-embed__wrapper\"> \n<div class=\"nv-iframe-embed\"><iframe title=\"901 LiquiGlas Mobile Phone Coating   Preparation + application process\" width=\"1200\" height=\"675\" src=\"https:\/\/www.youtube.com\/embed\/8JLSZ1KA-yU?feature=oembed\" frameborder=\"0\" allow=\"accelerometer; autoplay; clipboard-write; encrypted-media; gyroscope; picture-in-picture\" allowfullscreen><\/iframe><\/div>\n <\/div><\/figure>\n\n<br\/>\n<br\/>\n\n<div class=\"wp-block-columns is-layout-flex wp-container-core-columns-is-layout-9d6595d7 wp-block-columns-is-layout-flex\">\n<div class=\"wp-block-column is-layout-flow wp-block-column-is-layout-flow\" style=\"flex-basis:33.33%\">\n<h2 class=\"wp-block-heading\" id=\"h-anleitung-smartphone-display-einfach-versiegeln\">Instrukcijos &#8211; Tiesiog u\u017eklijuokite i\u0161maniojo telefono ekran\u0105<\/h2>\n\n\n\n<ul class=\"wp-block-list\">\n<li>Jau vaizdo \u012fra\u0161o prad\u017eioje matote, kad viskas, ko reikia <a href=\"https:\/\/www.versiegelung24.com\/lt\/skysto-stiklo-mobiliojo-telefono-sandarinimo-skyscio-ekrano-apsauga.html\" target=\"_blank\" rel=\"noreferrer noopener\">mobiliojo telefono<\/a> sandarinimui, buvo surinkta \u012f prakti\u0161k\u0105 komplekt\u0105. Tai \u012ftraukia:<\/li>\n\n\n\n<li><strong>Pir\u0161tin\u0117s<\/strong> , kad i\u0161vengtum\u0117te pir\u0161t\u0173 atspaud\u0173<\/li>\n\n\n\n<li><strong><a href=\"https:\/\/www.versiegelung24.com\/reinigung\/bioethanol\/\">Etanolyje i\u0161mirkyta<\/a> valymo \u0161luost\u0117<\/strong><\/li>\n\n\n\n<li><strong>Poliravimo audinys<\/strong><\/li>\n\n\n\n<li>A <strong><a href=\"https:\/\/www.versiegelung24.com\/lt\/mikropluosto-sluoste-10x10-cm-skirta-profesionaliam-skysto-stiklo-aplikacijai.html\" target=\"_blank\" rel=\"noreferrer noopener\">skysto stiklo audinys<\/a><\/strong> sandarinimui<\/li>\n<\/ul>\n\n\n\n<p><\/p>\n\n\n\n<p>Naudojimo metu i\u0161manusis telefonas laikomas tik u\u017e rankos, ant kurios yra pir\u0161tin\u0117, kad b\u016bt\u0173 i\u0161vengta nauj\u0173 pir\u0161t\u0173 atspaud\u0173 &#8211; jie yra storesni nei skysto stiklo danga ir neleid\u017eia tinkamai u\u017esandarinti.<\/p>\n<\/div>\n\n\n\n<div class=\"wp-block-column is-layout-flow wp-block-column-is-layout-flow\" style=\"flex-basis:66.66%\">\n<figure class=\"wp-block-image size-large\"><img fetchpriority=\"high\" decoding=\"async\" width=\"1300\" height=\"867\" src=\"https:\/\/www.versiegelung24.com\/wp-content\/uploads\/2021\/12\/smart_liq-1300x867.jpg\" alt=\"\" class=\"wp-image-40898\" srcset=\"https:\/\/www.versiegelung24.com\/wp-content\/uploads\/2021\/12\/smart_liq-1300x867.jpg 1300w, https:\/\/www.versiegelung24.com\/wp-content\/uploads\/2021\/12\/smart_liq-scaled-600x400.jpg 600w, https:\/\/www.versiegelung24.com\/wp-content\/uploads\/2021\/12\/smart_liq-300x200.jpg 300w, https:\/\/www.versiegelung24.com\/wp-content\/uploads\/2021\/12\/smart_liq-768x512.jpg 768w, https:\/\/www.versiegelung24.com\/wp-content\/uploads\/2021\/12\/smart_liq-1536x1024.jpg 1536w, https:\/\/www.versiegelung24.com\/wp-content\/uploads\/2021\/12\/smart_liq-2048x1366.jpg 2048w, https:\/\/www.versiegelung24.com\/wp-content\/uploads\/2021\/12\/smart_liq-930x620.jpg 930w\" sizes=\"(max-width: 1300px) 100vw, 1300px\" \/><\/figure>\n<\/div>\n<\/div>\n\n<p>Po i\u0161ankstinio valymo ekranas i\u0161d\u017eiovinamas ir tokiu b\u016bdu pa\u0161alinami visi spaudini\u0173 ar riebal\u0173 liku\u010diai. <strong>\u010cia reikia naudoti tik vien\u0105 mikropluo\u0161to \u0161luost\u0117s<\/strong> pus\u0119 \u2013 <strong>kitos pus\u0117s prireiks v\u0117liau<\/strong> sandarinimui poliruoti. Kitame \u017eingsnyje skystame stikle suvilgytas audinys i\u0161pakuojamas ir \u2013 kaip ir atliekant i\u0161ankstin\u012f valym\u0105 \u2013 juo i\u0161trinamas visas i\u0161manusis telefonas. J\u012f galima sandariai u\u017edaryti skystu stiklu. Mobili\u0173j\u0173 telefon\u0173 nugar\u0117l\u0117s \u0161iandien da\u017enai gaminamos i\u0161 stiklo.<\/p>\n\n<p>Bent jau po I\u0161maniojo telefono pavir\u0161ius \u0161lifuojamas 30 minu\u010di\u0173 &#8211; sandarinimas atliekamas. Vaizdo \u012fra\u0161e galite pamatyti patarim\u0105, kad pravartu leisti skystam stiklui per nakt\u012f sukiet\u0117ti &#8211; vadovaukit\u0117s \u0161ia rekomendacija, nes v\u0117liau atsparesnis apsauginis sluoksnis. Siekiant i\u0161laikyti apsaug\u0105, rekomenduojama reguliariai pakartotinai tepti hermetik\u0105.<\/p>\n\n","protected":false},"excerpt":{"rendered":"<p>Did\u017eiausia i\u0161maniojo telefono apsauga su naujovi\u0161ku skysto stiklo sandarinimu.<\/p>\n","protected":false},"author":932,"featured_media":41497,"parent":34668,"menu_order":0,"comment_status":"closed","ping_status":"closed","template":"","meta":{"_acf_changed":false,"neve_meta_sidebar":"full-width","neve_meta_container":"","neve_meta_enable_content_width":"on","neve_meta_content_width":100,"neve_meta_title_alignment":"","neve_meta_author_avatar":"","neve_post_elements_order":"","neve_meta_disable_header":"","neve_meta_disable_footer":"","neve_meta_disable_title":"","neve_meta_reading_time":"","footnotes":""},"categories":[3610,3491],"seiten_kategorie":[3848],"class_list":["post-41090","page","type-page","status-publish","has-post-thumbnail","hentry","category-gyvenimo-budas","category-patarimu-straipsnis-zurnalas"],"acf":[],"yoast_head":"<!-- This site is optimized with the Yoast SEO Premium plugin v22.8 (Yoast SEO v27.5) - https:\/\/yoast.com\/product\/yoast-seo-premium-wordpress\/ -->\n<title>Apsaugokite savo i\u0161man\u0173j\u012f telefon\u0105 ir plan\u0161etin\u012f kompiuter\u012f naudodami skyst\u0105 stiklo sandarikl\u012f!<\/title>\n<meta name=\"description\" content=\"Apsaugokite savo i\u0161man\u0173j\u012f telefon\u0105 ir plan\u0161etin\u012f kompiuter\u012f naudodami m\u016bs\u0173 hermetik\u0105! Skystas stiklo sandariklis optimaliai i\u0161maniojo telefono ekrano apsaugai!\" \/>\n<meta name=\"robots\" content=\"index, follow, max-snippet:-1, max-image-preview:large, max-video-preview:-1\" \/>\n<link rel=\"canonical\" href=\"https:\/\/www.versiegelung24.com\/lt\/patarimai-apie-versiegelung24-produktus\/zinoti-kaip\/ismaniuju-telefonu-sandarinimas-skystu-stiklu\/\" \/>\n<meta property=\"og:locale\" content=\"lt_LT\" \/>\n<meta property=\"og:type\" content=\"article\" \/>\n<meta property=\"og:title\" content=\"I\u0161mani\u0173j\u0173 telefon\u0173 ir plan\u0161etini\u0173 kompiuteri\u0173 skysto stiklo sandariklis - apsaugo ekranus ir padidina j\u0173 ilgaam\u017ei\u0161kum\u0105\" \/>\n<meta property=\"og:description\" content=\"Apsaugokite savo i\u0161man\u0173j\u012f telefon\u0105 ir plan\u0161etin\u012f kompiuter\u012f naudodami m\u016bs\u0173 hermetik\u0105! Skystas stiklo sandariklis optimaliai i\u0161maniojo telefono ekrano apsaugai!\" \/>\n<meta property=\"og:url\" content=\"https:\/\/www.versiegelung24.com\/lt\/patarimai-apie-versiegelung24-produktus\/zinoti-kaip\/ismaniuju-telefonu-sandarinimas-skystu-stiklu\/\" \/>\n<meta property=\"og:site_name\" content=\"versiegelung24.com\" \/>\n<meta property=\"article:modified_time\" content=\"2024-09-01T20:43:01+00:00\" \/>\n<meta property=\"og:image\" content=\"https:\/\/www.versiegelung24.com\/wp-content\/uploads\/2021\/12\/smart_liq-1-scaled.jpg\" \/>\n\t<meta property=\"og:image:width\" content=\"2560\" \/>\n\t<meta property=\"og:image:height\" content=\"2560\" \/>\n\t<meta property=\"og:image:type\" content=\"image\/jpeg\" \/>\n<meta name=\"twitter:card\" content=\"summary_large_image\" \/>\n<meta name=\"twitter:label1\" content=\"Est. reading time\" \/>\n\t<meta name=\"twitter:data1\" content=\"1 minut\u0117\" \/>\n<script type=\"application\/ld+json\" class=\"yoast-schema-graph\">{\"@context\":\"https:\\\/\\\/schema.org\",\"@graph\":[{\"@type\":\"WebPage\",\"@id\":\"https:\\\/\\\/www.versiegelung24.com\\\/lt\\\/patarimai-apie-versiegelung24-produktus\\\/zinoti-kaip\\\/ismaniuju-telefonu-sandarinimas-skystu-stiklu\\\/\",\"url\":\"https:\\\/\\\/www.versiegelung24.com\\\/lt\\\/patarimai-apie-versiegelung24-produktus\\\/zinoti-kaip\\\/ismaniuju-telefonu-sandarinimas-skystu-stiklu\\\/\",\"name\":\"Apsaugokite savo i\u0161man\u0173j\u012f telefon\u0105 ir plan\u0161etin\u012f kompiuter\u012f naudodami skyst\u0105 stiklo sandarikl\u012f!\",\"isPartOf\":{\"@id\":\"https:\\\/\\\/www.versiegelung24.com\\\/lt\\\/#website\"},\"primaryImageOfPage\":{\"@id\":\"https:\\\/\\\/www.versiegelung24.com\\\/lt\\\/patarimai-apie-versiegelung24-produktus\\\/zinoti-kaip\\\/ismaniuju-telefonu-sandarinimas-skystu-stiklu\\\/#primaryimage\"},\"image\":{\"@id\":\"https:\\\/\\\/www.versiegelung24.com\\\/lt\\\/patarimai-apie-versiegelung24-produktus\\\/zinoti-kaip\\\/ismaniuju-telefonu-sandarinimas-skystu-stiklu\\\/#primaryimage\"},\"thumbnailUrl\":\"https:\\\/\\\/www.versiegelung24.com\\\/wp-content\\\/uploads\\\/2021\\\/12\\\/smart_liq-1-scaled.jpg\",\"datePublished\":\"2021-12-14T13:15:46+00:00\",\"dateModified\":\"2024-09-01T20:43:01+00:00\",\"description\":\"Apsaugokite savo i\u0161man\u0173j\u012f telefon\u0105 ir plan\u0161etin\u012f kompiuter\u012f naudodami m\u016bs\u0173 hermetik\u0105! Skystas stiklo sandariklis optimaliai i\u0161maniojo telefono ekrano apsaugai!\",\"breadcrumb\":{\"@id\":\"https:\\\/\\\/www.versiegelung24.com\\\/lt\\\/patarimai-apie-versiegelung24-produktus\\\/zinoti-kaip\\\/ismaniuju-telefonu-sandarinimas-skystu-stiklu\\\/#breadcrumb\"},\"inLanguage\":\"lt-LT\",\"potentialAction\":[{\"@type\":\"ReadAction\",\"target\":[\"https:\\\/\\\/www.versiegelung24.com\\\/lt\\\/patarimai-apie-versiegelung24-produktus\\\/zinoti-kaip\\\/ismaniuju-telefonu-sandarinimas-skystu-stiklu\\\/\"]}]},{\"@type\":\"ImageObject\",\"inLanguage\":\"lt-LT\",\"@id\":\"https:\\\/\\\/www.versiegelung24.com\\\/lt\\\/patarimai-apie-versiegelung24-produktus\\\/zinoti-kaip\\\/ismaniuju-telefonu-sandarinimas-skystu-stiklu\\\/#primaryimage\",\"url\":\"https:\\\/\\\/www.versiegelung24.com\\\/wp-content\\\/uploads\\\/2021\\\/12\\\/smart_liq-1-scaled.jpg\",\"contentUrl\":\"https:\\\/\\\/www.versiegelung24.com\\\/wp-content\\\/uploads\\\/2021\\\/12\\\/smart_liq-1-scaled.jpg\",\"width\":2560,\"height\":2560},{\"@type\":\"BreadcrumbList\",\"@id\":\"https:\\\/\\\/www.versiegelung24.com\\\/lt\\\/patarimai-apie-versiegelung24-produktus\\\/zinoti-kaip\\\/ismaniuju-telefonu-sandarinimas-skystu-stiklu\\\/#breadcrumb\",\"itemListElement\":[{\"@type\":\"ListItem\",\"position\":1,\"name\":\"Prad\u017eia\",\"item\":\"https:\\\/\\\/www.versiegelung24.com\\\/lt\\\/priekinis\\\/\"},{\"@type\":\"ListItem\",\"position\":2,\"name\":\"Konsultantas\",\"item\":\"https:\\\/\\\/www.versiegelung24.com\\\/lt\\\/ratgeber\\\/\"},{\"@type\":\"ListItem\",\"position\":3,\"name\":\"\u017eurnalas\",\"item\":\"https:\\\/\\\/www.versiegelung24.com\\\/lt\\\/ratgeber\\\/magazin\\\/\"},{\"@type\":\"ListItem\",\"position\":4,\"name\":\"I\u0161mani\u0173j\u0173 telefon\u0173 ir plan\u0161etini\u0173 kompiuteri\u0173 skysto stiklo sandariklis &#8211; apsaugo ekranus ir padidina j\u0173 ilgaam\u017ei\u0161kum\u0105\"}]},{\"@type\":\"WebSite\",\"@id\":\"https:\\\/\\\/www.versiegelung24.com\\\/lt\\\/#website\",\"url\":\"https:\\\/\\\/www.versiegelung24.com\\\/lt\\\/\",\"name\":\"versiegelung24.com\",\"description\":\"Fl\u00fcssigglas-Versiegelung - Made in Germany\",\"publisher\":{\"@id\":\"https:\\\/\\\/www.versiegelung24.com\\\/lt\\\/#organization\"},\"potentialAction\":[{\"@type\":\"SearchAction\",\"target\":{\"@type\":\"EntryPoint\",\"urlTemplate\":\"https:\\\/\\\/www.versiegelung24.com\\\/lt\\\/?s={search_term_string}\"},\"query-input\":{\"@type\":\"PropertyValueSpecification\",\"valueRequired\":true,\"valueName\":\"search_term_string\"}}],\"inLanguage\":\"lt-LT\"},{\"@type\":\"Organization\",\"@id\":\"https:\\\/\\\/www.versiegelung24.com\\\/lt\\\/#organization\",\"name\":\"versiegelung24\",\"url\":\"https:\\\/\\\/www.versiegelung24.com\\\/lt\\\/\",\"logo\":{\"@type\":\"ImageObject\",\"inLanguage\":\"lt-LT\",\"@id\":\"https:\\\/\\\/www.versiegelung24.com\\\/lt\\\/#\\\/schema\\\/logo\\\/image\\\/\",\"url\":\"https:\\\/\\\/www.versiegelung24.com\\\/wp-content\\\/uploads\\\/2020\\\/04\\\/versiegelung24.png\",\"contentUrl\":\"https:\\\/\\\/www.versiegelung24.com\\\/wp-content\\\/uploads\\\/2020\\\/04\\\/versiegelung24.png\",\"width\":470,\"height\":102,\"caption\":\"versiegelung24\"},\"image\":{\"@id\":\"https:\\\/\\\/www.versiegelung24.com\\\/lt\\\/#\\\/schema\\\/logo\\\/image\\\/\"}}]}<\/script>\n<!-- \/ Yoast SEO Premium plugin. -->","yoast_head_json":{"title":"Apsaugokite savo i\u0161man\u0173j\u012f telefon\u0105 ir plan\u0161etin\u012f kompiuter\u012f naudodami skyst\u0105 stiklo sandarikl\u012f!","description":"Apsaugokite savo i\u0161man\u0173j\u012f telefon\u0105 ir plan\u0161etin\u012f kompiuter\u012f naudodami m\u016bs\u0173 hermetik\u0105! Skystas stiklo sandariklis optimaliai i\u0161maniojo telefono ekrano apsaugai!","robots":{"index":"index","follow":"follow","max-snippet":"max-snippet:-1","max-image-preview":"max-image-preview:large","max-video-preview":"max-video-preview:-1"},"canonical":"https:\/\/www.versiegelung24.com\/lt\/patarimai-apie-versiegelung24-produktus\/zinoti-kaip\/ismaniuju-telefonu-sandarinimas-skystu-stiklu\/","og_locale":"lt_LT","og_type":"article","og_title":"I\u0161mani\u0173j\u0173 telefon\u0173 ir plan\u0161etini\u0173 kompiuteri\u0173 skysto stiklo sandariklis - apsaugo ekranus ir padidina j\u0173 ilgaam\u017ei\u0161kum\u0105","og_description":"Apsaugokite savo i\u0161man\u0173j\u012f telefon\u0105 ir plan\u0161etin\u012f kompiuter\u012f naudodami m\u016bs\u0173 hermetik\u0105! Skystas stiklo sandariklis optimaliai i\u0161maniojo telefono ekrano apsaugai!","og_url":"https:\/\/www.versiegelung24.com\/lt\/patarimai-apie-versiegelung24-produktus\/zinoti-kaip\/ismaniuju-telefonu-sandarinimas-skystu-stiklu\/","og_site_name":"versiegelung24.com","article_modified_time":"2024-09-01T20:43:01+00:00","og_image":[{"width":2560,"height":2560,"url":"https:\/\/www.versiegelung24.com\/wp-content\/uploads\/2021\/12\/smart_liq-1-scaled.jpg","type":"image\/jpeg"}],"twitter_card":"summary_large_image","twitter_misc":{"Est. reading time":"1 minut\u0117"},"schema":{"@context":"https:\/\/schema.org","@graph":[{"@type":"WebPage","@id":"https:\/\/www.versiegelung24.com\/lt\/patarimai-apie-versiegelung24-produktus\/zinoti-kaip\/ismaniuju-telefonu-sandarinimas-skystu-stiklu\/","url":"https:\/\/www.versiegelung24.com\/lt\/patarimai-apie-versiegelung24-produktus\/zinoti-kaip\/ismaniuju-telefonu-sandarinimas-skystu-stiklu\/","name":"Apsaugokite savo i\u0161man\u0173j\u012f telefon\u0105 ir plan\u0161etin\u012f kompiuter\u012f naudodami skyst\u0105 stiklo sandarikl\u012f!","isPartOf":{"@id":"https:\/\/www.versiegelung24.com\/lt\/#website"},"primaryImageOfPage":{"@id":"https:\/\/www.versiegelung24.com\/lt\/patarimai-apie-versiegelung24-produktus\/zinoti-kaip\/ismaniuju-telefonu-sandarinimas-skystu-stiklu\/#primaryimage"},"image":{"@id":"https:\/\/www.versiegelung24.com\/lt\/patarimai-apie-versiegelung24-produktus\/zinoti-kaip\/ismaniuju-telefonu-sandarinimas-skystu-stiklu\/#primaryimage"},"thumbnailUrl":"https:\/\/www.versiegelung24.com\/wp-content\/uploads\/2021\/12\/smart_liq-1-scaled.jpg","datePublished":"2021-12-14T13:15:46+00:00","dateModified":"2024-09-01T20:43:01+00:00","description":"Apsaugokite savo i\u0161man\u0173j\u012f telefon\u0105 ir plan\u0161etin\u012f kompiuter\u012f naudodami m\u016bs\u0173 hermetik\u0105! Skystas stiklo sandariklis optimaliai i\u0161maniojo telefono ekrano apsaugai!","breadcrumb":{"@id":"https:\/\/www.versiegelung24.com\/lt\/patarimai-apie-versiegelung24-produktus\/zinoti-kaip\/ismaniuju-telefonu-sandarinimas-skystu-stiklu\/#breadcrumb"},"inLanguage":"lt-LT","potentialAction":[{"@type":"ReadAction","target":["https:\/\/www.versiegelung24.com\/lt\/patarimai-apie-versiegelung24-produktus\/zinoti-kaip\/ismaniuju-telefonu-sandarinimas-skystu-stiklu\/"]}]},{"@type":"ImageObject","inLanguage":"lt-LT","@id":"https:\/\/www.versiegelung24.com\/lt\/patarimai-apie-versiegelung24-produktus\/zinoti-kaip\/ismaniuju-telefonu-sandarinimas-skystu-stiklu\/#primaryimage","url":"https:\/\/www.versiegelung24.com\/wp-content\/uploads\/2021\/12\/smart_liq-1-scaled.jpg","contentUrl":"https:\/\/www.versiegelung24.com\/wp-content\/uploads\/2021\/12\/smart_liq-1-scaled.jpg","width":2560,"height":2560},{"@type":"BreadcrumbList","@id":"https:\/\/www.versiegelung24.com\/lt\/patarimai-apie-versiegelung24-produktus\/zinoti-kaip\/ismaniuju-telefonu-sandarinimas-skystu-stiklu\/#breadcrumb","itemListElement":[{"@type":"ListItem","position":1,"name":"Prad\u017eia","item":"https:\/\/www.versiegelung24.com\/lt\/priekinis\/"},{"@type":"ListItem","position":2,"name":"Konsultantas","item":"https:\/\/www.versiegelung24.com\/lt\/ratgeber\/"},{"@type":"ListItem","position":3,"name":"\u017eurnalas","item":"https:\/\/www.versiegelung24.com\/lt\/ratgeber\/magazin\/"},{"@type":"ListItem","position":4,"name":"I\u0161mani\u0173j\u0173 telefon\u0173 ir plan\u0161etini\u0173 kompiuteri\u0173 skysto stiklo sandariklis &#8211; apsaugo ekranus ir padidina j\u0173 ilgaam\u017ei\u0161kum\u0105"}]},{"@type":"WebSite","@id":"https:\/\/www.versiegelung24.com\/lt\/#website","url":"https:\/\/www.versiegelung24.com\/lt\/","name":"versiegelung24.com","description":"Fl\u00fcssigglas-Versiegelung - Made in Germany","publisher":{"@id":"https:\/\/www.versiegelung24.com\/lt\/#organization"},"potentialAction":[{"@type":"SearchAction","target":{"@type":"EntryPoint","urlTemplate":"https:\/\/www.versiegelung24.com\/lt\/?s={search_term_string}"},"query-input":{"@type":"PropertyValueSpecification","valueRequired":true,"valueName":"search_term_string"}}],"inLanguage":"lt-LT"},{"@type":"Organization","@id":"https:\/\/www.versiegelung24.com\/lt\/#organization","name":"versiegelung24","url":"https:\/\/www.versiegelung24.com\/lt\/","logo":{"@type":"ImageObject","inLanguage":"lt-LT","@id":"https:\/\/www.versiegelung24.com\/lt\/#\/schema\/logo\/image\/","url":"https:\/\/www.versiegelung24.com\/wp-content\/uploads\/2020\/04\/versiegelung24.png","contentUrl":"https:\/\/www.versiegelung24.com\/wp-content\/uploads\/2020\/04\/versiegelung24.png","width":470,"height":102,"caption":"versiegelung24"},"image":{"@id":"https:\/\/www.versiegelung24.com\/lt\/#\/schema\/logo\/image\/"}}]}},"_links":{"self":[{"href":"https:\/\/www.versiegelung24.com\/lt\/wp-json\/wp\/v2\/pages\/41090","targetHints":{"allow":["GET"]}}],"collection":[{"href":"https:\/\/www.versiegelung24.com\/lt\/wp-json\/wp\/v2\/pages"}],"about":[{"href":"https:\/\/www.versiegelung24.com\/lt\/wp-json\/wp\/v2\/types\/page"}],"author":[{"embeddable":true,"href":"https:\/\/www.versiegelung24.com\/lt\/wp-json\/wp\/v2\/users\/932"}],"replies":[{"embeddable":true,"href":"https:\/\/www.versiegelung24.com\/lt\/wp-json\/wp\/v2\/comments?post=41090"}],"version-history":[{"count":15,"href":"https:\/\/www.versiegelung24.com\/lt\/wp-json\/wp\/v2\/pages\/41090\/revisions"}],"predecessor-version":[{"id":173407,"href":"https:\/\/www.versiegelung24.com\/lt\/wp-json\/wp\/v2\/pages\/41090\/revisions\/173407"}],"up":[{"embeddable":true,"href":"https:\/\/www.versiegelung24.com\/lt\/wp-json\/wp\/v2\/pages\/34668"}],"wp:featuredmedia":[{"embeddable":true,"href":"https:\/\/www.versiegelung24.com\/lt\/wp-json\/wp\/v2\/media\/41497"}],"wp:attachment":[{"href":"https:\/\/www.versiegelung24.com\/lt\/wp-json\/wp\/v2\/media?parent=41090"}],"wp:term":[{"taxonomy":"category","embeddable":true,"href":"https:\/\/www.versiegelung24.com\/lt\/wp-json\/wp\/v2\/categories?post=41090"},{"taxonomy":"seiten_kategorie","embeddable":true,"href":"https:\/\/www.versiegelung24.com\/lt\/wp-json\/wp\/v2\/seiten_kategorie?post=41090"}],"curies":[{"name":"wp","href":"https:\/\/api.w.org\/{rel}","templated":true}]}}