{"id":126073,"date":"2023-09-01T15:04:03","date_gmt":"2023-09-01T13:04:38","guid":{"rendered":"https:\/\/www.versiegelung24.com\/product\/priekinio-stiklo-sandariklis-406\/"},"modified":"2025-01-05T17:35:46","modified_gmt":"2025-01-05T16:35:46","slug":"priekinio-stiklo-sandariklis-406","status":"publish","type":"product","link":"https:\/\/www.versiegelung24.com\/lt\/priekinio-stiklo-sandariklis-406.html","title":{"rendered":"Priekinio stiklo sandarinimas"},"content":{"rendered":"\n<p><strong>\u017denkite \u012f nauj\u0105 vairavimo saugumo ir komforto er\u0105 su m\u016bs\u0173 T\u00dcV patvirtintu priekinio stiklo sandarikliu<\/strong>. M\u016bs\u0173 pa\u017eangi formul\u0117 yra ne tik ne\u012ftik\u0117tinai patvari, bet ir universali &#8211; nuo lengv\u0173j\u0173 automobili\u0173 iki sunkve\u017eimi\u0173, val\u010di\u0173 ir priekab\u0173. Patirkite iki 20 000 km ner\u016bpestingo vairavimo skirtum\u0105 vos vien\u0105 kart\u0105 panaudoj\u0119 \u0161i\u0105 priemon\u0119. Papras\u010diausiai kas \u0161e\u0161is m\u0117nesius i\u0161 naujo u\u017ed\u0117kite akinius ir visus metus d\u017eiaugsit\u0117s neprilygstamu reg\u0117jimu.<\/p>\n\n<p>Ta\u010diau tai dar ne viskas. M\u016bs\u0173 sandariklis u\u017etikrina, kad vanduo tiesiog nub\u0117gt\u0173 didesniu nei 60 km\/val. grei\u010diu, tod\u0117l j\u016bs\u0173 priekinio stiklo valytuvai nenukrenta, o vaizdas i\u0161lieka ai\u0161kus net ir esant blogam orui. Ar da\u017enai vairuojate nakt\u012f? M\u016bs\u0173 sandariklis suma\u017eina akinim\u0105 ir \u0161viesos i\u0161kraipym\u0105, tod\u0117l kelyje galite b\u016bti saug\u016bs ir pasitikintys savimi.<\/p>\n\n<h2 class=\"wp-block-heading\" id=\"video\">Vaizdo \u012fra\u0161as<\/h2>\n\n<figure class=\"wp-block-embed is-type-video is-provider-youtube wp-block-embed-youtube wp-embed-aspect-16-9 wp-has-aspect-ratio\"><div class=\"wp-block-embed__wrapper\">\n<div class=\"nv-iframe-embed\"><iframe title=\"Windschutzscheiben Versiegelung - Versiegelung24.com\" width=\"1200\" height=\"675\" src=\"https:\/\/www.youtube.com\/embed\/5cu8smLIMD0?feature=oembed\" frameborder=\"0\" allow=\"accelerometer; autoplay; clipboard-write; encrypted-media; gyroscope; picture-in-picture; web-share\" allowfullscreen><\/iframe><\/div>\n<\/div><\/figure>\n\n<hr class=\"wp-block-separator has-alpha-channel-opacity\"\/>\n\n<h2 class=\"wp-block-heading\" id=\"properties\">savyb\u0117s<\/h2>\n\n<p><\/p>\n\n<p>Sud\u0117tis: 2 pirminio valymo \u0161luost\u0117s, 2 sandarinimo \u0161luost\u0117s (po 2 m\u00b2), 1 mikropluo\u0161to \u0161luost\u0117, 2 vienkartin\u0117s pir\u0161tin\u0117s.<\/p>\n\n<ul class=\"wp-block-list\">\n<li>Ilgas tarnavimo laikas &#8211; iki 20 000 km<\/li>\n\n\n\n<li>Suma\u017eina akinim\u0105 ir \u0161viesos i\u0161kraipym\u0105 nakt\u012f<\/li>\n\n\n\n<li>Vandens \u010diurk\u0161l\u0117s nub\u0117ga (va\u017eiuojant 60 ir daugiau km\/h grei\u010diu), t. y. gerai matomas vaizdas net ir be priekinio stiklo valytuv\u0173<\/li>\n\n\n\n<li>Apsaugo priekinio stiklo valytuvus<\/li>\n\n\n\n<li>Paprastas pritaikymas<\/li>\n\n\n\n<li>Stiprios antiadhezin\u0117s savyb\u0117s ir ma\u017eesnis vabzd\u017ei\u0173 sukibimas<\/li>\n\n\n\n<li>Suma\u017eina mikro\u012fbr\u0117\u017eim\u0173 skai\u010di\u0173<\/li>\n\n\n\n<li>Lengviau valomas langas ir lengviau pa\u0161alinamas ledas<\/li>\n\n\n\n<li>Nematomas apsauginis sluoksnis &#8211; 500 kart\u0173 plonesnis u\u017e \u017emogaus plauk\u0105<\/li>\n\n\n\n<li>Atsparus UV spinduliams, pasi\u017eymi dideliu atsparumu dilimui<\/li>\n\n\n\n<li>Atsparus temperat\u016bros svyravimams<\/li>\n\n\n\n<li>Atsparus chemin\u0117ms med\u017eiagoms (ph 2-13)<\/li>\n\n\n\n<li>Atsparus skalbimo ma\u0161inoms ir auk\u0161to sl\u0117gio valytuvams<\/li>\n\n\n\n<li>Skirta priekiniams ir \u0161oniniams automobili\u0173, furgon\u0173, sunkve\u017eimi\u0173, val\u010di\u0173 ir priekab\u0173 langams<\/li>\n\n\n\n<li>U\u017etepkite ant priekinio stiklo ir pakartokite po 6 m\u0117nesi\u0173 = laikosi iki 1 met\u0173<\/li>\n\n\n\n<li>T\u00dcV testas<\/li>\n<\/ul>\n","protected":false},"excerpt":{"rendered":"<p>\u2713 Ilgas tarnavimo laikas &#8211; iki 20 000 km<\/p>\n<p>\u2713 Vandens \u010diurk\u0161l\u0117s nub\u0117ga (60+ km\/h), t. y. ai\u0161kus vaizdas net ir be valytuv\u0173<\/p>\n<p>\u2713 Stiprios antiadhezin\u0117s savyb\u0117s ir ma\u017eesnis vabzd\u017ei\u0173 sukibimas<\/p>\n","protected":false},"featured_media":132064,"template":"","meta":{"_acf_changed":false,"neve_meta_sidebar":"","neve_meta_container":"","neve_meta_enable_content_width":"","neve_meta_content_width":0,"neve_meta_title_alignment":"","neve_meta_author_avatar":"","neve_post_elements_order":"","neve_meta_disable_header":"","neve_meta_disable_footer":"","neve_meta_disable_title":"","neve_meta_reading_time":"","_surfaces":[],"_ver_product_tabs":[],"footnotes":""},"product_brand":[],"product_cat":[2186,2217,2994],"product_tag":[],"class_list":{"0":"post-126073","1":"product","2":"type-product","3":"status-publish","4":"has-post-thumbnail","6":"product_cat-automobilio-sandarinimas","7":"product_cat-sandarinimas-stiklui-ir-keramikai","8":"product_cat-skysto-stiklo-sandarinimas","10":"first","11":"instock","12":"taxable","13":"shipping-taxable","14":"purchasable","15":"product-type-simple"},"acf":[],"yoast_head":"<!-- This site is optimized with the Yoast SEO Premium plugin v22.8 (Yoast SEO v27.5) - https:\/\/yoast.com\/product\/yoast-seo-premium-wordpress\/ -->\n<title>Priekinio stiklo sandarinimas - versiegelung24.com<\/title>\n<meta name=\"robots\" content=\"index, follow, max-snippet:-1, max-image-preview:large, max-video-preview:-1\" \/>\n<link rel=\"canonical\" href=\"https:\/\/www.versiegelung24.com\/lt\/priekinio-stiklo-sandariklis-406.html\" \/>\n<meta property=\"og:locale\" content=\"lt_LT\" \/>\n<meta property=\"og:type\" content=\"article\" \/>\n<meta property=\"og:title\" content=\"Priekinio stiklo sandarinimas\" \/>\n<meta property=\"og:description\" content=\"\u2713 Ilgas tarnavimo laikas - iki 20 000 km \u2713 Vandens \u010diurk\u0161l\u0117s nub\u0117ga (60+ km\/h), t. y. ai\u0161kus vaizdas net ir be valytuv\u0173 \u2713 Stiprios antiadhezin\u0117s savyb\u0117s ir ma\u017eesnis vabzd\u017ei\u0173 sukibimas\" \/>\n<meta property=\"og:url\" content=\"https:\/\/www.versiegelung24.com\/lt\/priekinio-stiklo-sandariklis-406.html\" \/>\n<meta property=\"og:site_name\" content=\"versiegelung24.com\" \/>\n<meta property=\"article:modified_time\" content=\"2025-01-05T16:35:46+00:00\" \/>\n<meta property=\"og:image\" content=\"https:\/\/www.versiegelung24.com\/wp-content\/uploads\/2023\/09\/windschutz-1-1.webp\" \/>\n\t<meta property=\"og:image:width\" content=\"2560\" \/>\n\t<meta property=\"og:image:height\" content=\"2560\" \/>\n\t<meta property=\"og:image:type\" content=\"image\/webp\" \/>\n<meta name=\"twitter:card\" content=\"summary_large_image\" \/>\n<meta name=\"twitter:label1\" content=\"Price\" \/>\n\t<meta name=\"twitter:data1\" content=\"17,99&euro;\" \/>\n\t<meta name=\"twitter:label2\" content=\"Availability\" \/>\n\t<meta name=\"twitter:data2\" content=\"In stock\" \/>\n<script type=\"application\/ld+json\" class=\"yoast-schema-graph\">{\"@context\":\"https:\\\/\\\/schema.org\",\"@graph\":[{\"@type\":\"WebPage\",\"@id\":\"https:\\\/\\\/www.versiegelung24.com\\\/lt\\\/priekinio-stiklo-sandariklis-406.html\",\"url\":\"https:\\\/\\\/www.versiegelung24.com\\\/lt\\\/priekinio-stiklo-sandariklis-406.html\",\"name\":\"Priekinio stiklo sandarinimas - versiegelung24.com\",\"isPartOf\":{\"@id\":\"https:\\\/\\\/www.versiegelung24.com\\\/lt\\\/#website\"},\"primaryImageOfPage\":{\"@id\":\"https:\\\/\\\/www.versiegelung24.com\\\/lt\\\/priekinio-stiklo-sandariklis-406.html#primaryimage\"},\"image\":{\"@id\":\"https:\\\/\\\/www.versiegelung24.com\\\/lt\\\/priekinio-stiklo-sandariklis-406.html#primaryimage\"},\"thumbnailUrl\":\"https:\\\/\\\/www.versiegelung24.com\\\/wp-content\\\/uploads\\\/2023\\\/09\\\/windschutz-1-1.webp\",\"datePublished\":\"2023-09-01T13:04:38+00:00\",\"dateModified\":\"2025-01-05T16:35:46+00:00\",\"breadcrumb\":{\"@id\":\"https:\\\/\\\/www.versiegelung24.com\\\/lt\\\/priekinio-stiklo-sandariklis-406.html#breadcrumb\"},\"inLanguage\":\"lt-LT\",\"potentialAction\":[{\"@type\":\"ReadAction\",\"target\":[\"https:\\\/\\\/www.versiegelung24.com\\\/lt\\\/priekinio-stiklo-sandariklis-406.html\"]}]},{\"@type\":\"ImageObject\",\"inLanguage\":\"lt-LT\",\"@id\":\"https:\\\/\\\/www.versiegelung24.com\\\/lt\\\/priekinio-stiklo-sandariklis-406.html#primaryimage\",\"url\":\"https:\\\/\\\/www.versiegelung24.com\\\/wp-content\\\/uploads\\\/2023\\\/09\\\/windschutz-1-1.webp\",\"contentUrl\":\"https:\\\/\\\/www.versiegelung24.com\\\/wp-content\\\/uploads\\\/2023\\\/09\\\/windschutz-1-1.webp\",\"width\":2560,\"height\":2560},{\"@type\":\"BreadcrumbList\",\"@id\":\"https:\\\/\\\/www.versiegelung24.com\\\/lt\\\/priekinio-stiklo-sandariklis-406.html#breadcrumb\",\"itemListElement\":[{\"@type\":\"ListItem\",\"position\":1,\"name\":\"Prad\u017eia\",\"item\":\"https:\\\/\\\/www.versiegelung24.com\\\/lt\\\/priekinis\\\/\"},{\"@type\":\"ListItem\",\"position\":2,\"name\":\"Parduotuv\u0117\",\"item\":\"https:\\\/\\\/www.versiegelung24.com\\\/lt\\\/parduotuve-2\\\/\"},{\"@type\":\"ListItem\",\"position\":3,\"name\":\"Priekinio stiklo sandarinimas\"}]},{\"@type\":\"WebSite\",\"@id\":\"https:\\\/\\\/www.versiegelung24.com\\\/lt\\\/#website\",\"url\":\"https:\\\/\\\/www.versiegelung24.com\\\/lt\\\/\",\"name\":\"versiegelung24.com\",\"description\":\"Fl\u00fcssigglas-Versiegelung - Made in Germany\",\"publisher\":{\"@id\":\"https:\\\/\\\/www.versiegelung24.com\\\/lt\\\/#organization\"},\"potentialAction\":[{\"@type\":\"SearchAction\",\"target\":{\"@type\":\"EntryPoint\",\"urlTemplate\":\"https:\\\/\\\/www.versiegelung24.com\\\/lt\\\/?s={search_term_string}\"},\"query-input\":{\"@type\":\"PropertyValueSpecification\",\"valueRequired\":true,\"valueName\":\"search_term_string\"}}],\"inLanguage\":\"lt-LT\"},{\"@type\":\"Organization\",\"@id\":\"https:\\\/\\\/www.versiegelung24.com\\\/lt\\\/#organization\",\"name\":\"versiegelung24\",\"url\":\"https:\\\/\\\/www.versiegelung24.com\\\/lt\\\/\",\"logo\":{\"@type\":\"ImageObject\",\"inLanguage\":\"lt-LT\",\"@id\":\"https:\\\/\\\/www.versiegelung24.com\\\/lt\\\/#\\\/schema\\\/logo\\\/image\\\/\",\"url\":\"https:\\\/\\\/www.versiegelung24.com\\\/wp-content\\\/uploads\\\/2020\\\/04\\\/versiegelung24.png\",\"contentUrl\":\"https:\\\/\\\/www.versiegelung24.com\\\/wp-content\\\/uploads\\\/2020\\\/04\\\/versiegelung24.png\",\"width\":470,\"height\":102,\"caption\":\"versiegelung24\"},\"image\":{\"@id\":\"https:\\\/\\\/www.versiegelung24.com\\\/lt\\\/#\\\/schema\\\/logo\\\/image\\\/\"}}]}<\/script>\n<meta property=\"product:price:amount\" content=\"17.99\" \/>\n<meta property=\"product:price:currency\" content=\"EUR\" \/>\n<meta property=\"og:availability\" content=\"instock\" \/>\n<meta property=\"product:availability\" content=\"instock\" \/>\n<meta property=\"product:retailer_item_id\" content=\"4040-406\" \/>\n<meta property=\"product:condition\" content=\"new\" \/>\n<!-- \/ Yoast SEO Premium plugin. -->","yoast_head_json":{"title":"Priekinio stiklo sandarinimas - versiegelung24.com","robots":{"index":"index","follow":"follow","max-snippet":"max-snippet:-1","max-image-preview":"max-image-preview:large","max-video-preview":"max-video-preview:-1"},"canonical":"https:\/\/www.versiegelung24.com\/lt\/priekinio-stiklo-sandariklis-406.html","og_locale":"lt_LT","og_type":"article","og_title":"Priekinio stiklo sandarinimas","og_description":"\u2713 Ilgas tarnavimo laikas - iki 20 000 km \u2713 Vandens \u010diurk\u0161l\u0117s nub\u0117ga (60+ km\/h), t. y. ai\u0161kus vaizdas net ir be valytuv\u0173 \u2713 Stiprios antiadhezin\u0117s savyb\u0117s ir ma\u017eesnis vabzd\u017ei\u0173 sukibimas","og_url":"https:\/\/www.versiegelung24.com\/lt\/priekinio-stiklo-sandariklis-406.html","og_site_name":"versiegelung24.com","article_modified_time":"2025-01-05T16:35:46+00:00","og_image":[{"width":2560,"height":2560,"url":"https:\/\/www.versiegelung24.com\/wp-content\/uploads\/2023\/09\/windschutz-1-1.webp","type":"image\/webp"}],"twitter_card":"summary_large_image","twitter_misc":{"Price":"17,99&euro;","Availability":"In stock"},"schema":{"@context":"https:\/\/schema.org","@graph":[{"@type":"WebPage","@id":"https:\/\/www.versiegelung24.com\/lt\/priekinio-stiklo-sandariklis-406.html","url":"https:\/\/www.versiegelung24.com\/lt\/priekinio-stiklo-sandariklis-406.html","name":"Priekinio stiklo sandarinimas - versiegelung24.com","isPartOf":{"@id":"https:\/\/www.versiegelung24.com\/lt\/#website"},"primaryImageOfPage":{"@id":"https:\/\/www.versiegelung24.com\/lt\/priekinio-stiklo-sandariklis-406.html#primaryimage"},"image":{"@id":"https:\/\/www.versiegelung24.com\/lt\/priekinio-stiklo-sandariklis-406.html#primaryimage"},"thumbnailUrl":"https:\/\/www.versiegelung24.com\/wp-content\/uploads\/2023\/09\/windschutz-1-1.webp","datePublished":"2023-09-01T13:04:38+00:00","dateModified":"2025-01-05T16:35:46+00:00","breadcrumb":{"@id":"https:\/\/www.versiegelung24.com\/lt\/priekinio-stiklo-sandariklis-406.html#breadcrumb"},"inLanguage":"lt-LT","potentialAction":[{"@type":"ReadAction","target":["https:\/\/www.versiegelung24.com\/lt\/priekinio-stiklo-sandariklis-406.html"]}]},{"@type":"ImageObject","inLanguage":"lt-LT","@id":"https:\/\/www.versiegelung24.com\/lt\/priekinio-stiklo-sandariklis-406.html#primaryimage","url":"https:\/\/www.versiegelung24.com\/wp-content\/uploads\/2023\/09\/windschutz-1-1.webp","contentUrl":"https:\/\/www.versiegelung24.com\/wp-content\/uploads\/2023\/09\/windschutz-1-1.webp","width":2560,"height":2560},{"@type":"BreadcrumbList","@id":"https:\/\/www.versiegelung24.com\/lt\/priekinio-stiklo-sandariklis-406.html#breadcrumb","itemListElement":[{"@type":"ListItem","position":1,"name":"Prad\u017eia","item":"https:\/\/www.versiegelung24.com\/lt\/priekinis\/"},{"@type":"ListItem","position":2,"name":"Parduotuv\u0117","item":"https:\/\/www.versiegelung24.com\/lt\/parduotuve-2\/"},{"@type":"ListItem","position":3,"name":"Priekinio stiklo sandarinimas"}]},{"@type":"WebSite","@id":"https:\/\/www.versiegelung24.com\/lt\/#website","url":"https:\/\/www.versiegelung24.com\/lt\/","name":"versiegelung24.com","description":"Fl\u00fcssigglas-Versiegelung - Made in Germany","publisher":{"@id":"https:\/\/www.versiegelung24.com\/lt\/#organization"},"potentialAction":[{"@type":"SearchAction","target":{"@type":"EntryPoint","urlTemplate":"https:\/\/www.versiegelung24.com\/lt\/?s={search_term_string}"},"query-input":{"@type":"PropertyValueSpecification","valueRequired":true,"valueName":"search_term_string"}}],"inLanguage":"lt-LT"},{"@type":"Organization","@id":"https:\/\/www.versiegelung24.com\/lt\/#organization","name":"versiegelung24","url":"https:\/\/www.versiegelung24.com\/lt\/","logo":{"@type":"ImageObject","inLanguage":"lt-LT","@id":"https:\/\/www.versiegelung24.com\/lt\/#\/schema\/logo\/image\/","url":"https:\/\/www.versiegelung24.com\/wp-content\/uploads\/2020\/04\/versiegelung24.png","contentUrl":"https:\/\/www.versiegelung24.com\/wp-content\/uploads\/2020\/04\/versiegelung24.png","width":470,"height":102,"caption":"versiegelung24"},"image":{"@id":"https:\/\/www.versiegelung24.com\/lt\/#\/schema\/logo\/image\/"}}]},"product_price_amount":"17.99","product_price_currency":"EUR","og_availability":"instock","product_availability":"instock","product_retailer_item_id":"4040-406","product_condition":"new"},"_links":{"self":[{"href":"https:\/\/www.versiegelung24.com\/lt\/wp-json\/wp\/v2\/product\/126073","targetHints":{"allow":["GET"]}}],"collection":[{"href":"https:\/\/www.versiegelung24.com\/lt\/wp-json\/wp\/v2\/product"}],"about":[{"href":"https:\/\/www.versiegelung24.com\/lt\/wp-json\/wp\/v2\/types\/product"}],"version-history":[{"count":8,"href":"https:\/\/www.versiegelung24.com\/lt\/wp-json\/wp\/v2\/product\/126073\/revisions"}],"predecessor-version":[{"id":178327,"href":"https:\/\/www.versiegelung24.com\/lt\/wp-json\/wp\/v2\/product\/126073\/revisions\/178327"}],"wp:featuredmedia":[{"embeddable":true,"href":"https:\/\/www.versiegelung24.com\/lt\/wp-json\/wp\/v2\/media\/132064"}],"wp:attachment":[{"href":"https:\/\/www.versiegelung24.com\/lt\/wp-json\/wp\/v2\/media?parent=126073"}],"wp:term":[{"taxonomy":"product_brand","embeddable":true,"href":"https:\/\/www.versiegelung24.com\/lt\/wp-json\/wp\/v2\/product_brand?post=126073"},{"taxonomy":"product_cat","embeddable":true,"href":"https:\/\/www.versiegelung24.com\/lt\/wp-json\/wp\/v2\/product_cat?post=126073"},{"taxonomy":"product_tag","embeddable":true,"href":"https:\/\/www.versiegelung24.com\/lt\/wp-json\/wp\/v2\/product_tag?post=126073"}],"curies":[{"name":"wp","href":"https:\/\/api.w.org\/{rel}","templated":true}]}}