{"id":145259,"date":"2024-01-07T15:15:48","date_gmt":"2024-01-13T10:21:20","guid":{"rendered":"https:\/\/www.versiegelung24.com\/product\/v24-nesvarumu-trintukas-100x70x30mm\/"},"modified":"2025-01-05T15:45:11","modified_gmt":"2025-01-05T14:45:11","slug":"v24-schmutzradierer-100x70x30mm","status":"publish","type":"product","link":"https:\/\/www.versiegelung24.com\/lt\/v24-schmutzradierer-100x70x30mm.html","title":{"rendered":"V24 Ne\u0161varum\u0173 trintukas 100x70x30mm"},"content":{"rendered":"\n<h1 class=\"wp-block-heading\" id=\"h-v24-schmutzradierer-gegen-hartnackige-flecken-online-kaufen\">\u012esigykite V24 d\u0117mi\u0173 trintuv\u0105 nuo \u012fsisen\u0117jusi\u0173 d\u0117mi\u0173 internetu<\/h1>\n\n<h2 class=\"wp-block-heading\" id=\"h-muhelos-hartnackige-flecken-beseitigen-mit-dem-versiegelung24-com-schmutzradierer\">Be vargo pa\u0161alinkite \u012fsisen\u0117jusias d\u0117mes su Versiegelung24.com d\u0117mi\u0173 trintuvu<\/h2>\n\n<p>M\u016bs\u0173 <a href=\"https:\/\/www.versiegelung24.com\/fluessigglas-versiegelung\/\">sandarikliais<\/a> galima sandarinti tik \u0161varius pavir\u0161ius, tod\u0117l labai svarbu pa\u0161alinti lengvas ir \u012fsisen\u0117jusias d\u0117mes. M\u016bs\u0173 ne\u0161varum\u0173 trintukas yra auk\u0161t\u0173j\u0173 technologij\u0173 melamino kempin\u0117l\u0117, puikiai tinkanti pavir\u0161iams valyti. Jei d\u0117m\u0117s ypa\u010d \u012fsisen\u0117jusios, rekomenduojame papildomai naudoti m\u016bs\u0173 100 % biologi\u0161kai skaid\u0173 organin\u012f valikl\u012f <a href=\"https:\/\/www.versiegelung24.com\/lt\/biosativa-biologinis-isankstinis-valiklis.html\">BIOSATIVA\u00ae<\/a>, ta\u010diau joki\u0173 chemini\u0173 valikli\u0173 naudoti nereikia.<\/p>\n\n<div class=\"wp-block-columns is-layout-flex wp-container-core-columns-is-layout-9d6595d7 wp-block-columns-is-layout-flex\">\n<div class=\"wp-block-column is-layout-flow wp-block-column-is-layout-flow\">\n<h2 class=\"wp-block-heading\" id=\"properties\">Produkto savyb\u0117s<\/h2>\n\n\n\n<ul class=\"wp-block-list\">\n<li>Auk\u0161t\u0173j\u0173 technologij\u0173 melamino kempin\u0117<\/li>\n\n\n\n<li>Matmenys: 100x70x30 mm<\/li>\n\n\n\n<li>be chemini\u0173 ingredient\u0173<\/li>\n\n\n\n<li>netoksi\u0161kas<\/li>\n<\/ul>\n\n\n\n<h2 class=\"wp-block-heading\" id=\"application\">Kaip patikimai pa\u0161alinti ne\u0161varumus su m\u016bs\u0173 trintuko kempine<\/h2>\n\n\n\n<ol class=\"wp-block-list\">\n<li>Sudr\u0117kinkite ir i\u0161spauskite kempin\u0119<\/li>\n\n\n\n<li>Lengvu spaudimu patrinkite ne\u0161varumus<\/li>\n\n\n\n<li>Tada kempin\u0119 nuplaukite ir v\u0117l naudokite<\/li>\n<\/ol>\n<\/div>\n\n\n\n<div class=\"wp-block-column is-layout-flow wp-block-column-is-layout-flow\">\n<figure class=\"wp-block-image size-full\"><img fetchpriority=\"high\" decoding=\"async\" width=\"1105\" height=\"1105\" src=\"https:\/\/www.versiegelung24.com\/wp-content\/uploads\/2024\/01\/v24-9020-content-1.webp\" alt=\"\" class=\"wp-image-138069\" srcset=\"https:\/\/www.versiegelung24.com\/wp-content\/uploads\/2024\/01\/v24-9020-content-1.webp 1105w, https:\/\/www.versiegelung24.com\/wp-content\/uploads\/2024\/01\/v24-9020-content-1-300x300.webp 300w, https:\/\/www.versiegelung24.com\/wp-content\/uploads\/2024\/01\/v24-9020-content-1-80x80.webp 80w, https:\/\/www.versiegelung24.com\/wp-content\/uploads\/2024\/01\/v24-9020-content-1-768x768.webp 768w, https:\/\/www.versiegelung24.com\/wp-content\/uploads\/2024\/01\/v24-9020-content-1-70x70.webp 70w, https:\/\/www.versiegelung24.com\/wp-content\/uploads\/2024\/01\/v24-9020-content-1-400x400.webp 400w, https:\/\/www.versiegelung24.com\/wp-content\/uploads\/2024\/01\/v24-9020-content-1-600x600.webp 600w, https:\/\/www.versiegelung24.com\/wp-content\/uploads\/2024\/01\/v24-9020-content-1-100x100.webp 100w\" sizes=\"(max-width: 1105px) 100vw, 1105px\" \/><\/figure>\n<\/div>\n<\/div>\n\n<h2 class=\"wp-block-heading\" id=\"h-vielfaltige-einsatzmoglichkeiten-des-schmutzradierers\"><strong>Platus trintuvo pritaikymo spektras<\/strong><\/h2>\n\n<p>Versiegelung24.com purvo trintukas yra tikras universalus \u012frankis, kai reikia pa\u0161alinti \u012fsisen\u0117jusias d\u0117mes ir ne\u0161varumus. D\u0117l plataus panaudojimo spektro jis yra nepakei\u010diamas pagalbininkas nam\u0173 \u016bkyje. \u0160tai keletas pavyzd\u017ei\u0173, kam galite naudoti m\u016bs\u0173 trintuk\u0105:<\/p>\n\n<ol class=\"wp-block-list\">\n<li><strong>Pa\u0161alinkite sien\u0173 d\u0117mes:<\/strong> Puikiai tinka \u0161alinti nuo sien\u0173 \u017eymes ir d\u0117mes, pvz., pir\u0161t\u0173 atspaudus ar purvo dry\u017eius.<\/li>\n\n\n\n<li><strong>Virtuv\u0117s prietais\u0173 valymas:<\/strong> veiksmingai pa\u0161alina riebalus ir maisto liku\u010dius nuo virtuv\u0117s pavir\u0161i\u0173, virykli\u0173 ir orkai\u010di\u0173.<\/li>\n\n\n\n<li><strong>Vonios kambario valymas:<\/strong> Pa\u0161alinkite kalki\u0173 nuos\u0117das ir vandens d\u0117mes ant armat\u016bros, plyteli\u0173 ir du\u0161o kabin\u0173.<\/li>\n\n\n\n<li><strong>Bat\u0173 valiklis:<\/strong> pa\u0161alina \u012fsisen\u0117jusias d\u0117mes ir \u012fbr\u0117\u017eimus ant sportba\u010di\u0173 ir kit\u0173 bat\u0173 med\u017eiag\u0173.<\/li>\n\n\n\n<li><strong>Bald\u0173 prie\u017ei\u016bra:<\/strong> idealiai tinka plastikiniams ir mediniams bald\u0173 pavir\u0161iams valyti, pa\u0161alina pir\u0161t\u0173 atspaudus ir d\u0117mes.<\/li>\n\n\n\n<li><strong>D\u0117m\u0117s ant tekstil\u0117s:<\/strong> saugiai pa\u0161alina d\u0117mes nuo sof\u0173, k\u0117d\u017ei\u0173 ar kit\u0173 med\u017eiagini\u0173 pavir\u0161i\u0173.<\/li>\n\n\n\n<li><strong>Automobilio salono valymas:<\/strong> Puikiai tinka prietais\u0173 skydeliams, dureli\u0173 panel\u0117ms ir kitoms plastikin\u0117ms automobilio dalims valyti.<\/li>\n\n\n\n<li><strong>Kompiuteriai ir elektronika:<\/strong> tinka klaviat\u016broms ir kitiems jautriems elektroniniams prietaisams valyti.<\/li>\n\n\n\n<li><strong>\u017daisl\u0173 valiklis:<\/strong> Pa\u0161alina ne\u0161varumus ir d\u0117mes nuo plastikini\u0173 \u017eaisl\u0173 be kenksming\u0173 chemini\u0173 med\u017eiag\u0173.<\/li>\n\n\n\n<li><strong>Durys ir rankenos:<\/strong> veiksmingai \u0161alina pir\u0161t\u0173 atspaudus ir ne\u0161varumus nuo dur\u0173 ranken\u0173 ir r\u0117m\u0173.<\/li>\n<\/ol>\n\n<h2 class=\"wp-block-heading\" id=\"h-was-sie-vor-dem-kauf-des-radierschwamms-beachten-sollten\">K\u0105 tur\u0117tum\u0117te apsvarstyti prie\u0161 \u012fsigydami trintuvo kempin\u0119<\/h2>\n\n<h3 class=\"wp-block-heading\" id=\"h-geeignete-oberflachen-fur-den-wunderschwamm\">Stebuklingajai kempinei tinkami pavir\u0161iai<\/h3>\n\n<p>Stebuklingoji kempin\u0117l\u0117 yra universali valymo priemon\u0117, kuri\u0105 galima naudoti \u012fvairiems pavir\u0161iams valyti. Stebuklingajai kempin\u0117lei tinka tokie pavir\u0161iai kaip <strong>plastikas, ner\u016bdijantis plienas, stiklas, keramika, tapetai, plytel\u0117s ir daug kit\u0173.<\/strong> \u0160i\u0105 kempin\u0119 galima efektyviai naudoti \u0161ioms med\u017eiagoms valyti, kad pa\u0161alintum\u0117te purv\u0105, riebalus ir liku\u010dius. Stebuklingoji kempin\u0117l\u0117 taip pat tinka jautriems pavir\u0161iams, tokiems kaip medis, nes nesibrai\u017eo ir nepalieka negra\u017ei\u0173 \u017eymi\u0173. Juo galima \u0161velniai valyti pavir\u0161ius j\u0173 nepa\u017eeid\u017eiant.  <\/p>\n\n<p><\/p><h3>\u012e k\u0105 atkreipti d\u0117mes\u012f<\/h3>Kempin\u0119 galima suma\u017einti pagal dyd\u012f, kad pasiektum\u0117te ypa\u010d sud\u0117tingas vietas.  <strong>Atsargiai elkit\u0117s su ypa\u010d jautriais<\/strong>, <strong>blizgiais<\/strong>, <strong>da\u017eytais<\/strong> ir <strong>poliruotais<\/strong> <strong>pavir\u0161iais<\/strong>! Patartina i\u0161 anksto atlikti bandym\u0105 nepastebimoje vietoje ir atkreipti d\u0117mes\u012f, kad produktas nusitrina, ypa\u010d ant \u0161iurk\u0161\u010di\u0173 pavir\u0161i\u0173. Po tepimo pavir\u0161ius reikia nuvalyti \u0161variu vandeniu, kad b\u016bt\u0173 pa\u0161alinti liku\u010diai.\n","protected":false},"excerpt":{"rendered":"<p class=\"MsoNormal\"><strong>Melamino kempin\u0117l\u0117 pavir\u0161iams i\u0161 anksto valyti<\/strong><\/p>\n<p>\u2713 Daugkartinio naudojimo<\/p>\n<p>\u2713 Draugi\u0161kas aplinkai<\/p>\n<p>\u2713 Patogus<\/p>\n<p>\u2713 Visuotinai taikomas<\/p>\n<p>\u2713 100x70x30 mm<\/p>\n<p>&nbsp;<\/p>\n","protected":false},"featured_media":138040,"template":"","meta":{"_acf_changed":false,"neve_meta_sidebar":"","neve_meta_container":"","neve_meta_enable_content_width":"","neve_meta_content_width":0,"neve_meta_title_alignment":"","neve_meta_author_avatar":"","neve_post_elements_order":"","neve_meta_disable_header":"","neve_meta_disable_footer":"","neve_meta_disable_title":"","neve_meta_reading_time":"","_surfaces":[],"_ver_product_tabs":[],"footnotes":""},"product_brand":[],"product_cat":[2186,2217,2480,2518,2615,3080],"product_tag":[],"class_list":{"0":"post-145259","1":"product","2":"type-product","3":"status-publish","4":"has-post-thumbnail","6":"product_cat-automobilio-sandarinimas","7":"product_cat-sandarinimas-stiklui-ir-keramikai","8":"product_cat-universalus-sandariklis","9":"product_cat-metalinis-ir-plastikinis-sandarinimas","10":"product_cat-valymo-priemones","11":"product_cat-iranga","13":"first","14":"instock","15":"taxable","16":"shipping-taxable","17":"purchasable","18":"product-type-simple"},"acf":[],"yoast_head":"<!-- This site is optimized with the Yoast SEO Premium plugin v22.8 (Yoast SEO v27.5) - https:\/\/yoast.com\/product\/yoast-seo-premium-wordpress\/ -->\n<title>Pirkite purvo trintukus pigiai internetu - Versiegelung24.com<\/title>\n<meta name=\"description\" content=\"\u012esigykite purvo trintuv\u0105 pigiai internetu Versiegelung24.com ir lengvai pa\u0161alinkite \u012fsisen\u0117jusius ne\u0161varumus nuo \u012fvairi\u0173 pavir\u0161i\u0173.\" \/>\n<meta name=\"robots\" content=\"index, follow, max-snippet:-1, max-image-preview:large, max-video-preview:-1\" \/>\n<link rel=\"canonical\" href=\"https:\/\/www.versiegelung24.com\/lt\/v24-schmutzradierer-100x70x30mm.html\" \/>\n<meta property=\"og:locale\" content=\"lt_LT\" \/>\n<meta property=\"og:type\" content=\"article\" \/>\n<meta property=\"og:title\" content=\"V24 Ne\u0161varum\u0173 trintukas 100x70x30mm\" \/>\n<meta property=\"og:description\" content=\"\u012esigykite purvo trintuv\u0105 pigiai internetu Versiegelung24.com ir lengvai pa\u0161alinkite \u012fsisen\u0117jusius ne\u0161varumus nuo \u012fvairi\u0173 pavir\u0161i\u0173.\" \/>\n<meta property=\"og:url\" content=\"https:\/\/www.versiegelung24.com\/lt\/v24-schmutzradierer-100x70x30mm.html\" \/>\n<meta property=\"og:site_name\" content=\"versiegelung24.com\" \/>\n<meta property=\"article:modified_time\" content=\"2025-01-05T14:45:11+00:00\" \/>\n<meta property=\"og:image\" content=\"https:\/\/www.versiegelung24.com\/wp-content\/uploads\/2024\/01\/V24-9020-3.webp\" \/>\n\t<meta property=\"og:image:width\" content=\"600\" \/>\n\t<meta property=\"og:image:height\" content=\"600\" \/>\n\t<meta property=\"og:image:type\" content=\"image\/webp\" \/>\n<meta name=\"twitter:card\" content=\"summary_large_image\" \/>\n<meta name=\"twitter:label1\" content=\"Price\" \/>\n\t<meta name=\"twitter:data1\" content=\"0,99&euro;\" \/>\n\t<meta name=\"twitter:label2\" content=\"Availability\" \/>\n\t<meta name=\"twitter:data2\" content=\"In stock\" \/>\n<script type=\"application\/ld+json\" class=\"yoast-schema-graph\">{\"@context\":\"https:\\\/\\\/schema.org\",\"@graph\":[{\"@type\":\"WebPage\",\"@id\":\"https:\\\/\\\/www.versiegelung24.com\\\/lt\\\/v24-schmutzradierer-100x70x30mm.html\",\"url\":\"https:\\\/\\\/www.versiegelung24.com\\\/lt\\\/v24-schmutzradierer-100x70x30mm.html\",\"name\":\"Pirkite purvo trintukus pigiai internetu - Versiegelung24.com\",\"isPartOf\":{\"@id\":\"https:\\\/\\\/www.versiegelung24.com\\\/lt\\\/#website\"},\"primaryImageOfPage\":{\"@id\":\"https:\\\/\\\/www.versiegelung24.com\\\/lt\\\/v24-schmutzradierer-100x70x30mm.html#primaryimage\"},\"image\":{\"@id\":\"https:\\\/\\\/www.versiegelung24.com\\\/lt\\\/v24-schmutzradierer-100x70x30mm.html#primaryimage\"},\"thumbnailUrl\":\"https:\\\/\\\/www.versiegelung24.com\\\/wp-content\\\/uploads\\\/2024\\\/01\\\/V24-9020-3.webp\",\"datePublished\":\"2024-01-13T10:21:20+00:00\",\"dateModified\":\"2025-01-05T14:45:11+00:00\",\"description\":\"\u012esigykite purvo trintuv\u0105 pigiai internetu Versiegelung24.com ir lengvai pa\u0161alinkite \u012fsisen\u0117jusius ne\u0161varumus nuo \u012fvairi\u0173 pavir\u0161i\u0173.\",\"breadcrumb\":{\"@id\":\"https:\\\/\\\/www.versiegelung24.com\\\/lt\\\/v24-schmutzradierer-100x70x30mm.html#breadcrumb\"},\"inLanguage\":\"lt-LT\",\"potentialAction\":[{\"@type\":\"ReadAction\",\"target\":[\"https:\\\/\\\/www.versiegelung24.com\\\/lt\\\/v24-schmutzradierer-100x70x30mm.html\"]}]},{\"@type\":\"ImageObject\",\"inLanguage\":\"lt-LT\",\"@id\":\"https:\\\/\\\/www.versiegelung24.com\\\/lt\\\/v24-schmutzradierer-100x70x30mm.html#primaryimage\",\"url\":\"https:\\\/\\\/www.versiegelung24.com\\\/wp-content\\\/uploads\\\/2024\\\/01\\\/V24-9020-3.webp\",\"contentUrl\":\"https:\\\/\\\/www.versiegelung24.com\\\/wp-content\\\/uploads\\\/2024\\\/01\\\/V24-9020-3.webp\",\"width\":600,\"height\":600},{\"@type\":\"BreadcrumbList\",\"@id\":\"https:\\\/\\\/www.versiegelung24.com\\\/lt\\\/v24-schmutzradierer-100x70x30mm.html#breadcrumb\",\"itemListElement\":[{\"@type\":\"ListItem\",\"position\":1,\"name\":\"Prad\u017eia\",\"item\":\"https:\\\/\\\/www.versiegelung24.com\\\/lt\\\/priekinis\\\/\"},{\"@type\":\"ListItem\",\"position\":2,\"name\":\"Parduotuv\u0117\",\"item\":\"https:\\\/\\\/www.versiegelung24.com\\\/lt\\\/parduotuve-2\\\/\"},{\"@type\":\"ListItem\",\"position\":3,\"name\":\"V24 Ne\u0161varum\u0173 trintukas 100x70x30mm\"}]},{\"@type\":\"WebSite\",\"@id\":\"https:\\\/\\\/www.versiegelung24.com\\\/lt\\\/#website\",\"url\":\"https:\\\/\\\/www.versiegelung24.com\\\/lt\\\/\",\"name\":\"versiegelung24.com\",\"description\":\"Fl\u00fcssigglas-Versiegelung - Made in Germany\",\"publisher\":{\"@id\":\"https:\\\/\\\/www.versiegelung24.com\\\/lt\\\/#organization\"},\"potentialAction\":[{\"@type\":\"SearchAction\",\"target\":{\"@type\":\"EntryPoint\",\"urlTemplate\":\"https:\\\/\\\/www.versiegelung24.com\\\/lt\\\/?s={search_term_string}\"},\"query-input\":{\"@type\":\"PropertyValueSpecification\",\"valueRequired\":true,\"valueName\":\"search_term_string\"}}],\"inLanguage\":\"lt-LT\"},{\"@type\":\"Organization\",\"@id\":\"https:\\\/\\\/www.versiegelung24.com\\\/lt\\\/#organization\",\"name\":\"versiegelung24\",\"url\":\"https:\\\/\\\/www.versiegelung24.com\\\/lt\\\/\",\"logo\":{\"@type\":\"ImageObject\",\"inLanguage\":\"lt-LT\",\"@id\":\"https:\\\/\\\/www.versiegelung24.com\\\/lt\\\/#\\\/schema\\\/logo\\\/image\\\/\",\"url\":\"https:\\\/\\\/www.versiegelung24.com\\\/wp-content\\\/uploads\\\/2020\\\/04\\\/versiegelung24.png\",\"contentUrl\":\"https:\\\/\\\/www.versiegelung24.com\\\/wp-content\\\/uploads\\\/2020\\\/04\\\/versiegelung24.png\",\"width\":470,\"height\":102,\"caption\":\"versiegelung24\"},\"image\":{\"@id\":\"https:\\\/\\\/www.versiegelung24.com\\\/lt\\\/#\\\/schema\\\/logo\\\/image\\\/\"}}]}<\/script>\n<meta property=\"product:price:amount\" content=\"0.99\" \/>\n<meta property=\"product:price:currency\" content=\"EUR\" \/>\n<meta property=\"og:availability\" content=\"instock\" \/>\n<meta property=\"product:availability\" content=\"instock\" \/>\n<meta property=\"product:retailer_item_id\" content=\"V24-9020-1\" \/>\n<meta property=\"product:condition\" content=\"new\" \/>\n<!-- \/ Yoast SEO Premium plugin. -->","yoast_head_json":{"title":"Pirkite purvo trintukus pigiai internetu - Versiegelung24.com","description":"\u012esigykite purvo trintuv\u0105 pigiai internetu Versiegelung24.com ir lengvai pa\u0161alinkite \u012fsisen\u0117jusius ne\u0161varumus nuo \u012fvairi\u0173 pavir\u0161i\u0173.","robots":{"index":"index","follow":"follow","max-snippet":"max-snippet:-1","max-image-preview":"max-image-preview:large","max-video-preview":"max-video-preview:-1"},"canonical":"https:\/\/www.versiegelung24.com\/lt\/v24-schmutzradierer-100x70x30mm.html","og_locale":"lt_LT","og_type":"article","og_title":"V24 Ne\u0161varum\u0173 trintukas 100x70x30mm","og_description":"\u012esigykite purvo trintuv\u0105 pigiai internetu Versiegelung24.com ir lengvai pa\u0161alinkite \u012fsisen\u0117jusius ne\u0161varumus nuo \u012fvairi\u0173 pavir\u0161i\u0173.","og_url":"https:\/\/www.versiegelung24.com\/lt\/v24-schmutzradierer-100x70x30mm.html","og_site_name":"versiegelung24.com","article_modified_time":"2025-01-05T14:45:11+00:00","og_image":[{"width":600,"height":600,"url":"https:\/\/www.versiegelung24.com\/wp-content\/uploads\/2024\/01\/V24-9020-3.webp","type":"image\/webp"}],"twitter_card":"summary_large_image","twitter_misc":{"Price":"0,99&euro;","Availability":"In stock"},"schema":{"@context":"https:\/\/schema.org","@graph":[{"@type":"WebPage","@id":"https:\/\/www.versiegelung24.com\/lt\/v24-schmutzradierer-100x70x30mm.html","url":"https:\/\/www.versiegelung24.com\/lt\/v24-schmutzradierer-100x70x30mm.html","name":"Pirkite purvo trintukus pigiai internetu - Versiegelung24.com","isPartOf":{"@id":"https:\/\/www.versiegelung24.com\/lt\/#website"},"primaryImageOfPage":{"@id":"https:\/\/www.versiegelung24.com\/lt\/v24-schmutzradierer-100x70x30mm.html#primaryimage"},"image":{"@id":"https:\/\/www.versiegelung24.com\/lt\/v24-schmutzradierer-100x70x30mm.html#primaryimage"},"thumbnailUrl":"https:\/\/www.versiegelung24.com\/wp-content\/uploads\/2024\/01\/V24-9020-3.webp","datePublished":"2024-01-13T10:21:20+00:00","dateModified":"2025-01-05T14:45:11+00:00","description":"\u012esigykite purvo trintuv\u0105 pigiai internetu Versiegelung24.com ir lengvai pa\u0161alinkite \u012fsisen\u0117jusius ne\u0161varumus nuo \u012fvairi\u0173 pavir\u0161i\u0173.","breadcrumb":{"@id":"https:\/\/www.versiegelung24.com\/lt\/v24-schmutzradierer-100x70x30mm.html#breadcrumb"},"inLanguage":"lt-LT","potentialAction":[{"@type":"ReadAction","target":["https:\/\/www.versiegelung24.com\/lt\/v24-schmutzradierer-100x70x30mm.html"]}]},{"@type":"ImageObject","inLanguage":"lt-LT","@id":"https:\/\/www.versiegelung24.com\/lt\/v24-schmutzradierer-100x70x30mm.html#primaryimage","url":"https:\/\/www.versiegelung24.com\/wp-content\/uploads\/2024\/01\/V24-9020-3.webp","contentUrl":"https:\/\/www.versiegelung24.com\/wp-content\/uploads\/2024\/01\/V24-9020-3.webp","width":600,"height":600},{"@type":"BreadcrumbList","@id":"https:\/\/www.versiegelung24.com\/lt\/v24-schmutzradierer-100x70x30mm.html#breadcrumb","itemListElement":[{"@type":"ListItem","position":1,"name":"Prad\u017eia","item":"https:\/\/www.versiegelung24.com\/lt\/priekinis\/"},{"@type":"ListItem","position":2,"name":"Parduotuv\u0117","item":"https:\/\/www.versiegelung24.com\/lt\/parduotuve-2\/"},{"@type":"ListItem","position":3,"name":"V24 Ne\u0161varum\u0173 trintukas 100x70x30mm"}]},{"@type":"WebSite","@id":"https:\/\/www.versiegelung24.com\/lt\/#website","url":"https:\/\/www.versiegelung24.com\/lt\/","name":"versiegelung24.com","description":"Fl\u00fcssigglas-Versiegelung - Made in Germany","publisher":{"@id":"https:\/\/www.versiegelung24.com\/lt\/#organization"},"potentialAction":[{"@type":"SearchAction","target":{"@type":"EntryPoint","urlTemplate":"https:\/\/www.versiegelung24.com\/lt\/?s={search_term_string}"},"query-input":{"@type":"PropertyValueSpecification","valueRequired":true,"valueName":"search_term_string"}}],"inLanguage":"lt-LT"},{"@type":"Organization","@id":"https:\/\/www.versiegelung24.com\/lt\/#organization","name":"versiegelung24","url":"https:\/\/www.versiegelung24.com\/lt\/","logo":{"@type":"ImageObject","inLanguage":"lt-LT","@id":"https:\/\/www.versiegelung24.com\/lt\/#\/schema\/logo\/image\/","url":"https:\/\/www.versiegelung24.com\/wp-content\/uploads\/2020\/04\/versiegelung24.png","contentUrl":"https:\/\/www.versiegelung24.com\/wp-content\/uploads\/2020\/04\/versiegelung24.png","width":470,"height":102,"caption":"versiegelung24"},"image":{"@id":"https:\/\/www.versiegelung24.com\/lt\/#\/schema\/logo\/image\/"}}]},"product_price_amount":"0.99","product_price_currency":"EUR","og_availability":"instock","product_availability":"instock","product_retailer_item_id":"V24-9020-1","product_condition":"new"},"_links":{"self":[{"href":"https:\/\/www.versiegelung24.com\/lt\/wp-json\/wp\/v2\/product\/145259","targetHints":{"allow":["GET"]}}],"collection":[{"href":"https:\/\/www.versiegelung24.com\/lt\/wp-json\/wp\/v2\/product"}],"about":[{"href":"https:\/\/www.versiegelung24.com\/lt\/wp-json\/wp\/v2\/types\/product"}],"version-history":[{"count":1,"href":"https:\/\/www.versiegelung24.com\/lt\/wp-json\/wp\/v2\/product\/145259\/revisions"}],"predecessor-version":[{"id":145263,"href":"https:\/\/www.versiegelung24.com\/lt\/wp-json\/wp\/v2\/product\/145259\/revisions\/145263"}],"wp:featuredmedia":[{"embeddable":true,"href":"https:\/\/www.versiegelung24.com\/lt\/wp-json\/wp\/v2\/media\/138040"}],"wp:attachment":[{"href":"https:\/\/www.versiegelung24.com\/lt\/wp-json\/wp\/v2\/media?parent=145259"}],"wp:term":[{"taxonomy":"product_brand","embeddable":true,"href":"https:\/\/www.versiegelung24.com\/lt\/wp-json\/wp\/v2\/product_brand?post=145259"},{"taxonomy":"product_cat","embeddable":true,"href":"https:\/\/www.versiegelung24.com\/lt\/wp-json\/wp\/v2\/product_cat?post=145259"},{"taxonomy":"product_tag","embeddable":true,"href":"https:\/\/www.versiegelung24.com\/lt\/wp-json\/wp\/v2\/product_tag?post=145259"}],"curies":[{"name":"wp","href":"https:\/\/api.w.org\/{rel}","templated":true}]}}